{"id":17767,"date":"2024-03-01T16:49:01","date_gmt":"2024-03-01T15:49:01","guid":{"rendered":"https:\/\/u15jnbdpoq.preview.infomaniak.website\/produit\/100-toalhas-de-2-camadas-38-x-38-cm-brancas\/"},"modified":"2026-05-13T02:18:13","modified_gmt":"2026-05-13T00:18:13","slug":"100-toalhas-de-2-camadas-38-x-38-cm-brancas","status":"publish","type":"product","link":"https:\/\/www.csj-emballages.com\/pt-pt\/produit\/100-toalhas-de-2-camadas-38-x-38-cm-brancas\/","title":{"rendered":"Toalha branca de 2 camadas 38 x 38 cm por 50"},"content":{"rendered":"<h2>Toalha branca<\/h2>\n<hr>\n<h3><span style=\"font-weight: bold;\">Descubra as nossas toalhas brancas de 2 camadas 38 x 38 cm, 50 unidades<\/span><\/h3>\n<p><!--more--><\/p>\n<div class=\"flex max-w-full flex-col flex-grow\">\n<div class=\"min-h-8 text-message flex w-full flex-col items-end gap-2 whitespace-normal break-words text-start [.text-message+&amp;]:mt-5\" dir=\"auto\" data-message-author-role=\"assistant\" data-message-id=\"9b149096-222c-4804-b25c-623d8d364029\" data-message-model-slug=\"gpt-4o-mini\">\n<div class=\"flex w-full flex-col gap-1 empty:hidden first:pt-[3px]\">\n<div class=\"markdown prose w-full break-words dark:prose-invert dark\">\n<p>A <strong>toalha branca de 2 camadas 38 x 38 cm por 50<\/strong> \u00e9 um produto de qualidade, muito pr\u00e1tico para v\u00e1rias ocasi\u00f5es. \u00c9 ideal para empresas, hot\u00e9is ou mesmo para uso dom\u00e9stico. Este pacote de <strong>50 toalhas<\/strong> \u00e9 pr\u00e1tico, atrativo e funcional.  <\/p>\n<p>&nbsp;<\/p>\n<p><!--more--><\/p>\n<p><strong>Uma toalha branca pr\u00e1tica e elegante<\/strong><\/p>\n<p>Este <strong>guardanapo branco<\/strong> destaca-se pela sua cor s\u00f3bria e requintada. <strong>O branco<\/strong> \u00e9 um tom neutro que confere um toque de eleg\u00e2ncia a qualquer mesa ou espa\u00e7o. O seu aspeto s\u00f3brio e chique \u00e9 perfeito para muitos tipos de eventos, quer sejam formais ou mais informais. Al\u00e9m disso, <strong>o<\/strong> tamanho de <strong>38 x 38<\/strong> cm <strong>do guardanapo<\/strong> facilita a dobragem e a disposi\u00e7\u00e3o de acordo com as suas prefer\u00eancias. Quer seja para um jantar, um evento de neg\u00f3cios ou uma rece\u00e7\u00e3o, este guardanapo \u00e9 adequado para todas as situa\u00e7\u00f5es.    <\/p>\n<p><strong>As toalhas brancas<\/strong> s\u00e3o igualmente concebidas para serem resistentes e absorventes. Gra\u00e7as \u00e0 sua estrutura <strong>de 2 camadas<\/strong>, oferecem uma boa resist\u00eancia, mantendo-se agrad\u00e1veis ao tato. Pode utiliz\u00e1-las para limpar as m\u00e3os, limpar derrames ou decorar a mesa. O tamanho de <strong>38 x 38<\/strong> cm \u00e9 ideal para o uso quotidiano, mas tamb\u00e9m pode ser utilizado em eventos especiais. A sua espessura e textura tornam-nas f\u00e1ceis de limpar sem risco de desgaste r\u00e1pido.    <\/p>\n<p>&nbsp;<\/p>\n<p><!--more--><\/p>\n<h4><strong>Um produto ecol\u00f3gico e econ\u00f3mico<\/strong><\/h4>\n<p>O pacote de <strong>50<\/strong> <strong>toalhas brancas<\/strong> \u00e9 uma escolha econ\u00f3mica. N\u00e3o s\u00f3 beneficia de um produto de qualidade, como tamb\u00e9m reduz a frequ\u00eancia de substitui\u00e7\u00e3o. Pode ter a certeza de que estas <strong>toalhas de 38 x 38<\/strong> cm resistir\u00e3o \u00e0 utiliza\u00e7\u00e3o frequente, mantendo o seu aspeto elegante. Al\u00e9m disso, s\u00e3o f\u00e1ceis de reciclar, o que as torna uma op\u00e7\u00e3o mais ecol\u00f3gica do que outros produtos descart\u00e1veis.   <\/p>\n<p>Optar por <strong>guardanapos brancos<\/strong> <strong>de 38 x 38 cm<\/strong> significa escolher um produto vers\u00e1til que satisfaz todas as suas necessidades. S\u00e3o ideais para refei\u00e7\u00f5es, mas tamb\u00e9m para eventos ao ar livre ou locais p\u00fablicos. Pode utiliz\u00e1-los para dar um toque de cor e de textura \u00e0s suas refei\u00e7\u00f5es ou eventos. A sua cor <strong>branca<\/strong> cria um ambiente chique e natural, seja qual for o local ou a ocasi\u00e3o.   <\/p>\n<p>Em suma, as <strong>toalhas brancas de 2 camadas de 38 x 38 cm por 50<\/strong> s\u00e3o uma excelente escolha para quem procura um produto funcional, elegante e econ\u00f3mico. O seu tamanho \u00e9 perfeito para todo o tipo de utiliza\u00e7\u00f5es e a sua cor confere um toque de requinte ao seu espa\u00e7o. Escolha estas <strong>toalhas de 38 x 38<\/strong> cm para combinar simplicidade e estilo, respeitando o seu or\u00e7amento e o ambiente.  <\/p>\n<\/div>\n<\/div>\n<\/div>\n<\/div>\n<p>&nbsp;<\/p>\n<p><!--more--><\/p>\n<h4>Vantagens :<\/h4>\n<ul>\n<li><strong>Eleg\u00e2ncia intemporal:<\/strong> <strong>O branco<\/strong> d\u00e1 um toque de requinte a qualquer mesa.<\/li>\n<li><strong>Tamanho ideal:<\/strong> Com <strong>38 x 38 cm<\/strong>, estas toalhas s\u00e3o ideais para uma vasta gama de utiliza\u00e7\u00f5es.<\/li>\n<li><strong>Resist\u00eancia extra:<\/strong> A conce\u00e7\u00e3o de 2 camadas garante resist\u00eancia e efici\u00eancia para uma utiliza\u00e7\u00e3o intensiva.<\/li>\n<li><strong>Textura agrad\u00e1vel:<\/strong> Suaves e absorventes, oferecem um conforto \u00f3timo.<\/li>\n<\/ul>\n<p>&nbsp;<\/p>\n<p><!--more--><\/p>\n<h4>Outras informa\u00e7\u00f5es :<\/h4>\n<ul>\n<li><strong>Embalagem<\/strong>: Pacote de 50<\/li>\n<li><strong>Cor<\/strong>: Branco<\/li>\n<li><strong>Dimens\u00f5es<\/strong>: 38 x 38 cm desdobrado<\/li>\n<li><strong>Material<\/strong>: Celulose<\/li>\n<\/ul>\n<p>&nbsp;<\/p>\n<p><!--more--><\/p>\n<p><a href=\"https:\/\/www.csj-emballages.com\/pt-pt\/categorie-produit\/embalagem-de-alimentos\/restauracao\/guardanapos-jogos-americanos-toalhas-de-mesa\/toalhas\/toalhas-de-2-camadas\/\">Ver o resto da nossa gama de toalhas de 2 camadas<\/a><\/p>\n","protected":false},"excerpt":{"rendered":"<p>Toalha branca Descubra as nossas toalhas brancas de 2 camadas 38 x 38 cm, 50 unidades<\/p>\n","protected":false},"featured_media":241142,"template":"","meta":{"_acf_changed":false},"product_brand":[],"product_cat":[1141,1138,1139,1278,1672],"product_tag":[],"class_list":{"0":"post-17767","1":"product","2":"type-product","3":"status-publish","4":"has-post-thumbnail","6":"product_cat-embalagem-de-alimentos","7":"product_cat-restauracao","8":"product_cat-guardanapos-jogos-americanos-toalhas-de-mesa","9":"product_cat-toalhas","10":"product_cat-toalhas-de-2-camadas","12":"first","13":"instock","14":"taxable","15":"shipping-taxable","16":"purchasable","17":"product-type-simple"},"acf":[],"yoast_head":"<!-- This site is optimized with the Yoast SEO Premium plugin v26.6 (Yoast SEO v26.6) - https:\/\/yoast.com\/wordpress\/plugins\/seo\/ -->\n<title>Toalha branca de celulose de 2 camadas - 38 x 38 cm<\/title>\n<meta name=\"description\" content=\"Descubra as toalhas brancas de 2 camadas 38 x 38 cm em embalagens de 50: elegantes, resistentes e vers\u00e1teis, ideais para todas as ocasi\u00f5es.\" \/>\n<meta name=\"robots\" content=\"index, follow, max-snippet:-1, max-image-preview:large, max-video-preview:-1\" \/>\n<link rel=\"canonical\" href=\"https:\/\/www.csj-emballages.com\/pt-pt\/produit\/100-toalhas-de-2-camadas-38-x-38-cm-brancas\/\" \/>\n<meta property=\"og:locale\" content=\"pt_PT\" \/>\n<meta property=\"og:type\" content=\"article\" \/>\n<meta property=\"og:title\" content=\"Toalha branca de 2 camadas 38 x 38 cm por 50\" \/>\n<meta property=\"og:description\" content=\"Descubra as toalhas brancas de 2 camadas 38 x 38 cm em embalagens de 50: elegantes, resistentes e vers\u00e1teis, ideais para todas as ocasi\u00f5es.\" \/>\n<meta property=\"og:url\" content=\"https:\/\/www.csj-emballages.com\/pt-pt\/produit\/100-toalhas-de-2-camadas-38-x-38-cm-brancas\/\" \/>\n<meta property=\"og:site_name\" content=\"CSJ Emballages\" \/>\n<meta property=\"article:publisher\" content=\"https:\/\/www.facebook.com\/csjemballages\" \/>\n<meta property=\"article:modified_time\" content=\"2026-05-13T00:18:13+00:00\" \/>\n<meta property=\"og:image\" content=\"https:\/\/www.csj-emballages.com\/wp-content\/uploads\/2024\/03\/SR38.webp\" \/>\n\t<meta property=\"og:image:width\" content=\"800\" \/>\n\t<meta property=\"og:image:height\" content=\"800\" \/>\n\t<meta property=\"og:image:type\" content=\"image\/webp\" \/>\n<meta name=\"twitter:card\" content=\"summary_large_image\" \/>\n<meta name=\"twitter:label1\" content=\"Tempo estimado de leitura\" \/>\n\t<meta name=\"twitter:data1\" content=\"3 minutos\" \/>\n<script type=\"application\/ld+json\" class=\"yoast-schema-graph\">{\"@context\":\"https:\/\/schema.org\",\"@graph\":[{\"@type\":\"WebPage\",\"@id\":\"https:\/\/www.csj-emballages.com\/pt-pt\/produit\/100-toalhas-de-2-camadas-38-x-38-cm-brancas\/\",\"url\":\"https:\/\/www.csj-emballages.com\/pt-pt\/produit\/100-toalhas-de-2-camadas-38-x-38-cm-brancas\/\",\"name\":\"Toalha branca de celulose de 2 camadas - 38 x 38 cm\",\"isPartOf\":{\"@id\":\"https:\/\/www.csj-emballages.com\/pt-pt\/#website\"},\"primaryImageOfPage\":{\"@id\":\"https:\/\/www.csj-emballages.com\/pt-pt\/produit\/100-toalhas-de-2-camadas-38-x-38-cm-brancas\/#primaryimage\"},\"image\":{\"@id\":\"https:\/\/www.csj-emballages.com\/pt-pt\/produit\/100-toalhas-de-2-camadas-38-x-38-cm-brancas\/#primaryimage\"},\"thumbnailUrl\":\"https:\/\/www.csj-emballages.com\/wp-content\/uploads\/2024\/03\/SR38.webp\",\"datePublished\":\"2024-03-01T15:49:01+00:00\",\"dateModified\":\"2026-05-13T00:18:13+00:00\",\"description\":\"Descubra as toalhas brancas de 2 camadas 38 x 38 cm em embalagens de 50: elegantes, resistentes e vers\u00e1teis, ideais para todas as ocasi\u00f5es.\",\"breadcrumb\":{\"@id\":\"https:\/\/www.csj-emballages.com\/pt-pt\/produit\/100-toalhas-de-2-camadas-38-x-38-cm-brancas\/#breadcrumb\"},\"inLanguage\":\"pt-PT\",\"potentialAction\":[{\"@type\":\"ReadAction\",\"target\":[\"https:\/\/www.csj-emballages.com\/pt-pt\/produit\/100-toalhas-de-2-camadas-38-x-38-cm-brancas\/\"]}]},{\"@type\":\"ImageObject\",\"inLanguage\":\"pt-PT\",\"@id\":\"https:\/\/www.csj-emballages.com\/pt-pt\/produit\/100-toalhas-de-2-camadas-38-x-38-cm-brancas\/#primaryimage\",\"url\":\"https:\/\/www.csj-emballages.com\/wp-content\/uploads\/2024\/03\/SR38.webp\",\"contentUrl\":\"https:\/\/www.csj-emballages.com\/wp-content\/uploads\/2024\/03\/SR38.webp\",\"width\":800,\"height\":800,\"caption\":\"Serviette blanche\"},{\"@type\":\"BreadcrumbList\",\"@id\":\"https:\/\/www.csj-emballages.com\/pt-pt\/produit\/100-toalhas-de-2-camadas-38-x-38-cm-brancas\/#breadcrumb\",\"itemListElement\":[{\"@type\":\"ListItem\",\"position\":1,\"name\":\"Acolhimento\",\"item\":\"https:\/\/www.csj-emballages.com\/pt-pt\/universo-das-embalagens-alimentares\/\"},{\"@type\":\"ListItem\",\"position\":2,\"name\":\"Shop\",\"item\":\"https:\/\/www.csj-emballages.com\/shop\/\"},{\"@type\":\"ListItem\",\"position\":3,\"name\":\"Toalha branca de 2 camadas 38 x 38 cm por 50\"}]},{\"@type\":\"WebSite\",\"@id\":\"https:\/\/www.csj-emballages.com\/pt-pt\/#website\",\"url\":\"https:\/\/www.csj-emballages.com\/pt-pt\/\",\"name\":\"CSJ Emballages\",\"description\":\"\",\"publisher\":{\"@id\":\"https:\/\/www.csj-emballages.com\/pt-pt\/#organization\"},\"potentialAction\":[{\"@type\":\"SearchAction\",\"target\":{\"@type\":\"EntryPoint\",\"urlTemplate\":\"https:\/\/www.csj-emballages.com\/pt-pt\/?s={search_term_string}\"},\"query-input\":{\"@type\":\"PropertyValueSpecification\",\"valueRequired\":true,\"valueName\":\"search_term_string\"}}],\"inLanguage\":\"pt-PT\"},{\"@type\":\"Organization\",\"@id\":\"https:\/\/www.csj-emballages.com\/pt-pt\/#Organization\/\",\"name\":\"CSJ Emballages\",\"url\":\"https:\/\/www.csj-emballages.com\/pt-pt\/\",\"logo\":{\"@type\":\"ImageObject\",\"inLanguage\":\"pt-PT\",\"@id\":\"https:\/\/www.csj-emballages.com\/pt-pt\/#\/schema\/logo\/image\/\",\"url\":\"https:\/\/www.csj-emballages.com\/wp-content\/uploads\/2023\/10\/logo_csj.webp\",\"contentUrl\":\"https:\/\/www.csj-emballages.com\/wp-content\/uploads\/2023\/10\/logo_csj.webp\",\"width\":250,\"height\":95,\"caption\":\"CSJ Emballages\"},\"image\":{\"@id\":\"https:\/\/www.csj-emballages.com\/pt-pt\/#\/schema\/logo\/image\/\"},\"sameAs\":[\"https:\/\/www.facebook.com\/csjemballages\"],\"address\":{\"@type\":\"PostalAddress\",\"streetAddress\":\"ZI La Lechere\",\"addressLocality\":\"Patornay\",\"postalCode\":\"39130\",\"addressCountry\":\"FR\"},\"contactPoint\":[{\"@type\":\"ContactPoint\",\"contactType\":\"Service client\",\"telephone\":\"0384254272\",\"email\":\"contact@csj-emballages.com\"}]}]}<\/script>\n<!-- \/ Yoast SEO Premium plugin. -->","yoast_head_json":{"title":"Toalha branca de celulose de 2 camadas - 38 x 38 cm","description":"Descubra as toalhas brancas de 2 camadas 38 x 38 cm em embalagens de 50: elegantes, resistentes e vers\u00e1teis, ideais para todas as ocasi\u00f5es.","robots":{"index":"index","follow":"follow","max-snippet":"max-snippet:-1","max-image-preview":"max-image-preview:large","max-video-preview":"max-video-preview:-1"},"canonical":"https:\/\/www.csj-emballages.com\/pt-pt\/produit\/100-toalhas-de-2-camadas-38-x-38-cm-brancas\/","og_locale":"pt_PT","og_type":"article","og_title":"Toalha branca de 2 camadas 38 x 38 cm por 50","og_description":"Descubra as toalhas brancas de 2 camadas 38 x 38 cm em embalagens de 50: elegantes, resistentes e vers\u00e1teis, ideais para todas as ocasi\u00f5es.","og_url":"https:\/\/www.csj-emballages.com\/pt-pt\/produit\/100-toalhas-de-2-camadas-38-x-38-cm-brancas\/","og_site_name":"CSJ Emballages","article_publisher":"https:\/\/www.facebook.com\/csjemballages","article_modified_time":"2026-05-13T00:18:13+00:00","og_image":[{"width":800,"height":800,"url":"https:\/\/www.csj-emballages.com\/wp-content\/uploads\/2024\/03\/SR38.webp","type":"image\/webp"}],"twitter_card":"summary_large_image","twitter_misc":{"Tempo estimado de leitura":"3 minutos"},"schema":{"@context":"https:\/\/schema.org","@graph":[{"@type":"WebPage","@id":"https:\/\/www.csj-emballages.com\/pt-pt\/produit\/100-toalhas-de-2-camadas-38-x-38-cm-brancas\/","url":"https:\/\/www.csj-emballages.com\/pt-pt\/produit\/100-toalhas-de-2-camadas-38-x-38-cm-brancas\/","name":"Toalha branca de celulose de 2 camadas - 38 x 38 cm","isPartOf":{"@id":"https:\/\/www.csj-emballages.com\/pt-pt\/#website"},"primaryImageOfPage":{"@id":"https:\/\/www.csj-emballages.com\/pt-pt\/produit\/100-toalhas-de-2-camadas-38-x-38-cm-brancas\/#primaryimage"},"image":{"@id":"https:\/\/www.csj-emballages.com\/pt-pt\/produit\/100-toalhas-de-2-camadas-38-x-38-cm-brancas\/#primaryimage"},"thumbnailUrl":"https:\/\/www.csj-emballages.com\/wp-content\/uploads\/2024\/03\/SR38.webp","datePublished":"2024-03-01T15:49:01+00:00","dateModified":"2026-05-13T00:18:13+00:00","description":"Descubra as toalhas brancas de 2 camadas 38 x 38 cm em embalagens de 50: elegantes, resistentes e vers\u00e1teis, ideais para todas as ocasi\u00f5es.","breadcrumb":{"@id":"https:\/\/www.csj-emballages.com\/pt-pt\/produit\/100-toalhas-de-2-camadas-38-x-38-cm-brancas\/#breadcrumb"},"inLanguage":"pt-PT","potentialAction":[{"@type":"ReadAction","target":["https:\/\/www.csj-emballages.com\/pt-pt\/produit\/100-toalhas-de-2-camadas-38-x-38-cm-brancas\/"]}]},{"@type":"ImageObject","inLanguage":"pt-PT","@id":"https:\/\/www.csj-emballages.com\/pt-pt\/produit\/100-toalhas-de-2-camadas-38-x-38-cm-brancas\/#primaryimage","url":"https:\/\/www.csj-emballages.com\/wp-content\/uploads\/2024\/03\/SR38.webp","contentUrl":"https:\/\/www.csj-emballages.com\/wp-content\/uploads\/2024\/03\/SR38.webp","width":800,"height":800,"caption":"Serviette blanche"},{"@type":"BreadcrumbList","@id":"https:\/\/www.csj-emballages.com\/pt-pt\/produit\/100-toalhas-de-2-camadas-38-x-38-cm-brancas\/#breadcrumb","itemListElement":[{"@type":"ListItem","position":1,"name":"Acolhimento","item":"https:\/\/www.csj-emballages.com\/pt-pt\/universo-das-embalagens-alimentares\/"},{"@type":"ListItem","position":2,"name":"Shop","item":"https:\/\/www.csj-emballages.com\/shop\/"},{"@type":"ListItem","position":3,"name":"Toalha branca de 2 camadas 38 x 38 cm por 50"}]},{"@type":"WebSite","@id":"https:\/\/www.csj-emballages.com\/pt-pt\/#website","url":"https:\/\/www.csj-emballages.com\/pt-pt\/","name":"CSJ Emballages","description":"","publisher":{"@id":"https:\/\/www.csj-emballages.com\/pt-pt\/#organization"},"potentialAction":[{"@type":"SearchAction","target":{"@type":"EntryPoint","urlTemplate":"https:\/\/www.csj-emballages.com\/pt-pt\/?s={search_term_string}"},"query-input":{"@type":"PropertyValueSpecification","valueRequired":true,"valueName":"search_term_string"}}],"inLanguage":"pt-PT"},{"@type":"Organization","@id":"https:\/\/www.csj-emballages.com\/pt-pt\/#Organization\/","name":"CSJ Emballages","url":"https:\/\/www.csj-emballages.com\/pt-pt\/","logo":{"@type":"ImageObject","inLanguage":"pt-PT","@id":"https:\/\/www.csj-emballages.com\/pt-pt\/#\/schema\/logo\/image\/","url":"https:\/\/www.csj-emballages.com\/wp-content\/uploads\/2023\/10\/logo_csj.webp","contentUrl":"https:\/\/www.csj-emballages.com\/wp-content\/uploads\/2023\/10\/logo_csj.webp","width":250,"height":95,"caption":"CSJ Emballages"},"image":{"@id":"https:\/\/www.csj-emballages.com\/pt-pt\/#\/schema\/logo\/image\/"},"sameAs":["https:\/\/www.facebook.com\/csjemballages"],"address":{"@type":"PostalAddress","streetAddress":"ZI La Lechere","addressLocality":"Patornay","postalCode":"39130","addressCountry":"FR"},"contactPoint":[{"@type":"ContactPoint","contactType":"Service client","telephone":"0384254272","email":"contact@csj-emballages.com"}]}]}},"df_price":1.49,"df_sale_price":"","df_regular_price":1.49,"df_image_link":"https:\/\/www.csj-emballages.com\/wp-content\/uploads\/2024\/03\/SR38-300x300.webp","tiered_pricing_type":"fixed","tiered_pricing_fixed_rules":[],"tiered_pricing_percentage_rules":[],"tiered_pricing_minimum":1,"tiered_pricing_roles_data":[],"_links":{"self":[{"href":"https:\/\/www.csj-emballages.com\/pt-pt\/wp-json\/wp\/v2\/product\/17767","targetHints":{"allow":["GET"]}}],"collection":[{"href":"https:\/\/www.csj-emballages.com\/pt-pt\/wp-json\/wp\/v2\/product"}],"about":[{"href":"https:\/\/www.csj-emballages.com\/pt-pt\/wp-json\/wp\/v2\/types\/product"}],"wp:featuredmedia":[{"embeddable":true,"href":"https:\/\/www.csj-emballages.com\/pt-pt\/wp-json\/wp\/v2\/media\/241142"}],"wp:attachment":[{"href":"https:\/\/www.csj-emballages.com\/pt-pt\/wp-json\/wp\/v2\/media?parent=17767"}],"wp:term":[{"taxonomy":"product_brand","embeddable":true,"href":"https:\/\/www.csj-emballages.com\/pt-pt\/wp-json\/wp\/v2\/product_brand?post=17767"},{"taxonomy":"product_cat","embeddable":true,"href":"https:\/\/www.csj-emballages.com\/pt-pt\/wp-json\/wp\/v2\/product_cat?post=17767"},{"taxonomy":"product_tag","embeddable":true,"href":"https:\/\/www.csj-emballages.com\/pt-pt\/wp-json\/wp\/v2\/product_tag?post=17767"}],"curies":[{"name":"wp","href":"https:\/\/api.w.org\/{rel}","templated":true}]}}