{"id":17723,"date":"2024-03-01T16:49:04","date_gmt":"2024-03-01T15:49:04","guid":{"rendered":"https:\/\/u15jnbdpoq.preview.infomaniak.website\/produit\/100-sacos-de-confeitaria-com-base-de-cartao-perola-100-x-220-mm\/"},"modified":"2026-03-12T16:42:30","modified_gmt":"2026-03-12T15:42:30","slug":"100-sacos-de-confeitaria-com-base-de-cartao-perola-100-x-220-mm","status":"publish","type":"product","link":"https:\/\/www.csj-emballages.com\/pt-pt\/produit\/100-sacos-de-confeitaria-com-base-de-cartao-perola-100-x-220-mm\/","title":{"rendered":"Saco de confeitarias Pearl 100 x 220 mm por 100"},"content":{"rendered":"<h2 class=\"p1\">Saco de confeitarias<\/h2>\n<hr>\n<h3>Descri\u00e7\u00e3o do nosso saco de confeitarias Pearl 100 x 220 mm por 100<\/h3>\n<p><!--more--><\/p>\n<p data-start=\"0\" data-end=\"598\">D\u00ea um toque de <strong data-start=\"60\" data-end=\"83\">indulg\u00eancia festiva<\/strong> \u00e0s suas apresenta\u00e7\u00f5es com o saco de <strong data-start=\"112\" data-end=\"153\">confeitaria Perle 100 x 220 mm<\/strong>, vendido em embalagens de <strong>100<\/strong>. O seu <strong data-start=\"180\" data-end=\"206\">motivo alegre e colorido<\/strong> chama imediatamente a aten\u00e7\u00e3o e \u00e9 uma excelente forma de mostrar as suas cria\u00e7\u00f5es doces. Gra\u00e7as \u00e0 sua <strong data-start=\"291\" data-end=\"305\">base moldada<\/strong>, este <strong>saco de confeitarias<\/strong> garante <strong data-start=\"328\" data-end=\"350\">uma estabilidade perfeita<\/strong>, ideal para expor os seus <strong data-start=\"376\" data-end=\"388\">biscoitos<\/strong>, <strong data-start=\"390\" data-end=\"403\" data-is-only-node=\"\">chocolates<\/strong>, <strong data-start=\"405\" data-end=\"416\">am\u00eandoas a\u00e7ucaradas<\/strong>, <strong data-start=\"418\" data-end=\"429\">torr\u00f5es<\/strong> ou pastelaria delicada. N\u00e3o \u00e9 necess\u00e1rio um suporte adicional: a base r\u00edgida mant\u00e9m o saco na vertical, para uma exposi\u00e7\u00e3o impec\u00e1vel nas prateleiras ou para embrulhar presentes.   <\/p>\n<p data-start=\"600\" data-end=\"1050\">Outra grande vantagem \u00e9 o facto de a base ser feita de <strong data-start=\"657\" data-end=\"674\">polipropileno<\/strong> em vez de cart\u00e3o. Esta escolha inteligente torna a embalagem <strong data-start=\"708\" data-end=\"724\">monomaterial<\/strong> e, por conseguinte, <strong data-start=\"731\" data-end=\"751\">100% recicl\u00e1vel<\/strong>. Com um \u00fanico gesto, cumpre os <strong data-start=\"789\" data-end=\"812\">requisitos da AGEC 2025<\/strong> e demonstra o seu empenho em embalagens <strong data-start=\"861\" data-end=\"875\">ecol\u00f3gicas<\/strong> que respeitam o <strong data-start=\"894\" data-end=\"921\">ambiente<\/strong>. Al\u00e9m disso, cada <strong>saco de pl\u00e1stico<\/strong> \u00e9 <strong data-start=\"950\" data-end=\"981\">adequado para contacto com alimentos<\/strong>, garantindo uma conserva\u00e7\u00e3o segura e higi\u00e9nica dos seus doces.   <\/p>\n<p data-start=\"1052\" data-end=\"1469\">Concebido a pensar nos profissionais, este pr\u00e1tico formato de <strong data-start=\"1105\" data-end=\"1121\">100 x 220 mm<\/strong> \u00e9 ideal para os <strong data-start=\"1146\" data-end=\"1161\">fabricantes de bolachas<\/strong>, <strong data-start=\"1163\" data-end=\"1179\">chocolates<\/strong>, <strong data-start=\"1181\" data-end=\"1195\">confeiteiros<\/strong>, <strong data-start=\"1197\" data-end=\"1211\">drageias<\/strong> e <strong data-start=\"1213\" data-end=\"1227\">torr\u00f5es<\/strong>, bem como para <strong data-start=\"1253\" data-end=\"1268\">os pasteleiros<\/strong> e <strong data-start=\"1253\" data-end=\"1268\">bolachas<\/strong>. A sua transpar\u00eancia, ligeiramente animada por p\u00e9rolas coloridas, real\u00e7a a textura e as cores dos seus produtos de pastelaria, ao mesmo tempo que oferece uma apresenta\u00e7\u00e3o elegante que conquistar\u00e1 os seus clientes \u00e0 primeira vista. <\/p>\n<p data-start=\"1471\" data-end=\"1836\">Em suma, este <strong data-start=\"1485\" data-end=\"1513\">saco de confe\u00e7\u00e3o Perle<\/strong> \u00e9 a combina\u00e7\u00e3o perfeita de <strong data-start=\"1548\" data-end=\"1562\">est\u00e9tica<\/strong>, <strong data-start=\"1564\" data-end=\"1577\">praticidade<\/strong> e <strong data-start=\"1581\" data-end=\"1595\">durabilidade<\/strong>. \u00c9 perfeito tanto para a venda em loja como para eventos festivos como casamentos, anivers\u00e1rios e festas de fim de ano. D\u00ea \u00e0s suas cria\u00e7\u00f5es um estojo <strong data-start=\"1770\" data-end=\"1783\">atrativo<\/strong>, <strong data-start=\"1785\" data-end=\"1795\">resistente<\/strong> e <strong data-start=\"1799\" data-end=\"1833\">amigo do ambiente<\/strong>.  <\/p>\n<p data-start=\"1367\" data-end=\"1669\"><!--more--><\/p>\n<h4 data-start=\"1367\" data-end=\"1669\">Vantagens :<\/h4>\n<ul>\n<li data-start=\"1367\" data-end=\"1669\">Um <strong data-start=\"2048\" data-end=\"2074\">padr\u00e3o alegre e colorido<\/strong> que chama a aten\u00e7\u00e3o e real\u00e7a as suas cria\u00e7\u00f5es.<\/li>\n<li data-start=\"1367\" data-end=\"1669\"><strong data-start=\"2122\" data-end=\"2143\">Base r\u00edgida moldada<\/strong> para uma estabilidade \u00f3ptima sem apoio.<\/li>\n<li data-start=\"1367\" data-end=\"1669\"><strong data-start=\"2190\" data-end=\"2223\">Polipropileno monomaterial<\/strong>, totalmente recicl\u00e1vel e em conformidade com a diretiva <strong data-start=\"2260\" data-end=\"2273\">AGEC 2025<\/strong>.<\/li>\n<li data-start=\"1367\" data-end=\"1669\"><strong data-start=\"2279\" data-end=\"2310\">Contacto alimentar garantido<\/strong>, ideal para chocolatiers, pasteleiros e patissiers.<\/li>\n<li data-start=\"1367\" data-end=\"1669\">Formato pr\u00e1tico em <strong data-start=\"2386\" data-end=\"2400\">embalagens de 100<\/strong> para uso profissional.<\/li>\n<\/ul>\n<p>&nbsp;<\/p>\n<p><!--more--><\/p>\n<h4>Outras informa\u00e7\u00f5es :<\/h4>\n<ul>\n<li><strong>Embalagem<\/strong>: Pacote de 100<\/li>\n<li><strong>Dimens\u00f5es<\/strong>: 100 x 220 mm<\/li>\n<li><strong>Cor<\/strong>: Transparente \/ Colorido<\/li>\n<li><strong>Material<\/strong>: OPP<\/li>\n<li><strong>Espessura<\/strong>: 35 microns<\/li>\n<\/ul>\n<p>&nbsp;<\/p>\n<p><!--more--><\/p>\n<p>Este saco de pl\u00e1stico est\u00e1 dispon\u00edvel num tamanho maior: <span style=\"color: #d12727;\"><a style=\"color: #d12727;\" href=\"https:\/\/www.csj-emballages.com\/pt-pt\/produit\/100-sacos-de-confeitaria-com-base-de-cartao-perola-120-x-275-mm\/\">120 x 275 mm<\/a><\/span><\/p>\n<p>&nbsp;<\/p>\n<p><!--more--><\/p>\n<p><a href=\"https:\/\/www.csj-emballages.com\/pt-pt\/categorie-produit\/embalagem-de-alimentos\/padaria-e-pastelaria\/sacos-saquetas-e-papel\/sacos-de-confeitaria\/sacos-tematicos\/sacos-classicos\/\">Ver o resto da nossa gama de sacos de confeitaria cl\u00e1ssicos<\/a><\/p>\n","protected":false},"excerpt":{"rendered":"<p>Saco de confeitarias Descri\u00e7\u00e3o do nosso saco de confeitarias Pearl 100 x 220 mm por 100<\/p>\n","protected":false},"featured_media":243537,"template":"","meta":{"_acf_changed":false},"product_brand":[],"product_cat":[1141,1177,1655,1666,1659,1664],"product_tag":[],"class_list":{"0":"post-17723","1":"product","2":"type-product","3":"status-publish","4":"has-post-thumbnail","6":"product_cat-embalagem-de-alimentos","7":"product_cat-padaria-e-pastelaria","8":"product_cat-sacos-de-confeitaria","9":"product_cat-sacos-tematicos","10":"product_cat-sacos-classicos","11":"product_cat-sacos-de-pascoa","13":"first","14":"instock","15":"taxable","16":"shipping-taxable","17":"purchasable","18":"product-type-simple"},"acf":[],"yoast_head":"<!-- This site is optimized with the Yoast SEO Premium plugin v26.6 (Yoast SEO v26.6) - https:\/\/yoast.com\/wordpress\/plugins\/seo\/ -->\n<title>Saco de confeitarias Pearl 100 x 220 mm por 100<\/title>\n<meta name=\"description\" content=\"Saco de confeitarias Pearl 100 x 220 mm: base r\u00edgida, design colorido, 100% recicl\u00e1vel, ideal para chocolates, biscoitos e am\u00eandoas a\u00e7ucaradas.\" \/>\n<meta name=\"robots\" content=\"index, follow, max-snippet:-1, max-image-preview:large, max-video-preview:-1\" \/>\n<link rel=\"canonical\" href=\"https:\/\/www.csj-emballages.com\/pt-pt\/produit\/100-sacos-de-confeitaria-com-base-de-cartao-perola-100-x-220-mm\/\" \/>\n<meta property=\"og:locale\" content=\"pt_PT\" \/>\n<meta property=\"og:type\" content=\"article\" \/>\n<meta property=\"og:title\" content=\"Saco de confeitarias Pearl 100 x 220 mm por 100\" \/>\n<meta property=\"og:description\" content=\"Saco de confeitarias Pearl 100 x 220 mm: base r\u00edgida, design colorido, 100% recicl\u00e1vel, ideal para chocolates, biscoitos e am\u00eandoas a\u00e7ucaradas.\" \/>\n<meta property=\"og:url\" content=\"https:\/\/www.csj-emballages.com\/pt-pt\/produit\/100-sacos-de-confeitaria-com-base-de-cartao-perola-100-x-220-mm\/\" \/>\n<meta property=\"og:site_name\" content=\"CSJ Emballages\" \/>\n<meta property=\"article:publisher\" content=\"https:\/\/www.facebook.com\/csjemballages\" \/>\n<meta property=\"article:modified_time\" content=\"2026-03-12T15:42:30+00:00\" \/>\n<meta property=\"og:image\" content=\"https:\/\/www.csj-emballages.com\/wp-content\/uploads\/2024\/03\/Sachet-confiseries.webp\" \/>\n\t<meta property=\"og:image:width\" content=\"800\" \/>\n\t<meta property=\"og:image:height\" content=\"800\" \/>\n\t<meta property=\"og:image:type\" content=\"image\/webp\" \/>\n<meta name=\"twitter:card\" content=\"summary_large_image\" \/>\n<meta name=\"twitter:label1\" content=\"Tempo estimado de leitura\" \/>\n\t<meta name=\"twitter:data1\" content=\"2 minutos\" \/>\n<script type=\"application\/ld+json\" class=\"yoast-schema-graph\">{\"@context\":\"https:\/\/schema.org\",\"@graph\":[{\"@type\":\"WebPage\",\"@id\":\"https:\/\/www.csj-emballages.com\/pt-pt\/produit\/100-sacos-de-confeitaria-com-base-de-cartao-perola-100-x-220-mm\/\",\"url\":\"https:\/\/www.csj-emballages.com\/pt-pt\/produit\/100-sacos-de-confeitaria-com-base-de-cartao-perola-100-x-220-mm\/\",\"name\":\"Saco de confeitarias Pearl 100 x 220 mm por 100\",\"isPartOf\":{\"@id\":\"https:\/\/www.csj-emballages.com\/pt-pt\/#website\"},\"primaryImageOfPage\":{\"@id\":\"https:\/\/www.csj-emballages.com\/pt-pt\/produit\/100-sacos-de-confeitaria-com-base-de-cartao-perola-100-x-220-mm\/#primaryimage\"},\"image\":{\"@id\":\"https:\/\/www.csj-emballages.com\/pt-pt\/produit\/100-sacos-de-confeitaria-com-base-de-cartao-perola-100-x-220-mm\/#primaryimage\"},\"thumbnailUrl\":\"https:\/\/www.csj-emballages.com\/wp-content\/uploads\/2024\/03\/Sachet-confiseries.webp\",\"datePublished\":\"2024-03-01T15:49:04+00:00\",\"dateModified\":\"2026-03-12T15:42:30+00:00\",\"description\":\"Saco de confeitarias Pearl 100 x 220 mm: base r\u00edgida, design colorido, 100% recicl\u00e1vel, ideal para chocolates, biscoitos e am\u00eandoas a\u00e7ucaradas.\",\"breadcrumb\":{\"@id\":\"https:\/\/www.csj-emballages.com\/pt-pt\/produit\/100-sacos-de-confeitaria-com-base-de-cartao-perola-100-x-220-mm\/#breadcrumb\"},\"inLanguage\":\"pt-PT\",\"potentialAction\":[{\"@type\":\"ReadAction\",\"target\":[\"https:\/\/www.csj-emballages.com\/pt-pt\/produit\/100-sacos-de-confeitaria-com-base-de-cartao-perola-100-x-220-mm\/\"]}]},{\"@type\":\"ImageObject\",\"inLanguage\":\"pt-PT\",\"@id\":\"https:\/\/www.csj-emballages.com\/pt-pt\/produit\/100-sacos-de-confeitaria-com-base-de-cartao-perola-100-x-220-mm\/#primaryimage\",\"url\":\"https:\/\/www.csj-emballages.com\/wp-content\/uploads\/2024\/03\/Sachet-confiseries.webp\",\"contentUrl\":\"https:\/\/www.csj-emballages.com\/wp-content\/uploads\/2024\/03\/Sachet-confiseries.webp\",\"width\":800,\"height\":800,\"caption\":\"Sachet confiseries\"},{\"@type\":\"BreadcrumbList\",\"@id\":\"https:\/\/www.csj-emballages.com\/pt-pt\/produit\/100-sacos-de-confeitaria-com-base-de-cartao-perola-100-x-220-mm\/#breadcrumb\",\"itemListElement\":[{\"@type\":\"ListItem\",\"position\":1,\"name\":\"Acolhimento\",\"item\":\"https:\/\/www.csj-emballages.com\/pt-pt\/universo-das-embalagens-alimentares\/\"},{\"@type\":\"ListItem\",\"position\":2,\"name\":\"Shop\",\"item\":\"https:\/\/www.csj-emballages.com\/shop\/\"},{\"@type\":\"ListItem\",\"position\":3,\"name\":\"Saco de confeitarias Pearl 100 x 220 mm por 100\"}]},{\"@type\":\"WebSite\",\"@id\":\"https:\/\/www.csj-emballages.com\/pt-pt\/#website\",\"url\":\"https:\/\/www.csj-emballages.com\/pt-pt\/\",\"name\":\"CSJ Emballages\",\"description\":\"\",\"publisher\":{\"@id\":\"https:\/\/www.csj-emballages.com\/pt-pt\/#organization\"},\"potentialAction\":[{\"@type\":\"SearchAction\",\"target\":{\"@type\":\"EntryPoint\",\"urlTemplate\":\"https:\/\/www.csj-emballages.com\/pt-pt\/?s={search_term_string}\"},\"query-input\":{\"@type\":\"PropertyValueSpecification\",\"valueRequired\":true,\"valueName\":\"search_term_string\"}}],\"inLanguage\":\"pt-PT\"},{\"@type\":\"Organization\",\"@id\":\"https:\/\/www.csj-emballages.com\/pt-pt\/#Organization\/\",\"name\":\"CSJ Emballages\",\"url\":\"https:\/\/www.csj-emballages.com\/pt-pt\/\",\"logo\":{\"@type\":\"ImageObject\",\"inLanguage\":\"pt-PT\",\"@id\":\"https:\/\/www.csj-emballages.com\/pt-pt\/#\/schema\/logo\/image\/\",\"url\":\"https:\/\/www.csj-emballages.com\/wp-content\/uploads\/2023\/10\/logo_csj.webp\",\"contentUrl\":\"https:\/\/www.csj-emballages.com\/wp-content\/uploads\/2023\/10\/logo_csj.webp\",\"width\":250,\"height\":95,\"caption\":\"CSJ Emballages\"},\"image\":{\"@id\":\"https:\/\/www.csj-emballages.com\/pt-pt\/#\/schema\/logo\/image\/\"},\"sameAs\":[\"https:\/\/www.facebook.com\/csjemballages\"],\"address\":{\"@type\":\"PostalAddress\",\"streetAddress\":\"ZI La Lechere\",\"addressLocality\":\"Patornay\",\"postalCode\":\"39130\",\"addressCountry\":\"FR\"},\"contactPoint\":[{\"@type\":\"ContactPoint\",\"contactType\":\"Service client\",\"telephone\":\"0384254272\",\"email\":\"contact@csj-emballages.com\"}]}]}<\/script>\n<!-- \/ Yoast SEO Premium plugin. -->","yoast_head_json":{"title":"Saco de confeitarias Pearl 100 x 220 mm por 100","description":"Saco de confeitarias Pearl 100 x 220 mm: base r\u00edgida, design colorido, 100% recicl\u00e1vel, ideal para chocolates, biscoitos e am\u00eandoas a\u00e7ucaradas.","robots":{"index":"index","follow":"follow","max-snippet":"max-snippet:-1","max-image-preview":"max-image-preview:large","max-video-preview":"max-video-preview:-1"},"canonical":"https:\/\/www.csj-emballages.com\/pt-pt\/produit\/100-sacos-de-confeitaria-com-base-de-cartao-perola-100-x-220-mm\/","og_locale":"pt_PT","og_type":"article","og_title":"Saco de confeitarias Pearl 100 x 220 mm por 100","og_description":"Saco de confeitarias Pearl 100 x 220 mm: base r\u00edgida, design colorido, 100% recicl\u00e1vel, ideal para chocolates, biscoitos e am\u00eandoas a\u00e7ucaradas.","og_url":"https:\/\/www.csj-emballages.com\/pt-pt\/produit\/100-sacos-de-confeitaria-com-base-de-cartao-perola-100-x-220-mm\/","og_site_name":"CSJ Emballages","article_publisher":"https:\/\/www.facebook.com\/csjemballages","article_modified_time":"2026-03-12T15:42:30+00:00","og_image":[{"width":800,"height":800,"url":"https:\/\/www.csj-emballages.com\/wp-content\/uploads\/2024\/03\/Sachet-confiseries.webp","type":"image\/webp"}],"twitter_card":"summary_large_image","twitter_misc":{"Tempo estimado de leitura":"2 minutos"},"schema":{"@context":"https:\/\/schema.org","@graph":[{"@type":"WebPage","@id":"https:\/\/www.csj-emballages.com\/pt-pt\/produit\/100-sacos-de-confeitaria-com-base-de-cartao-perola-100-x-220-mm\/","url":"https:\/\/www.csj-emballages.com\/pt-pt\/produit\/100-sacos-de-confeitaria-com-base-de-cartao-perola-100-x-220-mm\/","name":"Saco de confeitarias Pearl 100 x 220 mm por 100","isPartOf":{"@id":"https:\/\/www.csj-emballages.com\/pt-pt\/#website"},"primaryImageOfPage":{"@id":"https:\/\/www.csj-emballages.com\/pt-pt\/produit\/100-sacos-de-confeitaria-com-base-de-cartao-perola-100-x-220-mm\/#primaryimage"},"image":{"@id":"https:\/\/www.csj-emballages.com\/pt-pt\/produit\/100-sacos-de-confeitaria-com-base-de-cartao-perola-100-x-220-mm\/#primaryimage"},"thumbnailUrl":"https:\/\/www.csj-emballages.com\/wp-content\/uploads\/2024\/03\/Sachet-confiseries.webp","datePublished":"2024-03-01T15:49:04+00:00","dateModified":"2026-03-12T15:42:30+00:00","description":"Saco de confeitarias Pearl 100 x 220 mm: base r\u00edgida, design colorido, 100% recicl\u00e1vel, ideal para chocolates, biscoitos e am\u00eandoas a\u00e7ucaradas.","breadcrumb":{"@id":"https:\/\/www.csj-emballages.com\/pt-pt\/produit\/100-sacos-de-confeitaria-com-base-de-cartao-perola-100-x-220-mm\/#breadcrumb"},"inLanguage":"pt-PT","potentialAction":[{"@type":"ReadAction","target":["https:\/\/www.csj-emballages.com\/pt-pt\/produit\/100-sacos-de-confeitaria-com-base-de-cartao-perola-100-x-220-mm\/"]}]},{"@type":"ImageObject","inLanguage":"pt-PT","@id":"https:\/\/www.csj-emballages.com\/pt-pt\/produit\/100-sacos-de-confeitaria-com-base-de-cartao-perola-100-x-220-mm\/#primaryimage","url":"https:\/\/www.csj-emballages.com\/wp-content\/uploads\/2024\/03\/Sachet-confiseries.webp","contentUrl":"https:\/\/www.csj-emballages.com\/wp-content\/uploads\/2024\/03\/Sachet-confiseries.webp","width":800,"height":800,"caption":"Sachet confiseries"},{"@type":"BreadcrumbList","@id":"https:\/\/www.csj-emballages.com\/pt-pt\/produit\/100-sacos-de-confeitaria-com-base-de-cartao-perola-100-x-220-mm\/#breadcrumb","itemListElement":[{"@type":"ListItem","position":1,"name":"Acolhimento","item":"https:\/\/www.csj-emballages.com\/pt-pt\/universo-das-embalagens-alimentares\/"},{"@type":"ListItem","position":2,"name":"Shop","item":"https:\/\/www.csj-emballages.com\/shop\/"},{"@type":"ListItem","position":3,"name":"Saco de confeitarias Pearl 100 x 220 mm por 100"}]},{"@type":"WebSite","@id":"https:\/\/www.csj-emballages.com\/pt-pt\/#website","url":"https:\/\/www.csj-emballages.com\/pt-pt\/","name":"CSJ Emballages","description":"","publisher":{"@id":"https:\/\/www.csj-emballages.com\/pt-pt\/#organization"},"potentialAction":[{"@type":"SearchAction","target":{"@type":"EntryPoint","urlTemplate":"https:\/\/www.csj-emballages.com\/pt-pt\/?s={search_term_string}"},"query-input":{"@type":"PropertyValueSpecification","valueRequired":true,"valueName":"search_term_string"}}],"inLanguage":"pt-PT"},{"@type":"Organization","@id":"https:\/\/www.csj-emballages.com\/pt-pt\/#Organization\/","name":"CSJ Emballages","url":"https:\/\/www.csj-emballages.com\/pt-pt\/","logo":{"@type":"ImageObject","inLanguage":"pt-PT","@id":"https:\/\/www.csj-emballages.com\/pt-pt\/#\/schema\/logo\/image\/","url":"https:\/\/www.csj-emballages.com\/wp-content\/uploads\/2023\/10\/logo_csj.webp","contentUrl":"https:\/\/www.csj-emballages.com\/wp-content\/uploads\/2023\/10\/logo_csj.webp","width":250,"height":95,"caption":"CSJ Emballages"},"image":{"@id":"https:\/\/www.csj-emballages.com\/pt-pt\/#\/schema\/logo\/image\/"},"sameAs":["https:\/\/www.facebook.com\/csjemballages"],"address":{"@type":"PostalAddress","streetAddress":"ZI La Lechere","addressLocality":"Patornay","postalCode":"39130","addressCountry":"FR"},"contactPoint":[{"@type":"ContactPoint","contactType":"Service client","telephone":"0384254272","email":"contact@csj-emballages.com"}]}]}},"df_price":18.41,"df_sale_price":"","df_regular_price":18.41,"df_image_link":"https:\/\/www.csj-emballages.com\/wp-content\/uploads\/2024\/03\/Sachet-confiseries-300x300.webp","tiered_pricing_type":"fixed","tiered_pricing_fixed_rules":[],"tiered_pricing_percentage_rules":[],"tiered_pricing_minimum":1,"tiered_pricing_roles_data":[],"_links":{"self":[{"href":"https:\/\/www.csj-emballages.com\/pt-pt\/wp-json\/wp\/v2\/product\/17723","targetHints":{"allow":["GET"]}}],"collection":[{"href":"https:\/\/www.csj-emballages.com\/pt-pt\/wp-json\/wp\/v2\/product"}],"about":[{"href":"https:\/\/www.csj-emballages.com\/pt-pt\/wp-json\/wp\/v2\/types\/product"}],"wp:featuredmedia":[{"embeddable":true,"href":"https:\/\/www.csj-emballages.com\/pt-pt\/wp-json\/wp\/v2\/media\/243537"}],"wp:attachment":[{"href":"https:\/\/www.csj-emballages.com\/pt-pt\/wp-json\/wp\/v2\/media?parent=17723"}],"wp:term":[{"taxonomy":"product_brand","embeddable":true,"href":"https:\/\/www.csj-emballages.com\/pt-pt\/wp-json\/wp\/v2\/product_brand?post=17723"},{"taxonomy":"product_cat","embeddable":true,"href":"https:\/\/www.csj-emballages.com\/pt-pt\/wp-json\/wp\/v2\/product_cat?post=17723"},{"taxonomy":"product_tag","embeddable":true,"href":"https:\/\/www.csj-emballages.com\/pt-pt\/wp-json\/wp\/v2\/product_tag?post=17723"}],"curies":[{"name":"wp","href":"https:\/\/api.w.org\/{rel}","templated":true}]}}