{"id":17718,"date":"2024-03-01T16:49:03","date_gmt":"2024-03-01T15:49:03","guid":{"rendered":"https:\/\/u15jnbdpoq.preview.infomaniak.website\/produit\/100-sacos-de-confeitaria-com-base-de-cartao-branco-com-bolinhas-100-x-220-mm\/"},"modified":"2026-04-03T02:21:05","modified_gmt":"2026-04-03T00:21:05","slug":"100-sacos-de-confeitaria-com-base-de-cartao-branco-com-bolinhas-100-x-220-mm","status":"publish","type":"product","link":"https:\/\/www.csj-emballages.com\/pt-pt\/produit\/100-sacos-de-confeitaria-com-base-de-cartao-branco-com-bolinhas-100-x-220-mm\/","title":{"rendered":"Sacos de confeitaria de ervilha branca 100 x 220 mm, 100 unidades"},"content":{"rendered":"<h2 class=\"p1\">Saco de confeitarias<\/h2>\n<hr>\n<h3>Descri\u00e7\u00e3o do nosso saco de confeitarias de ervilha branca 100 x 220 mm por 100<\/h3>\n<p><!--more--><\/p>\n<p data-start=\"0\" data-end=\"547\">D\u00ea um toque de eleg\u00e2ncia \u00e0s suas cria\u00e7\u00f5es gourmet com o <strong data-start=\"103\" data-end=\"149\">saco de confeitarias de bolinhas brancas 100 x 220 mm<\/strong>. Os seus <strong data-start=\"155\" data-end=\"190\">motivos ic\u00f3nicos e intemporais<\/strong> <strong>de bolinhas brancas<\/strong> oferecem uma apresenta\u00e7\u00e3o requintada que real\u00e7a instantaneamente os seus chocolates, biscoitos, am\u00eandoas a\u00e7ucaradas ou torr\u00f5es. Gra\u00e7as \u00e0 sua <strong data-start=\"323\" data-end=\"337\">base moldada<\/strong>, este <strong>saco de pl\u00e1stico<\/strong> apresenta cada produto de uma forma elegante e pr\u00e1tica. Ganhar\u00e1 em visibilidade e charme, um trunfo precioso para conquistar os seus clientes \u00e0 primeira vista.   <\/p>\n<p data-start=\"549\" data-end=\"1019\">A sua <strong data-start=\"562\" data-end=\"577\">base r\u00edgida<\/strong> garante tamb\u00e9m uma excelente estabilidade, evitando derrames e facilitando o enchimento e a exposi\u00e7\u00e3o. Anteriormente concebido com uma <strong>base de cart\u00e3o<\/strong>, este modelo \u00e9 agora inteiramente fabricado em <strong data-start=\"788\" data-end=\"805\">polipropileno<\/strong>, o que faz dele <strong data-start=\"822\" data-end=\"839\">um produto monomaterial<\/strong> e, por conseguinte, <strong data-start=\"848\" data-end=\"868\">100% recicl\u00e1vel<\/strong>. Esta escolha respons\u00e1vel est\u00e1 em plena conformidade com os compromissos do C\u00f3digo do Ambiente franc\u00eas e j\u00e1 cumpre os requisitos da <strong data-start=\"999\" data-end=\"1016\">lei AGEC 2025<\/strong>.  <\/p>\n<p data-start=\"1021\" data-end=\"1417\">Ideal para os fabricantes <strong data-start=\"1036\" data-end=\"1115\">de bolachas, chocolates, confeiteiros, a\u00e7ucareiros, torr\u00f5es e pasteleiros<\/strong>, esta <strong>saqueta de confeitaria<\/strong> \u00e9 naturalmente <strong data-start=\"1142\" data-end=\"1173\">adequada para o contacto com os alimentos<\/strong>, garantindo que os seus doces conservam o seu sabor e frescura. O seu design intemporal, combinado com uma constru\u00e7\u00e3o duradoura, torna-a uma embalagem vers\u00e1til para todas as suas cria\u00e7\u00f5es doces, desde as mais tradicionais \u00e0s mais inovadoras. <\/p>\n<p data-start=\"1419\" data-end=\"1855\">Ao escolher este <strong data-start=\"1437\" data-end=\"1470\">saco de confeitar ervilhas brancas<\/strong>, est\u00e1 a combinar <strong data-start=\"1484\" data-end=\"1498\">est\u00e9tica<\/strong>, <strong data-start=\"1500\" data-end=\"1513\">praticidade<\/strong> e <strong data-start=\"1517\" data-end=\"1552\">responsabilidade ambiental<\/strong>. Tornar-se-\u00e1 rapidamente uma parte essencial da sua gama de embalagens, oferecendo uma apresenta\u00e7\u00e3o topo de gama. D\u00ea aos seus produtos uma montra elegante e eco-respons\u00e1vel, pronta a chamar a aten\u00e7\u00e3o e a mostrar o seu trabalho artesanal.  <\/p>\n<p data-start=\"1419\" data-end=\"1855\">\n<p data-start=\"1367\" data-end=\"1669\"><!--more--><\/p>\n<h4 data-start=\"1367\" data-end=\"1669\">Vantagens :<\/h4>\n<ul>\n<li data-start=\"1367\" data-end=\"1669\"><strong data-start=\"2073\" data-end=\"2091\">Design elegante<\/strong>: motivos intemporais de bolinhas brancas que valorizam cada cria\u00e7\u00e3o.<\/li>\n<li data-start=\"1367\" data-end=\"1669\"><strong data-start=\"2163\" data-end=\"2187\">Base r\u00edgida e moldada<\/strong> para maior estabilidade e f\u00e1cil enchimento.<\/li>\n<li data-start=\"1367\" data-end=\"1669\"><strong data-start=\"2237\" data-end=\"2265\">Recicl\u00e1vel monomaterial<\/strong>: fabricado em polipropileno em conformidade com a lei AGEC 2025.<\/li>\n<li data-start=\"1367\" data-end=\"1669\"><strong data-start=\"2318\" data-end=\"2349\">Contacto alimentar garantido<\/strong>: ideal para produtos de confeitaria, chocolate e bolachas.<\/li>\n<\/ul>\n<p>&nbsp;<\/p>\n<p><!--more--><\/p>\n<h4>Outras informa\u00e7\u00f5es :<\/h4>\n<ul>\n<li><strong>Embalagem<\/strong>: Pacote de 100<\/li>\n<li><strong>Dimens\u00f5es<\/strong>: 100 x 220 mm<\/li>\n<li><strong>Cor<\/strong>: Transparente \/ Branco<\/li>\n<li><strong>Material<\/strong>: OPP<\/li>\n<li><strong>Espessura<\/strong>: 35 microns<\/li>\n<\/ul>\n<p>&nbsp;<\/p>\n<p><!--more--><\/p>\n<p><a href=\"https:\/\/www.csj-emballages.com\/pt-pt\/categorie-produit\/embalagem-de-alimentos\/padaria-e-pastelaria\/sacos-saquetas-e-papel\/sacos-de-confeitaria\/sacos-tematicos\/sacos-classicos\/\">Ver o resto da nossa gama de sacos de confeitaria cl\u00e1ssicos<\/a><\/p>\n","protected":false},"excerpt":{"rendered":"<p>Saco de confeitarias Descri\u00e7\u00e3o do nosso saco de confeitarias de ervilha branca 100 x 220 mm por 100<\/p>\n","protected":false},"featured_media":243547,"template":"","meta":{"_acf_changed":false},"product_brand":[],"product_cat":[1141,1177,1655,1659],"product_tag":[],"class_list":{"0":"post-17718","1":"product","2":"type-product","3":"status-publish","4":"has-post-thumbnail","6":"product_cat-embalagem-de-alimentos","7":"product_cat-padaria-e-pastelaria","8":"product_cat-sacos-de-confeitaria","9":"product_cat-sacos-classicos","11":"first","12":"instock","13":"taxable","14":"shipping-taxable","15":"purchasable","16":"product-type-simple"},"acf":[],"yoast_head":"<!-- This site is optimized with the Yoast SEO Premium plugin v26.6 (Yoast SEO v26.6) - https:\/\/yoast.com\/wordpress\/plugins\/seo\/ -->\n<title>Saco de confeitarias White Dots 100 x 220 mm por 100<\/title>\n<meta name=\"description\" content=\"Saco de confeitarias de ervilha branco 100 x 220 mm: elegante, recicl\u00e1vel, base r\u00edgida para uma apresenta\u00e7\u00e3o est\u00e1vel e adequado para contacto com alimentos.\" \/>\n<meta name=\"robots\" content=\"index, follow, max-snippet:-1, max-image-preview:large, max-video-preview:-1\" \/>\n<link rel=\"canonical\" href=\"https:\/\/www.csj-emballages.com\/pt-pt\/produit\/100-sacos-de-confeitaria-com-base-de-cartao-branco-com-bolinhas-100-x-220-mm\/\" \/>\n<meta property=\"og:locale\" content=\"pt_PT\" \/>\n<meta property=\"og:type\" content=\"article\" \/>\n<meta property=\"og:title\" content=\"Sacos de confeitaria de ervilha branca 100 x 220 mm, 100 unidades\" \/>\n<meta property=\"og:description\" content=\"Saco de confeitarias de ervilha branco 100 x 220 mm: elegante, recicl\u00e1vel, base r\u00edgida para uma apresenta\u00e7\u00e3o est\u00e1vel e adequado para contacto com alimentos.\" \/>\n<meta property=\"og:url\" content=\"https:\/\/www.csj-emballages.com\/pt-pt\/produit\/100-sacos-de-confeitaria-com-base-de-cartao-branco-com-bolinhas-100-x-220-mm\/\" \/>\n<meta property=\"og:site_name\" content=\"CSJ Emballages\" \/>\n<meta property=\"article:publisher\" content=\"https:\/\/www.facebook.com\/csjemballages\" \/>\n<meta property=\"article:modified_time\" content=\"2026-04-03T00:21:05+00:00\" \/>\n<meta property=\"og:image\" content=\"https:\/\/www.csj-emballages.com\/wp-content\/uploads\/2024\/03\/SPOISBLANCT1.webp\" \/>\n\t<meta property=\"og:image:width\" content=\"800\" \/>\n\t<meta property=\"og:image:height\" content=\"800\" \/>\n\t<meta property=\"og:image:type\" content=\"image\/webp\" \/>\n<meta name=\"twitter:card\" content=\"summary_large_image\" \/>\n<meta name=\"twitter:label1\" content=\"Tempo estimado de leitura\" \/>\n\t<meta name=\"twitter:data1\" content=\"2 minutos\" \/>\n<script type=\"application\/ld+json\" class=\"yoast-schema-graph\">{\"@context\":\"https:\/\/schema.org\",\"@graph\":[{\"@type\":\"WebPage\",\"@id\":\"https:\/\/www.csj-emballages.com\/pt-pt\/produit\/100-sacos-de-confeitaria-com-base-de-cartao-branco-com-bolinhas-100-x-220-mm\/\",\"url\":\"https:\/\/www.csj-emballages.com\/pt-pt\/produit\/100-sacos-de-confeitaria-com-base-de-cartao-branco-com-bolinhas-100-x-220-mm\/\",\"name\":\"Saco de confeitarias White Dots 100 x 220 mm por 100\",\"isPartOf\":{\"@id\":\"https:\/\/www.csj-emballages.com\/pt-pt\/#website\"},\"primaryImageOfPage\":{\"@id\":\"https:\/\/www.csj-emballages.com\/pt-pt\/produit\/100-sacos-de-confeitaria-com-base-de-cartao-branco-com-bolinhas-100-x-220-mm\/#primaryimage\"},\"image\":{\"@id\":\"https:\/\/www.csj-emballages.com\/pt-pt\/produit\/100-sacos-de-confeitaria-com-base-de-cartao-branco-com-bolinhas-100-x-220-mm\/#primaryimage\"},\"thumbnailUrl\":\"https:\/\/www.csj-emballages.com\/wp-content\/uploads\/2024\/03\/SPOISBLANCT1.webp\",\"datePublished\":\"2024-03-01T15:49:03+00:00\",\"dateModified\":\"2026-04-03T00:21:05+00:00\",\"description\":\"Saco de confeitarias de ervilha branco 100 x 220 mm: elegante, recicl\u00e1vel, base r\u00edgida para uma apresenta\u00e7\u00e3o est\u00e1vel e adequado para contacto com alimentos.\",\"breadcrumb\":{\"@id\":\"https:\/\/www.csj-emballages.com\/pt-pt\/produit\/100-sacos-de-confeitaria-com-base-de-cartao-branco-com-bolinhas-100-x-220-mm\/#breadcrumb\"},\"inLanguage\":\"pt-PT\",\"potentialAction\":[{\"@type\":\"ReadAction\",\"target\":[\"https:\/\/www.csj-emballages.com\/pt-pt\/produit\/100-sacos-de-confeitaria-com-base-de-cartao-branco-com-bolinhas-100-x-220-mm\/\"]}]},{\"@type\":\"ImageObject\",\"inLanguage\":\"pt-PT\",\"@id\":\"https:\/\/www.csj-emballages.com\/pt-pt\/produit\/100-sacos-de-confeitaria-com-base-de-cartao-branco-com-bolinhas-100-x-220-mm\/#primaryimage\",\"url\":\"https:\/\/www.csj-emballages.com\/wp-content\/uploads\/2024\/03\/SPOISBLANCT1.webp\",\"contentUrl\":\"https:\/\/www.csj-emballages.com\/wp-content\/uploads\/2024\/03\/SPOISBLANCT1.webp\",\"width\":800,\"height\":800,\"caption\":\"Sachet confiseries\"},{\"@type\":\"BreadcrumbList\",\"@id\":\"https:\/\/www.csj-emballages.com\/pt-pt\/produit\/100-sacos-de-confeitaria-com-base-de-cartao-branco-com-bolinhas-100-x-220-mm\/#breadcrumb\",\"itemListElement\":[{\"@type\":\"ListItem\",\"position\":1,\"name\":\"Acolhimento\",\"item\":\"https:\/\/www.csj-emballages.com\/pt-pt\/universo-das-embalagens-alimentares\/\"},{\"@type\":\"ListItem\",\"position\":2,\"name\":\"Shop\",\"item\":\"https:\/\/www.csj-emballages.com\/shop\/\"},{\"@type\":\"ListItem\",\"position\":3,\"name\":\"Sacos de confeitaria de ervilha branca 100 x 220 mm, 100 unidades\"}]},{\"@type\":\"WebSite\",\"@id\":\"https:\/\/www.csj-emballages.com\/pt-pt\/#website\",\"url\":\"https:\/\/www.csj-emballages.com\/pt-pt\/\",\"name\":\"CSJ Emballages\",\"description\":\"\",\"publisher\":{\"@id\":\"https:\/\/www.csj-emballages.com\/pt-pt\/#organization\"},\"potentialAction\":[{\"@type\":\"SearchAction\",\"target\":{\"@type\":\"EntryPoint\",\"urlTemplate\":\"https:\/\/www.csj-emballages.com\/pt-pt\/?s={search_term_string}\"},\"query-input\":{\"@type\":\"PropertyValueSpecification\",\"valueRequired\":true,\"valueName\":\"search_term_string\"}}],\"inLanguage\":\"pt-PT\"},{\"@type\":\"Organization\",\"@id\":\"https:\/\/www.csj-emballages.com\/pt-pt\/#Organization\/\",\"name\":\"CSJ Emballages\",\"url\":\"https:\/\/www.csj-emballages.com\/pt-pt\/\",\"logo\":{\"@type\":\"ImageObject\",\"inLanguage\":\"pt-PT\",\"@id\":\"https:\/\/www.csj-emballages.com\/pt-pt\/#\/schema\/logo\/image\/\",\"url\":\"https:\/\/www.csj-emballages.com\/wp-content\/uploads\/2023\/10\/logo_csj.webp\",\"contentUrl\":\"https:\/\/www.csj-emballages.com\/wp-content\/uploads\/2023\/10\/logo_csj.webp\",\"width\":250,\"height\":95,\"caption\":\"CSJ Emballages\"},\"image\":{\"@id\":\"https:\/\/www.csj-emballages.com\/pt-pt\/#\/schema\/logo\/image\/\"},\"sameAs\":[\"https:\/\/www.facebook.com\/csjemballages\"],\"address\":{\"@type\":\"PostalAddress\",\"streetAddress\":\"ZI La Lechere\",\"addressLocality\":\"Patornay\",\"postalCode\":\"39130\",\"addressCountry\":\"FR\"},\"contactPoint\":[{\"@type\":\"ContactPoint\",\"contactType\":\"Service client\",\"telephone\":\"0384254272\",\"email\":\"contact@csj-emballages.com\"}]}]}<\/script>\n<!-- \/ Yoast SEO Premium plugin. -->","yoast_head_json":{"title":"Saco de confeitarias White Dots 100 x 220 mm por 100","description":"Saco de confeitarias de ervilha branco 100 x 220 mm: elegante, recicl\u00e1vel, base r\u00edgida para uma apresenta\u00e7\u00e3o est\u00e1vel e adequado para contacto com alimentos.","robots":{"index":"index","follow":"follow","max-snippet":"max-snippet:-1","max-image-preview":"max-image-preview:large","max-video-preview":"max-video-preview:-1"},"canonical":"https:\/\/www.csj-emballages.com\/pt-pt\/produit\/100-sacos-de-confeitaria-com-base-de-cartao-branco-com-bolinhas-100-x-220-mm\/","og_locale":"pt_PT","og_type":"article","og_title":"Sacos de confeitaria de ervilha branca 100 x 220 mm, 100 unidades","og_description":"Saco de confeitarias de ervilha branco 100 x 220 mm: elegante, recicl\u00e1vel, base r\u00edgida para uma apresenta\u00e7\u00e3o est\u00e1vel e adequado para contacto com alimentos.","og_url":"https:\/\/www.csj-emballages.com\/pt-pt\/produit\/100-sacos-de-confeitaria-com-base-de-cartao-branco-com-bolinhas-100-x-220-mm\/","og_site_name":"CSJ Emballages","article_publisher":"https:\/\/www.facebook.com\/csjemballages","article_modified_time":"2026-04-03T00:21:05+00:00","og_image":[{"width":800,"height":800,"url":"https:\/\/www.csj-emballages.com\/wp-content\/uploads\/2024\/03\/SPOISBLANCT1.webp","type":"image\/webp"}],"twitter_card":"summary_large_image","twitter_misc":{"Tempo estimado de leitura":"2 minutos"},"schema":{"@context":"https:\/\/schema.org","@graph":[{"@type":"WebPage","@id":"https:\/\/www.csj-emballages.com\/pt-pt\/produit\/100-sacos-de-confeitaria-com-base-de-cartao-branco-com-bolinhas-100-x-220-mm\/","url":"https:\/\/www.csj-emballages.com\/pt-pt\/produit\/100-sacos-de-confeitaria-com-base-de-cartao-branco-com-bolinhas-100-x-220-mm\/","name":"Saco de confeitarias White Dots 100 x 220 mm por 100","isPartOf":{"@id":"https:\/\/www.csj-emballages.com\/pt-pt\/#website"},"primaryImageOfPage":{"@id":"https:\/\/www.csj-emballages.com\/pt-pt\/produit\/100-sacos-de-confeitaria-com-base-de-cartao-branco-com-bolinhas-100-x-220-mm\/#primaryimage"},"image":{"@id":"https:\/\/www.csj-emballages.com\/pt-pt\/produit\/100-sacos-de-confeitaria-com-base-de-cartao-branco-com-bolinhas-100-x-220-mm\/#primaryimage"},"thumbnailUrl":"https:\/\/www.csj-emballages.com\/wp-content\/uploads\/2024\/03\/SPOISBLANCT1.webp","datePublished":"2024-03-01T15:49:03+00:00","dateModified":"2026-04-03T00:21:05+00:00","description":"Saco de confeitarias de ervilha branco 100 x 220 mm: elegante, recicl\u00e1vel, base r\u00edgida para uma apresenta\u00e7\u00e3o est\u00e1vel e adequado para contacto com alimentos.","breadcrumb":{"@id":"https:\/\/www.csj-emballages.com\/pt-pt\/produit\/100-sacos-de-confeitaria-com-base-de-cartao-branco-com-bolinhas-100-x-220-mm\/#breadcrumb"},"inLanguage":"pt-PT","potentialAction":[{"@type":"ReadAction","target":["https:\/\/www.csj-emballages.com\/pt-pt\/produit\/100-sacos-de-confeitaria-com-base-de-cartao-branco-com-bolinhas-100-x-220-mm\/"]}]},{"@type":"ImageObject","inLanguage":"pt-PT","@id":"https:\/\/www.csj-emballages.com\/pt-pt\/produit\/100-sacos-de-confeitaria-com-base-de-cartao-branco-com-bolinhas-100-x-220-mm\/#primaryimage","url":"https:\/\/www.csj-emballages.com\/wp-content\/uploads\/2024\/03\/SPOISBLANCT1.webp","contentUrl":"https:\/\/www.csj-emballages.com\/wp-content\/uploads\/2024\/03\/SPOISBLANCT1.webp","width":800,"height":800,"caption":"Sachet confiseries"},{"@type":"BreadcrumbList","@id":"https:\/\/www.csj-emballages.com\/pt-pt\/produit\/100-sacos-de-confeitaria-com-base-de-cartao-branco-com-bolinhas-100-x-220-mm\/#breadcrumb","itemListElement":[{"@type":"ListItem","position":1,"name":"Acolhimento","item":"https:\/\/www.csj-emballages.com\/pt-pt\/universo-das-embalagens-alimentares\/"},{"@type":"ListItem","position":2,"name":"Shop","item":"https:\/\/www.csj-emballages.com\/shop\/"},{"@type":"ListItem","position":3,"name":"Sacos de confeitaria de ervilha branca 100 x 220 mm, 100 unidades"}]},{"@type":"WebSite","@id":"https:\/\/www.csj-emballages.com\/pt-pt\/#website","url":"https:\/\/www.csj-emballages.com\/pt-pt\/","name":"CSJ Emballages","description":"","publisher":{"@id":"https:\/\/www.csj-emballages.com\/pt-pt\/#organization"},"potentialAction":[{"@type":"SearchAction","target":{"@type":"EntryPoint","urlTemplate":"https:\/\/www.csj-emballages.com\/pt-pt\/?s={search_term_string}"},"query-input":{"@type":"PropertyValueSpecification","valueRequired":true,"valueName":"search_term_string"}}],"inLanguage":"pt-PT"},{"@type":"Organization","@id":"https:\/\/www.csj-emballages.com\/pt-pt\/#Organization\/","name":"CSJ Emballages","url":"https:\/\/www.csj-emballages.com\/pt-pt\/","logo":{"@type":"ImageObject","inLanguage":"pt-PT","@id":"https:\/\/www.csj-emballages.com\/pt-pt\/#\/schema\/logo\/image\/","url":"https:\/\/www.csj-emballages.com\/wp-content\/uploads\/2023\/10\/logo_csj.webp","contentUrl":"https:\/\/www.csj-emballages.com\/wp-content\/uploads\/2023\/10\/logo_csj.webp","width":250,"height":95,"caption":"CSJ Emballages"},"image":{"@id":"https:\/\/www.csj-emballages.com\/pt-pt\/#\/schema\/logo\/image\/"},"sameAs":["https:\/\/www.facebook.com\/csjemballages"],"address":{"@type":"PostalAddress","streetAddress":"ZI La Lechere","addressLocality":"Patornay","postalCode":"39130","addressCountry":"FR"},"contactPoint":[{"@type":"ContactPoint","contactType":"Service client","telephone":"0384254272","email":"contact@csj-emballages.com"}]}]}},"df_price":14.78,"df_sale_price":"","df_regular_price":14.78,"df_image_link":"https:\/\/www.csj-emballages.com\/wp-content\/uploads\/2024\/03\/SPOISBLANCT1-300x300.webp","tiered_pricing_type":"fixed","tiered_pricing_fixed_rules":[],"tiered_pricing_percentage_rules":[],"tiered_pricing_minimum":1,"tiered_pricing_roles_data":[],"_links":{"self":[{"href":"https:\/\/www.csj-emballages.com\/pt-pt\/wp-json\/wp\/v2\/product\/17718","targetHints":{"allow":["GET"]}}],"collection":[{"href":"https:\/\/www.csj-emballages.com\/pt-pt\/wp-json\/wp\/v2\/product"}],"about":[{"href":"https:\/\/www.csj-emballages.com\/pt-pt\/wp-json\/wp\/v2\/types\/product"}],"wp:featuredmedia":[{"embeddable":true,"href":"https:\/\/www.csj-emballages.com\/pt-pt\/wp-json\/wp\/v2\/media\/243547"}],"wp:attachment":[{"href":"https:\/\/www.csj-emballages.com\/pt-pt\/wp-json\/wp\/v2\/media?parent=17718"}],"wp:term":[{"taxonomy":"product_brand","embeddable":true,"href":"https:\/\/www.csj-emballages.com\/pt-pt\/wp-json\/wp\/v2\/product_brand?post=17718"},{"taxonomy":"product_cat","embeddable":true,"href":"https:\/\/www.csj-emballages.com\/pt-pt\/wp-json\/wp\/v2\/product_cat?post=17718"},{"taxonomy":"product_tag","embeddable":true,"href":"https:\/\/www.csj-emballages.com\/pt-pt\/wp-json\/wp\/v2\/product_tag?post=17718"}],"curies":[{"name":"wp","href":"https:\/\/api.w.org\/{rel}","templated":true}]}}