{"id":17631,"date":"2024-01-15T10:17:08","date_gmt":"2024-01-15T09:17:08","guid":{"rendered":"https:\/\/u15jnbdpoq.preview.infomaniak.website\/produit\/70-copos-de-sobremesa-em-plastico-cristal-228-ml-o78\/"},"modified":"2026-04-16T02:15:17","modified_gmt":"2026-04-16T00:15:17","slug":"70-copos-de-sobremesa-em-plastico-cristal-228-ml-o78","status":"publish","type":"product","link":"https:\/\/www.csj-emballages.com\/pt-pt\/produit\/70-copos-de-sobremesa-em-plastico-cristal-228-ml-o78\/","title":{"rendered":"Pote de pl\u00e1stico para sundae 228 ml \u00d878 por 70"},"content":{"rendered":"<h2>Pote de pl\u00e1stico<\/h2>\n<hr>\n<h3>Descri\u00e7\u00e3o do nosso pote de pl\u00e1stico para sundae de 228 ml \u00d878 por 70<\/h3>\n<p><!--more--><\/p>\n<p data-start=\"233\" data-end=\"644\">Este <strong>pequeno pote de sundae<\/strong> <strong data-start=\"256\" data-end=\"266\">de 228 ml<\/strong> tem tudo o que precisa se procura um recipiente pr\u00e1tico e atraente. O seu formato \u00e9 ideal para expor as suas sobremesas: gelados, mousses, iogurtes, fruta fresca, coberturas&#8230; tudo cabe perfeitamente no seu interior. Gra\u00e7as ao seu di\u00e2metro <strong data-start=\"511\" data-end=\"520\">de 78 mm<\/strong>, tem uma abertura ampla para facilitar a apresenta\u00e7\u00e3o e o servi\u00e7o, sem derrames nem problemas de enchimento.  <\/p>\n<p data-start=\"646\" data-end=\"1015\">A sua <strong>transpar\u00eancia clara<\/strong> destaca cada camada da sua prepara\u00e7\u00e3o. Um coulis vermelho, lascas de biscoito, um creme suave&#8230; tudo se destaca imediatamente e faz-nos querer mais \u00e0 primeira vista. Este \u00e9 o tipo de pormenor que faz toda a diferen\u00e7a quando se pretende oferecer uma sobremesa visualmente apelativa, seja na montra, na entrega ou servida diretamente no balc\u00e3o.  <\/p>\n<p data-start=\"1017\" data-end=\"1297\">O <strong>frasco \u00e9 leve mas fi\u00e1vel<\/strong>: assenta bem na m\u00e3o, <strong>n\u00e3o se deforma<\/strong> facilmente e resiste sem problemas \u00e0s prepara\u00e7\u00f5es frias. Por isso, \u00e9 t\u00e3o adequado para gelatarias como para snack-bares, padarias, food-trucks ou empresas de catering que procuram um recipiente simples e eficaz. <\/p>\n<p data-start=\"1299\" data-end=\"1496\">Vendido <strong data-start=\"1305\" data-end=\"1315\">em embalagens de 70 unidades<\/strong>, permite-lhe gerir o seu stock sem sobrecarregar. Quer se trate do lan\u00e7amento de uma nova gama, do teste de uma sobremesa ou de um servi\u00e7o regular, este formato \u00e9 pr\u00e1tico e econ\u00f3mico. <\/p>\n<p data-start=\"1498\" data-end=\"1721\">Em suma, esta <strong>lata de sundae<\/strong> combina clareza, praticidade e apresenta\u00e7\u00e3o elegante. Valoriza as suas sobremesas simplificando a sua vida, o que faz dela um aliado indispens\u00e1vel para todos os profissionais da refrigera\u00e7\u00e3o gourmet. <\/p>\n<p data-start=\"1498\" data-end=\"1721\">\n<p data-start=\"1498\" data-end=\"1721\">\n<p><!--more--><\/p>\n<h4>Outras informa\u00e7\u00f5es :<\/h4>\n<ul>\n<li><strong>Dimens\u00f5es<\/strong>: 78 x 82 (\u00d8 x H em mm).<\/li>\n<li><strong>Embalagem<\/strong>: Embalagens de 70<\/li>\n<li><strong>Volume<\/strong>: 228 ml.<\/li>\n<li><strong>Material<\/strong>: rPET<\/li>\n<li><strong>Utiliza\u00e7\u00e3o<\/strong>: Frio<\/li>\n<\/ul>\n<p>&nbsp;<\/p>\n<p><!--more--><\/p>\n<p>Aqui tens as capas vendidas separadamente que s\u00e3o compat\u00edveis com este produto: <span style=\"color: #d12727;\"><a style=\"color: #d12727;\" href=\"https:\/\/www.csj-emballages.com\/pt-pt\/produit\/50-tampas-descartaveis-para-batidos-com-travessas-de-78-o\/\">CVCR300<\/a><\/span> \/ <span style=\"color: #d12727;\"><a style=\"color: #d12727;\" href=\"https:\/\/www.csj-emballages.com\/pt-pt\/produit\/50-tampas-planas-descartaveis-para-batidos-sem-grelha-78-o\/\">CVP300<\/a><\/span> \/ <span style=\"color: #d12727;\"><a style=\"color: #d12727;\" href=\"https:\/\/www.csj-emballages.com\/pt-pt\/produit\/50-tampas-de-plastico-com-orificio-para-batidos-78-o\/\">CVDOMTR300CC<\/a><\/span><\/p>\n<p>&nbsp;<\/p>\n<p><!--more--><\/p>\n<p><a href=\"https:\/\/www.csj-emballages.com\/pt-pt\/categorie-produit\/embalagem-de-alimentos\/talho-e-charcutaria\/copos-jarras-copos\/copos-de-sobremesa\/\">V\u00ea o resto da nossa gama de ta\u00e7as de sobremesa<\/a><\/p>\n","protected":false},"excerpt":{"rendered":"<p>Pote de pl\u00e1stico Descri\u00e7\u00e3o do nosso pote de pl\u00e1stico para sundae de 228 ml \u00d878 por 70<\/p>\n","protected":false},"featured_media":256701,"template":"","meta":{"_acf_changed":false},"product_brand":[],"product_cat":[1141,1176,1306,1459],"product_tag":[],"class_list":{"0":"post-17631","1":"product","2":"type-product","3":"status-publish","4":"has-post-thumbnail","6":"product_cat-embalagem-de-alimentos","7":"product_cat-talho-e-charcutaria","8":"product_cat-copos-jarras-copos","9":"product_cat-copos-de-sobremesa","11":"first","12":"instock","13":"taxable","14":"shipping-taxable","15":"purchasable","16":"product-type-simple"},"acf":[],"yoast_head":"<!-- This site is optimized with the Yoast SEO Premium plugin v26.6 (Yoast SEO v26.6) - https:\/\/yoast.com\/wordpress\/plugins\/seo\/ -->\n<title>Pote de pl\u00e1stico para sundae 228 ml \u00d878 par 70<\/title>\n<meta name=\"description\" content=\"Pote de pl\u00e1stico para sundae de 228 ml \u00d878, transparente e pr\u00e1tico. Conjunto de 70, perfeito para gelados, sobremesas e coberturas. Dur\u00e1vel e ideal para a venda de takeaway.\" \/>\n<meta name=\"robots\" content=\"index, follow, max-snippet:-1, max-image-preview:large, max-video-preview:-1\" \/>\n<link rel=\"canonical\" href=\"https:\/\/www.csj-emballages.com\/pt-pt\/produit\/70-copos-de-sobremesa-em-plastico-cristal-228-ml-o78\/\" \/>\n<meta property=\"og:locale\" content=\"pt_PT\" \/>\n<meta property=\"og:type\" content=\"article\" \/>\n<meta property=\"og:title\" content=\"Pote de pl\u00e1stico para sundae 228 ml \u00d878 por 70\" \/>\n<meta property=\"og:description\" content=\"Pote de pl\u00e1stico para sundae de 228 ml \u00d878, transparente e pr\u00e1tico. Conjunto de 70, perfeito para gelados, sobremesas e coberturas. Dur\u00e1vel e ideal para a venda de takeaway.\" \/>\n<meta property=\"og:url\" content=\"https:\/\/www.csj-emballages.com\/pt-pt\/produit\/70-copos-de-sobremesa-em-plastico-cristal-228-ml-o78\/\" \/>\n<meta property=\"og:site_name\" content=\"CSJ Emballages\" \/>\n<meta property=\"article:publisher\" content=\"https:\/\/www.facebook.com\/csjemballages\" \/>\n<meta property=\"article:modified_time\" content=\"2026-04-16T00:15:17+00:00\" \/>\n<meta property=\"og:image\" content=\"https:\/\/www.csj-emballages.com\/wp-content\/uploads\/2024\/01\/Pot-sundae-1.webp\" \/>\n\t<meta property=\"og:image:width\" content=\"800\" \/>\n\t<meta property=\"og:image:height\" content=\"800\" \/>\n\t<meta property=\"og:image:type\" content=\"image\/webp\" \/>\n<meta name=\"twitter:card\" content=\"summary_large_image\" \/>\n<meta name=\"twitter:label1\" content=\"Tempo estimado de leitura\" \/>\n\t<meta name=\"twitter:data1\" content=\"2 minutos\" \/>\n<script type=\"application\/ld+json\" class=\"yoast-schema-graph\">{\"@context\":\"https:\/\/schema.org\",\"@graph\":[{\"@type\":\"WebPage\",\"@id\":\"https:\/\/www.csj-emballages.com\/pt-pt\/produit\/70-copos-de-sobremesa-em-plastico-cristal-228-ml-o78\/\",\"url\":\"https:\/\/www.csj-emballages.com\/pt-pt\/produit\/70-copos-de-sobremesa-em-plastico-cristal-228-ml-o78\/\",\"name\":\"Pote de pl\u00e1stico para sundae 228 ml \u00d878 par 70\",\"isPartOf\":{\"@id\":\"https:\/\/www.csj-emballages.com\/pt-pt\/#website\"},\"primaryImageOfPage\":{\"@id\":\"https:\/\/www.csj-emballages.com\/pt-pt\/produit\/70-copos-de-sobremesa-em-plastico-cristal-228-ml-o78\/#primaryimage\"},\"image\":{\"@id\":\"https:\/\/www.csj-emballages.com\/pt-pt\/produit\/70-copos-de-sobremesa-em-plastico-cristal-228-ml-o78\/#primaryimage\"},\"thumbnailUrl\":\"https:\/\/www.csj-emballages.com\/wp-content\/uploads\/2024\/01\/Pot-sundae-1.webp\",\"datePublished\":\"2024-01-15T09:17:08+00:00\",\"dateModified\":\"2026-04-16T00:15:17+00:00\",\"description\":\"Pote de pl\u00e1stico para sundae de 228 ml \u00d878, transparente e pr\u00e1tico. Conjunto de 70, perfeito para gelados, sobremesas e coberturas. Dur\u00e1vel e ideal para a venda de takeaway.\",\"breadcrumb\":{\"@id\":\"https:\/\/www.csj-emballages.com\/pt-pt\/produit\/70-copos-de-sobremesa-em-plastico-cristal-228-ml-o78\/#breadcrumb\"},\"inLanguage\":\"pt-PT\",\"potentialAction\":[{\"@type\":\"ReadAction\",\"target\":[\"https:\/\/www.csj-emballages.com\/pt-pt\/produit\/70-copos-de-sobremesa-em-plastico-cristal-228-ml-o78\/\"]}]},{\"@type\":\"ImageObject\",\"inLanguage\":\"pt-PT\",\"@id\":\"https:\/\/www.csj-emballages.com\/pt-pt\/produit\/70-copos-de-sobremesa-em-plastico-cristal-228-ml-o78\/#primaryimage\",\"url\":\"https:\/\/www.csj-emballages.com\/wp-content\/uploads\/2024\/01\/Pot-sundae-1.webp\",\"contentUrl\":\"https:\/\/www.csj-emballages.com\/wp-content\/uploads\/2024\/01\/Pot-sundae-1.webp\",\"width\":800,\"height\":800,\"caption\":\"Pot sundae\"},{\"@type\":\"BreadcrumbList\",\"@id\":\"https:\/\/www.csj-emballages.com\/pt-pt\/produit\/70-copos-de-sobremesa-em-plastico-cristal-228-ml-o78\/#breadcrumb\",\"itemListElement\":[{\"@type\":\"ListItem\",\"position\":1,\"name\":\"Acolhimento\",\"item\":\"https:\/\/www.csj-emballages.com\/pt-pt\/universo-das-embalagens-alimentares\/\"},{\"@type\":\"ListItem\",\"position\":2,\"name\":\"Shop\",\"item\":\"https:\/\/www.csj-emballages.com\/shop\/\"},{\"@type\":\"ListItem\",\"position\":3,\"name\":\"Pote de pl\u00e1stico para sundae 228 ml \u00d878 por 70\"}]},{\"@type\":\"WebSite\",\"@id\":\"https:\/\/www.csj-emballages.com\/pt-pt\/#website\",\"url\":\"https:\/\/www.csj-emballages.com\/pt-pt\/\",\"name\":\"CSJ Emballages\",\"description\":\"\",\"publisher\":{\"@id\":\"https:\/\/www.csj-emballages.com\/pt-pt\/#organization\"},\"potentialAction\":[{\"@type\":\"SearchAction\",\"target\":{\"@type\":\"EntryPoint\",\"urlTemplate\":\"https:\/\/www.csj-emballages.com\/pt-pt\/?s={search_term_string}\"},\"query-input\":{\"@type\":\"PropertyValueSpecification\",\"valueRequired\":true,\"valueName\":\"search_term_string\"}}],\"inLanguage\":\"pt-PT\"},{\"@type\":\"Organization\",\"@id\":\"https:\/\/www.csj-emballages.com\/pt-pt\/#Organization\/\",\"name\":\"CSJ Emballages\",\"url\":\"https:\/\/www.csj-emballages.com\/pt-pt\/\",\"logo\":{\"@type\":\"ImageObject\",\"inLanguage\":\"pt-PT\",\"@id\":\"https:\/\/www.csj-emballages.com\/pt-pt\/#\/schema\/logo\/image\/\",\"url\":\"https:\/\/www.csj-emballages.com\/wp-content\/uploads\/2023\/10\/logo_csj.webp\",\"contentUrl\":\"https:\/\/www.csj-emballages.com\/wp-content\/uploads\/2023\/10\/logo_csj.webp\",\"width\":250,\"height\":95,\"caption\":\"CSJ Emballages\"},\"image\":{\"@id\":\"https:\/\/www.csj-emballages.com\/pt-pt\/#\/schema\/logo\/image\/\"},\"sameAs\":[\"https:\/\/www.facebook.com\/csjemballages\"],\"address\":{\"@type\":\"PostalAddress\",\"streetAddress\":\"ZI La Lechere\",\"addressLocality\":\"Patornay\",\"postalCode\":\"39130\",\"addressCountry\":\"FR\"},\"contactPoint\":[{\"@type\":\"ContactPoint\",\"contactType\":\"Service client\",\"telephone\":\"0384254272\",\"email\":\"contact@csj-emballages.com\"}]}]}<\/script>\n<!-- \/ Yoast SEO Premium plugin. -->","yoast_head_json":{"title":"Pote de pl\u00e1stico para sundae 228 ml \u00d878 par 70","description":"Pote de pl\u00e1stico para sundae de 228 ml \u00d878, transparente e pr\u00e1tico. Conjunto de 70, perfeito para gelados, sobremesas e coberturas. Dur\u00e1vel e ideal para a venda de takeaway.","robots":{"index":"index","follow":"follow","max-snippet":"max-snippet:-1","max-image-preview":"max-image-preview:large","max-video-preview":"max-video-preview:-1"},"canonical":"https:\/\/www.csj-emballages.com\/pt-pt\/produit\/70-copos-de-sobremesa-em-plastico-cristal-228-ml-o78\/","og_locale":"pt_PT","og_type":"article","og_title":"Pote de pl\u00e1stico para sundae 228 ml \u00d878 por 70","og_description":"Pote de pl\u00e1stico para sundae de 228 ml \u00d878, transparente e pr\u00e1tico. Conjunto de 70, perfeito para gelados, sobremesas e coberturas. Dur\u00e1vel e ideal para a venda de takeaway.","og_url":"https:\/\/www.csj-emballages.com\/pt-pt\/produit\/70-copos-de-sobremesa-em-plastico-cristal-228-ml-o78\/","og_site_name":"CSJ Emballages","article_publisher":"https:\/\/www.facebook.com\/csjemballages","article_modified_time":"2026-04-16T00:15:17+00:00","og_image":[{"width":800,"height":800,"url":"https:\/\/www.csj-emballages.com\/wp-content\/uploads\/2024\/01\/Pot-sundae-1.webp","type":"image\/webp"}],"twitter_card":"summary_large_image","twitter_misc":{"Tempo estimado de leitura":"2 minutos"},"schema":{"@context":"https:\/\/schema.org","@graph":[{"@type":"WebPage","@id":"https:\/\/www.csj-emballages.com\/pt-pt\/produit\/70-copos-de-sobremesa-em-plastico-cristal-228-ml-o78\/","url":"https:\/\/www.csj-emballages.com\/pt-pt\/produit\/70-copos-de-sobremesa-em-plastico-cristal-228-ml-o78\/","name":"Pote de pl\u00e1stico para sundae 228 ml \u00d878 par 70","isPartOf":{"@id":"https:\/\/www.csj-emballages.com\/pt-pt\/#website"},"primaryImageOfPage":{"@id":"https:\/\/www.csj-emballages.com\/pt-pt\/produit\/70-copos-de-sobremesa-em-plastico-cristal-228-ml-o78\/#primaryimage"},"image":{"@id":"https:\/\/www.csj-emballages.com\/pt-pt\/produit\/70-copos-de-sobremesa-em-plastico-cristal-228-ml-o78\/#primaryimage"},"thumbnailUrl":"https:\/\/www.csj-emballages.com\/wp-content\/uploads\/2024\/01\/Pot-sundae-1.webp","datePublished":"2024-01-15T09:17:08+00:00","dateModified":"2026-04-16T00:15:17+00:00","description":"Pote de pl\u00e1stico para sundae de 228 ml \u00d878, transparente e pr\u00e1tico. Conjunto de 70, perfeito para gelados, sobremesas e coberturas. Dur\u00e1vel e ideal para a venda de takeaway.","breadcrumb":{"@id":"https:\/\/www.csj-emballages.com\/pt-pt\/produit\/70-copos-de-sobremesa-em-plastico-cristal-228-ml-o78\/#breadcrumb"},"inLanguage":"pt-PT","potentialAction":[{"@type":"ReadAction","target":["https:\/\/www.csj-emballages.com\/pt-pt\/produit\/70-copos-de-sobremesa-em-plastico-cristal-228-ml-o78\/"]}]},{"@type":"ImageObject","inLanguage":"pt-PT","@id":"https:\/\/www.csj-emballages.com\/pt-pt\/produit\/70-copos-de-sobremesa-em-plastico-cristal-228-ml-o78\/#primaryimage","url":"https:\/\/www.csj-emballages.com\/wp-content\/uploads\/2024\/01\/Pot-sundae-1.webp","contentUrl":"https:\/\/www.csj-emballages.com\/wp-content\/uploads\/2024\/01\/Pot-sundae-1.webp","width":800,"height":800,"caption":"Pot sundae"},{"@type":"BreadcrumbList","@id":"https:\/\/www.csj-emballages.com\/pt-pt\/produit\/70-copos-de-sobremesa-em-plastico-cristal-228-ml-o78\/#breadcrumb","itemListElement":[{"@type":"ListItem","position":1,"name":"Acolhimento","item":"https:\/\/www.csj-emballages.com\/pt-pt\/universo-das-embalagens-alimentares\/"},{"@type":"ListItem","position":2,"name":"Shop","item":"https:\/\/www.csj-emballages.com\/shop\/"},{"@type":"ListItem","position":3,"name":"Pote de pl\u00e1stico para sundae 228 ml \u00d878 por 70"}]},{"@type":"WebSite","@id":"https:\/\/www.csj-emballages.com\/pt-pt\/#website","url":"https:\/\/www.csj-emballages.com\/pt-pt\/","name":"CSJ Emballages","description":"","publisher":{"@id":"https:\/\/www.csj-emballages.com\/pt-pt\/#organization"},"potentialAction":[{"@type":"SearchAction","target":{"@type":"EntryPoint","urlTemplate":"https:\/\/www.csj-emballages.com\/pt-pt\/?s={search_term_string}"},"query-input":{"@type":"PropertyValueSpecification","valueRequired":true,"valueName":"search_term_string"}}],"inLanguage":"pt-PT"},{"@type":"Organization","@id":"https:\/\/www.csj-emballages.com\/pt-pt\/#Organization\/","name":"CSJ Emballages","url":"https:\/\/www.csj-emballages.com\/pt-pt\/","logo":{"@type":"ImageObject","inLanguage":"pt-PT","@id":"https:\/\/www.csj-emballages.com\/pt-pt\/#\/schema\/logo\/image\/","url":"https:\/\/www.csj-emballages.com\/wp-content\/uploads\/2023\/10\/logo_csj.webp","contentUrl":"https:\/\/www.csj-emballages.com\/wp-content\/uploads\/2023\/10\/logo_csj.webp","width":250,"height":95,"caption":"CSJ Emballages"},"image":{"@id":"https:\/\/www.csj-emballages.com\/pt-pt\/#\/schema\/logo\/image\/"},"sameAs":["https:\/\/www.facebook.com\/csjemballages"],"address":{"@type":"PostalAddress","streetAddress":"ZI La Lechere","addressLocality":"Patornay","postalCode":"39130","addressCountry":"FR"},"contactPoint":[{"@type":"ContactPoint","contactType":"Service client","telephone":"0384254272","email":"contact@csj-emballages.com"}]}]}},"df_price":2.51,"df_sale_price":"","df_regular_price":2.51,"df_image_link":"https:\/\/www.csj-emballages.com\/wp-content\/uploads\/2024\/01\/Pot-sundae-1-300x300.webp","tiered_pricing_type":"fixed","tiered_pricing_fixed_rules":[],"tiered_pricing_percentage_rules":[],"tiered_pricing_minimum":1,"tiered_pricing_roles_data":[],"_links":{"self":[{"href":"https:\/\/www.csj-emballages.com\/pt-pt\/wp-json\/wp\/v2\/product\/17631","targetHints":{"allow":["GET"]}}],"collection":[{"href":"https:\/\/www.csj-emballages.com\/pt-pt\/wp-json\/wp\/v2\/product"}],"about":[{"href":"https:\/\/www.csj-emballages.com\/pt-pt\/wp-json\/wp\/v2\/types\/product"}],"wp:featuredmedia":[{"embeddable":true,"href":"https:\/\/www.csj-emballages.com\/pt-pt\/wp-json\/wp\/v2\/media\/256701"}],"wp:attachment":[{"href":"https:\/\/www.csj-emballages.com\/pt-pt\/wp-json\/wp\/v2\/media?parent=17631"}],"wp:term":[{"taxonomy":"product_brand","embeddable":true,"href":"https:\/\/www.csj-emballages.com\/pt-pt\/wp-json\/wp\/v2\/product_brand?post=17631"},{"taxonomy":"product_cat","embeddable":true,"href":"https:\/\/www.csj-emballages.com\/pt-pt\/wp-json\/wp\/v2\/product_cat?post=17631"},{"taxonomy":"product_tag","embeddable":true,"href":"https:\/\/www.csj-emballages.com\/pt-pt\/wp-json\/wp\/v2\/product_tag?post=17631"}],"curies":[{"name":"wp","href":"https:\/\/api.w.org\/{rel}","templated":true}]}}