{"id":17628,"date":"2024-03-01T16:46:31","date_gmt":"2024-03-01T15:46:31","guid":{"rendered":"https:\/\/u15jnbdpoq.preview.infomaniak.website\/produit\/50-frascos-de-whizz-chip-em-caixa-de-cartao-480-ml\/"},"modified":"2026-05-07T02:21:55","modified_gmt":"2026-05-07T00:21:55","slug":"50-frascos-de-whizz-chip-em-caixa-de-cartao-480-ml","status":"publish","type":"product","link":"https:\/\/www.csj-emballages.com\/pt-pt\/produit\/50-frascos-de-whizz-chip-em-caixa-de-cartao-480-ml\/","title":{"rendered":"Pote de batatas fritas \/ caixa de cart\u00e3o 480 ml por 50"},"content":{"rendered":"<h2>Batatas fritas<\/h2>\n<hr>\n<h3>Descubra o nosso pote de batatas fritas \/ whizz em caixa de 480 ml por 50<\/h3>\n<p><!--more--><\/p>\n<p class=\"\" data-start=\"142\" data-end=\"526\">O <strong data-start=\"145\" data-end=\"184\">frasco para batatas fritas Whizz de 480 ml<\/strong> \u00e9 a embalagem essencial para profissionais de fast-food, food trucks, snack-bares e eventos ao ar livre. Concebido para combinar praticidade, robustez e est\u00e9tica, permite-lhe servir as suas <strong>batatas<\/strong> <strong>fritas<\/strong>, <strong>batatas<\/strong>, <strong>donuts<\/strong> ou outros acompanhamentos de forma limpa e elegante. <\/p>\n<p class=\"\" data-start=\"528\" data-end=\"832\">Fabricado em <strong data-start=\"540\" data-end=\"580\">cart\u00e3o r\u00edgido de qualidade alimentar<\/strong>, este <strong>frasco whizz<\/strong> \u00e9 perfeitamente resistente ao calor, \u00e0 humidade e \u00e0 gordura, garantindo ao mesmo tempo uma boa ader\u00eancia para os seus clientes. A sua forma ergon\u00f3mica torna-o f\u00e1cil de segurar, o que o torna uma escolha ideal para o consumo em viagem. <\/p>\n<p class=\"\" data-start=\"834\" data-end=\"1085\">Embalado em lotes de <strong>50<\/strong> unidades, \u00e9 perfeito para os profissionais que desejam um stock pr\u00e1tico a um pre\u00e7o excelente. Este formato individual garante <strong data-start=\"998\" data-end=\"1022\">uma apresenta\u00e7\u00e3o cuidada<\/strong> das suas por\u00e7\u00f5es, optimizando o conforto da degusta\u00e7\u00e3o. <\/p>\n<p class=\"\" data-start=\"1087\" data-end=\"1270\">Este <strong>pote de batatas fritas<\/strong> \u00e9 tamb\u00e9m uma alternativa mais respons\u00e1vel \u00e0s embalagens de pl\u00e1stico, com um material <strong data-start=\"1185\" data-end=\"1199\">recicl\u00e1vel<\/strong> que satisfaz as expectativas dos consumidores preocupados com o ambiente.<\/p>\n<p>&nbsp;<\/p>\n<p><!--more--><\/p>\n<h4>As suas vantagens:<\/h4>\n<ul>\n<li>Fabricado em <strong data-start=\"1313\" data-end=\"1330\">cart\u00e3o r\u00edgido<\/strong>, resistente \u00e0 gordura e ao calor.<\/li>\n<li><strong data-start=\"1375\" data-end=\"1392\">Formato de 480 ml<\/strong> ideal para batatas fritas, snacks, tapas ou fritos.<\/li>\n<li>Um design s\u00f3brio e profissional que valoriza a sua imagem de marca.<\/li>\n<li><strong data-start=\"1592\" data-end=\"1614\">Embalados em pacotes de 50 unidades<\/strong>, pr\u00e1ticos para uso quotidiano.<\/li>\n<li><strong data-start=\"1653\" data-end=\"1667\">Recicl\u00e1vel<\/strong>, amigo do ambiente.<\/li>\n<\/ul>\n<p>&nbsp;<\/p>\n<p><!--more--><\/p>\n<h4>Outras informa\u00e7\u00f5es :<\/h4>\n<ul>\n<li><strong>Embalagem<\/strong>: Pacote de 50<\/li>\n<li><strong>Di\u00e2metro inferior<\/strong>: 61 mm<\/li>\n<li><strong>Di\u00e2metro superior<\/strong>: 86 mm<\/li>\n<li><strong>Altura total<\/strong>: 173 mm<\/li>\n<li><strong>Altura dobrada<\/strong>: 131 mm<\/li>\n<li><strong>Volume<\/strong>: 480 ml<\/li>\n<li><strong>Cor<\/strong>: castanho<\/li>\n<li><strong>Material<\/strong>: Cart\u00e3o<\/li>\n<\/ul>\n<p>&nbsp;<\/p>\n<p><!--more--><\/p>\n<p>Este produto est\u00e1 dispon\u00edvel em diferentes tamanhos: <span style=\"color: #d12727\"><a style=\"color: #d12727\" href=\"https:\/\/www.csj-emballages.com\/es\/produit\/50-tarrinas-de-carton-whizz-chip-325-ml\/\">WHIZZ325<\/a><\/span> \/ <span style=\"color: #d12727\"><a style=\"color: #d12727\" href=\"https:\/\/www.csj-emballages.com\/es\/produit\/50-tarros-de-carton-whizz-chip-160-x-60-mm\/\">WHIZZ16<\/a><\/span><\/p>\n<h2><\/h2>\n<p><!--more--><\/p>\n<p><a href=\"https:\/\/www.csj-emballages.com\/pt-pt\/categorie-produit\/embalagem-de-alimentos\/restauracao\/caixas-tabuleiros-bolsas-cones\/cones-e-tachos-de-massa-envoltorio-milho\/cones-de-fritura\/\">Ver o resto da nossa gama de cones para batatas fritas<\/a><\/p>\n","protected":false},"excerpt":{"rendered":"<p>Batatas fritas Descubra o nosso pote de batatas fritas \/ whizz em caixa de 480 ml por 50<\/p>\n","protected":false},"featured_media":230511,"template":"","meta":{"_acf_changed":false},"product_brand":[],"product_cat":[1141,1138,1476,1477],"product_tag":[],"class_list":{"0":"post-17628","1":"product","2":"type-product","3":"status-publish","4":"has-post-thumbnail","6":"product_cat-embalagem-de-alimentos","7":"product_cat-restauracao","8":"product_cat-tabuleiros-caixas-de-cartao","9":"product_cat-cones-de-fritura","11":"first","12":"instock","13":"taxable","14":"shipping-taxable","15":"purchasable","16":"product-type-simple"},"acf":[],"yoast_head":"<!-- This site is optimized with the Yoast SEO Premium plugin v26.6 (Yoast SEO v26.6) - https:\/\/yoast.com\/wordpress\/plugins\/seo\/ -->\n<title>Fritas \/ Whizz Caixa de cart\u00e3o 480 ml por 50<\/title>\n<meta name=\"description\" content=\"Pote para batatas fritas Whizz 480 ml - pr\u00e1tico, resistente e recicl\u00e1vel. Ideal para snacks e refei\u00e7\u00f5es r\u00e1pidas. Embalagem de 50.\" \/>\n<meta name=\"robots\" content=\"index, follow, max-snippet:-1, max-image-preview:large, max-video-preview:-1\" \/>\n<link rel=\"canonical\" href=\"https:\/\/www.csj-emballages.com\/pt-pt\/produit\/50-frascos-de-whizz-chip-em-caixa-de-cartao-480-ml\/\" \/>\n<meta property=\"og:locale\" content=\"pt_PT\" \/>\n<meta property=\"og:type\" content=\"article\" \/>\n<meta property=\"og:title\" content=\"Pote de batatas fritas \/ caixa de cart\u00e3o 480 ml por 50\" \/>\n<meta property=\"og:description\" content=\"Pote para batatas fritas Whizz 480 ml - pr\u00e1tico, resistente e recicl\u00e1vel. Ideal para snacks e refei\u00e7\u00f5es r\u00e1pidas. Embalagem de 50.\" \/>\n<meta property=\"og:url\" content=\"https:\/\/www.csj-emballages.com\/pt-pt\/produit\/50-frascos-de-whizz-chip-em-caixa-de-cartao-480-ml\/\" \/>\n<meta property=\"og:site_name\" content=\"CSJ Emballages\" \/>\n<meta property=\"article:publisher\" content=\"https:\/\/www.facebook.com\/csjemballages\" \/>\n<meta property=\"article:modified_time\" content=\"2026-05-07T00:21:55+00:00\" \/>\n<meta property=\"og:image\" content=\"https:\/\/www.csj-emballages.com\/wp-content\/uploads\/2024\/03\/POT-WHIZZ-500-1-1.webp\" \/>\n\t<meta property=\"og:image:width\" content=\"800\" \/>\n\t<meta property=\"og:image:height\" content=\"800\" \/>\n\t<meta property=\"og:image:type\" content=\"image\/webp\" \/>\n<meta name=\"twitter:card\" content=\"summary_large_image\" \/>\n<meta name=\"twitter:label1\" content=\"Tempo estimado de leitura\" \/>\n\t<meta name=\"twitter:data1\" content=\"1 minuto\" \/>\n<script type=\"application\/ld+json\" class=\"yoast-schema-graph\">{\"@context\":\"https:\/\/schema.org\",\"@graph\":[{\"@type\":\"WebPage\",\"@id\":\"https:\/\/www.csj-emballages.com\/pt-pt\/produit\/50-frascos-de-whizz-chip-em-caixa-de-cartao-480-ml\/\",\"url\":\"https:\/\/www.csj-emballages.com\/pt-pt\/produit\/50-frascos-de-whizz-chip-em-caixa-de-cartao-480-ml\/\",\"name\":\"Fritas \/ Whizz Caixa de cart\u00e3o 480 ml por 50\",\"isPartOf\":{\"@id\":\"https:\/\/www.csj-emballages.com\/pt-pt\/#website\"},\"primaryImageOfPage\":{\"@id\":\"https:\/\/www.csj-emballages.com\/pt-pt\/produit\/50-frascos-de-whizz-chip-em-caixa-de-cartao-480-ml\/#primaryimage\"},\"image\":{\"@id\":\"https:\/\/www.csj-emballages.com\/pt-pt\/produit\/50-frascos-de-whizz-chip-em-caixa-de-cartao-480-ml\/#primaryimage\"},\"thumbnailUrl\":\"https:\/\/www.csj-emballages.com\/wp-content\/uploads\/2024\/03\/POT-WHIZZ-500-1-1.webp\",\"datePublished\":\"2024-03-01T15:46:31+00:00\",\"dateModified\":\"2026-05-07T00:21:55+00:00\",\"description\":\"Pote para batatas fritas Whizz 480 ml - pr\u00e1tico, resistente e recicl\u00e1vel. Ideal para snacks e refei\u00e7\u00f5es r\u00e1pidas. Embalagem de 50.\",\"breadcrumb\":{\"@id\":\"https:\/\/www.csj-emballages.com\/pt-pt\/produit\/50-frascos-de-whizz-chip-em-caixa-de-cartao-480-ml\/#breadcrumb\"},\"inLanguage\":\"pt-PT\",\"potentialAction\":[{\"@type\":\"ReadAction\",\"target\":[\"https:\/\/www.csj-emballages.com\/pt-pt\/produit\/50-frascos-de-whizz-chip-em-caixa-de-cartao-480-ml\/\"]}]},{\"@type\":\"ImageObject\",\"inLanguage\":\"pt-PT\",\"@id\":\"https:\/\/www.csj-emballages.com\/pt-pt\/produit\/50-frascos-de-whizz-chip-em-caixa-de-cartao-480-ml\/#primaryimage\",\"url\":\"https:\/\/www.csj-emballages.com\/wp-content\/uploads\/2024\/03\/POT-WHIZZ-500-1-1.webp\",\"contentUrl\":\"https:\/\/www.csj-emballages.com\/wp-content\/uploads\/2024\/03\/POT-WHIZZ-500-1-1.webp\",\"width\":800,\"height\":800,\"caption\":\"Pot frites\"},{\"@type\":\"BreadcrumbList\",\"@id\":\"https:\/\/www.csj-emballages.com\/pt-pt\/produit\/50-frascos-de-whizz-chip-em-caixa-de-cartao-480-ml\/#breadcrumb\",\"itemListElement\":[{\"@type\":\"ListItem\",\"position\":1,\"name\":\"Acolhimento\",\"item\":\"https:\/\/www.csj-emballages.com\/pt-pt\/universo-das-embalagens-alimentares\/\"},{\"@type\":\"ListItem\",\"position\":2,\"name\":\"Shop\",\"item\":\"https:\/\/www.csj-emballages.com\/shop\/\"},{\"@type\":\"ListItem\",\"position\":3,\"name\":\"Pote de batatas fritas \/ caixa de cart\u00e3o 480 ml por 50\"}]},{\"@type\":\"WebSite\",\"@id\":\"https:\/\/www.csj-emballages.com\/pt-pt\/#website\",\"url\":\"https:\/\/www.csj-emballages.com\/pt-pt\/\",\"name\":\"CSJ Emballages\",\"description\":\"\",\"publisher\":{\"@id\":\"https:\/\/www.csj-emballages.com\/pt-pt\/#organization\"},\"potentialAction\":[{\"@type\":\"SearchAction\",\"target\":{\"@type\":\"EntryPoint\",\"urlTemplate\":\"https:\/\/www.csj-emballages.com\/pt-pt\/?s={search_term_string}\"},\"query-input\":{\"@type\":\"PropertyValueSpecification\",\"valueRequired\":true,\"valueName\":\"search_term_string\"}}],\"inLanguage\":\"pt-PT\"},{\"@type\":\"Organization\",\"@id\":\"https:\/\/www.csj-emballages.com\/pt-pt\/#Organization\/\",\"name\":\"CSJ Emballages\",\"url\":\"https:\/\/www.csj-emballages.com\/pt-pt\/\",\"logo\":{\"@type\":\"ImageObject\",\"inLanguage\":\"pt-PT\",\"@id\":\"https:\/\/www.csj-emballages.com\/pt-pt\/#\/schema\/logo\/image\/\",\"url\":\"https:\/\/www.csj-emballages.com\/wp-content\/uploads\/2023\/10\/logo_csj.webp\",\"contentUrl\":\"https:\/\/www.csj-emballages.com\/wp-content\/uploads\/2023\/10\/logo_csj.webp\",\"width\":250,\"height\":95,\"caption\":\"CSJ Emballages\"},\"image\":{\"@id\":\"https:\/\/www.csj-emballages.com\/pt-pt\/#\/schema\/logo\/image\/\"},\"sameAs\":[\"https:\/\/www.facebook.com\/csjemballages\"],\"address\":{\"@type\":\"PostalAddress\",\"streetAddress\":\"ZI La Lechere\",\"addressLocality\":\"Patornay\",\"postalCode\":\"39130\",\"addressCountry\":\"FR\"},\"contactPoint\":[{\"@type\":\"ContactPoint\",\"contactType\":\"Service client\",\"telephone\":\"0384254272\",\"email\":\"contact@csj-emballages.com\"}]}]}<\/script>\n<!-- \/ Yoast SEO Premium plugin. -->","yoast_head_json":{"title":"Fritas \/ Whizz Caixa de cart\u00e3o 480 ml por 50","description":"Pote para batatas fritas Whizz 480 ml - pr\u00e1tico, resistente e recicl\u00e1vel. Ideal para snacks e refei\u00e7\u00f5es r\u00e1pidas. Embalagem de 50.","robots":{"index":"index","follow":"follow","max-snippet":"max-snippet:-1","max-image-preview":"max-image-preview:large","max-video-preview":"max-video-preview:-1"},"canonical":"https:\/\/www.csj-emballages.com\/pt-pt\/produit\/50-frascos-de-whizz-chip-em-caixa-de-cartao-480-ml\/","og_locale":"pt_PT","og_type":"article","og_title":"Pote de batatas fritas \/ caixa de cart\u00e3o 480 ml por 50","og_description":"Pote para batatas fritas Whizz 480 ml - pr\u00e1tico, resistente e recicl\u00e1vel. Ideal para snacks e refei\u00e7\u00f5es r\u00e1pidas. Embalagem de 50.","og_url":"https:\/\/www.csj-emballages.com\/pt-pt\/produit\/50-frascos-de-whizz-chip-em-caixa-de-cartao-480-ml\/","og_site_name":"CSJ Emballages","article_publisher":"https:\/\/www.facebook.com\/csjemballages","article_modified_time":"2026-05-07T00:21:55+00:00","og_image":[{"width":800,"height":800,"url":"https:\/\/www.csj-emballages.com\/wp-content\/uploads\/2024\/03\/POT-WHIZZ-500-1-1.webp","type":"image\/webp"}],"twitter_card":"summary_large_image","twitter_misc":{"Tempo estimado de leitura":"1 minuto"},"schema":{"@context":"https:\/\/schema.org","@graph":[{"@type":"WebPage","@id":"https:\/\/www.csj-emballages.com\/pt-pt\/produit\/50-frascos-de-whizz-chip-em-caixa-de-cartao-480-ml\/","url":"https:\/\/www.csj-emballages.com\/pt-pt\/produit\/50-frascos-de-whizz-chip-em-caixa-de-cartao-480-ml\/","name":"Fritas \/ Whizz Caixa de cart\u00e3o 480 ml por 50","isPartOf":{"@id":"https:\/\/www.csj-emballages.com\/pt-pt\/#website"},"primaryImageOfPage":{"@id":"https:\/\/www.csj-emballages.com\/pt-pt\/produit\/50-frascos-de-whizz-chip-em-caixa-de-cartao-480-ml\/#primaryimage"},"image":{"@id":"https:\/\/www.csj-emballages.com\/pt-pt\/produit\/50-frascos-de-whizz-chip-em-caixa-de-cartao-480-ml\/#primaryimage"},"thumbnailUrl":"https:\/\/www.csj-emballages.com\/wp-content\/uploads\/2024\/03\/POT-WHIZZ-500-1-1.webp","datePublished":"2024-03-01T15:46:31+00:00","dateModified":"2026-05-07T00:21:55+00:00","description":"Pote para batatas fritas Whizz 480 ml - pr\u00e1tico, resistente e recicl\u00e1vel. Ideal para snacks e refei\u00e7\u00f5es r\u00e1pidas. Embalagem de 50.","breadcrumb":{"@id":"https:\/\/www.csj-emballages.com\/pt-pt\/produit\/50-frascos-de-whizz-chip-em-caixa-de-cartao-480-ml\/#breadcrumb"},"inLanguage":"pt-PT","potentialAction":[{"@type":"ReadAction","target":["https:\/\/www.csj-emballages.com\/pt-pt\/produit\/50-frascos-de-whizz-chip-em-caixa-de-cartao-480-ml\/"]}]},{"@type":"ImageObject","inLanguage":"pt-PT","@id":"https:\/\/www.csj-emballages.com\/pt-pt\/produit\/50-frascos-de-whizz-chip-em-caixa-de-cartao-480-ml\/#primaryimage","url":"https:\/\/www.csj-emballages.com\/wp-content\/uploads\/2024\/03\/POT-WHIZZ-500-1-1.webp","contentUrl":"https:\/\/www.csj-emballages.com\/wp-content\/uploads\/2024\/03\/POT-WHIZZ-500-1-1.webp","width":800,"height":800,"caption":"Pot frites"},{"@type":"BreadcrumbList","@id":"https:\/\/www.csj-emballages.com\/pt-pt\/produit\/50-frascos-de-whizz-chip-em-caixa-de-cartao-480-ml\/#breadcrumb","itemListElement":[{"@type":"ListItem","position":1,"name":"Acolhimento","item":"https:\/\/www.csj-emballages.com\/pt-pt\/universo-das-embalagens-alimentares\/"},{"@type":"ListItem","position":2,"name":"Shop","item":"https:\/\/www.csj-emballages.com\/shop\/"},{"@type":"ListItem","position":3,"name":"Pote de batatas fritas \/ caixa de cart\u00e3o 480 ml por 50"}]},{"@type":"WebSite","@id":"https:\/\/www.csj-emballages.com\/pt-pt\/#website","url":"https:\/\/www.csj-emballages.com\/pt-pt\/","name":"CSJ Emballages","description":"","publisher":{"@id":"https:\/\/www.csj-emballages.com\/pt-pt\/#organization"},"potentialAction":[{"@type":"SearchAction","target":{"@type":"EntryPoint","urlTemplate":"https:\/\/www.csj-emballages.com\/pt-pt\/?s={search_term_string}"},"query-input":{"@type":"PropertyValueSpecification","valueRequired":true,"valueName":"search_term_string"}}],"inLanguage":"pt-PT"},{"@type":"Organization","@id":"https:\/\/www.csj-emballages.com\/pt-pt\/#Organization\/","name":"CSJ Emballages","url":"https:\/\/www.csj-emballages.com\/pt-pt\/","logo":{"@type":"ImageObject","inLanguage":"pt-PT","@id":"https:\/\/www.csj-emballages.com\/pt-pt\/#\/schema\/logo\/image\/","url":"https:\/\/www.csj-emballages.com\/wp-content\/uploads\/2023\/10\/logo_csj.webp","contentUrl":"https:\/\/www.csj-emballages.com\/wp-content\/uploads\/2023\/10\/logo_csj.webp","width":250,"height":95,"caption":"CSJ Emballages"},"image":{"@id":"https:\/\/www.csj-emballages.com\/pt-pt\/#\/schema\/logo\/image\/"},"sameAs":["https:\/\/www.facebook.com\/csjemballages"],"address":{"@type":"PostalAddress","streetAddress":"ZI La Lechere","addressLocality":"Patornay","postalCode":"39130","addressCountry":"FR"},"contactPoint":[{"@type":"ContactPoint","contactType":"Service client","telephone":"0384254272","email":"contact@csj-emballages.com"}]}]}},"df_price":5.18,"df_sale_price":"","df_regular_price":5.18,"df_image_link":"https:\/\/www.csj-emballages.com\/wp-content\/uploads\/2024\/03\/POT-WHIZZ-500-1-1-300x300.webp","tiered_pricing_type":"fixed","tiered_pricing_fixed_rules":[],"tiered_pricing_percentage_rules":[],"tiered_pricing_minimum":1,"tiered_pricing_roles_data":[],"_links":{"self":[{"href":"https:\/\/www.csj-emballages.com\/pt-pt\/wp-json\/wp\/v2\/product\/17628","targetHints":{"allow":["GET"]}}],"collection":[{"href":"https:\/\/www.csj-emballages.com\/pt-pt\/wp-json\/wp\/v2\/product"}],"about":[{"href":"https:\/\/www.csj-emballages.com\/pt-pt\/wp-json\/wp\/v2\/types\/product"}],"wp:featuredmedia":[{"embeddable":true,"href":"https:\/\/www.csj-emballages.com\/pt-pt\/wp-json\/wp\/v2\/media\/230511"}],"wp:attachment":[{"href":"https:\/\/www.csj-emballages.com\/pt-pt\/wp-json\/wp\/v2\/media?parent=17628"}],"wp:term":[{"taxonomy":"product_brand","embeddable":true,"href":"https:\/\/www.csj-emballages.com\/pt-pt\/wp-json\/wp\/v2\/product_brand?post=17628"},{"taxonomy":"product_cat","embeddable":true,"href":"https:\/\/www.csj-emballages.com\/pt-pt\/wp-json\/wp\/v2\/product_cat?post=17628"},{"taxonomy":"product_tag","embeddable":true,"href":"https:\/\/www.csj-emballages.com\/pt-pt\/wp-json\/wp\/v2\/product_tag?post=17628"}],"curies":[{"name":"wp","href":"https:\/\/api.w.org\/{rel}","templated":true}]}}