{"id":17614,"date":"2024-03-01T16:46:30","date_gmt":"2024-03-01T15:46:30","guid":{"rendered":"https:\/\/u15jnbdpoq.preview.infomaniak.website\/produit\/100-sacos-neutros-bd-com-fecho-de-pressao-180-x-250-mm\/"},"modified":"2026-04-21T02:18:41","modified_gmt":"2026-04-21T00:18:41","slug":"100-sacos-neutros-bd-com-fecho-de-pressao-180-x-250-mm","status":"publish","type":"product","link":"https:\/\/www.csj-emballages.com\/pt-pt\/produit\/100-sacos-neutros-bd-com-fecho-de-pressao-180-x-250-mm\/","title":{"rendered":"Saco zip neutro BD com fecho de press\u00e3o 180 x 250 mm, embalagem de 100 unidades"},"content":{"rendered":"<h2>Saco zip<\/h2>\n<hr>\n<h3>Descri\u00e7\u00e3o do nosso saco zip neutro BD com fecho de press\u00e3o 180 x 250 mm, embalagem de 100 unidades<\/h3>\n<p><!--more--><\/p>\n<p data-start=\"233\" data-end=\"583\">Quando o formato se torna um pouco maior, as possibilidades tamb\u00e9m aumentam. O <strong data-start=\"303\" data-end=\"340\">saco zip neutro BD 180 x 250 mm<\/strong> \u00e9 ideal para agrupar, proteger e organizar <strong>objetos de tamanho m\u00e9dio<\/strong> sem perder a simplicidade. Gra\u00e7as ao seu <strong data-start=\"456\" data-end=\"480\">fecho de press\u00e3o<\/strong>, o conte\u00fado permanece bem acondicionado, mantendo-se f\u00e1cil de aceder. Abre-se, fecha-se e est\u00e1 pronto.   <\/p>\n<p data-start=\"585\" data-end=\"979\">A sua <strong>transpar\u00eancia<\/strong> permite identificar imediatamente o que cont\u00e9m, o que poupa tempo no dia a dia. J\u00e1 n\u00e3o precisa de etiquetas complicadas ou de manipula\u00e7\u00f5es desnecess\u00e1rias. E, para ir ainda mais longe na organiza\u00e7\u00e3o.  <\/p>\n<p data-start=\"981\" data-end=\"1329\">Com as suas dimens\u00f5es de <strong>180 x 250 mm<\/strong>, este <strong>saco zip<\/strong> \u00e9 perfeito para <strong>pe\u00e7as sobresselentes, acess\u00f3rios, documentos dobrados, amostras, produtos t\u00e9cnicos ou artigos de pequena distribui\u00e7\u00e3o<\/strong>. O pl\u00e1stico \u00e9 flex\u00edvel, mas suficientemente robusto para resistir a manuseamentos repetidos e proteger o conte\u00fado do p\u00f3 e de sujidade ligeira. <\/p>\n<p data-start=\"1331\" data-end=\"1565\">Vendido em <strong data-start=\"1337\" data-end=\"1355\">lotes de 100 unidades<\/strong>, integra-se facilmente numa organiza\u00e7\u00e3o profissional ou pessoal. Oficinas, armaz\u00e9ns, escrit\u00f3rios, laborat\u00f3rios ou at\u00e9 mesmo em casa, encontra rapidamente o seu lugar em todos os locais onde a ordem \u00e9 essencial. <\/p>\n<p data-start=\"1567\" data-end=\"1740\">Em resumo, este <strong>saco zip<\/strong> \u00e9 uma solu\u00e7\u00e3o simples, eficaz e vers\u00e1til para manter os seus produtos bem protegidos e perfeitamente identificados, sem perder tempo nem energia.<\/p>\n<p data-start=\"1630\" data-end=\"1760\"><!--more--><\/p>\n<h4 data-start=\"1608\" data-end=\"1777\">Vantagens :<\/h4>\n<ul>\n<li data-start=\"1788\" data-end=\"1844\"><strong>Polietileno de baixa densidade<\/strong> virgem, flex\u00edvel e resistente.<\/li>\n<li data-start=\"1847\" data-end=\"1897\"><strong>Fecho de press\u00e3o<\/strong> fi\u00e1vel e f\u00e1cil de utilizar.<\/li>\n<li data-start=\"1900\" data-end=\"1935\">Formato compacto para pequenos objetos.<\/li>\n<li data-start=\"1938\" data-end=\"1976\">Transpar\u00eancia para uma identifica\u00e7\u00e3o r\u00e1pida.<\/li>\n<li data-start=\"1979\" data-end=\"2016\"><strong>Espessura de 50 \u00b5<\/strong> para uma boa resist\u00eancia.<\/li>\n<li data-start=\"2019\" data-end=\"2054\"><strong>Embalagem<\/strong> pr\u00e1tica e econ\u00f3mica <strong>de 100 unidades<\/strong>.<\/li>\n<\/ul>\n<p>&nbsp;<\/p>\n<p><!--more--><\/p>\n<h4>Outras informa\u00e7\u00f5es :<\/h4>\n<ul>\n<li><strong>Embalagem<\/strong>: Pacote de 100<\/li>\n<li><strong>Dimens\u00f5es<\/strong>: 180 x 250 mm<\/li>\n<li><strong>Cor<\/strong>: Incolor<\/li>\n<li><strong>Espessura<\/strong>: 50\u03bc<\/li>\n<li><b>Material<\/b>: Polietileno de baixa densidade virgem<\/li>\n<\/ul>\n<p>&nbsp;<\/p>\n<p><!--more--><\/p>\n<p>Este saco zip est\u00e1 dispon\u00edvel em diferentes tamanhos: <span style=\"color: #d12727;\"><a style=\"color: #d12727;\" href=\"https:\/\/www.csj-emballages.com\/pt-pt\/produit\/100-sacos-neutros-bd-com-fecho-de-pressao-40-x-60-mm\/\">40 x 60 mm<\/a><\/span> \/ <span style=\"color: #d12727;\"><a style=\"color: #d12727;\" href=\"https:\/\/www.csj-emballages.com\/pt-pt\/produit\/100-sacos-neutros-bd-com-fecho-de-pressao-60-x-80-mm\/\">60 x 80 mm<\/a><\/span> \/ <span style=\"color: #d12727;\"><a style=\"color: #d12727;\" href=\"https:\/\/www.csj-emballages.com\/pt-pt\/produit\/100-sacos-neutros-bd-com-fecho-de-pressao-80-x-120-mm\/\">80 x 120 mm<\/a><\/span> \/ <span style=\"color: #d12727;\"><a style=\"color: #d12727;\" href=\"https:\/\/www.csj-emballages.com\/pt-pt\/produit\/100-sacos-neutros-bd-com-fecho-de-pressao-100-x-150-mm\/\">100 x 150 mm<\/a><\/span> \/ <span style=\"color: #d12727;\"><a style=\"color: #d12727;\" href=\"https:\/\/www.csj-emballages.com\/pt-pt\/produit\/100-sacos-neutros-bd-com-fecho-de-pressao-250-x-350-mm\/\">250 x 350 mm<\/a><\/span><\/p>\n<p>&nbsp;<\/p>\n<p><!--more--><\/p>\n<p><a href=\"https:\/\/www.csj-emballages.com\/pt-pt\/categorie-produit\/embalagem-de-alimentos\/loja-e-armazem\/sacos-saquetas\/sacos-com-fecho-de-correr\/\">Consulte o resto da nossa gama de sacos com fecho ZIP<\/a><\/p>\n<p>&nbsp;<\/p>\n<p>&nbsp;<\/p>\n","protected":false},"excerpt":{"rendered":"<p>Saco zip Descri\u00e7\u00e3o do nosso saco zip neutro BD com fecho de press\u00e3o 180 x 250 mm, embalagem de 100 unidades<\/p>\n","protected":false},"featured_media":260499,"template":"","meta":{"_acf_changed":false},"product_brand":[],"product_cat":[1482,1483],"product_tag":[],"class_list":{"0":"post-17614","1":"product","2":"type-product","3":"status-publish","4":"has-post-thumbnail","6":"product_cat-loja-e-armazem","7":"product_cat-sacos-com-fecho-de-correr","9":"first","10":"instock","11":"taxable","12":"shipping-taxable","13":"purchasable","14":"product-type-simple"},"acf":[],"yoast_head":"<!-- This site is optimized with the Yoast SEO Premium plugin v26.6 (Yoast SEO v26.6) - https:\/\/yoast.com\/wordpress\/plugins\/seo\/ -->\n<title>Saco Zip Neutro BD com Fecho de Press\u00e3o 180 x 250 mm, embalagem de 100 unidades<\/title>\n<meta name=\"description\" content=\"Saco zip neutro BD 180 x 250 mm com bandas brancas, vendido em embalagens de 100 unidades. Solu\u00e7\u00e3o pr\u00e1tica para arrumar, proteger e identificar os seus objetos facilmente.\" \/>\n<meta name=\"robots\" content=\"index, follow, max-snippet:-1, max-image-preview:large, max-video-preview:-1\" \/>\n<link rel=\"canonical\" href=\"https:\/\/www.csj-emballages.com\/pt-pt\/produit\/100-sacos-neutros-bd-com-fecho-de-pressao-180-x-250-mm\/\" \/>\n<meta property=\"og:locale\" content=\"pt_PT\" \/>\n<meta property=\"og:type\" content=\"article\" \/>\n<meta property=\"og:title\" content=\"Saco zip neutro BD com fecho de press\u00e3o 180 x 250 mm, embalagem de 100 unidades\" \/>\n<meta property=\"og:description\" content=\"Saco zip neutro BD 180 x 250 mm com bandas brancas, vendido em embalagens de 100 unidades. Solu\u00e7\u00e3o pr\u00e1tica para arrumar, proteger e identificar os seus objetos facilmente.\" \/>\n<meta property=\"og:url\" content=\"https:\/\/www.csj-emballages.com\/pt-pt\/produit\/100-sacos-neutros-bd-com-fecho-de-pressao-180-x-250-mm\/\" \/>\n<meta property=\"og:site_name\" content=\"CSJ Emballages\" \/>\n<meta property=\"article:publisher\" content=\"https:\/\/www.facebook.com\/csjemballages\" \/>\n<meta property=\"article:modified_time\" content=\"2026-04-21T00:18:41+00:00\" \/>\n<meta property=\"og:image\" content=\"https:\/\/www.csj-emballages.com\/wp-content\/uploads\/2024\/03\/ZIP16.webp\" \/>\n\t<meta property=\"og:image:width\" content=\"800\" \/>\n\t<meta property=\"og:image:height\" content=\"800\" \/>\n\t<meta property=\"og:image:type\" content=\"image\/webp\" \/>\n<meta name=\"twitter:card\" content=\"summary_large_image\" \/>\n<meta name=\"twitter:label1\" content=\"Tempo estimado de leitura\" \/>\n\t<meta name=\"twitter:data1\" content=\"2 minutos\" \/>\n<script type=\"application\/ld+json\" class=\"yoast-schema-graph\">{\"@context\":\"https:\/\/schema.org\",\"@graph\":[{\"@type\":\"WebPage\",\"@id\":\"https:\/\/www.csj-emballages.com\/pt-pt\/produit\/100-sacos-neutros-bd-com-fecho-de-pressao-180-x-250-mm\/\",\"url\":\"https:\/\/www.csj-emballages.com\/pt-pt\/produit\/100-sacos-neutros-bd-com-fecho-de-pressao-180-x-250-mm\/\",\"name\":\"Saco Zip Neutro BD com Fecho de Press\u00e3o 180 x 250 mm, embalagem de 100 unidades\",\"isPartOf\":{\"@id\":\"https:\/\/www.csj-emballages.com\/pt-pt\/#website\"},\"primaryImageOfPage\":{\"@id\":\"https:\/\/www.csj-emballages.com\/pt-pt\/produit\/100-sacos-neutros-bd-com-fecho-de-pressao-180-x-250-mm\/#primaryimage\"},\"image\":{\"@id\":\"https:\/\/www.csj-emballages.com\/pt-pt\/produit\/100-sacos-neutros-bd-com-fecho-de-pressao-180-x-250-mm\/#primaryimage\"},\"thumbnailUrl\":\"https:\/\/www.csj-emballages.com\/wp-content\/uploads\/2024\/03\/ZIP16.webp\",\"datePublished\":\"2024-03-01T15:46:30+00:00\",\"dateModified\":\"2026-04-21T00:18:41+00:00\",\"description\":\"Saco zip neutro BD 180 x 250 mm com bandas brancas, vendido em embalagens de 100 unidades. Solu\u00e7\u00e3o pr\u00e1tica para arrumar, proteger e identificar os seus objetos facilmente.\",\"breadcrumb\":{\"@id\":\"https:\/\/www.csj-emballages.com\/pt-pt\/produit\/100-sacos-neutros-bd-com-fecho-de-pressao-180-x-250-mm\/#breadcrumb\"},\"inLanguage\":\"pt-PT\",\"potentialAction\":[{\"@type\":\"ReadAction\",\"target\":[\"https:\/\/www.csj-emballages.com\/pt-pt\/produit\/100-sacos-neutros-bd-com-fecho-de-pressao-180-x-250-mm\/\"]}]},{\"@type\":\"ImageObject\",\"inLanguage\":\"pt-PT\",\"@id\":\"https:\/\/www.csj-emballages.com\/pt-pt\/produit\/100-sacos-neutros-bd-com-fecho-de-pressao-180-x-250-mm\/#primaryimage\",\"url\":\"https:\/\/www.csj-emballages.com\/wp-content\/uploads\/2024\/03\/ZIP16.webp\",\"contentUrl\":\"https:\/\/www.csj-emballages.com\/wp-content\/uploads\/2024\/03\/ZIP16.webp\",\"width\":800,\"height\":800,\"caption\":\"Sachet zip\"},{\"@type\":\"BreadcrumbList\",\"@id\":\"https:\/\/www.csj-emballages.com\/pt-pt\/produit\/100-sacos-neutros-bd-com-fecho-de-pressao-180-x-250-mm\/#breadcrumb\",\"itemListElement\":[{\"@type\":\"ListItem\",\"position\":1,\"name\":\"Acolhimento\",\"item\":\"https:\/\/www.csj-emballages.com\/pt-pt\/universo-das-embalagens-alimentares\/\"},{\"@type\":\"ListItem\",\"position\":2,\"name\":\"Shop\",\"item\":\"https:\/\/www.csj-emballages.com\/shop\/\"},{\"@type\":\"ListItem\",\"position\":3,\"name\":\"Saco zip neutro BD com fecho de press\u00e3o 180 x 250 mm, embalagem de 100 unidades\"}]},{\"@type\":\"WebSite\",\"@id\":\"https:\/\/www.csj-emballages.com\/pt-pt\/#website\",\"url\":\"https:\/\/www.csj-emballages.com\/pt-pt\/\",\"name\":\"CSJ Emballages\",\"description\":\"\",\"publisher\":{\"@id\":\"https:\/\/www.csj-emballages.com\/pt-pt\/#organization\"},\"potentialAction\":[{\"@type\":\"SearchAction\",\"target\":{\"@type\":\"EntryPoint\",\"urlTemplate\":\"https:\/\/www.csj-emballages.com\/pt-pt\/?s={search_term_string}\"},\"query-input\":{\"@type\":\"PropertyValueSpecification\",\"valueRequired\":true,\"valueName\":\"search_term_string\"}}],\"inLanguage\":\"pt-PT\"},{\"@type\":\"Organization\",\"@id\":\"https:\/\/www.csj-emballages.com\/pt-pt\/#Organization\/\",\"name\":\"CSJ Emballages\",\"url\":\"https:\/\/www.csj-emballages.com\/pt-pt\/\",\"logo\":{\"@type\":\"ImageObject\",\"inLanguage\":\"pt-PT\",\"@id\":\"https:\/\/www.csj-emballages.com\/pt-pt\/#\/schema\/logo\/image\/\",\"url\":\"https:\/\/www.csj-emballages.com\/wp-content\/uploads\/2023\/10\/logo_csj.webp\",\"contentUrl\":\"https:\/\/www.csj-emballages.com\/wp-content\/uploads\/2023\/10\/logo_csj.webp\",\"width\":250,\"height\":95,\"caption\":\"CSJ Emballages\"},\"image\":{\"@id\":\"https:\/\/www.csj-emballages.com\/pt-pt\/#\/schema\/logo\/image\/\"},\"sameAs\":[\"https:\/\/www.facebook.com\/csjemballages\"],\"address\":{\"@type\":\"PostalAddress\",\"streetAddress\":\"ZI La Lechere\",\"addressLocality\":\"Patornay\",\"postalCode\":\"39130\",\"addressCountry\":\"FR\"},\"contactPoint\":[{\"@type\":\"ContactPoint\",\"contactType\":\"Service client\",\"telephone\":\"0384254272\",\"email\":\"contact@csj-emballages.com\"}]}]}<\/script>\n<!-- \/ Yoast SEO Premium plugin. -->","yoast_head_json":{"title":"Saco Zip Neutro BD com Fecho de Press\u00e3o 180 x 250 mm, embalagem de 100 unidades","description":"Saco zip neutro BD 180 x 250 mm com bandas brancas, vendido em embalagens de 100 unidades. Solu\u00e7\u00e3o pr\u00e1tica para arrumar, proteger e identificar os seus objetos facilmente.","robots":{"index":"index","follow":"follow","max-snippet":"max-snippet:-1","max-image-preview":"max-image-preview:large","max-video-preview":"max-video-preview:-1"},"canonical":"https:\/\/www.csj-emballages.com\/pt-pt\/produit\/100-sacos-neutros-bd-com-fecho-de-pressao-180-x-250-mm\/","og_locale":"pt_PT","og_type":"article","og_title":"Saco zip neutro BD com fecho de press\u00e3o 180 x 250 mm, embalagem de 100 unidades","og_description":"Saco zip neutro BD 180 x 250 mm com bandas brancas, vendido em embalagens de 100 unidades. Solu\u00e7\u00e3o pr\u00e1tica para arrumar, proteger e identificar os seus objetos facilmente.","og_url":"https:\/\/www.csj-emballages.com\/pt-pt\/produit\/100-sacos-neutros-bd-com-fecho-de-pressao-180-x-250-mm\/","og_site_name":"CSJ Emballages","article_publisher":"https:\/\/www.facebook.com\/csjemballages","article_modified_time":"2026-04-21T00:18:41+00:00","og_image":[{"width":800,"height":800,"url":"https:\/\/www.csj-emballages.com\/wp-content\/uploads\/2024\/03\/ZIP16.webp","type":"image\/webp"}],"twitter_card":"summary_large_image","twitter_misc":{"Tempo estimado de leitura":"2 minutos"},"schema":{"@context":"https:\/\/schema.org","@graph":[{"@type":"WebPage","@id":"https:\/\/www.csj-emballages.com\/pt-pt\/produit\/100-sacos-neutros-bd-com-fecho-de-pressao-180-x-250-mm\/","url":"https:\/\/www.csj-emballages.com\/pt-pt\/produit\/100-sacos-neutros-bd-com-fecho-de-pressao-180-x-250-mm\/","name":"Saco Zip Neutro BD com Fecho de Press\u00e3o 180 x 250 mm, embalagem de 100 unidades","isPartOf":{"@id":"https:\/\/www.csj-emballages.com\/pt-pt\/#website"},"primaryImageOfPage":{"@id":"https:\/\/www.csj-emballages.com\/pt-pt\/produit\/100-sacos-neutros-bd-com-fecho-de-pressao-180-x-250-mm\/#primaryimage"},"image":{"@id":"https:\/\/www.csj-emballages.com\/pt-pt\/produit\/100-sacos-neutros-bd-com-fecho-de-pressao-180-x-250-mm\/#primaryimage"},"thumbnailUrl":"https:\/\/www.csj-emballages.com\/wp-content\/uploads\/2024\/03\/ZIP16.webp","datePublished":"2024-03-01T15:46:30+00:00","dateModified":"2026-04-21T00:18:41+00:00","description":"Saco zip neutro BD 180 x 250 mm com bandas brancas, vendido em embalagens de 100 unidades. Solu\u00e7\u00e3o pr\u00e1tica para arrumar, proteger e identificar os seus objetos facilmente.","breadcrumb":{"@id":"https:\/\/www.csj-emballages.com\/pt-pt\/produit\/100-sacos-neutros-bd-com-fecho-de-pressao-180-x-250-mm\/#breadcrumb"},"inLanguage":"pt-PT","potentialAction":[{"@type":"ReadAction","target":["https:\/\/www.csj-emballages.com\/pt-pt\/produit\/100-sacos-neutros-bd-com-fecho-de-pressao-180-x-250-mm\/"]}]},{"@type":"ImageObject","inLanguage":"pt-PT","@id":"https:\/\/www.csj-emballages.com\/pt-pt\/produit\/100-sacos-neutros-bd-com-fecho-de-pressao-180-x-250-mm\/#primaryimage","url":"https:\/\/www.csj-emballages.com\/wp-content\/uploads\/2024\/03\/ZIP16.webp","contentUrl":"https:\/\/www.csj-emballages.com\/wp-content\/uploads\/2024\/03\/ZIP16.webp","width":800,"height":800,"caption":"Sachet zip"},{"@type":"BreadcrumbList","@id":"https:\/\/www.csj-emballages.com\/pt-pt\/produit\/100-sacos-neutros-bd-com-fecho-de-pressao-180-x-250-mm\/#breadcrumb","itemListElement":[{"@type":"ListItem","position":1,"name":"Acolhimento","item":"https:\/\/www.csj-emballages.com\/pt-pt\/universo-das-embalagens-alimentares\/"},{"@type":"ListItem","position":2,"name":"Shop","item":"https:\/\/www.csj-emballages.com\/shop\/"},{"@type":"ListItem","position":3,"name":"Saco zip neutro BD com fecho de press\u00e3o 180 x 250 mm, embalagem de 100 unidades"}]},{"@type":"WebSite","@id":"https:\/\/www.csj-emballages.com\/pt-pt\/#website","url":"https:\/\/www.csj-emballages.com\/pt-pt\/","name":"CSJ Emballages","description":"","publisher":{"@id":"https:\/\/www.csj-emballages.com\/pt-pt\/#organization"},"potentialAction":[{"@type":"SearchAction","target":{"@type":"EntryPoint","urlTemplate":"https:\/\/www.csj-emballages.com\/pt-pt\/?s={search_term_string}"},"query-input":{"@type":"PropertyValueSpecification","valueRequired":true,"valueName":"search_term_string"}}],"inLanguage":"pt-PT"},{"@type":"Organization","@id":"https:\/\/www.csj-emballages.com\/pt-pt\/#Organization\/","name":"CSJ Emballages","url":"https:\/\/www.csj-emballages.com\/pt-pt\/","logo":{"@type":"ImageObject","inLanguage":"pt-PT","@id":"https:\/\/www.csj-emballages.com\/pt-pt\/#\/schema\/logo\/image\/","url":"https:\/\/www.csj-emballages.com\/wp-content\/uploads\/2023\/10\/logo_csj.webp","contentUrl":"https:\/\/www.csj-emballages.com\/wp-content\/uploads\/2023\/10\/logo_csj.webp","width":250,"height":95,"caption":"CSJ Emballages"},"image":{"@id":"https:\/\/www.csj-emballages.com\/pt-pt\/#\/schema\/logo\/image\/"},"sameAs":["https:\/\/www.facebook.com\/csjemballages"],"address":{"@type":"PostalAddress","streetAddress":"ZI La Lechere","addressLocality":"Patornay","postalCode":"39130","addressCountry":"FR"},"contactPoint":[{"@type":"ContactPoint","contactType":"Service client","telephone":"0384254272","email":"contact@csj-emballages.com"}]}]}},"df_price":3.36,"df_sale_price":"","df_regular_price":3.36,"df_image_link":"https:\/\/www.csj-emballages.com\/wp-content\/uploads\/2024\/03\/ZIP16-300x300.webp","tiered_pricing_type":"fixed","tiered_pricing_fixed_rules":[],"tiered_pricing_percentage_rules":[],"tiered_pricing_minimum":1,"tiered_pricing_roles_data":[],"_links":{"self":[{"href":"https:\/\/www.csj-emballages.com\/pt-pt\/wp-json\/wp\/v2\/product\/17614","targetHints":{"allow":["GET"]}}],"collection":[{"href":"https:\/\/www.csj-emballages.com\/pt-pt\/wp-json\/wp\/v2\/product"}],"about":[{"href":"https:\/\/www.csj-emballages.com\/pt-pt\/wp-json\/wp\/v2\/types\/product"}],"wp:featuredmedia":[{"embeddable":true,"href":"https:\/\/www.csj-emballages.com\/pt-pt\/wp-json\/wp\/v2\/media\/260499"}],"wp:attachment":[{"href":"https:\/\/www.csj-emballages.com\/pt-pt\/wp-json\/wp\/v2\/media?parent=17614"}],"wp:term":[{"taxonomy":"product_brand","embeddable":true,"href":"https:\/\/www.csj-emballages.com\/pt-pt\/wp-json\/wp\/v2\/product_brand?post=17614"},{"taxonomy":"product_cat","embeddable":true,"href":"https:\/\/www.csj-emballages.com\/pt-pt\/wp-json\/wp\/v2\/product_cat?post=17614"},{"taxonomy":"product_tag","embeddable":true,"href":"https:\/\/www.csj-emballages.com\/pt-pt\/wp-json\/wp\/v2\/product_tag?post=17614"}],"curies":[{"name":"wp","href":"https:\/\/api.w.org\/{rel}","templated":true}]}}