{"id":17527,"date":"2024-03-01T16:47:16","date_gmt":"2024-03-01T15:47:16","guid":{"rendered":"https:\/\/u15jnbdpoq.preview.infomaniak.website\/produit\/6-copos-de-vinho-de-plastico-descartaveis-de-15-cl\/"},"modified":"2026-03-12T16:49:14","modified_gmt":"2026-03-12T15:49:14","slug":"6-copos-de-vinho-de-plastico-descartaveis-de-15-cl","status":"publish","type":"product","link":"https:\/\/www.csj-emballages.com\/pt-pt\/produit\/6-copos-de-vinho-de-plastico-descartaveis-de-15-cl\/","title":{"rendered":"6 copos de vinho de pl\u00e1stico descart\u00e1veis de 15 cl"},"content":{"rendered":"<h2><span>Copo de vinho de pl\u00e1stico descart\u00e1vel de 15 cl<\/span><\/h2>\n<p><span>&nbsp;<\/span><\/p>\n<p><span>Descri\u00e7\u00e3o <\/span><\/p>\n<p><span>&nbsp;<\/span><\/p>\n<p><span>Descobre os copos de cristal de pl\u00e1stico descart\u00e1veis de 150 ml<\/span><\/p>\n<p><span>&nbsp;<\/span><\/p>\n<p><span>Os copos de vinho de cristal de pl\u00e1stico descart\u00e1veis s\u00e3o utilizados principalmente para refei\u00e7\u00f5es, casamentos, anivers\u00e1rios e outras ocasi\u00f5es festivas&#8230;<\/span><\/p>\n<p><span>Estes copos descart\u00e1veis festivos s\u00e3o ideais para colocar vinho.<\/span><\/p>\n<p><span>Este copo tem v\u00e1rias vantagens: a sua forma confere-lhe um aspeto muito atraente e \u00e9 um copo de uma s\u00f3 pe\u00e7a, pelo que n\u00e3o h\u00e1 o risco de a haste se soltar.<\/span><\/p>\n<p><span>&nbsp;<\/span><\/p>\n<p><span>Caracter\u00edsticas dos copos de vinho de pl\u00e1stico<\/span><\/p>\n<p><span>&nbsp;<\/span><\/p>\n<p><span>-Vendido a particulares \/ profissionais<\/span><\/p>\n<p><span>-Volume: 15 cl flush<\/span><\/p>\n<p><span>-Dimens\u00f5es: 66 x 133 (\u00d8 x H em mm)<\/span><\/p>\n<p><span>Embalagem : Saco de 6 copos<\/span><\/p>\n<p><span>Embalado num saco para f\u00e1cil prote\u00e7\u00e3o e armazenamento.<\/span><\/p>\n<p><span>&nbsp;<\/span><\/p>\n<p><span>Material: Poliestireno<\/span><\/p>\n<p><span>&nbsp;<\/span><\/p>\n<h2><span>Opta por copos de vinho de pl\u00e1stico cristal descart\u00e1veis<\/span><\/h2>\n","protected":false},"excerpt":{"rendered":"<p>Copo de vinho de pl\u00e1stico descart\u00e1vel de 15 cl &nbsp; Descri\u00e7\u00e3o &nbsp; Descobre os copos de cristal de pl\u00e1stico descart\u00e1veis de 150 ml &nbsp; Os copos de vinho de cristal de pl\u00e1stico descart\u00e1veis s\u00e3o utilizados principalmente para refei\u00e7\u00f5es, casamentos, anivers\u00e1rios e outras ocasi\u00f5es festivas&#8230; Estes copos descart\u00e1veis festivos s\u00e3o ideais para colocar vinho. Este copo [&hellip;]<\/p>\n","protected":false},"featured_media":197942,"template":"","meta":{"_acf_changed":false},"product_brand":[],"product_cat":[1141,1471,1472],"product_tag":[],"class_list":{"0":"post-17527","1":"product","2":"type-product","3":"status-publish","4":"has-post-thumbnail","6":"product_cat-embalagem-de-alimentos","7":"product_cat-chavenas-copos-baldes-garrafas","8":"product_cat-copos-e-chavenas-inquebraveis-e-reutilizaveis","10":"first","11":"instock","12":"taxable","13":"shipping-taxable","14":"purchasable","15":"product-type-simple"},"acf":[],"yoast_head":"<!-- This site is optimized with the Yoast SEO Premium plugin v26.6 (Yoast SEO v26.6) - https:\/\/yoast.com\/wordpress\/plugins\/seo\/ -->\n<title>6 Copos de vinho de pl\u00e1stico descart\u00e1veis de 15 cl \/ csj-emballages.com<\/title>\n<meta name=\"description\" content=\"Compra copos de vinho de cristal de pl\u00e1stico descart\u00e1veis de 150 ml! Tamanho: 66 x 133 mm! Escolhe um pacote de 6 copos festivos de alta qualidade e resistentes a PRE\u00c7OS DE DESCONTO.\" \/>\n<meta name=\"robots\" content=\"index, follow, max-snippet:-1, max-image-preview:large, max-video-preview:-1\" \/>\n<link rel=\"canonical\" href=\"https:\/\/www.csj-emballages.com\/pt-pt\/produit\/6-copos-de-vinho-de-plastico-descartaveis-de-15-cl\/\" \/>\n<meta property=\"og:locale\" content=\"pt_PT\" \/>\n<meta property=\"og:type\" content=\"article\" \/>\n<meta property=\"og:title\" content=\"6 copos de vinho de pl\u00e1stico descart\u00e1veis de 15 cl\" \/>\n<meta property=\"og:description\" content=\"Compra copos de vinho de cristal de pl\u00e1stico descart\u00e1veis de 150 ml! Tamanho: 66 x 133 mm! Escolhe um pacote de 6 copos festivos de alta qualidade e resistentes a PRE\u00c7OS DE DESCONTO.\" \/>\n<meta property=\"og:url\" content=\"https:\/\/www.csj-emballages.com\/pt-pt\/produit\/6-copos-de-vinho-de-plastico-descartaveis-de-15-cl\/\" \/>\n<meta property=\"og:site_name\" content=\"CSJ Emballages\" \/>\n<meta property=\"article:publisher\" content=\"https:\/\/www.facebook.com\/csjemballages\" \/>\n<meta property=\"article:modified_time\" content=\"2026-03-12T15:49:14+00:00\" \/>\n<meta property=\"og:image\" content=\"https:\/\/www.csj-emballages.com\/wp-content\/uploads\/2024\/03\/ItemVERVINCR-jpeg.webp\" \/>\n\t<meta property=\"og:image:width\" content=\"300\" \/>\n\t<meta property=\"og:image:height\" content=\"300\" \/>\n\t<meta property=\"og:image:type\" content=\"image\/jpeg\" \/>\n<meta name=\"twitter:card\" content=\"summary_large_image\" \/>\n<meta name=\"twitter:label1\" content=\"Tempo estimado de leitura\" \/>\n\t<meta name=\"twitter:data1\" content=\"1 minuto\" \/>\n<script type=\"application\/ld+json\" class=\"yoast-schema-graph\">{\"@context\":\"https:\/\/schema.org\",\"@graph\":[{\"@type\":\"WebPage\",\"@id\":\"https:\/\/www.csj-emballages.com\/pt-pt\/produit\/6-copos-de-vinho-de-plastico-descartaveis-de-15-cl\/\",\"url\":\"https:\/\/www.csj-emballages.com\/pt-pt\/produit\/6-copos-de-vinho-de-plastico-descartaveis-de-15-cl\/\",\"name\":\"6 Copos de vinho de pl\u00e1stico descart\u00e1veis de 15 cl \/ csj-emballages.com\",\"isPartOf\":{\"@id\":\"https:\/\/www.csj-emballages.com\/pt-pt\/#website\"},\"primaryImageOfPage\":{\"@id\":\"https:\/\/www.csj-emballages.com\/pt-pt\/produit\/6-copos-de-vinho-de-plastico-descartaveis-de-15-cl\/#primaryimage\"},\"image\":{\"@id\":\"https:\/\/www.csj-emballages.com\/pt-pt\/produit\/6-copos-de-vinho-de-plastico-descartaveis-de-15-cl\/#primaryimage\"},\"thumbnailUrl\":\"https:\/\/www.csj-emballages.com\/wp-content\/uploads\/2024\/03\/Verre-cristal-15cl.webp\",\"datePublished\":\"2024-03-01T15:47:16+00:00\",\"dateModified\":\"2026-03-12T15:49:14+00:00\",\"description\":\"Compra copos de vinho de cristal de pl\u00e1stico descart\u00e1veis de 150 ml! Tamanho: 66 x 133 mm! Escolhe um pacote de 6 copos festivos de alta qualidade e resistentes a PRE\u00c7OS DE DESCONTO.\",\"breadcrumb\":{\"@id\":\"https:\/\/www.csj-emballages.com\/pt-pt\/produit\/6-copos-de-vinho-de-plastico-descartaveis-de-15-cl\/#breadcrumb\"},\"inLanguage\":\"pt-PT\",\"potentialAction\":[{\"@type\":\"ReadAction\",\"target\":[\"https:\/\/www.csj-emballages.com\/pt-pt\/produit\/6-copos-de-vinho-de-plastico-descartaveis-de-15-cl\/\"]}]},{\"@type\":\"ImageObject\",\"inLanguage\":\"pt-PT\",\"@id\":\"https:\/\/www.csj-emballages.com\/pt-pt\/produit\/6-copos-de-vinho-de-plastico-descartaveis-de-15-cl\/#primaryimage\",\"url\":\"https:\/\/www.csj-emballages.com\/wp-content\/uploads\/2024\/03\/Verre-cristal-15cl.webp\",\"contentUrl\":\"https:\/\/www.csj-emballages.com\/wp-content\/uploads\/2024\/03\/Verre-cristal-15cl.webp\",\"width\":800,\"height\":800,\"caption\":\"verre cristal\"},{\"@type\":\"BreadcrumbList\",\"@id\":\"https:\/\/www.csj-emballages.com\/pt-pt\/produit\/6-copos-de-vinho-de-plastico-descartaveis-de-15-cl\/#breadcrumb\",\"itemListElement\":[{\"@type\":\"ListItem\",\"position\":1,\"name\":\"Acolhimento\",\"item\":\"https:\/\/www.csj-emballages.com\/pt-pt\/universo-das-embalagens-alimentares\/\"},{\"@type\":\"ListItem\",\"position\":2,\"name\":\"Shop\",\"item\":\"https:\/\/www.csj-emballages.com\/shop\/\"},{\"@type\":\"ListItem\",\"position\":3,\"name\":\"6 copos de vinho de pl\u00e1stico descart\u00e1veis de 15 cl\"}]},{\"@type\":\"WebSite\",\"@id\":\"https:\/\/www.csj-emballages.com\/pt-pt\/#website\",\"url\":\"https:\/\/www.csj-emballages.com\/pt-pt\/\",\"name\":\"CSJ Emballages\",\"description\":\"\",\"publisher\":{\"@id\":\"https:\/\/www.csj-emballages.com\/pt-pt\/#organization\"},\"potentialAction\":[{\"@type\":\"SearchAction\",\"target\":{\"@type\":\"EntryPoint\",\"urlTemplate\":\"https:\/\/www.csj-emballages.com\/pt-pt\/?s={search_term_string}\"},\"query-input\":{\"@type\":\"PropertyValueSpecification\",\"valueRequired\":true,\"valueName\":\"search_term_string\"}}],\"inLanguage\":\"pt-PT\"},{\"@type\":\"Organization\",\"@id\":\"https:\/\/www.csj-emballages.com\/pt-pt\/#Organization\/\",\"name\":\"CSJ Emballages\",\"url\":\"https:\/\/www.csj-emballages.com\/pt-pt\/\",\"logo\":{\"@type\":\"ImageObject\",\"inLanguage\":\"pt-PT\",\"@id\":\"https:\/\/www.csj-emballages.com\/pt-pt\/#\/schema\/logo\/image\/\",\"url\":\"https:\/\/www.csj-emballages.com\/wp-content\/uploads\/2023\/10\/logo_csj.webp\",\"contentUrl\":\"https:\/\/www.csj-emballages.com\/wp-content\/uploads\/2023\/10\/logo_csj.webp\",\"width\":250,\"height\":95,\"caption\":\"CSJ Emballages\"},\"image\":{\"@id\":\"https:\/\/www.csj-emballages.com\/pt-pt\/#\/schema\/logo\/image\/\"},\"sameAs\":[\"https:\/\/www.facebook.com\/csjemballages\"],\"address\":{\"@type\":\"PostalAddress\",\"streetAddress\":\"ZI La Lechere\",\"addressLocality\":\"Patornay\",\"postalCode\":\"39130\",\"addressCountry\":\"FR\"},\"contactPoint\":[{\"@type\":\"ContactPoint\",\"contactType\":\"Service client\",\"telephone\":\"0384254272\",\"email\":\"contact@csj-emballages.com\"}]}]}<\/script>\n<!-- \/ Yoast SEO Premium plugin. -->","yoast_head_json":{"title":"6 Copos de vinho de pl\u00e1stico descart\u00e1veis de 15 cl \/ csj-emballages.com","description":"Compra copos de vinho de cristal de pl\u00e1stico descart\u00e1veis de 150 ml! Tamanho: 66 x 133 mm! Escolhe um pacote de 6 copos festivos de alta qualidade e resistentes a PRE\u00c7OS DE DESCONTO.","robots":{"index":"index","follow":"follow","max-snippet":"max-snippet:-1","max-image-preview":"max-image-preview:large","max-video-preview":"max-video-preview:-1"},"canonical":"https:\/\/www.csj-emballages.com\/pt-pt\/produit\/6-copos-de-vinho-de-plastico-descartaveis-de-15-cl\/","og_locale":"pt_PT","og_type":"article","og_title":"6 copos de vinho de pl\u00e1stico descart\u00e1veis de 15 cl","og_description":"Compra copos de vinho de cristal de pl\u00e1stico descart\u00e1veis de 150 ml! Tamanho: 66 x 133 mm! Escolhe um pacote de 6 copos festivos de alta qualidade e resistentes a PRE\u00c7OS DE DESCONTO.","og_url":"https:\/\/www.csj-emballages.com\/pt-pt\/produit\/6-copos-de-vinho-de-plastico-descartaveis-de-15-cl\/","og_site_name":"CSJ Emballages","article_publisher":"https:\/\/www.facebook.com\/csjemballages","article_modified_time":"2026-03-12T15:49:14+00:00","og_image":[{"width":300,"height":300,"url":"https:\/\/www.csj-emballages.com\/wp-content\/uploads\/2024\/03\/ItemVERVINCR-jpeg.webp","type":"image\/jpeg"}],"twitter_card":"summary_large_image","twitter_misc":{"Tempo estimado de leitura":"1 minuto"},"schema":{"@context":"https:\/\/schema.org","@graph":[{"@type":"WebPage","@id":"https:\/\/www.csj-emballages.com\/pt-pt\/produit\/6-copos-de-vinho-de-plastico-descartaveis-de-15-cl\/","url":"https:\/\/www.csj-emballages.com\/pt-pt\/produit\/6-copos-de-vinho-de-plastico-descartaveis-de-15-cl\/","name":"6 Copos de vinho de pl\u00e1stico descart\u00e1veis de 15 cl \/ csj-emballages.com","isPartOf":{"@id":"https:\/\/www.csj-emballages.com\/pt-pt\/#website"},"primaryImageOfPage":{"@id":"https:\/\/www.csj-emballages.com\/pt-pt\/produit\/6-copos-de-vinho-de-plastico-descartaveis-de-15-cl\/#primaryimage"},"image":{"@id":"https:\/\/www.csj-emballages.com\/pt-pt\/produit\/6-copos-de-vinho-de-plastico-descartaveis-de-15-cl\/#primaryimage"},"thumbnailUrl":"https:\/\/www.csj-emballages.com\/wp-content\/uploads\/2024\/03\/Verre-cristal-15cl.webp","datePublished":"2024-03-01T15:47:16+00:00","dateModified":"2026-03-12T15:49:14+00:00","description":"Compra copos de vinho de cristal de pl\u00e1stico descart\u00e1veis de 150 ml! Tamanho: 66 x 133 mm! Escolhe um pacote de 6 copos festivos de alta qualidade e resistentes a PRE\u00c7OS DE DESCONTO.","breadcrumb":{"@id":"https:\/\/www.csj-emballages.com\/pt-pt\/produit\/6-copos-de-vinho-de-plastico-descartaveis-de-15-cl\/#breadcrumb"},"inLanguage":"pt-PT","potentialAction":[{"@type":"ReadAction","target":["https:\/\/www.csj-emballages.com\/pt-pt\/produit\/6-copos-de-vinho-de-plastico-descartaveis-de-15-cl\/"]}]},{"@type":"ImageObject","inLanguage":"pt-PT","@id":"https:\/\/www.csj-emballages.com\/pt-pt\/produit\/6-copos-de-vinho-de-plastico-descartaveis-de-15-cl\/#primaryimage","url":"https:\/\/www.csj-emballages.com\/wp-content\/uploads\/2024\/03\/Verre-cristal-15cl.webp","contentUrl":"https:\/\/www.csj-emballages.com\/wp-content\/uploads\/2024\/03\/Verre-cristal-15cl.webp","width":800,"height":800,"caption":"verre cristal"},{"@type":"BreadcrumbList","@id":"https:\/\/www.csj-emballages.com\/pt-pt\/produit\/6-copos-de-vinho-de-plastico-descartaveis-de-15-cl\/#breadcrumb","itemListElement":[{"@type":"ListItem","position":1,"name":"Acolhimento","item":"https:\/\/www.csj-emballages.com\/pt-pt\/universo-das-embalagens-alimentares\/"},{"@type":"ListItem","position":2,"name":"Shop","item":"https:\/\/www.csj-emballages.com\/shop\/"},{"@type":"ListItem","position":3,"name":"6 copos de vinho de pl\u00e1stico descart\u00e1veis de 15 cl"}]},{"@type":"WebSite","@id":"https:\/\/www.csj-emballages.com\/pt-pt\/#website","url":"https:\/\/www.csj-emballages.com\/pt-pt\/","name":"CSJ Emballages","description":"","publisher":{"@id":"https:\/\/www.csj-emballages.com\/pt-pt\/#organization"},"potentialAction":[{"@type":"SearchAction","target":{"@type":"EntryPoint","urlTemplate":"https:\/\/www.csj-emballages.com\/pt-pt\/?s={search_term_string}"},"query-input":{"@type":"PropertyValueSpecification","valueRequired":true,"valueName":"search_term_string"}}],"inLanguage":"pt-PT"},{"@type":"Organization","@id":"https:\/\/www.csj-emballages.com\/pt-pt\/#Organization\/","name":"CSJ Emballages","url":"https:\/\/www.csj-emballages.com\/pt-pt\/","logo":{"@type":"ImageObject","inLanguage":"pt-PT","@id":"https:\/\/www.csj-emballages.com\/pt-pt\/#\/schema\/logo\/image\/","url":"https:\/\/www.csj-emballages.com\/wp-content\/uploads\/2023\/10\/logo_csj.webp","contentUrl":"https:\/\/www.csj-emballages.com\/wp-content\/uploads\/2023\/10\/logo_csj.webp","width":250,"height":95,"caption":"CSJ Emballages"},"image":{"@id":"https:\/\/www.csj-emballages.com\/pt-pt\/#\/schema\/logo\/image\/"},"sameAs":["https:\/\/www.facebook.com\/csjemballages"],"address":{"@type":"PostalAddress","streetAddress":"ZI La Lechere","addressLocality":"Patornay","postalCode":"39130","addressCountry":"FR"},"contactPoint":[{"@type":"ContactPoint","contactType":"Service client","telephone":"0384254272","email":"contact@csj-emballages.com"}]}]}},"df_price":2.44,"df_sale_price":"","df_regular_price":2.44,"df_image_link":"https:\/\/www.csj-emballages.com\/wp-content\/uploads\/2024\/03\/Verre-cristal-15cl-300x300.webp","tiered_pricing_type":"fixed","tiered_pricing_fixed_rules":[],"tiered_pricing_percentage_rules":[],"tiered_pricing_minimum":1,"tiered_pricing_roles_data":[],"_links":{"self":[{"href":"https:\/\/www.csj-emballages.com\/pt-pt\/wp-json\/wp\/v2\/product\/17527","targetHints":{"allow":["GET"]}}],"collection":[{"href":"https:\/\/www.csj-emballages.com\/pt-pt\/wp-json\/wp\/v2\/product"}],"about":[{"href":"https:\/\/www.csj-emballages.com\/pt-pt\/wp-json\/wp\/v2\/types\/product"}],"wp:featuredmedia":[{"embeddable":true,"href":"https:\/\/www.csj-emballages.com\/pt-pt\/wp-json\/wp\/v2\/media\/197942"}],"wp:attachment":[{"href":"https:\/\/www.csj-emballages.com\/pt-pt\/wp-json\/wp\/v2\/media?parent=17527"}],"wp:term":[{"taxonomy":"product_brand","embeddable":true,"href":"https:\/\/www.csj-emballages.com\/pt-pt\/wp-json\/wp\/v2\/product_brand?post=17527"},{"taxonomy":"product_cat","embeddable":true,"href":"https:\/\/www.csj-emballages.com\/pt-pt\/wp-json\/wp\/v2\/product_cat?post=17527"},{"taxonomy":"product_tag","embeddable":true,"href":"https:\/\/www.csj-emballages.com\/pt-pt\/wp-json\/wp\/v2\/product_tag?post=17527"}],"curies":[{"name":"wp","href":"https:\/\/api.w.org\/{rel}","templated":true}]}}