{"id":17524,"date":"2024-03-01T16:47:19","date_gmt":"2024-03-01T15:47:19","guid":{"rendered":"https:\/\/u15jnbdpoq.preview.infomaniak.website\/produit\/6-verrines-kokot-de-plastico-para-micro-ondas-8-cl\/"},"modified":"2026-05-04T02:14:07","modified_gmt":"2026-05-04T00:14:07","slug":"6-verrines-kokot-de-plastico-para-micro-ondas-8-cl","status":"publish","type":"product","link":"https:\/\/www.csj-emballages.com\/pt-pt\/produit\/6-verrines-kokot-de-plastico-para-micro-ondas-8-cl\/","title":{"rendered":"Frasco de pl\u00e1stico kokot 8 cl para micro-ondas, 6 unidades"},"content":{"rendered":"<div style=\"box-sizing: inherit; font-family: Roboto, sans-serif;\">\n<div style=\"box-sizing: inherit; font-family: Roboto, sans-serif;\">\n<div style=\"box-sizing: inherit; font-family: Roboto, sans-serif;\">\n<div style=\"box-sizing: inherit; font-family: Roboto, sans-serif;\">\n<div style=\"box-sizing: inherit; font-family: Roboto, sans-serif;\">\n<div style=\"box-sizing: inherit; font-family: Roboto, sans-serif;\">\n<div style=\"box-sizing: inherit; font-family: Roboto, sans-serif;\">\n<div style=\"box-sizing: inherit; font-family: Roboto, sans-serif;\">\n<div style=\"box-sizing: inherit; font-family: Roboto, sans-serif;\">\n<div style=\"box-sizing: inherit; font-family: Roboto, sans-serif;\">\n<div style=\"box-sizing: inherit; font-family: Roboto, sans-serif;\">\n<div style=\"box-sizing: inherit; font-family: Roboto, sans-serif;\">\n<div style=\"box-sizing: inherit; font-family: Roboto, sans-serif;\">\n<div class=\"flex flex-grow flex-col max-w-full\">\n<div class=\"min-h-[20px] text-message flex flex-col items-start whitespace-pre-wrap break-words [.text-message+&amp;]:mt-5 juice:w-full juice:items-end overflow-x-auto gap-2\" dir=\"auto\" data-message-author-role=\"assistant\" data-message-id=\"2034782e-88f9-44ef-b4dc-07dd7bf0115f\">\n<div class=\"flex w-full flex-col gap-1 juice:empty:hidden juice:first:pt-[3px]\">\n<div class=\"markdown prose w-full break-words dark:prose-invert light\">\n<div style=\"box-sizing: inherit; font-family: Roboto, sans-serif;\">\n<div style=\"box-sizing: inherit; font-family: Roboto, sans-serif;\">\n<div style=\"box-sizing: inherit; font-family: Roboto, sans-serif;\">\n<div style=\"box-sizing: inherit; font-family: Roboto, sans-serif;\">\n<div style=\"box-sizing: inherit; font-family: Roboto, sans-serif;\">\n<div style=\"box-sizing: inherit; font-family: Roboto, sans-serif;\">\n<h2>Copos de pl\u00e1stico<\/h2>\n<div style=\"box-sizing: inherit; font-family: Roboto, sans-serif;\">\n<div style=\"box-sizing: inherit; font-family: Roboto, sans-serif;\">\n<div style=\"box-sizing: inherit; font-family: Roboto, sans-serif;\">\n<div style=\"text-align: center;\">\n<div style=\"box-sizing: inherit; font-family: Roboto, sans-serif;\">\n<div style=\"box-sizing: inherit; font-family: Roboto, sans-serif;\">\n<div style=\"box-sizing: inherit; font-family: Roboto, sans-serif;\">\n<div style=\"box-sizing: inherit; font-family: Roboto, sans-serif;\">\n<div style=\"box-sizing: inherit; font-family: Roboto, sans-serif;\">\n<div style=\"box-sizing: inherit; font-family: Roboto, sans-serif; text-align: left;\">\n<hr>\n<h3 style=\"text-align: left;\">Descri\u00e7\u00e3o dos copos de pl\u00e1stico Kokot<!--more--><\/h3>\n<\/div>\n<\/div>\n<\/div>\n<\/div>\n<\/div>\n<\/div>\n<\/div>\n<\/div>\n<\/div>\n<\/div>\n<\/div>\n<\/div>\n<\/div>\n<\/div>\n<\/div>\n<\/div>\n<\/div>\n<\/div>\n<\/div>\n<\/div>\n<div class=\"flex flex-grow flex-col max-w-full\">\n<div class=\"min-h-[20px] text-message flex flex-col items-start whitespace-pre-wrap break-words [.text-message+&amp;]:mt-5 juice:w-full juice:items-end overflow-x-auto gap-2\" dir=\"auto\" data-message-author-role=\"assistant\" data-message-id=\"2034782e-88f9-44ef-b4dc-07dd7bf0115f\">\n<div class=\"flex w-full flex-col gap-1 juice:empty:hidden juice:first:pt-[3px]\">\n<div class=\"markdown prose w-full break-words dark:prose-invert light\">\n<div style=\"box-sizing: inherit; font-family: Roboto, sans-serif;\">\n<div style=\"box-sizing: inherit; font-family: Roboto, sans-serif;\">\n<div style=\"box-sizing: inherit; font-family: Roboto, sans-serif;\">\n<div style=\"box-sizing: inherit; font-family: Roboto, sans-serif;\">\n<div style=\"box-sizing: inherit; font-family: Roboto, sans-serif;\">\n<div style=\"box-sizing: inherit; font-family: Roboto, sans-serif;\"><span style=\"font-family: Georgia, 'Times New Roman', 'Bitstream Charter', Times, serif;\">As <\/span><strong style=\"font-family: Georgia, 'Times New Roman', 'Bitstream Charter', Times, serif;\">verrinas de pl\u00e1stico preto<\/strong> <strong style=\"font-family: Georgia, 'Times New Roman', 'Bitstream Charter', Times, serif;\">8 cl<\/strong> <strong style=\"font-family: Georgia, 'Times New Roman', 'Bitstream Charter', Times, serif;\">para micro-ondas<\/strong><span style=\"font-family: Georgia, 'Times New Roman', 'Bitstream Charter', Times, serif;\">vendidas em <\/span><strong style=\"font-family: Georgia, 'Times New Roman', 'Bitstream Charter', Times, serif;\">embalagem de 6<\/strong><span style=\"font-family: Georgia, 'Times New Roman', 'Bitstream Charter', Times, serif;\">s\u00e3o um must-have para os profissionais da restaura\u00e7\u00e3o e para os amantes de uma apresenta\u00e7\u00e3o culin\u00e1ria elegante. Estes pequenos   <\/span><strong style=\"font-family: Georgia, 'Times New Roman', 'Bitstream Charter', Times, serif;\">ca\u00e7arolas<\/strong><span style=\"font-family: Georgia, 'Times New Roman', 'Bitstream Charter', Times, serif;\">  combinam a praticidade com o design moderno, oferecendo a solu\u00e7\u00e3o perfeita para servir por\u00e7\u00f5es individuais e, ao mesmo tempo, melhorar a est\u00e9tica dos seus pratos. A sua forma \u00fanica   <\/span><strong style=\"font-family: Georgia, 'Times New Roman', 'Bitstream Charter', Times, serif;\">cocotte<\/strong><span style=\"font-family: Georgia, 'Times New Roman', 'Bitstream Charter', Times, serif;\"> acrescenta um toque de originalidade que ir\u00e1 certamente agradar aos seus convidados ou clientes.<\/span><\/div>\n<\/div>\n<\/div>\n<\/div>\n<\/div>\n<\/div>\n<\/div>\n<\/div>\n<\/div>\n<\/div>\n<\/div>\n<\/div>\n<\/div>\n<\/div>\n<\/div>\n<\/div>\n<\/div>\n<\/div>\n<\/div>\n<\/div>\n<\/div>\n<\/div>\n<\/div>\n<p>Em primeiro lugar, a mat\u00e9ria-prima destas <strong>verrinas para cocotte em pl\u00e1stico preto<\/strong> destaca-se pela sua durabilidade. Fabricadas em pl\u00e1stico, s\u00e3o suficientemente robustas para resistir a uma utiliza\u00e7\u00e3o quotidiana intensiva sem se deformarem. Foram concebidas para resistir ao calor e podem <strong>ser utilizadas no micro-ondas<\/strong>, o que as torna particularmente adequadas para reaquecer prepara\u00e7\u00f5es diretamente no recipiente. Gra\u00e7as a esta carater\u00edstica, os profissionais da restaura\u00e7\u00e3o podem poupar tempo e garantir uma apresenta\u00e7\u00e3o impec\u00e1vel.   <\/p>\n<p>&nbsp;<\/p>\n<p>&nbsp;<\/p>\n<p><!--more--><\/p>\n<h4>Porqu\u00ea utilizar as nossas <strong>verrinas de pl\u00e1stico<\/strong>?<\/h4>\n<p>O car\u00e1cter pr\u00e1tico destas <strong>cocotte verrines em pl\u00e1stico preto<\/strong> n\u00e3o se fica por aqui. A sua capacidade de <strong>8cl<\/strong> \u00e9 ideal para por\u00e7\u00f5es individuais, quer se trate de sobremesas, entradas ou acompanhamentos. Al\u00e9m disso, s\u00e3o leves, pelo que s\u00e3o f\u00e1ceis e seguras de transportar, especialmente para grandes eventos como recep\u00e7\u00f5es, cocktails ou buffets. O seu design compacto e empilh\u00e1vel tamb\u00e9m facilita a sua arruma\u00e7\u00e3o, optimizando o espa\u00e7o em cozinhas profissionais ou dom\u00e9sticas.   <\/p>\n<p>A sua elegante cor <strong>preta<\/strong> confere um toque de sofistica\u00e7\u00e3o a todas as suas cria\u00e7\u00f5es culin\u00e1rias. Quer se trate de servir amuse-bouches, verrines de fruta ou pratos quentes, <strong>as cocottes verrines em pl\u00e1stico preto<\/strong> valorizar\u00e3o as suas prepara\u00e7\u00f5es gra\u00e7as \u00e0 sua est\u00e9tica. Ao contr\u00e1rio das verrines transparentes, estas cocottes oferecem um contraste marcante com as cores vivas dos alimentos, tornando-as particularmente atractivas para apresenta\u00e7\u00e3o em mesas de festa ou buffets.  <\/p>\n<p>&nbsp;<\/p>\n<p><!--more--><\/p>\n<div style=\"box-sizing: inherit; font-family: Roboto, sans-serif;\">\n<div style=\"box-sizing: inherit; font-family: Roboto, sans-serif;\">\n<div style=\"box-sizing: inherit; font-family: Roboto, sans-serif;\">\n<div style=\"box-sizing: inherit; font-family: Roboto, sans-serif;\">\n<div style=\"box-sizing: inherit; font-family: Roboto, sans-serif;\">\n<div style=\"box-sizing: inherit; font-family: Roboto, sans-serif;\">\n<div style=\"box-sizing: inherit; font-family: Roboto, sans-serif;\">\n<div style=\"box-sizing: inherit; font-family: Roboto, sans-serif;\">\n<div style=\"box-sizing: inherit; font-family: Roboto, sans-serif;\">\n<div style=\"box-sizing: inherit; font-family: Roboto, sans-serif;\">\n<div style=\"box-sizing: inherit; font-family: Roboto, sans-serif;\">\n<div style=\"box-sizing: inherit; font-family: Roboto, sans-serif;\">\n<div style=\"box-sizing: inherit; font-family: Roboto, sans-serif;\">\n<div class=\"flex flex-grow flex-col max-w-full\">\n<div class=\"min-h-[20px] text-message flex flex-col items-start whitespace-pre-wrap break-words [.text-message+&amp;]:mt-5 juice:w-full juice:items-end overflow-x-auto gap-2\" dir=\"auto\" data-message-author-role=\"assistant\" data-message-id=\"2034782e-88f9-44ef-b4dc-07dd7bf0115f\">\n<div class=\"flex w-full flex-col gap-1 juice:empty:hidden juice:first:pt-[3px]\">\n<div class=\"markdown prose w-full break-words dark:prose-invert light\">\n<div style=\"box-sizing: inherit; font-family: Roboto, sans-serif;\">\n<div style=\"box-sizing: inherit; font-family: Roboto, sans-serif;\">\n<div style=\"box-sizing: inherit; font-family: Roboto, sans-serif;\">\n<div style=\"box-sizing: inherit; font-family: Roboto, sans-serif;\">\n<div style=\"box-sizing: inherit; font-family: Roboto, sans-serif;\">\n<div style=\"box-sizing: inherit; font-family: Roboto, sans-serif;\">\n<p>Al\u00e9m disso, a versatilidade destas <strong>ca\u00e7arolas de pl\u00e1stico preto<\/strong> torna-as uma escolha essencial para todos os tipos de ocasi\u00f5es. A sua resist\u00eancia ao calor torna-as igualmente eficazes para pratos frios ou quentes. Quer se trate de preparar um gaspacho refrescante ou um gratinado gourmet, estas verrines ser\u00e3o exatamente o que procura. O seu formato \u00e9 t\u00e3o adequado para uso profissional em restaurantes, hot\u00e9is e catering como para uso mais pessoal em recep\u00e7\u00f5es ou festas privadas.   <\/p>\n<p>Por \u00faltimo, estas <strong>verrinas para cocotte em pl\u00e1stico preto<\/strong> s\u00e3o uma excelente escolha para empresas preocupadas com o ambiente, uma vez que s\u00e3o feitas de pl\u00e1stico recicl\u00e1vel. Assim, ao escolher este produto, est\u00e1 a ajudar a reduzir os res\u00edduos e a oferecer uma apresenta\u00e7\u00e3o sofisticada e funcional. <\/p>\n<p>Em suma, as <strong>cocotte verrines pretas de pl\u00e1stico<\/strong> <strong>de 8cl<\/strong> <strong>para micro-ondas<\/strong> em <strong>embalagens de 6<\/strong> s\u00e3o uma solu\u00e7\u00e3o pr\u00e1tica, elegante e duradoura para todas as suas apresenta\u00e7\u00f5es culin\u00e1rias.<\/p>\n<p>&nbsp;<\/p>\n<p><!--more--><\/p>\n<h4 style=\"text-align: left;\"><strong>As vantagens da Cocotte 80 ml de pl\u00e1stico verrines:<\/strong><\/h4>\n<ul style=\"text-align: left;\">\n<li><strong>Design elegante e original<\/strong>: forma de <strong>Cocotte<\/strong><b> <\/b>d\u00e1 um toque moderno e original \u00e0s suas apresenta\u00e7\u00f5es culin\u00e1rias. Acrescentam uma dimens\u00e3o visual \u00fanica que capta a aten\u00e7\u00e3o dos teus convidados e real\u00e7a as tuas cria\u00e7\u00f5es. <\/li>\n<li><strong>Versatilidade<\/strong>: Pode ser utilizado para preparar uma grande variedade de pratos doces e salgados.<\/li>\n<li><strong>Praticidade<\/strong>: Leves e f\u00e1ceis de manusear, estas <strong>verrinas de catering<\/strong> foram concebidas para serem pr\u00e1ticas de utilizar.<\/li>\n<li><strong>Qualidade e durabilidade<\/strong>: Fabricados em PP, s\u00e3o robustos, elegantes e reutiliz\u00e1veis.<\/li>\n<\/ul>\n<\/div>\n<\/div>\n<\/div>\n<\/div>\n<\/div>\n<\/div>\n<\/div>\n<\/div>\n<\/div>\n<\/div>\n<\/div>\n<\/div>\n<p>&nbsp;<\/p>\n<\/div>\n<\/div>\n<\/div>\n<\/div>\n<\/div>\n<\/div>\n<\/div>\n<\/div>\n<\/div>\n<\/div>\n<\/div>\n<p><!--more--><\/p>\n<h4>Outras informa\u00e7\u00f5es :<\/h4>\n<ul style=\"box-sizing: inherit; font-family: Roboto, sans-serif;\">\n<li><strong>Embalagem<\/strong>: Pacote de 6<\/li>\n<li><strong>Econ\u00f3mico: <\/strong>Estas <strong>verrinas<\/strong> s\u00e3o reutiliz\u00e1veis<\/li>\n<li><span style=\"font-weight: bold;\">Dimens\u00f5es<\/span>: 75 x 50 x 35 (C x L x A em mm)<\/li>\n<li><strong>Material<\/strong>: PP (polipropileno)<\/li>\n<\/ul>\n<p>&nbsp;<\/p>\n<p><!--more--><\/p>\n<p>Encontre o tamanho seguinte para este produto aqui: <span style=\"color: #d12727;\"><a style=\"color: #d12727;\" href=\"https:\/\/www.csj-emballages.com\/es\/produit\/4-verrines-kokot-de-plastico-para-microondas-30-cl\/\">VERKOKOT30<\/a><\/span><\/p>\n<p>&nbsp;<\/p>\n<p style=\"text-align: left;\"><!--more--><\/p>\n<p><a href=\"https:\/\/www.csj-emballages.com\/pt-pt\/categorie-produit\/embalagem-de-alimentos\/talho-e-charcutaria\/copos-jarras-copos\/verrines-pt-pt\/verrines-pt-pt-2\/\">V\u00ea o resto da nossa gama de verrines<\/a><\/p>\n","protected":false},"excerpt":{"rendered":"<p>Copos de pl\u00e1stico Descri\u00e7\u00e3o dos copos de pl\u00e1stico Kokot<\/p>\n","protected":false},"featured_media":209631,"template":"","meta":{"_acf_changed":false},"product_brand":[],"product_cat":[1141,1176,1306,1459,1309,1312],"product_tag":[],"class_list":{"0":"post-17524","1":"product","2":"type-product","3":"status-publish","4":"has-post-thumbnail","6":"product_cat-embalagem-de-alimentos","7":"product_cat-talho-e-charcutaria","8":"product_cat-copos-jarras-copos","9":"product_cat-copos-de-sobremesa","10":"product_cat-verrines-pt-pt","11":"product_cat-verrines-pt-pt-2","13":"first","14":"instock","15":"taxable","16":"shipping-taxable","17":"purchasable","18":"product-type-simple"},"acf":[],"yoast_head":"<!-- This site is optimized with the Yoast SEO Premium plugin v26.6 (Yoast SEO v26.6) - https:\/\/yoast.com\/wordpress\/plugins\/seo\/ -->\n<title>Frasco de pl\u00e1stico para micro-ondas Kokot - 8 cl<\/title>\n<meta name=\"description\" content=\"Descubra as nossas verrinas pretas de pl\u00e1stico de 8 cl para micro-ondas, que combinam originalidade, praticidade e resist\u00eancia. Ideal para por\u00e7\u00f5es individuais.\" \/>\n<meta name=\"robots\" content=\"index, follow, max-snippet:-1, max-image-preview:large, max-video-preview:-1\" \/>\n<link rel=\"canonical\" href=\"https:\/\/www.csj-emballages.com\/pt-pt\/produit\/6-verrines-kokot-de-plastico-para-micro-ondas-8-cl\/\" \/>\n<meta property=\"og:locale\" content=\"pt_PT\" \/>\n<meta property=\"og:type\" content=\"article\" \/>\n<meta property=\"og:title\" content=\"Frascos de pl\u00e1stico &quot;Kokot&quot; 80 ml\" \/>\n<meta property=\"og:description\" content=\"Descubra as nossas verrinas pretas de pl\u00e1stico de 8 cl para micro-ondas, que combinam originalidade, praticidade e resist\u00eancia. Ideal para por\u00e7\u00f5es individuais.\" \/>\n<meta property=\"og:url\" content=\"https:\/\/www.csj-emballages.com\/pt-pt\/produit\/6-verrines-kokot-de-plastico-para-micro-ondas-8-cl\/\" \/>\n<meta property=\"og:site_name\" content=\"CSJ Emballages\" \/>\n<meta property=\"article:publisher\" content=\"https:\/\/www.facebook.com\/csjemballages\" \/>\n<meta property=\"article:modified_time\" content=\"2026-05-04T00:14:07+00:00\" \/>\n<meta property=\"og:image\" content=\"https:\/\/www.csj-emballages.com\/wp-content\/uploads\/2024\/03\/kokot.webp\" \/>\n\t<meta property=\"og:image:width\" content=\"800\" \/>\n\t<meta property=\"og:image:height\" content=\"800\" \/>\n\t<meta property=\"og:image:type\" content=\"image\/webp\" \/>\n<meta name=\"twitter:card\" content=\"summary_large_image\" \/>\n<meta name=\"twitter:title\" content=\"Frascos de pl\u00e1stico &quot;Kokot&quot; 80 ml\" \/>\n<meta name=\"twitter:description\" content=\"Descubra as nossas verrinas pretas de pl\u00e1stico de 8 cl para micro-ondas, que combinam originalidade, praticidade e resist\u00eancia. Ideal para por\u00e7\u00f5es individuais.\" \/>\n<meta name=\"twitter:label1\" content=\"Tempo estimado de leitura\" \/>\n\t<meta name=\"twitter:data1\" content=\"3 minutos\" \/>\n<script type=\"application\/ld+json\" class=\"yoast-schema-graph\">{\"@context\":\"https:\/\/schema.org\",\"@graph\":[{\"@type\":\"WebPage\",\"@id\":\"https:\/\/www.csj-emballages.com\/pt-pt\/produit\/6-verrines-kokot-de-plastico-para-micro-ondas-8-cl\/\",\"url\":\"https:\/\/www.csj-emballages.com\/pt-pt\/produit\/6-verrines-kokot-de-plastico-para-micro-ondas-8-cl\/\",\"name\":\"Frasco de pl\u00e1stico para micro-ondas Kokot - 8 cl\",\"isPartOf\":{\"@id\":\"https:\/\/www.csj-emballages.com\/pt-pt\/#website\"},\"primaryImageOfPage\":{\"@id\":\"https:\/\/www.csj-emballages.com\/pt-pt\/produit\/6-verrines-kokot-de-plastico-para-micro-ondas-8-cl\/#primaryimage\"},\"image\":{\"@id\":\"https:\/\/www.csj-emballages.com\/pt-pt\/produit\/6-verrines-kokot-de-plastico-para-micro-ondas-8-cl\/#primaryimage\"},\"thumbnailUrl\":\"https:\/\/www.csj-emballages.com\/wp-content\/uploads\/2024\/03\/kokot.webp\",\"datePublished\":\"2024-03-01T15:47:19+00:00\",\"dateModified\":\"2026-05-04T00:14:07+00:00\",\"description\":\"Descubra as nossas verrinas pretas de pl\u00e1stico de 8 cl para micro-ondas, que combinam originalidade, praticidade e resist\u00eancia. Ideal para por\u00e7\u00f5es individuais.\",\"breadcrumb\":{\"@id\":\"https:\/\/www.csj-emballages.com\/pt-pt\/produit\/6-verrines-kokot-de-plastico-para-micro-ondas-8-cl\/#breadcrumb\"},\"inLanguage\":\"pt-PT\",\"potentialAction\":[{\"@type\":\"ReadAction\",\"target\":[\"https:\/\/www.csj-emballages.com\/pt-pt\/produit\/6-verrines-kokot-de-plastico-para-micro-ondas-8-cl\/\"]}]},{\"@type\":\"ImageObject\",\"inLanguage\":\"pt-PT\",\"@id\":\"https:\/\/www.csj-emballages.com\/pt-pt\/produit\/6-verrines-kokot-de-plastico-para-micro-ondas-8-cl\/#primaryimage\",\"url\":\"https:\/\/www.csj-emballages.com\/wp-content\/uploads\/2024\/03\/kokot.webp\",\"contentUrl\":\"https:\/\/www.csj-emballages.com\/wp-content\/uploads\/2024\/03\/kokot.webp\",\"width\":800,\"height\":800,\"caption\":\"Verrines plastique\"},{\"@type\":\"BreadcrumbList\",\"@id\":\"https:\/\/www.csj-emballages.com\/pt-pt\/produit\/6-verrines-kokot-de-plastico-para-micro-ondas-8-cl\/#breadcrumb\",\"itemListElement\":[{\"@type\":\"ListItem\",\"position\":1,\"name\":\"Acolhimento\",\"item\":\"https:\/\/www.csj-emballages.com\/pt-pt\/universo-das-embalagens-alimentares\/\"},{\"@type\":\"ListItem\",\"position\":2,\"name\":\"Shop\",\"item\":\"https:\/\/www.csj-emballages.com\/shop\/\"},{\"@type\":\"ListItem\",\"position\":3,\"name\":\"Frasco de pl\u00e1stico kokot 8 cl para micro-ondas, 6 unidades\"}]},{\"@type\":\"WebSite\",\"@id\":\"https:\/\/www.csj-emballages.com\/pt-pt\/#website\",\"url\":\"https:\/\/www.csj-emballages.com\/pt-pt\/\",\"name\":\"CSJ Emballages\",\"description\":\"\",\"publisher\":{\"@id\":\"https:\/\/www.csj-emballages.com\/pt-pt\/#organization\"},\"potentialAction\":[{\"@type\":\"SearchAction\",\"target\":{\"@type\":\"EntryPoint\",\"urlTemplate\":\"https:\/\/www.csj-emballages.com\/pt-pt\/?s={search_term_string}\"},\"query-input\":{\"@type\":\"PropertyValueSpecification\",\"valueRequired\":true,\"valueName\":\"search_term_string\"}}],\"inLanguage\":\"pt-PT\"},{\"@type\":\"Organization\",\"@id\":\"https:\/\/www.csj-emballages.com\/pt-pt\/#Organization\/\",\"name\":\"CSJ Emballages\",\"url\":\"https:\/\/www.csj-emballages.com\/pt-pt\/\",\"logo\":{\"@type\":\"ImageObject\",\"inLanguage\":\"pt-PT\",\"@id\":\"https:\/\/www.csj-emballages.com\/pt-pt\/#\/schema\/logo\/image\/\",\"url\":\"https:\/\/www.csj-emballages.com\/wp-content\/uploads\/2023\/10\/logo_csj.webp\",\"contentUrl\":\"https:\/\/www.csj-emballages.com\/wp-content\/uploads\/2023\/10\/logo_csj.webp\",\"width\":250,\"height\":95,\"caption\":\"CSJ Emballages\"},\"image\":{\"@id\":\"https:\/\/www.csj-emballages.com\/pt-pt\/#\/schema\/logo\/image\/\"},\"sameAs\":[\"https:\/\/www.facebook.com\/csjemballages\"],\"address\":{\"@type\":\"PostalAddress\",\"streetAddress\":\"ZI La Lechere\",\"addressLocality\":\"Patornay\",\"postalCode\":\"39130\",\"addressCountry\":\"FR\"},\"contactPoint\":[{\"@type\":\"ContactPoint\",\"contactType\":\"Service client\",\"telephone\":\"0384254272\",\"email\":\"contact@csj-emballages.com\"}]}]}<\/script>\n<!-- \/ Yoast SEO Premium plugin. -->","yoast_head_json":{"title":"Frasco de pl\u00e1stico para micro-ondas Kokot - 8 cl","description":"Descubra as nossas verrinas pretas de pl\u00e1stico de 8 cl para micro-ondas, que combinam originalidade, praticidade e resist\u00eancia. Ideal para por\u00e7\u00f5es individuais.","robots":{"index":"index","follow":"follow","max-snippet":"max-snippet:-1","max-image-preview":"max-image-preview:large","max-video-preview":"max-video-preview:-1"},"canonical":"https:\/\/www.csj-emballages.com\/pt-pt\/produit\/6-verrines-kokot-de-plastico-para-micro-ondas-8-cl\/","og_locale":"pt_PT","og_type":"article","og_title":"Frascos de pl\u00e1stico \"Kokot\" 80 ml","og_description":"Descubra as nossas verrinas pretas de pl\u00e1stico de 8 cl para micro-ondas, que combinam originalidade, praticidade e resist\u00eancia. Ideal para por\u00e7\u00f5es individuais.","og_url":"https:\/\/www.csj-emballages.com\/pt-pt\/produit\/6-verrines-kokot-de-plastico-para-micro-ondas-8-cl\/","og_site_name":"CSJ Emballages","article_publisher":"https:\/\/www.facebook.com\/csjemballages","article_modified_time":"2026-05-04T00:14:07+00:00","og_image":[{"width":800,"height":800,"url":"https:\/\/www.csj-emballages.com\/wp-content\/uploads\/2024\/03\/kokot.webp","type":"image\/webp"}],"twitter_card":"summary_large_image","twitter_title":"Frascos de pl\u00e1stico \"Kokot\" 80 ml","twitter_description":"Descubra as nossas verrinas pretas de pl\u00e1stico de 8 cl para micro-ondas, que combinam originalidade, praticidade e resist\u00eancia. Ideal para por\u00e7\u00f5es individuais.","twitter_misc":{"Tempo estimado de leitura":"3 minutos"},"schema":{"@context":"https:\/\/schema.org","@graph":[{"@type":"WebPage","@id":"https:\/\/www.csj-emballages.com\/pt-pt\/produit\/6-verrines-kokot-de-plastico-para-micro-ondas-8-cl\/","url":"https:\/\/www.csj-emballages.com\/pt-pt\/produit\/6-verrines-kokot-de-plastico-para-micro-ondas-8-cl\/","name":"Frasco de pl\u00e1stico para micro-ondas Kokot - 8 cl","isPartOf":{"@id":"https:\/\/www.csj-emballages.com\/pt-pt\/#website"},"primaryImageOfPage":{"@id":"https:\/\/www.csj-emballages.com\/pt-pt\/produit\/6-verrines-kokot-de-plastico-para-micro-ondas-8-cl\/#primaryimage"},"image":{"@id":"https:\/\/www.csj-emballages.com\/pt-pt\/produit\/6-verrines-kokot-de-plastico-para-micro-ondas-8-cl\/#primaryimage"},"thumbnailUrl":"https:\/\/www.csj-emballages.com\/wp-content\/uploads\/2024\/03\/kokot.webp","datePublished":"2024-03-01T15:47:19+00:00","dateModified":"2026-05-04T00:14:07+00:00","description":"Descubra as nossas verrinas pretas de pl\u00e1stico de 8 cl para micro-ondas, que combinam originalidade, praticidade e resist\u00eancia. Ideal para por\u00e7\u00f5es individuais.","breadcrumb":{"@id":"https:\/\/www.csj-emballages.com\/pt-pt\/produit\/6-verrines-kokot-de-plastico-para-micro-ondas-8-cl\/#breadcrumb"},"inLanguage":"pt-PT","potentialAction":[{"@type":"ReadAction","target":["https:\/\/www.csj-emballages.com\/pt-pt\/produit\/6-verrines-kokot-de-plastico-para-micro-ondas-8-cl\/"]}]},{"@type":"ImageObject","inLanguage":"pt-PT","@id":"https:\/\/www.csj-emballages.com\/pt-pt\/produit\/6-verrines-kokot-de-plastico-para-micro-ondas-8-cl\/#primaryimage","url":"https:\/\/www.csj-emballages.com\/wp-content\/uploads\/2024\/03\/kokot.webp","contentUrl":"https:\/\/www.csj-emballages.com\/wp-content\/uploads\/2024\/03\/kokot.webp","width":800,"height":800,"caption":"Verrines plastique"},{"@type":"BreadcrumbList","@id":"https:\/\/www.csj-emballages.com\/pt-pt\/produit\/6-verrines-kokot-de-plastico-para-micro-ondas-8-cl\/#breadcrumb","itemListElement":[{"@type":"ListItem","position":1,"name":"Acolhimento","item":"https:\/\/www.csj-emballages.com\/pt-pt\/universo-das-embalagens-alimentares\/"},{"@type":"ListItem","position":2,"name":"Shop","item":"https:\/\/www.csj-emballages.com\/shop\/"},{"@type":"ListItem","position":3,"name":"Frasco de pl\u00e1stico kokot 8 cl para micro-ondas, 6 unidades"}]},{"@type":"WebSite","@id":"https:\/\/www.csj-emballages.com\/pt-pt\/#website","url":"https:\/\/www.csj-emballages.com\/pt-pt\/","name":"CSJ Emballages","description":"","publisher":{"@id":"https:\/\/www.csj-emballages.com\/pt-pt\/#organization"},"potentialAction":[{"@type":"SearchAction","target":{"@type":"EntryPoint","urlTemplate":"https:\/\/www.csj-emballages.com\/pt-pt\/?s={search_term_string}"},"query-input":{"@type":"PropertyValueSpecification","valueRequired":true,"valueName":"search_term_string"}}],"inLanguage":"pt-PT"},{"@type":"Organization","@id":"https:\/\/www.csj-emballages.com\/pt-pt\/#Organization\/","name":"CSJ Emballages","url":"https:\/\/www.csj-emballages.com\/pt-pt\/","logo":{"@type":"ImageObject","inLanguage":"pt-PT","@id":"https:\/\/www.csj-emballages.com\/pt-pt\/#\/schema\/logo\/image\/","url":"https:\/\/www.csj-emballages.com\/wp-content\/uploads\/2023\/10\/logo_csj.webp","contentUrl":"https:\/\/www.csj-emballages.com\/wp-content\/uploads\/2023\/10\/logo_csj.webp","width":250,"height":95,"caption":"CSJ Emballages"},"image":{"@id":"https:\/\/www.csj-emballages.com\/pt-pt\/#\/schema\/logo\/image\/"},"sameAs":["https:\/\/www.facebook.com\/csjemballages"],"address":{"@type":"PostalAddress","streetAddress":"ZI La Lechere","addressLocality":"Patornay","postalCode":"39130","addressCountry":"FR"},"contactPoint":[{"@type":"ContactPoint","contactType":"Service client","telephone":"0384254272","email":"contact@csj-emballages.com"}]}]}},"df_price":4.34,"df_sale_price":"","df_regular_price":4.34,"df_image_link":"https:\/\/www.csj-emballages.com\/wp-content\/uploads\/2024\/03\/kokot-300x300.webp","tiered_pricing_type":"fixed","tiered_pricing_fixed_rules":[],"tiered_pricing_percentage_rules":[],"tiered_pricing_minimum":1,"tiered_pricing_roles_data":[],"_links":{"self":[{"href":"https:\/\/www.csj-emballages.com\/pt-pt\/wp-json\/wp\/v2\/product\/17524","targetHints":{"allow":["GET"]}}],"collection":[{"href":"https:\/\/www.csj-emballages.com\/pt-pt\/wp-json\/wp\/v2\/product"}],"about":[{"href":"https:\/\/www.csj-emballages.com\/pt-pt\/wp-json\/wp\/v2\/types\/product"}],"wp:featuredmedia":[{"embeddable":true,"href":"https:\/\/www.csj-emballages.com\/pt-pt\/wp-json\/wp\/v2\/media\/209631"}],"wp:attachment":[{"href":"https:\/\/www.csj-emballages.com\/pt-pt\/wp-json\/wp\/v2\/media?parent=17524"}],"wp:term":[{"taxonomy":"product_brand","embeddable":true,"href":"https:\/\/www.csj-emballages.com\/pt-pt\/wp-json\/wp\/v2\/product_brand?post=17524"},{"taxonomy":"product_cat","embeddable":true,"href":"https:\/\/www.csj-emballages.com\/pt-pt\/wp-json\/wp\/v2\/product_cat?post=17524"},{"taxonomy":"product_tag","embeddable":true,"href":"https:\/\/www.csj-emballages.com\/pt-pt\/wp-json\/wp\/v2\/product_tag?post=17524"}],"curies":[{"name":"wp","href":"https:\/\/api.w.org\/{rel}","templated":true}]}}