{"id":17483,"date":"2024-03-01T16:47:22","date_gmt":"2024-03-01T15:47:22","guid":{"rendered":"https:\/\/u15jnbdpoq.preview.infomaniak.website\/produit\/20-copos-de-sobremesa-coadry20-de-plastico-200-ml\/"},"modified":"2026-03-17T02:19:55","modified_gmt":"2026-03-17T01:19:55","slug":"20-copos-de-sobremesa-coadry20-de-plastico-200-ml","status":"publish","type":"product","link":"https:\/\/www.csj-emballages.com\/pt-pt\/produit\/20-copos-de-sobremesa-coadry20-de-plastico-200-ml\/","title":{"rendered":"frascos de pl\u00e1stico coadry20&#8243; 200 ml &#8211; 20 unidades"},"content":{"rendered":"<h2>Copos de pl\u00e1stico<\/h2>\n<hr>\n<h3>Descri\u00e7\u00e3o dos nossos boi\u00f5es de pl\u00e1stico &#8220;coadry20&#8221; de 200 ml (20 por boi\u00e3o)<\/h3>\n<p><!--more--><\/p>\n<p data-start=\"277\" data-end=\"590\">A <strong>verrine de pl\u00e1stico \u00ab Coadry20 \u00bb de 200 ml<\/strong> \u00e9 uma solu\u00e7\u00e3o elegante e pr\u00e1tica para a apresenta\u00e7\u00e3o de prepara\u00e7\u00f5es <strong>individuais, doces ou salgadas<\/strong>. O seu design moderno, com linhas retas e <strong>transparentes<\/strong>, real\u00e7a as texturas e as cores das receitas, oferecendo um resultado visual cuidado e profissional. <\/p>\n<p data-start=\"592\" data-end=\"1024\">Fabricada em <strong>pl\u00e1stico<\/strong> transparente de qualidade alimentar, esta verrine garante uma excelente visibilidade do conte\u00fado, ao mesmo tempo que assegura uma boa resist\u00eancia durante a utiliza\u00e7\u00e3o. A sua <strong>capacidade de 200 ml<\/strong> \u00e9 ideal para servir <strong>entradas frias, verrines aperitivo, sobremesas, mousses, cremes, t\u00e1rtaros ou molhos acompanhados de guarni\u00e7\u00f5es<\/strong>. \u00c9 adequada tanto para buffets, cocktails e rece\u00e7\u00f5es, como para servi\u00e7os de catering.  <\/p>\n<p data-start=\"1026\" data-end=\"1367\">Gra\u00e7as \u00e0 sua forma est\u00e1vel e ao seu fundo plano, a <strong>verrine \u00ab Coadry20 \u00bb<\/strong> assenta facilmente em mesas e tabuleiros sem risco de tombar. Leve e agrad\u00e1vel de manusear, facilita o servi\u00e7o e a degusta\u00e7\u00e3o para os convidados. \u00c9 particularmente apreciada em eventos onde a est\u00e9tica e a praticidade s\u00e3o essenciais.  <\/p>\n<p data-start=\"1369\" data-end=\"1637\">Embalada em <strong>lotes de 20 unidades<\/strong>, esta <strong>verrine<\/strong> \u00e9 ideal para pequenas rece\u00e7\u00f5es, eventos pontuais ou apresenta\u00e7\u00f5es cuidadas em restaura\u00e7\u00e3o profissional. Permite poupar tempo, garantindo uma apresenta\u00e7\u00e3o elegante e homog\u00e9nea. <\/p>\n<p>&nbsp;<\/p>\n<p><!--more--><\/p>\n<h4>Vantagens :<\/h4>\n<ul>\n<li data-start=\"1675\" data-end=\"1729\">Capacidade de <strong>200 ml<\/strong>, adequada para verrines individuais.<\/li>\n<li data-start=\"1732\" data-end=\"1783\">Pl\u00e1stico <strong>transparente<\/strong> apto para contacto alimentar.<\/li>\n<li data-start=\"1840\" data-end=\"1880\">Boa estabilidade em mesas e tabuleiros.<\/li>\n<li data-start=\"1883\" data-end=\"1927\">Adequada para prepara\u00e7\u00f5es doces e salgadas.<\/li>\n<li data-start=\"1963\" data-end=\"2009\">Ideal para buffets, cocktails e eventos.<\/li>\n<li data-start=\"2012\" data-end=\"2054\">Embalagem pr\u00e1tica de <strong>20 verrines<\/strong>.<\/li>\n<\/ul>\n<p>&nbsp;<\/p>\n<p><!--more--><\/p>\n<h4>Outras informa\u00e7\u00f5es :<\/h4>\n<ul>\n<li><strong>Dimens\u00f5es<\/strong>: 70 x 70 x 73 (C x L x A em mm).<\/li>\n<li><strong>Embalagem<\/strong>: Embalagens de 20 unidades<\/li>\n<li><strong>Volume<\/strong>: 20 cl<\/li>\n<li><strong>Material<\/strong>: PET<\/li>\n<li><strong>Temperatura de funcionamento<\/strong>: -40\u00b0C \/ +60\u00b0C<\/li>\n<\/ul>\n<p>&nbsp;<\/p>\n<p><!--more--><\/p>\n<p>Encontre aqui a cobertura compat\u00edvel com este produto <span style=\"color: #d12727;\"><a style=\"color: #d12727;\" href=\"https:\/\/www.csj-emballages.com\/produit\/20-couvercles-plastique-pour-ref-coadry20\/\"><span style=\"color: #d12727;\">COUVVERCOADRY20<\/span><\/a><\/span><\/p>\n<p>&nbsp;<\/p>\n<p><!--more--><\/p>\n<p><a href=\"https:\/\/www.csj-emballages.com\/pt-pt\/categorie-produit\/embalagem-de-alimentos\/talho-e-charcutaria\/copos-jarras-copos\/copos-de-sobremesa\/\">Descobre o resto da nossa gama de ta\u00e7as de sobremesa<\/a><\/p>\n","protected":false},"excerpt":{"rendered":"<p>Copos de pl\u00e1stico Descri\u00e7\u00e3o dos nossos boi\u00f5es de pl\u00e1stico &#8220;coadry20&#8221; de 200 ml (20 por boi\u00e3o)<\/p>\n","protected":false},"featured_media":218684,"template":"","meta":{"_acf_changed":false},"product_brand":[],"product_cat":[1141,1176,1306,1459],"product_tag":[],"class_list":{"0":"post-17483","1":"product","2":"type-product","3":"status-publish","4":"has-post-thumbnail","6":"product_cat-embalagem-de-alimentos","7":"product_cat-talho-e-charcutaria","8":"product_cat-copos-jarras-copos","9":"product_cat-copos-de-sobremesa","11":"first","12":"instock","13":"taxable","14":"shipping-taxable","15":"purchasable","16":"product-type-simple"},"acf":[],"yoast_head":"<!-- This site is optimized with the Yoast SEO Premium plugin v26.6 (Yoast SEO v26.6) - https:\/\/yoast.com\/wordpress\/plugins\/seo\/ -->\n<title>Frasco de pl\u00e1stico &quot;Coadry20&quot; - 200 ml<\/title>\n<meta name=\"description\" content=\"Verrine de pl\u00e1stico, concebida para real\u00e7ar as suas prepara\u00e7\u00f5es. Robusto e pr\u00e1tico, garante uma apresenta\u00e7\u00e3o cuidada e um transporte seguro.\" \/>\n<meta name=\"robots\" content=\"index, follow, max-snippet:-1, max-image-preview:large, max-video-preview:-1\" \/>\n<link rel=\"canonical\" href=\"https:\/\/www.csj-emballages.com\/pt-pt\/produit\/20-copos-de-sobremesa-coadry20-de-plastico-200-ml\/\" \/>\n<meta property=\"og:locale\" content=\"pt_PT\" \/>\n<meta property=\"og:type\" content=\"article\" \/>\n<meta property=\"og:title\" content=\"frascos de pl\u00e1stico coadry20&quot; 200 ml - 20 unidades\" \/>\n<meta property=\"og:description\" content=\"Verrine de pl\u00e1stico, concebida para real\u00e7ar as suas prepara\u00e7\u00f5es. Robusto e pr\u00e1tico, garante uma apresenta\u00e7\u00e3o cuidada e um transporte seguro.\" \/>\n<meta property=\"og:url\" content=\"https:\/\/www.csj-emballages.com\/pt-pt\/produit\/20-copos-de-sobremesa-coadry20-de-plastico-200-ml\/\" \/>\n<meta property=\"og:site_name\" content=\"CSJ Emballages\" \/>\n<meta property=\"article:publisher\" content=\"https:\/\/www.facebook.com\/csjemballages\" \/>\n<meta property=\"article:modified_time\" content=\"2026-03-17T01:19:55+00:00\" \/>\n<meta property=\"og:image\" content=\"https:\/\/www.csj-emballages.com\/wp-content\/uploads\/2024\/03\/Coadry20.webp\" \/>\n\t<meta property=\"og:image:width\" content=\"800\" \/>\n\t<meta property=\"og:image:height\" content=\"800\" \/>\n\t<meta property=\"og:image:type\" content=\"image\/webp\" \/>\n<meta name=\"twitter:card\" content=\"summary_large_image\" \/>\n<meta name=\"twitter:label1\" content=\"Tempo estimado de leitura\" \/>\n\t<meta name=\"twitter:data1\" content=\"2 minutos\" \/>\n<script type=\"application\/ld+json\" class=\"yoast-schema-graph\">{\"@context\":\"https:\/\/schema.org\",\"@graph\":[{\"@type\":\"WebPage\",\"@id\":\"https:\/\/www.csj-emballages.com\/pt-pt\/produit\/20-copos-de-sobremesa-coadry20-de-plastico-200-ml\/\",\"url\":\"https:\/\/www.csj-emballages.com\/pt-pt\/produit\/20-copos-de-sobremesa-coadry20-de-plastico-200-ml\/\",\"name\":\"Frasco de pl\u00e1stico \\\"Coadry20\\\" - 200 ml\",\"isPartOf\":{\"@id\":\"https:\/\/www.csj-emballages.com\/pt-pt\/#website\"},\"primaryImageOfPage\":{\"@id\":\"https:\/\/www.csj-emballages.com\/pt-pt\/produit\/20-copos-de-sobremesa-coadry20-de-plastico-200-ml\/#primaryimage\"},\"image\":{\"@id\":\"https:\/\/www.csj-emballages.com\/pt-pt\/produit\/20-copos-de-sobremesa-coadry20-de-plastico-200-ml\/#primaryimage\"},\"thumbnailUrl\":\"https:\/\/www.csj-emballages.com\/wp-content\/uploads\/2024\/03\/Coadry20.webp\",\"datePublished\":\"2024-03-01T15:47:22+00:00\",\"dateModified\":\"2026-03-17T01:19:55+00:00\",\"description\":\"Verrine de pl\u00e1stico, concebida para real\u00e7ar as suas prepara\u00e7\u00f5es. Robusto e pr\u00e1tico, garante uma apresenta\u00e7\u00e3o cuidada e um transporte seguro.\",\"breadcrumb\":{\"@id\":\"https:\/\/www.csj-emballages.com\/pt-pt\/produit\/20-copos-de-sobremesa-coadry20-de-plastico-200-ml\/#breadcrumb\"},\"inLanguage\":\"pt-PT\",\"potentialAction\":[{\"@type\":\"ReadAction\",\"target\":[\"https:\/\/www.csj-emballages.com\/pt-pt\/produit\/20-copos-de-sobremesa-coadry20-de-plastico-200-ml\/\"]}]},{\"@type\":\"ImageObject\",\"inLanguage\":\"pt-PT\",\"@id\":\"https:\/\/www.csj-emballages.com\/pt-pt\/produit\/20-copos-de-sobremesa-coadry20-de-plastico-200-ml\/#primaryimage\",\"url\":\"https:\/\/www.csj-emballages.com\/wp-content\/uploads\/2024\/03\/Coadry20.webp\",\"contentUrl\":\"https:\/\/www.csj-emballages.com\/wp-content\/uploads\/2024\/03\/Coadry20.webp\",\"width\":800,\"height\":800,\"caption\":\"Verrine plastique\"},{\"@type\":\"BreadcrumbList\",\"@id\":\"https:\/\/www.csj-emballages.com\/pt-pt\/produit\/20-copos-de-sobremesa-coadry20-de-plastico-200-ml\/#breadcrumb\",\"itemListElement\":[{\"@type\":\"ListItem\",\"position\":1,\"name\":\"Acolhimento\",\"item\":\"https:\/\/www.csj-emballages.com\/pt-pt\/universo-das-embalagens-alimentares\/\"},{\"@type\":\"ListItem\",\"position\":2,\"name\":\"Shop\",\"item\":\"https:\/\/www.csj-emballages.com\/shop\/\"},{\"@type\":\"ListItem\",\"position\":3,\"name\":\"frascos de pl\u00e1stico coadry20&Prime; 200 ml &#8211; 20 unidades\"}]},{\"@type\":\"WebSite\",\"@id\":\"https:\/\/www.csj-emballages.com\/pt-pt\/#website\",\"url\":\"https:\/\/www.csj-emballages.com\/pt-pt\/\",\"name\":\"CSJ Emballages\",\"description\":\"\",\"publisher\":{\"@id\":\"https:\/\/www.csj-emballages.com\/pt-pt\/#organization\"},\"potentialAction\":[{\"@type\":\"SearchAction\",\"target\":{\"@type\":\"EntryPoint\",\"urlTemplate\":\"https:\/\/www.csj-emballages.com\/pt-pt\/?s={search_term_string}\"},\"query-input\":{\"@type\":\"PropertyValueSpecification\",\"valueRequired\":true,\"valueName\":\"search_term_string\"}}],\"inLanguage\":\"pt-PT\"},{\"@type\":\"Organization\",\"@id\":\"https:\/\/www.csj-emballages.com\/pt-pt\/#Organization\/\",\"name\":\"CSJ Emballages\",\"url\":\"https:\/\/www.csj-emballages.com\/pt-pt\/\",\"logo\":{\"@type\":\"ImageObject\",\"inLanguage\":\"pt-PT\",\"@id\":\"https:\/\/www.csj-emballages.com\/pt-pt\/#\/schema\/logo\/image\/\",\"url\":\"https:\/\/www.csj-emballages.com\/wp-content\/uploads\/2023\/10\/logo_csj.webp\",\"contentUrl\":\"https:\/\/www.csj-emballages.com\/wp-content\/uploads\/2023\/10\/logo_csj.webp\",\"width\":250,\"height\":95,\"caption\":\"CSJ Emballages\"},\"image\":{\"@id\":\"https:\/\/www.csj-emballages.com\/pt-pt\/#\/schema\/logo\/image\/\"},\"sameAs\":[\"https:\/\/www.facebook.com\/csjemballages\"],\"address\":{\"@type\":\"PostalAddress\",\"streetAddress\":\"ZI La Lechere\",\"addressLocality\":\"Patornay\",\"postalCode\":\"39130\",\"addressCountry\":\"FR\"},\"contactPoint\":[{\"@type\":\"ContactPoint\",\"contactType\":\"Service client\",\"telephone\":\"0384254272\",\"email\":\"contact@csj-emballages.com\"}]}]}<\/script>\n<!-- \/ Yoast SEO Premium plugin. -->","yoast_head_json":{"title":"Frasco de pl\u00e1stico \"Coadry20\" - 200 ml","description":"Verrine de pl\u00e1stico, concebida para real\u00e7ar as suas prepara\u00e7\u00f5es. Robusto e pr\u00e1tico, garante uma apresenta\u00e7\u00e3o cuidada e um transporte seguro.","robots":{"index":"index","follow":"follow","max-snippet":"max-snippet:-1","max-image-preview":"max-image-preview:large","max-video-preview":"max-video-preview:-1"},"canonical":"https:\/\/www.csj-emballages.com\/pt-pt\/produit\/20-copos-de-sobremesa-coadry20-de-plastico-200-ml\/","og_locale":"pt_PT","og_type":"article","og_title":"frascos de pl\u00e1stico coadry20\" 200 ml - 20 unidades","og_description":"Verrine de pl\u00e1stico, concebida para real\u00e7ar as suas prepara\u00e7\u00f5es. Robusto e pr\u00e1tico, garante uma apresenta\u00e7\u00e3o cuidada e um transporte seguro.","og_url":"https:\/\/www.csj-emballages.com\/pt-pt\/produit\/20-copos-de-sobremesa-coadry20-de-plastico-200-ml\/","og_site_name":"CSJ Emballages","article_publisher":"https:\/\/www.facebook.com\/csjemballages","article_modified_time":"2026-03-17T01:19:55+00:00","og_image":[{"width":800,"height":800,"url":"https:\/\/www.csj-emballages.com\/wp-content\/uploads\/2024\/03\/Coadry20.webp","type":"image\/webp"}],"twitter_card":"summary_large_image","twitter_misc":{"Tempo estimado de leitura":"2 minutos"},"schema":{"@context":"https:\/\/schema.org","@graph":[{"@type":"WebPage","@id":"https:\/\/www.csj-emballages.com\/pt-pt\/produit\/20-copos-de-sobremesa-coadry20-de-plastico-200-ml\/","url":"https:\/\/www.csj-emballages.com\/pt-pt\/produit\/20-copos-de-sobremesa-coadry20-de-plastico-200-ml\/","name":"Frasco de pl\u00e1stico \"Coadry20\" - 200 ml","isPartOf":{"@id":"https:\/\/www.csj-emballages.com\/pt-pt\/#website"},"primaryImageOfPage":{"@id":"https:\/\/www.csj-emballages.com\/pt-pt\/produit\/20-copos-de-sobremesa-coadry20-de-plastico-200-ml\/#primaryimage"},"image":{"@id":"https:\/\/www.csj-emballages.com\/pt-pt\/produit\/20-copos-de-sobremesa-coadry20-de-plastico-200-ml\/#primaryimage"},"thumbnailUrl":"https:\/\/www.csj-emballages.com\/wp-content\/uploads\/2024\/03\/Coadry20.webp","datePublished":"2024-03-01T15:47:22+00:00","dateModified":"2026-03-17T01:19:55+00:00","description":"Verrine de pl\u00e1stico, concebida para real\u00e7ar as suas prepara\u00e7\u00f5es. Robusto e pr\u00e1tico, garante uma apresenta\u00e7\u00e3o cuidada e um transporte seguro.","breadcrumb":{"@id":"https:\/\/www.csj-emballages.com\/pt-pt\/produit\/20-copos-de-sobremesa-coadry20-de-plastico-200-ml\/#breadcrumb"},"inLanguage":"pt-PT","potentialAction":[{"@type":"ReadAction","target":["https:\/\/www.csj-emballages.com\/pt-pt\/produit\/20-copos-de-sobremesa-coadry20-de-plastico-200-ml\/"]}]},{"@type":"ImageObject","inLanguage":"pt-PT","@id":"https:\/\/www.csj-emballages.com\/pt-pt\/produit\/20-copos-de-sobremesa-coadry20-de-plastico-200-ml\/#primaryimage","url":"https:\/\/www.csj-emballages.com\/wp-content\/uploads\/2024\/03\/Coadry20.webp","contentUrl":"https:\/\/www.csj-emballages.com\/wp-content\/uploads\/2024\/03\/Coadry20.webp","width":800,"height":800,"caption":"Verrine plastique"},{"@type":"BreadcrumbList","@id":"https:\/\/www.csj-emballages.com\/pt-pt\/produit\/20-copos-de-sobremesa-coadry20-de-plastico-200-ml\/#breadcrumb","itemListElement":[{"@type":"ListItem","position":1,"name":"Acolhimento","item":"https:\/\/www.csj-emballages.com\/pt-pt\/universo-das-embalagens-alimentares\/"},{"@type":"ListItem","position":2,"name":"Shop","item":"https:\/\/www.csj-emballages.com\/shop\/"},{"@type":"ListItem","position":3,"name":"frascos de pl\u00e1stico coadry20&Prime; 200 ml &#8211; 20 unidades"}]},{"@type":"WebSite","@id":"https:\/\/www.csj-emballages.com\/pt-pt\/#website","url":"https:\/\/www.csj-emballages.com\/pt-pt\/","name":"CSJ Emballages","description":"","publisher":{"@id":"https:\/\/www.csj-emballages.com\/pt-pt\/#organization"},"potentialAction":[{"@type":"SearchAction","target":{"@type":"EntryPoint","urlTemplate":"https:\/\/www.csj-emballages.com\/pt-pt\/?s={search_term_string}"},"query-input":{"@type":"PropertyValueSpecification","valueRequired":true,"valueName":"search_term_string"}}],"inLanguage":"pt-PT"},{"@type":"Organization","@id":"https:\/\/www.csj-emballages.com\/pt-pt\/#Organization\/","name":"CSJ Emballages","url":"https:\/\/www.csj-emballages.com\/pt-pt\/","logo":{"@type":"ImageObject","inLanguage":"pt-PT","@id":"https:\/\/www.csj-emballages.com\/pt-pt\/#\/schema\/logo\/image\/","url":"https:\/\/www.csj-emballages.com\/wp-content\/uploads\/2023\/10\/logo_csj.webp","contentUrl":"https:\/\/www.csj-emballages.com\/wp-content\/uploads\/2023\/10\/logo_csj.webp","width":250,"height":95,"caption":"CSJ Emballages"},"image":{"@id":"https:\/\/www.csj-emballages.com\/pt-pt\/#\/schema\/logo\/image\/"},"sameAs":["https:\/\/www.facebook.com\/csjemballages"],"address":{"@type":"PostalAddress","streetAddress":"ZI La Lechere","addressLocality":"Patornay","postalCode":"39130","addressCountry":"FR"},"contactPoint":[{"@type":"ContactPoint","contactType":"Service client","telephone":"0384254272","email":"contact@csj-emballages.com"}]}]}},"df_price":3.84,"df_sale_price":"","df_regular_price":3.84,"df_image_link":"https:\/\/www.csj-emballages.com\/wp-content\/uploads\/2024\/03\/Coadry20-300x300.webp","tiered_pricing_type":"fixed","tiered_pricing_fixed_rules":[],"tiered_pricing_percentage_rules":[],"tiered_pricing_minimum":1,"tiered_pricing_roles_data":[],"_links":{"self":[{"href":"https:\/\/www.csj-emballages.com\/pt-pt\/wp-json\/wp\/v2\/product\/17483","targetHints":{"allow":["GET"]}}],"collection":[{"href":"https:\/\/www.csj-emballages.com\/pt-pt\/wp-json\/wp\/v2\/product"}],"about":[{"href":"https:\/\/www.csj-emballages.com\/pt-pt\/wp-json\/wp\/v2\/types\/product"}],"wp:featuredmedia":[{"embeddable":true,"href":"https:\/\/www.csj-emballages.com\/pt-pt\/wp-json\/wp\/v2\/media\/218684"}],"wp:attachment":[{"href":"https:\/\/www.csj-emballages.com\/pt-pt\/wp-json\/wp\/v2\/media?parent=17483"}],"wp:term":[{"taxonomy":"product_brand","embeddable":true,"href":"https:\/\/www.csj-emballages.com\/pt-pt\/wp-json\/wp\/v2\/product_brand?post=17483"},{"taxonomy":"product_cat","embeddable":true,"href":"https:\/\/www.csj-emballages.com\/pt-pt\/wp-json\/wp\/v2\/product_cat?post=17483"},{"taxonomy":"product_tag","embeddable":true,"href":"https:\/\/www.csj-emballages.com\/pt-pt\/wp-json\/wp\/v2\/product_tag?post=17483"}],"curies":[{"name":"wp","href":"https:\/\/api.w.org\/{rel}","templated":true}]}}