{"id":17457,"date":"2024-03-01T16:47:23","date_gmt":"2024-03-01T15:47:23","guid":{"rendered":"https:\/\/u15jnbdpoq.preview.infomaniak.website\/produit\/30-frascos-de-plastico-coadry6-de-60-ml\/"},"modified":"2026-04-17T02:17:22","modified_gmt":"2026-04-17T00:17:22","slug":"30-copos-de-plastico-coadry6-de-60-ml","status":"publish","type":"product","link":"https:\/\/www.csj-emballages.com\/pt-pt\/produit\/30-copos-de-plastico-coadry6-de-60-ml\/","title":{"rendered":"frascos de pl\u00e1stico coadry6&#8243; 60 ml &#8211; 30 unidades"},"content":{"rendered":"<div style=\"font-family: Roboto, sans-serif\">\n<div style=\"font-family: Roboto, sans-serif\">\n<div style=\"font-family: Roboto, sans-serif\">\n<div style=\"font-family: Roboto, sans-serif\">\n<div style=\"font-family: Roboto, sans-serif\">\n<div style=\"font-family: Roboto, sans-serif\">\n<div style=\"font-family: Roboto, sans-serif\">\n<div style=\"font-family: Roboto, sans-serif\">\n<div style=\"font-family: Roboto, sans-serif\">\n<div style=\"font-family: Roboto, sans-serif\">\n<div style=\"font-family: Roboto, sans-serif\">\n<div style=\"font-family: Roboto, sans-serif\">\n<div style=\"font-family: Roboto, sans-serif\">\n<div class=\"flex flex-grow flex-col max-w-full\">\n<div class=\"min-h-[20px] text-message flex flex-col items-start whitespace-pre-wrap break-words [.text-message+&amp;]:mt-5 juice:w-full juice:items-end overflow-x-auto gap-2\" dir=\"auto\" data-message-author-role=\"assistant\" data-message-id=\"2034782e-88f9-44ef-b4dc-07dd7bf0115f\">\n<div class=\"flex w-full flex-col gap-1 juice:empty:hidden juice:first:pt-[3px]\">\n<div class=\"markdown prose w-full break-words dark:prose-invert light\">\n<div style=\"font-family: Roboto, sans-serif\">\n<div style=\"font-family: Roboto, sans-serif\">\n<div style=\"font-family: Roboto, sans-serif\">\n<div style=\"font-family: Roboto, sans-serif\">\n<div style=\"font-family: Roboto, sans-serif\">\n<div style=\"font-family: Roboto, sans-serif\">\n<h2>Copo Degusta\u00e7\u00e3o<\/h2>\n<div style=\"font-family: Roboto, sans-serif\">\n<div style=\"font-family: Roboto, sans-serif\">\n<div style=\"font-family: Roboto, sans-serif\">\n<div style=\"text-align: center\">\n<div style=\"font-family: Roboto, sans-serif\">\n<div style=\"font-family: Roboto, sans-serif\">\n<div style=\"font-family: Roboto, sans-serif\">\n<div style=\"font-family: Roboto, sans-serif\">\n<div style=\"font-family: Roboto, sans-serif\">\n<hr>\n<h3 style=\"font-family: Roboto, sans-serif;text-align: left\">Descri\u00e7\u00e3o das nossas verrinas de pl\u00e1stico Coadry<\/h3>\n<h3 style=\"text-align: left\"><!--more--><\/h3>\n<\/div>\n<\/div>\n<\/div>\n<\/div>\n<\/div>\n<\/div>\n<\/div>\n<\/div>\n<\/div>\n<\/div>\n<\/div>\n<\/div>\n<\/div>\n<\/div>\n<\/div>\n<\/div>\n<\/div>\n<\/div>\n<\/div>\n<div class=\"flex flex-grow flex-col max-w-full\">\n<div class=\"min-h-[20px] text-message flex flex-col items-start whitespace-pre-wrap break-words [.text-message+&amp;]:mt-5 juice:w-full juice:items-end overflow-x-auto gap-2\" dir=\"auto\" data-message-author-role=\"assistant\" data-message-id=\"2034782e-88f9-44ef-b4dc-07dd7bf0115f\">\n<div class=\"flex w-full flex-col gap-1 juice:empty:hidden juice:first:pt-[3px]\">\n<div class=\"markdown prose w-full break-words dark:prose-invert light\">\n<div style=\"font-family: Roboto, sans-serif\">\n<div style=\"font-family: Roboto, sans-serif\">\n<div style=\"font-family: Roboto, sans-serif\">\n<div style=\"font-family: Roboto, sans-serif\">\n<div style=\"font-family: Roboto, sans-serif\">\n<div style=\"font-family: Roboto, sans-serif\">\n<p><strong>As verrinas de pl\u00e1stico Coadry de 60 ml<\/strong> em <strong>embalagens de 30 <\/strong>s\u00e3o indispens\u00e1veis para todas as tuas recep\u00e7\u00f5es de sucesso. Combinando eleg\u00e2ncia e praticidade, estas <strong>verrines para aperitivos<\/strong> foram concebidas para melhorar as suas apresenta\u00e7\u00f5es gastron\u00f3micas, tornando-as f\u00e1ceis de utilizar. Com uma capacidade ideal de <strong>60 ml<\/strong>, s\u00e3o perfeitamente adequadas para conter por\u00e7\u00f5es individuais dos teus pratos favoritos, quer sejam doces ou salgados. O seu design <strong>Coadry 6<\/strong> confere um toque de originalidade e de modernidade aos seus buffets. Em primeiro lugar<em>, <\/em>gra\u00e7as ao seu acabamento em cristal, estas <strong>verrinas para catering<\/strong> reflectem a luz e ampliam a apresenta\u00e7\u00e3o dos seus pratos, real\u00e7ando cada camada das suas cria\u00e7\u00f5es culin\u00e1rias. Quer seja para um evento de neg\u00f3cios, um cocktail ou uma rece\u00e7\u00e3o familiar, estas <strong>verrinas<\/strong> s\u00e3o a escolha perfeita para impressionar os seus convidados, garantindo uma experi\u00eancia pr\u00e1tica e requintada.  <\/p>\n<\/div>\n<\/div>\n<\/div>\n<\/div>\n<\/div>\n<\/div>\n<\/div>\n<\/div>\n<\/div>\n<\/div>\n<\/div>\n<\/div>\n<\/div>\n<\/div>\n<\/div>\n<\/div>\n<\/div>\n<\/div>\n<\/div>\n<\/div>\n<\/div>\n<\/div>\n<\/div>\n<p><!--more--><\/p>\n<h4>Porqu\u00ea utilizar as nossas <strong>verrinas de pl\u00e1stico<\/strong>?<\/h4>\n<p>Uma das principais vantagens destes copos de aperitivo \u00e9 o seu material PS. N\u00e3o s\u00f3 s\u00e3o reutiliz\u00e1veis, como tamb\u00e9m s\u00e3o leves e resistentes, oferecendo uma solu\u00e7\u00e3o sustent\u00e1vel e amiga do ambiente. Ao contr\u00e1rio do vidro, n\u00e3o correm o risco de se partirem, o que os torna perfeitos para utiliza\u00e7\u00e3o no exterior.  <\/p>\n<div style=\"font-family: Roboto, sans-serif\">\n<div style=\"font-family: Roboto, sans-serif\">\n<div style=\"font-family: Roboto, sans-serif\">\n<div style=\"font-family: Roboto, sans-serif\">\n<div style=\"font-family: Roboto, sans-serif\">\n<div style=\"font-family: Roboto, sans-serif\">\n<div style=\"font-family: Roboto, sans-serif\">\n<div style=\"font-family: Roboto, sans-serif\">\n<div style=\"font-family: Roboto, sans-serif\">\n<div style=\"font-family: Roboto, sans-serif\">\n<div style=\"font-family: Roboto, sans-serif\">\n<div style=\"font-family: Roboto, sans-serif\">\n<div style=\"font-family: Roboto, sans-serif\">\n<div class=\"flex flex-grow flex-col max-w-full\">\n<div class=\"min-h-[20px] text-message flex flex-col items-start whitespace-pre-wrap break-words [.text-message+&amp;]:mt-5 juice:w-full juice:items-end overflow-x-auto gap-2\" dir=\"auto\" data-message-author-role=\"assistant\" data-message-id=\"2034782e-88f9-44ef-b4dc-07dd7bf0115f\">\n<div class=\"flex w-full flex-col gap-1 juice:empty:hidden juice:first:pt-[3px]\">\n<div class=\"markdown prose w-full break-words dark:prose-invert light\">\n<div style=\"font-family: Roboto, sans-serif\">\n<div style=\"font-family: Roboto, sans-serif\">\n<div style=\"font-family: Roboto, sans-serif\">\n<div style=\"font-family: Roboto, sans-serif\">\n<div style=\"font-family: Roboto, sans-serif\">\n<div style=\"font-family: Roboto, sans-serif\">As <strong>verrinas de pl\u00e1stico Coadry 6<\/strong> <strong>de 60 ml<\/strong> tamb\u00e9m podem ser empilhadas, poupando-te espa\u00e7o de armazenamento. Uma vez terminados os teus eventos, s\u00e3o f\u00e1ceis de limpar, libertando-te da tarefa de uma lavagem longa e aborrecida. Poder\u00e1s utiliz\u00e1-las v\u00e1rias vezes para diferentes tipos de eventos. A sua capacidade de <strong>60 ml<\/strong> \u00e9 perfeita para por\u00e7\u00f5es de amuse-bouches, tapas, <strong>copos de sobremesa<\/strong> ou mesmo mini-saladas, oferecendo uma grande variedade de utiliza\u00e7\u00f5es.   <\/div>\n<\/div>\n<div style=\"font-family: Roboto, sans-serif\">\n<div style=\"font-family: Roboto, sans-serif\">\n<p>&nbsp;<\/p>\n<\/div>\n<\/div>\n<\/div>\n<\/div>\n<\/div>\n<\/div>\n<\/div>\n<\/div>\n<\/div>\n<\/div>\n<\/div>\n<\/div>\n<\/div>\n<\/div>\n<\/div>\n<\/div>\n<\/div>\n<\/div>\n<\/div>\n<\/div>\n<\/div>\n<\/div>\n<\/div>\n<p><!--more--><\/p>\n<div style=\"font-family: Roboto, sans-serif\">\n<div style=\"font-family: Roboto, sans-serif\">\n<div style=\"font-family: Roboto, sans-serif\">\n<div style=\"font-family: Roboto, sans-serif\">\n<div style=\"font-family: Roboto, sans-serif\">\n<div style=\"font-family: Roboto, sans-serif\">\n<div style=\"font-family: Roboto, sans-serif\">\n<div style=\"font-family: Roboto, sans-serif\">\n<div style=\"font-family: Roboto, sans-serif\">\n<div style=\"font-family: Roboto, sans-serif\">\n<div style=\"font-family: Roboto, sans-serif\">\n<div style=\"font-family: Roboto, sans-serif\">\n<div style=\"font-family: Roboto, sans-serif\">\n<div class=\"flex flex-grow flex-col max-w-full\">\n<div class=\"min-h-[20px] text-message flex flex-col items-start whitespace-pre-wrap break-words [.text-message+&amp;]:mt-5 juice:w-full juice:items-end overflow-x-auto gap-2\" dir=\"auto\" data-message-author-role=\"assistant\" data-message-id=\"2034782e-88f9-44ef-b4dc-07dd7bf0115f\">\n<div class=\"flex w-full flex-col gap-1 juice:empty:hidden juice:first:pt-[3px]\">\n<div class=\"markdown prose w-full break-words dark:prose-invert light\">\n<div style=\"font-family: Roboto, sans-serif\">\n<div style=\"font-family: Roboto, sans-serif\">\n<div style=\"font-family: Roboto, sans-serif\">\n<div style=\"font-family: Roboto, sans-serif\">\n<div style=\"font-family: Roboto, sans-serif\">\n<div style=\"font-family: Roboto, sans-serif\">\n<p>O seu formato compacto e pr\u00e1tico \u00e9 igualmente adequado para profissionais de restaura\u00e7\u00e3o e particulares. Os profissionais de restaura\u00e7\u00e3o, em particular, apreciar\u00e3o a versatilidade destas <strong>verrinas de catering<\/strong>, que podem ser utilizadas para criar aperitivos esteticamente agrad\u00e1veis, facilitando simultaneamente o servi\u00e7o e o transporte dos pratos. <\/p>\n<p>Por isso, se procuras recipientes originais e pr\u00e1ticos para os teus aperitivos, buffets ou sobremesas, opta por estes <strong>copos <\/strong><strong>de pl\u00e1stico<\/strong> <strong>para aperitivos Coadry 6 <\/strong><strong>60 ml<\/strong>. Combinam design, durabilidade e funcionalidade, dando-te a possibilidade de reutilizar os teus recipientes em muitas ocasi\u00f5es. <\/p>\n<p>&nbsp;<\/p>\n<p><!--more--><\/p>\n<h4 style=\"text-align: left\"><strong>As vantagens dos frascos de pl\u00e1stico Coadry 60 ml:<\/strong><\/h4>\n<ul style=\"text-align: left\">\n<li><strong>Design elegante e original<\/strong>: A sua forma confere um toque moderno e requintado \u00e0s tuas apresenta\u00e7\u00f5es culin\u00e1rias. Acrescentam uma dimens\u00e3o visual elegante que capta a aten\u00e7\u00e3o dos seus convidados e real\u00e7a as suas cria\u00e7\u00f5es. <\/li>\n<li><strong>Versatilidade<\/strong>: Pode ser utilizado para preparar uma grande variedade de pratos doces e salgados.<\/li>\n<li><strong>Praticidade<\/strong>: Leves e f\u00e1ceis de manusear, estas <strong>verrinas de catering<\/strong> foram concebidas para serem pr\u00e1ticas de utilizar.<\/li>\n<li><strong>Qualidade e durabilidade<\/strong>: Fabricados em PS, s\u00e3o robustos, elegantes e reutiliz\u00e1veis.<\/li>\n<\/ul>\n<\/div>\n<\/div>\n<\/div>\n<\/div>\n<\/div>\n<\/div>\n<\/div>\n<\/div>\n<\/div>\n<\/div>\n<\/div>\n<\/div>\n<p>&nbsp;<\/p>\n<\/div>\n<\/div>\n<\/div>\n<\/div>\n<\/div>\n<\/div>\n<\/div>\n<\/div>\n<\/div>\n<\/div>\n<\/div>\n<p><!--more--><\/p>\n<h4>Outras informa\u00e7\u00f5es sobre este produto:<\/h4>\n<ul style=\"font-family: Roboto, sans-serif\">\n<li><strong>Embalagem<\/strong>: Embalagem de 30 unidades em pel\u00edcula protetora para melhor armazenamento<\/li>\n<li><strong>Econ\u00f3mico: <\/strong>Estas <strong>verrinas<\/strong> s\u00e3o reutiliz\u00e1veis<\/li>\n<li><span style=\"font-weight: bold\">Dimens\u00f5es<\/span>: 30 x 49 x 45 (\u00d8 x H em mm)<\/li>\n<li><span style=\"font-weight: bold\">Material<\/span>: pl\u00e1stico PS<\/li>\n<li><span style=\"font-weight: bold\">Volume<\/span>: 60 ml<\/li>\n<\/ul>\n<p style=\"text-align: left\"><!--more--><\/p>\n<p><a href=\"https:\/\/www.csj-emballages.com\/pt-pt\/categorie-produit\/embalagem-de-alimentos\/talho-e-charcutaria\/copos-jarras-copos\/verrines-pt-pt\/verrines-pt-pt-2\/\">V\u00ea o resto da nossa gama de verrines<\/a><\/p>\n<p>&nbsp;<\/p>\n<h2 style=\"font-weight: bold\"><\/h2>\n","protected":false},"excerpt":{"rendered":"<p>Copo Degusta\u00e7\u00e3o Descri\u00e7\u00e3o das nossas verrinas de pl\u00e1stico Coadry<\/p>\n","protected":false},"featured_media":209596,"template":"","meta":{"_acf_changed":false},"product_brand":[],"product_cat":[1141,1176,1306,1309,1312],"product_tag":[],"class_list":{"0":"post-17457","1":"product","2":"type-product","3":"status-publish","4":"has-post-thumbnail","6":"product_cat-embalagem-de-alimentos","7":"product_cat-talho-e-charcutaria","8":"product_cat-copos-jarras-copos","9":"product_cat-verrines-pt-pt","10":"product_cat-verrines-pt-pt-2","12":"first","13":"instock","14":"taxable","15":"shipping-taxable","16":"purchasable","17":"product-type-simple"},"acf":[],"yoast_head":"<!-- This site is optimized with the Yoast SEO Premium plugin v26.6 (Yoast SEO v26.6) - https:\/\/yoast.com\/wordpress\/plugins\/seo\/ -->\n<title>frascos de pl\u00e1stico coadry6&quot; 60 ml embalagem de 30<\/title>\n<meta name=\"description\" content=\"Descobre as nossas verrinas de pl\u00e1stico &quot;Coadry&quot; de 60 ml, elegantes e pr\u00e1ticas para os teus buffets. Vendidas em embalagens de 30 unidades, estas verrinas s\u00e3o reutiliz\u00e1veis.\" \/>\n<meta name=\"robots\" content=\"index, follow, max-snippet:-1, max-image-preview:large, max-video-preview:-1\" \/>\n<link rel=\"canonical\" href=\"https:\/\/www.csj-emballages.com\/pt-pt\/produit\/30-copos-de-plastico-coadry6-de-60-ml\/\" \/>\n<meta property=\"og:locale\" content=\"pt_PT\" \/>\n<meta property=\"og:type\" content=\"article\" \/>\n<meta property=\"og:title\" content=\"frascos de pl\u00e1stico coadry6&quot; 60 ml - 30 unidades\" \/>\n<meta property=\"og:description\" content=\"Descobre as nossas verrinas de pl\u00e1stico &quot;Coadry&quot; de 60 ml, elegantes e pr\u00e1ticas para os teus buffets. Vendidas em embalagens de 30 unidades, estas verrinas s\u00e3o reutiliz\u00e1veis.\" \/>\n<meta property=\"og:url\" content=\"https:\/\/www.csj-emballages.com\/pt-pt\/produit\/30-copos-de-plastico-coadry6-de-60-ml\/\" \/>\n<meta property=\"og:site_name\" content=\"CSJ Emballages\" \/>\n<meta property=\"article:publisher\" content=\"https:\/\/www.facebook.com\/csjemballages\" \/>\n<meta property=\"article:modified_time\" content=\"2026-04-17T00:17:22+00:00\" \/>\n<meta property=\"og:image\" content=\"https:\/\/www.csj-emballages.com\/wp-content\/uploads\/2024\/03\/e-amande-10.png\" \/>\n\t<meta property=\"og:image:width\" content=\"300\" \/>\n\t<meta property=\"og:image:height\" content=\"300\" \/>\n\t<meta property=\"og:image:type\" content=\"image\/png\" \/>\n<meta name=\"twitter:card\" content=\"summary_large_image\" \/>\n<meta name=\"twitter:label1\" content=\"Tempo estimado de leitura\" \/>\n\t<meta name=\"twitter:data1\" content=\"3 minutos\" \/>\n<script type=\"application\/ld+json\" class=\"yoast-schema-graph\">{\"@context\":\"https:\/\/schema.org\",\"@graph\":[{\"@type\":\"WebPage\",\"@id\":\"https:\/\/www.csj-emballages.com\/pt-pt\/produit\/30-copos-de-plastico-coadry6-de-60-ml\/\",\"url\":\"https:\/\/www.csj-emballages.com\/pt-pt\/produit\/30-copos-de-plastico-coadry6-de-60-ml\/\",\"name\":\"frascos de pl\u00e1stico coadry6\\\" 60 ml embalagem de 30\",\"isPartOf\":{\"@id\":\"https:\/\/www.csj-emballages.com\/pt-pt\/#website\"},\"primaryImageOfPage\":{\"@id\":\"https:\/\/www.csj-emballages.com\/pt-pt\/produit\/30-copos-de-plastico-coadry6-de-60-ml\/#primaryimage\"},\"image\":{\"@id\":\"https:\/\/www.csj-emballages.com\/pt-pt\/produit\/30-copos-de-plastico-coadry6-de-60-ml\/#primaryimage\"},\"thumbnailUrl\":\"https:\/\/www.csj-emballages.com\/wp-content\/uploads\/2024\/03\/coadry.webp\",\"datePublished\":\"2024-03-01T15:47:23+00:00\",\"dateModified\":\"2026-04-17T00:17:22+00:00\",\"description\":\"Descobre as nossas verrinas de pl\u00e1stico \\\"Coadry\\\" de 60 ml, elegantes e pr\u00e1ticas para os teus buffets. Vendidas em embalagens de 30 unidades, estas verrinas s\u00e3o reutiliz\u00e1veis.\",\"breadcrumb\":{\"@id\":\"https:\/\/www.csj-emballages.com\/pt-pt\/produit\/30-copos-de-plastico-coadry6-de-60-ml\/#breadcrumb\"},\"inLanguage\":\"pt-PT\",\"potentialAction\":[{\"@type\":\"ReadAction\",\"target\":[\"https:\/\/www.csj-emballages.com\/pt-pt\/produit\/30-copos-de-plastico-coadry6-de-60-ml\/\"]}]},{\"@type\":\"ImageObject\",\"inLanguage\":\"pt-PT\",\"@id\":\"https:\/\/www.csj-emballages.com\/pt-pt\/produit\/30-copos-de-plastico-coadry6-de-60-ml\/#primaryimage\",\"url\":\"https:\/\/www.csj-emballages.com\/wp-content\/uploads\/2024\/03\/coadry.webp\",\"contentUrl\":\"https:\/\/www.csj-emballages.com\/wp-content\/uploads\/2024\/03\/coadry.webp\",\"width\":801,\"height\":801,\"caption\":\"verrines plastique\"},{\"@type\":\"BreadcrumbList\",\"@id\":\"https:\/\/www.csj-emballages.com\/pt-pt\/produit\/30-copos-de-plastico-coadry6-de-60-ml\/#breadcrumb\",\"itemListElement\":[{\"@type\":\"ListItem\",\"position\":1,\"name\":\"Acolhimento\",\"item\":\"https:\/\/www.csj-emballages.com\/pt-pt\/universo-das-embalagens-alimentares\/\"},{\"@type\":\"ListItem\",\"position\":2,\"name\":\"Shop\",\"item\":\"https:\/\/www.csj-emballages.com\/shop\/\"},{\"@type\":\"ListItem\",\"position\":3,\"name\":\"frascos de pl\u00e1stico coadry6&#8243; 60 ml &#8211; 30 unidades\"}]},{\"@type\":\"WebSite\",\"@id\":\"https:\/\/www.csj-emballages.com\/pt-pt\/#website\",\"url\":\"https:\/\/www.csj-emballages.com\/pt-pt\/\",\"name\":\"CSJ Emballages\",\"description\":\"\",\"publisher\":{\"@id\":\"https:\/\/www.csj-emballages.com\/pt-pt\/#organization\"},\"potentialAction\":[{\"@type\":\"SearchAction\",\"target\":{\"@type\":\"EntryPoint\",\"urlTemplate\":\"https:\/\/www.csj-emballages.com\/pt-pt\/?s={search_term_string}\"},\"query-input\":{\"@type\":\"PropertyValueSpecification\",\"valueRequired\":true,\"valueName\":\"search_term_string\"}}],\"inLanguage\":\"pt-PT\"},{\"@type\":\"Organization\",\"@id\":\"https:\/\/www.csj-emballages.com\/pt-pt\/#Organization\/\",\"name\":\"CSJ Emballages\",\"url\":\"https:\/\/www.csj-emballages.com\/pt-pt\/\",\"logo\":{\"@type\":\"ImageObject\",\"inLanguage\":\"pt-PT\",\"@id\":\"https:\/\/www.csj-emballages.com\/pt-pt\/#\/schema\/logo\/image\/\",\"url\":\"https:\/\/www.csj-emballages.com\/wp-content\/uploads\/2023\/10\/logo_csj.webp\",\"contentUrl\":\"https:\/\/www.csj-emballages.com\/wp-content\/uploads\/2023\/10\/logo_csj.webp\",\"width\":250,\"height\":95,\"caption\":\"CSJ Emballages\"},\"image\":{\"@id\":\"https:\/\/www.csj-emballages.com\/pt-pt\/#\/schema\/logo\/image\/\"},\"sameAs\":[\"https:\/\/www.facebook.com\/csjemballages\"],\"address\":{\"@type\":\"PostalAddress\",\"streetAddress\":\"ZI La Lechere\",\"addressLocality\":\"Patornay\",\"postalCode\":\"39130\",\"addressCountry\":\"FR\"},\"contactPoint\":[{\"@type\":\"ContactPoint\",\"contactType\":\"Service client\",\"telephone\":\"0384254272\",\"email\":\"contact@csj-emballages.com\"}]}]}<\/script>\n<!-- \/ Yoast SEO Premium plugin. -->","yoast_head_json":{"title":"frascos de pl\u00e1stico coadry6\" 60 ml embalagem de 30","description":"Descobre as nossas verrinas de pl\u00e1stico \"Coadry\" de 60 ml, elegantes e pr\u00e1ticas para os teus buffets. Vendidas em embalagens de 30 unidades, estas verrinas s\u00e3o reutiliz\u00e1veis.","robots":{"index":"index","follow":"follow","max-snippet":"max-snippet:-1","max-image-preview":"max-image-preview:large","max-video-preview":"max-video-preview:-1"},"canonical":"https:\/\/www.csj-emballages.com\/pt-pt\/produit\/30-copos-de-plastico-coadry6-de-60-ml\/","og_locale":"pt_PT","og_type":"article","og_title":"frascos de pl\u00e1stico coadry6\" 60 ml - 30 unidades","og_description":"Descobre as nossas verrinas de pl\u00e1stico \"Coadry\" de 60 ml, elegantes e pr\u00e1ticas para os teus buffets. Vendidas em embalagens de 30 unidades, estas verrinas s\u00e3o reutiliz\u00e1veis.","og_url":"https:\/\/www.csj-emballages.com\/pt-pt\/produit\/30-copos-de-plastico-coadry6-de-60-ml\/","og_site_name":"CSJ Emballages","article_publisher":"https:\/\/www.facebook.com\/csjemballages","article_modified_time":"2026-04-17T00:17:22+00:00","og_image":[{"width":300,"height":300,"url":"https:\/\/www.csj-emballages.com\/wp-content\/uploads\/2024\/03\/e-amande-10.png","type":"image\/png"}],"twitter_card":"summary_large_image","twitter_misc":{"Tempo estimado de leitura":"3 minutos"},"schema":{"@context":"https:\/\/schema.org","@graph":[{"@type":"WebPage","@id":"https:\/\/www.csj-emballages.com\/pt-pt\/produit\/30-copos-de-plastico-coadry6-de-60-ml\/","url":"https:\/\/www.csj-emballages.com\/pt-pt\/produit\/30-copos-de-plastico-coadry6-de-60-ml\/","name":"frascos de pl\u00e1stico coadry6\" 60 ml embalagem de 30","isPartOf":{"@id":"https:\/\/www.csj-emballages.com\/pt-pt\/#website"},"primaryImageOfPage":{"@id":"https:\/\/www.csj-emballages.com\/pt-pt\/produit\/30-copos-de-plastico-coadry6-de-60-ml\/#primaryimage"},"image":{"@id":"https:\/\/www.csj-emballages.com\/pt-pt\/produit\/30-copos-de-plastico-coadry6-de-60-ml\/#primaryimage"},"thumbnailUrl":"https:\/\/www.csj-emballages.com\/wp-content\/uploads\/2024\/03\/coadry.webp","datePublished":"2024-03-01T15:47:23+00:00","dateModified":"2026-04-17T00:17:22+00:00","description":"Descobre as nossas verrinas de pl\u00e1stico \"Coadry\" de 60 ml, elegantes e pr\u00e1ticas para os teus buffets. Vendidas em embalagens de 30 unidades, estas verrinas s\u00e3o reutiliz\u00e1veis.","breadcrumb":{"@id":"https:\/\/www.csj-emballages.com\/pt-pt\/produit\/30-copos-de-plastico-coadry6-de-60-ml\/#breadcrumb"},"inLanguage":"pt-PT","potentialAction":[{"@type":"ReadAction","target":["https:\/\/www.csj-emballages.com\/pt-pt\/produit\/30-copos-de-plastico-coadry6-de-60-ml\/"]}]},{"@type":"ImageObject","inLanguage":"pt-PT","@id":"https:\/\/www.csj-emballages.com\/pt-pt\/produit\/30-copos-de-plastico-coadry6-de-60-ml\/#primaryimage","url":"https:\/\/www.csj-emballages.com\/wp-content\/uploads\/2024\/03\/coadry.webp","contentUrl":"https:\/\/www.csj-emballages.com\/wp-content\/uploads\/2024\/03\/coadry.webp","width":801,"height":801,"caption":"verrines plastique"},{"@type":"BreadcrumbList","@id":"https:\/\/www.csj-emballages.com\/pt-pt\/produit\/30-copos-de-plastico-coadry6-de-60-ml\/#breadcrumb","itemListElement":[{"@type":"ListItem","position":1,"name":"Acolhimento","item":"https:\/\/www.csj-emballages.com\/pt-pt\/universo-das-embalagens-alimentares\/"},{"@type":"ListItem","position":2,"name":"Shop","item":"https:\/\/www.csj-emballages.com\/shop\/"},{"@type":"ListItem","position":3,"name":"frascos de pl\u00e1stico coadry6&#8243; 60 ml &#8211; 30 unidades"}]},{"@type":"WebSite","@id":"https:\/\/www.csj-emballages.com\/pt-pt\/#website","url":"https:\/\/www.csj-emballages.com\/pt-pt\/","name":"CSJ Emballages","description":"","publisher":{"@id":"https:\/\/www.csj-emballages.com\/pt-pt\/#organization"},"potentialAction":[{"@type":"SearchAction","target":{"@type":"EntryPoint","urlTemplate":"https:\/\/www.csj-emballages.com\/pt-pt\/?s={search_term_string}"},"query-input":{"@type":"PropertyValueSpecification","valueRequired":true,"valueName":"search_term_string"}}],"inLanguage":"pt-PT"},{"@type":"Organization","@id":"https:\/\/www.csj-emballages.com\/pt-pt\/#Organization\/","name":"CSJ Emballages","url":"https:\/\/www.csj-emballages.com\/pt-pt\/","logo":{"@type":"ImageObject","inLanguage":"pt-PT","@id":"https:\/\/www.csj-emballages.com\/pt-pt\/#\/schema\/logo\/image\/","url":"https:\/\/www.csj-emballages.com\/wp-content\/uploads\/2023\/10\/logo_csj.webp","contentUrl":"https:\/\/www.csj-emballages.com\/wp-content\/uploads\/2023\/10\/logo_csj.webp","width":250,"height":95,"caption":"CSJ Emballages"},"image":{"@id":"https:\/\/www.csj-emballages.com\/pt-pt\/#\/schema\/logo\/image\/"},"sameAs":["https:\/\/www.facebook.com\/csjemballages"],"address":{"@type":"PostalAddress","streetAddress":"ZI La Lechere","addressLocality":"Patornay","postalCode":"39130","addressCountry":"FR"},"contactPoint":[{"@type":"ContactPoint","contactType":"Service client","telephone":"0384254272","email":"contact@csj-emballages.com"}]}]}},"df_price":1.7,"df_sale_price":"","df_regular_price":1.7,"df_image_link":"https:\/\/www.csj-emballages.com\/wp-content\/uploads\/2024\/03\/coadry-300x300.webp","tiered_pricing_type":"fixed","tiered_pricing_fixed_rules":[],"tiered_pricing_percentage_rules":[],"tiered_pricing_minimum":1,"tiered_pricing_roles_data":[],"_links":{"self":[{"href":"https:\/\/www.csj-emballages.com\/pt-pt\/wp-json\/wp\/v2\/product\/17457","targetHints":{"allow":["GET"]}}],"collection":[{"href":"https:\/\/www.csj-emballages.com\/pt-pt\/wp-json\/wp\/v2\/product"}],"about":[{"href":"https:\/\/www.csj-emballages.com\/pt-pt\/wp-json\/wp\/v2\/types\/product"}],"wp:featuredmedia":[{"embeddable":true,"href":"https:\/\/www.csj-emballages.com\/pt-pt\/wp-json\/wp\/v2\/media\/209596"}],"wp:attachment":[{"href":"https:\/\/www.csj-emballages.com\/pt-pt\/wp-json\/wp\/v2\/media?parent=17457"}],"wp:term":[{"taxonomy":"product_brand","embeddable":true,"href":"https:\/\/www.csj-emballages.com\/pt-pt\/wp-json\/wp\/v2\/product_brand?post=17457"},{"taxonomy":"product_cat","embeddable":true,"href":"https:\/\/www.csj-emballages.com\/pt-pt\/wp-json\/wp\/v2\/product_cat?post=17457"},{"taxonomy":"product_tag","embeddable":true,"href":"https:\/\/www.csj-emballages.com\/pt-pt\/wp-json\/wp\/v2\/product_tag?post=17457"}],"curies":[{"name":"wp","href":"https:\/\/api.w.org\/{rel}","templated":true}]}}