{"id":17429,"date":"2024-03-01T16:59:42","date_gmt":"2024-03-01T15:59:42","guid":{"rendered":"https:\/\/u15jnbdpoq.preview.infomaniak.website\/produit\/gengibre-moido-1-kg\/"},"modified":"2026-01-16T13:47:50","modified_gmt":"2026-01-16T12:47:50","slug":"gengibre-moido-1-kg","status":"publish","type":"product","link":"https:\/\/www.csj-emballages.com\/pt-pt\/produit\/gengibre-moido-1-kg\/","title":{"rendered":"Gengibre mo\u00eddo 1 kg"},"content":{"rendered":"<h2>Gengibre mo\u00eddo<\/h2>\n<hr>\n<h3>Descri\u00e7\u00e3o do nosso gengibre mo\u00eddo 1kg<\/h3>\n<p><!--more--><\/p>\n<p data-start=\"163\" data-end=\"555\">O <strong>gengibre mo\u00eddo<\/strong> \u00e9 indispens\u00e1vel para quem gosta de dar car\u00e1cter \u00e0s suas receitas. Com este formato de <strong data-start=\"277\" data-end=\"285\">1 kg<\/strong>, tem \u00e0 m\u00e3o uma especiaria intensa, perfumada e vers\u00e1til, pronta para integrar tanto pratos salgados como doces. Logo ao abrir, o seu aroma quente e ligeiramente c\u00edtrico faz-se sentir, anunciando um sabor que desperta instantaneamente as prepara\u00e7\u00f5es.  <\/p>\n<p data-start=\"557\" data-end=\"947\">F\u00e1cil de dosear, o <strong>gengibre mo\u00eddo<\/strong> utiliza-se no dia a dia. Real\u00e7a um molho, d\u00e1 um toque especial a uma marinada ou transforma um simples prato de legumes numa receita cheia de personalidade. Mas n\u00e3o \u00e9 tudo. Tamb\u00e9m encontra o seu lugar perfeito na pastelaria, em biscoitos, p\u00e3es de especiarias, bolos ou sobremesas ex\u00f3ticas. Uma pequena pitada \u00e9 suficiente para dar profundidade e calor.    <\/p>\n<p data-start=\"949\" data-end=\"1324\">Este <strong>formato profissional de 1 kg<\/strong> \u00e9 adequado tanto para restaurantes, empresas de catering, artes\u00e3os como para os amantes da cozinha que gostam de trabalhar com produtos de qualidade. Permite cozinhar sem restri\u00e7\u00f5es, garantindo ao mesmo tempo uma regularidade de sabor em cada utiliza\u00e7\u00e3o. Al\u00e9m disso, o <strong>gengibre mo\u00eddo<\/strong> conserva-se facilmente e permanece pr\u00e1tico de utilizar, mesmo em pleno servi\u00e7o.  <\/p>\n<p data-start=\"1326\" data-end=\"1542\">Al\u00e9m disso, o <strong>gengibre<\/strong> \u00e9 apreciado pelo seu lado estimulante e reconfortante. Tamb\u00e9m marca presen\u00e7a em infus\u00f5es, bebidas quentes ou receitas de bem-estar, o que faz dele uma especiaria t\u00e3o gulosa quanto vers\u00e1til. <\/p>\n<p data-start=\"1544\" data-end=\"1707\">Em resumo, este <strong>gengibre mo\u00eddo 1 kg<\/strong> \u00e9 uma aposta segura para enriquecer as suas receitas, ganhar efici\u00eancia e dar uma verdadeira assinatura arom\u00e1tica \u00e0 sua cozinha.<\/p>\n<p data-start=\"1544\" data-end=\"1707\">\n<p data-start=\"85\" data-end=\"473\"><!--more--><\/p>\n<h4 data-start=\"85\" data-end=\"473\">Vantagens :<\/h4>\n<ul>\n<li>Perfeito para pratos cozinhados, pastelaria e infus\u00f5es.<\/li>\n<li><strong>Aroma potente<\/strong> para sublimar as suas receitas.<\/li>\n<li>Dosagem precisa gra\u00e7as \u00e0 sua textura fina.<\/li>\n<li>Conhecido pelas suas virtudes digestivas e energizantes.<\/li>\n<li><strong>Saco de 1 kg<\/strong> ideal para uma utiliza\u00e7\u00e3o profissional ou familiar.<\/li>\n<\/ul>\n<p>&nbsp;<\/p>\n<p><!--more--><\/p>\n<h4>Outras informa\u00e7\u00f5es :<\/h4>\n<ul>\n<li><strong>Embalagem<\/strong>: Pacote de 1kg<\/li>\n<li><strong>Formato<\/strong>: Mo\u00eddo<\/li>\n<\/ul>\n<p>&nbsp;<\/p>\n<p><!--more--><\/p>\n<p data-start=\"475\" data-end=\"496\"><a href=\"https:\/\/www.csj-emballages.com\/pt-pt\/categorie-produit\/alimentacao-pt-pt\/especiarias\/especiarias-simples\/\">Ver o resto da nossa gama de especiarias simples  <\/a><\/p>\n","protected":false},"excerpt":{"rendered":"<p>Gengibre mo\u00eddo Descri\u00e7\u00e3o do nosso gengibre mo\u00eddo 1kg<\/p>\n","protected":false},"featured_media":261458,"template":"","meta":{"_acf_changed":false},"product_brand":[],"product_cat":[1151,1447,1448],"product_tag":[],"class_list":{"0":"post-17429","1":"product","2":"type-product","3":"status-publish","4":"has-post-thumbnail","6":"product_cat-alimentacao-pt-pt","7":"product_cat-especiarias","8":"product_cat-especiarias-simples","10":"first","11":"outofstock","12":"taxable","13":"shipping-taxable","14":"purchasable","15":"product-type-simple"},"acf":[],"yoast_head":"<!-- This site is optimized with the Yoast SEO Premium plugin v26.6 (Yoast SEO v26.6) - https:\/\/yoast.com\/wordpress\/plugins\/seo\/ -->\n<title>Gengibre mo\u00eddo 1 kg<\/title>\n<meta name=\"description\" content=\"Descubra o gengibre mo\u00eddo 1 kg, uma especiaria com aromas potentes, ideal para real\u00e7ar os seus pratos salgados e doces. Perfeito para a cozinha e infus\u00f5es&lt;;\" \/>\n<meta name=\"robots\" content=\"index, follow, max-snippet:-1, max-image-preview:large, max-video-preview:-1\" \/>\n<link rel=\"canonical\" href=\"https:\/\/www.csj-emballages.com\/pt-pt\/produit\/gengibre-moido-1-kg\/\" \/>\n<meta property=\"og:locale\" content=\"pt_PT\" \/>\n<meta property=\"og:type\" content=\"article\" \/>\n<meta property=\"og:title\" content=\"Gengibre mo\u00eddo 1 kg\" \/>\n<meta property=\"og:description\" content=\"Descubra o gengibre mo\u00eddo 1 kg, uma especiaria com aromas potentes, ideal para real\u00e7ar os seus pratos salgados e doces. Perfeito para a cozinha e infus\u00f5es&lt;;\" \/>\n<meta property=\"og:url\" content=\"https:\/\/www.csj-emballages.com\/pt-pt\/produit\/gengibre-moido-1-kg\/\" \/>\n<meta property=\"og:site_name\" content=\"CSJ Emballages\" \/>\n<meta property=\"article:publisher\" content=\"https:\/\/www.facebook.com\/csjemballages\" \/>\n<meta property=\"article:modified_time\" content=\"2026-01-16T12:47:50+00:00\" \/>\n<meta property=\"og:image\" content=\"https:\/\/www.csj-emballages.com\/wp-content\/uploads\/2024\/03\/Gingembre-moulu.webp\" \/>\n\t<meta property=\"og:image:width\" content=\"799\" \/>\n\t<meta property=\"og:image:height\" content=\"800\" \/>\n\t<meta property=\"og:image:type\" content=\"image\/webp\" \/>\n<meta name=\"twitter:card\" content=\"summary_large_image\" \/>\n<meta name=\"twitter:label1\" content=\"Tempo estimado de leitura\" \/>\n\t<meta name=\"twitter:data1\" content=\"2 minutos\" \/>\n<script type=\"application\/ld+json\" class=\"yoast-schema-graph\">{\"@context\":\"https:\/\/schema.org\",\"@graph\":[{\"@type\":\"WebPage\",\"@id\":\"https:\/\/www.csj-emballages.com\/pt-pt\/produit\/gengibre-moido-1-kg\/\",\"url\":\"https:\/\/www.csj-emballages.com\/pt-pt\/produit\/gengibre-moido-1-kg\/\",\"name\":\"Gengibre mo\u00eddo 1 kg\",\"isPartOf\":{\"@id\":\"https:\/\/www.csj-emballages.com\/pt-pt\/#website\"},\"primaryImageOfPage\":{\"@id\":\"https:\/\/www.csj-emballages.com\/pt-pt\/produit\/gengibre-moido-1-kg\/#primaryimage\"},\"image\":{\"@id\":\"https:\/\/www.csj-emballages.com\/pt-pt\/produit\/gengibre-moido-1-kg\/#primaryimage\"},\"thumbnailUrl\":\"https:\/\/www.csj-emballages.com\/wp-content\/uploads\/2024\/03\/Gingembre-moulu.webp\",\"datePublished\":\"2024-03-01T15:59:42+00:00\",\"dateModified\":\"2026-01-16T12:47:50+00:00\",\"description\":\"Descubra o gengibre mo\u00eddo 1 kg, uma especiaria com aromas potentes, ideal para real\u00e7ar os seus pratos salgados e doces. Perfeito para a cozinha e infus\u00f5es&lt;;\",\"breadcrumb\":{\"@id\":\"https:\/\/www.csj-emballages.com\/pt-pt\/produit\/gengibre-moido-1-kg\/#breadcrumb\"},\"inLanguage\":\"pt-PT\",\"potentialAction\":[{\"@type\":\"ReadAction\",\"target\":[\"https:\/\/www.csj-emballages.com\/pt-pt\/produit\/gengibre-moido-1-kg\/\"]}]},{\"@type\":\"ImageObject\",\"inLanguage\":\"pt-PT\",\"@id\":\"https:\/\/www.csj-emballages.com\/pt-pt\/produit\/gengibre-moido-1-kg\/#primaryimage\",\"url\":\"https:\/\/www.csj-emballages.com\/wp-content\/uploads\/2024\/03\/Gingembre-moulu.webp\",\"contentUrl\":\"https:\/\/www.csj-emballages.com\/wp-content\/uploads\/2024\/03\/Gingembre-moulu.webp\",\"width\":799,\"height\":800,\"caption\":\"Gingembre moulu\"},{\"@type\":\"BreadcrumbList\",\"@id\":\"https:\/\/www.csj-emballages.com\/pt-pt\/produit\/gengibre-moido-1-kg\/#breadcrumb\",\"itemListElement\":[{\"@type\":\"ListItem\",\"position\":1,\"name\":\"Acolhimento\",\"item\":\"https:\/\/www.csj-emballages.com\/pt-pt\/universo-das-embalagens-alimentares\/\"},{\"@type\":\"ListItem\",\"position\":2,\"name\":\"Shop\",\"item\":\"https:\/\/www.csj-emballages.com\/shop\/\"},{\"@type\":\"ListItem\",\"position\":3,\"name\":\"Gengibre mo\u00eddo 1 kg\"}]},{\"@type\":\"WebSite\",\"@id\":\"https:\/\/www.csj-emballages.com\/pt-pt\/#website\",\"url\":\"https:\/\/www.csj-emballages.com\/pt-pt\/\",\"name\":\"CSJ Emballages\",\"description\":\"\",\"publisher\":{\"@id\":\"https:\/\/www.csj-emballages.com\/pt-pt\/#organization\"},\"potentialAction\":[{\"@type\":\"SearchAction\",\"target\":{\"@type\":\"EntryPoint\",\"urlTemplate\":\"https:\/\/www.csj-emballages.com\/pt-pt\/?s={search_term_string}\"},\"query-input\":{\"@type\":\"PropertyValueSpecification\",\"valueRequired\":true,\"valueName\":\"search_term_string\"}}],\"inLanguage\":\"pt-PT\"},{\"@type\":\"Organization\",\"@id\":\"https:\/\/www.csj-emballages.com\/pt-pt\/#Organization\/\",\"name\":\"CSJ Emballages\",\"url\":\"https:\/\/www.csj-emballages.com\/pt-pt\/\",\"logo\":{\"@type\":\"ImageObject\",\"inLanguage\":\"pt-PT\",\"@id\":\"https:\/\/www.csj-emballages.com\/pt-pt\/#\/schema\/logo\/image\/\",\"url\":\"https:\/\/www.csj-emballages.com\/wp-content\/uploads\/2023\/10\/logo_csj.webp\",\"contentUrl\":\"https:\/\/www.csj-emballages.com\/wp-content\/uploads\/2023\/10\/logo_csj.webp\",\"width\":250,\"height\":95,\"caption\":\"CSJ Emballages\"},\"image\":{\"@id\":\"https:\/\/www.csj-emballages.com\/pt-pt\/#\/schema\/logo\/image\/\"},\"sameAs\":[\"https:\/\/www.facebook.com\/csjemballages\"],\"address\":{\"@type\":\"PostalAddress\",\"streetAddress\":\"ZI La Lechere\",\"addressLocality\":\"Patornay\",\"postalCode\":\"39130\",\"addressCountry\":\"FR\"},\"contactPoint\":[{\"@type\":\"ContactPoint\",\"contactType\":\"Service client\",\"telephone\":\"0384254272\",\"email\":\"contact@csj-emballages.com\"}]}]}<\/script>\n<!-- \/ Yoast SEO Premium plugin. -->","yoast_head_json":{"title":"Gengibre mo\u00eddo 1 kg","description":"Descubra o gengibre mo\u00eddo 1 kg, uma especiaria com aromas potentes, ideal para real\u00e7ar os seus pratos salgados e doces. Perfeito para a cozinha e infus\u00f5es&lt;;","robots":{"index":"index","follow":"follow","max-snippet":"max-snippet:-1","max-image-preview":"max-image-preview:large","max-video-preview":"max-video-preview:-1"},"canonical":"https:\/\/www.csj-emballages.com\/pt-pt\/produit\/gengibre-moido-1-kg\/","og_locale":"pt_PT","og_type":"article","og_title":"Gengibre mo\u00eddo 1 kg","og_description":"Descubra o gengibre mo\u00eddo 1 kg, uma especiaria com aromas potentes, ideal para real\u00e7ar os seus pratos salgados e doces. Perfeito para a cozinha e infus\u00f5es&lt;;","og_url":"https:\/\/www.csj-emballages.com\/pt-pt\/produit\/gengibre-moido-1-kg\/","og_site_name":"CSJ Emballages","article_publisher":"https:\/\/www.facebook.com\/csjemballages","article_modified_time":"2026-01-16T12:47:50+00:00","og_image":[{"width":799,"height":800,"url":"https:\/\/www.csj-emballages.com\/wp-content\/uploads\/2024\/03\/Gingembre-moulu.webp","type":"image\/webp"}],"twitter_card":"summary_large_image","twitter_misc":{"Tempo estimado de leitura":"2 minutos"},"schema":{"@context":"https:\/\/schema.org","@graph":[{"@type":"WebPage","@id":"https:\/\/www.csj-emballages.com\/pt-pt\/produit\/gengibre-moido-1-kg\/","url":"https:\/\/www.csj-emballages.com\/pt-pt\/produit\/gengibre-moido-1-kg\/","name":"Gengibre mo\u00eddo 1 kg","isPartOf":{"@id":"https:\/\/www.csj-emballages.com\/pt-pt\/#website"},"primaryImageOfPage":{"@id":"https:\/\/www.csj-emballages.com\/pt-pt\/produit\/gengibre-moido-1-kg\/#primaryimage"},"image":{"@id":"https:\/\/www.csj-emballages.com\/pt-pt\/produit\/gengibre-moido-1-kg\/#primaryimage"},"thumbnailUrl":"https:\/\/www.csj-emballages.com\/wp-content\/uploads\/2024\/03\/Gingembre-moulu.webp","datePublished":"2024-03-01T15:59:42+00:00","dateModified":"2026-01-16T12:47:50+00:00","description":"Descubra o gengibre mo\u00eddo 1 kg, uma especiaria com aromas potentes, ideal para real\u00e7ar os seus pratos salgados e doces. Perfeito para a cozinha e infus\u00f5es&lt;;","breadcrumb":{"@id":"https:\/\/www.csj-emballages.com\/pt-pt\/produit\/gengibre-moido-1-kg\/#breadcrumb"},"inLanguage":"pt-PT","potentialAction":[{"@type":"ReadAction","target":["https:\/\/www.csj-emballages.com\/pt-pt\/produit\/gengibre-moido-1-kg\/"]}]},{"@type":"ImageObject","inLanguage":"pt-PT","@id":"https:\/\/www.csj-emballages.com\/pt-pt\/produit\/gengibre-moido-1-kg\/#primaryimage","url":"https:\/\/www.csj-emballages.com\/wp-content\/uploads\/2024\/03\/Gingembre-moulu.webp","contentUrl":"https:\/\/www.csj-emballages.com\/wp-content\/uploads\/2024\/03\/Gingembre-moulu.webp","width":799,"height":800,"caption":"Gingembre moulu"},{"@type":"BreadcrumbList","@id":"https:\/\/www.csj-emballages.com\/pt-pt\/produit\/gengibre-moido-1-kg\/#breadcrumb","itemListElement":[{"@type":"ListItem","position":1,"name":"Acolhimento","item":"https:\/\/www.csj-emballages.com\/pt-pt\/universo-das-embalagens-alimentares\/"},{"@type":"ListItem","position":2,"name":"Shop","item":"https:\/\/www.csj-emballages.com\/shop\/"},{"@type":"ListItem","position":3,"name":"Gengibre mo\u00eddo 1 kg"}]},{"@type":"WebSite","@id":"https:\/\/www.csj-emballages.com\/pt-pt\/#website","url":"https:\/\/www.csj-emballages.com\/pt-pt\/","name":"CSJ Emballages","description":"","publisher":{"@id":"https:\/\/www.csj-emballages.com\/pt-pt\/#organization"},"potentialAction":[{"@type":"SearchAction","target":{"@type":"EntryPoint","urlTemplate":"https:\/\/www.csj-emballages.com\/pt-pt\/?s={search_term_string}"},"query-input":{"@type":"PropertyValueSpecification","valueRequired":true,"valueName":"search_term_string"}}],"inLanguage":"pt-PT"},{"@type":"Organization","@id":"https:\/\/www.csj-emballages.com\/pt-pt\/#Organization\/","name":"CSJ Emballages","url":"https:\/\/www.csj-emballages.com\/pt-pt\/","logo":{"@type":"ImageObject","inLanguage":"pt-PT","@id":"https:\/\/www.csj-emballages.com\/pt-pt\/#\/schema\/logo\/image\/","url":"https:\/\/www.csj-emballages.com\/wp-content\/uploads\/2023\/10\/logo_csj.webp","contentUrl":"https:\/\/www.csj-emballages.com\/wp-content\/uploads\/2023\/10\/logo_csj.webp","width":250,"height":95,"caption":"CSJ Emballages"},"image":{"@id":"https:\/\/www.csj-emballages.com\/pt-pt\/#\/schema\/logo\/image\/"},"sameAs":["https:\/\/www.facebook.com\/csjemballages"],"address":{"@type":"PostalAddress","streetAddress":"ZI La Lechere","addressLocality":"Patornay","postalCode":"39130","addressCountry":"FR"},"contactPoint":[{"@type":"ContactPoint","contactType":"Service client","telephone":"0384254272","email":"contact@csj-emballages.com"}]}]}},"df_price":11.39,"df_sale_price":"","df_regular_price":11.39,"df_image_link":"https:\/\/www.csj-emballages.com\/wp-content\/uploads\/2024\/03\/Gingembre-moulu-300x300.webp","tiered_pricing_type":"fixed","tiered_pricing_fixed_rules":[],"tiered_pricing_percentage_rules":[],"tiered_pricing_minimum":1,"tiered_pricing_roles_data":[],"_links":{"self":[{"href":"https:\/\/www.csj-emballages.com\/pt-pt\/wp-json\/wp\/v2\/product\/17429","targetHints":{"allow":["GET"]}}],"collection":[{"href":"https:\/\/www.csj-emballages.com\/pt-pt\/wp-json\/wp\/v2\/product"}],"about":[{"href":"https:\/\/www.csj-emballages.com\/pt-pt\/wp-json\/wp\/v2\/types\/product"}],"wp:featuredmedia":[{"embeddable":true,"href":"https:\/\/www.csj-emballages.com\/pt-pt\/wp-json\/wp\/v2\/media\/261458"}],"wp:attachment":[{"href":"https:\/\/www.csj-emballages.com\/pt-pt\/wp-json\/wp\/v2\/media?parent=17429"}],"wp:term":[{"taxonomy":"product_brand","embeddable":true,"href":"https:\/\/www.csj-emballages.com\/pt-pt\/wp-json\/wp\/v2\/product_brand?post=17429"},{"taxonomy":"product_cat","embeddable":true,"href":"https:\/\/www.csj-emballages.com\/pt-pt\/wp-json\/wp\/v2\/product_cat?post=17429"},{"taxonomy":"product_tag","embeddable":true,"href":"https:\/\/www.csj-emballages.com\/pt-pt\/wp-json\/wp\/v2\/product_tag?post=17429"}],"curies":[{"name":"wp","href":"https:\/\/api.w.org\/{rel}","templated":true}]}}