{"id":17424,"date":"2024-03-01T16:59:43","date_gmt":"2024-03-01T15:59:43","guid":{"rendered":"https:\/\/u15jnbdpoq.preview.infomaniak.website\/produit\/cravinho-de-madagascar-moido-1-kg\/"},"modified":"2026-01-17T02:10:52","modified_gmt":"2026-01-17T01:10:52","slug":"cravinho-de-madagascar-moido-1-kg","status":"publish","type":"product","link":"https:\/\/www.csj-emballages.com\/pt-pt\/produit\/cravinho-de-madagascar-moido-1-kg\/","title":{"rendered":"Cravinho mo\u00eddo de Madag\u00e1scar 1 kg"},"content":{"rendered":"<h2>Cravinho mo\u00eddo<\/h2>\n<div style=\"font-family: Roboto, sans-serif;\">\n<div style=\"font-family: Roboto, sans-serif;\">\n<div style=\"font-family: Roboto, sans-serif;\">\n<div style=\"font-family: Roboto, sans-serif;\">\n<div style=\"font-family: Roboto, sans-serif;\">\n<div style=\"font-family: Roboto, sans-serif;\">\n<hr>\n<h3>Descri\u00e7\u00e3o do nosso cravinho mo\u00eddo de Madag\u00e1scar 1 kg<\/h3>\n<p><!--more--><\/p>\n<p data-start=\"204\" data-end=\"623\">O <strong>cravinho mo\u00eddo<\/strong> de <strong>Madag\u00e1scar<\/strong> \u00e9 uma especiaria de car\u00e1cter, reconhec\u00edvel desde o primeiro cheiro. Potente, quente e ligeiramente doce, confere uma verdadeira profundidade \u00e0s prepara\u00e7\u00f5es, sejam doces ou salgadas. Proveniente de craveiros cultivados sob o clima tropical malgaxe, este cravinho desenvolve uma riqueza arom\u00e1tica intensa, ideal para quem procura um sabor aut\u00eantico e bem vincado.  <\/p>\n<p data-start=\"625\" data-end=\"1055\">Gra\u00e7as \u00e0 sua <strong>moagem fina<\/strong>, integra-se facilmente nas receitas sem deixar peda\u00e7os. Perfuma instantaneamente os <strong>guisados, as marinadas, os molhos, os caldos ou at\u00e9 as prepara\u00e7\u00f5es \u00e0 base de carne<\/strong>. Mas tamb\u00e9m encontra perfeitamente o seu lugar na pastelaria, nos biscoitos, nos p\u00e3es de especiarias ou nas sobremesas de fruta. Uma simples pitada \u00e9 suficiente para real\u00e7ar uma receita e dar-lhe um toque acolhedor.   <\/p>\n<p data-start=\"1057\" data-end=\"1492\">Acondicionado em <strong data-start=\"1072\" data-end=\"1090\">saco de 1 kg<\/strong>, este formato \u00e9 particularmente adequado para os profissionais da restaura\u00e7\u00e3o, os artes\u00e3os, os fornecedores de catering ou os apaixonados por cozinha que utilizam regularmente esta especiaria. Permite trabalhar confortavelmente, mantendo uma qualidade constante ao longo das utiliza\u00e7\u00f5es. Al\u00e9m disso, o seu perfume potente limita as dosagens excessivas, o que o torna um produto simultaneamente eficaz e econ\u00f3mico.  <\/p>\n<p data-start=\"1494\" data-end=\"1741\">Em resumo, este <strong>cravinho mo\u00eddo<\/strong> \u00e9 um aliado precioso para dar relevo e car\u00e1cter \u00e0s suas receitas. Transforma os pratos mais simples em cria\u00e7\u00f5es cheias de sabor, com uma assinatura arom\u00e1tica vinda diretamente de Madag\u00e1scar. <\/p>\n<p data-start=\"1494\" data-end=\"1741\">\n<\/div>\n<div style=\"font-family: Roboto, sans-serif;\">\n<p><!--more--><\/p>\n<p><strong>Vantagens :<\/strong><\/p>\n<ul>\n<li data-start=\"1769\" data-end=\"1796\">Aroma intenso e natural.<\/li>\n<li data-start=\"1799\" data-end=\"1845\"><strong>Origem Madag\u00e1scar<\/strong> reconhecida pela sua qualidade.<\/li>\n<li data-start=\"1848\" data-end=\"1879\">Moagem fina, f\u00e1cil de dosear.<\/li>\n<li data-start=\"1882\" data-end=\"1930\"><strong>Formato 1 kg<\/strong> ideal para uso profissional.<\/li>\n<li data-start=\"1933\" data-end=\"1973\">Adequado tanto para pratos salgados como doces.<\/li>\n<\/ul>\n<\/div>\n<\/div>\n<\/div>\n<\/div>\n<\/div>\n<\/div>\n<p>&nbsp;<\/p>\n<p><!--more--><\/p>\n<h4>Outras informa\u00e7\u00f5es :<\/h4>\n<ul>\n<li><strong>Embalagem<\/strong>: Pacote de 1kg<\/li>\n<li><strong>Formato<\/strong>: Mo\u00eddo<\/li>\n<\/ul>\n<p>&nbsp;<\/p>\n<p><!--more--><\/p>\n<p>Tamb\u00e9m dispon\u00edvel em <span style=\"color: #d12727;\"><a style=\"color: #d12727;\" href=\"https:\/\/www.csj-emballages.com\/produit\/clou-de-girofle-madagascar-grain-1-kg\/\">Semente de cravinho de Madag\u00e1scar<\/a> <\/span> <\/p>\n<p>&nbsp;<\/p>\n<p><!--more--><\/p>\n<p><a href=\"https:\/\/www.csj-emballages.com\/pt-pt\/categorie-produit\/alimentacao-pt-pt\/especiarias\/especiarias-simples\/\">V\u00ea o resto da nossa gama de especiarias simples aqui<\/a><\/p>\n","protected":false},"excerpt":{"rendered":"<p>Cravinho mo\u00eddo Descri\u00e7\u00e3o do nosso cravinho mo\u00eddo de Madag\u00e1scar 1 kg<\/p>\n","protected":false},"featured_media":261414,"template":"","meta":{"_acf_changed":false},"product_brand":[],"product_cat":[1151,1447,1448],"product_tag":[],"class_list":{"0":"post-17424","1":"product","2":"type-product","3":"status-publish","4":"has-post-thumbnail","6":"product_cat-alimentacao-pt-pt","7":"product_cat-especiarias","8":"product_cat-especiarias-simples","10":"first","11":"outofstock","12":"taxable","13":"shipping-taxable","14":"purchasable","15":"product-type-simple"},"acf":[],"yoast_head":"<!-- This site is optimized with the Yoast SEO Premium plugin v26.6 (Yoast SEO v26.6) - https:\/\/yoast.com\/wordpress\/plugins\/seo\/ -->\n<title>Cravinho mo\u00eddo 1 kg \/ Embalagem CSJ<\/title>\n<meta name=\"description\" content=\"1 kg de cravinho de Madag\u00e1scar mo\u00eddo. Conhecido pelo seu sabor intenso. Ideal para enriquecer os teus pratos com um toque ex\u00f3tico e arom\u00e1tico.\" \/>\n<meta name=\"robots\" content=\"index, follow, max-snippet:-1, max-image-preview:large, max-video-preview:-1\" \/>\n<link rel=\"canonical\" href=\"https:\/\/www.csj-emballages.com\/pt-pt\/produit\/cravinho-de-madagascar-moido-1-kg\/\" \/>\n<meta property=\"og:locale\" content=\"pt_PT\" \/>\n<meta property=\"og:type\" content=\"article\" \/>\n<meta property=\"og:title\" content=\"Cravinho mo\u00eddo de Madag\u00e1scar 1 kg\" \/>\n<meta property=\"og:description\" content=\"1 kg de cravinho de Madag\u00e1scar mo\u00eddo. Conhecido pelo seu sabor intenso. Ideal para enriquecer os teus pratos com um toque ex\u00f3tico e arom\u00e1tico.\" \/>\n<meta property=\"og:url\" content=\"https:\/\/www.csj-emballages.com\/pt-pt\/produit\/cravinho-de-madagascar-moido-1-kg\/\" \/>\n<meta property=\"og:site_name\" content=\"CSJ Emballages\" \/>\n<meta property=\"article:publisher\" content=\"https:\/\/www.facebook.com\/csjemballages\" \/>\n<meta property=\"article:modified_time\" content=\"2026-01-17T01:10:52+00:00\" \/>\n<meta property=\"og:image\" content=\"https:\/\/www.csj-emballages.com\/wp-content\/uploads\/2024\/03\/Clou-de-girofle-moulu.webp\" \/>\n\t<meta property=\"og:image:width\" content=\"800\" \/>\n\t<meta property=\"og:image:height\" content=\"800\" \/>\n\t<meta property=\"og:image:type\" content=\"image\/webp\" \/>\n<meta name=\"twitter:card\" content=\"summary_large_image\" \/>\n<meta name=\"twitter:label1\" content=\"Tempo estimado de leitura\" \/>\n\t<meta name=\"twitter:data1\" content=\"2 minutos\" \/>\n<script type=\"application\/ld+json\" class=\"yoast-schema-graph\">{\"@context\":\"https:\/\/schema.org\",\"@graph\":[{\"@type\":\"WebPage\",\"@id\":\"https:\/\/www.csj-emballages.com\/pt-pt\/produit\/cravinho-de-madagascar-moido-1-kg\/\",\"url\":\"https:\/\/www.csj-emballages.com\/pt-pt\/produit\/cravinho-de-madagascar-moido-1-kg\/\",\"name\":\"Cravinho mo\u00eddo 1 kg \/ Embalagem CSJ\",\"isPartOf\":{\"@id\":\"https:\/\/www.csj-emballages.com\/pt-pt\/#website\"},\"primaryImageOfPage\":{\"@id\":\"https:\/\/www.csj-emballages.com\/pt-pt\/produit\/cravinho-de-madagascar-moido-1-kg\/#primaryimage\"},\"image\":{\"@id\":\"https:\/\/www.csj-emballages.com\/pt-pt\/produit\/cravinho-de-madagascar-moido-1-kg\/#primaryimage\"},\"thumbnailUrl\":\"https:\/\/www.csj-emballages.com\/wp-content\/uploads\/2024\/03\/Clou-de-girofle-moulu.webp\",\"datePublished\":\"2024-03-01T15:59:43+00:00\",\"dateModified\":\"2026-01-17T01:10:52+00:00\",\"description\":\"1 kg de cravinho de Madag\u00e1scar mo\u00eddo. Conhecido pelo seu sabor intenso. Ideal para enriquecer os teus pratos com um toque ex\u00f3tico e arom\u00e1tico.\",\"breadcrumb\":{\"@id\":\"https:\/\/www.csj-emballages.com\/pt-pt\/produit\/cravinho-de-madagascar-moido-1-kg\/#breadcrumb\"},\"inLanguage\":\"pt-PT\",\"potentialAction\":[{\"@type\":\"ReadAction\",\"target\":[\"https:\/\/www.csj-emballages.com\/pt-pt\/produit\/cravinho-de-madagascar-moido-1-kg\/\"]}]},{\"@type\":\"ImageObject\",\"inLanguage\":\"pt-PT\",\"@id\":\"https:\/\/www.csj-emballages.com\/pt-pt\/produit\/cravinho-de-madagascar-moido-1-kg\/#primaryimage\",\"url\":\"https:\/\/www.csj-emballages.com\/wp-content\/uploads\/2024\/03\/Clou-de-girofle-moulu.webp\",\"contentUrl\":\"https:\/\/www.csj-emballages.com\/wp-content\/uploads\/2024\/03\/Clou-de-girofle-moulu.webp\",\"width\":800,\"height\":800,\"caption\":\"Clou de girofle moulu\"},{\"@type\":\"BreadcrumbList\",\"@id\":\"https:\/\/www.csj-emballages.com\/pt-pt\/produit\/cravinho-de-madagascar-moido-1-kg\/#breadcrumb\",\"itemListElement\":[{\"@type\":\"ListItem\",\"position\":1,\"name\":\"Acolhimento\",\"item\":\"https:\/\/www.csj-emballages.com\/pt-pt\/universo-das-embalagens-alimentares\/\"},{\"@type\":\"ListItem\",\"position\":2,\"name\":\"Shop\",\"item\":\"https:\/\/www.csj-emballages.com\/shop\/\"},{\"@type\":\"ListItem\",\"position\":3,\"name\":\"Cravinho mo\u00eddo de Madag\u00e1scar 1 kg\"}]},{\"@type\":\"WebSite\",\"@id\":\"https:\/\/www.csj-emballages.com\/pt-pt\/#website\",\"url\":\"https:\/\/www.csj-emballages.com\/pt-pt\/\",\"name\":\"CSJ Emballages\",\"description\":\"\",\"publisher\":{\"@id\":\"https:\/\/www.csj-emballages.com\/pt-pt\/#organization\"},\"potentialAction\":[{\"@type\":\"SearchAction\",\"target\":{\"@type\":\"EntryPoint\",\"urlTemplate\":\"https:\/\/www.csj-emballages.com\/pt-pt\/?s={search_term_string}\"},\"query-input\":{\"@type\":\"PropertyValueSpecification\",\"valueRequired\":true,\"valueName\":\"search_term_string\"}}],\"inLanguage\":\"pt-PT\"},{\"@type\":\"Organization\",\"@id\":\"https:\/\/www.csj-emballages.com\/pt-pt\/#Organization\/\",\"name\":\"CSJ Emballages\",\"url\":\"https:\/\/www.csj-emballages.com\/pt-pt\/\",\"logo\":{\"@type\":\"ImageObject\",\"inLanguage\":\"pt-PT\",\"@id\":\"https:\/\/www.csj-emballages.com\/pt-pt\/#\/schema\/logo\/image\/\",\"url\":\"https:\/\/www.csj-emballages.com\/wp-content\/uploads\/2023\/10\/logo_csj.webp\",\"contentUrl\":\"https:\/\/www.csj-emballages.com\/wp-content\/uploads\/2023\/10\/logo_csj.webp\",\"width\":250,\"height\":95,\"caption\":\"CSJ Emballages\"},\"image\":{\"@id\":\"https:\/\/www.csj-emballages.com\/pt-pt\/#\/schema\/logo\/image\/\"},\"sameAs\":[\"https:\/\/www.facebook.com\/csjemballages\"],\"address\":{\"@type\":\"PostalAddress\",\"streetAddress\":\"ZI La Lechere\",\"addressLocality\":\"Patornay\",\"postalCode\":\"39130\",\"addressCountry\":\"FR\"},\"contactPoint\":[{\"@type\":\"ContactPoint\",\"contactType\":\"Service client\",\"telephone\":\"0384254272\",\"email\":\"contact@csj-emballages.com\"}]}]}<\/script>\n<!-- \/ Yoast SEO Premium plugin. -->","yoast_head_json":{"title":"Cravinho mo\u00eddo 1 kg \/ Embalagem CSJ","description":"1 kg de cravinho de Madag\u00e1scar mo\u00eddo. Conhecido pelo seu sabor intenso. Ideal para enriquecer os teus pratos com um toque ex\u00f3tico e arom\u00e1tico.","robots":{"index":"index","follow":"follow","max-snippet":"max-snippet:-1","max-image-preview":"max-image-preview:large","max-video-preview":"max-video-preview:-1"},"canonical":"https:\/\/www.csj-emballages.com\/pt-pt\/produit\/cravinho-de-madagascar-moido-1-kg\/","og_locale":"pt_PT","og_type":"article","og_title":"Cravinho mo\u00eddo de Madag\u00e1scar 1 kg","og_description":"1 kg de cravinho de Madag\u00e1scar mo\u00eddo. Conhecido pelo seu sabor intenso. Ideal para enriquecer os teus pratos com um toque ex\u00f3tico e arom\u00e1tico.","og_url":"https:\/\/www.csj-emballages.com\/pt-pt\/produit\/cravinho-de-madagascar-moido-1-kg\/","og_site_name":"CSJ Emballages","article_publisher":"https:\/\/www.facebook.com\/csjemballages","article_modified_time":"2026-01-17T01:10:52+00:00","og_image":[{"width":800,"height":800,"url":"https:\/\/www.csj-emballages.com\/wp-content\/uploads\/2024\/03\/Clou-de-girofle-moulu.webp","type":"image\/webp"}],"twitter_card":"summary_large_image","twitter_misc":{"Tempo estimado de leitura":"2 minutos"},"schema":{"@context":"https:\/\/schema.org","@graph":[{"@type":"WebPage","@id":"https:\/\/www.csj-emballages.com\/pt-pt\/produit\/cravinho-de-madagascar-moido-1-kg\/","url":"https:\/\/www.csj-emballages.com\/pt-pt\/produit\/cravinho-de-madagascar-moido-1-kg\/","name":"Cravinho mo\u00eddo 1 kg \/ Embalagem CSJ","isPartOf":{"@id":"https:\/\/www.csj-emballages.com\/pt-pt\/#website"},"primaryImageOfPage":{"@id":"https:\/\/www.csj-emballages.com\/pt-pt\/produit\/cravinho-de-madagascar-moido-1-kg\/#primaryimage"},"image":{"@id":"https:\/\/www.csj-emballages.com\/pt-pt\/produit\/cravinho-de-madagascar-moido-1-kg\/#primaryimage"},"thumbnailUrl":"https:\/\/www.csj-emballages.com\/wp-content\/uploads\/2024\/03\/Clou-de-girofle-moulu.webp","datePublished":"2024-03-01T15:59:43+00:00","dateModified":"2026-01-17T01:10:52+00:00","description":"1 kg de cravinho de Madag\u00e1scar mo\u00eddo. Conhecido pelo seu sabor intenso. Ideal para enriquecer os teus pratos com um toque ex\u00f3tico e arom\u00e1tico.","breadcrumb":{"@id":"https:\/\/www.csj-emballages.com\/pt-pt\/produit\/cravinho-de-madagascar-moido-1-kg\/#breadcrumb"},"inLanguage":"pt-PT","potentialAction":[{"@type":"ReadAction","target":["https:\/\/www.csj-emballages.com\/pt-pt\/produit\/cravinho-de-madagascar-moido-1-kg\/"]}]},{"@type":"ImageObject","inLanguage":"pt-PT","@id":"https:\/\/www.csj-emballages.com\/pt-pt\/produit\/cravinho-de-madagascar-moido-1-kg\/#primaryimage","url":"https:\/\/www.csj-emballages.com\/wp-content\/uploads\/2024\/03\/Clou-de-girofle-moulu.webp","contentUrl":"https:\/\/www.csj-emballages.com\/wp-content\/uploads\/2024\/03\/Clou-de-girofle-moulu.webp","width":800,"height":800,"caption":"Clou de girofle moulu"},{"@type":"BreadcrumbList","@id":"https:\/\/www.csj-emballages.com\/pt-pt\/produit\/cravinho-de-madagascar-moido-1-kg\/#breadcrumb","itemListElement":[{"@type":"ListItem","position":1,"name":"Acolhimento","item":"https:\/\/www.csj-emballages.com\/pt-pt\/universo-das-embalagens-alimentares\/"},{"@type":"ListItem","position":2,"name":"Shop","item":"https:\/\/www.csj-emballages.com\/shop\/"},{"@type":"ListItem","position":3,"name":"Cravinho mo\u00eddo de Madag\u00e1scar 1 kg"}]},{"@type":"WebSite","@id":"https:\/\/www.csj-emballages.com\/pt-pt\/#website","url":"https:\/\/www.csj-emballages.com\/pt-pt\/","name":"CSJ Emballages","description":"","publisher":{"@id":"https:\/\/www.csj-emballages.com\/pt-pt\/#organization"},"potentialAction":[{"@type":"SearchAction","target":{"@type":"EntryPoint","urlTemplate":"https:\/\/www.csj-emballages.com\/pt-pt\/?s={search_term_string}"},"query-input":{"@type":"PropertyValueSpecification","valueRequired":true,"valueName":"search_term_string"}}],"inLanguage":"pt-PT"},{"@type":"Organization","@id":"https:\/\/www.csj-emballages.com\/pt-pt\/#Organization\/","name":"CSJ Emballages","url":"https:\/\/www.csj-emballages.com\/pt-pt\/","logo":{"@type":"ImageObject","inLanguage":"pt-PT","@id":"https:\/\/www.csj-emballages.com\/pt-pt\/#\/schema\/logo\/image\/","url":"https:\/\/www.csj-emballages.com\/wp-content\/uploads\/2023\/10\/logo_csj.webp","contentUrl":"https:\/\/www.csj-emballages.com\/wp-content\/uploads\/2023\/10\/logo_csj.webp","width":250,"height":95,"caption":"CSJ Emballages"},"image":{"@id":"https:\/\/www.csj-emballages.com\/pt-pt\/#\/schema\/logo\/image\/"},"sameAs":["https:\/\/www.facebook.com\/csjemballages"],"address":{"@type":"PostalAddress","streetAddress":"ZI La Lechere","addressLocality":"Patornay","postalCode":"39130","addressCountry":"FR"},"contactPoint":[{"@type":"ContactPoint","contactType":"Service client","telephone":"0384254272","email":"contact@csj-emballages.com"}]}]}},"df_price":24.29,"df_sale_price":"","df_regular_price":24.29,"df_image_link":"https:\/\/www.csj-emballages.com\/wp-content\/uploads\/2024\/03\/Clou-de-girofle-moulu-300x300.webp","tiered_pricing_type":"fixed","tiered_pricing_fixed_rules":[],"tiered_pricing_percentage_rules":[],"tiered_pricing_minimum":1,"tiered_pricing_roles_data":[],"_links":{"self":[{"href":"https:\/\/www.csj-emballages.com\/pt-pt\/wp-json\/wp\/v2\/product\/17424","targetHints":{"allow":["GET"]}}],"collection":[{"href":"https:\/\/www.csj-emballages.com\/pt-pt\/wp-json\/wp\/v2\/product"}],"about":[{"href":"https:\/\/www.csj-emballages.com\/pt-pt\/wp-json\/wp\/v2\/types\/product"}],"wp:featuredmedia":[{"embeddable":true,"href":"https:\/\/www.csj-emballages.com\/pt-pt\/wp-json\/wp\/v2\/media\/261414"}],"wp:attachment":[{"href":"https:\/\/www.csj-emballages.com\/pt-pt\/wp-json\/wp\/v2\/media?parent=17424"}],"wp:term":[{"taxonomy":"product_brand","embeddable":true,"href":"https:\/\/www.csj-emballages.com\/pt-pt\/wp-json\/wp\/v2\/product_brand?post=17424"},{"taxonomy":"product_cat","embeddable":true,"href":"https:\/\/www.csj-emballages.com\/pt-pt\/wp-json\/wp\/v2\/product_cat?post=17424"},{"taxonomy":"product_tag","embeddable":true,"href":"https:\/\/www.csj-emballages.com\/pt-pt\/wp-json\/wp\/v2\/product_tag?post=17424"}],"curies":[{"name":"wp","href":"https:\/\/api.w.org\/{rel}","templated":true}]}}