{"id":17420,"date":"2024-03-01T16:59:43","date_gmt":"2024-03-01T15:59:43","guid":{"rendered":"https:\/\/u15jnbdpoq.preview.infomaniak.website\/produit\/rizoma-de-curcuma-de-madras-moida-1-kg\/"},"modified":"2026-04-17T02:10:23","modified_gmt":"2026-04-17T00:10:23","slug":"rizoma-de-curcuma-de-madras-moida-1-kg","status":"publish","type":"product","link":"https:\/\/www.csj-emballages.com\/pt-pt\/produit\/rizoma-de-curcuma-de-madras-moida-1-kg\/","title":{"rendered":"Rizoma de curcuma de Madras mo\u00edda 1 kg"},"content":{"rendered":"<h2>A\u00e7afr\u00e3o-da-\u00cdndia<\/h2>\n<div style=\"font-family: Roboto, sans-serif;\">\n<div style=\"font-family: Roboto, sans-serif;\">\n<div style=\"font-family: Roboto, sans-serif;\">\n<div style=\"font-family: Roboto, sans-serif;\">\n<div style=\"font-family: Roboto, sans-serif;\">\n<div style=\"font-family: Roboto, sans-serif;\">\n<hr>\n<h3>Descri\u00e7\u00e3o de a\u00e7afr\u00e3o-da-\u00edndia em p\u00f3 madras 1 kg<\/h3>\n<p><!--more--><\/p>\n<\/div>\n<\/div>\n<\/div>\n<\/div>\n<\/div>\n<\/div>\n<p data-start=\"217\" data-end=\"602\">O <strong>a\u00e7afr\u00e3o-da-\u00edndia em p\u00f3 Madras<\/strong> \u00e9 indispens\u00e1vel para quem gosta de cozinhar com especiarias com car\u00e1ter. De facto, proveniente de <strong>rizomas<\/strong> cuidadosamente selecionados, este <strong>a\u00e7afr\u00e3o-da-\u00edndia<\/strong> distingue-se pela sua <strong>cor amarela intensa<\/strong> e pelo seu sabor quente, ligeiramente picante, com um toque terroso bem equilibrado. Logo ao abrir o saco, o seu aroma revela uma verdadeira riqueza arom\u00e1tica.  <\/p>\n<p data-start=\"604\" data-end=\"998\">Gra\u00e7as \u00e0 sua <strong>moagem fina<\/strong>, integra-se facilmente em todos os tipos de prepara\u00e7\u00f5es. Quer seja para real\u00e7ar um guisado, perfumar um arroz, sublimar um molho ou dar um toque soalheiro a uma marinada, encontra naturalmente o seu lugar na cozinha. Al\u00e9m disso, a sua origem Madras confere-lhe um sabor aut\u00eantico, muito apreciado nas receitas indianas, asi\u00e1ticas ou vegetarianas.  <\/p>\n<p data-start=\"1000\" data-end=\"1340\">Acondicionado em <strong data-start=\"1015\" data-end=\"1030\">formato de 1 kg<\/strong>, este a\u00e7afr\u00e3o-da-\u00edndia \u00e9 perfeitamente adequado para uso profissional. Restaurantes, empresas de catering, institui\u00e7\u00f5es ou oficinas de transforma\u00e7\u00e3o podem utiliz\u00e1-lo diariamente sem se preocuparem com uma reposi\u00e7\u00e3o demasiado frequente. Esta embalagem grande tamb\u00e9m permite controlar os custos, mantendo uma qualidade constante.  <\/p>\n<p data-start=\"1342\" data-end=\"1614\">Al\u00e9m disso, o <strong>a\u00e7afr\u00e3o-da-\u00edndia<\/strong> \u00e9 reconhecido pela sua versatilidade. N\u00e3o se limita a pratos salgados: tamb\u00e9m pode entrar na composi\u00e7\u00e3o de bebidas quentes, misturas de especiarias ou receitas de bem-estar. A sua cor natural confere um aspeto visual apetitoso, sem artif\u00edcios.  <\/p>\n<p data-start=\"1616\" data-end=\"1821\">Em resumo, este <strong>a\u00e7afr\u00e3o-da-\u00edndia em p\u00f3 Madras<\/strong> combina intensidade, autenticidade e praticidade. \u00c9 uma especiaria fi\u00e1vel, f\u00e1cil de trabalhar, que enriquece as receitas, respeitando as tradi\u00e7\u00f5es culin\u00e1rias. <\/p>\n<p><!--more--><\/p>\n<div style=\"font-family: Roboto, sans-serif;\">\n<div style=\"font-family: Roboto, sans-serif;\">\n<div style=\"font-family: Roboto, sans-serif;\">\n<div style=\"font-family: Roboto, sans-serif;\">\n<div style=\"font-family: Roboto, sans-serif;\">\n<div style=\"font-family: Roboto, sans-serif;\">\n<p><strong>Vantagens :<\/strong><\/p>\n<ul>\n<li data-start=\"1849\" data-end=\"1879\">Sabor quente e equilibrado.<\/li>\n<li data-start=\"1882\" data-end=\"1919\">Cor amarela intensa e natural.<\/li>\n<li data-start=\"1922\" data-end=\"1958\"><strong>Moagem fina<\/strong>, f\u00e1cil de incorporar.<\/li>\n<li data-start=\"1961\" data-end=\"1989\">Formato econ\u00f3mico de <strong>1 kg<\/strong>.<\/li>\n<li data-start=\"1992\" data-end=\"2026\">Adequado para uso profissional.<\/li>\n<li data-start=\"2029\" data-end=\"2070\">Vers\u00e1til na cozinha salgada e de bem-estar.<\/li>\n<\/ul>\n<\/div>\n<\/div>\n<p>&nbsp;<\/p>\n<\/div>\n<\/div>\n<\/div>\n<\/div>\n<p><!--more--><\/p>\n<h4>Outras informa\u00e7\u00f5es :<\/h4>\n<ul>\n<li><strong>Embalagem<\/strong>: Pacote de 1kg<\/li>\n<li><strong>Formato<\/strong>: Mo\u00eddo<\/li>\n<\/ul>\n<p>&nbsp;<\/p>\n<p><!--more--><\/p>\n<p><a href=\"https:\/\/www.csj-emballages.com\/pt-pt\/categorie-produit\/alimentacao-pt-pt\/especiarias\/especiarias-simples\/\">V\u00ea o resto da nossa gama de especiarias simples aqui<\/a><\/p>\n","protected":false},"excerpt":{"rendered":"<p>A\u00e7afr\u00e3o-da-\u00cdndia Descri\u00e7\u00e3o de a\u00e7afr\u00e3o-da-\u00edndia em p\u00f3 madras 1 kg<\/p>\n","protected":false},"featured_media":261307,"template":"","meta":{"_acf_changed":false},"product_brand":[],"product_cat":[1151,1447,1448],"product_tag":[],"class_list":{"0":"post-17420","1":"product","2":"type-product","3":"status-publish","4":"has-post-thumbnail","6":"product_cat-alimentacao-pt-pt","7":"product_cat-especiarias","8":"product_cat-especiarias-simples","10":"first","11":"instock","12":"taxable","13":"shipping-taxable","14":"purchasable","15":"product-type-simple"},"acf":[],"yoast_head":"<!-- This site is optimized with the Yoast SEO Premium plugin v26.6 (Yoast SEO v26.6) - https:\/\/yoast.com\/wordpress\/plugins\/seo\/ -->\n<title>A\u00e7afr\u00e3o-da-\u00cdndia em P\u00f3 Madras 1 kg<\/title>\n<meta name=\"description\" content=\"A\u00e7afr\u00e3o-da-\u00cdndia em p\u00f3 Madras 1 kg: especiaria intensa e arom\u00e1tica, ideal para uso profissional em cozinha, molhos, pratos e misturas de especiarias.\" \/>\n<meta name=\"robots\" content=\"index, follow, max-snippet:-1, max-image-preview:large, max-video-preview:-1\" \/>\n<link rel=\"canonical\" href=\"https:\/\/www.csj-emballages.com\/pt-pt\/produit\/rizoma-de-curcuma-de-madras-moida-1-kg\/\" \/>\n<meta property=\"og:locale\" content=\"pt_PT\" \/>\n<meta property=\"og:type\" content=\"article\" \/>\n<meta property=\"og:title\" content=\"Rizoma de curcuma de Madras mo\u00edda 1 kg\" \/>\n<meta property=\"og:description\" content=\"A\u00e7afr\u00e3o-da-\u00cdndia em p\u00f3 Madras 1 kg: especiaria intensa e arom\u00e1tica, ideal para uso profissional em cozinha, molhos, pratos e misturas de especiarias.\" \/>\n<meta property=\"og:url\" content=\"https:\/\/www.csj-emballages.com\/pt-pt\/produit\/rizoma-de-curcuma-de-madras-moida-1-kg\/\" \/>\n<meta property=\"og:site_name\" content=\"CSJ Emballages\" \/>\n<meta property=\"article:publisher\" content=\"https:\/\/www.facebook.com\/csjemballages\" \/>\n<meta property=\"article:modified_time\" content=\"2026-04-17T00:10:23+00:00\" \/>\n<meta property=\"og:image\" content=\"https:\/\/www.csj-emballages.com\/wp-content\/uploads\/2024\/03\/curcuma-rhizome-madras-moulu.webp\" \/>\n\t<meta property=\"og:image:width\" content=\"800\" \/>\n\t<meta property=\"og:image:height\" content=\"800\" \/>\n\t<meta property=\"og:image:type\" content=\"image\/webp\" \/>\n<meta name=\"twitter:card\" content=\"summary_large_image\" \/>\n<meta name=\"twitter:label1\" content=\"Tempo estimado de leitura\" \/>\n\t<meta name=\"twitter:data1\" content=\"2 minutos\" \/>\n<script type=\"application\/ld+json\" class=\"yoast-schema-graph\">{\"@context\":\"https:\/\/schema.org\",\"@graph\":[{\"@type\":\"WebPage\",\"@id\":\"https:\/\/www.csj-emballages.com\/pt-pt\/produit\/rizoma-de-curcuma-de-madras-moida-1-kg\/\",\"url\":\"https:\/\/www.csj-emballages.com\/pt-pt\/produit\/rizoma-de-curcuma-de-madras-moida-1-kg\/\",\"name\":\"A\u00e7afr\u00e3o-da-\u00cdndia em P\u00f3 Madras 1 kg\",\"isPartOf\":{\"@id\":\"https:\/\/www.csj-emballages.com\/pt-pt\/#website\"},\"primaryImageOfPage\":{\"@id\":\"https:\/\/www.csj-emballages.com\/pt-pt\/produit\/rizoma-de-curcuma-de-madras-moida-1-kg\/#primaryimage\"},\"image\":{\"@id\":\"https:\/\/www.csj-emballages.com\/pt-pt\/produit\/rizoma-de-curcuma-de-madras-moida-1-kg\/#primaryimage\"},\"thumbnailUrl\":\"https:\/\/www.csj-emballages.com\/wp-content\/uploads\/2024\/03\/curcuma-rhizome-madras-moulu.webp\",\"datePublished\":\"2024-03-01T15:59:43+00:00\",\"dateModified\":\"2026-04-17T00:10:23+00:00\",\"description\":\"A\u00e7afr\u00e3o-da-\u00cdndia em p\u00f3 Madras 1 kg: especiaria intensa e arom\u00e1tica, ideal para uso profissional em cozinha, molhos, pratos e misturas de especiarias.\",\"breadcrumb\":{\"@id\":\"https:\/\/www.csj-emballages.com\/pt-pt\/produit\/rizoma-de-curcuma-de-madras-moida-1-kg\/#breadcrumb\"},\"inLanguage\":\"pt-PT\",\"potentialAction\":[{\"@type\":\"ReadAction\",\"target\":[\"https:\/\/www.csj-emballages.com\/pt-pt\/produit\/rizoma-de-curcuma-de-madras-moida-1-kg\/\"]}]},{\"@type\":\"ImageObject\",\"inLanguage\":\"pt-PT\",\"@id\":\"https:\/\/www.csj-emballages.com\/pt-pt\/produit\/rizoma-de-curcuma-de-madras-moida-1-kg\/#primaryimage\",\"url\":\"https:\/\/www.csj-emballages.com\/wp-content\/uploads\/2024\/03\/curcuma-rhizome-madras-moulu.webp\",\"contentUrl\":\"https:\/\/www.csj-emballages.com\/wp-content\/uploads\/2024\/03\/curcuma-rhizome-madras-moulu.webp\",\"width\":800,\"height\":800,\"caption\":\"Curcuma\"},{\"@type\":\"BreadcrumbList\",\"@id\":\"https:\/\/www.csj-emballages.com\/pt-pt\/produit\/rizoma-de-curcuma-de-madras-moida-1-kg\/#breadcrumb\",\"itemListElement\":[{\"@type\":\"ListItem\",\"position\":1,\"name\":\"Acolhimento\",\"item\":\"https:\/\/www.csj-emballages.com\/pt-pt\/universo-das-embalagens-alimentares\/\"},{\"@type\":\"ListItem\",\"position\":2,\"name\":\"Shop\",\"item\":\"https:\/\/www.csj-emballages.com\/shop\/\"},{\"@type\":\"ListItem\",\"position\":3,\"name\":\"Rizoma de curcuma de Madras mo\u00edda 1 kg\"}]},{\"@type\":\"WebSite\",\"@id\":\"https:\/\/www.csj-emballages.com\/pt-pt\/#website\",\"url\":\"https:\/\/www.csj-emballages.com\/pt-pt\/\",\"name\":\"CSJ Emballages\",\"description\":\"\",\"publisher\":{\"@id\":\"https:\/\/www.csj-emballages.com\/pt-pt\/#organization\"},\"potentialAction\":[{\"@type\":\"SearchAction\",\"target\":{\"@type\":\"EntryPoint\",\"urlTemplate\":\"https:\/\/www.csj-emballages.com\/pt-pt\/?s={search_term_string}\"},\"query-input\":{\"@type\":\"PropertyValueSpecification\",\"valueRequired\":true,\"valueName\":\"search_term_string\"}}],\"inLanguage\":\"pt-PT\"},{\"@type\":\"Organization\",\"@id\":\"https:\/\/www.csj-emballages.com\/pt-pt\/#Organization\/\",\"name\":\"CSJ Emballages\",\"url\":\"https:\/\/www.csj-emballages.com\/pt-pt\/\",\"logo\":{\"@type\":\"ImageObject\",\"inLanguage\":\"pt-PT\",\"@id\":\"https:\/\/www.csj-emballages.com\/pt-pt\/#\/schema\/logo\/image\/\",\"url\":\"https:\/\/www.csj-emballages.com\/wp-content\/uploads\/2023\/10\/logo_csj.webp\",\"contentUrl\":\"https:\/\/www.csj-emballages.com\/wp-content\/uploads\/2023\/10\/logo_csj.webp\",\"width\":250,\"height\":95,\"caption\":\"CSJ Emballages\"},\"image\":{\"@id\":\"https:\/\/www.csj-emballages.com\/pt-pt\/#\/schema\/logo\/image\/\"},\"sameAs\":[\"https:\/\/www.facebook.com\/csjemballages\"],\"address\":{\"@type\":\"PostalAddress\",\"streetAddress\":\"ZI La Lechere\",\"addressLocality\":\"Patornay\",\"postalCode\":\"39130\",\"addressCountry\":\"FR\"},\"contactPoint\":[{\"@type\":\"ContactPoint\",\"contactType\":\"Service client\",\"telephone\":\"0384254272\",\"email\":\"contact@csj-emballages.com\"}]}]}<\/script>\n<!-- \/ Yoast SEO Premium plugin. -->","yoast_head_json":{"title":"A\u00e7afr\u00e3o-da-\u00cdndia em P\u00f3 Madras 1 kg","description":"A\u00e7afr\u00e3o-da-\u00cdndia em p\u00f3 Madras 1 kg: especiaria intensa e arom\u00e1tica, ideal para uso profissional em cozinha, molhos, pratos e misturas de especiarias.","robots":{"index":"index","follow":"follow","max-snippet":"max-snippet:-1","max-image-preview":"max-image-preview:large","max-video-preview":"max-video-preview:-1"},"canonical":"https:\/\/www.csj-emballages.com\/pt-pt\/produit\/rizoma-de-curcuma-de-madras-moida-1-kg\/","og_locale":"pt_PT","og_type":"article","og_title":"Rizoma de curcuma de Madras mo\u00edda 1 kg","og_description":"A\u00e7afr\u00e3o-da-\u00cdndia em p\u00f3 Madras 1 kg: especiaria intensa e arom\u00e1tica, ideal para uso profissional em cozinha, molhos, pratos e misturas de especiarias.","og_url":"https:\/\/www.csj-emballages.com\/pt-pt\/produit\/rizoma-de-curcuma-de-madras-moida-1-kg\/","og_site_name":"CSJ Emballages","article_publisher":"https:\/\/www.facebook.com\/csjemballages","article_modified_time":"2026-04-17T00:10:23+00:00","og_image":[{"width":800,"height":800,"url":"https:\/\/www.csj-emballages.com\/wp-content\/uploads\/2024\/03\/curcuma-rhizome-madras-moulu.webp","type":"image\/webp"}],"twitter_card":"summary_large_image","twitter_misc":{"Tempo estimado de leitura":"2 minutos"},"schema":{"@context":"https:\/\/schema.org","@graph":[{"@type":"WebPage","@id":"https:\/\/www.csj-emballages.com\/pt-pt\/produit\/rizoma-de-curcuma-de-madras-moida-1-kg\/","url":"https:\/\/www.csj-emballages.com\/pt-pt\/produit\/rizoma-de-curcuma-de-madras-moida-1-kg\/","name":"A\u00e7afr\u00e3o-da-\u00cdndia em P\u00f3 Madras 1 kg","isPartOf":{"@id":"https:\/\/www.csj-emballages.com\/pt-pt\/#website"},"primaryImageOfPage":{"@id":"https:\/\/www.csj-emballages.com\/pt-pt\/produit\/rizoma-de-curcuma-de-madras-moida-1-kg\/#primaryimage"},"image":{"@id":"https:\/\/www.csj-emballages.com\/pt-pt\/produit\/rizoma-de-curcuma-de-madras-moida-1-kg\/#primaryimage"},"thumbnailUrl":"https:\/\/www.csj-emballages.com\/wp-content\/uploads\/2024\/03\/curcuma-rhizome-madras-moulu.webp","datePublished":"2024-03-01T15:59:43+00:00","dateModified":"2026-04-17T00:10:23+00:00","description":"A\u00e7afr\u00e3o-da-\u00cdndia em p\u00f3 Madras 1 kg: especiaria intensa e arom\u00e1tica, ideal para uso profissional em cozinha, molhos, pratos e misturas de especiarias.","breadcrumb":{"@id":"https:\/\/www.csj-emballages.com\/pt-pt\/produit\/rizoma-de-curcuma-de-madras-moida-1-kg\/#breadcrumb"},"inLanguage":"pt-PT","potentialAction":[{"@type":"ReadAction","target":["https:\/\/www.csj-emballages.com\/pt-pt\/produit\/rizoma-de-curcuma-de-madras-moida-1-kg\/"]}]},{"@type":"ImageObject","inLanguage":"pt-PT","@id":"https:\/\/www.csj-emballages.com\/pt-pt\/produit\/rizoma-de-curcuma-de-madras-moida-1-kg\/#primaryimage","url":"https:\/\/www.csj-emballages.com\/wp-content\/uploads\/2024\/03\/curcuma-rhizome-madras-moulu.webp","contentUrl":"https:\/\/www.csj-emballages.com\/wp-content\/uploads\/2024\/03\/curcuma-rhizome-madras-moulu.webp","width":800,"height":800,"caption":"Curcuma"},{"@type":"BreadcrumbList","@id":"https:\/\/www.csj-emballages.com\/pt-pt\/produit\/rizoma-de-curcuma-de-madras-moida-1-kg\/#breadcrumb","itemListElement":[{"@type":"ListItem","position":1,"name":"Acolhimento","item":"https:\/\/www.csj-emballages.com\/pt-pt\/universo-das-embalagens-alimentares\/"},{"@type":"ListItem","position":2,"name":"Shop","item":"https:\/\/www.csj-emballages.com\/shop\/"},{"@type":"ListItem","position":3,"name":"Rizoma de curcuma de Madras mo\u00edda 1 kg"}]},{"@type":"WebSite","@id":"https:\/\/www.csj-emballages.com\/pt-pt\/#website","url":"https:\/\/www.csj-emballages.com\/pt-pt\/","name":"CSJ Emballages","description":"","publisher":{"@id":"https:\/\/www.csj-emballages.com\/pt-pt\/#organization"},"potentialAction":[{"@type":"SearchAction","target":{"@type":"EntryPoint","urlTemplate":"https:\/\/www.csj-emballages.com\/pt-pt\/?s={search_term_string}"},"query-input":{"@type":"PropertyValueSpecification","valueRequired":true,"valueName":"search_term_string"}}],"inLanguage":"pt-PT"},{"@type":"Organization","@id":"https:\/\/www.csj-emballages.com\/pt-pt\/#Organization\/","name":"CSJ Emballages","url":"https:\/\/www.csj-emballages.com\/pt-pt\/","logo":{"@type":"ImageObject","inLanguage":"pt-PT","@id":"https:\/\/www.csj-emballages.com\/pt-pt\/#\/schema\/logo\/image\/","url":"https:\/\/www.csj-emballages.com\/wp-content\/uploads\/2023\/10\/logo_csj.webp","contentUrl":"https:\/\/www.csj-emballages.com\/wp-content\/uploads\/2023\/10\/logo_csj.webp","width":250,"height":95,"caption":"CSJ Emballages"},"image":{"@id":"https:\/\/www.csj-emballages.com\/pt-pt\/#\/schema\/logo\/image\/"},"sameAs":["https:\/\/www.facebook.com\/csjemballages"],"address":{"@type":"PostalAddress","streetAddress":"ZI La Lechere","addressLocality":"Patornay","postalCode":"39130","addressCountry":"FR"},"contactPoint":[{"@type":"ContactPoint","contactType":"Service client","telephone":"0384254272","email":"contact@csj-emballages.com"}]}]}},"df_price":9.18,"df_sale_price":"","df_regular_price":9.18,"df_image_link":"https:\/\/www.csj-emballages.com\/wp-content\/uploads\/2024\/03\/curcuma-rhizome-madras-moulu-300x300.webp","tiered_pricing_type":"fixed","tiered_pricing_fixed_rules":[],"tiered_pricing_percentage_rules":[],"tiered_pricing_minimum":1,"tiered_pricing_roles_data":[],"_links":{"self":[{"href":"https:\/\/www.csj-emballages.com\/pt-pt\/wp-json\/wp\/v2\/product\/17420","targetHints":{"allow":["GET"]}}],"collection":[{"href":"https:\/\/www.csj-emballages.com\/pt-pt\/wp-json\/wp\/v2\/product"}],"about":[{"href":"https:\/\/www.csj-emballages.com\/pt-pt\/wp-json\/wp\/v2\/types\/product"}],"wp:featuredmedia":[{"embeddable":true,"href":"https:\/\/www.csj-emballages.com\/pt-pt\/wp-json\/wp\/v2\/media\/261307"}],"wp:attachment":[{"href":"https:\/\/www.csj-emballages.com\/pt-pt\/wp-json\/wp\/v2\/media?parent=17420"}],"wp:term":[{"taxonomy":"product_brand","embeddable":true,"href":"https:\/\/www.csj-emballages.com\/pt-pt\/wp-json\/wp\/v2\/product_brand?post=17420"},{"taxonomy":"product_cat","embeddable":true,"href":"https:\/\/www.csj-emballages.com\/pt-pt\/wp-json\/wp\/v2\/product_cat?post=17420"},{"taxonomy":"product_tag","embeddable":true,"href":"https:\/\/www.csj-emballages.com\/pt-pt\/wp-json\/wp\/v2\/product_tag?post=17420"}],"curies":[{"name":"wp","href":"https:\/\/api.w.org\/{rel}","templated":true}]}}