{"id":17407,"date":"2024-03-01T16:59:43","date_gmt":"2024-03-01T15:59:43","guid":{"rendered":"https:\/\/u15jnbdpoq.preview.infomaniak.website\/produit\/canela-extrafina-moida-1-kg\/"},"modified":"2026-03-12T16:02:05","modified_gmt":"2026-03-12T15:02:05","slug":"canela-extrafina-moida-1-kg","status":"publish","type":"product","link":"https:\/\/www.csj-emballages.com\/pt-pt\/produit\/canela-extrafina-moida-1-kg\/","title":{"rendered":"Canela mo\u00edda 1 kg"},"content":{"rendered":"<h2>Canela mo\u00edda<\/h2>\n<div style=\"font-family: Roboto, sans-serif;\">\n<div style=\"font-family: Roboto, sans-serif;\">\n<div style=\"font-family: Roboto, sans-serif;\">\n<div style=\"font-family: Roboto, sans-serif;\">\n<div style=\"font-family: Roboto, sans-serif;\">\n<div style=\"font-family: Roboto, sans-serif;\">\n<hr>\n<h3>Descri\u00e7\u00e3o da nossa canela em p\u00f3 1 kg<\/h3>\n<p><!--more--><\/p>\n<p data-start=\"148\" data-end=\"491\">A <strong>canela em p\u00f3<\/strong> \u00e9 uma daquelas especiarias essenciais que transformam instantaneamente uma receita. Com este formato de <strong data-start=\"269\" data-end=\"277\">1 kg<\/strong>, tem o suficiente para cozinhar generosamente, testar, criar e aromatizar sem contar. De facto, assim que abre, o seu aroma quente e ligeiramente doce espalha-se, anunciando prepara\u00e7\u00f5es cheias de car\u00e1cter e conforto.  <\/p>\n<p data-start=\"493\" data-end=\"876\">Fina e homog\u00e9nea, esta <strong>canela em p\u00f3<\/strong> incorpora-se facilmente em todas as suas receitas. Mistura-se sem esfor\u00e7o com <strong>pastelaria, sobremesas, bebidas quentes ou at\u00e9 mesmo alguns pratos salgados<\/strong>. Assim, quer esteja a preparar <strong>bolos, biscoitos, compotas, chocolates quentes ou receitas mais ousadas<\/strong>, ela traz sempre aquela nota picante que faz a diferen\u00e7a.  <\/p>\n<p data-start=\"878\" data-end=\"1264\">Al\u00e9m disso, o formato profissional de <strong>1 kg<\/strong> \u00e9 particularmente pr\u00e1tico. \u00c9 perfeito para padarias, restaurantes, empresas de catering ou artes\u00e3os que utilizam canela diariamente. Poupa tempo, evita ruturas de stock e mant\u00e9m a regularidade nas suas prepara\u00e7\u00f5es. Mas este formato tamb\u00e9m \u00e9 ideal para amadores apaixonados que gostam de cozinhar em casa em grandes quantidades.   <\/p>\n<p data-start=\"1266\" data-end=\"1540\">Al\u00e9m disso, a <strong>canela<\/strong> \u00e9 apreciada pela sua versatilidade. Aquece os sabores no inverno, equilibra as receitas doces e d\u00e1 um toque original aos pratos salgados. \u00c9 uma especiaria simples, mas poderosa, que d\u00e1 relevo sem mascarar os outros ingredientes.  <\/p>\n<p data-start=\"1542\" data-end=\"1789\">Em resumo, esta <strong>canela em p\u00f3 de 1 kg<\/strong> \u00e9 uma excelente aliada para quem gosta de trabalhar com sabores aut\u00eanticos, generosos e cheios de do\u00e7ura. Um indispens\u00e1vel para ter sempre \u00e0 m\u00e3o para dar largas \u00e0 sua criatividade na cozinha. <\/p>\n<p data-start=\"1542\" data-end=\"1789\">\n<\/div>\n<div style=\"font-family: Roboto, sans-serif;\">\n<p><!--more--><\/p>\n<h4><strong>Vantagens :<\/strong><\/h4>\n<ul>\n<li>Mo\u00edda com precis\u00e3o para garantir uma consist\u00eancia fina que se mistura facilmente nas suas receitas.<\/li>\n<li>Ideal para enriquecer uma variedade de pratos, desde pastelaria a pratos salgados, passando por bebidas quentes.<\/li>\n<li>Formato pr\u00e1tico de 1 kg, perfeito para cozinheiros amadores e profissionais que necessitam de uma quantidade regular de canela.<\/li>\n<li>Recomendada por chefs e amantes da culin\u00e1ria pela sua qualidade constante e impacto gustativo.<\/li>\n<\/ul>\n<\/div>\n<\/div>\n<div style=\"font-family: Roboto, sans-serif;\">\n<div style=\"font-family: Roboto, sans-serif;\">\n<p>&nbsp;<\/p>\n<\/div>\n<\/div>\n<\/div>\n<\/div>\n<\/div>\n<\/div>\n<p><!--more--><\/p>\n<h4>Outras informa\u00e7\u00f5es :<\/h4>\n<ul>\n<li><strong>Embalagem<\/strong>: Pacote de 1kg<\/li>\n<li><strong>Formato<\/strong>: Mo\u00eddo<\/li>\n<\/ul>\n<p>&nbsp;<\/p>\n<p><!--more--><\/p>\n<p><a href=\"https:\/\/www.csj-emballages.com\/pt-pt\/categorie-produit\/alimentacao-pt-pt\/especiarias\/especiarias-simples\/\">V\u00ea o resto da nossa gama de especiarias simples aqui<\/a><\/p>\n","protected":false},"excerpt":{"rendered":"<p>Canela mo\u00edda Descri\u00e7\u00e3o da nossa canela em p\u00f3 1 kg<\/p>\n","protected":false},"featured_media":261404,"template":"","meta":{"_acf_changed":false},"product_brand":[],"product_cat":[1151,1447,1448],"product_tag":[],"class_list":{"0":"post-17407","1":"product","2":"type-product","3":"status-publish","4":"has-post-thumbnail","6":"product_cat-alimentacao-pt-pt","7":"product_cat-especiarias","8":"product_cat-especiarias-simples","10":"first","11":"instock","12":"taxable","13":"shipping-taxable","14":"purchasable","15":"product-type-simple"},"acf":[],"yoast_head":"<!-- This site is optimized with the Yoast SEO Premium plugin v26.6 (Yoast SEO v26.6) - https:\/\/yoast.com\/wordpress\/plugins\/seo\/ -->\n<title>Canela mo\u00edda 1kg<\/title>\n<meta name=\"description\" content=\"Canela mo\u00edda 1kg. Descobre a nossa canela em p\u00f3 extrafina para enriquecer as tuas receitas com o seu sabor intenso e a sua textura fina.\" \/>\n<meta name=\"robots\" content=\"index, follow, max-snippet:-1, max-image-preview:large, max-video-preview:-1\" \/>\n<link rel=\"canonical\" href=\"https:\/\/www.csj-emballages.com\/pt-pt\/produit\/canela-extrafina-moida-1-kg\/\" \/>\n<meta property=\"og:locale\" content=\"pt_PT\" \/>\n<meta property=\"og:type\" content=\"article\" \/>\n<meta property=\"og:title\" content=\"Canela mo\u00edda 1 kg\" \/>\n<meta property=\"og:description\" content=\"Canela mo\u00edda 1kg. Descobre a nossa canela em p\u00f3 extrafina para enriquecer as tuas receitas com o seu sabor intenso e a sua textura fina.\" \/>\n<meta property=\"og:url\" content=\"https:\/\/www.csj-emballages.com\/pt-pt\/produit\/canela-extrafina-moida-1-kg\/\" \/>\n<meta property=\"og:site_name\" content=\"CSJ Emballages\" \/>\n<meta property=\"article:publisher\" content=\"https:\/\/www.facebook.com\/csjemballages\" \/>\n<meta property=\"article:modified_time\" content=\"2026-03-12T15:02:05+00:00\" \/>\n<meta property=\"og:image\" content=\"https:\/\/www.csj-emballages.com\/wp-content\/uploads\/2024\/03\/Cannelle-moulu.webp\" \/>\n\t<meta property=\"og:image:width\" content=\"800\" \/>\n\t<meta property=\"og:image:height\" content=\"800\" \/>\n\t<meta property=\"og:image:type\" content=\"image\/webp\" \/>\n<meta name=\"twitter:card\" content=\"summary_large_image\" \/>\n<meta name=\"twitter:label1\" content=\"Tempo estimado de leitura\" \/>\n\t<meta name=\"twitter:data1\" content=\"2 minutos\" \/>\n<script type=\"application\/ld+json\" class=\"yoast-schema-graph\">{\"@context\":\"https:\/\/schema.org\",\"@graph\":[{\"@type\":\"WebPage\",\"@id\":\"https:\/\/www.csj-emballages.com\/pt-pt\/produit\/canela-extrafina-moida-1-kg\/\",\"url\":\"https:\/\/www.csj-emballages.com\/pt-pt\/produit\/canela-extrafina-moida-1-kg\/\",\"name\":\"Canela mo\u00edda 1kg\",\"isPartOf\":{\"@id\":\"https:\/\/www.csj-emballages.com\/pt-pt\/#website\"},\"primaryImageOfPage\":{\"@id\":\"https:\/\/www.csj-emballages.com\/pt-pt\/produit\/canela-extrafina-moida-1-kg\/#primaryimage\"},\"image\":{\"@id\":\"https:\/\/www.csj-emballages.com\/pt-pt\/produit\/canela-extrafina-moida-1-kg\/#primaryimage\"},\"thumbnailUrl\":\"https:\/\/www.csj-emballages.com\/wp-content\/uploads\/2024\/03\/Cannelle-moulu.webp\",\"datePublished\":\"2024-03-01T15:59:43+00:00\",\"dateModified\":\"2026-03-12T15:02:05+00:00\",\"description\":\"Canela mo\u00edda 1kg. Descobre a nossa canela em p\u00f3 extrafina para enriquecer as tuas receitas com o seu sabor intenso e a sua textura fina.\",\"breadcrumb\":{\"@id\":\"https:\/\/www.csj-emballages.com\/pt-pt\/produit\/canela-extrafina-moida-1-kg\/#breadcrumb\"},\"inLanguage\":\"pt-PT\",\"potentialAction\":[{\"@type\":\"ReadAction\",\"target\":[\"https:\/\/www.csj-emballages.com\/pt-pt\/produit\/canela-extrafina-moida-1-kg\/\"]}]},{\"@type\":\"ImageObject\",\"inLanguage\":\"pt-PT\",\"@id\":\"https:\/\/www.csj-emballages.com\/pt-pt\/produit\/canela-extrafina-moida-1-kg\/#primaryimage\",\"url\":\"https:\/\/www.csj-emballages.com\/wp-content\/uploads\/2024\/03\/Cannelle-moulu.webp\",\"contentUrl\":\"https:\/\/www.csj-emballages.com\/wp-content\/uploads\/2024\/03\/Cannelle-moulu.webp\",\"width\":800,\"height\":800,\"caption\":\"Cannelle moulue\"},{\"@type\":\"BreadcrumbList\",\"@id\":\"https:\/\/www.csj-emballages.com\/pt-pt\/produit\/canela-extrafina-moida-1-kg\/#breadcrumb\",\"itemListElement\":[{\"@type\":\"ListItem\",\"position\":1,\"name\":\"Acolhimento\",\"item\":\"https:\/\/www.csj-emballages.com\/pt-pt\/universo-das-embalagens-alimentares\/\"},{\"@type\":\"ListItem\",\"position\":2,\"name\":\"Shop\",\"item\":\"https:\/\/www.csj-emballages.com\/shop\/\"},{\"@type\":\"ListItem\",\"position\":3,\"name\":\"Canela mo\u00edda 1 kg\"}]},{\"@type\":\"WebSite\",\"@id\":\"https:\/\/www.csj-emballages.com\/pt-pt\/#website\",\"url\":\"https:\/\/www.csj-emballages.com\/pt-pt\/\",\"name\":\"CSJ Emballages\",\"description\":\"\",\"publisher\":{\"@id\":\"https:\/\/www.csj-emballages.com\/pt-pt\/#organization\"},\"potentialAction\":[{\"@type\":\"SearchAction\",\"target\":{\"@type\":\"EntryPoint\",\"urlTemplate\":\"https:\/\/www.csj-emballages.com\/pt-pt\/?s={search_term_string}\"},\"query-input\":{\"@type\":\"PropertyValueSpecification\",\"valueRequired\":true,\"valueName\":\"search_term_string\"}}],\"inLanguage\":\"pt-PT\"},{\"@type\":\"Organization\",\"@id\":\"https:\/\/www.csj-emballages.com\/pt-pt\/#Organization\/\",\"name\":\"CSJ Emballages\",\"url\":\"https:\/\/www.csj-emballages.com\/pt-pt\/\",\"logo\":{\"@type\":\"ImageObject\",\"inLanguage\":\"pt-PT\",\"@id\":\"https:\/\/www.csj-emballages.com\/pt-pt\/#\/schema\/logo\/image\/\",\"url\":\"https:\/\/www.csj-emballages.com\/wp-content\/uploads\/2023\/10\/logo_csj.webp\",\"contentUrl\":\"https:\/\/www.csj-emballages.com\/wp-content\/uploads\/2023\/10\/logo_csj.webp\",\"width\":250,\"height\":95,\"caption\":\"CSJ Emballages\"},\"image\":{\"@id\":\"https:\/\/www.csj-emballages.com\/pt-pt\/#\/schema\/logo\/image\/\"},\"sameAs\":[\"https:\/\/www.facebook.com\/csjemballages\"],\"address\":{\"@type\":\"PostalAddress\",\"streetAddress\":\"ZI La Lechere\",\"addressLocality\":\"Patornay\",\"postalCode\":\"39130\",\"addressCountry\":\"FR\"},\"contactPoint\":[{\"@type\":\"ContactPoint\",\"contactType\":\"Service client\",\"telephone\":\"0384254272\",\"email\":\"contact@csj-emballages.com\"}]}]}<\/script>\n<!-- \/ Yoast SEO Premium plugin. -->","yoast_head_json":{"title":"Canela mo\u00edda 1kg","description":"Canela mo\u00edda 1kg. Descobre a nossa canela em p\u00f3 extrafina para enriquecer as tuas receitas com o seu sabor intenso e a sua textura fina.","robots":{"index":"index","follow":"follow","max-snippet":"max-snippet:-1","max-image-preview":"max-image-preview:large","max-video-preview":"max-video-preview:-1"},"canonical":"https:\/\/www.csj-emballages.com\/pt-pt\/produit\/canela-extrafina-moida-1-kg\/","og_locale":"pt_PT","og_type":"article","og_title":"Canela mo\u00edda 1 kg","og_description":"Canela mo\u00edda 1kg. Descobre a nossa canela em p\u00f3 extrafina para enriquecer as tuas receitas com o seu sabor intenso e a sua textura fina.","og_url":"https:\/\/www.csj-emballages.com\/pt-pt\/produit\/canela-extrafina-moida-1-kg\/","og_site_name":"CSJ Emballages","article_publisher":"https:\/\/www.facebook.com\/csjemballages","article_modified_time":"2026-03-12T15:02:05+00:00","og_image":[{"width":800,"height":800,"url":"https:\/\/www.csj-emballages.com\/wp-content\/uploads\/2024\/03\/Cannelle-moulu.webp","type":"image\/webp"}],"twitter_card":"summary_large_image","twitter_misc":{"Tempo estimado de leitura":"2 minutos"},"schema":{"@context":"https:\/\/schema.org","@graph":[{"@type":"WebPage","@id":"https:\/\/www.csj-emballages.com\/pt-pt\/produit\/canela-extrafina-moida-1-kg\/","url":"https:\/\/www.csj-emballages.com\/pt-pt\/produit\/canela-extrafina-moida-1-kg\/","name":"Canela mo\u00edda 1kg","isPartOf":{"@id":"https:\/\/www.csj-emballages.com\/pt-pt\/#website"},"primaryImageOfPage":{"@id":"https:\/\/www.csj-emballages.com\/pt-pt\/produit\/canela-extrafina-moida-1-kg\/#primaryimage"},"image":{"@id":"https:\/\/www.csj-emballages.com\/pt-pt\/produit\/canela-extrafina-moida-1-kg\/#primaryimage"},"thumbnailUrl":"https:\/\/www.csj-emballages.com\/wp-content\/uploads\/2024\/03\/Cannelle-moulu.webp","datePublished":"2024-03-01T15:59:43+00:00","dateModified":"2026-03-12T15:02:05+00:00","description":"Canela mo\u00edda 1kg. Descobre a nossa canela em p\u00f3 extrafina para enriquecer as tuas receitas com o seu sabor intenso e a sua textura fina.","breadcrumb":{"@id":"https:\/\/www.csj-emballages.com\/pt-pt\/produit\/canela-extrafina-moida-1-kg\/#breadcrumb"},"inLanguage":"pt-PT","potentialAction":[{"@type":"ReadAction","target":["https:\/\/www.csj-emballages.com\/pt-pt\/produit\/canela-extrafina-moida-1-kg\/"]}]},{"@type":"ImageObject","inLanguage":"pt-PT","@id":"https:\/\/www.csj-emballages.com\/pt-pt\/produit\/canela-extrafina-moida-1-kg\/#primaryimage","url":"https:\/\/www.csj-emballages.com\/wp-content\/uploads\/2024\/03\/Cannelle-moulu.webp","contentUrl":"https:\/\/www.csj-emballages.com\/wp-content\/uploads\/2024\/03\/Cannelle-moulu.webp","width":800,"height":800,"caption":"Cannelle moulue"},{"@type":"BreadcrumbList","@id":"https:\/\/www.csj-emballages.com\/pt-pt\/produit\/canela-extrafina-moida-1-kg\/#breadcrumb","itemListElement":[{"@type":"ListItem","position":1,"name":"Acolhimento","item":"https:\/\/www.csj-emballages.com\/pt-pt\/universo-das-embalagens-alimentares\/"},{"@type":"ListItem","position":2,"name":"Shop","item":"https:\/\/www.csj-emballages.com\/shop\/"},{"@type":"ListItem","position":3,"name":"Canela mo\u00edda 1 kg"}]},{"@type":"WebSite","@id":"https:\/\/www.csj-emballages.com\/pt-pt\/#website","url":"https:\/\/www.csj-emballages.com\/pt-pt\/","name":"CSJ Emballages","description":"","publisher":{"@id":"https:\/\/www.csj-emballages.com\/pt-pt\/#organization"},"potentialAction":[{"@type":"SearchAction","target":{"@type":"EntryPoint","urlTemplate":"https:\/\/www.csj-emballages.com\/pt-pt\/?s={search_term_string}"},"query-input":{"@type":"PropertyValueSpecification","valueRequired":true,"valueName":"search_term_string"}}],"inLanguage":"pt-PT"},{"@type":"Organization","@id":"https:\/\/www.csj-emballages.com\/pt-pt\/#Organization\/","name":"CSJ Emballages","url":"https:\/\/www.csj-emballages.com\/pt-pt\/","logo":{"@type":"ImageObject","inLanguage":"pt-PT","@id":"https:\/\/www.csj-emballages.com\/pt-pt\/#\/schema\/logo\/image\/","url":"https:\/\/www.csj-emballages.com\/wp-content\/uploads\/2023\/10\/logo_csj.webp","contentUrl":"https:\/\/www.csj-emballages.com\/wp-content\/uploads\/2023\/10\/logo_csj.webp","width":250,"height":95,"caption":"CSJ Emballages"},"image":{"@id":"https:\/\/www.csj-emballages.com\/pt-pt\/#\/schema\/logo\/image\/"},"sameAs":["https:\/\/www.facebook.com\/csjemballages"],"address":{"@type":"PostalAddress","streetAddress":"ZI La Lechere","addressLocality":"Patornay","postalCode":"39130","addressCountry":"FR"},"contactPoint":[{"@type":"ContactPoint","contactType":"Service client","telephone":"0384254272","email":"contact@csj-emballages.com"}]}]}},"df_price":8.75,"df_sale_price":"","df_regular_price":8.75,"df_image_link":"https:\/\/www.csj-emballages.com\/wp-content\/uploads\/2024\/03\/Cannelle-moulu-300x300.webp","tiered_pricing_type":"fixed","tiered_pricing_fixed_rules":[],"tiered_pricing_percentage_rules":[],"tiered_pricing_minimum":1,"tiered_pricing_roles_data":[],"_links":{"self":[{"href":"https:\/\/www.csj-emballages.com\/pt-pt\/wp-json\/wp\/v2\/product\/17407","targetHints":{"allow":["GET"]}}],"collection":[{"href":"https:\/\/www.csj-emballages.com\/pt-pt\/wp-json\/wp\/v2\/product"}],"about":[{"href":"https:\/\/www.csj-emballages.com\/pt-pt\/wp-json\/wp\/v2\/types\/product"}],"wp:featuredmedia":[{"embeddable":true,"href":"https:\/\/www.csj-emballages.com\/pt-pt\/wp-json\/wp\/v2\/media\/261404"}],"wp:attachment":[{"href":"https:\/\/www.csj-emballages.com\/pt-pt\/wp-json\/wp\/v2\/media?parent=17407"}],"wp:term":[{"taxonomy":"product_brand","embeddable":true,"href":"https:\/\/www.csj-emballages.com\/pt-pt\/wp-json\/wp\/v2\/product_brand?post=17407"},{"taxonomy":"product_cat","embeddable":true,"href":"https:\/\/www.csj-emballages.com\/pt-pt\/wp-json\/wp\/v2\/product_cat?post=17407"},{"taxonomy":"product_tag","embeddable":true,"href":"https:\/\/www.csj-emballages.com\/pt-pt\/wp-json\/wp\/v2\/product_tag?post=17407"}],"curies":[{"name":"wp","href":"https:\/\/api.w.org\/{rel}","templated":true}]}}