{"id":17383,"date":"2024-03-01T17:00:13","date_gmt":"2024-03-01T16:00:13","guid":{"rendered":"https:\/\/u15jnbdpoq.preview.infomaniak.website\/produit\/desinfetante-alimentar-deterquat-al-sem-enxaguamento-em-5-litros\/"},"modified":"2026-03-12T16:01:41","modified_gmt":"2026-03-12T15:01:41","slug":"desinfetante-alimentar-deterquat-al-sem-enxaguamento-em-5-litros","status":"publish","type":"product","link":"https:\/\/www.csj-emballages.com\/pt-pt\/produit\/desinfetante-alimentar-deterquat-al-sem-enxaguamento-em-5-litros\/","title":{"rendered":"Desinfetante alimentar &#8220;deterquat al&#8221; sem enxaguamento em 5 litros"},"content":{"rendered":"<h2>Desinfetante alimentar<\/h2>\n<hr>\n<h3>Descri\u00e7\u00e3o do nosso desinfetante alimentar &#8220;deterquat al&#8221; sem enxaguamento em 5 litros<\/h3>\n<p><!--more--><\/p>\n<p data-start=\"276\" data-end=\"616\">O<strong> <\/strong><strong data-start=\"299\" data-end=\"315\">Deterquat AL<\/strong> \u00e9 um <strong>desinfetante alimentar<\/strong> sem enxaguamento especialmente formulado para profissionais da ind\u00fastria agroalimentar, da restaura\u00e7\u00e3o e da ind\u00fastria. Com efeito, aqui disponibilizado em <strong>bid\u00e3o<\/strong> de <strong>5 litros,<\/strong> oferece uma solu\u00e7\u00e3o eficaz e simples para manter um elevado n\u00edvel de higiene, sem complexidade nem perda de tempo. <\/p>\n<p data-start=\"618\" data-end=\"946\">\u00c9 ideal para superf\u00edcies que podem entrar em contacto com g\u00e9neros aliment\u00edcios: bancadas, utens\u00edlios, mesas, equipamentos de cozinha ou de laborat\u00f3rio. A sua f\u00f3rmula bactericida, leveduricida e fungicida elimina rapidamente os microrganismos, respeitando as normas de higiene mais rigorosas. <\/p>\n<p data-start=\"948\" data-end=\"1296\">Sem enxaguamento (exceto em caso de contacto direto com os alimentos), este <strong>desinfetante alimentar<\/strong> \u00e9 perfeito para utiliza\u00e7\u00e3o cont\u00ednua, sobretudo em ambientes exigentes onde a poupan\u00e7a de tempo \u00e9 essencial. O <strong>Deterquat AL<\/strong> \u00e9 tamb\u00e9m apreciado pela sua versatilidade e facilidade de utiliza\u00e7\u00e3o: utiliza-se puro ou dilu\u00eddo, consoante o n\u00edvel de desinfe\u00e7\u00e3o pretendido. <\/p>\n<p data-start=\"1298\" data-end=\"1470\">Em resumo, quer seja catering, restaurador, padeiro ou at\u00e9 um particular preocupado com uma higiene irrepreens\u00edvel, este <strong>desinfetante alimentar<\/strong> garante-lhe efic\u00e1cia, praticidade e conformidade.<\/p>\n<p>&nbsp;<\/p>\n<p><!--more--><\/p>\n<p><strong>DETERQUAT AL<\/strong> tamb\u00e9m pode ser utilizado por imers\u00e3o para pequenos equipamentos.<\/p>\n<p>&nbsp;<\/p>\n<p><!--more--><\/p>\n<h4>Instru\u00e7\u00f5es de utiliza\u00e7\u00e3o :<\/h4>\n<ul>\n<li>Pulveriza o produto puro<\/li>\n<li>Deixa o tempo que for necess\u00e1rio<\/li>\n<li>Limpa com um pano limpo<\/li>\n<li>N\u00e3o \u00e9 necess\u00e1rio enxaguar<\/li>\n<\/ul>\n<p>&nbsp;<\/p>\n<p><!--more--><\/p>\n<h4>Outras informa\u00e7\u00f5es :<\/h4>\n<ul>\n<li><strong>Embalagem<\/strong>: Por unidade<\/li>\n<li><strong>Volume<\/strong>: 5 litros<\/li>\n<li><strong>Utiliza\u00e7\u00e3o<\/strong>: Desinfetante de superf\u00edcies alimentares<\/li>\n<\/ul>\n<p>&nbsp;<\/p>\n<p><!--more--><\/p>\n<p>Descubra aqui o nosso D\u00e9terquat AL em formato de toalhitas: <span style=\"color: #d12727;\"><a style=\"color: #d12727;\" href=\"https:\/\/www.csj-emballages.com\/produit\/200-lingettes-desinfectantes-alimentaires-sans-rincage-alimentaire\/\">toalhitas desinfetantes AL <\/a><\/span> <\/p>\n<p>&nbsp;<\/p>\n<p><!--more--><\/p>\n<p><a href=\"https:\/\/www.csj-emballages.com\/pt-pt\/categorie-produit\/higiene-e-manutencao\/produtos-de-limpeza\/cozinha\/\">Consulte o resto da nossa gama de produtos de limpeza para cozinhas<\/a><\/p>\n","protected":false},"excerpt":{"rendered":"<p>Desinfetante alimentar Descri\u00e7\u00e3o do nosso desinfetante alimentar &#8220;deterquat al&#8221; sem enxaguamento em 5 litros<\/p>\n","protected":false},"featured_media":222225,"template":"","meta":{"_acf_changed":false},"product_brand":[],"product_cat":[1223,1348],"product_tag":[],"class_list":{"0":"post-17383","1":"product","2":"type-product","3":"status-publish","4":"has-post-thumbnail","6":"product_cat-produtos-de-limpeza","7":"product_cat-cozinha","8":"product_shipping_class-nao-e-permitido-em-reles","10":"first","11":"outofstock","12":"taxable","13":"shipping-taxable","14":"purchasable","15":"product-type-simple"},"acf":[],"yoast_head":"<!-- This site is optimized with the Yoast SEO Premium plugin v26.6 (Yoast SEO v26.6) - https:\/\/yoast.com\/wordpress\/plugins\/seo\/ -->\n<title>Desinfetante Alimentar &quot;Deterquat al&quot; Sem Enxaguamento em 5 Litros<\/title>\n<meta name=\"description\" content=\"Desinfetante alimentar &quot;Deterquat AL&quot; sem enxaguamento \u2013 5 L. Elimina bact\u00e9rias &amp; leveduras. Ideal para cozinhas &amp; ind\u00fastrias alimentares.\" \/>\n<meta name=\"robots\" content=\"index, follow, max-snippet:-1, max-image-preview:large, max-video-preview:-1\" \/>\n<link rel=\"canonical\" href=\"https:\/\/www.csj-emballages.com\/pt-pt\/produit\/desinfetante-alimentar-deterquat-al-sem-enxaguamento-em-5-litros\/\" \/>\n<meta property=\"og:locale\" content=\"pt_PT\" \/>\n<meta property=\"og:type\" content=\"article\" \/>\n<meta property=\"og:title\" content=\"Desinfetante alimentar &quot;deterquat al&quot; sem enxaguamento em 5 litros\" \/>\n<meta property=\"og:description\" content=\"Desinfetante alimentar &quot;Deterquat AL&quot; sem enxaguamento \u2013 5 L. Elimina bact\u00e9rias &amp; leveduras. Ideal para cozinhas &amp; ind\u00fastrias alimentares.\" \/>\n<meta property=\"og:url\" content=\"https:\/\/www.csj-emballages.com\/pt-pt\/produit\/desinfetante-alimentar-deterquat-al-sem-enxaguamento-em-5-litros\/\" \/>\n<meta property=\"og:site_name\" content=\"CSJ Emballages\" \/>\n<meta property=\"article:publisher\" content=\"https:\/\/www.facebook.com\/csjemballages\" \/>\n<meta property=\"article:modified_time\" content=\"2026-03-12T15:01:41+00:00\" \/>\n<meta property=\"og:image\" content=\"https:\/\/www.csj-emballages.com\/wp-content\/uploads\/2024\/03\/Deterquat-AL.webp\" \/>\n\t<meta property=\"og:image:width\" content=\"800\" \/>\n\t<meta property=\"og:image:height\" content=\"800\" \/>\n\t<meta property=\"og:image:type\" content=\"image\/webp\" \/>\n<meta name=\"twitter:card\" content=\"summary_large_image\" \/>\n<meta name=\"twitter:label1\" content=\"Tempo estimado de leitura\" \/>\n\t<meta name=\"twitter:data1\" content=\"1 minuto\" \/>\n<script type=\"application\/ld+json\" class=\"yoast-schema-graph\">{\"@context\":\"https:\/\/schema.org\",\"@graph\":[{\"@type\":\"WebPage\",\"@id\":\"https:\/\/www.csj-emballages.com\/pt-pt\/produit\/desinfetante-alimentar-deterquat-al-sem-enxaguamento-em-5-litros\/\",\"url\":\"https:\/\/www.csj-emballages.com\/pt-pt\/produit\/desinfetante-alimentar-deterquat-al-sem-enxaguamento-em-5-litros\/\",\"name\":\"Desinfetante Alimentar \\\"Deterquat al\\\" Sem Enxaguamento em 5 Litros\",\"isPartOf\":{\"@id\":\"https:\/\/www.csj-emballages.com\/pt-pt\/#website\"},\"primaryImageOfPage\":{\"@id\":\"https:\/\/www.csj-emballages.com\/pt-pt\/produit\/desinfetante-alimentar-deterquat-al-sem-enxaguamento-em-5-litros\/#primaryimage\"},\"image\":{\"@id\":\"https:\/\/www.csj-emballages.com\/pt-pt\/produit\/desinfetante-alimentar-deterquat-al-sem-enxaguamento-em-5-litros\/#primaryimage\"},\"thumbnailUrl\":\"https:\/\/www.csj-emballages.com\/wp-content\/uploads\/2024\/03\/Deterquat-AL.webp\",\"datePublished\":\"2024-03-01T16:00:13+00:00\",\"dateModified\":\"2026-03-12T15:01:41+00:00\",\"description\":\"Desinfetante alimentar \\\"Deterquat AL\\\" sem enxaguamento \u2013 5 L. Elimina bact\u00e9rias & leveduras. Ideal para cozinhas & ind\u00fastrias alimentares.\",\"breadcrumb\":{\"@id\":\"https:\/\/www.csj-emballages.com\/pt-pt\/produit\/desinfetante-alimentar-deterquat-al-sem-enxaguamento-em-5-litros\/#breadcrumb\"},\"inLanguage\":\"pt-PT\",\"potentialAction\":[{\"@type\":\"ReadAction\",\"target\":[\"https:\/\/www.csj-emballages.com\/pt-pt\/produit\/desinfetante-alimentar-deterquat-al-sem-enxaguamento-em-5-litros\/\"]}]},{\"@type\":\"ImageObject\",\"inLanguage\":\"pt-PT\",\"@id\":\"https:\/\/www.csj-emballages.com\/pt-pt\/produit\/desinfetante-alimentar-deterquat-al-sem-enxaguamento-em-5-litros\/#primaryimage\",\"url\":\"https:\/\/www.csj-emballages.com\/wp-content\/uploads\/2024\/03\/Deterquat-AL.webp\",\"contentUrl\":\"https:\/\/www.csj-emballages.com\/wp-content\/uploads\/2024\/03\/Deterquat-AL.webp\",\"width\":800,\"height\":800,\"caption\":\"D\u00e9sinfectant alimentaire\"},{\"@type\":\"BreadcrumbList\",\"@id\":\"https:\/\/www.csj-emballages.com\/pt-pt\/produit\/desinfetante-alimentar-deterquat-al-sem-enxaguamento-em-5-litros\/#breadcrumb\",\"itemListElement\":[{\"@type\":\"ListItem\",\"position\":1,\"name\":\"Acolhimento\",\"item\":\"https:\/\/www.csj-emballages.com\/pt-pt\/universo-das-embalagens-alimentares\/\"},{\"@type\":\"ListItem\",\"position\":2,\"name\":\"Shop\",\"item\":\"https:\/\/www.csj-emballages.com\/shop\/\"},{\"@type\":\"ListItem\",\"position\":3,\"name\":\"Desinfetante alimentar \u00ab\u00a0deterquat al\u00a0\u00bb sem enxaguamento em 5 litros\"}]},{\"@type\":\"WebSite\",\"@id\":\"https:\/\/www.csj-emballages.com\/pt-pt\/#website\",\"url\":\"https:\/\/www.csj-emballages.com\/pt-pt\/\",\"name\":\"CSJ Emballages\",\"description\":\"\",\"publisher\":{\"@id\":\"https:\/\/www.csj-emballages.com\/pt-pt\/#organization\"},\"potentialAction\":[{\"@type\":\"SearchAction\",\"target\":{\"@type\":\"EntryPoint\",\"urlTemplate\":\"https:\/\/www.csj-emballages.com\/pt-pt\/?s={search_term_string}\"},\"query-input\":{\"@type\":\"PropertyValueSpecification\",\"valueRequired\":true,\"valueName\":\"search_term_string\"}}],\"inLanguage\":\"pt-PT\"},{\"@type\":\"Organization\",\"@id\":\"https:\/\/www.csj-emballages.com\/pt-pt\/#Organization\/\",\"name\":\"CSJ Emballages\",\"url\":\"https:\/\/www.csj-emballages.com\/pt-pt\/\",\"logo\":{\"@type\":\"ImageObject\",\"inLanguage\":\"pt-PT\",\"@id\":\"https:\/\/www.csj-emballages.com\/pt-pt\/#\/schema\/logo\/image\/\",\"url\":\"https:\/\/www.csj-emballages.com\/wp-content\/uploads\/2023\/10\/logo_csj.webp\",\"contentUrl\":\"https:\/\/www.csj-emballages.com\/wp-content\/uploads\/2023\/10\/logo_csj.webp\",\"width\":250,\"height\":95,\"caption\":\"CSJ Emballages\"},\"image\":{\"@id\":\"https:\/\/www.csj-emballages.com\/pt-pt\/#\/schema\/logo\/image\/\"},\"sameAs\":[\"https:\/\/www.facebook.com\/csjemballages\"],\"address\":{\"@type\":\"PostalAddress\",\"streetAddress\":\"ZI La Lechere\",\"addressLocality\":\"Patornay\",\"postalCode\":\"39130\",\"addressCountry\":\"FR\"},\"contactPoint\":[{\"@type\":\"ContactPoint\",\"contactType\":\"Service client\",\"telephone\":\"0384254272\",\"email\":\"contact@csj-emballages.com\"}]}]}<\/script>\n<!-- \/ Yoast SEO Premium plugin. -->","yoast_head_json":{"title":"Desinfetante Alimentar \"Deterquat al\" Sem Enxaguamento em 5 Litros","description":"Desinfetante alimentar \"Deterquat AL\" sem enxaguamento \u2013 5 L. Elimina bact\u00e9rias & leveduras. Ideal para cozinhas & ind\u00fastrias alimentares.","robots":{"index":"index","follow":"follow","max-snippet":"max-snippet:-1","max-image-preview":"max-image-preview:large","max-video-preview":"max-video-preview:-1"},"canonical":"https:\/\/www.csj-emballages.com\/pt-pt\/produit\/desinfetante-alimentar-deterquat-al-sem-enxaguamento-em-5-litros\/","og_locale":"pt_PT","og_type":"article","og_title":"Desinfetante alimentar \"deterquat al\" sem enxaguamento em 5 litros","og_description":"Desinfetante alimentar \"Deterquat AL\" sem enxaguamento \u2013 5 L. Elimina bact\u00e9rias & leveduras. Ideal para cozinhas & ind\u00fastrias alimentares.","og_url":"https:\/\/www.csj-emballages.com\/pt-pt\/produit\/desinfetante-alimentar-deterquat-al-sem-enxaguamento-em-5-litros\/","og_site_name":"CSJ Emballages","article_publisher":"https:\/\/www.facebook.com\/csjemballages","article_modified_time":"2026-03-12T15:01:41+00:00","og_image":[{"width":800,"height":800,"url":"https:\/\/www.csj-emballages.com\/wp-content\/uploads\/2024\/03\/Deterquat-AL.webp","type":"image\/webp"}],"twitter_card":"summary_large_image","twitter_misc":{"Tempo estimado de leitura":"1 minuto"},"schema":{"@context":"https:\/\/schema.org","@graph":[{"@type":"WebPage","@id":"https:\/\/www.csj-emballages.com\/pt-pt\/produit\/desinfetante-alimentar-deterquat-al-sem-enxaguamento-em-5-litros\/","url":"https:\/\/www.csj-emballages.com\/pt-pt\/produit\/desinfetante-alimentar-deterquat-al-sem-enxaguamento-em-5-litros\/","name":"Desinfetante Alimentar \"Deterquat al\" Sem Enxaguamento em 5 Litros","isPartOf":{"@id":"https:\/\/www.csj-emballages.com\/pt-pt\/#website"},"primaryImageOfPage":{"@id":"https:\/\/www.csj-emballages.com\/pt-pt\/produit\/desinfetante-alimentar-deterquat-al-sem-enxaguamento-em-5-litros\/#primaryimage"},"image":{"@id":"https:\/\/www.csj-emballages.com\/pt-pt\/produit\/desinfetante-alimentar-deterquat-al-sem-enxaguamento-em-5-litros\/#primaryimage"},"thumbnailUrl":"https:\/\/www.csj-emballages.com\/wp-content\/uploads\/2024\/03\/Deterquat-AL.webp","datePublished":"2024-03-01T16:00:13+00:00","dateModified":"2026-03-12T15:01:41+00:00","description":"Desinfetante alimentar \"Deterquat AL\" sem enxaguamento \u2013 5 L. Elimina bact\u00e9rias & leveduras. Ideal para cozinhas & ind\u00fastrias alimentares.","breadcrumb":{"@id":"https:\/\/www.csj-emballages.com\/pt-pt\/produit\/desinfetante-alimentar-deterquat-al-sem-enxaguamento-em-5-litros\/#breadcrumb"},"inLanguage":"pt-PT","potentialAction":[{"@type":"ReadAction","target":["https:\/\/www.csj-emballages.com\/pt-pt\/produit\/desinfetante-alimentar-deterquat-al-sem-enxaguamento-em-5-litros\/"]}]},{"@type":"ImageObject","inLanguage":"pt-PT","@id":"https:\/\/www.csj-emballages.com\/pt-pt\/produit\/desinfetante-alimentar-deterquat-al-sem-enxaguamento-em-5-litros\/#primaryimage","url":"https:\/\/www.csj-emballages.com\/wp-content\/uploads\/2024\/03\/Deterquat-AL.webp","contentUrl":"https:\/\/www.csj-emballages.com\/wp-content\/uploads\/2024\/03\/Deterquat-AL.webp","width":800,"height":800,"caption":"D\u00e9sinfectant alimentaire"},{"@type":"BreadcrumbList","@id":"https:\/\/www.csj-emballages.com\/pt-pt\/produit\/desinfetante-alimentar-deterquat-al-sem-enxaguamento-em-5-litros\/#breadcrumb","itemListElement":[{"@type":"ListItem","position":1,"name":"Acolhimento","item":"https:\/\/www.csj-emballages.com\/pt-pt\/universo-das-embalagens-alimentares\/"},{"@type":"ListItem","position":2,"name":"Shop","item":"https:\/\/www.csj-emballages.com\/shop\/"},{"@type":"ListItem","position":3,"name":"Desinfetante alimentar \u00ab\u00a0deterquat al\u00a0\u00bb sem enxaguamento em 5 litros"}]},{"@type":"WebSite","@id":"https:\/\/www.csj-emballages.com\/pt-pt\/#website","url":"https:\/\/www.csj-emballages.com\/pt-pt\/","name":"CSJ Emballages","description":"","publisher":{"@id":"https:\/\/www.csj-emballages.com\/pt-pt\/#organization"},"potentialAction":[{"@type":"SearchAction","target":{"@type":"EntryPoint","urlTemplate":"https:\/\/www.csj-emballages.com\/pt-pt\/?s={search_term_string}"},"query-input":{"@type":"PropertyValueSpecification","valueRequired":true,"valueName":"search_term_string"}}],"inLanguage":"pt-PT"},{"@type":"Organization","@id":"https:\/\/www.csj-emballages.com\/pt-pt\/#Organization\/","name":"CSJ Emballages","url":"https:\/\/www.csj-emballages.com\/pt-pt\/","logo":{"@type":"ImageObject","inLanguage":"pt-PT","@id":"https:\/\/www.csj-emballages.com\/pt-pt\/#\/schema\/logo\/image\/","url":"https:\/\/www.csj-emballages.com\/wp-content\/uploads\/2023\/10\/logo_csj.webp","contentUrl":"https:\/\/www.csj-emballages.com\/wp-content\/uploads\/2023\/10\/logo_csj.webp","width":250,"height":95,"caption":"CSJ Emballages"},"image":{"@id":"https:\/\/www.csj-emballages.com\/pt-pt\/#\/schema\/logo\/image\/"},"sameAs":["https:\/\/www.facebook.com\/csjemballages"],"address":{"@type":"PostalAddress","streetAddress":"ZI La Lechere","addressLocality":"Patornay","postalCode":"39130","addressCountry":"FR"},"contactPoint":[{"@type":"ContactPoint","contactType":"Service client","telephone":"0384254272","email":"contact@csj-emballages.com"}]}]}},"df_price":37.8,"df_sale_price":"","df_regular_price":37.8,"df_image_link":"https:\/\/www.csj-emballages.com\/wp-content\/uploads\/2024\/03\/Deterquat-AL-300x300.webp","tiered_pricing_type":"fixed","tiered_pricing_fixed_rules":[],"tiered_pricing_percentage_rules":[],"tiered_pricing_minimum":1,"tiered_pricing_roles_data":[],"_links":{"self":[{"href":"https:\/\/www.csj-emballages.com\/pt-pt\/wp-json\/wp\/v2\/product\/17383","targetHints":{"allow":["GET"]}}],"collection":[{"href":"https:\/\/www.csj-emballages.com\/pt-pt\/wp-json\/wp\/v2\/product"}],"about":[{"href":"https:\/\/www.csj-emballages.com\/pt-pt\/wp-json\/wp\/v2\/types\/product"}],"wp:featuredmedia":[{"embeddable":true,"href":"https:\/\/www.csj-emballages.com\/pt-pt\/wp-json\/wp\/v2\/media\/222225"}],"wp:attachment":[{"href":"https:\/\/www.csj-emballages.com\/pt-pt\/wp-json\/wp\/v2\/media?parent=17383"}],"wp:term":[{"taxonomy":"product_brand","embeddable":true,"href":"https:\/\/www.csj-emballages.com\/pt-pt\/wp-json\/wp\/v2\/product_brand?post=17383"},{"taxonomy":"product_cat","embeddable":true,"href":"https:\/\/www.csj-emballages.com\/pt-pt\/wp-json\/wp\/v2\/product_cat?post=17383"},{"taxonomy":"product_tag","embeddable":true,"href":"https:\/\/www.csj-emballages.com\/pt-pt\/wp-json\/wp\/v2\/product_tag?post=17383"}],"curies":[{"name":"wp","href":"https:\/\/api.w.org\/{rel}","templated":true}]}}