{"id":17367,"date":"2024-03-01T17:00:13","date_gmt":"2024-03-01T16:00:13","guid":{"rendered":"https:\/\/u15jnbdpoq.preview.infomaniak.website\/produit\/1-pessoa-plp-lencol-de-cima-nao-tecido-branco-160-x-240-cm\/"},"modified":"2026-03-12T16:01:46","modified_gmt":"2026-03-12T15:01:46","slug":"1-pessoa-plp-lencol-de-cima-nao-tecido-branco-160-x-240-cm","status":"publish","type":"product","link":"https:\/\/www.csj-emballages.com\/pt-pt\/produit\/1-pessoa-plp-lencol-de-cima-nao-tecido-branco-160-x-240-cm\/","title":{"rendered":"Len\u00e7ol descart\u00e1vel para 1 pessoa PLP n\u00e3o tecido branco 160 x 240 cm"},"content":{"rendered":"<h2>Len\u00e7ol descart\u00e1vel<\/h2>\n<hr>\n<h3>Descri\u00e7\u00e3o do nosso len\u00e7ol descart\u00e1vel para 1 pessoa PLP n\u00e3o tecido branco 160 x 240 cm<!--more--><\/h3>\n<div class=\"flex max-w-full flex-col flex-grow\">\n<div class=\"min-h-8 text-message flex w-full flex-col items-end gap-2 whitespace-normal break-words text-start [.text-message+&amp;]:mt-5\" dir=\"auto\" data-message-author-role=\"assistant\" data-message-id=\"266ca6f3-5e07-4948-bd20-80ac5e6da4a5\" data-message-model-slug=\"gpt-4o\">\n<div class=\"flex w-full flex-col gap-1 empty:hidden first:pt-[3px]\">\n<div class=\"markdown prose w-full break-words dark:prose-invert dark\">\n<p data-start=\"198\" data-end=\"571\">Este <strong data-start=\"201\" data-end=\"230\">len\u00e7ol descart\u00e1vel para uma pessoa<\/strong> em <strong data-start=\"234\" data-end=\"251\">PLP n\u00e3o tecido<\/strong> \u00e9 a solu\u00e7\u00e3o ideal para garantir uma higiene impec\u00e1vel sem constrangimentos. Leve, pr\u00e1tico e agrad\u00e1vel ao toque, permite equipar rapidamente uma cama, garantindo uma prote\u00e7\u00e3o limpa e n\u00edtida. A sua <strong data-start=\"462\" data-end=\"481\">cor branca<\/strong> transmite imediatamente uma imagem cuidada, perfeita para ambientes profissionais.  <\/p>\n<p data-start=\"573\" data-end=\"934\">Com as suas dimens\u00f5es <strong data-start=\"593\" data-end=\"609\">160 x 240 cm<\/strong>, este len\u00e7ol cobre facilmente uma cama de solteiro e permanece bem no lugar durante a utiliza\u00e7\u00e3o. Protege a roupa de cama da sujidade, oferecendo um conforto suficiente para uma utiliza\u00e7\u00e3o pontual. O n\u00e3o tecido PLP oferece uma boa resist\u00eancia ao rasgo, mantendo-se flex\u00edvel, o que evita o efeito \u201cpapel\u201d frequentemente pouco agrad\u00e1vel.  <\/p>\n<p data-start=\"936\" data-end=\"1325\">Este len\u00e7ol descart\u00e1vel encontra naturalmente o seu lugar em <strong data-start=\"991\" data-end=\"1101\">hot\u00e9is, centros de tratamento, institutos, hospitais, lares de idosos, alojamentos tempor\u00e1rios ou eventos<\/strong>. Permite uma poupan\u00e7a de tempo importante: sem lavagem, sem passar a ferro, sem gest\u00e3o da roupa. Ap\u00f3s a utiliza\u00e7\u00e3o, retira-se simplesmente e d\u00e1 lugar a uma cama limpa e pronta para receber o pr\u00f3ximo utilizador.  <\/p>\n<p data-start=\"1327\" data-end=\"1545\">Al\u00e9m disso, o seu formato <strong>descart\u00e1vel<\/strong> ajuda a manter um <strong>elevado n\u00edvel de higiene<\/strong>, particularmente apreciado em locais com grande rotatividade. Integra-se facilmente nos procedimentos de limpeza e prepara\u00e7\u00e3o dos quartos. <\/p>\n<p data-start=\"1547\" data-end=\"1745\">Em resumo, este <strong>len\u00e7ol descart\u00e1vel para 1 pessoa<\/strong> combina simplicidade, higiene e praticidade. \u00c9 uma solu\u00e7\u00e3o eficaz para gerir as camas sem esfor\u00e7o, oferecendo um ambiente limpo e tranquilizador. <\/p>\n<p data-start=\"1547\" data-end=\"1745\">\n<p><strong>Len\u00e7ol de cima para 1 pessoa<\/strong><\/p>\n<p>&nbsp;<\/p>\n<\/div>\n<\/div>\n<\/div>\n<\/div>\n<p><!--more--><\/p>\n<h4>Vantagens :<\/h4>\n<ul>\n<li data-start=\"1773\" data-end=\"1810\"><strong>Len\u00e7ol descart\u00e1vel<\/strong> para cama de solteiro.<\/li>\n<li data-start=\"1813\" data-end=\"1860\"><strong>Material PLP n\u00e3o tecido<\/strong>, flex\u00edvel e resistente.<\/li>\n<li data-start=\"1863\" data-end=\"1900\">Dimens\u00f5es generosas <strong>160 x 240 cm<\/strong>.<\/li>\n<li data-start=\"1903\" data-end=\"1926\">R\u00e1pido de instalar.<\/li>\n<li data-start=\"1929\" data-end=\"1960\">Higiene ideal sem lavagem.<\/li>\n<li data-start=\"1963\" data-end=\"1997\">Ideal para uso profissional.<\/li>\n<\/ul>\n<p>&nbsp;<\/p>\n<p><!--more--><\/p>\n<h4>Outras informa\u00e7\u00f5es :<\/h4>\n<ul>\n<li><strong>Embalagem<\/strong>: Vendido individualmente<\/li>\n<li><strong>Dimens\u00f5es<\/strong>: 160 x 240 cm<\/li>\n<li><strong>Material<\/strong>: Polipropileno n\u00e3o tecido (PLP)<\/li>\n<li><strong>Cor<\/strong>: Branco<\/li>\n<li><strong>Espessura<\/strong>: 25 gr\/m\u00b2.<\/li>\n<\/ul>\n<p>&nbsp;<\/p>\n<p><!--more--><\/p>\n<p><a href=\"https:\/\/www.csj-emballages.com\/pt-pt\/categorie-produit\/higiene-e-manutencao\/roupa-de-cama-descartavel\/\">Ver o resto da nossa gama de roupa de cama descart\u00e1vel<\/a><\/p>\n","protected":false},"excerpt":{"rendered":"<p>Len\u00e7ol descart\u00e1vel Descri\u00e7\u00e3o do nosso len\u00e7ol descart\u00e1vel para 1 pessoa PLP n\u00e3o tecido branco 160 x 240 cm<\/p>\n","protected":false},"featured_media":221107,"template":"","meta":{"_acf_changed":false},"product_brand":[],"product_cat":[1222,1436],"product_tag":[],"class_list":{"0":"post-17367","1":"product","2":"type-product","3":"status-publish","4":"has-post-thumbnail","6":"product_cat-higiene-e-manutencao","7":"product_cat-roupa-de-cama-descartavel","9":"first","10":"instock","11":"taxable","12":"shipping-taxable","13":"purchasable","14":"product-type-simple"},"acf":[],"yoast_head":"<!-- This site is optimized with the Yoast SEO Premium plugin v26.6 (Yoast SEO v26.6) - https:\/\/yoast.com\/wordpress\/plugins\/seo\/ -->\n<title>Len\u00e7ol Descart\u00e1vel para 1 Pessoa PLP N\u00e3o Tecido Branco - 160 x 240 cm<\/title>\n<meta name=\"description\" content=\"Len\u00e7ol descart\u00e1vel para 1 pessoa 160 x 240 cm em PLP n\u00e3o tecido branco. Higi\u00eanico, pr\u00e1tico e confort\u00e1vel, ideal para hospitais, spas, hot\u00e9is ou uso dom\u00e9stico.\" \/>\n<meta name=\"robots\" content=\"index, follow, max-snippet:-1, max-image-preview:large, max-video-preview:-1\" \/>\n<link rel=\"canonical\" href=\"https:\/\/www.csj-emballages.com\/pt-pt\/produit\/1-pessoa-plp-lencol-de-cima-nao-tecido-branco-160-x-240-cm\/\" \/>\n<meta property=\"og:locale\" content=\"pt_PT\" \/>\n<meta property=\"og:type\" content=\"article\" \/>\n<meta property=\"og:title\" content=\"Len\u00e7ol descart\u00e1vel para 1 pessoa PLP n\u00e3o tecido branco 160 x 240 cm\" \/>\n<meta property=\"og:description\" content=\"Len\u00e7ol descart\u00e1vel para 1 pessoa 160 x 240 cm em PLP n\u00e3o tecido branco. Higi\u00eanico, pr\u00e1tico e confort\u00e1vel, ideal para hospitais, spas, hot\u00e9is ou uso dom\u00e9stico.\" \/>\n<meta property=\"og:url\" content=\"https:\/\/www.csj-emballages.com\/pt-pt\/produit\/1-pessoa-plp-lencol-de-cima-nao-tecido-branco-160-x-240-cm\/\" \/>\n<meta property=\"og:site_name\" content=\"CSJ Emballages\" \/>\n<meta property=\"article:publisher\" content=\"https:\/\/www.facebook.com\/csjemballages\" \/>\n<meta property=\"article:modified_time\" content=\"2026-03-12T15:01:46+00:00\" \/>\n<meta property=\"og:image\" content=\"https:\/\/www.csj-emballages.com\/wp-content\/uploads\/2024\/03\/369582eb-f483-42de-a272-c9a17351ca61.b270d2129f2ddbe7db24f2d78a86fe70.webp\" \/>\n\t<meta property=\"og:image:width\" content=\"1601\" \/>\n\t<meta property=\"og:image:height\" content=\"1601\" \/>\n\t<meta property=\"og:image:type\" content=\"image\/webp\" \/>\n<meta name=\"twitter:card\" content=\"summary_large_image\" \/>\n<meta name=\"twitter:label1\" content=\"Tempo estimado de leitura\" \/>\n\t<meta name=\"twitter:data1\" content=\"2 minutos\" \/>\n<script type=\"application\/ld+json\" class=\"yoast-schema-graph\">{\"@context\":\"https:\/\/schema.org\",\"@graph\":[{\"@type\":\"WebPage\",\"@id\":\"https:\/\/www.csj-emballages.com\/pt-pt\/produit\/1-pessoa-plp-lencol-de-cima-nao-tecido-branco-160-x-240-cm\/\",\"url\":\"https:\/\/www.csj-emballages.com\/pt-pt\/produit\/1-pessoa-plp-lencol-de-cima-nao-tecido-branco-160-x-240-cm\/\",\"name\":\"Len\u00e7ol Descart\u00e1vel para 1 Pessoa PLP N\u00e3o Tecido Branco - 160 x 240 cm\",\"isPartOf\":{\"@id\":\"https:\/\/www.csj-emballages.com\/pt-pt\/#website\"},\"primaryImageOfPage\":{\"@id\":\"https:\/\/www.csj-emballages.com\/pt-pt\/produit\/1-pessoa-plp-lencol-de-cima-nao-tecido-branco-160-x-240-cm\/#primaryimage\"},\"image\":{\"@id\":\"https:\/\/www.csj-emballages.com\/pt-pt\/produit\/1-pessoa-plp-lencol-de-cima-nao-tecido-branco-160-x-240-cm\/#primaryimage\"},\"thumbnailUrl\":\"https:\/\/www.csj-emballages.com\/wp-content\/uploads\/2024\/03\/369582eb-f483-42de-a272-c9a17351ca61.b270d2129f2ddbe7db24f2d78a86fe70.webp\",\"datePublished\":\"2024-03-01T16:00:13+00:00\",\"dateModified\":\"2026-03-12T15:01:46+00:00\",\"description\":\"Len\u00e7ol descart\u00e1vel para 1 pessoa 160 x 240 cm em PLP n\u00e3o tecido branco. Higi\u00eanico, pr\u00e1tico e confort\u00e1vel, ideal para hospitais, spas, hot\u00e9is ou uso dom\u00e9stico.\",\"breadcrumb\":{\"@id\":\"https:\/\/www.csj-emballages.com\/pt-pt\/produit\/1-pessoa-plp-lencol-de-cima-nao-tecido-branco-160-x-240-cm\/#breadcrumb\"},\"inLanguage\":\"pt-PT\",\"potentialAction\":[{\"@type\":\"ReadAction\",\"target\":[\"https:\/\/www.csj-emballages.com\/pt-pt\/produit\/1-pessoa-plp-lencol-de-cima-nao-tecido-branco-160-x-240-cm\/\"]}]},{\"@type\":\"ImageObject\",\"inLanguage\":\"pt-PT\",\"@id\":\"https:\/\/www.csj-emballages.com\/pt-pt\/produit\/1-pessoa-plp-lencol-de-cima-nao-tecido-branco-160-x-240-cm\/#primaryimage\",\"url\":\"https:\/\/www.csj-emballages.com\/wp-content\/uploads\/2024\/03\/369582eb-f483-42de-a272-c9a17351ca61.b270d2129f2ddbe7db24f2d78a86fe70.webp\",\"contentUrl\":\"https:\/\/www.csj-emballages.com\/wp-content\/uploads\/2024\/03\/369582eb-f483-42de-a272-c9a17351ca61.b270d2129f2ddbe7db24f2d78a86fe70.webp\",\"width\":1601,\"height\":1601,\"caption\":\"Drap jetable\"},{\"@type\":\"BreadcrumbList\",\"@id\":\"https:\/\/www.csj-emballages.com\/pt-pt\/produit\/1-pessoa-plp-lencol-de-cima-nao-tecido-branco-160-x-240-cm\/#breadcrumb\",\"itemListElement\":[{\"@type\":\"ListItem\",\"position\":1,\"name\":\"Acolhimento\",\"item\":\"https:\/\/www.csj-emballages.com\/pt-pt\/universo-das-embalagens-alimentares\/\"},{\"@type\":\"ListItem\",\"position\":2,\"name\":\"Shop\",\"item\":\"https:\/\/www.csj-emballages.com\/shop\/\"},{\"@type\":\"ListItem\",\"position\":3,\"name\":\"Len\u00e7ol descart\u00e1vel para 1 pessoa PLP n\u00e3o tecido branco 160 x 240 cm\"}]},{\"@type\":\"WebSite\",\"@id\":\"https:\/\/www.csj-emballages.com\/pt-pt\/#website\",\"url\":\"https:\/\/www.csj-emballages.com\/pt-pt\/\",\"name\":\"CSJ Emballages\",\"description\":\"\",\"publisher\":{\"@id\":\"https:\/\/www.csj-emballages.com\/pt-pt\/#organization\"},\"potentialAction\":[{\"@type\":\"SearchAction\",\"target\":{\"@type\":\"EntryPoint\",\"urlTemplate\":\"https:\/\/www.csj-emballages.com\/pt-pt\/?s={search_term_string}\"},\"query-input\":{\"@type\":\"PropertyValueSpecification\",\"valueRequired\":true,\"valueName\":\"search_term_string\"}}],\"inLanguage\":\"pt-PT\"},{\"@type\":\"Organization\",\"@id\":\"https:\/\/www.csj-emballages.com\/pt-pt\/#Organization\/\",\"name\":\"CSJ Emballages\",\"url\":\"https:\/\/www.csj-emballages.com\/pt-pt\/\",\"logo\":{\"@type\":\"ImageObject\",\"inLanguage\":\"pt-PT\",\"@id\":\"https:\/\/www.csj-emballages.com\/pt-pt\/#\/schema\/logo\/image\/\",\"url\":\"https:\/\/www.csj-emballages.com\/wp-content\/uploads\/2023\/10\/logo_csj.webp\",\"contentUrl\":\"https:\/\/www.csj-emballages.com\/wp-content\/uploads\/2023\/10\/logo_csj.webp\",\"width\":250,\"height\":95,\"caption\":\"CSJ Emballages\"},\"image\":{\"@id\":\"https:\/\/www.csj-emballages.com\/pt-pt\/#\/schema\/logo\/image\/\"},\"sameAs\":[\"https:\/\/www.facebook.com\/csjemballages\"],\"address\":{\"@type\":\"PostalAddress\",\"streetAddress\":\"ZI La Lechere\",\"addressLocality\":\"Patornay\",\"postalCode\":\"39130\",\"addressCountry\":\"FR\"},\"contactPoint\":[{\"@type\":\"ContactPoint\",\"contactType\":\"Service client\",\"telephone\":\"0384254272\",\"email\":\"contact@csj-emballages.com\"}]}]}<\/script>\n<!-- \/ Yoast SEO Premium plugin. -->","yoast_head_json":{"title":"Len\u00e7ol Descart\u00e1vel para 1 Pessoa PLP N\u00e3o Tecido Branco - 160 x 240 cm","description":"Len\u00e7ol descart\u00e1vel para 1 pessoa 160 x 240 cm em PLP n\u00e3o tecido branco. Higi\u00eanico, pr\u00e1tico e confort\u00e1vel, ideal para hospitais, spas, hot\u00e9is ou uso dom\u00e9stico.","robots":{"index":"index","follow":"follow","max-snippet":"max-snippet:-1","max-image-preview":"max-image-preview:large","max-video-preview":"max-video-preview:-1"},"canonical":"https:\/\/www.csj-emballages.com\/pt-pt\/produit\/1-pessoa-plp-lencol-de-cima-nao-tecido-branco-160-x-240-cm\/","og_locale":"pt_PT","og_type":"article","og_title":"Len\u00e7ol descart\u00e1vel para 1 pessoa PLP n\u00e3o tecido branco 160 x 240 cm","og_description":"Len\u00e7ol descart\u00e1vel para 1 pessoa 160 x 240 cm em PLP n\u00e3o tecido branco. Higi\u00eanico, pr\u00e1tico e confort\u00e1vel, ideal para hospitais, spas, hot\u00e9is ou uso dom\u00e9stico.","og_url":"https:\/\/www.csj-emballages.com\/pt-pt\/produit\/1-pessoa-plp-lencol-de-cima-nao-tecido-branco-160-x-240-cm\/","og_site_name":"CSJ Emballages","article_publisher":"https:\/\/www.facebook.com\/csjemballages","article_modified_time":"2026-03-12T15:01:46+00:00","og_image":[{"width":1601,"height":1601,"url":"https:\/\/www.csj-emballages.com\/wp-content\/uploads\/2024\/03\/369582eb-f483-42de-a272-c9a17351ca61.b270d2129f2ddbe7db24f2d78a86fe70.webp","type":"image\/webp"}],"twitter_card":"summary_large_image","twitter_misc":{"Tempo estimado de leitura":"2 minutos"},"schema":{"@context":"https:\/\/schema.org","@graph":[{"@type":"WebPage","@id":"https:\/\/www.csj-emballages.com\/pt-pt\/produit\/1-pessoa-plp-lencol-de-cima-nao-tecido-branco-160-x-240-cm\/","url":"https:\/\/www.csj-emballages.com\/pt-pt\/produit\/1-pessoa-plp-lencol-de-cima-nao-tecido-branco-160-x-240-cm\/","name":"Len\u00e7ol Descart\u00e1vel para 1 Pessoa PLP N\u00e3o Tecido Branco - 160 x 240 cm","isPartOf":{"@id":"https:\/\/www.csj-emballages.com\/pt-pt\/#website"},"primaryImageOfPage":{"@id":"https:\/\/www.csj-emballages.com\/pt-pt\/produit\/1-pessoa-plp-lencol-de-cima-nao-tecido-branco-160-x-240-cm\/#primaryimage"},"image":{"@id":"https:\/\/www.csj-emballages.com\/pt-pt\/produit\/1-pessoa-plp-lencol-de-cima-nao-tecido-branco-160-x-240-cm\/#primaryimage"},"thumbnailUrl":"https:\/\/www.csj-emballages.com\/wp-content\/uploads\/2024\/03\/369582eb-f483-42de-a272-c9a17351ca61.b270d2129f2ddbe7db24f2d78a86fe70.webp","datePublished":"2024-03-01T16:00:13+00:00","dateModified":"2026-03-12T15:01:46+00:00","description":"Len\u00e7ol descart\u00e1vel para 1 pessoa 160 x 240 cm em PLP n\u00e3o tecido branco. Higi\u00eanico, pr\u00e1tico e confort\u00e1vel, ideal para hospitais, spas, hot\u00e9is ou uso dom\u00e9stico.","breadcrumb":{"@id":"https:\/\/www.csj-emballages.com\/pt-pt\/produit\/1-pessoa-plp-lencol-de-cima-nao-tecido-branco-160-x-240-cm\/#breadcrumb"},"inLanguage":"pt-PT","potentialAction":[{"@type":"ReadAction","target":["https:\/\/www.csj-emballages.com\/pt-pt\/produit\/1-pessoa-plp-lencol-de-cima-nao-tecido-branco-160-x-240-cm\/"]}]},{"@type":"ImageObject","inLanguage":"pt-PT","@id":"https:\/\/www.csj-emballages.com\/pt-pt\/produit\/1-pessoa-plp-lencol-de-cima-nao-tecido-branco-160-x-240-cm\/#primaryimage","url":"https:\/\/www.csj-emballages.com\/wp-content\/uploads\/2024\/03\/369582eb-f483-42de-a272-c9a17351ca61.b270d2129f2ddbe7db24f2d78a86fe70.webp","contentUrl":"https:\/\/www.csj-emballages.com\/wp-content\/uploads\/2024\/03\/369582eb-f483-42de-a272-c9a17351ca61.b270d2129f2ddbe7db24f2d78a86fe70.webp","width":1601,"height":1601,"caption":"Drap jetable"},{"@type":"BreadcrumbList","@id":"https:\/\/www.csj-emballages.com\/pt-pt\/produit\/1-pessoa-plp-lencol-de-cima-nao-tecido-branco-160-x-240-cm\/#breadcrumb","itemListElement":[{"@type":"ListItem","position":1,"name":"Acolhimento","item":"https:\/\/www.csj-emballages.com\/pt-pt\/universo-das-embalagens-alimentares\/"},{"@type":"ListItem","position":2,"name":"Shop","item":"https:\/\/www.csj-emballages.com\/shop\/"},{"@type":"ListItem","position":3,"name":"Len\u00e7ol descart\u00e1vel para 1 pessoa PLP n\u00e3o tecido branco 160 x 240 cm"}]},{"@type":"WebSite","@id":"https:\/\/www.csj-emballages.com\/pt-pt\/#website","url":"https:\/\/www.csj-emballages.com\/pt-pt\/","name":"CSJ Emballages","description":"","publisher":{"@id":"https:\/\/www.csj-emballages.com\/pt-pt\/#organization"},"potentialAction":[{"@type":"SearchAction","target":{"@type":"EntryPoint","urlTemplate":"https:\/\/www.csj-emballages.com\/pt-pt\/?s={search_term_string}"},"query-input":{"@type":"PropertyValueSpecification","valueRequired":true,"valueName":"search_term_string"}}],"inLanguage":"pt-PT"},{"@type":"Organization","@id":"https:\/\/www.csj-emballages.com\/pt-pt\/#Organization\/","name":"CSJ Emballages","url":"https:\/\/www.csj-emballages.com\/pt-pt\/","logo":{"@type":"ImageObject","inLanguage":"pt-PT","@id":"https:\/\/www.csj-emballages.com\/pt-pt\/#\/schema\/logo\/image\/","url":"https:\/\/www.csj-emballages.com\/wp-content\/uploads\/2023\/10\/logo_csj.webp","contentUrl":"https:\/\/www.csj-emballages.com\/wp-content\/uploads\/2023\/10\/logo_csj.webp","width":250,"height":95,"caption":"CSJ Emballages"},"image":{"@id":"https:\/\/www.csj-emballages.com\/pt-pt\/#\/schema\/logo\/image\/"},"sameAs":["https:\/\/www.facebook.com\/csjemballages"],"address":{"@type":"PostalAddress","streetAddress":"ZI La Lechere","addressLocality":"Patornay","postalCode":"39130","addressCountry":"FR"},"contactPoint":[{"@type":"ContactPoint","contactType":"Service client","telephone":"0384254272","email":"contact@csj-emballages.com"}]}]}},"df_price":0.67,"df_sale_price":"","df_regular_price":0.67,"df_image_link":"https:\/\/www.csj-emballages.com\/wp-content\/uploads\/2024\/03\/369582eb-f483-42de-a272-c9a17351ca61.b270d2129f2ddbe7db24f2d78a86fe70-300x300.webp","tiered_pricing_type":"fixed","tiered_pricing_fixed_rules":[],"tiered_pricing_percentage_rules":[],"tiered_pricing_minimum":1,"tiered_pricing_roles_data":[],"_links":{"self":[{"href":"https:\/\/www.csj-emballages.com\/pt-pt\/wp-json\/wp\/v2\/product\/17367","targetHints":{"allow":["GET"]}}],"collection":[{"href":"https:\/\/www.csj-emballages.com\/pt-pt\/wp-json\/wp\/v2\/product"}],"about":[{"href":"https:\/\/www.csj-emballages.com\/pt-pt\/wp-json\/wp\/v2\/types\/product"}],"wp:featuredmedia":[{"embeddable":true,"href":"https:\/\/www.csj-emballages.com\/pt-pt\/wp-json\/wp\/v2\/media\/221107"}],"wp:attachment":[{"href":"https:\/\/www.csj-emballages.com\/pt-pt\/wp-json\/wp\/v2\/media?parent=17367"}],"wp:term":[{"taxonomy":"product_brand","embeddable":true,"href":"https:\/\/www.csj-emballages.com\/pt-pt\/wp-json\/wp\/v2\/product_brand?post=17367"},{"taxonomy":"product_cat","embeddable":true,"href":"https:\/\/www.csj-emballages.com\/pt-pt\/wp-json\/wp\/v2\/product_cat?post=17367"},{"taxonomy":"product_tag","embeddable":true,"href":"https:\/\/www.csj-emballages.com\/pt-pt\/wp-json\/wp\/v2\/product_tag?post=17367"}],"curies":[{"name":"wp","href":"https:\/\/api.w.org\/{rel}","templated":true}]}}