{"id":17342,"date":"2024-03-01T17:00:15","date_gmt":"2024-03-01T16:00:15","guid":{"rendered":"https:\/\/u15jnbdpoq.preview.infomaniak.website\/produit\/maquina-de-lavar-louca-de-20-litros-para-agua-dura\/"},"modified":"2026-04-29T02:10:34","modified_gmt":"2026-04-29T00:10:34","slug":"maquina-de-lavar-louca-de-20-litros-para-agua-dura","status":"publish","type":"product","link":"https:\/\/www.csj-emballages.com\/pt-pt\/produit\/maquina-de-lavar-louca-de-20-litros-para-agua-dura\/","title":{"rendered":"Detergente para m\u00e1quinas de lavar loi\u00e7a de \u00e1gua dura 20 litros"},"content":{"rendered":"<h2 class=\"p1\">Detergente para a loi\u00e7a<\/h2>\n<hr>\n<h3>Descri\u00e7\u00e3o do nosso detergente para m\u00e1quinas de lavar lou\u00e7a para \u00e1guas duras de 20 litros<\/h3>\n<p><!--more--><\/p>\n<p class=\"\" data-start=\"260\" data-end=\"588\">Este <strong>detergente<\/strong> <strong>para m\u00e1quinas de<\/strong> <strong>lavar lou\u00e7a<\/strong> <strong>em embalagens de 20 litros<\/strong> foi especialmente concebido para ambientes profissionais exigentes: restaurantes, institui\u00e7\u00f5es, cantinas ou cozinhas industriais. \u00c9 uma solu\u00e7\u00e3o potente, concebida para o tornar mais eficiente, mesmo em zonas com \u00e1guas particularmente duras. <\/p>\n<p class=\"\" data-start=\"590\" data-end=\"1033\">Gra\u00e7as \u00e0 sua <strong data-start=\"601\" data-end=\"636\">f\u00f3rmula alcalina concentrada<\/strong>, este produto proporciona <strong data-start=\"659\" data-end=\"692\">uma lavagem autom\u00e1tica de alto desempenho<\/strong>, protegendo simultaneamente o seu equipamento. Cont\u00e9m um elevado teor de <strong data-start=\"766\" data-end=\"782\">sequestrantes<\/strong>, <strong data-start=\"784\" data-end=\"799\">dispersantes<\/strong> e <strong data-start=\"803\" data-end=\"831\">agentes anti-redeposi\u00e7\u00e3o<\/strong>, que evitam a forma\u00e7\u00e3o de calc\u00e1rio, facilitam a remo\u00e7\u00e3o de gorduras e impedem a redeposi\u00e7\u00e3o de res\u00edduos na loi\u00e7a. O resultado: uma loi\u00e7a limpa, brilhante e sem riscos.  <\/p>\n<p class=\"\" data-start=\"1035\" data-end=\"1424\">A forma\u00e7\u00e3o controlada de espuma deste <strong>detergente<\/strong> torna-o perfeitamente adequado para m\u00e1quinas, sem derrames ou perda de desempenho. \u00c9 tamb\u00e9m recomendado para utiliza\u00e7\u00e3o em \u00e1guas de dureza m\u00e9dia a elevada, onde outros produtos podem ter limita\u00e7\u00f5es. Al\u00e9m disso, o seu formato de <strong>20 litros<\/strong> permite uma utiliza\u00e7\u00e3o prolongada, reduzindo o manuseamento e as rupturas de stock.  <\/p>\n<p class=\"\" data-start=\"1426\" data-end=\"1578\">Em suma, \u00e9 a escolha de fiabilidade e efici\u00eancia para todos os profissionais que n\u00e3o querem comprometer a higiene da sua <strong>loi\u00e7a<\/strong>.<\/p>\n<p data-start=\"1426\" data-end=\"1578\">\n<p data-start=\"1426\" data-end=\"1578\"><!--more--><\/p>\n<h4>Componentes :<\/h4>\n<ul>\n<li>Receptores<\/li>\n<li>Alcalis<\/li>\n<li>Agentes anti-redeposi\u00e7\u00e3o<\/li>\n<li>Dispersantes<\/li>\n<li>Tinta<\/li>\n<\/ul>\n<p data-start=\"1426\" data-end=\"1578\">\n<p class=\"\" data-start=\"1302\" data-end=\"1517\"><!--more--><\/p>\n<p><strong>As suas vantagens:<\/strong><\/p>\n<ul>\n<li>Ideal para zonas com \u00e1gua dura (dureza m\u00e9dia a elevada).<\/li>\n<li>Excelente a\u00e7\u00e3o desengordurante e anti-redeposi\u00e7\u00e3o.<\/li>\n<li>Espuma controlada, ideal para utiliza\u00e7\u00e3o em m\u00e1quina.<\/li>\n<li>Grande formato de 20L para profissionais exigentes.<\/li>\n<\/ul>\n<p>&nbsp;<\/p>\n<p><!--more--><\/p>\n<p><strong>Outras informa\u00e7\u00f5es :  <\/strong><\/p>\n<ul>\n<li><strong>Embalagem<\/strong>: Por unidade<\/li>\n<li><strong>Volume <\/strong>: 20 litros<\/li>\n<li><strong>Utiliza\u00e7\u00e3o<\/strong>: detergente para a loi\u00e7a<\/li>\n<li><strong>pH<\/strong>: 1%.<\/li>\n<li><strong>Densidade a 20\u00ba C<\/strong>: 1,25 gr\/cc<\/li>\n<li><strong>Poder sequestrante<\/strong>: 7,5\u00baHF\/g<\/li>\n<\/ul>\n<p>&nbsp;<\/p>\n<p><!--more--><\/p>\n<p class=\"woocommerce-loop-product__title\">Encontrar\u00e1 tamb\u00e9m o nosso desincrustante para m\u00e1quinas de lavar lou\u00e7a autom\u00e1ticas, 5 litros: <span style=\"color: #d12727;\"><a style=\"color: #d12727;\" href=\"https:\/\/www.csj-emballages.com\/pt-pt\/produit\/descalcificador-para-maquinas-de-lavar-louca-automaticas\/\">62355<\/a><\/span><\/p>\n<p>&nbsp;<\/p>\n<p><!--more--><\/p>\n<p><a href=\"https:\/\/www.csj-emballages.com\/pt-pt\/categorie-produit\/higiene-e-manutencao\/produtos-de-limpeza\/cuidados-com-a-loica\/maquina-de-lavar-louca\/\">V\u00ea o resto da nossa gama de produtos para a m\u00e1quina de lavar lou\u00e7a<\/a><\/p>\n","protected":false},"excerpt":{"rendered":"<p>Detergente para a loi\u00e7a Descri\u00e7\u00e3o do nosso detergente para m\u00e1quinas de lavar lou\u00e7a para \u00e1guas duras de 20 litros<\/p>\n","protected":false},"featured_media":222401,"template":"","meta":{"_acf_changed":false},"product_brand":[],"product_cat":[1222,1223,1224,1381],"product_tag":[],"class_list":{"0":"post-17342","1":"product","2":"type-product","3":"status-publish","4":"has-post-thumbnail","6":"product_cat-higiene-e-manutencao","7":"product_cat-produtos-de-limpeza","8":"product_cat-cuidados-com-a-loica","9":"product_cat-maquina-de-lavar-louca","10":"product_shipping_class-nao-e-permitido-em-reles","12":"first","13":"instock","14":"taxable","15":"shipping-taxable","16":"purchasable","17":"product-type-simple"},"acf":[],"yoast_head":"<!-- This site is optimized with the Yoast SEO Premium plugin v26.6 (Yoast SEO v26.6) - https:\/\/yoast.com\/wordpress\/plugins\/seo\/ -->\n<title>Detergente para m\u00e1quinas de lavar loi\u00e7a de \u00e1gua dura 20 litros<\/title>\n<meta name=\"description\" content=\"Poderoso detergente para m\u00e1quinas de lavar loi\u00e7a de 20L. Perfeito para \u00e1guas duras. Alto rendimento, espuma controlada, loi\u00e7a limpa e sem riscos.\" \/>\n<meta name=\"robots\" content=\"index, follow, max-snippet:-1, max-image-preview:large, max-video-preview:-1\" \/>\n<link rel=\"canonical\" href=\"https:\/\/www.csj-emballages.com\/pt-pt\/produit\/maquina-de-lavar-louca-de-20-litros-para-agua-dura\/\" \/>\n<meta property=\"og:locale\" content=\"pt_PT\" \/>\n<meta property=\"og:type\" content=\"article\" \/>\n<meta property=\"og:title\" content=\"Detergente para m\u00e1quinas de lavar loi\u00e7a de \u00e1gua dura 20 litros\" \/>\n<meta property=\"og:description\" content=\"Poderoso detergente para m\u00e1quinas de lavar loi\u00e7a de 20L. Perfeito para \u00e1guas duras. Alto rendimento, espuma controlada, loi\u00e7a limpa e sem riscos.\" \/>\n<meta property=\"og:url\" content=\"https:\/\/www.csj-emballages.com\/pt-pt\/produit\/maquina-de-lavar-louca-de-20-litros-para-agua-dura\/\" \/>\n<meta property=\"og:site_name\" content=\"CSJ Emballages\" \/>\n<meta property=\"article:publisher\" content=\"https:\/\/www.facebook.com\/csjemballages\" \/>\n<meta property=\"article:modified_time\" content=\"2026-04-29T00:10:34+00:00\" \/>\n<meta property=\"og:image\" content=\"https:\/\/www.csj-emballages.com\/wp-content\/uploads\/2024\/03\/VAISSELLE-MACHINE.webp\" \/>\n\t<meta property=\"og:image:width\" content=\"800\" \/>\n\t<meta property=\"og:image:height\" content=\"800\" \/>\n\t<meta property=\"og:image:type\" content=\"image\/webp\" \/>\n<meta name=\"twitter:card\" content=\"summary_large_image\" \/>\n<meta name=\"twitter:label1\" content=\"Tempo estimado de leitura\" \/>\n\t<meta name=\"twitter:data1\" content=\"2 minutos\" \/>\n<script type=\"application\/ld+json\" class=\"yoast-schema-graph\">{\"@context\":\"https:\/\/schema.org\",\"@graph\":[{\"@type\":\"WebPage\",\"@id\":\"https:\/\/www.csj-emballages.com\/pt-pt\/produit\/maquina-de-lavar-louca-de-20-litros-para-agua-dura\/\",\"url\":\"https:\/\/www.csj-emballages.com\/pt-pt\/produit\/maquina-de-lavar-louca-de-20-litros-para-agua-dura\/\",\"name\":\"Detergente para m\u00e1quinas de lavar loi\u00e7a de \u00e1gua dura 20 litros\",\"isPartOf\":{\"@id\":\"https:\/\/www.csj-emballages.com\/pt-pt\/#website\"},\"primaryImageOfPage\":{\"@id\":\"https:\/\/www.csj-emballages.com\/pt-pt\/produit\/maquina-de-lavar-louca-de-20-litros-para-agua-dura\/#primaryimage\"},\"image\":{\"@id\":\"https:\/\/www.csj-emballages.com\/pt-pt\/produit\/maquina-de-lavar-louca-de-20-litros-para-agua-dura\/#primaryimage\"},\"thumbnailUrl\":\"https:\/\/www.csj-emballages.com\/wp-content\/uploads\/2024\/03\/VAISSELLE-MACHINE.webp\",\"datePublished\":\"2024-03-01T16:00:15+00:00\",\"dateModified\":\"2026-04-29T00:10:34+00:00\",\"description\":\"Poderoso detergente para m\u00e1quinas de lavar loi\u00e7a de 20L. Perfeito para \u00e1guas duras. Alto rendimento, espuma controlada, loi\u00e7a limpa e sem riscos.\",\"breadcrumb\":{\"@id\":\"https:\/\/www.csj-emballages.com\/pt-pt\/produit\/maquina-de-lavar-louca-de-20-litros-para-agua-dura\/#breadcrumb\"},\"inLanguage\":\"pt-PT\",\"potentialAction\":[{\"@type\":\"ReadAction\",\"target\":[\"https:\/\/www.csj-emballages.com\/pt-pt\/produit\/maquina-de-lavar-louca-de-20-litros-para-agua-dura\/\"]}]},{\"@type\":\"ImageObject\",\"inLanguage\":\"pt-PT\",\"@id\":\"https:\/\/www.csj-emballages.com\/pt-pt\/produit\/maquina-de-lavar-louca-de-20-litros-para-agua-dura\/#primaryimage\",\"url\":\"https:\/\/www.csj-emballages.com\/wp-content\/uploads\/2024\/03\/VAISSELLE-MACHINE.webp\",\"contentUrl\":\"https:\/\/www.csj-emballages.com\/wp-content\/uploads\/2024\/03\/VAISSELLE-MACHINE.webp\",\"width\":800,\"height\":800,\"caption\":\"Vaisselle machine\"},{\"@type\":\"BreadcrumbList\",\"@id\":\"https:\/\/www.csj-emballages.com\/pt-pt\/produit\/maquina-de-lavar-louca-de-20-litros-para-agua-dura\/#breadcrumb\",\"itemListElement\":[{\"@type\":\"ListItem\",\"position\":1,\"name\":\"Acolhimento\",\"item\":\"https:\/\/www.csj-emballages.com\/pt-pt\/universo-das-embalagens-alimentares\/\"},{\"@type\":\"ListItem\",\"position\":2,\"name\":\"Shop\",\"item\":\"https:\/\/www.csj-emballages.com\/shop\/\"},{\"@type\":\"ListItem\",\"position\":3,\"name\":\"Detergente para m\u00e1quinas de lavar loi\u00e7a de \u00e1gua dura 20 litros\"}]},{\"@type\":\"WebSite\",\"@id\":\"https:\/\/www.csj-emballages.com\/pt-pt\/#website\",\"url\":\"https:\/\/www.csj-emballages.com\/pt-pt\/\",\"name\":\"CSJ Emballages\",\"description\":\"\",\"publisher\":{\"@id\":\"https:\/\/www.csj-emballages.com\/pt-pt\/#organization\"},\"potentialAction\":[{\"@type\":\"SearchAction\",\"target\":{\"@type\":\"EntryPoint\",\"urlTemplate\":\"https:\/\/www.csj-emballages.com\/pt-pt\/?s={search_term_string}\"},\"query-input\":{\"@type\":\"PropertyValueSpecification\",\"valueRequired\":true,\"valueName\":\"search_term_string\"}}],\"inLanguage\":\"pt-PT\"},{\"@type\":\"Organization\",\"@id\":\"https:\/\/www.csj-emballages.com\/pt-pt\/#Organization\/\",\"name\":\"CSJ Emballages\",\"url\":\"https:\/\/www.csj-emballages.com\/pt-pt\/\",\"logo\":{\"@type\":\"ImageObject\",\"inLanguage\":\"pt-PT\",\"@id\":\"https:\/\/www.csj-emballages.com\/pt-pt\/#\/schema\/logo\/image\/\",\"url\":\"https:\/\/www.csj-emballages.com\/wp-content\/uploads\/2023\/10\/logo_csj.webp\",\"contentUrl\":\"https:\/\/www.csj-emballages.com\/wp-content\/uploads\/2023\/10\/logo_csj.webp\",\"width\":250,\"height\":95,\"caption\":\"CSJ Emballages\"},\"image\":{\"@id\":\"https:\/\/www.csj-emballages.com\/pt-pt\/#\/schema\/logo\/image\/\"},\"sameAs\":[\"https:\/\/www.facebook.com\/csjemballages\"],\"address\":{\"@type\":\"PostalAddress\",\"streetAddress\":\"ZI La Lechere\",\"addressLocality\":\"Patornay\",\"postalCode\":\"39130\",\"addressCountry\":\"FR\"},\"contactPoint\":[{\"@type\":\"ContactPoint\",\"contactType\":\"Service client\",\"telephone\":\"0384254272\",\"email\":\"contact@csj-emballages.com\"}]}]}<\/script>\n<!-- \/ Yoast SEO Premium plugin. -->","yoast_head_json":{"title":"Detergente para m\u00e1quinas de lavar loi\u00e7a de \u00e1gua dura 20 litros","description":"Poderoso detergente para m\u00e1quinas de lavar loi\u00e7a de 20L. Perfeito para \u00e1guas duras. Alto rendimento, espuma controlada, loi\u00e7a limpa e sem riscos.","robots":{"index":"index","follow":"follow","max-snippet":"max-snippet:-1","max-image-preview":"max-image-preview:large","max-video-preview":"max-video-preview:-1"},"canonical":"https:\/\/www.csj-emballages.com\/pt-pt\/produit\/maquina-de-lavar-louca-de-20-litros-para-agua-dura\/","og_locale":"pt_PT","og_type":"article","og_title":"Detergente para m\u00e1quinas de lavar loi\u00e7a de \u00e1gua dura 20 litros","og_description":"Poderoso detergente para m\u00e1quinas de lavar loi\u00e7a de 20L. Perfeito para \u00e1guas duras. Alto rendimento, espuma controlada, loi\u00e7a limpa e sem riscos.","og_url":"https:\/\/www.csj-emballages.com\/pt-pt\/produit\/maquina-de-lavar-louca-de-20-litros-para-agua-dura\/","og_site_name":"CSJ Emballages","article_publisher":"https:\/\/www.facebook.com\/csjemballages","article_modified_time":"2026-04-29T00:10:34+00:00","og_image":[{"width":800,"height":800,"url":"https:\/\/www.csj-emballages.com\/wp-content\/uploads\/2024\/03\/VAISSELLE-MACHINE.webp","type":"image\/webp"}],"twitter_card":"summary_large_image","twitter_misc":{"Tempo estimado de leitura":"2 minutos"},"schema":{"@context":"https:\/\/schema.org","@graph":[{"@type":"WebPage","@id":"https:\/\/www.csj-emballages.com\/pt-pt\/produit\/maquina-de-lavar-louca-de-20-litros-para-agua-dura\/","url":"https:\/\/www.csj-emballages.com\/pt-pt\/produit\/maquina-de-lavar-louca-de-20-litros-para-agua-dura\/","name":"Detergente para m\u00e1quinas de lavar loi\u00e7a de \u00e1gua dura 20 litros","isPartOf":{"@id":"https:\/\/www.csj-emballages.com\/pt-pt\/#website"},"primaryImageOfPage":{"@id":"https:\/\/www.csj-emballages.com\/pt-pt\/produit\/maquina-de-lavar-louca-de-20-litros-para-agua-dura\/#primaryimage"},"image":{"@id":"https:\/\/www.csj-emballages.com\/pt-pt\/produit\/maquina-de-lavar-louca-de-20-litros-para-agua-dura\/#primaryimage"},"thumbnailUrl":"https:\/\/www.csj-emballages.com\/wp-content\/uploads\/2024\/03\/VAISSELLE-MACHINE.webp","datePublished":"2024-03-01T16:00:15+00:00","dateModified":"2026-04-29T00:10:34+00:00","description":"Poderoso detergente para m\u00e1quinas de lavar loi\u00e7a de 20L. Perfeito para \u00e1guas duras. Alto rendimento, espuma controlada, loi\u00e7a limpa e sem riscos.","breadcrumb":{"@id":"https:\/\/www.csj-emballages.com\/pt-pt\/produit\/maquina-de-lavar-louca-de-20-litros-para-agua-dura\/#breadcrumb"},"inLanguage":"pt-PT","potentialAction":[{"@type":"ReadAction","target":["https:\/\/www.csj-emballages.com\/pt-pt\/produit\/maquina-de-lavar-louca-de-20-litros-para-agua-dura\/"]}]},{"@type":"ImageObject","inLanguage":"pt-PT","@id":"https:\/\/www.csj-emballages.com\/pt-pt\/produit\/maquina-de-lavar-louca-de-20-litros-para-agua-dura\/#primaryimage","url":"https:\/\/www.csj-emballages.com\/wp-content\/uploads\/2024\/03\/VAISSELLE-MACHINE.webp","contentUrl":"https:\/\/www.csj-emballages.com\/wp-content\/uploads\/2024\/03\/VAISSELLE-MACHINE.webp","width":800,"height":800,"caption":"Vaisselle machine"},{"@type":"BreadcrumbList","@id":"https:\/\/www.csj-emballages.com\/pt-pt\/produit\/maquina-de-lavar-louca-de-20-litros-para-agua-dura\/#breadcrumb","itemListElement":[{"@type":"ListItem","position":1,"name":"Acolhimento","item":"https:\/\/www.csj-emballages.com\/pt-pt\/universo-das-embalagens-alimentares\/"},{"@type":"ListItem","position":2,"name":"Shop","item":"https:\/\/www.csj-emballages.com\/shop\/"},{"@type":"ListItem","position":3,"name":"Detergente para m\u00e1quinas de lavar loi\u00e7a de \u00e1gua dura 20 litros"}]},{"@type":"WebSite","@id":"https:\/\/www.csj-emballages.com\/pt-pt\/#website","url":"https:\/\/www.csj-emballages.com\/pt-pt\/","name":"CSJ Emballages","description":"","publisher":{"@id":"https:\/\/www.csj-emballages.com\/pt-pt\/#organization"},"potentialAction":[{"@type":"SearchAction","target":{"@type":"EntryPoint","urlTemplate":"https:\/\/www.csj-emballages.com\/pt-pt\/?s={search_term_string}"},"query-input":{"@type":"PropertyValueSpecification","valueRequired":true,"valueName":"search_term_string"}}],"inLanguage":"pt-PT"},{"@type":"Organization","@id":"https:\/\/www.csj-emballages.com\/pt-pt\/#Organization\/","name":"CSJ Emballages","url":"https:\/\/www.csj-emballages.com\/pt-pt\/","logo":{"@type":"ImageObject","inLanguage":"pt-PT","@id":"https:\/\/www.csj-emballages.com\/pt-pt\/#\/schema\/logo\/image\/","url":"https:\/\/www.csj-emballages.com\/wp-content\/uploads\/2023\/10\/logo_csj.webp","contentUrl":"https:\/\/www.csj-emballages.com\/wp-content\/uploads\/2023\/10\/logo_csj.webp","width":250,"height":95,"caption":"CSJ Emballages"},"image":{"@id":"https:\/\/www.csj-emballages.com\/pt-pt\/#\/schema\/logo\/image\/"},"sameAs":["https:\/\/www.facebook.com\/csjemballages"],"address":{"@type":"PostalAddress","streetAddress":"ZI La Lechere","addressLocality":"Patornay","postalCode":"39130","addressCountry":"FR"},"contactPoint":[{"@type":"ContactPoint","contactType":"Service client","telephone":"0384254272","email":"contact@csj-emballages.com"}]}]}},"df_price":63.38,"df_sale_price":"","df_regular_price":63.38,"df_image_link":"https:\/\/www.csj-emballages.com\/wp-content\/uploads\/2024\/03\/VAISSELLE-MACHINE-300x300.webp","tiered_pricing_type":"fixed","tiered_pricing_fixed_rules":[],"tiered_pricing_percentage_rules":[],"tiered_pricing_minimum":1,"tiered_pricing_roles_data":[],"_links":{"self":[{"href":"https:\/\/www.csj-emballages.com\/pt-pt\/wp-json\/wp\/v2\/product\/17342","targetHints":{"allow":["GET"]}}],"collection":[{"href":"https:\/\/www.csj-emballages.com\/pt-pt\/wp-json\/wp\/v2\/product"}],"about":[{"href":"https:\/\/www.csj-emballages.com\/pt-pt\/wp-json\/wp\/v2\/types\/product"}],"wp:featuredmedia":[{"embeddable":true,"href":"https:\/\/www.csj-emballages.com\/pt-pt\/wp-json\/wp\/v2\/media\/222401"}],"wp:attachment":[{"href":"https:\/\/www.csj-emballages.com\/pt-pt\/wp-json\/wp\/v2\/media?parent=17342"}],"wp:term":[{"taxonomy":"product_brand","embeddable":true,"href":"https:\/\/www.csj-emballages.com\/pt-pt\/wp-json\/wp\/v2\/product_brand?post=17342"},{"taxonomy":"product_cat","embeddable":true,"href":"https:\/\/www.csj-emballages.com\/pt-pt\/wp-json\/wp\/v2\/product_cat?post=17342"},{"taxonomy":"product_tag","embeddable":true,"href":"https:\/\/www.csj-emballages.com\/pt-pt\/wp-json\/wp\/v2\/product_tag?post=17342"}],"curies":[{"name":"wp","href":"https:\/\/api.w.org\/{rel}","templated":true}]}}