{"id":17338,"date":"2024-03-01T17:00:13","date_gmt":"2024-03-01T16:00:13","guid":{"rendered":"https:\/\/u15jnbdpoq.preview.infomaniak.website\/produit\/spray-desinfetante-desengordurante-750ml\/"},"modified":"2026-04-28T02:10:35","modified_gmt":"2026-04-28T00:10:35","slug":"spray-desinfetante-desengordurante-750ml","status":"publish","type":"product","link":"https:\/\/www.csj-emballages.com\/pt-pt\/produit\/spray-desinfetante-desengordurante-750ml\/","title":{"rendered":"Spray desinfetante desengordurante 750ml"},"content":{"rendered":"<h2>Spray desengordurante<\/h2>\n<hr>\n<h3>Descri\u00e7\u00e3o do nosso spray desinfetante desengordurante 750ml<\/h3>\n<p><!--more--><\/p>\n<p class=\"\" data-start=\"157\" data-end=\"519\">Este <strong>spray desengordurante desinfetante de 750 ml<\/strong> \u00e9 indispens\u00e1vel para quem procura uma limpeza r\u00e1pida e completa, quer seja numa cozinha profissional, no sector da restaura\u00e7\u00e3o ou em casa. Concebido para superf\u00edcies muito sujas, combina <strong data-start=\"426\" data-end=\"458\">um poderoso poder desengordurante<\/strong> com uma <strong data-start=\"462\" data-end=\"486\">a\u00e7\u00e3o desinfetante<\/strong> para uma higiene impec\u00e1vel. Gra\u00e7as \u00e0 sua f\u00f3rmula eficaz, elimina facilmente as gorduras cozinhadas, os res\u00edduos alimentares e as bact\u00e9rias. Quer se trate de placas, exaustores, bancadas ou superf\u00edcies de a\u00e7o inoxid\u00e1vel, este <strong>spray<\/strong> actua em profundidade para deixar um ambiente limpo e saud\u00e1vel, sem res\u00edduos pegajosos. A sua textura l\u00edquida significa que pode ser aplicado uniformemente e enxaguado sem esfor\u00e7o.    <\/p>\n<p class=\"\" data-start=\"946\" data-end=\"1281\">Este <strong>spray<\/strong> tamb\u00e9m pode ser utilizado em ambientes exigentes, como cozinhas profissionais, autarquias, food trucks ou mesmo por particulares que procurem um <strong data-start=\"1097\" data-end=\"1132\">produto polivalente de elevado desempenho<\/strong>, tornando-se o aliado ideal para combinar limpeza, seguran\u00e7a e economia de tempo.<\/p>\n<p class=\"\" data-start=\"1283\" data-end=\"1440\">Em suma, formulado para cumprir as normas de higiene alimentar, garante uma limpeza segura sem comprometer a seguran\u00e7a ou a efic\u00e1cia.<\/p>\n<p>&nbsp;<\/p>\n<p><!--more--><\/p>\n<h4>Vantagens:<\/h4>\n<ul>\n<li>Desengordura completamente as superf\u00edcies com muita sujidade.<\/li>\n<li><strong>Desinfecta<\/strong>: bactericida, fungicida e virucida.<\/li>\n<li>Em conformidade com as normas profissionais UNE-EN 13697 e 14476.<\/li>\n<li>Adequado para a ind\u00fastria alimentar e ambientes sens\u00edveis.<\/li>\n<li>Formato econ\u00f3mico de 5L, ideal para uma utiliza\u00e7\u00e3o intensiva.<\/li>\n<\/ul>\n<p>&nbsp;<\/p>\n<p><!--more--><\/p>\n<h4>Outras informa\u00e7\u00f5es :<\/h4>\n<ul>\n<li><strong>Embalagem<\/strong>: Por unidade<\/li>\n<li><strong>Cor<\/strong>: Incolor<\/li>\n<li><strong>Volume<\/strong>: 750 ml<\/li>\n<li><strong>Utiliza\u00e7\u00e3o<\/strong>: Desinfetante desengordurante<\/li>\n<\/ul>\n<p>&nbsp;<\/p>\n<p><!--more--><\/p>\n<p>Clique aqui para obter o nosso desengordurante desinfetante de 5 litros: <span style=\"color: #d12727;\"><a style=\"color: #d12727;\" href=\"https:\/\/www.csj-emballages.com\/es\/produit\/desinfectante-desengrasante-5-litros\/\">07125<\/a><\/span><\/p>\n<p>&nbsp;<\/p>\n<p><!--more--><\/p>\n<p>Ver tamb\u00e9m o nosso desengordurante em spray para remo\u00e7\u00e3o de tinta: <span style=\"color: #d12727;\"><a style=\"color: #d12727;\" href=\"https:\/\/www.csj-emballages.com\/es\/produit\/spray-desengrasante-eliminador-de-tinta-750-ml\/\">6010750<\/a><\/span><\/p>\n<p>&nbsp;<\/p>\n<p><!--more--><\/p>\n<p><a href=\"https:\/\/www.csj-emballages.com\/pt-pt\/categorie-produit\/higiene-e-manutencao\/produtos-de-limpeza\/cozinha\/\">V\u00ea o resto da nossa gama de produtos de cozinha<\/a><\/p>\n","protected":false},"excerpt":{"rendered":"<p>Spray desengordurante Descri\u00e7\u00e3o do nosso spray desinfetante desengordurante 750ml<\/p>\n","protected":false},"featured_media":222252,"template":"","meta":{"_acf_changed":false},"product_brand":[],"product_cat":[1222,1223,1348],"product_tag":[],"class_list":{"0":"post-17338","1":"product","2":"type-product","3":"status-publish","4":"has-post-thumbnail","6":"product_cat-higiene-e-manutencao","7":"product_cat-produtos-de-limpeza","8":"product_cat-cozinha","10":"first","11":"instock","12":"taxable","13":"shipping-taxable","14":"purchasable","15":"product-type-simple"},"acf":[],"yoast_head":"<!-- This site is optimized with the Yoast SEO Premium plugin v26.6 (Yoast SEO v26.6) - https:\/\/yoast.com\/wordpress\/plugins\/seo\/ -->\n<title>Desengordurante Desinfetante Spray 750ml<\/title>\n<meta name=\"description\" content=\"Spray desinfetante desengordurante 750ml. Elimina a gordura e as bact\u00e9rias para uma higiene perfeita na cozinha. Ideal para profissionais e particulares\" \/>\n<meta name=\"robots\" content=\"index, follow, max-snippet:-1, max-image-preview:large, max-video-preview:-1\" \/>\n<link rel=\"canonical\" href=\"https:\/\/www.csj-emballages.com\/pt-pt\/produit\/spray-desinfetante-desengordurante-750ml\/\" \/>\n<meta property=\"og:locale\" content=\"pt_PT\" \/>\n<meta property=\"og:type\" content=\"article\" \/>\n<meta property=\"og:title\" content=\"Spray desinfetante desengordurante 750ml\" \/>\n<meta property=\"og:description\" content=\"Spray desinfetante desengordurante 750ml. Elimina a gordura e as bact\u00e9rias para uma higiene perfeita na cozinha. Ideal para profissionais e particulares\" \/>\n<meta property=\"og:url\" content=\"https:\/\/www.csj-emballages.com\/pt-pt\/produit\/spray-desinfetante-desengordurante-750ml\/\" \/>\n<meta property=\"og:site_name\" content=\"CSJ Emballages\" \/>\n<meta property=\"article:publisher\" content=\"https:\/\/www.facebook.com\/csjemballages\" \/>\n<meta property=\"article:modified_time\" content=\"2026-04-28T00:10:35+00:00\" \/>\n<meta property=\"og:image\" content=\"https:\/\/www.csj-emballages.com\/wp-content\/uploads\/2024\/03\/Dengras-food.webp\" \/>\n\t<meta property=\"og:image:width\" content=\"800\" \/>\n\t<meta property=\"og:image:height\" content=\"800\" \/>\n\t<meta property=\"og:image:type\" content=\"image\/webp\" \/>\n<meta name=\"twitter:card\" content=\"summary_large_image\" \/>\n<meta name=\"twitter:label1\" content=\"Tempo estimado de leitura\" \/>\n\t<meta name=\"twitter:data1\" content=\"1 minuto\" \/>\n<script type=\"application\/ld+json\" class=\"yoast-schema-graph\">{\"@context\":\"https:\/\/schema.org\",\"@graph\":[{\"@type\":\"WebPage\",\"@id\":\"https:\/\/www.csj-emballages.com\/pt-pt\/produit\/spray-desinfetante-desengordurante-750ml\/\",\"url\":\"https:\/\/www.csj-emballages.com\/pt-pt\/produit\/spray-desinfetante-desengordurante-750ml\/\",\"name\":\"Desengordurante Desinfetante Spray 750ml\",\"isPartOf\":{\"@id\":\"https:\/\/www.csj-emballages.com\/pt-pt\/#website\"},\"primaryImageOfPage\":{\"@id\":\"https:\/\/www.csj-emballages.com\/pt-pt\/produit\/spray-desinfetante-desengordurante-750ml\/#primaryimage\"},\"image\":{\"@id\":\"https:\/\/www.csj-emballages.com\/pt-pt\/produit\/spray-desinfetante-desengordurante-750ml\/#primaryimage\"},\"thumbnailUrl\":\"https:\/\/www.csj-emballages.com\/wp-content\/uploads\/2024\/03\/Dengras-food.webp\",\"datePublished\":\"2024-03-01T16:00:13+00:00\",\"dateModified\":\"2026-04-28T00:10:35+00:00\",\"description\":\"Spray desinfetante desengordurante 750ml. Elimina a gordura e as bact\u00e9rias para uma higiene perfeita na cozinha. Ideal para profissionais e particulares\",\"breadcrumb\":{\"@id\":\"https:\/\/www.csj-emballages.com\/pt-pt\/produit\/spray-desinfetante-desengordurante-750ml\/#breadcrumb\"},\"inLanguage\":\"pt-PT\",\"potentialAction\":[{\"@type\":\"ReadAction\",\"target\":[\"https:\/\/www.csj-emballages.com\/pt-pt\/produit\/spray-desinfetante-desengordurante-750ml\/\"]}]},{\"@type\":\"ImageObject\",\"inLanguage\":\"pt-PT\",\"@id\":\"https:\/\/www.csj-emballages.com\/pt-pt\/produit\/spray-desinfetante-desengordurante-750ml\/#primaryimage\",\"url\":\"https:\/\/www.csj-emballages.com\/wp-content\/uploads\/2024\/03\/Dengras-food.webp\",\"contentUrl\":\"https:\/\/www.csj-emballages.com\/wp-content\/uploads\/2024\/03\/Dengras-food.webp\",\"width\":800,\"height\":800,\"caption\":\"Spray d\u00e9graissant\"},{\"@type\":\"BreadcrumbList\",\"@id\":\"https:\/\/www.csj-emballages.com\/pt-pt\/produit\/spray-desinfetante-desengordurante-750ml\/#breadcrumb\",\"itemListElement\":[{\"@type\":\"ListItem\",\"position\":1,\"name\":\"Acolhimento\",\"item\":\"https:\/\/www.csj-emballages.com\/pt-pt\/universo-das-embalagens-alimentares\/\"},{\"@type\":\"ListItem\",\"position\":2,\"name\":\"Shop\",\"item\":\"https:\/\/www.csj-emballages.com\/shop\/\"},{\"@type\":\"ListItem\",\"position\":3,\"name\":\"Spray desinfetante desengordurante 750ml\"}]},{\"@type\":\"WebSite\",\"@id\":\"https:\/\/www.csj-emballages.com\/pt-pt\/#website\",\"url\":\"https:\/\/www.csj-emballages.com\/pt-pt\/\",\"name\":\"CSJ Emballages\",\"description\":\"\",\"publisher\":{\"@id\":\"https:\/\/www.csj-emballages.com\/pt-pt\/#organization\"},\"potentialAction\":[{\"@type\":\"SearchAction\",\"target\":{\"@type\":\"EntryPoint\",\"urlTemplate\":\"https:\/\/www.csj-emballages.com\/pt-pt\/?s={search_term_string}\"},\"query-input\":{\"@type\":\"PropertyValueSpecification\",\"valueRequired\":true,\"valueName\":\"search_term_string\"}}],\"inLanguage\":\"pt-PT\"},{\"@type\":\"Organization\",\"@id\":\"https:\/\/www.csj-emballages.com\/pt-pt\/#Organization\/\",\"name\":\"CSJ Emballages\",\"url\":\"https:\/\/www.csj-emballages.com\/pt-pt\/\",\"logo\":{\"@type\":\"ImageObject\",\"inLanguage\":\"pt-PT\",\"@id\":\"https:\/\/www.csj-emballages.com\/pt-pt\/#\/schema\/logo\/image\/\",\"url\":\"https:\/\/www.csj-emballages.com\/wp-content\/uploads\/2023\/10\/logo_csj.webp\",\"contentUrl\":\"https:\/\/www.csj-emballages.com\/wp-content\/uploads\/2023\/10\/logo_csj.webp\",\"width\":250,\"height\":95,\"caption\":\"CSJ Emballages\"},\"image\":{\"@id\":\"https:\/\/www.csj-emballages.com\/pt-pt\/#\/schema\/logo\/image\/\"},\"sameAs\":[\"https:\/\/www.facebook.com\/csjemballages\"],\"address\":{\"@type\":\"PostalAddress\",\"streetAddress\":\"ZI La Lechere\",\"addressLocality\":\"Patornay\",\"postalCode\":\"39130\",\"addressCountry\":\"FR\"},\"contactPoint\":[{\"@type\":\"ContactPoint\",\"contactType\":\"Service client\",\"telephone\":\"0384254272\",\"email\":\"contact@csj-emballages.com\"}]}]}<\/script>\n<!-- \/ Yoast SEO Premium plugin. -->","yoast_head_json":{"title":"Desengordurante Desinfetante Spray 750ml","description":"Spray desinfetante desengordurante 750ml. Elimina a gordura e as bact\u00e9rias para uma higiene perfeita na cozinha. Ideal para profissionais e particulares","robots":{"index":"index","follow":"follow","max-snippet":"max-snippet:-1","max-image-preview":"max-image-preview:large","max-video-preview":"max-video-preview:-1"},"canonical":"https:\/\/www.csj-emballages.com\/pt-pt\/produit\/spray-desinfetante-desengordurante-750ml\/","og_locale":"pt_PT","og_type":"article","og_title":"Spray desinfetante desengordurante 750ml","og_description":"Spray desinfetante desengordurante 750ml. Elimina a gordura e as bact\u00e9rias para uma higiene perfeita na cozinha. Ideal para profissionais e particulares","og_url":"https:\/\/www.csj-emballages.com\/pt-pt\/produit\/spray-desinfetante-desengordurante-750ml\/","og_site_name":"CSJ Emballages","article_publisher":"https:\/\/www.facebook.com\/csjemballages","article_modified_time":"2026-04-28T00:10:35+00:00","og_image":[{"width":800,"height":800,"url":"https:\/\/www.csj-emballages.com\/wp-content\/uploads\/2024\/03\/Dengras-food.webp","type":"image\/webp"}],"twitter_card":"summary_large_image","twitter_misc":{"Tempo estimado de leitura":"1 minuto"},"schema":{"@context":"https:\/\/schema.org","@graph":[{"@type":"WebPage","@id":"https:\/\/www.csj-emballages.com\/pt-pt\/produit\/spray-desinfetante-desengordurante-750ml\/","url":"https:\/\/www.csj-emballages.com\/pt-pt\/produit\/spray-desinfetante-desengordurante-750ml\/","name":"Desengordurante Desinfetante Spray 750ml","isPartOf":{"@id":"https:\/\/www.csj-emballages.com\/pt-pt\/#website"},"primaryImageOfPage":{"@id":"https:\/\/www.csj-emballages.com\/pt-pt\/produit\/spray-desinfetante-desengordurante-750ml\/#primaryimage"},"image":{"@id":"https:\/\/www.csj-emballages.com\/pt-pt\/produit\/spray-desinfetante-desengordurante-750ml\/#primaryimage"},"thumbnailUrl":"https:\/\/www.csj-emballages.com\/wp-content\/uploads\/2024\/03\/Dengras-food.webp","datePublished":"2024-03-01T16:00:13+00:00","dateModified":"2026-04-28T00:10:35+00:00","description":"Spray desinfetante desengordurante 750ml. Elimina a gordura e as bact\u00e9rias para uma higiene perfeita na cozinha. Ideal para profissionais e particulares","breadcrumb":{"@id":"https:\/\/www.csj-emballages.com\/pt-pt\/produit\/spray-desinfetante-desengordurante-750ml\/#breadcrumb"},"inLanguage":"pt-PT","potentialAction":[{"@type":"ReadAction","target":["https:\/\/www.csj-emballages.com\/pt-pt\/produit\/spray-desinfetante-desengordurante-750ml\/"]}]},{"@type":"ImageObject","inLanguage":"pt-PT","@id":"https:\/\/www.csj-emballages.com\/pt-pt\/produit\/spray-desinfetante-desengordurante-750ml\/#primaryimage","url":"https:\/\/www.csj-emballages.com\/wp-content\/uploads\/2024\/03\/Dengras-food.webp","contentUrl":"https:\/\/www.csj-emballages.com\/wp-content\/uploads\/2024\/03\/Dengras-food.webp","width":800,"height":800,"caption":"Spray d\u00e9graissant"},{"@type":"BreadcrumbList","@id":"https:\/\/www.csj-emballages.com\/pt-pt\/produit\/spray-desinfetante-desengordurante-750ml\/#breadcrumb","itemListElement":[{"@type":"ListItem","position":1,"name":"Acolhimento","item":"https:\/\/www.csj-emballages.com\/pt-pt\/universo-das-embalagens-alimentares\/"},{"@type":"ListItem","position":2,"name":"Shop","item":"https:\/\/www.csj-emballages.com\/shop\/"},{"@type":"ListItem","position":3,"name":"Spray desinfetante desengordurante 750ml"}]},{"@type":"WebSite","@id":"https:\/\/www.csj-emballages.com\/pt-pt\/#website","url":"https:\/\/www.csj-emballages.com\/pt-pt\/","name":"CSJ Emballages","description":"","publisher":{"@id":"https:\/\/www.csj-emballages.com\/pt-pt\/#organization"},"potentialAction":[{"@type":"SearchAction","target":{"@type":"EntryPoint","urlTemplate":"https:\/\/www.csj-emballages.com\/pt-pt\/?s={search_term_string}"},"query-input":{"@type":"PropertyValueSpecification","valueRequired":true,"valueName":"search_term_string"}}],"inLanguage":"pt-PT"},{"@type":"Organization","@id":"https:\/\/www.csj-emballages.com\/pt-pt\/#Organization\/","name":"CSJ Emballages","url":"https:\/\/www.csj-emballages.com\/pt-pt\/","logo":{"@type":"ImageObject","inLanguage":"pt-PT","@id":"https:\/\/www.csj-emballages.com\/pt-pt\/#\/schema\/logo\/image\/","url":"https:\/\/www.csj-emballages.com\/wp-content\/uploads\/2023\/10\/logo_csj.webp","contentUrl":"https:\/\/www.csj-emballages.com\/wp-content\/uploads\/2023\/10\/logo_csj.webp","width":250,"height":95,"caption":"CSJ Emballages"},"image":{"@id":"https:\/\/www.csj-emballages.com\/pt-pt\/#\/schema\/logo\/image\/"},"sameAs":["https:\/\/www.facebook.com\/csjemballages"],"address":{"@type":"PostalAddress","streetAddress":"ZI La Lechere","addressLocality":"Patornay","postalCode":"39130","addressCountry":"FR"},"contactPoint":[{"@type":"ContactPoint","contactType":"Service client","telephone":"0384254272","email":"contact@csj-emballages.com"}]}]}},"df_price":3.12,"df_sale_price":"","df_regular_price":3.12,"df_image_link":"https:\/\/www.csj-emballages.com\/wp-content\/uploads\/2024\/03\/Dengras-food-300x300.webp","tiered_pricing_type":"fixed","tiered_pricing_fixed_rules":[],"tiered_pricing_percentage_rules":[],"tiered_pricing_minimum":1,"tiered_pricing_roles_data":[],"_links":{"self":[{"href":"https:\/\/www.csj-emballages.com\/pt-pt\/wp-json\/wp\/v2\/product\/17338","targetHints":{"allow":["GET"]}}],"collection":[{"href":"https:\/\/www.csj-emballages.com\/pt-pt\/wp-json\/wp\/v2\/product"}],"about":[{"href":"https:\/\/www.csj-emballages.com\/pt-pt\/wp-json\/wp\/v2\/types\/product"}],"wp:featuredmedia":[{"embeddable":true,"href":"https:\/\/www.csj-emballages.com\/pt-pt\/wp-json\/wp\/v2\/media\/222252"}],"wp:attachment":[{"href":"https:\/\/www.csj-emballages.com\/pt-pt\/wp-json\/wp\/v2\/media?parent=17338"}],"wp:term":[{"taxonomy":"product_brand","embeddable":true,"href":"https:\/\/www.csj-emballages.com\/pt-pt\/wp-json\/wp\/v2\/product_brand?post=17338"},{"taxonomy":"product_cat","embeddable":true,"href":"https:\/\/www.csj-emballages.com\/pt-pt\/wp-json\/wp\/v2\/product_cat?post=17338"},{"taxonomy":"product_tag","embeddable":true,"href":"https:\/\/www.csj-emballages.com\/pt-pt\/wp-json\/wp\/v2\/product_tag?post=17338"}],"curies":[{"name":"wp","href":"https:\/\/api.w.org\/{rel}","templated":true}]}}