{"id":17330,"date":"2024-03-01T17:00:15","date_gmt":"2024-03-01T16:00:15","guid":{"rendered":"https:\/\/u15jnbdpoq.preview.infomaniak.website\/produit\/desinfetante-alimentar-hidroalcoolico-sem-enxaguamento-5-litros\/"},"modified":"2026-04-30T02:10:20","modified_gmt":"2026-04-30T00:10:20","slug":"desinfetante-alimentar-hidroalcoolico-sem-enxaguamento-5-litros","status":"publish","type":"product","link":"https:\/\/www.csj-emballages.com\/pt-pt\/produit\/desinfetante-alimentar-hidroalcoolico-sem-enxaguamento-5-litros\/","title":{"rendered":"Desinfetante alimentar hidroalco\u00f3lico sem enxaguamento 5 litros"},"content":{"rendered":"<h2>Desinfetante alimentar<\/h2>\n<hr>\n<h3>Descri\u00e7\u00e3o do nosso desinfetante alimentar hidroalco\u00f3lico sem enxaguamento de 5 litros<\/h3>\n<p><!--more--><\/p>\n<p class=\"\" data-start=\"281\" data-end=\"618\">Este <strong>desinfetante hidroalco\u00f3lico<\/strong> <strong>sem enxaguamento<\/strong> \u00e9 indispens\u00e1vel para todos os profissionais dos sectores da transforma\u00e7\u00e3o alimentar, da restaura\u00e7\u00e3o, da restaura\u00e7\u00e3o e da venda a retalho. A sua f\u00f3rmula assegura uma desinfe\u00e7\u00e3o r\u00e1pida e sem res\u00edduos das superf\u00edcies em contacto com os alimentos. <\/p>\n<p class=\"\" data-start=\"620\" data-end=\"947\">Cumpre igualmente as normas UNE-EN 13697 (bactericida e fungicida) e UNE-EN 14476 (virucida), garantindo uma a\u00e7\u00e3o completa contra bact\u00e9rias, fungos e v\u00edrus, incluindo os v\u00edrus com envelope, como os coronav\u00edrus. O seu formato grande <strong>de 5 litros<\/strong> \u00e9 particularmente adequado para uma utiliza\u00e7\u00e3o regular em ambientes profissionais. <\/p>\n<p class=\"\" data-start=\"949\" data-end=\"1347\">Este produto est\u00e1 pronto a utilizar: \u00e9 aplicado diretamente nas superf\u00edcies com um pulverizador, um pano ou um trapo limpo. N\u00e3o \u00e9 necess\u00e1rio enxaguar, o que permite poupar um tempo consider\u00e1vel sem comprometer a efic\u00e1cia. Pode ser utilizado em bancadas de trabalho, equipamentos, ferramentas ou qualquer outro material que entre em contacto direto ou indireto com os alimentos.  <\/p>\n<p class=\"\" data-start=\"1349\" data-end=\"1553\">Em suma, fi\u00e1vel, econ\u00f3mico e f\u00e1cil de manusear, este <strong>desinfetante alimentar hidroalco\u00f3lico<\/strong> \u00e9 uma escolha segura para quem procura desempenho, conformidade com as normas sanit\u00e1rias e praticidade no dia a dia.<\/p>\n<p>&nbsp;<\/p>\n<p><!--more--><\/p>\n<h4>Vantagens:<\/h4>\n<ul>\n<li>Sem enxaguamento: aplica\u00e7\u00e3o r\u00e1pida e c\u00f3moda.<\/li>\n<li>Respeita as normas bactericidas, fungicidas e virucidas.<\/li>\n<li>Pode ser utilizado em todos os tipos de superf\u00edcies alimentares.<\/li>\n<li>Formato grande e econ\u00f3mico de 5L, ideal para utiliza\u00e7\u00e3o frequente.<\/li>\n<li>Compat\u00edvel com a ind\u00fastria alimentar e as cozinhas profissionais.<\/li>\n<\/ul>\n<p>&nbsp;<\/p>\n<p><!--more--><\/p>\n<h4>Instru\u00e7\u00f5es de utiliza\u00e7\u00e3o :<\/h4>\n<p>Aprovado para a desinfe\u00e7\u00e3o do ambiente e da ind\u00fastria alimentar por profissionais. Antes de utilizar o produto, ler atentamente o r\u00f3tulo para evitar riscos para as pessoas e o ambiente. Para desinfetar na ind\u00fastria alimentar, efetuar o tratamento na aus\u00eancia de alimentos. Certificar-se de que os alimentos, as m\u00e1quinas e os utens\u00edlios manuseados nas zonas tratadas com DESCOL n\u00e3o cont\u00eam res\u00edduos do produto. Para o garantir, enxaguar abundantemente com \u00e1gua as superf\u00edcies tratadas antes de as utilizar. N\u00e3o utilizar DESCOL em combina\u00e7\u00e3o com outros produtos qu\u00edmicos. O produto \u00e9 incompat\u00edvel com agentes oxidantes. Utilizar DESCOL n\u00e3o dilu\u00eddo ou dilu\u00eddo at\u00e9 80% em \u00e1gua, conforme necess\u00e1rio. Para desinfetar superf\u00edcies, instala\u00e7\u00f5es ou equipamento, aplicar por pulveriza\u00e7\u00e3o ou imers\u00e3o e deixar atuar durante pelo menos 15 minutos para obter uma efic\u00e1cia \u00f3ptima.       <\/p>\n<p>.<\/p>\n<p>&nbsp;<\/p>\n<p><!--more--><\/p>\n<h4>Outras informa\u00e7\u00f5es :<\/h4>\n<ul>\n<li><strong>Embalagem<\/strong>: Por unidade<\/li>\n<li><strong>Cor<\/strong>: Incolor<\/li>\n<li><strong>Volume<\/strong>: 5 litros<\/li>\n<li><strong>Utiliza\u00e7\u00e3o<\/strong>: Desinfetante<\/li>\n<li><strong>pH <\/strong>: 8,5<\/li>\n<li><strong>T. Igni\u00e7\u00e3o<\/strong>: &lt;23 \u00baC<\/li>\n<\/ul>\n<p>&nbsp;<\/p>\n<p><!--more--><\/p>\n<p>Encontre aqui o nosso spray desinfetante alimentar hidroalco\u00f3lico sem enxaguamento 750ml : <span style=\"color: #d12727;\"><a style=\"color: #d12727;\" href=\"https:\/\/www.csj-emballages.com\/produit\/3-bouteilles-1-spray-desinfectant-alimentaire-hydro-alcoolique-sans-rincage-75\/\">0470750<\/a><\/span><\/p>\n<p>&nbsp;<\/p>\n<p><!--more--><\/p>\n<p><a href=\"https:\/\/www.csj-emballages.com\/pt-pt\/categorie-produit\/higiene-e-manutencao\/produtos-de-limpeza\/cozinha\/\">V\u00ea o resto da nossa gama de produtos de cozinha<\/a><\/p>\n","protected":false},"excerpt":{"rendered":"<p>Desinfetante alimentar Descri\u00e7\u00e3o do nosso desinfetante alimentar hidroalco\u00f3lico sem enxaguamento de 5 litros<\/p>\n","protected":false},"featured_media":233229,"template":"","meta":{"_acf_changed":false},"product_brand":[],"product_cat":[1222,1223,1348],"product_tag":[],"class_list":{"0":"post-17330","1":"product","2":"type-product","3":"status-publish","4":"has-post-thumbnail","6":"product_cat-higiene-e-manutencao","7":"product_cat-produtos-de-limpeza","8":"product_cat-cozinha","9":"product_shipping_class-nao-e-permitido-em-reles","11":"first","12":"instock","13":"taxable","14":"shipping-taxable","15":"purchasable","16":"product-type-simple"},"acf":[],"yoast_head":"<!-- This site is optimized with the Yoast SEO Premium plugin v26.6 (Yoast SEO v26.6) - https:\/\/yoast.com\/wordpress\/plugins\/seo\/ -->\n<title>Desinfetante alimentar hidroalco\u00f3lico sem enxaguamento 5 litros<\/title>\n<meta name=\"description\" content=\"Escolhe o Desinfetante Alimentar Hidroalco\u00f3lico Sem Enxaguamento 5L: elimina 99,9% das bact\u00e9rias e v\u00edrus, ideal para superf\u00edcies alimentares.\" \/>\n<meta name=\"robots\" content=\"index, follow, max-snippet:-1, max-image-preview:large, max-video-preview:-1\" \/>\n<link rel=\"canonical\" href=\"https:\/\/www.csj-emballages.com\/pt-pt\/produit\/desinfetante-alimentar-hidroalcoolico-sem-enxaguamento-5-litros\/\" \/>\n<meta property=\"og:locale\" content=\"pt_PT\" \/>\n<meta property=\"og:type\" content=\"article\" \/>\n<meta property=\"og:title\" content=\"Desinfetante alimentar hidroalco\u00f3lico sem enxaguamento 5 litros\" \/>\n<meta property=\"og:description\" content=\"Escolhe o Desinfetante Alimentar Hidroalco\u00f3lico Sem Enxaguamento 5L: elimina 99,9% das bact\u00e9rias e v\u00edrus, ideal para superf\u00edcies alimentares.\" \/>\n<meta property=\"og:url\" content=\"https:\/\/www.csj-emballages.com\/pt-pt\/produit\/desinfetante-alimentar-hidroalcoolico-sem-enxaguamento-5-litros\/\" \/>\n<meta property=\"og:site_name\" content=\"CSJ Emballages\" \/>\n<meta property=\"article:publisher\" content=\"https:\/\/www.facebook.com\/csjemballages\" \/>\n<meta property=\"article:modified_time\" content=\"2026-04-30T00:10:20+00:00\" \/>\n<meta property=\"og:image\" content=\"https:\/\/www.csj-emballages.com\/wp-content\/uploads\/2024\/03\/04705-1.webp\" \/>\n\t<meta property=\"og:image:width\" content=\"800\" \/>\n\t<meta property=\"og:image:height\" content=\"800\" \/>\n\t<meta property=\"og:image:type\" content=\"image\/webp\" \/>\n<meta name=\"twitter:card\" content=\"summary_large_image\" \/>\n<meta name=\"twitter:label1\" content=\"Tempo estimado de leitura\" \/>\n\t<meta name=\"twitter:data1\" content=\"2 minutos\" \/>\n<script type=\"application\/ld+json\" class=\"yoast-schema-graph\">{\"@context\":\"https:\/\/schema.org\",\"@graph\":[{\"@type\":\"WebPage\",\"@id\":\"https:\/\/www.csj-emballages.com\/pt-pt\/produit\/desinfetante-alimentar-hidroalcoolico-sem-enxaguamento-5-litros\/\",\"url\":\"https:\/\/www.csj-emballages.com\/pt-pt\/produit\/desinfetante-alimentar-hidroalcoolico-sem-enxaguamento-5-litros\/\",\"name\":\"Desinfetante alimentar hidroalco\u00f3lico sem enxaguamento 5 litros\",\"isPartOf\":{\"@id\":\"https:\/\/www.csj-emballages.com\/pt-pt\/#website\"},\"primaryImageOfPage\":{\"@id\":\"https:\/\/www.csj-emballages.com\/pt-pt\/produit\/desinfetante-alimentar-hidroalcoolico-sem-enxaguamento-5-litros\/#primaryimage\"},\"image\":{\"@id\":\"https:\/\/www.csj-emballages.com\/pt-pt\/produit\/desinfetante-alimentar-hidroalcoolico-sem-enxaguamento-5-litros\/#primaryimage\"},\"thumbnailUrl\":\"https:\/\/www.csj-emballages.com\/wp-content\/uploads\/2024\/03\/04705-1.webp\",\"datePublished\":\"2024-03-01T16:00:15+00:00\",\"dateModified\":\"2026-04-30T00:10:20+00:00\",\"description\":\"Escolhe o Desinfetante Alimentar Hidroalco\u00f3lico Sem Enxaguamento 5L: elimina 99,9% das bact\u00e9rias e v\u00edrus, ideal para superf\u00edcies alimentares.\",\"breadcrumb\":{\"@id\":\"https:\/\/www.csj-emballages.com\/pt-pt\/produit\/desinfetante-alimentar-hidroalcoolico-sem-enxaguamento-5-litros\/#breadcrumb\"},\"inLanguage\":\"pt-PT\",\"potentialAction\":[{\"@type\":\"ReadAction\",\"target\":[\"https:\/\/www.csj-emballages.com\/pt-pt\/produit\/desinfetante-alimentar-hidroalcoolico-sem-enxaguamento-5-litros\/\"]}]},{\"@type\":\"ImageObject\",\"inLanguage\":\"pt-PT\",\"@id\":\"https:\/\/www.csj-emballages.com\/pt-pt\/produit\/desinfetante-alimentar-hidroalcoolico-sem-enxaguamento-5-litros\/#primaryimage\",\"url\":\"https:\/\/www.csj-emballages.com\/wp-content\/uploads\/2024\/03\/04705-1.webp\",\"contentUrl\":\"https:\/\/www.csj-emballages.com\/wp-content\/uploads\/2024\/03\/04705-1.webp\",\"width\":800,\"height\":800,\"caption\":\"D\u00e9sinfectant alimentaire\"},{\"@type\":\"BreadcrumbList\",\"@id\":\"https:\/\/www.csj-emballages.com\/pt-pt\/produit\/desinfetante-alimentar-hidroalcoolico-sem-enxaguamento-5-litros\/#breadcrumb\",\"itemListElement\":[{\"@type\":\"ListItem\",\"position\":1,\"name\":\"Acolhimento\",\"item\":\"https:\/\/www.csj-emballages.com\/pt-pt\/universo-das-embalagens-alimentares\/\"},{\"@type\":\"ListItem\",\"position\":2,\"name\":\"Shop\",\"item\":\"https:\/\/www.csj-emballages.com\/shop\/\"},{\"@type\":\"ListItem\",\"position\":3,\"name\":\"Desinfetante alimentar hidroalco\u00f3lico sem enxaguamento 5 litros\"}]},{\"@type\":\"WebSite\",\"@id\":\"https:\/\/www.csj-emballages.com\/pt-pt\/#website\",\"url\":\"https:\/\/www.csj-emballages.com\/pt-pt\/\",\"name\":\"CSJ Emballages\",\"description\":\"\",\"publisher\":{\"@id\":\"https:\/\/www.csj-emballages.com\/pt-pt\/#organization\"},\"potentialAction\":[{\"@type\":\"SearchAction\",\"target\":{\"@type\":\"EntryPoint\",\"urlTemplate\":\"https:\/\/www.csj-emballages.com\/pt-pt\/?s={search_term_string}\"},\"query-input\":{\"@type\":\"PropertyValueSpecification\",\"valueRequired\":true,\"valueName\":\"search_term_string\"}}],\"inLanguage\":\"pt-PT\"},{\"@type\":\"Organization\",\"@id\":\"https:\/\/www.csj-emballages.com\/pt-pt\/#Organization\/\",\"name\":\"CSJ Emballages\",\"url\":\"https:\/\/www.csj-emballages.com\/pt-pt\/\",\"logo\":{\"@type\":\"ImageObject\",\"inLanguage\":\"pt-PT\",\"@id\":\"https:\/\/www.csj-emballages.com\/pt-pt\/#\/schema\/logo\/image\/\",\"url\":\"https:\/\/www.csj-emballages.com\/wp-content\/uploads\/2023\/10\/logo_csj.webp\",\"contentUrl\":\"https:\/\/www.csj-emballages.com\/wp-content\/uploads\/2023\/10\/logo_csj.webp\",\"width\":250,\"height\":95,\"caption\":\"CSJ Emballages\"},\"image\":{\"@id\":\"https:\/\/www.csj-emballages.com\/pt-pt\/#\/schema\/logo\/image\/\"},\"sameAs\":[\"https:\/\/www.facebook.com\/csjemballages\"],\"address\":{\"@type\":\"PostalAddress\",\"streetAddress\":\"ZI La Lechere\",\"addressLocality\":\"Patornay\",\"postalCode\":\"39130\",\"addressCountry\":\"FR\"},\"contactPoint\":[{\"@type\":\"ContactPoint\",\"contactType\":\"Service client\",\"telephone\":\"0384254272\",\"email\":\"contact@csj-emballages.com\"}]}]}<\/script>\n<!-- \/ Yoast SEO Premium plugin. -->","yoast_head_json":{"title":"Desinfetante alimentar hidroalco\u00f3lico sem enxaguamento 5 litros","description":"Escolhe o Desinfetante Alimentar Hidroalco\u00f3lico Sem Enxaguamento 5L: elimina 99,9% das bact\u00e9rias e v\u00edrus, ideal para superf\u00edcies alimentares.","robots":{"index":"index","follow":"follow","max-snippet":"max-snippet:-1","max-image-preview":"max-image-preview:large","max-video-preview":"max-video-preview:-1"},"canonical":"https:\/\/www.csj-emballages.com\/pt-pt\/produit\/desinfetante-alimentar-hidroalcoolico-sem-enxaguamento-5-litros\/","og_locale":"pt_PT","og_type":"article","og_title":"Desinfetante alimentar hidroalco\u00f3lico sem enxaguamento 5 litros","og_description":"Escolhe o Desinfetante Alimentar Hidroalco\u00f3lico Sem Enxaguamento 5L: elimina 99,9% das bact\u00e9rias e v\u00edrus, ideal para superf\u00edcies alimentares.","og_url":"https:\/\/www.csj-emballages.com\/pt-pt\/produit\/desinfetante-alimentar-hidroalcoolico-sem-enxaguamento-5-litros\/","og_site_name":"CSJ Emballages","article_publisher":"https:\/\/www.facebook.com\/csjemballages","article_modified_time":"2026-04-30T00:10:20+00:00","og_image":[{"width":800,"height":800,"url":"https:\/\/www.csj-emballages.com\/wp-content\/uploads\/2024\/03\/04705-1.webp","type":"image\/webp"}],"twitter_card":"summary_large_image","twitter_misc":{"Tempo estimado de leitura":"2 minutos"},"schema":{"@context":"https:\/\/schema.org","@graph":[{"@type":"WebPage","@id":"https:\/\/www.csj-emballages.com\/pt-pt\/produit\/desinfetante-alimentar-hidroalcoolico-sem-enxaguamento-5-litros\/","url":"https:\/\/www.csj-emballages.com\/pt-pt\/produit\/desinfetante-alimentar-hidroalcoolico-sem-enxaguamento-5-litros\/","name":"Desinfetante alimentar hidroalco\u00f3lico sem enxaguamento 5 litros","isPartOf":{"@id":"https:\/\/www.csj-emballages.com\/pt-pt\/#website"},"primaryImageOfPage":{"@id":"https:\/\/www.csj-emballages.com\/pt-pt\/produit\/desinfetante-alimentar-hidroalcoolico-sem-enxaguamento-5-litros\/#primaryimage"},"image":{"@id":"https:\/\/www.csj-emballages.com\/pt-pt\/produit\/desinfetante-alimentar-hidroalcoolico-sem-enxaguamento-5-litros\/#primaryimage"},"thumbnailUrl":"https:\/\/www.csj-emballages.com\/wp-content\/uploads\/2024\/03\/04705-1.webp","datePublished":"2024-03-01T16:00:15+00:00","dateModified":"2026-04-30T00:10:20+00:00","description":"Escolhe o Desinfetante Alimentar Hidroalco\u00f3lico Sem Enxaguamento 5L: elimina 99,9% das bact\u00e9rias e v\u00edrus, ideal para superf\u00edcies alimentares.","breadcrumb":{"@id":"https:\/\/www.csj-emballages.com\/pt-pt\/produit\/desinfetante-alimentar-hidroalcoolico-sem-enxaguamento-5-litros\/#breadcrumb"},"inLanguage":"pt-PT","potentialAction":[{"@type":"ReadAction","target":["https:\/\/www.csj-emballages.com\/pt-pt\/produit\/desinfetante-alimentar-hidroalcoolico-sem-enxaguamento-5-litros\/"]}]},{"@type":"ImageObject","inLanguage":"pt-PT","@id":"https:\/\/www.csj-emballages.com\/pt-pt\/produit\/desinfetante-alimentar-hidroalcoolico-sem-enxaguamento-5-litros\/#primaryimage","url":"https:\/\/www.csj-emballages.com\/wp-content\/uploads\/2024\/03\/04705-1.webp","contentUrl":"https:\/\/www.csj-emballages.com\/wp-content\/uploads\/2024\/03\/04705-1.webp","width":800,"height":800,"caption":"D\u00e9sinfectant alimentaire"},{"@type":"BreadcrumbList","@id":"https:\/\/www.csj-emballages.com\/pt-pt\/produit\/desinfetante-alimentar-hidroalcoolico-sem-enxaguamento-5-litros\/#breadcrumb","itemListElement":[{"@type":"ListItem","position":1,"name":"Acolhimento","item":"https:\/\/www.csj-emballages.com\/pt-pt\/universo-das-embalagens-alimentares\/"},{"@type":"ListItem","position":2,"name":"Shop","item":"https:\/\/www.csj-emballages.com\/shop\/"},{"@type":"ListItem","position":3,"name":"Desinfetante alimentar hidroalco\u00f3lico sem enxaguamento 5 litros"}]},{"@type":"WebSite","@id":"https:\/\/www.csj-emballages.com\/pt-pt\/#website","url":"https:\/\/www.csj-emballages.com\/pt-pt\/","name":"CSJ Emballages","description":"","publisher":{"@id":"https:\/\/www.csj-emballages.com\/pt-pt\/#organization"},"potentialAction":[{"@type":"SearchAction","target":{"@type":"EntryPoint","urlTemplate":"https:\/\/www.csj-emballages.com\/pt-pt\/?s={search_term_string}"},"query-input":{"@type":"PropertyValueSpecification","valueRequired":true,"valueName":"search_term_string"}}],"inLanguage":"pt-PT"},{"@type":"Organization","@id":"https:\/\/www.csj-emballages.com\/pt-pt\/#Organization\/","name":"CSJ Emballages","url":"https:\/\/www.csj-emballages.com\/pt-pt\/","logo":{"@type":"ImageObject","inLanguage":"pt-PT","@id":"https:\/\/www.csj-emballages.com\/pt-pt\/#\/schema\/logo\/image\/","url":"https:\/\/www.csj-emballages.com\/wp-content\/uploads\/2023\/10\/logo_csj.webp","contentUrl":"https:\/\/www.csj-emballages.com\/wp-content\/uploads\/2023\/10\/logo_csj.webp","width":250,"height":95,"caption":"CSJ Emballages"},"image":{"@id":"https:\/\/www.csj-emballages.com\/pt-pt\/#\/schema\/logo\/image\/"},"sameAs":["https:\/\/www.facebook.com\/csjemballages"],"address":{"@type":"PostalAddress","streetAddress":"ZI La Lechere","addressLocality":"Patornay","postalCode":"39130","addressCountry":"FR"},"contactPoint":[{"@type":"ContactPoint","contactType":"Service client","telephone":"0384254272","email":"contact@csj-emballages.com"}]}]}},"df_price":24.84,"df_sale_price":"","df_regular_price":24.84,"df_image_link":"https:\/\/www.csj-emballages.com\/wp-content\/uploads\/2024\/03\/04705-1-300x300.webp","tiered_pricing_type":"fixed","tiered_pricing_fixed_rules":[],"tiered_pricing_percentage_rules":[],"tiered_pricing_minimum":1,"tiered_pricing_roles_data":[],"_links":{"self":[{"href":"https:\/\/www.csj-emballages.com\/pt-pt\/wp-json\/wp\/v2\/product\/17330","targetHints":{"allow":["GET"]}}],"collection":[{"href":"https:\/\/www.csj-emballages.com\/pt-pt\/wp-json\/wp\/v2\/product"}],"about":[{"href":"https:\/\/www.csj-emballages.com\/pt-pt\/wp-json\/wp\/v2\/types\/product"}],"wp:featuredmedia":[{"embeddable":true,"href":"https:\/\/www.csj-emballages.com\/pt-pt\/wp-json\/wp\/v2\/media\/233229"}],"wp:attachment":[{"href":"https:\/\/www.csj-emballages.com\/pt-pt\/wp-json\/wp\/v2\/media?parent=17330"}],"wp:term":[{"taxonomy":"product_brand","embeddable":true,"href":"https:\/\/www.csj-emballages.com\/pt-pt\/wp-json\/wp\/v2\/product_brand?post=17330"},{"taxonomy":"product_cat","embeddable":true,"href":"https:\/\/www.csj-emballages.com\/pt-pt\/wp-json\/wp\/v2\/product_cat?post=17330"},{"taxonomy":"product_tag","embeddable":true,"href":"https:\/\/www.csj-emballages.com\/pt-pt\/wp-json\/wp\/v2\/product_tag?post=17330"}],"curies":[{"name":"wp","href":"https:\/\/api.w.org\/{rel}","templated":true}]}}