{"id":17320,"date":"2024-03-01T17:00:14","date_gmt":"2024-03-01T16:00:14","guid":{"rendered":"https:\/\/u15jnbdpoq.preview.infomaniak.website\/produit\/gel-de-maos-com-microesferas-com-aroma-a-laranja-e-bomba-38-litros\/"},"modified":"2026-04-28T02:10:34","modified_gmt":"2026-04-28T00:10:34","slug":"gel-de-maos-com-microesferas-com-aroma-a-laranja-e-bomba-38-litros","status":"publish","type":"product","link":"https:\/\/www.csj-emballages.com\/pt-pt\/produit\/gel-de-maos-com-microesferas-com-aroma-a-laranja-e-bomba-38-litros\/","title":{"rendered":"Gel de m\u00e3os com microesferas com aroma a laranja e bomba 3,8 litros"},"content":{"rendered":"<h2 class=\"p1 ai-optimize-26\">Gel de m\u00e3os com microesferas<\/h2>\n<hr>\n<h3 class=\"ai-optimize-34\">Descri\u00e7\u00e3o do nosso gel de m\u00e3os com microesferas com aroma a laranja e bomba 3,8 litros<\/h3>\n<p><!--more--><\/p>\n<p class=\"ai-optimize-28 ai-optimize-introduction\" data-start=\"254\" data-end=\"746\">Concebido para responder \u00e0s necessidades dos profissionais confrontados com sujidade persistente, este <strong>gel de m\u00e3os com microesferas<\/strong> \u00e9 o aliado ideal em ambientes onde a limpeza eficaz \u00e9 essencial. Gra\u00e7as \u00e0 sua f\u00f3rmula enriquecida com <g id=\"gid_1\">microesferas minerais<\/g>, elimina em profundidade a gordura, o \u00f3leo, a tinta, o p\u00f3 industrial e outras sujidades dif\u00edceis. A sua a\u00e7\u00e3o mec\u00e2nica suave mas potente elimina as impurezas sem danificar a pele.  <\/p>\n<p class=\"ai-optimize-29\" data-start=\"748\" data-end=\"1150\">A <strong data-start=\"751\" data-end=\"770\">fragr\u00e2ncia a laranja<\/strong> confere um toque fresco e agrad\u00e1vel a cada utiliza\u00e7\u00e3o, tornando este momento de higiene mais agrad\u00e1vel, mesmo depois de um longo dia de trabalho manual. O <strong>gel<\/strong> \u00e9 apresentado num <strong data-start=\"949\" data-end=\"983\">recipiente de 3,8 litros com bomba<\/strong> para uma distribui\u00e7\u00e3o f\u00e1cil, econ\u00f3mica e higi\u00e9nica. Cada dose <strong data-start=\"1059\" data-end=\"1069\">de 3,5 ml<\/strong> \u00e9 suficiente para garantir uma limpeza eficaz, limitando o desperd\u00edcio de produto.  <\/p>\n<p class=\"ai-optimize-30\" data-start=\"1152\" data-end=\"1386\">Ideal para oficinas, garagens, estaleiros de constru\u00e7\u00e3o ou qualquer outro local que exija uma <strong>lavagem<\/strong> intensiva <strong>das m\u00e3os<\/strong>, este <strong>gel de m\u00e3os com microesferas<\/strong> \u00e9 t\u00e3o adequado para artes\u00e3os como para equipas de manuten\u00e7\u00e3o ou profissionais dos sectores da restaura\u00e7\u00e3o e da ind\u00fastria.<\/p>\n<p class=\"ai-optimize-31\" data-start=\"1388\" data-end=\"1560\">A sua textura n\u00e3o colante e a facilidade de enxaguamento permitem-lhe utiliz\u00e1-lo regularmente sem deixar res\u00edduos. Combina <strong data-start=\"1505\" data-end=\"1559\">desempenho, conforto de utiliza\u00e7\u00e3o e respeito pela pele<\/strong>. <\/p>\n<p><!--more--><\/p>\n<h4 class=\"ai-optimize-37\"><strong>Vantagens:<\/strong><\/h4>\n<ul>\n<li class=\"ai-optimize-38\">Elimina sujidade especial (gordura, \u00f3leo, tinta, etc.).<\/li>\n<li class=\"ai-optimize-39\">Cont\u00e9m microesferas minerais suaves mas eficazes.<\/li>\n<li class=\"ai-optimize-40\">Formato econ\u00f3mico de 3,8 L com bomba incorporada.<\/li>\n<li class=\"ai-optimize-42\">Dose \u00f3ptima de 3,5 ml para uma limpeza controlada.<\/li>\n<li class=\"ai-optimize-43\">Suave para a pele, n\u00e3o seca as m\u00e3os.<\/li>\n<\/ul>\n<p>&nbsp;<\/p>\n<p><!--more--><\/p>\n<h4 class=\"ai-optimize-44\">Outras informa\u00e7\u00f5es :<\/h4>\n<ul>\n<li class=\"ai-optimize-45\"><strong>Embalagem<\/strong>: Por unidade<\/li>\n<li class=\"ai-optimize-47\"><strong>Utiliza\u00e7\u00e3o<\/strong>: Limpeza das m\u00e3os<\/li>\n<li class=\"ai-optimize-48\"><b>Dose da bomba <\/b>: 3,5 ml<\/li>\n<li class=\"ai-optimize-32\"><strong>Cor<\/strong>: Laranja<\/li>\n<li class=\"ai-optimize-34\"><strong>Fragr\u00e2ncia<\/strong>: Laranja<\/li>\n<li class=\"ai-optimize-35\"><strong>Volume<\/strong>: 3,8 litros<\/li>\n<\/ul>\n<p>&nbsp;<\/p>\n<p><!--more--><\/p>\n<p class=\"ai-optimize-34\">Saiba mais sobre o nosso produto de limpeza de pavimentos concentrado de 5L: <span style=\"color: #d12727\"><a style=\"color: #d12727\" href=\"https:\/\/www.csj-emballages.com\/produit\/nettoyant-degraissant-alcalin-5l-2\/\">03265<\/a><\/span><\/p>\n<p>&nbsp;<\/p>\n<p><!--more--><\/p>\n<p class=\"ai-optimize-41\"><a href=\"https:\/\/www.csj-emballages.com\/pt-pt\/categorie-produit\/higiene-e-manutencao\/produtos-de-limpeza\/garagem\/\">Ver o resto da nossa gama de produtos de manuten\u00e7\u00e3o para garagem<\/a><\/p>\n","protected":false},"excerpt":{"rendered":"<p>Gel de m\u00e3os com microesferas Descri\u00e7\u00e3o do nosso gel de m\u00e3os com microesferas com aroma a laranja e bomba 3,8 litros<\/p>\n","protected":false},"featured_media":235916,"template":"","meta":{"_acf_changed":false},"product_brand":[],"product_cat":[1222,1223,1386,1356,1357],"product_tag":[],"class_list":{"0":"post-17320","1":"product","2":"type-product","3":"status-publish","4":"has-post-thumbnail","6":"product_cat-higiene-e-manutencao","7":"product_cat-produtos-de-limpeza","8":"product_cat-garagem","9":"product_cat-higiene-pessoal","10":"product_cat-sabonete-para-as-maos","11":"product_shipping_class-nao-e-permitido-em-reles","13":"first","14":"instock","15":"taxable","16":"shipping-taxable","17":"purchasable","18":"product-type-simple"},"acf":[],"yoast_head":"<!-- This site is optimized with the Yoast SEO Premium plugin v26.6 (Yoast SEO v26.6) - https:\/\/yoast.com\/wordpress\/plugins\/seo\/ -->\n<title>Gel de M\u00e3os com Microesferas de Fragr\u00e2ncia Laranja com Bomba 3,8 litros<\/title>\n<meta name=\"description\" content=\"Gel de m\u00e3os com microesferas com aroma a laranja 3,8 L com bomba. Ideal para sujidade persistente. Limpeza potente, fragr\u00e2ncia fresca, utiliza\u00e7\u00e3o profissional.\" \/>\n<meta name=\"robots\" content=\"index, follow, max-snippet:-1, max-image-preview:large, max-video-preview:-1\" \/>\n<link rel=\"canonical\" href=\"https:\/\/www.csj-emballages.com\/pt-pt\/produit\/gel-de-maos-com-microesferas-com-aroma-a-laranja-e-bomba-38-litros\/\" \/>\n<meta property=\"og:locale\" content=\"pt_PT\" \/>\n<meta property=\"og:type\" content=\"article\" \/>\n<meta property=\"og:title\" content=\"Gel de m\u00e3os com microesferas com aroma a laranja e bomba 3,8 litros\" \/>\n<meta property=\"og:description\" content=\"Gel de m\u00e3os com microesferas com aroma a laranja 3,8 L com bomba. Ideal para sujidade persistente. Limpeza potente, fragr\u00e2ncia fresca, utiliza\u00e7\u00e3o profissional.\" \/>\n<meta property=\"og:url\" content=\"https:\/\/www.csj-emballages.com\/pt-pt\/produit\/gel-de-maos-com-microesferas-com-aroma-a-laranja-e-bomba-38-litros\/\" \/>\n<meta property=\"og:site_name\" content=\"CSJ Emballages\" \/>\n<meta property=\"article:publisher\" content=\"https:\/\/www.facebook.com\/csjemballages\" \/>\n<meta property=\"article:modified_time\" content=\"2026-04-28T00:10:34+00:00\" \/>\n<meta property=\"og:image\" content=\"https:\/\/www.csj-emballages.com\/wp-content\/uploads\/2024\/03\/04SBFCLEAN.webp\" \/>\n\t<meta property=\"og:image:width\" content=\"800\" \/>\n\t<meta property=\"og:image:height\" content=\"800\" \/>\n\t<meta property=\"og:image:type\" content=\"image\/webp\" \/>\n<meta name=\"twitter:card\" content=\"summary_large_image\" \/>\n<meta name=\"twitter:label1\" content=\"Tempo estimado de leitura\" \/>\n\t<meta name=\"twitter:data1\" content=\"2 minutos\" \/>\n<script type=\"application\/ld+json\" class=\"yoast-schema-graph\">{\"@context\":\"https:\/\/schema.org\",\"@graph\":[{\"@type\":\"WebPage\",\"@id\":\"https:\/\/www.csj-emballages.com\/pt-pt\/produit\/gel-de-maos-com-microesferas-com-aroma-a-laranja-e-bomba-38-litros\/\",\"url\":\"https:\/\/www.csj-emballages.com\/pt-pt\/produit\/gel-de-maos-com-microesferas-com-aroma-a-laranja-e-bomba-38-litros\/\",\"name\":\"Gel de M\u00e3os com Microesferas de Fragr\u00e2ncia Laranja com Bomba 3,8 litros\",\"isPartOf\":{\"@id\":\"https:\/\/www.csj-emballages.com\/pt-pt\/#website\"},\"primaryImageOfPage\":{\"@id\":\"https:\/\/www.csj-emballages.com\/pt-pt\/produit\/gel-de-maos-com-microesferas-com-aroma-a-laranja-e-bomba-38-litros\/#primaryimage\"},\"image\":{\"@id\":\"https:\/\/www.csj-emballages.com\/pt-pt\/produit\/gel-de-maos-com-microesferas-com-aroma-a-laranja-e-bomba-38-litros\/#primaryimage\"},\"thumbnailUrl\":\"https:\/\/www.csj-emballages.com\/wp-content\/uploads\/2024\/03\/04SBFCLEAN.webp\",\"datePublished\":\"2024-03-01T16:00:14+00:00\",\"dateModified\":\"2026-04-28T00:10:34+00:00\",\"description\":\"Gel de m\u00e3os com microesferas com aroma a laranja 3,8 L com bomba. Ideal para sujidade persistente. Limpeza potente, fragr\u00e2ncia fresca, utiliza\u00e7\u00e3o profissional.\",\"breadcrumb\":{\"@id\":\"https:\/\/www.csj-emballages.com\/pt-pt\/produit\/gel-de-maos-com-microesferas-com-aroma-a-laranja-e-bomba-38-litros\/#breadcrumb\"},\"inLanguage\":\"pt-PT\",\"potentialAction\":[{\"@type\":\"ReadAction\",\"target\":[\"https:\/\/www.csj-emballages.com\/pt-pt\/produit\/gel-de-maos-com-microesferas-com-aroma-a-laranja-e-bomba-38-litros\/\"]}]},{\"@type\":\"ImageObject\",\"inLanguage\":\"pt-PT\",\"@id\":\"https:\/\/www.csj-emballages.com\/pt-pt\/produit\/gel-de-maos-com-microesferas-com-aroma-a-laranja-e-bomba-38-litros\/#primaryimage\",\"url\":\"https:\/\/www.csj-emballages.com\/wp-content\/uploads\/2024\/03\/04SBFCLEAN.webp\",\"contentUrl\":\"https:\/\/www.csj-emballages.com\/wp-content\/uploads\/2024\/03\/04SBFCLEAN.webp\",\"width\":800,\"height\":800,\"caption\":\"Gel microbilles mains\"},{\"@type\":\"BreadcrumbList\",\"@id\":\"https:\/\/www.csj-emballages.com\/pt-pt\/produit\/gel-de-maos-com-microesferas-com-aroma-a-laranja-e-bomba-38-litros\/#breadcrumb\",\"itemListElement\":[{\"@type\":\"ListItem\",\"position\":1,\"name\":\"Acolhimento\",\"item\":\"https:\/\/www.csj-emballages.com\/pt-pt\/universo-das-embalagens-alimentares\/\"},{\"@type\":\"ListItem\",\"position\":2,\"name\":\"Shop\",\"item\":\"https:\/\/www.csj-emballages.com\/shop\/\"},{\"@type\":\"ListItem\",\"position\":3,\"name\":\"Gel de m\u00e3os com microesferas com aroma a laranja e bomba 3,8 litros\"}]},{\"@type\":\"WebSite\",\"@id\":\"https:\/\/www.csj-emballages.com\/pt-pt\/#website\",\"url\":\"https:\/\/www.csj-emballages.com\/pt-pt\/\",\"name\":\"CSJ Emballages\",\"description\":\"\",\"publisher\":{\"@id\":\"https:\/\/www.csj-emballages.com\/pt-pt\/#organization\"},\"potentialAction\":[{\"@type\":\"SearchAction\",\"target\":{\"@type\":\"EntryPoint\",\"urlTemplate\":\"https:\/\/www.csj-emballages.com\/pt-pt\/?s={search_term_string}\"},\"query-input\":{\"@type\":\"PropertyValueSpecification\",\"valueRequired\":true,\"valueName\":\"search_term_string\"}}],\"inLanguage\":\"pt-PT\"},{\"@type\":\"Organization\",\"@id\":\"https:\/\/www.csj-emballages.com\/pt-pt\/#Organization\/\",\"name\":\"CSJ Emballages\",\"url\":\"https:\/\/www.csj-emballages.com\/pt-pt\/\",\"logo\":{\"@type\":\"ImageObject\",\"inLanguage\":\"pt-PT\",\"@id\":\"https:\/\/www.csj-emballages.com\/pt-pt\/#\/schema\/logo\/image\/\",\"url\":\"https:\/\/www.csj-emballages.com\/wp-content\/uploads\/2023\/10\/logo_csj.webp\",\"contentUrl\":\"https:\/\/www.csj-emballages.com\/wp-content\/uploads\/2023\/10\/logo_csj.webp\",\"width\":250,\"height\":95,\"caption\":\"CSJ Emballages\"},\"image\":{\"@id\":\"https:\/\/www.csj-emballages.com\/pt-pt\/#\/schema\/logo\/image\/\"},\"sameAs\":[\"https:\/\/www.facebook.com\/csjemballages\"],\"address\":{\"@type\":\"PostalAddress\",\"streetAddress\":\"ZI La Lechere\",\"addressLocality\":\"Patornay\",\"postalCode\":\"39130\",\"addressCountry\":\"FR\"},\"contactPoint\":[{\"@type\":\"ContactPoint\",\"contactType\":\"Service client\",\"telephone\":\"0384254272\",\"email\":\"contact@csj-emballages.com\"}]}]}<\/script>\n<!-- \/ Yoast SEO Premium plugin. -->","yoast_head_json":{"title":"Gel de M\u00e3os com Microesferas de Fragr\u00e2ncia Laranja com Bomba 3,8 litros","description":"Gel de m\u00e3os com microesferas com aroma a laranja 3,8 L com bomba. Ideal para sujidade persistente. Limpeza potente, fragr\u00e2ncia fresca, utiliza\u00e7\u00e3o profissional.","robots":{"index":"index","follow":"follow","max-snippet":"max-snippet:-1","max-image-preview":"max-image-preview:large","max-video-preview":"max-video-preview:-1"},"canonical":"https:\/\/www.csj-emballages.com\/pt-pt\/produit\/gel-de-maos-com-microesferas-com-aroma-a-laranja-e-bomba-38-litros\/","og_locale":"pt_PT","og_type":"article","og_title":"Gel de m\u00e3os com microesferas com aroma a laranja e bomba 3,8 litros","og_description":"Gel de m\u00e3os com microesferas com aroma a laranja 3,8 L com bomba. Ideal para sujidade persistente. Limpeza potente, fragr\u00e2ncia fresca, utiliza\u00e7\u00e3o profissional.","og_url":"https:\/\/www.csj-emballages.com\/pt-pt\/produit\/gel-de-maos-com-microesferas-com-aroma-a-laranja-e-bomba-38-litros\/","og_site_name":"CSJ Emballages","article_publisher":"https:\/\/www.facebook.com\/csjemballages","article_modified_time":"2026-04-28T00:10:34+00:00","og_image":[{"width":800,"height":800,"url":"https:\/\/www.csj-emballages.com\/wp-content\/uploads\/2024\/03\/04SBFCLEAN.webp","type":"image\/webp"}],"twitter_card":"summary_large_image","twitter_misc":{"Tempo estimado de leitura":"2 minutos"},"schema":{"@context":"https:\/\/schema.org","@graph":[{"@type":"WebPage","@id":"https:\/\/www.csj-emballages.com\/pt-pt\/produit\/gel-de-maos-com-microesferas-com-aroma-a-laranja-e-bomba-38-litros\/","url":"https:\/\/www.csj-emballages.com\/pt-pt\/produit\/gel-de-maos-com-microesferas-com-aroma-a-laranja-e-bomba-38-litros\/","name":"Gel de M\u00e3os com Microesferas de Fragr\u00e2ncia Laranja com Bomba 3,8 litros","isPartOf":{"@id":"https:\/\/www.csj-emballages.com\/pt-pt\/#website"},"primaryImageOfPage":{"@id":"https:\/\/www.csj-emballages.com\/pt-pt\/produit\/gel-de-maos-com-microesferas-com-aroma-a-laranja-e-bomba-38-litros\/#primaryimage"},"image":{"@id":"https:\/\/www.csj-emballages.com\/pt-pt\/produit\/gel-de-maos-com-microesferas-com-aroma-a-laranja-e-bomba-38-litros\/#primaryimage"},"thumbnailUrl":"https:\/\/www.csj-emballages.com\/wp-content\/uploads\/2024\/03\/04SBFCLEAN.webp","datePublished":"2024-03-01T16:00:14+00:00","dateModified":"2026-04-28T00:10:34+00:00","description":"Gel de m\u00e3os com microesferas com aroma a laranja 3,8 L com bomba. Ideal para sujidade persistente. Limpeza potente, fragr\u00e2ncia fresca, utiliza\u00e7\u00e3o profissional.","breadcrumb":{"@id":"https:\/\/www.csj-emballages.com\/pt-pt\/produit\/gel-de-maos-com-microesferas-com-aroma-a-laranja-e-bomba-38-litros\/#breadcrumb"},"inLanguage":"pt-PT","potentialAction":[{"@type":"ReadAction","target":["https:\/\/www.csj-emballages.com\/pt-pt\/produit\/gel-de-maos-com-microesferas-com-aroma-a-laranja-e-bomba-38-litros\/"]}]},{"@type":"ImageObject","inLanguage":"pt-PT","@id":"https:\/\/www.csj-emballages.com\/pt-pt\/produit\/gel-de-maos-com-microesferas-com-aroma-a-laranja-e-bomba-38-litros\/#primaryimage","url":"https:\/\/www.csj-emballages.com\/wp-content\/uploads\/2024\/03\/04SBFCLEAN.webp","contentUrl":"https:\/\/www.csj-emballages.com\/wp-content\/uploads\/2024\/03\/04SBFCLEAN.webp","width":800,"height":800,"caption":"Gel microbilles mains"},{"@type":"BreadcrumbList","@id":"https:\/\/www.csj-emballages.com\/pt-pt\/produit\/gel-de-maos-com-microesferas-com-aroma-a-laranja-e-bomba-38-litros\/#breadcrumb","itemListElement":[{"@type":"ListItem","position":1,"name":"Acolhimento","item":"https:\/\/www.csj-emballages.com\/pt-pt\/universo-das-embalagens-alimentares\/"},{"@type":"ListItem","position":2,"name":"Shop","item":"https:\/\/www.csj-emballages.com\/shop\/"},{"@type":"ListItem","position":3,"name":"Gel de m\u00e3os com microesferas com aroma a laranja e bomba 3,8 litros"}]},{"@type":"WebSite","@id":"https:\/\/www.csj-emballages.com\/pt-pt\/#website","url":"https:\/\/www.csj-emballages.com\/pt-pt\/","name":"CSJ Emballages","description":"","publisher":{"@id":"https:\/\/www.csj-emballages.com\/pt-pt\/#organization"},"potentialAction":[{"@type":"SearchAction","target":{"@type":"EntryPoint","urlTemplate":"https:\/\/www.csj-emballages.com\/pt-pt\/?s={search_term_string}"},"query-input":{"@type":"PropertyValueSpecification","valueRequired":true,"valueName":"search_term_string"}}],"inLanguage":"pt-PT"},{"@type":"Organization","@id":"https:\/\/www.csj-emballages.com\/pt-pt\/#Organization\/","name":"CSJ Emballages","url":"https:\/\/www.csj-emballages.com\/pt-pt\/","logo":{"@type":"ImageObject","inLanguage":"pt-PT","@id":"https:\/\/www.csj-emballages.com\/pt-pt\/#\/schema\/logo\/image\/","url":"https:\/\/www.csj-emballages.com\/wp-content\/uploads\/2023\/10\/logo_csj.webp","contentUrl":"https:\/\/www.csj-emballages.com\/wp-content\/uploads\/2023\/10\/logo_csj.webp","width":250,"height":95,"caption":"CSJ Emballages"},"image":{"@id":"https:\/\/www.csj-emballages.com\/pt-pt\/#\/schema\/logo\/image\/"},"sameAs":["https:\/\/www.facebook.com\/csjemballages"],"address":{"@type":"PostalAddress","streetAddress":"ZI La Lechere","addressLocality":"Patornay","postalCode":"39130","addressCountry":"FR"},"contactPoint":[{"@type":"ContactPoint","contactType":"Service client","telephone":"0384254272","email":"contact@csj-emballages.com"}]}]}},"df_price":15.94,"df_sale_price":"","df_regular_price":15.94,"df_image_link":"https:\/\/www.csj-emballages.com\/wp-content\/uploads\/2024\/03\/04SBFCLEAN-300x300.webp","tiered_pricing_type":"fixed","tiered_pricing_fixed_rules":[],"tiered_pricing_percentage_rules":[],"tiered_pricing_minimum":1,"tiered_pricing_roles_data":[],"_links":{"self":[{"href":"https:\/\/www.csj-emballages.com\/pt-pt\/wp-json\/wp\/v2\/product\/17320","targetHints":{"allow":["GET"]}}],"collection":[{"href":"https:\/\/www.csj-emballages.com\/pt-pt\/wp-json\/wp\/v2\/product"}],"about":[{"href":"https:\/\/www.csj-emballages.com\/pt-pt\/wp-json\/wp\/v2\/types\/product"}],"wp:featuredmedia":[{"embeddable":true,"href":"https:\/\/www.csj-emballages.com\/pt-pt\/wp-json\/wp\/v2\/media\/235916"}],"wp:attachment":[{"href":"https:\/\/www.csj-emballages.com\/pt-pt\/wp-json\/wp\/v2\/media?parent=17320"}],"wp:term":[{"taxonomy":"product_brand","embeddable":true,"href":"https:\/\/www.csj-emballages.com\/pt-pt\/wp-json\/wp\/v2\/product_brand?post=17320"},{"taxonomy":"product_cat","embeddable":true,"href":"https:\/\/www.csj-emballages.com\/pt-pt\/wp-json\/wp\/v2\/product_cat?post=17320"},{"taxonomy":"product_tag","embeddable":true,"href":"https:\/\/www.csj-emballages.com\/pt-pt\/wp-json\/wp\/v2\/product_tag?post=17320"}],"curies":[{"name":"wp","href":"https:\/\/api.w.org\/{rel}","templated":true}]}}