{"id":17309,"date":"2024-03-01T17:00:15","date_gmt":"2024-03-01T16:00:15","guid":{"rendered":"https:\/\/u15jnbdpoq.preview.infomaniak.website\/produit\/desinfetante-desengordurante-para-uso-manual-ou-num-centro-de-higiene-lata-de-5-l\/"},"modified":"2026-04-30T15:00:24","modified_gmt":"2026-04-30T13:00:24","slug":"desinfetante-desengordurante-para-uso-manual-ou-num-centro-de-higiene-lata-de-5-l","status":"publish","type":"product","link":"https:\/\/www.csj-emballages.com\/pt-pt\/produit\/desinfetante-desengordurante-para-uso-manual-ou-num-centro-de-higiene-lata-de-5-l\/","title":{"rendered":"Desinfetante desengordurante para uso manual ou num centro de higiene Lata de 5 L"},"content":{"rendered":"<h2>Desinfetante desengordurante<\/h2>\n<div style=\"font-family: Roboto, sans-serif;\">\n<div style=\"font-family: Roboto, sans-serif;\">\n<div style=\"font-family: Roboto, sans-serif;\">\n<div style=\"font-family: Roboto, sans-serif;\">\n<div style=\"font-family: Roboto, sans-serif;\">\n<div style=\"font-family: Roboto, sans-serif;\">\n<hr>\n<h3>Descri\u00e7\u00e3o do nosso desengordurante desinfetante para uso manual ou central de higiene Lata de 5 L<\/h3>\n<p><!--more--><\/p>\n<p>A <strong>lata de 5L de Desinfetante Desengordurante<\/strong> \u00e9 ideal para ser utilizada \u00e0 m\u00e3o ou num centro de higiene. Limpa eficazmente todas as superf\u00edcies, ao mesmo tempo que desinfecta em profundidade. Este produto foi especialmente concebido para remover a gordura persistente e os res\u00edduos alimentares. Actua rapidamente, deixando as superf\u00edcies limpas e sem riscos. Gra\u00e7as \u00e0 sua f\u00f3rmula desinfetante, destr\u00f3i bact\u00e9rias, v\u00edrus e fungos numa \u00fanica aplica\u00e7\u00e3o.    <\/p>\n<p>Este <strong>desengordurante desinfetante em lata de 5 litros<\/strong> \u00e9 um trunfo indispens\u00e1vel para manter as instala\u00e7\u00f5es saud\u00e1veis e em conformidade com as normas de higiene. O seu formato de 20 litros \u00e9 econ\u00f3mico, duradouro e pr\u00e1tico. A utiliza\u00e7\u00e3o regular deste produto garante uma limpeza impec\u00e1vel e uma desinfe\u00e7\u00e3o fi\u00e1vel.  <\/p>\n<p>&nbsp;<\/p>\n<\/div>\n<\/div>\n<\/div>\n<\/div>\n<\/div>\n<\/div>\n<p><!--more--><\/p>\n<div style=\"font-family: Roboto, sans-serif;\">\n<div style=\"font-family: Roboto, sans-serif;\">\n<div style=\"font-family: Roboto, sans-serif;\">\n<div style=\"font-family: Roboto, sans-serif;\">\n<div style=\"font-family: Roboto, sans-serif;\">\n<div style=\"font-family: Roboto, sans-serif;\">\n<p><span style=\"color: #3366ff;\"><strong>DETERQUAT ADN<\/strong><\/span> \u00e9:<br \/>\n&#8211; Bactericida<br \/>\n&#8211; Levuricida-Fungicida<br \/>\n&#8211; Fungicida<br \/>\n&#8211; Virucida<\/p>\n<p>&nbsp;<\/p>\n<\/div>\n<\/div>\n<\/div>\n<\/div>\n<\/div>\n<\/div>\n<p><!--more--><\/p>\n<div style=\"font-family: Roboto, sans-serif;\">\n<div style=\"font-family: Roboto, sans-serif;\">\n<div style=\"font-family: Roboto, sans-serif;\">\n<div style=\"font-family: Roboto, sans-serif;\">\n<div style=\"font-family: Roboto, sans-serif;\">\n<div style=\"font-family: Roboto, sans-serif;\">\n<h4><b>Instru\u00e7\u00f5es de utiliza\u00e7\u00e3o :<\/b><\/h4>\n<ul>\n<li><b>Bactericida:<\/b> Dilui 50 ml em 5 litros de \u00e1gua a uma temperatura m\u00ednima de 30\u00b0C. Pulveriza as superf\u00edcies. Deixa atuar durante 5 minutos. Enxaguar ap\u00f3s a aplica\u00e7\u00e3o.   <\/li>\n<li><b>Levedura e fungicida:<\/b> Dilui 150 ml em 5 litros de \u00e1gua a 30\u00b0C, no m\u00ednimo. Pulveriza as superf\u00edcies. Deixa atuar durante 15 minutos. Enxaguar ap\u00f3s a aplica\u00e7\u00e3o.   <\/li>\n<li><b>Virucide:<\/b> Para superf\u00edcies em contacto com g\u00e9neros aliment\u00edcios, diluir conforme necess\u00e1rio em 5 litros de \u00e1gua a 20\u00b0C, no m\u00ednimo. Pulveriza as superf\u00edcies. Deixa atuar at\u00e9 \u00e0 efic\u00e1cia desejada e enxagua depois da aplica\u00e7\u00e3o.  <\/li>\n<\/ul>\n<\/div>\n<\/div>\n<div style=\"font-family: Roboto, sans-serif;\">\n<div style=\"font-family: Roboto, sans-serif;\">\n<p>&nbsp;<\/p>\n<\/div>\n<\/div>\n<\/div>\n<\/div>\n<\/div>\n<\/div>\n<p><!--more--><\/p>\n<h4>Outras informa\u00e7\u00f5es :<\/h4>\n<ul>\n<li><strong>Embalagem<\/strong>: Por unidade<\/li>\n<li><strong>Volume<\/strong>: 5 litros<\/li>\n<li><strong>Utiliza\u00e7\u00e3o<\/strong>: Desinfetante desengordurante<\/li>\n<\/ul>\n<p>&nbsp;<\/p>\n<p><!--more--><\/p>\n<p>Descubra tamb\u00e9m o nosso Deterquat DNA em latas de 20L: <span style=\"color: #d12727;\"><a style=\"color: #d12727;\" href=\"https:\/\/www.csj-emballages.com\/es\/produit\/desinfectante-desengrasante-para-uso-manual-o-en-un-centro-de-higiene-recipiente-de-20-l\/\">041720<\/a><\/span><\/p>\n<p>&nbsp;<\/p>\n<p><!--more--><\/p>\n<p><a href=\"https:\/\/www.csj-emballages.com\/pt-pt\/categorie-produit\/higiene-e-manutencao\/produtos-de-limpeza\/cozinha\/\">V\u00ea o resto da nossa gama de cuidados de cozinha aqui<\/a><\/p>\n","protected":false},"excerpt":{"rendered":"<p>Desinfetante desengordurante Descri\u00e7\u00e3o do nosso desengordurante desinfetante para uso manual ou central de higiene Lata de 5 L<\/p>\n","protected":false},"featured_media":233170,"template":"","meta":{"_acf_changed":false},"product_brand":[],"product_cat":[1222,1223,1348,1394],"product_tag":[],"class_list":{"0":"post-17309","1":"product","2":"type-product","3":"status-publish","4":"has-post-thumbnail","6":"product_cat-higiene-e-manutencao","7":"product_cat-produtos-de-limpeza","8":"product_cat-cozinha","9":"product_cat-solo","10":"product_shipping_class-nao-e-permitido-em-reles","12":"first","13":"instock","14":"taxable","15":"shipping-taxable","16":"purchasable","17":"product-type-simple"},"acf":[],"yoast_head":"<!-- This site is optimized with the Yoast SEO Premium plugin v26.6 (Yoast SEO v26.6) - https:\/\/yoast.com\/wordpress\/plugins\/seo\/ -->\n<title>Desengordurante Desinfetante Utiliza\u00e7\u00e3o manual ou central de higiene<\/title>\n<meta name=\"description\" content=\"Desinfetante desengordurante em latas de 5 litros para utiliza\u00e7\u00e3o manual ou em unidades centrais de higiene. Limpa, desengordura e desinfecta eficazmente todas as superf\u00edcies.\" \/>\n<meta name=\"robots\" content=\"index, follow, max-snippet:-1, max-image-preview:large, max-video-preview:-1\" \/>\n<link rel=\"canonical\" href=\"https:\/\/www.csj-emballages.com\/pt-pt\/produit\/desinfetante-desengordurante-para-uso-manual-ou-num-centro-de-higiene-lata-de-5-l\/\" \/>\n<meta property=\"og:locale\" content=\"pt_PT\" \/>\n<meta property=\"og:type\" content=\"article\" \/>\n<meta property=\"og:title\" content=\"Desinfetante desengordurante para uso manual ou num centro de higiene Lata de 5 L\" \/>\n<meta property=\"og:description\" content=\"Desinfetante desengordurante em latas de 5 litros para utiliza\u00e7\u00e3o manual ou em unidades centrais de higiene. Limpa, desengordura e desinfecta eficazmente todas as superf\u00edcies.\" \/>\n<meta property=\"og:url\" content=\"https:\/\/www.csj-emballages.com\/pt-pt\/produit\/desinfetante-desengordurante-para-uso-manual-ou-num-centro-de-higiene-lata-de-5-l\/\" \/>\n<meta property=\"og:site_name\" content=\"CSJ Emballages\" \/>\n<meta property=\"article:publisher\" content=\"https:\/\/www.facebook.com\/csjemballages\" \/>\n<meta property=\"article:modified_time\" content=\"2026-04-30T13:00:24+00:00\" \/>\n<meta property=\"og:image\" content=\"https:\/\/www.csj-emballages.com\/wp-content\/uploads\/2024\/03\/04345.webp\" \/>\n\t<meta property=\"og:image:width\" content=\"800\" \/>\n\t<meta property=\"og:image:height\" content=\"800\" \/>\n\t<meta property=\"og:image:type\" content=\"image\/webp\" \/>\n<meta name=\"twitter:card\" content=\"summary_large_image\" \/>\n<meta name=\"twitter:label1\" content=\"Tempo estimado de leitura\" \/>\n\t<meta name=\"twitter:data1\" content=\"1 minuto\" \/>\n<script type=\"application\/ld+json\" class=\"yoast-schema-graph\">{\"@context\":\"https:\/\/schema.org\",\"@graph\":[{\"@type\":\"WebPage\",\"@id\":\"https:\/\/www.csj-emballages.com\/pt-pt\/produit\/desinfetante-desengordurante-para-uso-manual-ou-num-centro-de-higiene-lata-de-5-l\/\",\"url\":\"https:\/\/www.csj-emballages.com\/pt-pt\/produit\/desinfetante-desengordurante-para-uso-manual-ou-num-centro-de-higiene-lata-de-5-l\/\",\"name\":\"Desengordurante Desinfetante Utiliza\u00e7\u00e3o manual ou central de higiene\",\"isPartOf\":{\"@id\":\"https:\/\/www.csj-emballages.com\/pt-pt\/#website\"},\"primaryImageOfPage\":{\"@id\":\"https:\/\/www.csj-emballages.com\/pt-pt\/produit\/desinfetante-desengordurante-para-uso-manual-ou-num-centro-de-higiene-lata-de-5-l\/#primaryimage\"},\"image\":{\"@id\":\"https:\/\/www.csj-emballages.com\/pt-pt\/produit\/desinfetante-desengordurante-para-uso-manual-ou-num-centro-de-higiene-lata-de-5-l\/#primaryimage\"},\"thumbnailUrl\":\"https:\/\/www.csj-emballages.com\/wp-content\/uploads\/2024\/03\/04345.webp\",\"datePublished\":\"2024-03-01T16:00:15+00:00\",\"dateModified\":\"2026-04-30T13:00:24+00:00\",\"description\":\"Desinfetante desengordurante em latas de 5 litros para utiliza\u00e7\u00e3o manual ou em unidades centrais de higiene. Limpa, desengordura e desinfecta eficazmente todas as superf\u00edcies.\",\"breadcrumb\":{\"@id\":\"https:\/\/www.csj-emballages.com\/pt-pt\/produit\/desinfetante-desengordurante-para-uso-manual-ou-num-centro-de-higiene-lata-de-5-l\/#breadcrumb\"},\"inLanguage\":\"pt-PT\",\"potentialAction\":[{\"@type\":\"ReadAction\",\"target\":[\"https:\/\/www.csj-emballages.com\/pt-pt\/produit\/desinfetante-desengordurante-para-uso-manual-ou-num-centro-de-higiene-lata-de-5-l\/\"]}]},{\"@type\":\"ImageObject\",\"inLanguage\":\"pt-PT\",\"@id\":\"https:\/\/www.csj-emballages.com\/pt-pt\/produit\/desinfetante-desengordurante-para-uso-manual-ou-num-centro-de-higiene-lata-de-5-l\/#primaryimage\",\"url\":\"https:\/\/www.csj-emballages.com\/wp-content\/uploads\/2024\/03\/04345.webp\",\"contentUrl\":\"https:\/\/www.csj-emballages.com\/wp-content\/uploads\/2024\/03\/04345.webp\",\"width\":800,\"height\":800,\"caption\":\"D\u00e9graissant d\u00e9sinfectant\"},{\"@type\":\"BreadcrumbList\",\"@id\":\"https:\/\/www.csj-emballages.com\/pt-pt\/produit\/desinfetante-desengordurante-para-uso-manual-ou-num-centro-de-higiene-lata-de-5-l\/#breadcrumb\",\"itemListElement\":[{\"@type\":\"ListItem\",\"position\":1,\"name\":\"Acolhimento\",\"item\":\"https:\/\/www.csj-emballages.com\/pt-pt\/universo-das-embalagens-alimentares\/\"},{\"@type\":\"ListItem\",\"position\":2,\"name\":\"Shop\",\"item\":\"https:\/\/www.csj-emballages.com\/shop\/\"},{\"@type\":\"ListItem\",\"position\":3,\"name\":\"Desinfetante desengordurante para uso manual ou num centro de higiene Lata de 5 L\"}]},{\"@type\":\"WebSite\",\"@id\":\"https:\/\/www.csj-emballages.com\/pt-pt\/#website\",\"url\":\"https:\/\/www.csj-emballages.com\/pt-pt\/\",\"name\":\"CSJ Emballages\",\"description\":\"\",\"publisher\":{\"@id\":\"https:\/\/www.csj-emballages.com\/pt-pt\/#organization\"},\"potentialAction\":[{\"@type\":\"SearchAction\",\"target\":{\"@type\":\"EntryPoint\",\"urlTemplate\":\"https:\/\/www.csj-emballages.com\/pt-pt\/?s={search_term_string}\"},\"query-input\":{\"@type\":\"PropertyValueSpecification\",\"valueRequired\":true,\"valueName\":\"search_term_string\"}}],\"inLanguage\":\"pt-PT\"},{\"@type\":\"Organization\",\"@id\":\"https:\/\/www.csj-emballages.com\/pt-pt\/#Organization\/\",\"name\":\"CSJ Emballages\",\"url\":\"https:\/\/www.csj-emballages.com\/pt-pt\/\",\"logo\":{\"@type\":\"ImageObject\",\"inLanguage\":\"pt-PT\",\"@id\":\"https:\/\/www.csj-emballages.com\/pt-pt\/#\/schema\/logo\/image\/\",\"url\":\"https:\/\/www.csj-emballages.com\/wp-content\/uploads\/2023\/10\/logo_csj.webp\",\"contentUrl\":\"https:\/\/www.csj-emballages.com\/wp-content\/uploads\/2023\/10\/logo_csj.webp\",\"width\":250,\"height\":95,\"caption\":\"CSJ Emballages\"},\"image\":{\"@id\":\"https:\/\/www.csj-emballages.com\/pt-pt\/#\/schema\/logo\/image\/\"},\"sameAs\":[\"https:\/\/www.facebook.com\/csjemballages\"],\"address\":{\"@type\":\"PostalAddress\",\"streetAddress\":\"ZI La Lechere\",\"addressLocality\":\"Patornay\",\"postalCode\":\"39130\",\"addressCountry\":\"FR\"},\"contactPoint\":[{\"@type\":\"ContactPoint\",\"contactType\":\"Service client\",\"telephone\":\"0384254272\",\"email\":\"contact@csj-emballages.com\"}]}]}<\/script>\n<!-- \/ Yoast SEO Premium plugin. -->","yoast_head_json":{"title":"Desengordurante Desinfetante Utiliza\u00e7\u00e3o manual ou central de higiene","description":"Desinfetante desengordurante em latas de 5 litros para utiliza\u00e7\u00e3o manual ou em unidades centrais de higiene. Limpa, desengordura e desinfecta eficazmente todas as superf\u00edcies.","robots":{"index":"index","follow":"follow","max-snippet":"max-snippet:-1","max-image-preview":"max-image-preview:large","max-video-preview":"max-video-preview:-1"},"canonical":"https:\/\/www.csj-emballages.com\/pt-pt\/produit\/desinfetante-desengordurante-para-uso-manual-ou-num-centro-de-higiene-lata-de-5-l\/","og_locale":"pt_PT","og_type":"article","og_title":"Desinfetante desengordurante para uso manual ou num centro de higiene Lata de 5 L","og_description":"Desinfetante desengordurante em latas de 5 litros para utiliza\u00e7\u00e3o manual ou em unidades centrais de higiene. Limpa, desengordura e desinfecta eficazmente todas as superf\u00edcies.","og_url":"https:\/\/www.csj-emballages.com\/pt-pt\/produit\/desinfetante-desengordurante-para-uso-manual-ou-num-centro-de-higiene-lata-de-5-l\/","og_site_name":"CSJ Emballages","article_publisher":"https:\/\/www.facebook.com\/csjemballages","article_modified_time":"2026-04-30T13:00:24+00:00","og_image":[{"width":800,"height":800,"url":"https:\/\/www.csj-emballages.com\/wp-content\/uploads\/2024\/03\/04345.webp","type":"image\/webp"}],"twitter_card":"summary_large_image","twitter_misc":{"Tempo estimado de leitura":"1 minuto"},"schema":{"@context":"https:\/\/schema.org","@graph":[{"@type":"WebPage","@id":"https:\/\/www.csj-emballages.com\/pt-pt\/produit\/desinfetante-desengordurante-para-uso-manual-ou-num-centro-de-higiene-lata-de-5-l\/","url":"https:\/\/www.csj-emballages.com\/pt-pt\/produit\/desinfetante-desengordurante-para-uso-manual-ou-num-centro-de-higiene-lata-de-5-l\/","name":"Desengordurante Desinfetante Utiliza\u00e7\u00e3o manual ou central de higiene","isPartOf":{"@id":"https:\/\/www.csj-emballages.com\/pt-pt\/#website"},"primaryImageOfPage":{"@id":"https:\/\/www.csj-emballages.com\/pt-pt\/produit\/desinfetante-desengordurante-para-uso-manual-ou-num-centro-de-higiene-lata-de-5-l\/#primaryimage"},"image":{"@id":"https:\/\/www.csj-emballages.com\/pt-pt\/produit\/desinfetante-desengordurante-para-uso-manual-ou-num-centro-de-higiene-lata-de-5-l\/#primaryimage"},"thumbnailUrl":"https:\/\/www.csj-emballages.com\/wp-content\/uploads\/2024\/03\/04345.webp","datePublished":"2024-03-01T16:00:15+00:00","dateModified":"2026-04-30T13:00:24+00:00","description":"Desinfetante desengordurante em latas de 5 litros para utiliza\u00e7\u00e3o manual ou em unidades centrais de higiene. Limpa, desengordura e desinfecta eficazmente todas as superf\u00edcies.","breadcrumb":{"@id":"https:\/\/www.csj-emballages.com\/pt-pt\/produit\/desinfetante-desengordurante-para-uso-manual-ou-num-centro-de-higiene-lata-de-5-l\/#breadcrumb"},"inLanguage":"pt-PT","potentialAction":[{"@type":"ReadAction","target":["https:\/\/www.csj-emballages.com\/pt-pt\/produit\/desinfetante-desengordurante-para-uso-manual-ou-num-centro-de-higiene-lata-de-5-l\/"]}]},{"@type":"ImageObject","inLanguage":"pt-PT","@id":"https:\/\/www.csj-emballages.com\/pt-pt\/produit\/desinfetante-desengordurante-para-uso-manual-ou-num-centro-de-higiene-lata-de-5-l\/#primaryimage","url":"https:\/\/www.csj-emballages.com\/wp-content\/uploads\/2024\/03\/04345.webp","contentUrl":"https:\/\/www.csj-emballages.com\/wp-content\/uploads\/2024\/03\/04345.webp","width":800,"height":800,"caption":"D\u00e9graissant d\u00e9sinfectant"},{"@type":"BreadcrumbList","@id":"https:\/\/www.csj-emballages.com\/pt-pt\/produit\/desinfetante-desengordurante-para-uso-manual-ou-num-centro-de-higiene-lata-de-5-l\/#breadcrumb","itemListElement":[{"@type":"ListItem","position":1,"name":"Acolhimento","item":"https:\/\/www.csj-emballages.com\/pt-pt\/universo-das-embalagens-alimentares\/"},{"@type":"ListItem","position":2,"name":"Shop","item":"https:\/\/www.csj-emballages.com\/shop\/"},{"@type":"ListItem","position":3,"name":"Desinfetante desengordurante para uso manual ou num centro de higiene Lata de 5 L"}]},{"@type":"WebSite","@id":"https:\/\/www.csj-emballages.com\/pt-pt\/#website","url":"https:\/\/www.csj-emballages.com\/pt-pt\/","name":"CSJ Emballages","description":"","publisher":{"@id":"https:\/\/www.csj-emballages.com\/pt-pt\/#organization"},"potentialAction":[{"@type":"SearchAction","target":{"@type":"EntryPoint","urlTemplate":"https:\/\/www.csj-emballages.com\/pt-pt\/?s={search_term_string}"},"query-input":{"@type":"PropertyValueSpecification","valueRequired":true,"valueName":"search_term_string"}}],"inLanguage":"pt-PT"},{"@type":"Organization","@id":"https:\/\/www.csj-emballages.com\/pt-pt\/#Organization\/","name":"CSJ Emballages","url":"https:\/\/www.csj-emballages.com\/pt-pt\/","logo":{"@type":"ImageObject","inLanguage":"pt-PT","@id":"https:\/\/www.csj-emballages.com\/pt-pt\/#\/schema\/logo\/image\/","url":"https:\/\/www.csj-emballages.com\/wp-content\/uploads\/2023\/10\/logo_csj.webp","contentUrl":"https:\/\/www.csj-emballages.com\/wp-content\/uploads\/2023\/10\/logo_csj.webp","width":250,"height":95,"caption":"CSJ Emballages"},"image":{"@id":"https:\/\/www.csj-emballages.com\/pt-pt\/#\/schema\/logo\/image\/"},"sameAs":["https:\/\/www.facebook.com\/csjemballages"],"address":{"@type":"PostalAddress","streetAddress":"ZI La Lechere","addressLocality":"Patornay","postalCode":"39130","addressCountry":"FR"},"contactPoint":[{"@type":"ContactPoint","contactType":"Service client","telephone":"0384254272","email":"contact@csj-emballages.com"}]}]}},"df_price":20.93,"df_sale_price":"","df_regular_price":20.93,"df_image_link":"https:\/\/www.csj-emballages.com\/wp-content\/uploads\/2024\/03\/04345-300x300.webp","tiered_pricing_type":"fixed","tiered_pricing_fixed_rules":[],"tiered_pricing_percentage_rules":[],"tiered_pricing_minimum":1,"tiered_pricing_roles_data":[],"_links":{"self":[{"href":"https:\/\/www.csj-emballages.com\/pt-pt\/wp-json\/wp\/v2\/product\/17309","targetHints":{"allow":["GET"]}}],"collection":[{"href":"https:\/\/www.csj-emballages.com\/pt-pt\/wp-json\/wp\/v2\/product"}],"about":[{"href":"https:\/\/www.csj-emballages.com\/pt-pt\/wp-json\/wp\/v2\/types\/product"}],"wp:featuredmedia":[{"embeddable":true,"href":"https:\/\/www.csj-emballages.com\/pt-pt\/wp-json\/wp\/v2\/media\/233170"}],"wp:attachment":[{"href":"https:\/\/www.csj-emballages.com\/pt-pt\/wp-json\/wp\/v2\/media?parent=17309"}],"wp:term":[{"taxonomy":"product_brand","embeddable":true,"href":"https:\/\/www.csj-emballages.com\/pt-pt\/wp-json\/wp\/v2\/product_brand?post=17309"},{"taxonomy":"product_cat","embeddable":true,"href":"https:\/\/www.csj-emballages.com\/pt-pt\/wp-json\/wp\/v2\/product_cat?post=17309"},{"taxonomy":"product_tag","embeddable":true,"href":"https:\/\/www.csj-emballages.com\/pt-pt\/wp-json\/wp\/v2\/product_tag?post=17309"}],"curies":[{"name":"wp","href":"https:\/\/api.w.org\/{rel}","templated":true}]}}