{"id":17306,"date":"2024-03-01T17:00:16","date_gmt":"2024-03-01T16:00:16","guid":{"rendered":"https:\/\/u15jnbdpoq.preview.infomaniak.website\/produit\/force-plus-liquido-de-limpeza-de-fornos-e-fritadeiras-5l-orlav\/"},"modified":"2026-04-30T17:00:23","modified_gmt":"2026-04-30T15:00:23","slug":"force-plus-liquido-de-limpeza-de-fornos-e-fritadeiras-5l-orlav","status":"publish","type":"product","link":"https:\/\/www.csj-emballages.com\/pt-pt\/produit\/force-plus-liquido-de-limpeza-de-fornos-e-fritadeiras-5l-orlav\/","title":{"rendered":"Force Plus l\u00edquido de limpeza de fornos e fritadeiras 5L"},"content":{"rendered":"<h2>Decapante para forno<\/h2>\n<hr>\n<h3>Descri\u00e7\u00e3o do nosso produto de limpeza l\u00edquido para fornos e fritadeiras Force Plus 5L<\/h3>\n<p><!--more--><\/p>\n<p data-start=\"110\" data-end=\"563\">O produto de limpeza <strong data-start=\"152\" data-end=\"181\">para fornos e fritadeiras<\/strong> \u00e9 um poderoso produto de limpeza profissional, especialmente concebido para a manuten\u00e7\u00e3o intensiva de <strong data-start=\"272\" data-end=\"308\">fornos, fritadeiras, grelhadores, exaustores<\/strong> e outras superf\u00edcies muito sujas com gorduras cozinhadas ou carbonizadas. Dispon\u00edvel num formato econ\u00f3mico <strong data-start=\"413\" data-end=\"425\">de 5 litros<\/strong>, este produto foi concebido para profissionais da ind\u00fastria da restaura\u00e7\u00e3o, bem como para autoridades locais e comerciantes exigentes. <\/p>\n<p data-start=\"565\" data-end=\"974\">Gra\u00e7as \u00e0 sua f\u00f3rmula ultra-concentrada, este produto <strong>de limpeza para fornos e fritadeiras<\/strong> ataca eficazmente a gordura queimada e os res\u00edduos mais dif\u00edceis, sem necessidade de esfregar intensamente. Actua rapidamente e poupa tempo precioso na limpeza no final do servi\u00e7o, onde o desempenho \u00e9 essencial. Este produto foi concebido para ser utilizado em superf\u00edcies quentes ou mornas (n\u00e3o ardentes), para uma a\u00e7\u00e3o \u00f3ptima.  <\/p>\n<p data-start=\"976\" data-end=\"1289\">Pode utilizar um pulverizador resistente aos \u00e1lcalis ou uma esponja, mas recomendamos vivamente que utilize equipamento de prote\u00e7\u00e3o (luvas, \u00f3culos de prote\u00e7\u00e3o) durante a aplica\u00e7\u00e3o. Ap\u00f3s alguns minutos, a gordura desaparece, deixando as superf\u00edcies limpas e prontas a utilizar. <\/p>\n<p data-start=\"1291\" data-end=\"1496\">Ao escolher a <strong>decapante Force Plus<\/strong>, est\u00e1 a optar por uma efici\u00eancia profissional, a fiabilidade de uma marca reconhecida e uma \u00f3ptima rela\u00e7\u00e3o qualidade\/pre\u00e7o para manter as suas cozinhas impec\u00e1veis.<\/p>\n<p><!--more--><\/p>\n<h4>Vantagens:<\/h4>\n<ul>\n<li>F\u00f3rmula ultra-poderosa para combater as gorduras cozinhadas e carbonizadas.<\/li>\n<li>Formato econ\u00f3mico de 5L para utiliza\u00e7\u00e3o regular.<\/li>\n<li>Ideal para fornos, fritadeiras, grelhadores e exaustores.<\/li>\n<li>Poupan\u00e7a significativa de tempo na limpeza.<\/li>\n<li>Eficaz mesmo em superf\u00edcies quentes.<\/li>\n<li>Simples e eficaz de utilizar.<\/li>\n<\/ul>\n<p>&nbsp;<\/p>\n<p><!--more--><\/p>\n<h4>Instru\u00e7\u00f5es de utiliza\u00e7\u00e3o :<\/h4>\n<ul>\n<li>Pulverizar o produto n\u00e3o dilu\u00eddo.<\/li>\n<li>Deixar atuar durante 10 a 30 minutos, dependendo das manchas.<\/li>\n<li>Enxaguar com \u00e1gua.<\/li>\n<li>Tamb\u00e9m pode ser utilizado como um banho, dilu\u00eddo de 2 a 5%.<\/li>\n<\/ul>\n<p>&nbsp;<\/p>\n<p><!--more--><\/p>\n<h4>Outras informa\u00e7\u00f5es :<\/h4>\n<ul>\n<li><strong>Embalagem<\/strong>: Por unidade<\/li>\n<li><strong>Cor<\/strong>: Incolor<\/li>\n<li><strong>Volume<\/strong>: 5 litros<\/li>\n<li><strong>Utiliza\u00e7\u00e3o<\/strong>: Decapante Force Plus<\/li>\n<li><strong>pH <\/strong>: &lt;2<\/li>\n<\/ul>\n<p>&nbsp;<\/p>\n<p><!--more--><\/p>\n<p>Clique aqui para obter o nosso desengordurante de 6 kg para grelhadores e planchas: <span style=\"color: #d12727;\"><a style=\"color: #d12727;\" href=\"https:\/\/www.csj-emballages.com\/pt-pt\/produit\/desengordurante-para-placas-de-grelhar-6-kg\/\">02555<\/a><\/span><\/p>\n<p>&nbsp;<\/p>\n<p><!--more--><\/p>\n<p><a href=\"https:\/\/www.csj-emballages.com\/pt-pt\/categorie-produit\/higiene-e-manutencao\/produtos-de-limpeza\/cozinha\/\">V\u00ea o resto da nossa gama de produtos de cozinha<\/a><\/p>\n","protected":false},"excerpt":{"rendered":"<p>Decapante para forno Descri\u00e7\u00e3o do nosso produto de limpeza l\u00edquido para fornos e fritadeiras Force Plus 5L<\/p>\n","protected":false},"featured_media":255342,"template":"","meta":{"_acf_changed":false},"product_brand":[],"product_cat":[1222,1223,1348],"product_tag":[],"class_list":{"0":"post-17306","1":"product","2":"type-product","3":"status-publish","4":"has-post-thumbnail","6":"product_cat-higiene-e-manutencao","7":"product_cat-produtos-de-limpeza","8":"product_cat-cozinha","9":"product_shipping_class-nao-e-permitido-em-reles","11":"first","12":"instock","13":"taxable","14":"shipping-taxable","15":"purchasable","16":"product-type-simple"},"acf":[],"yoast_head":"<!-- This site is optimized with the Yoast SEO Premium plugin v26.6 (Yoast SEO v26.6) - https:\/\/yoast.com\/wordpress\/plugins\/seo\/ -->\n<title>Force Plus Decapante l\u00edquido para fornos e fritadeiras 5L<\/title>\n<meta name=\"description\" content=\"Produto de limpeza profissional para fornos e fritadeiras de 5L. Ultra-eficaz contra a gordura queimada. Ideal para cozinhas profissionais\" \/>\n<meta name=\"robots\" content=\"index, follow, max-snippet:-1, max-image-preview:large, max-video-preview:-1\" \/>\n<link rel=\"canonical\" href=\"https:\/\/www.csj-emballages.com\/pt-pt\/produit\/force-plus-liquido-de-limpeza-de-fornos-e-fritadeiras-5l-orlav\/\" \/>\n<meta property=\"og:locale\" content=\"pt_PT\" \/>\n<meta property=\"og:type\" content=\"article\" \/>\n<meta property=\"og:title\" content=\"Force Plus l\u00edquido de limpeza de fornos e fritadeiras 5L\" \/>\n<meta property=\"og:description\" content=\"Produto de limpeza profissional para fornos e fritadeiras de 5L. Ultra-eficaz contra a gordura queimada. Ideal para cozinhas profissionais\" \/>\n<meta property=\"og:url\" content=\"https:\/\/www.csj-emballages.com\/pt-pt\/produit\/force-plus-liquido-de-limpeza-de-fornos-e-fritadeiras-5l-orlav\/\" \/>\n<meta property=\"og:site_name\" content=\"CSJ Emballages\" \/>\n<meta property=\"article:publisher\" content=\"https:\/\/www.facebook.com\/csjemballages\" \/>\n<meta property=\"article:modified_time\" content=\"2026-04-30T15:00:23+00:00\" \/>\n<meta property=\"og:image\" content=\"https:\/\/www.csj-emballages.com\/wp-content\/uploads\/2024\/03\/04165.webp\" \/>\n\t<meta property=\"og:image:width\" content=\"800\" \/>\n\t<meta property=\"og:image:height\" content=\"800\" \/>\n\t<meta property=\"og:image:type\" content=\"image\/webp\" \/>\n<meta name=\"twitter:card\" content=\"summary_large_image\" \/>\n<meta name=\"twitter:label1\" content=\"Tempo estimado de leitura\" \/>\n\t<meta name=\"twitter:data1\" content=\"2 minutos\" \/>\n<script type=\"application\/ld+json\" class=\"yoast-schema-graph\">{\"@context\":\"https:\/\/schema.org\",\"@graph\":[{\"@type\":\"WebPage\",\"@id\":\"https:\/\/www.csj-emballages.com\/pt-pt\/produit\/force-plus-liquido-de-limpeza-de-fornos-e-fritadeiras-5l-orlav\/\",\"url\":\"https:\/\/www.csj-emballages.com\/pt-pt\/produit\/force-plus-liquido-de-limpeza-de-fornos-e-fritadeiras-5l-orlav\/\",\"name\":\"Force Plus Decapante l\u00edquido para fornos e fritadeiras 5L\",\"isPartOf\":{\"@id\":\"https:\/\/www.csj-emballages.com\/pt-pt\/#website\"},\"primaryImageOfPage\":{\"@id\":\"https:\/\/www.csj-emballages.com\/pt-pt\/produit\/force-plus-liquido-de-limpeza-de-fornos-e-fritadeiras-5l-orlav\/#primaryimage\"},\"image\":{\"@id\":\"https:\/\/www.csj-emballages.com\/pt-pt\/produit\/force-plus-liquido-de-limpeza-de-fornos-e-fritadeiras-5l-orlav\/#primaryimage\"},\"thumbnailUrl\":\"https:\/\/www.csj-emballages.com\/wp-content\/uploads\/2024\/03\/04165.webp\",\"datePublished\":\"2024-03-01T16:00:16+00:00\",\"dateModified\":\"2026-04-30T15:00:23+00:00\",\"description\":\"Produto de limpeza profissional para fornos e fritadeiras de 5L. Ultra-eficaz contra a gordura queimada. Ideal para cozinhas profissionais\",\"breadcrumb\":{\"@id\":\"https:\/\/www.csj-emballages.com\/pt-pt\/produit\/force-plus-liquido-de-limpeza-de-fornos-e-fritadeiras-5l-orlav\/#breadcrumb\"},\"inLanguage\":\"pt-PT\",\"potentialAction\":[{\"@type\":\"ReadAction\",\"target\":[\"https:\/\/www.csj-emballages.com\/pt-pt\/produit\/force-plus-liquido-de-limpeza-de-fornos-e-fritadeiras-5l-orlav\/\"]}]},{\"@type\":\"ImageObject\",\"inLanguage\":\"pt-PT\",\"@id\":\"https:\/\/www.csj-emballages.com\/pt-pt\/produit\/force-plus-liquido-de-limpeza-de-fornos-e-fritadeiras-5l-orlav\/#primaryimage\",\"url\":\"https:\/\/www.csj-emballages.com\/wp-content\/uploads\/2024\/03\/04165.webp\",\"contentUrl\":\"https:\/\/www.csj-emballages.com\/wp-content\/uploads\/2024\/03\/04165.webp\",\"width\":800,\"height\":800,\"caption\":\"D\u00e9capant Force Plus\"},{\"@type\":\"BreadcrumbList\",\"@id\":\"https:\/\/www.csj-emballages.com\/pt-pt\/produit\/force-plus-liquido-de-limpeza-de-fornos-e-fritadeiras-5l-orlav\/#breadcrumb\",\"itemListElement\":[{\"@type\":\"ListItem\",\"position\":1,\"name\":\"Acolhimento\",\"item\":\"https:\/\/www.csj-emballages.com\/pt-pt\/universo-das-embalagens-alimentares\/\"},{\"@type\":\"ListItem\",\"position\":2,\"name\":\"Shop\",\"item\":\"https:\/\/www.csj-emballages.com\/shop\/\"},{\"@type\":\"ListItem\",\"position\":3,\"name\":\"Force Plus l\u00edquido de limpeza de fornos e fritadeiras 5L\"}]},{\"@type\":\"WebSite\",\"@id\":\"https:\/\/www.csj-emballages.com\/pt-pt\/#website\",\"url\":\"https:\/\/www.csj-emballages.com\/pt-pt\/\",\"name\":\"CSJ Emballages\",\"description\":\"\",\"publisher\":{\"@id\":\"https:\/\/www.csj-emballages.com\/pt-pt\/#organization\"},\"potentialAction\":[{\"@type\":\"SearchAction\",\"target\":{\"@type\":\"EntryPoint\",\"urlTemplate\":\"https:\/\/www.csj-emballages.com\/pt-pt\/?s={search_term_string}\"},\"query-input\":{\"@type\":\"PropertyValueSpecification\",\"valueRequired\":true,\"valueName\":\"search_term_string\"}}],\"inLanguage\":\"pt-PT\"},{\"@type\":\"Organization\",\"@id\":\"https:\/\/www.csj-emballages.com\/pt-pt\/#Organization\/\",\"name\":\"CSJ Emballages\",\"url\":\"https:\/\/www.csj-emballages.com\/pt-pt\/\",\"logo\":{\"@type\":\"ImageObject\",\"inLanguage\":\"pt-PT\",\"@id\":\"https:\/\/www.csj-emballages.com\/pt-pt\/#\/schema\/logo\/image\/\",\"url\":\"https:\/\/www.csj-emballages.com\/wp-content\/uploads\/2023\/10\/logo_csj.webp\",\"contentUrl\":\"https:\/\/www.csj-emballages.com\/wp-content\/uploads\/2023\/10\/logo_csj.webp\",\"width\":250,\"height\":95,\"caption\":\"CSJ Emballages\"},\"image\":{\"@id\":\"https:\/\/www.csj-emballages.com\/pt-pt\/#\/schema\/logo\/image\/\"},\"sameAs\":[\"https:\/\/www.facebook.com\/csjemballages\"],\"address\":{\"@type\":\"PostalAddress\",\"streetAddress\":\"ZI La Lechere\",\"addressLocality\":\"Patornay\",\"postalCode\":\"39130\",\"addressCountry\":\"FR\"},\"contactPoint\":[{\"@type\":\"ContactPoint\",\"contactType\":\"Service client\",\"telephone\":\"0384254272\",\"email\":\"contact@csj-emballages.com\"}]}]}<\/script>\n<!-- \/ Yoast SEO Premium plugin. -->","yoast_head_json":{"title":"Force Plus Decapante l\u00edquido para fornos e fritadeiras 5L","description":"Produto de limpeza profissional para fornos e fritadeiras de 5L. Ultra-eficaz contra a gordura queimada. Ideal para cozinhas profissionais","robots":{"index":"index","follow":"follow","max-snippet":"max-snippet:-1","max-image-preview":"max-image-preview:large","max-video-preview":"max-video-preview:-1"},"canonical":"https:\/\/www.csj-emballages.com\/pt-pt\/produit\/force-plus-liquido-de-limpeza-de-fornos-e-fritadeiras-5l-orlav\/","og_locale":"pt_PT","og_type":"article","og_title":"Force Plus l\u00edquido de limpeza de fornos e fritadeiras 5L","og_description":"Produto de limpeza profissional para fornos e fritadeiras de 5L. Ultra-eficaz contra a gordura queimada. Ideal para cozinhas profissionais","og_url":"https:\/\/www.csj-emballages.com\/pt-pt\/produit\/force-plus-liquido-de-limpeza-de-fornos-e-fritadeiras-5l-orlav\/","og_site_name":"CSJ Emballages","article_publisher":"https:\/\/www.facebook.com\/csjemballages","article_modified_time":"2026-04-30T15:00:23+00:00","og_image":[{"width":800,"height":800,"url":"https:\/\/www.csj-emballages.com\/wp-content\/uploads\/2024\/03\/04165.webp","type":"image\/webp"}],"twitter_card":"summary_large_image","twitter_misc":{"Tempo estimado de leitura":"2 minutos"},"schema":{"@context":"https:\/\/schema.org","@graph":[{"@type":"WebPage","@id":"https:\/\/www.csj-emballages.com\/pt-pt\/produit\/force-plus-liquido-de-limpeza-de-fornos-e-fritadeiras-5l-orlav\/","url":"https:\/\/www.csj-emballages.com\/pt-pt\/produit\/force-plus-liquido-de-limpeza-de-fornos-e-fritadeiras-5l-orlav\/","name":"Force Plus Decapante l\u00edquido para fornos e fritadeiras 5L","isPartOf":{"@id":"https:\/\/www.csj-emballages.com\/pt-pt\/#website"},"primaryImageOfPage":{"@id":"https:\/\/www.csj-emballages.com\/pt-pt\/produit\/force-plus-liquido-de-limpeza-de-fornos-e-fritadeiras-5l-orlav\/#primaryimage"},"image":{"@id":"https:\/\/www.csj-emballages.com\/pt-pt\/produit\/force-plus-liquido-de-limpeza-de-fornos-e-fritadeiras-5l-orlav\/#primaryimage"},"thumbnailUrl":"https:\/\/www.csj-emballages.com\/wp-content\/uploads\/2024\/03\/04165.webp","datePublished":"2024-03-01T16:00:16+00:00","dateModified":"2026-04-30T15:00:23+00:00","description":"Produto de limpeza profissional para fornos e fritadeiras de 5L. Ultra-eficaz contra a gordura queimada. Ideal para cozinhas profissionais","breadcrumb":{"@id":"https:\/\/www.csj-emballages.com\/pt-pt\/produit\/force-plus-liquido-de-limpeza-de-fornos-e-fritadeiras-5l-orlav\/#breadcrumb"},"inLanguage":"pt-PT","potentialAction":[{"@type":"ReadAction","target":["https:\/\/www.csj-emballages.com\/pt-pt\/produit\/force-plus-liquido-de-limpeza-de-fornos-e-fritadeiras-5l-orlav\/"]}]},{"@type":"ImageObject","inLanguage":"pt-PT","@id":"https:\/\/www.csj-emballages.com\/pt-pt\/produit\/force-plus-liquido-de-limpeza-de-fornos-e-fritadeiras-5l-orlav\/#primaryimage","url":"https:\/\/www.csj-emballages.com\/wp-content\/uploads\/2024\/03\/04165.webp","contentUrl":"https:\/\/www.csj-emballages.com\/wp-content\/uploads\/2024\/03\/04165.webp","width":800,"height":800,"caption":"D\u00e9capant Force Plus"},{"@type":"BreadcrumbList","@id":"https:\/\/www.csj-emballages.com\/pt-pt\/produit\/force-plus-liquido-de-limpeza-de-fornos-e-fritadeiras-5l-orlav\/#breadcrumb","itemListElement":[{"@type":"ListItem","position":1,"name":"Acolhimento","item":"https:\/\/www.csj-emballages.com\/pt-pt\/universo-das-embalagens-alimentares\/"},{"@type":"ListItem","position":2,"name":"Shop","item":"https:\/\/www.csj-emballages.com\/shop\/"},{"@type":"ListItem","position":3,"name":"Force Plus l\u00edquido de limpeza de fornos e fritadeiras 5L"}]},{"@type":"WebSite","@id":"https:\/\/www.csj-emballages.com\/pt-pt\/#website","url":"https:\/\/www.csj-emballages.com\/pt-pt\/","name":"CSJ Emballages","description":"","publisher":{"@id":"https:\/\/www.csj-emballages.com\/pt-pt\/#organization"},"potentialAction":[{"@type":"SearchAction","target":{"@type":"EntryPoint","urlTemplate":"https:\/\/www.csj-emballages.com\/pt-pt\/?s={search_term_string}"},"query-input":{"@type":"PropertyValueSpecification","valueRequired":true,"valueName":"search_term_string"}}],"inLanguage":"pt-PT"},{"@type":"Organization","@id":"https:\/\/www.csj-emballages.com\/pt-pt\/#Organization\/","name":"CSJ Emballages","url":"https:\/\/www.csj-emballages.com\/pt-pt\/","logo":{"@type":"ImageObject","inLanguage":"pt-PT","@id":"https:\/\/www.csj-emballages.com\/pt-pt\/#\/schema\/logo\/image\/","url":"https:\/\/www.csj-emballages.com\/wp-content\/uploads\/2023\/10\/logo_csj.webp","contentUrl":"https:\/\/www.csj-emballages.com\/wp-content\/uploads\/2023\/10\/logo_csj.webp","width":250,"height":95,"caption":"CSJ Emballages"},"image":{"@id":"https:\/\/www.csj-emballages.com\/pt-pt\/#\/schema\/logo\/image\/"},"sameAs":["https:\/\/www.facebook.com\/csjemballages"],"address":{"@type":"PostalAddress","streetAddress":"ZI La Lechere","addressLocality":"Patornay","postalCode":"39130","addressCountry":"FR"},"contactPoint":[{"@type":"ContactPoint","contactType":"Service client","telephone":"0384254272","email":"contact@csj-emballages.com"}]}]}},"df_price":21.34,"df_sale_price":"","df_regular_price":21.34,"df_image_link":"https:\/\/www.csj-emballages.com\/wp-content\/uploads\/2024\/03\/04165-300x300.webp","tiered_pricing_type":"fixed","tiered_pricing_fixed_rules":[],"tiered_pricing_percentage_rules":[],"tiered_pricing_minimum":1,"tiered_pricing_roles_data":[],"_links":{"self":[{"href":"https:\/\/www.csj-emballages.com\/pt-pt\/wp-json\/wp\/v2\/product\/17306","targetHints":{"allow":["GET"]}}],"collection":[{"href":"https:\/\/www.csj-emballages.com\/pt-pt\/wp-json\/wp\/v2\/product"}],"about":[{"href":"https:\/\/www.csj-emballages.com\/pt-pt\/wp-json\/wp\/v2\/types\/product"}],"wp:featuredmedia":[{"embeddable":true,"href":"https:\/\/www.csj-emballages.com\/pt-pt\/wp-json\/wp\/v2\/media\/255342"}],"wp:attachment":[{"href":"https:\/\/www.csj-emballages.com\/pt-pt\/wp-json\/wp\/v2\/media?parent=17306"}],"wp:term":[{"taxonomy":"product_brand","embeddable":true,"href":"https:\/\/www.csj-emballages.com\/pt-pt\/wp-json\/wp\/v2\/product_brand?post=17306"},{"taxonomy":"product_cat","embeddable":true,"href":"https:\/\/www.csj-emballages.com\/pt-pt\/wp-json\/wp\/v2\/product_cat?post=17306"},{"taxonomy":"product_tag","embeddable":true,"href":"https:\/\/www.csj-emballages.com\/pt-pt\/wp-json\/wp\/v2\/product_tag?post=17306"}],"curies":[{"name":"wp","href":"https:\/\/api.w.org\/{rel}","templated":true}]}}