{"id":17305,"date":"2024-03-01T17:00:16","date_gmt":"2024-03-01T16:00:16","guid":{"rendered":"https:\/\/u15jnbdpoq.preview.infomaniak.website\/produit\/dispensador-de-sabao-branco-pressurizado-tifon-1-litro\/"},"modified":"2026-04-15T02:10:17","modified_gmt":"2026-04-15T00:10:17","slug":"dispensador-de-sabao-branco-pressurizado-tifon-1-litro","status":"publish","type":"product","link":"https:\/\/www.csj-emballages.com\/pt-pt\/produit\/dispensador-de-sabao-branco-pressurizado-tifon-1-litro\/","title":{"rendered":"Distribuidor de sab\u00e3o em cartucho de 1 litro TIFON press\u00e3o branca"},"content":{"rendered":"<h2>Distribuidor de sab\u00e3o<\/h2>\n<hr>\n<h3>Descri\u00e7\u00e3o do nosso dispensador de sab\u00e3o de 1 litro TIFON branco de press\u00e3o<!--more--><\/h3>\n<div class=\"flex max-w-full flex-col flex-grow\">\n<div class=\"min-h-8 text-message flex w-full flex-col items-end gap-2 whitespace-normal break-words text-start [.text-message+&amp;]:mt-5\" dir=\"auto\" data-message-author-role=\"assistant\" data-message-id=\"266ca6f3-5e07-4948-bd20-80ac5e6da4a5\" data-message-model-slug=\"gpt-4o\">\n<div class=\"flex w-full flex-col gap-1 empty:hidden first:pt-[3px]\">\n<div class=\"markdown prose w-full break-words dark:prose-invert dark\">\n<p data-start=\"238\" data-end=\"575\">O <strong>dispensador de sabonete<\/strong> <strong data-start=\"263\" data-end=\"280\">TIFON 1 litro<\/strong> foi concebido para simplificar a higiene no dia a dia, sem sup\u00e9rfluos. O seu <strong>design branco<\/strong>, s\u00f3brio e moderno, integra-se facilmente em todos os ambientes: instala\u00e7\u00f5es sanit\u00e1rias, cozinhas profissionais, escrit\u00f3rios, coletividades ou estabelecimentos de sa\u00fade. Cumpre a sua fun\u00e7\u00e3o, pura e simplesmente, e f\u00e1-lo bem.  <\/p>\n<p data-start=\"577\" data-end=\"937\">Gra\u00e7as ao seu sistema de <strong data-start=\"599\" data-end=\"620\">press\u00e3o manual<\/strong>, a utiliza\u00e7\u00e3o \u00e9 intuitiva e r\u00e1pida. Uma simples press\u00e3o \u00e9 suficiente para fornecer a dose certa de sabonete, o que limita o desperd\u00edcio e mant\u00e9m os espa\u00e7os limpos durante mais tempo. Al\u00e9m disso, o <strong>formato de cartucho de 1 litro<\/strong> permite reduzir a frequ\u00eancia dos reabastecimentos, uma verdadeira poupan\u00e7a de tempo quando as passagens s\u00e3o numerosas.  <\/p>\n<p data-start=\"939\" data-end=\"1280\">A <strong>caixa<\/strong> robusta protege eficazmente o cartucho e resiste a uma utiliza\u00e7\u00e3o intensiva. Mant\u00e9m-se fi\u00e1vel dia ap\u00f3s dia, mesmo em locais com muita aflu\u00eancia. Al\u00e9m disso, a sua janela de controlo integrada permite verificar o n\u00edvel de sabonete num relance, sem ter de o abrir. Pr\u00e1tico, sobretudo para antecipar os reabastecimentos.   <\/p>\n<p data-start=\"1282\" data-end=\"1519\">A instala\u00e7\u00e3o \u00e9 simples e r\u00e1pida, e a manuten\u00e7\u00e3o n\u00e3o exige nenhum esfor\u00e7o especial. Este dispensador \u00e9 perfeito para profissionais que procuram uma solu\u00e7\u00e3o funcional, limpa e duradoura, sem complica\u00e7\u00f5es desnecess\u00e1rias. <\/p>\n<p data-start=\"1521\" data-end=\"1748\">Em resumo, o <strong>dispensador TIFON<\/strong> aposta no essencial: uma utiliza\u00e7\u00e3o fluida, uma capacidade confort\u00e1vel e um design discreto. \u00c9 uma escolha segura para garantir uma higiene eficaz, mantendo os espa\u00e7os limpos e organizados. <\/p>\n<\/div>\n<\/div>\n<p data-start=\"1521\" data-end=\"1748\">\n<div class=\"flex w-full flex-col gap-1 empty:hidden first:pt-[3px]\">\n<p><!--more--><\/p>\n<p><strong>Distribuidor de sab\u00e3o pressurizado,<\/strong> para utiliza\u00e7\u00e3o com produtos de refer\u00eancia <span style=\"color: #d12727;\"><a style=\"color: #d12727;\" href=\"https:\/\/www.csj-emballages.com\/produit\/cartouche-liquide-nettoyant-antibacterien-900-ml-distributeur-03ds080001\/\">03ANTIBAC<\/a><\/span> \/ <span style=\"color: #d12727;\"><a style=\"color: #d12727;\" href=\"https:\/\/www.csj-emballages.com\/produit\/cartouche-savon-900-ml-distributeur-03ds080001\/\">03hairbod<\/a><\/span><\/p>\n<p>Utiliza\u00e7\u00e3o manual at\u00e9 3 ml por compress\u00e3o.<\/p>\n<p data-start=\"238\" data-end=\"575\">\n<\/div>\n<\/div>\n<\/div>\n<p><!--more--><\/p>\n<h4>Outras informa\u00e7\u00f5es :<\/h4>\n<ul>\n<li><strong>Embalagem<\/strong>: Por unidade<\/li>\n<li><strong>Dimens\u00f5es<\/strong>: 11,5 x 11,5 x 26,5 cm (C x L x A)<\/li>\n<li><strong>Material<\/strong>: Pl\u00e1stico<\/li>\n<li><strong>Cor<\/strong>: Branco<\/li>\n<li><strong>Utiliza\u00e7\u00e3o<\/strong>: Pressurizado \/ manual<\/li>\n<li><strong>Capacidade<\/strong>: 1 litro \/ 3 ml por compress\u00e3o<\/li>\n<\/ul>\n<p>&nbsp;<\/p>\n<p><!--more--><\/p>\n<p><a href=\"https:\/\/www.csj-emballages.com\/pt-pt\/categorie-produit\/higiene-e-manutencao\/distribuidores-pt-pt\/\">V\u00ea o resto da nossa gama de distribuidores<\/a><\/p>\n","protected":false},"excerpt":{"rendered":"<p>Distribuidor de sab\u00e3o Descri\u00e7\u00e3o do nosso dispensador de sab\u00e3o de 1 litro TIFON branco de press\u00e3o<\/p>\n","protected":false},"featured_media":221573,"template":"","meta":{"_acf_changed":false},"product_brand":[],"product_cat":[1222,1413],"product_tag":[],"class_list":{"0":"post-17305","1":"product","2":"type-product","3":"status-publish","4":"has-post-thumbnail","6":"product_cat-higiene-e-manutencao","7":"product_cat-distribuidores-pt-pt","9":"first","10":"instock","11":"taxable","12":"shipping-taxable","13":"purchasable","14":"product-type-simple"},"acf":[],"yoast_head":"<!-- This site is optimized with the Yoast SEO Premium plugin v26.6 (Yoast SEO v26.6) - https:\/\/yoast.com\/wordpress\/plugins\/seo\/ -->\n<title>Dispensador de sab\u00e3o de press\u00e3o branco de 1 litro TIFON<\/title>\n<meta name=\"description\" content=\"Descubra o nosso dispensador de sabonete 1 litro TIFON branco press\u00e3o. Com uma capacidade de 1L com 3ml por press\u00e3o manual. Utiliza\u00e7\u00e3o manual.\" \/>\n<meta name=\"robots\" content=\"index, follow, max-snippet:-1, max-image-preview:large, max-video-preview:-1\" \/>\n<link rel=\"canonical\" href=\"https:\/\/www.csj-emballages.com\/pt-pt\/produit\/dispensador-de-sabao-branco-pressurizado-tifon-1-litro\/\" \/>\n<meta property=\"og:locale\" content=\"pt_PT\" \/>\n<meta property=\"og:type\" content=\"article\" \/>\n<meta property=\"og:title\" content=\"Distribuidor de sab\u00e3o em cartucho de 1 litro TIFON press\u00e3o branca\" \/>\n<meta property=\"og:description\" content=\"Descubra o nosso dispensador de sabonete 1 litro TIFON branco press\u00e3o. Com uma capacidade de 1L com 3ml por press\u00e3o manual. Utiliza\u00e7\u00e3o manual.\" \/>\n<meta property=\"og:url\" content=\"https:\/\/www.csj-emballages.com\/pt-pt\/produit\/dispensador-de-sabao-branco-pressurizado-tifon-1-litro\/\" \/>\n<meta property=\"og:site_name\" content=\"CSJ Emballages\" \/>\n<meta property=\"article:publisher\" content=\"https:\/\/www.facebook.com\/csjemballages\" \/>\n<meta property=\"article:modified_time\" content=\"2026-04-15T00:10:17+00:00\" \/>\n<meta property=\"og:image\" content=\"https:\/\/www.csj-emballages.com\/wp-content\/uploads\/2024\/03\/Tifon.webp\" \/>\n\t<meta property=\"og:image:width\" content=\"800\" \/>\n\t<meta property=\"og:image:height\" content=\"800\" \/>\n\t<meta property=\"og:image:type\" content=\"image\/webp\" \/>\n<meta name=\"twitter:card\" content=\"summary_large_image\" \/>\n<meta name=\"twitter:label1\" content=\"Tempo estimado de leitura\" \/>\n\t<meta name=\"twitter:data1\" content=\"2 minutos\" \/>\n<script type=\"application\/ld+json\" class=\"yoast-schema-graph\">{\"@context\":\"https:\/\/schema.org\",\"@graph\":[{\"@type\":\"WebPage\",\"@id\":\"https:\/\/www.csj-emballages.com\/pt-pt\/produit\/dispensador-de-sabao-branco-pressurizado-tifon-1-litro\/\",\"url\":\"https:\/\/www.csj-emballages.com\/pt-pt\/produit\/dispensador-de-sabao-branco-pressurizado-tifon-1-litro\/\",\"name\":\"Dispensador de sab\u00e3o de press\u00e3o branco de 1 litro TIFON\",\"isPartOf\":{\"@id\":\"https:\/\/www.csj-emballages.com\/pt-pt\/#website\"},\"primaryImageOfPage\":{\"@id\":\"https:\/\/www.csj-emballages.com\/pt-pt\/produit\/dispensador-de-sabao-branco-pressurizado-tifon-1-litro\/#primaryimage\"},\"image\":{\"@id\":\"https:\/\/www.csj-emballages.com\/pt-pt\/produit\/dispensador-de-sabao-branco-pressurizado-tifon-1-litro\/#primaryimage\"},\"thumbnailUrl\":\"https:\/\/www.csj-emballages.com\/wp-content\/uploads\/2024\/03\/Tifon.webp\",\"datePublished\":\"2024-03-01T16:00:16+00:00\",\"dateModified\":\"2026-04-15T00:10:17+00:00\",\"description\":\"Descubra o nosso dispensador de sabonete 1 litro TIFON branco press\u00e3o. Com uma capacidade de 1L com 3ml por press\u00e3o manual. Utiliza\u00e7\u00e3o manual.\",\"breadcrumb\":{\"@id\":\"https:\/\/www.csj-emballages.com\/pt-pt\/produit\/dispensador-de-sabao-branco-pressurizado-tifon-1-litro\/#breadcrumb\"},\"inLanguage\":\"pt-PT\",\"potentialAction\":[{\"@type\":\"ReadAction\",\"target\":[\"https:\/\/www.csj-emballages.com\/pt-pt\/produit\/dispensador-de-sabao-branco-pressurizado-tifon-1-litro\/\"]}]},{\"@type\":\"ImageObject\",\"inLanguage\":\"pt-PT\",\"@id\":\"https:\/\/www.csj-emballages.com\/pt-pt\/produit\/dispensador-de-sabao-branco-pressurizado-tifon-1-litro\/#primaryimage\",\"url\":\"https:\/\/www.csj-emballages.com\/wp-content\/uploads\/2024\/03\/Tifon.webp\",\"contentUrl\":\"https:\/\/www.csj-emballages.com\/wp-content\/uploads\/2024\/03\/Tifon.webp\",\"width\":800,\"height\":800,\"caption\":\"Distributeur savon\"},{\"@type\":\"BreadcrumbList\",\"@id\":\"https:\/\/www.csj-emballages.com\/pt-pt\/produit\/dispensador-de-sabao-branco-pressurizado-tifon-1-litro\/#breadcrumb\",\"itemListElement\":[{\"@type\":\"ListItem\",\"position\":1,\"name\":\"Acolhimento\",\"item\":\"https:\/\/www.csj-emballages.com\/pt-pt\/universo-das-embalagens-alimentares\/\"},{\"@type\":\"ListItem\",\"position\":2,\"name\":\"Shop\",\"item\":\"https:\/\/www.csj-emballages.com\/shop\/\"},{\"@type\":\"ListItem\",\"position\":3,\"name\":\"Distribuidor de sab\u00e3o em cartucho de 1 litro TIFON press\u00e3o branca\"}]},{\"@type\":\"WebSite\",\"@id\":\"https:\/\/www.csj-emballages.com\/pt-pt\/#website\",\"url\":\"https:\/\/www.csj-emballages.com\/pt-pt\/\",\"name\":\"CSJ Emballages\",\"description\":\"\",\"publisher\":{\"@id\":\"https:\/\/www.csj-emballages.com\/pt-pt\/#organization\"},\"potentialAction\":[{\"@type\":\"SearchAction\",\"target\":{\"@type\":\"EntryPoint\",\"urlTemplate\":\"https:\/\/www.csj-emballages.com\/pt-pt\/?s={search_term_string}\"},\"query-input\":{\"@type\":\"PropertyValueSpecification\",\"valueRequired\":true,\"valueName\":\"search_term_string\"}}],\"inLanguage\":\"pt-PT\"},{\"@type\":\"Organization\",\"@id\":\"https:\/\/www.csj-emballages.com\/pt-pt\/#Organization\/\",\"name\":\"CSJ Emballages\",\"url\":\"https:\/\/www.csj-emballages.com\/pt-pt\/\",\"logo\":{\"@type\":\"ImageObject\",\"inLanguage\":\"pt-PT\",\"@id\":\"https:\/\/www.csj-emballages.com\/pt-pt\/#\/schema\/logo\/image\/\",\"url\":\"https:\/\/www.csj-emballages.com\/wp-content\/uploads\/2023\/10\/logo_csj.webp\",\"contentUrl\":\"https:\/\/www.csj-emballages.com\/wp-content\/uploads\/2023\/10\/logo_csj.webp\",\"width\":250,\"height\":95,\"caption\":\"CSJ Emballages\"},\"image\":{\"@id\":\"https:\/\/www.csj-emballages.com\/pt-pt\/#\/schema\/logo\/image\/\"},\"sameAs\":[\"https:\/\/www.facebook.com\/csjemballages\"],\"address\":{\"@type\":\"PostalAddress\",\"streetAddress\":\"ZI La Lechere\",\"addressLocality\":\"Patornay\",\"postalCode\":\"39130\",\"addressCountry\":\"FR\"},\"contactPoint\":[{\"@type\":\"ContactPoint\",\"contactType\":\"Service client\",\"telephone\":\"0384254272\",\"email\":\"contact@csj-emballages.com\"}]}]}<\/script>\n<!-- \/ Yoast SEO Premium plugin. -->","yoast_head_json":{"title":"Dispensador de sab\u00e3o de press\u00e3o branco de 1 litro TIFON","description":"Descubra o nosso dispensador de sabonete 1 litro TIFON branco press\u00e3o. Com uma capacidade de 1L com 3ml por press\u00e3o manual. Utiliza\u00e7\u00e3o manual.","robots":{"index":"index","follow":"follow","max-snippet":"max-snippet:-1","max-image-preview":"max-image-preview:large","max-video-preview":"max-video-preview:-1"},"canonical":"https:\/\/www.csj-emballages.com\/pt-pt\/produit\/dispensador-de-sabao-branco-pressurizado-tifon-1-litro\/","og_locale":"pt_PT","og_type":"article","og_title":"Distribuidor de sab\u00e3o em cartucho de 1 litro TIFON press\u00e3o branca","og_description":"Descubra o nosso dispensador de sabonete 1 litro TIFON branco press\u00e3o. Com uma capacidade de 1L com 3ml por press\u00e3o manual. Utiliza\u00e7\u00e3o manual.","og_url":"https:\/\/www.csj-emballages.com\/pt-pt\/produit\/dispensador-de-sabao-branco-pressurizado-tifon-1-litro\/","og_site_name":"CSJ Emballages","article_publisher":"https:\/\/www.facebook.com\/csjemballages","article_modified_time":"2026-04-15T00:10:17+00:00","og_image":[{"width":800,"height":800,"url":"https:\/\/www.csj-emballages.com\/wp-content\/uploads\/2024\/03\/Tifon.webp","type":"image\/webp"}],"twitter_card":"summary_large_image","twitter_misc":{"Tempo estimado de leitura":"2 minutos"},"schema":{"@context":"https:\/\/schema.org","@graph":[{"@type":"WebPage","@id":"https:\/\/www.csj-emballages.com\/pt-pt\/produit\/dispensador-de-sabao-branco-pressurizado-tifon-1-litro\/","url":"https:\/\/www.csj-emballages.com\/pt-pt\/produit\/dispensador-de-sabao-branco-pressurizado-tifon-1-litro\/","name":"Dispensador de sab\u00e3o de press\u00e3o branco de 1 litro TIFON","isPartOf":{"@id":"https:\/\/www.csj-emballages.com\/pt-pt\/#website"},"primaryImageOfPage":{"@id":"https:\/\/www.csj-emballages.com\/pt-pt\/produit\/dispensador-de-sabao-branco-pressurizado-tifon-1-litro\/#primaryimage"},"image":{"@id":"https:\/\/www.csj-emballages.com\/pt-pt\/produit\/dispensador-de-sabao-branco-pressurizado-tifon-1-litro\/#primaryimage"},"thumbnailUrl":"https:\/\/www.csj-emballages.com\/wp-content\/uploads\/2024\/03\/Tifon.webp","datePublished":"2024-03-01T16:00:16+00:00","dateModified":"2026-04-15T00:10:17+00:00","description":"Descubra o nosso dispensador de sabonete 1 litro TIFON branco press\u00e3o. Com uma capacidade de 1L com 3ml por press\u00e3o manual. Utiliza\u00e7\u00e3o manual.","breadcrumb":{"@id":"https:\/\/www.csj-emballages.com\/pt-pt\/produit\/dispensador-de-sabao-branco-pressurizado-tifon-1-litro\/#breadcrumb"},"inLanguage":"pt-PT","potentialAction":[{"@type":"ReadAction","target":["https:\/\/www.csj-emballages.com\/pt-pt\/produit\/dispensador-de-sabao-branco-pressurizado-tifon-1-litro\/"]}]},{"@type":"ImageObject","inLanguage":"pt-PT","@id":"https:\/\/www.csj-emballages.com\/pt-pt\/produit\/dispensador-de-sabao-branco-pressurizado-tifon-1-litro\/#primaryimage","url":"https:\/\/www.csj-emballages.com\/wp-content\/uploads\/2024\/03\/Tifon.webp","contentUrl":"https:\/\/www.csj-emballages.com\/wp-content\/uploads\/2024\/03\/Tifon.webp","width":800,"height":800,"caption":"Distributeur savon"},{"@type":"BreadcrumbList","@id":"https:\/\/www.csj-emballages.com\/pt-pt\/produit\/dispensador-de-sabao-branco-pressurizado-tifon-1-litro\/#breadcrumb","itemListElement":[{"@type":"ListItem","position":1,"name":"Acolhimento","item":"https:\/\/www.csj-emballages.com\/pt-pt\/universo-das-embalagens-alimentares\/"},{"@type":"ListItem","position":2,"name":"Shop","item":"https:\/\/www.csj-emballages.com\/shop\/"},{"@type":"ListItem","position":3,"name":"Distribuidor de sab\u00e3o em cartucho de 1 litro TIFON press\u00e3o branca"}]},{"@type":"WebSite","@id":"https:\/\/www.csj-emballages.com\/pt-pt\/#website","url":"https:\/\/www.csj-emballages.com\/pt-pt\/","name":"CSJ Emballages","description":"","publisher":{"@id":"https:\/\/www.csj-emballages.com\/pt-pt\/#organization"},"potentialAction":[{"@type":"SearchAction","target":{"@type":"EntryPoint","urlTemplate":"https:\/\/www.csj-emballages.com\/pt-pt\/?s={search_term_string}"},"query-input":{"@type":"PropertyValueSpecification","valueRequired":true,"valueName":"search_term_string"}}],"inLanguage":"pt-PT"},{"@type":"Organization","@id":"https:\/\/www.csj-emballages.com\/pt-pt\/#Organization\/","name":"CSJ Emballages","url":"https:\/\/www.csj-emballages.com\/pt-pt\/","logo":{"@type":"ImageObject","inLanguage":"pt-PT","@id":"https:\/\/www.csj-emballages.com\/pt-pt\/#\/schema\/logo\/image\/","url":"https:\/\/www.csj-emballages.com\/wp-content\/uploads\/2023\/10\/logo_csj.webp","contentUrl":"https:\/\/www.csj-emballages.com\/wp-content\/uploads\/2023\/10\/logo_csj.webp","width":250,"height":95,"caption":"CSJ Emballages"},"image":{"@id":"https:\/\/www.csj-emballages.com\/pt-pt\/#\/schema\/logo\/image\/"},"sameAs":["https:\/\/www.facebook.com\/csjemballages"],"address":{"@type":"PostalAddress","streetAddress":"ZI La Lechere","addressLocality":"Patornay","postalCode":"39130","addressCountry":"FR"},"contactPoint":[{"@type":"ContactPoint","contactType":"Service client","telephone":"0384254272","email":"contact@csj-emballages.com"}]}]}},"df_price":13.92,"df_sale_price":"","df_regular_price":13.92,"df_image_link":"https:\/\/www.csj-emballages.com\/wp-content\/uploads\/2024\/03\/Tifon-300x300.webp","tiered_pricing_type":"fixed","tiered_pricing_fixed_rules":[],"tiered_pricing_percentage_rules":[],"tiered_pricing_minimum":1,"tiered_pricing_roles_data":[],"_links":{"self":[{"href":"https:\/\/www.csj-emballages.com\/pt-pt\/wp-json\/wp\/v2\/product\/17305","targetHints":{"allow":["GET"]}}],"collection":[{"href":"https:\/\/www.csj-emballages.com\/pt-pt\/wp-json\/wp\/v2\/product"}],"about":[{"href":"https:\/\/www.csj-emballages.com\/pt-pt\/wp-json\/wp\/v2\/types\/product"}],"wp:featuredmedia":[{"embeddable":true,"href":"https:\/\/www.csj-emballages.com\/pt-pt\/wp-json\/wp\/v2\/media\/221573"}],"wp:attachment":[{"href":"https:\/\/www.csj-emballages.com\/pt-pt\/wp-json\/wp\/v2\/media?parent=17305"}],"wp:term":[{"taxonomy":"product_brand","embeddable":true,"href":"https:\/\/www.csj-emballages.com\/pt-pt\/wp-json\/wp\/v2\/product_brand?post=17305"},{"taxonomy":"product_cat","embeddable":true,"href":"https:\/\/www.csj-emballages.com\/pt-pt\/wp-json\/wp\/v2\/product_cat?post=17305"},{"taxonomy":"product_tag","embeddable":true,"href":"https:\/\/www.csj-emballages.com\/pt-pt\/wp-json\/wp\/v2\/product_tag?post=17305"}],"curies":[{"name":"wp","href":"https:\/\/api.w.org\/{rel}","templated":true}]}}