{"id":17293,"date":"2024-03-01T17:00:16","date_gmt":"2024-03-01T16:00:16","guid":{"rendered":"https:\/\/u15jnbdpoq.preview.infomaniak.website\/produit\/dispensador-de-cartucho-de-sabao-de-900-ml-03ds080001\/"},"modified":"2026-04-30T08:00:18","modified_gmt":"2026-04-30T06:00:18","slug":"dispensador-de-cartucho-de-sabao-de-900-ml-03ds080001","status":"publish","type":"product","link":"https:\/\/www.csj-emballages.com\/pt-pt\/produit\/dispensador-de-cartucho-de-sabao-de-900-ml-03ds080001\/","title":{"rendered":"Cartucho &#8220;03DS080001&#8221; para dispensador de sabonete manual de 900 ml"},"content":{"rendered":"<h2 class=\"p1 ai-optimize-36 ai-optimize-introduction\">Cartucho de sab\u00e3o para as m\u00e3os<\/h2>\n<hr>\n<h3 class=\"ai-optimize-34\">Descri\u00e7\u00e3o do nosso cartucho de sab\u00e3o para as m\u00e3os dispensador de 900 ml \u201c03DS080001\u201d.<\/h3>\n<p><!--more--><\/p>\n<p class=\"ai-optimize-38 ai-optimize-introduction\" data-start=\"394\" data-end=\"764\">Concebido para ambientes de higiene exigentes, este <strong>cartucho de sabonete l\u00edquido para as m\u00e3os de 900 ml<\/strong> foi especialmente concebido para se adaptar perfeitamente ao dispensador. <span style=\"color: #d12727\"><a style=\"color: #d12727\" href=\"https:\/\/www.csj-emballages.com\/es\/produit\/dosificador-de-jabon-blanco-a-presion-tifon-1-litro\/\">03DS080001 DISPENSADOR<\/a><\/span>. F\u00e1cil de instalar, oferece uma solu\u00e7\u00e3o eficaz e higi\u00e9nica para casas de banho profissionais, colectividades, estabelecimentos de sa\u00fade e \u00e1reas de tr\u00e1fego intenso. O seu formato de <g id=\"gid_3\">900 ml<\/g> permite-lhe funcionar durante mais tempo, reduzindo a frequ\u00eancia das recargas e optimizando os tempos de manuten\u00e7\u00e3o. Este <strong>sab\u00e3o<\/strong> suave \u00e9 adequado para uma utiliza\u00e7\u00e3o frequente, sem danificar a pele. A espuma \u00e9 ligeira, para uma sensa\u00e7\u00e3o de limpeza agrad\u00e1vel, e enxagua-se facilmente.    <\/p>\n<p class=\"ai-optimize-40\" data-start=\"1062\" data-end=\"1367\">Fabricado em conformidade com as normas de higiene em vigor, este <strong>cartucho de sabonete para as m\u00e3os<\/strong> \u00e9 selado para evitar a contamina\u00e7\u00e3o. O seu sistema de distribui\u00e7\u00e3o fechado reduz o desperd\u00edcio, garante uma higiene impec\u00e1vel e ajuda a manter o consumo sob controlo. \u00c9 uma solu\u00e7\u00e3o fi\u00e1vel, limpa e econ\u00f3mica.  <\/p>\n<p class=\"ai-optimize-41\" data-start=\"1369\" data-end=\"1617\">Em suma, f\u00e1cil de guardar, r\u00e1pido de inserir no <strong>dispensador<\/strong> e concebido para ser manuseado sem contacto direto com o sab\u00e3o, este cartucho \u00e9 indispens\u00e1vel para qualquer organiza\u00e7\u00e3o profissional preocupada com a qualidade, a seguran\u00e7a e a efic\u00e1cia.<\/p>\n<p>&nbsp;<\/p>\n<p><!--more--><\/p>\n<h4 class=\"ai-optimize-37\"><strong>Vantagens:<\/strong><\/h4>\n<ul>\n<li class=\"ai-optimize-38\">Compat\u00edvel com o dispensador 03DS080001.<\/li>\n<li class=\"ai-optimize-39\">O seu formato de 900 ml significa menos recargas e maior autonomia.<\/li>\n<li class=\"ai-optimize-40\">Sabonete suave para uma utiliza\u00e7\u00e3o frequente sem secar a pele.<\/li>\n<li class=\"ai-optimize-42\">Distribui\u00e7\u00e3o econ\u00f3mica e sem desperd\u00edcios.<\/li>\n<li class=\"ai-optimize-43\">Ideal para autarquias locais, empresas, hospitais e escolas.<\/li>\n<\/ul>\n<p>&nbsp;<\/p>\n<p><!--more--><\/p>\n<h4 class=\"ai-optimize-44\">Outras informa\u00e7\u00f5es :<\/h4>\n<ul>\n<li class=\"ai-optimize-45\"><strong>Embalagem<\/strong>: Por unidade<\/li>\n<li class=\"ai-optimize-47\"><strong>Utiliza\u00e7\u00e3o<\/strong>: Corpo \/ cabelo<\/li>\n<li class=\"ai-optimize-48\"><strong>Volume<\/strong>: 1 litro<\/li>\n<\/ul>\n<p>&nbsp;<\/p>\n<p><!--more--><\/p>\n<p class=\"ai-optimize-49\">Encontre aqui o dispensador compat\u00edvel com este sabonete para as m\u00e3os: <span style=\"color: #d12727\"><a style=\"color: #d12727\" href=\"https:\/\/www.csj-emballages.com\/es\/produit\/dosificador-de-jabon-blanco-a-presion-tifon-1-litro\/\">03DS080001<\/a><\/span><\/p>\n<p>&nbsp;<\/p>\n<p><!--more--><\/p>\n<p class=\"ai-optimize-41\"><a href=\"https:\/\/www.csj-emballages.com\/pt-pt\/categorie-produit\/embalagem-de-alimentos\/gama-biologica\/produtos-biologicos-pt-pt\/\">Ver o resto da nossa gama de produtos de higiene biol\u00f3gicos<\/a><\/p>\n","protected":false},"excerpt":{"rendered":"<p>Cartucho de sab\u00e3o para as m\u00e3os Descri\u00e7\u00e3o do nosso cartucho de sab\u00e3o para as m\u00e3os dispensador de 900 ml \u201c03DS080001\u201d.<\/p>\n","protected":false},"featured_media":235189,"template":"","meta":{"_acf_changed":false},"product_brand":[],"product_cat":[1141,1152,6982,1222,1223,1356,1357],"product_tag":[],"class_list":{"0":"post-17293","1":"product","2":"type-product","3":"status-publish","4":"has-post-thumbnail","6":"product_cat-embalagem-de-alimentos","7":"product_cat-gama-biologica","8":"product_cat-produtos-biologicos-pt-pt","9":"product_cat-higiene-e-manutencao","10":"product_cat-produtos-de-limpeza","11":"product_cat-higiene-pessoal","12":"product_cat-sabonete-para-as-maos","14":"first","15":"instock","16":"taxable","17":"shipping-taxable","18":"purchasable","19":"product-type-simple"},"acf":[],"yoast_head":"<!-- This site is optimized with the Yoast SEO Premium plugin v26.6 (Yoast SEO v26.6) - https:\/\/yoast.com\/wordpress\/plugins\/seo\/ -->\n<title>Cartucho de sab\u00e3o para as m\u00e3os Dispensador de 900 ml &quot;03DS080001<\/title>\n<meta name=\"description\" content=\"Cartucho de sabonete para as m\u00e3os de 900 ml para o dispensador 03DS080001: \u00f3ptima higiene, tamanho econ\u00f3mico e f\u00e1cil instala\u00e7\u00e3o. Ideal para ambientes profissionais.\" \/>\n<meta name=\"robots\" content=\"index, follow, max-snippet:-1, max-image-preview:large, max-video-preview:-1\" \/>\n<link rel=\"canonical\" href=\"https:\/\/www.csj-emballages.com\/pt-pt\/produit\/dispensador-de-cartucho-de-sabao-de-900-ml-03ds080001\/\" \/>\n<meta property=\"og:locale\" content=\"pt_PT\" \/>\n<meta property=\"og:type\" content=\"article\" \/>\n<meta property=\"og:title\" content=\"Cartucho &quot;03DS080001&quot; para dispensador de sabonete manual de 900 ml\" \/>\n<meta property=\"og:description\" content=\"Cartucho de sabonete para as m\u00e3os de 900 ml para o dispensador 03DS080001: \u00f3ptima higiene, tamanho econ\u00f3mico e f\u00e1cil instala\u00e7\u00e3o. Ideal para ambientes profissionais.\" \/>\n<meta property=\"og:url\" content=\"https:\/\/www.csj-emballages.com\/pt-pt\/produit\/dispensador-de-cartucho-de-sabao-de-900-ml-03ds080001\/\" \/>\n<meta property=\"og:site_name\" content=\"CSJ Emballages\" \/>\n<meta property=\"article:publisher\" content=\"https:\/\/www.facebook.com\/csjemballages\" \/>\n<meta property=\"article:modified_time\" content=\"2026-04-30T06:00:18+00:00\" \/>\n<meta property=\"og:image\" content=\"https:\/\/www.csj-emballages.com\/wp-content\/uploads\/2024\/03\/03HAIRBODY.webp\" \/>\n\t<meta property=\"og:image:width\" content=\"800\" \/>\n\t<meta property=\"og:image:height\" content=\"800\" \/>\n\t<meta property=\"og:image:type\" content=\"image\/webp\" \/>\n<meta name=\"twitter:card\" content=\"summary_large_image\" \/>\n<meta name=\"twitter:label1\" content=\"Tempo estimado de leitura\" \/>\n\t<meta name=\"twitter:data1\" content=\"2 minutos\" \/>\n<script type=\"application\/ld+json\" class=\"yoast-schema-graph\">{\"@context\":\"https:\/\/schema.org\",\"@graph\":[{\"@type\":\"WebPage\",\"@id\":\"https:\/\/www.csj-emballages.com\/pt-pt\/produit\/dispensador-de-cartucho-de-sabao-de-900-ml-03ds080001\/\",\"url\":\"https:\/\/www.csj-emballages.com\/pt-pt\/produit\/dispensador-de-cartucho-de-sabao-de-900-ml-03ds080001\/\",\"name\":\"Cartucho de sab\u00e3o para as m\u00e3os Dispensador de 900 ml \\\"03DS080001\",\"isPartOf\":{\"@id\":\"https:\/\/www.csj-emballages.com\/pt-pt\/#website\"},\"primaryImageOfPage\":{\"@id\":\"https:\/\/www.csj-emballages.com\/pt-pt\/produit\/dispensador-de-cartucho-de-sabao-de-900-ml-03ds080001\/#primaryimage\"},\"image\":{\"@id\":\"https:\/\/www.csj-emballages.com\/pt-pt\/produit\/dispensador-de-cartucho-de-sabao-de-900-ml-03ds080001\/#primaryimage\"},\"thumbnailUrl\":\"https:\/\/www.csj-emballages.com\/wp-content\/uploads\/2024\/03\/03HAIRBODY.webp\",\"datePublished\":\"2024-03-01T16:00:16+00:00\",\"dateModified\":\"2026-04-30T06:00:18+00:00\",\"description\":\"Cartucho de sabonete para as m\u00e3os de 900 ml para o dispensador 03DS080001: \u00f3ptima higiene, tamanho econ\u00f3mico e f\u00e1cil instala\u00e7\u00e3o. Ideal para ambientes profissionais.\",\"breadcrumb\":{\"@id\":\"https:\/\/www.csj-emballages.com\/pt-pt\/produit\/dispensador-de-cartucho-de-sabao-de-900-ml-03ds080001\/#breadcrumb\"},\"inLanguage\":\"pt-PT\",\"potentialAction\":[{\"@type\":\"ReadAction\",\"target\":[\"https:\/\/www.csj-emballages.com\/pt-pt\/produit\/dispensador-de-cartucho-de-sabao-de-900-ml-03ds080001\/\"]}]},{\"@type\":\"ImageObject\",\"inLanguage\":\"pt-PT\",\"@id\":\"https:\/\/www.csj-emballages.com\/pt-pt\/produit\/dispensador-de-cartucho-de-sabao-de-900-ml-03ds080001\/#primaryimage\",\"url\":\"https:\/\/www.csj-emballages.com\/wp-content\/uploads\/2024\/03\/03HAIRBODY.webp\",\"contentUrl\":\"https:\/\/www.csj-emballages.com\/wp-content\/uploads\/2024\/03\/03HAIRBODY.webp\",\"width\":800,\"height\":800,\"caption\":\"Cartouche savon mains\u00a0\"},{\"@type\":\"BreadcrumbList\",\"@id\":\"https:\/\/www.csj-emballages.com\/pt-pt\/produit\/dispensador-de-cartucho-de-sabao-de-900-ml-03ds080001\/#breadcrumb\",\"itemListElement\":[{\"@type\":\"ListItem\",\"position\":1,\"name\":\"Acolhimento\",\"item\":\"https:\/\/www.csj-emballages.com\/pt-pt\/universo-das-embalagens-alimentares\/\"},{\"@type\":\"ListItem\",\"position\":2,\"name\":\"Shop\",\"item\":\"https:\/\/www.csj-emballages.com\/shop\/\"},{\"@type\":\"ListItem\",\"position\":3,\"name\":\"Cartucho \u00ab\u00a003DS080001\u00a0\u00bb para dispensador de sabonete manual de 900 ml\"}]},{\"@type\":\"WebSite\",\"@id\":\"https:\/\/www.csj-emballages.com\/pt-pt\/#website\",\"url\":\"https:\/\/www.csj-emballages.com\/pt-pt\/\",\"name\":\"CSJ Emballages\",\"description\":\"\",\"publisher\":{\"@id\":\"https:\/\/www.csj-emballages.com\/pt-pt\/#organization\"},\"potentialAction\":[{\"@type\":\"SearchAction\",\"target\":{\"@type\":\"EntryPoint\",\"urlTemplate\":\"https:\/\/www.csj-emballages.com\/pt-pt\/?s={search_term_string}\"},\"query-input\":{\"@type\":\"PropertyValueSpecification\",\"valueRequired\":true,\"valueName\":\"search_term_string\"}}],\"inLanguage\":\"pt-PT\"},{\"@type\":\"Organization\",\"@id\":\"https:\/\/www.csj-emballages.com\/pt-pt\/#Organization\/\",\"name\":\"CSJ Emballages\",\"url\":\"https:\/\/www.csj-emballages.com\/pt-pt\/\",\"logo\":{\"@type\":\"ImageObject\",\"inLanguage\":\"pt-PT\",\"@id\":\"https:\/\/www.csj-emballages.com\/pt-pt\/#\/schema\/logo\/image\/\",\"url\":\"https:\/\/www.csj-emballages.com\/wp-content\/uploads\/2023\/10\/logo_csj.webp\",\"contentUrl\":\"https:\/\/www.csj-emballages.com\/wp-content\/uploads\/2023\/10\/logo_csj.webp\",\"width\":250,\"height\":95,\"caption\":\"CSJ Emballages\"},\"image\":{\"@id\":\"https:\/\/www.csj-emballages.com\/pt-pt\/#\/schema\/logo\/image\/\"},\"sameAs\":[\"https:\/\/www.facebook.com\/csjemballages\"],\"address\":{\"@type\":\"PostalAddress\",\"streetAddress\":\"ZI La Lechere\",\"addressLocality\":\"Patornay\",\"postalCode\":\"39130\",\"addressCountry\":\"FR\"},\"contactPoint\":[{\"@type\":\"ContactPoint\",\"contactType\":\"Service client\",\"telephone\":\"0384254272\",\"email\":\"contact@csj-emballages.com\"}]}]}<\/script>\n<!-- \/ Yoast SEO Premium plugin. -->","yoast_head_json":{"title":"Cartucho de sab\u00e3o para as m\u00e3os Dispensador de 900 ml \"03DS080001","description":"Cartucho de sabonete para as m\u00e3os de 900 ml para o dispensador 03DS080001: \u00f3ptima higiene, tamanho econ\u00f3mico e f\u00e1cil instala\u00e7\u00e3o. Ideal para ambientes profissionais.","robots":{"index":"index","follow":"follow","max-snippet":"max-snippet:-1","max-image-preview":"max-image-preview:large","max-video-preview":"max-video-preview:-1"},"canonical":"https:\/\/www.csj-emballages.com\/pt-pt\/produit\/dispensador-de-cartucho-de-sabao-de-900-ml-03ds080001\/","og_locale":"pt_PT","og_type":"article","og_title":"Cartucho \"03DS080001\" para dispensador de sabonete manual de 900 ml","og_description":"Cartucho de sabonete para as m\u00e3os de 900 ml para o dispensador 03DS080001: \u00f3ptima higiene, tamanho econ\u00f3mico e f\u00e1cil instala\u00e7\u00e3o. Ideal para ambientes profissionais.","og_url":"https:\/\/www.csj-emballages.com\/pt-pt\/produit\/dispensador-de-cartucho-de-sabao-de-900-ml-03ds080001\/","og_site_name":"CSJ Emballages","article_publisher":"https:\/\/www.facebook.com\/csjemballages","article_modified_time":"2026-04-30T06:00:18+00:00","og_image":[{"width":800,"height":800,"url":"https:\/\/www.csj-emballages.com\/wp-content\/uploads\/2024\/03\/03HAIRBODY.webp","type":"image\/webp"}],"twitter_card":"summary_large_image","twitter_misc":{"Tempo estimado de leitura":"2 minutos"},"schema":{"@context":"https:\/\/schema.org","@graph":[{"@type":"WebPage","@id":"https:\/\/www.csj-emballages.com\/pt-pt\/produit\/dispensador-de-cartucho-de-sabao-de-900-ml-03ds080001\/","url":"https:\/\/www.csj-emballages.com\/pt-pt\/produit\/dispensador-de-cartucho-de-sabao-de-900-ml-03ds080001\/","name":"Cartucho de sab\u00e3o para as m\u00e3os Dispensador de 900 ml \"03DS080001","isPartOf":{"@id":"https:\/\/www.csj-emballages.com\/pt-pt\/#website"},"primaryImageOfPage":{"@id":"https:\/\/www.csj-emballages.com\/pt-pt\/produit\/dispensador-de-cartucho-de-sabao-de-900-ml-03ds080001\/#primaryimage"},"image":{"@id":"https:\/\/www.csj-emballages.com\/pt-pt\/produit\/dispensador-de-cartucho-de-sabao-de-900-ml-03ds080001\/#primaryimage"},"thumbnailUrl":"https:\/\/www.csj-emballages.com\/wp-content\/uploads\/2024\/03\/03HAIRBODY.webp","datePublished":"2024-03-01T16:00:16+00:00","dateModified":"2026-04-30T06:00:18+00:00","description":"Cartucho de sabonete para as m\u00e3os de 900 ml para o dispensador 03DS080001: \u00f3ptima higiene, tamanho econ\u00f3mico e f\u00e1cil instala\u00e7\u00e3o. Ideal para ambientes profissionais.","breadcrumb":{"@id":"https:\/\/www.csj-emballages.com\/pt-pt\/produit\/dispensador-de-cartucho-de-sabao-de-900-ml-03ds080001\/#breadcrumb"},"inLanguage":"pt-PT","potentialAction":[{"@type":"ReadAction","target":["https:\/\/www.csj-emballages.com\/pt-pt\/produit\/dispensador-de-cartucho-de-sabao-de-900-ml-03ds080001\/"]}]},{"@type":"ImageObject","inLanguage":"pt-PT","@id":"https:\/\/www.csj-emballages.com\/pt-pt\/produit\/dispensador-de-cartucho-de-sabao-de-900-ml-03ds080001\/#primaryimage","url":"https:\/\/www.csj-emballages.com\/wp-content\/uploads\/2024\/03\/03HAIRBODY.webp","contentUrl":"https:\/\/www.csj-emballages.com\/wp-content\/uploads\/2024\/03\/03HAIRBODY.webp","width":800,"height":800,"caption":"Cartouche savon mains\u00a0"},{"@type":"BreadcrumbList","@id":"https:\/\/www.csj-emballages.com\/pt-pt\/produit\/dispensador-de-cartucho-de-sabao-de-900-ml-03ds080001\/#breadcrumb","itemListElement":[{"@type":"ListItem","position":1,"name":"Acolhimento","item":"https:\/\/www.csj-emballages.com\/pt-pt\/universo-das-embalagens-alimentares\/"},{"@type":"ListItem","position":2,"name":"Shop","item":"https:\/\/www.csj-emballages.com\/shop\/"},{"@type":"ListItem","position":3,"name":"Cartucho \u00ab\u00a003DS080001\u00a0\u00bb para dispensador de sabonete manual de 900 ml"}]},{"@type":"WebSite","@id":"https:\/\/www.csj-emballages.com\/pt-pt\/#website","url":"https:\/\/www.csj-emballages.com\/pt-pt\/","name":"CSJ Emballages","description":"","publisher":{"@id":"https:\/\/www.csj-emballages.com\/pt-pt\/#organization"},"potentialAction":[{"@type":"SearchAction","target":{"@type":"EntryPoint","urlTemplate":"https:\/\/www.csj-emballages.com\/pt-pt\/?s={search_term_string}"},"query-input":{"@type":"PropertyValueSpecification","valueRequired":true,"valueName":"search_term_string"}}],"inLanguage":"pt-PT"},{"@type":"Organization","@id":"https:\/\/www.csj-emballages.com\/pt-pt\/#Organization\/","name":"CSJ Emballages","url":"https:\/\/www.csj-emballages.com\/pt-pt\/","logo":{"@type":"ImageObject","inLanguage":"pt-PT","@id":"https:\/\/www.csj-emballages.com\/pt-pt\/#\/schema\/logo\/image\/","url":"https:\/\/www.csj-emballages.com\/wp-content\/uploads\/2023\/10\/logo_csj.webp","contentUrl":"https:\/\/www.csj-emballages.com\/wp-content\/uploads\/2023\/10\/logo_csj.webp","width":250,"height":95,"caption":"CSJ Emballages"},"image":{"@id":"https:\/\/www.csj-emballages.com\/pt-pt\/#\/schema\/logo\/image\/"},"sameAs":["https:\/\/www.facebook.com\/csjemballages"],"address":{"@type":"PostalAddress","streetAddress":"ZI La Lechere","addressLocality":"Patornay","postalCode":"39130","addressCountry":"FR"},"contactPoint":[{"@type":"ContactPoint","contactType":"Service client","telephone":"0384254272","email":"contact@csj-emballages.com"}]}]}},"df_price":7.68,"df_sale_price":"","df_regular_price":7.68,"df_image_link":"https:\/\/www.csj-emballages.com\/wp-content\/uploads\/2024\/03\/03HAIRBODY-300x300.webp","tiered_pricing_type":"fixed","tiered_pricing_fixed_rules":[],"tiered_pricing_percentage_rules":[],"tiered_pricing_minimum":1,"tiered_pricing_roles_data":[],"_links":{"self":[{"href":"https:\/\/www.csj-emballages.com\/pt-pt\/wp-json\/wp\/v2\/product\/17293","targetHints":{"allow":["GET"]}}],"collection":[{"href":"https:\/\/www.csj-emballages.com\/pt-pt\/wp-json\/wp\/v2\/product"}],"about":[{"href":"https:\/\/www.csj-emballages.com\/pt-pt\/wp-json\/wp\/v2\/types\/product"}],"wp:featuredmedia":[{"embeddable":true,"href":"https:\/\/www.csj-emballages.com\/pt-pt\/wp-json\/wp\/v2\/media\/235189"}],"wp:attachment":[{"href":"https:\/\/www.csj-emballages.com\/pt-pt\/wp-json\/wp\/v2\/media?parent=17293"}],"wp:term":[{"taxonomy":"product_brand","embeddable":true,"href":"https:\/\/www.csj-emballages.com\/pt-pt\/wp-json\/wp\/v2\/product_brand?post=17293"},{"taxonomy":"product_cat","embeddable":true,"href":"https:\/\/www.csj-emballages.com\/pt-pt\/wp-json\/wp\/v2\/product_cat?post=17293"},{"taxonomy":"product_tag","embeddable":true,"href":"https:\/\/www.csj-emballages.com\/pt-pt\/wp-json\/wp\/v2\/product_tag?post=17293"}],"curies":[{"name":"wp","href":"https:\/\/api.w.org\/{rel}","templated":true}]}}