{"id":17278,"date":"2024-03-01T17:00:17","date_gmt":"2024-03-01T16:00:17","guid":{"rendered":"https:\/\/u15jnbdpoq.preview.infomaniak.website\/produit\/produto-de-limpeza-alcalino-desengordurante-5l\/"},"modified":"2026-04-22T02:10:15","modified_gmt":"2026-04-22T00:10:15","slug":"produto-de-limpeza-alcalino-desengordurante-5l","status":"publish","type":"product","link":"https:\/\/www.csj-emballages.com\/pt-pt\/produit\/produto-de-limpeza-alcalino-desengordurante-5l\/","title":{"rendered":"Desengordurante concentrado para pavimentos 5L"},"content":{"rendered":"<h2 class=\"p1 ai-optimize-35 ai-optimize-introduction\">Limpador e desengordurante de pavimentos<\/h2>\n<hr>\n<h3 class=\"ai-optimize-34\">Descri\u00e7\u00e3o do nosso produto de limpeza concentrado desengordurante para pavimentos 5L<\/h3>\n<p><!--more--><\/p>\n<p class=\"ai-optimize-36 ai-optimize-introduction\" data-start=\"224\" data-end=\"639\">Eis um produto para aqueles que n\u00e3o t\u00eam tempo para passar duas vezes: <strong data-start=\"302\" data-end=\"350\">o nosso desengordurante de pavimentos concentrado 5L<\/strong> \u00e9 um grande aliado para eliminar a sujidade mais dif\u00edcil. Concebido para ambientes exigentes, \u00e9 t\u00e3o adequado para os profissionais da ind\u00fastria, da restaura\u00e7\u00e3o, da ind\u00fastria autom\u00f3vel e da manuten\u00e7\u00e3o como para os utilizadores privados que procuram resultados impec\u00e1veis. <\/p>\n<p class=\"ai-optimize-37\" data-start=\"641\" data-end=\"938\"><strong data-start=\"641\" data-end=\"668\">Este poderoso desengordurante<\/strong> actua em profundidade para remover gorduras, \u00f3leos e hidrocarbonetos incrustados, mesmo em <strong>pavimentos muito sujos<\/strong>. Gra\u00e7as \u00e0 sua <strong data-start=\"791\" data-end=\"813\">f\u00f3rmula concentrada<\/strong>, uma pequena quantidade \u00e9 suficiente para tratar grandes superf\u00edcies, o que o torna simultaneamente econ\u00f3mico e eficaz. <\/p>\n<p class=\"ai-optimize-38\" data-start=\"940\" data-end=\"1159\">Pode ser utilizado quente ou frio, consoante as limita\u00e7\u00f5es do seu ambiente. <strong data-start=\"1027\" data-end=\"1044\">N\u00e3o inflam\u00e1vel<\/strong>, oferece a m\u00e1xima seguran\u00e7a de utiliza\u00e7\u00e3o, nomeadamente em cozinhas profissionais ou oficinas.<\/p>\n<p class=\"ai-optimize-39\" data-start=\"1161\" data-end=\"1452\">A sua <strong data-start=\"1164\" data-end=\"1199\">elevada capacidade emulsionante<\/strong> torna-o um produto formid\u00e1vel para a remo\u00e7\u00e3o de gorduras velhas ou queimadas. \u00c9 ideal para a manuten\u00e7\u00e3o de <strong data-start=\"1319\" data-end=\"1401\">pavimentos industriais, oficinas mec\u00e2nicas, armaz\u00e9ns, cozinhas<\/strong> e para a limpeza de m\u00e1quinas pesadas. <\/p>\n<p class=\"ai-optimize-40\" data-start=\"1454\" data-end=\"1575\">Este produto <strong>de limpeza-desengordurante concentrado para pavimentos<\/strong> \u00e9 a solu\u00e7\u00e3o ideal para manter as \u00e1reas limpas, seguras e higi\u00e9nicas.<\/p>\n<p data-start=\"1454\" data-end=\"1575\">\n<p><!--more--><\/p>\n<h4 class=\"ai-optimize-37\"><strong>Vantagens:<\/strong><\/h4>\n<ul>\n<li class=\"ai-optimize-38\">Desengordurante potente para gorduras, \u00f3leos e hidrocarbonetos.<\/li>\n<li class=\"ai-optimize-39\">Pode ser utilizado quente ou frio, conforme necess\u00e1rio.<\/li>\n<li class=\"ai-optimize-40\">Ideal para pavimentos industriais, oficinas e cozinhas.<\/li>\n<li class=\"ai-optimize-42\">Emulsiona sem esfor\u00e7o a sujidade persistente.<\/li>\n<\/ul>\n<p>&nbsp;<\/p>\n<p><!--more--><\/p>\n<h4 class=\"ai-optimize-44\">Outras informa\u00e7\u00f5es :<\/h4>\n<ul>\n<li class=\"ai-optimize-45\"><strong>Embalagem<\/strong>: Por unidade<\/li>\n<li class=\"ai-optimize-47\"><strong>Utiliza\u00e7\u00e3o<\/strong>: Limpeza de pavimentos<\/li>\n<li class=\"ai-optimize-32\"><strong>Cor<\/strong>: Laranja<\/li>\n<li class=\"ai-optimize-35\"><strong>Volume<\/strong>: 5 litros<\/li>\n<\/ul>\n<p>&nbsp;<\/p>\n<p><!--more--><\/p>\n<p class=\"ai-optimize-34\">Encontre aqui o nosso gel de m\u00e3os de microesferas com aroma a laranja com bomba de 3,8 litros: <span style=\"color: #d12727\"><a style=\"color: #d12727\" href=\"https:\/\/www.csj-emballages.com\/es\/produit\/gel-de-manos-con-microesferas-perfumado-de-naranja-con-bomba-38-litros\/\">04SBFCLEAN<\/a><\/span><\/p>\n<p>&nbsp;<\/p>\n<p><!--more--><\/p>\n<p class=\"ai-optimize-41\"><a href=\"https:\/\/www.csj-emballages.com\/pt-pt\/categorie-produit\/higiene-e-manutencao\/produtos-de-limpeza\/garagem\/\">Ver o resto da nossa gama de produtos de manuten\u00e7\u00e3o para garagem<\/a><\/p>\n","protected":false},"excerpt":{"rendered":"<p>Limpador e desengordurante de pavimentos Descri\u00e7\u00e3o do nosso produto de limpeza concentrado desengordurante para pavimentos 5L<\/p>\n","protected":false},"featured_media":235925,"template":"","meta":{"_acf_changed":false},"product_brand":[],"product_cat":[1222,1223,1386],"product_tag":[],"class_list":{"0":"post-17278","1":"product","2":"type-product","3":"status-publish","4":"has-post-thumbnail","6":"product_cat-higiene-e-manutencao","7":"product_cat-produtos-de-limpeza","8":"product_cat-garagem","10":"first","11":"instock","12":"taxable","13":"shipping-taxable","14":"purchasable","15":"product-type-simple"},"acf":[],"yoast_head":"<!-- This site is optimized with the Yoast SEO Premium plugin v26.6 (Yoast SEO v26.6) - https:\/\/yoast.com\/wordpress\/plugins\/seo\/ -->\n<title>Limpa-pavimentos concentrado Desengordurante 5L<\/title>\n<meta name=\"description\" content=\"Poderoso desengordurante concentrado para pavimentos de 5L, n\u00e3o inflam\u00e1vel. Ideal para gorduras persistentes, pavimentos industriais e oficinas. Pode ser utilizado quente ou frio.\" \/>\n<meta name=\"robots\" content=\"index, follow, max-snippet:-1, max-image-preview:large, max-video-preview:-1\" \/>\n<link rel=\"canonical\" href=\"https:\/\/www.csj-emballages.com\/pt-pt\/produit\/produto-de-limpeza-alcalino-desengordurante-5l\/\" \/>\n<meta property=\"og:locale\" content=\"pt_PT\" \/>\n<meta property=\"og:type\" content=\"article\" \/>\n<meta property=\"og:title\" content=\"Desengordurante concentrado para pavimentos 5L\" \/>\n<meta property=\"og:description\" content=\"Poderoso desengordurante concentrado para pavimentos de 5L, n\u00e3o inflam\u00e1vel. Ideal para gorduras persistentes, pavimentos industriais e oficinas. Pode ser utilizado quente ou frio.\" \/>\n<meta property=\"og:url\" content=\"https:\/\/www.csj-emballages.com\/pt-pt\/produit\/produto-de-limpeza-alcalino-desengordurante-5l\/\" \/>\n<meta property=\"og:site_name\" content=\"CSJ Emballages\" \/>\n<meta property=\"article:publisher\" content=\"https:\/\/www.facebook.com\/csjemballages\" \/>\n<meta property=\"article:modified_time\" content=\"2026-04-22T00:10:15+00:00\" \/>\n<meta property=\"og:image\" content=\"https:\/\/www.csj-emballages.com\/wp-content\/uploads\/2024\/03\/03256.webp\" \/>\n\t<meta property=\"og:image:width\" content=\"800\" \/>\n\t<meta property=\"og:image:height\" content=\"800\" \/>\n\t<meta property=\"og:image:type\" content=\"image\/webp\" \/>\n<meta name=\"twitter:card\" content=\"summary_large_image\" \/>\n<meta name=\"twitter:label1\" content=\"Tempo estimado de leitura\" \/>\n\t<meta name=\"twitter:data1\" content=\"2 minutos\" \/>\n<script type=\"application\/ld+json\" class=\"yoast-schema-graph\">{\"@context\":\"https:\/\/schema.org\",\"@graph\":[{\"@type\":\"WebPage\",\"@id\":\"https:\/\/www.csj-emballages.com\/pt-pt\/produit\/produto-de-limpeza-alcalino-desengordurante-5l\/\",\"url\":\"https:\/\/www.csj-emballages.com\/pt-pt\/produit\/produto-de-limpeza-alcalino-desengordurante-5l\/\",\"name\":\"Limpa-pavimentos concentrado Desengordurante 5L\",\"isPartOf\":{\"@id\":\"https:\/\/www.csj-emballages.com\/pt-pt\/#website\"},\"primaryImageOfPage\":{\"@id\":\"https:\/\/www.csj-emballages.com\/pt-pt\/produit\/produto-de-limpeza-alcalino-desengordurante-5l\/#primaryimage\"},\"image\":{\"@id\":\"https:\/\/www.csj-emballages.com\/pt-pt\/produit\/produto-de-limpeza-alcalino-desengordurante-5l\/#primaryimage\"},\"thumbnailUrl\":\"https:\/\/www.csj-emballages.com\/wp-content\/uploads\/2024\/03\/03256.webp\",\"datePublished\":\"2024-03-01T16:00:17+00:00\",\"dateModified\":\"2026-04-22T00:10:15+00:00\",\"description\":\"Poderoso desengordurante concentrado para pavimentos de 5L, n\u00e3o inflam\u00e1vel. Ideal para gorduras persistentes, pavimentos industriais e oficinas. Pode ser utilizado quente ou frio.\",\"breadcrumb\":{\"@id\":\"https:\/\/www.csj-emballages.com\/pt-pt\/produit\/produto-de-limpeza-alcalino-desengordurante-5l\/#breadcrumb\"},\"inLanguage\":\"pt-PT\",\"potentialAction\":[{\"@type\":\"ReadAction\",\"target\":[\"https:\/\/www.csj-emballages.com\/pt-pt\/produit\/produto-de-limpeza-alcalino-desengordurante-5l\/\"]}]},{\"@type\":\"ImageObject\",\"inLanguage\":\"pt-PT\",\"@id\":\"https:\/\/www.csj-emballages.com\/pt-pt\/produit\/produto-de-limpeza-alcalino-desengordurante-5l\/#primaryimage\",\"url\":\"https:\/\/www.csj-emballages.com\/wp-content\/uploads\/2024\/03\/03256.webp\",\"contentUrl\":\"https:\/\/www.csj-emballages.com\/wp-content\/uploads\/2024\/03\/03256.webp\",\"width\":800,\"height\":800,\"caption\":\"Nettoyant d\u00e9graissant sol\"},{\"@type\":\"BreadcrumbList\",\"@id\":\"https:\/\/www.csj-emballages.com\/pt-pt\/produit\/produto-de-limpeza-alcalino-desengordurante-5l\/#breadcrumb\",\"itemListElement\":[{\"@type\":\"ListItem\",\"position\":1,\"name\":\"Acolhimento\",\"item\":\"https:\/\/www.csj-emballages.com\/pt-pt\/universo-das-embalagens-alimentares\/\"},{\"@type\":\"ListItem\",\"position\":2,\"name\":\"Shop\",\"item\":\"https:\/\/www.csj-emballages.com\/shop\/\"},{\"@type\":\"ListItem\",\"position\":3,\"name\":\"Desengordurante concentrado para pavimentos 5L\"}]},{\"@type\":\"WebSite\",\"@id\":\"https:\/\/www.csj-emballages.com\/pt-pt\/#website\",\"url\":\"https:\/\/www.csj-emballages.com\/pt-pt\/\",\"name\":\"CSJ Emballages\",\"description\":\"\",\"publisher\":{\"@id\":\"https:\/\/www.csj-emballages.com\/pt-pt\/#organization\"},\"potentialAction\":[{\"@type\":\"SearchAction\",\"target\":{\"@type\":\"EntryPoint\",\"urlTemplate\":\"https:\/\/www.csj-emballages.com\/pt-pt\/?s={search_term_string}\"},\"query-input\":{\"@type\":\"PropertyValueSpecification\",\"valueRequired\":true,\"valueName\":\"search_term_string\"}}],\"inLanguage\":\"pt-PT\"},{\"@type\":\"Organization\",\"@id\":\"https:\/\/www.csj-emballages.com\/pt-pt\/#Organization\/\",\"name\":\"CSJ Emballages\",\"url\":\"https:\/\/www.csj-emballages.com\/pt-pt\/\",\"logo\":{\"@type\":\"ImageObject\",\"inLanguage\":\"pt-PT\",\"@id\":\"https:\/\/www.csj-emballages.com\/pt-pt\/#\/schema\/logo\/image\/\",\"url\":\"https:\/\/www.csj-emballages.com\/wp-content\/uploads\/2023\/10\/logo_csj.webp\",\"contentUrl\":\"https:\/\/www.csj-emballages.com\/wp-content\/uploads\/2023\/10\/logo_csj.webp\",\"width\":250,\"height\":95,\"caption\":\"CSJ Emballages\"},\"image\":{\"@id\":\"https:\/\/www.csj-emballages.com\/pt-pt\/#\/schema\/logo\/image\/\"},\"sameAs\":[\"https:\/\/www.facebook.com\/csjemballages\"],\"address\":{\"@type\":\"PostalAddress\",\"streetAddress\":\"ZI La Lechere\",\"addressLocality\":\"Patornay\",\"postalCode\":\"39130\",\"addressCountry\":\"FR\"},\"contactPoint\":[{\"@type\":\"ContactPoint\",\"contactType\":\"Service client\",\"telephone\":\"0384254272\",\"email\":\"contact@csj-emballages.com\"}]}]}<\/script>\n<!-- \/ Yoast SEO Premium plugin. -->","yoast_head_json":{"title":"Limpa-pavimentos concentrado Desengordurante 5L","description":"Poderoso desengordurante concentrado para pavimentos de 5L, n\u00e3o inflam\u00e1vel. Ideal para gorduras persistentes, pavimentos industriais e oficinas. Pode ser utilizado quente ou frio.","robots":{"index":"index","follow":"follow","max-snippet":"max-snippet:-1","max-image-preview":"max-image-preview:large","max-video-preview":"max-video-preview:-1"},"canonical":"https:\/\/www.csj-emballages.com\/pt-pt\/produit\/produto-de-limpeza-alcalino-desengordurante-5l\/","og_locale":"pt_PT","og_type":"article","og_title":"Desengordurante concentrado para pavimentos 5L","og_description":"Poderoso desengordurante concentrado para pavimentos de 5L, n\u00e3o inflam\u00e1vel. Ideal para gorduras persistentes, pavimentos industriais e oficinas. Pode ser utilizado quente ou frio.","og_url":"https:\/\/www.csj-emballages.com\/pt-pt\/produit\/produto-de-limpeza-alcalino-desengordurante-5l\/","og_site_name":"CSJ Emballages","article_publisher":"https:\/\/www.facebook.com\/csjemballages","article_modified_time":"2026-04-22T00:10:15+00:00","og_image":[{"width":800,"height":800,"url":"https:\/\/www.csj-emballages.com\/wp-content\/uploads\/2024\/03\/03256.webp","type":"image\/webp"}],"twitter_card":"summary_large_image","twitter_misc":{"Tempo estimado de leitura":"2 minutos"},"schema":{"@context":"https:\/\/schema.org","@graph":[{"@type":"WebPage","@id":"https:\/\/www.csj-emballages.com\/pt-pt\/produit\/produto-de-limpeza-alcalino-desengordurante-5l\/","url":"https:\/\/www.csj-emballages.com\/pt-pt\/produit\/produto-de-limpeza-alcalino-desengordurante-5l\/","name":"Limpa-pavimentos concentrado Desengordurante 5L","isPartOf":{"@id":"https:\/\/www.csj-emballages.com\/pt-pt\/#website"},"primaryImageOfPage":{"@id":"https:\/\/www.csj-emballages.com\/pt-pt\/produit\/produto-de-limpeza-alcalino-desengordurante-5l\/#primaryimage"},"image":{"@id":"https:\/\/www.csj-emballages.com\/pt-pt\/produit\/produto-de-limpeza-alcalino-desengordurante-5l\/#primaryimage"},"thumbnailUrl":"https:\/\/www.csj-emballages.com\/wp-content\/uploads\/2024\/03\/03256.webp","datePublished":"2024-03-01T16:00:17+00:00","dateModified":"2026-04-22T00:10:15+00:00","description":"Poderoso desengordurante concentrado para pavimentos de 5L, n\u00e3o inflam\u00e1vel. Ideal para gorduras persistentes, pavimentos industriais e oficinas. Pode ser utilizado quente ou frio.","breadcrumb":{"@id":"https:\/\/www.csj-emballages.com\/pt-pt\/produit\/produto-de-limpeza-alcalino-desengordurante-5l\/#breadcrumb"},"inLanguage":"pt-PT","potentialAction":[{"@type":"ReadAction","target":["https:\/\/www.csj-emballages.com\/pt-pt\/produit\/produto-de-limpeza-alcalino-desengordurante-5l\/"]}]},{"@type":"ImageObject","inLanguage":"pt-PT","@id":"https:\/\/www.csj-emballages.com\/pt-pt\/produit\/produto-de-limpeza-alcalino-desengordurante-5l\/#primaryimage","url":"https:\/\/www.csj-emballages.com\/wp-content\/uploads\/2024\/03\/03256.webp","contentUrl":"https:\/\/www.csj-emballages.com\/wp-content\/uploads\/2024\/03\/03256.webp","width":800,"height":800,"caption":"Nettoyant d\u00e9graissant sol"},{"@type":"BreadcrumbList","@id":"https:\/\/www.csj-emballages.com\/pt-pt\/produit\/produto-de-limpeza-alcalino-desengordurante-5l\/#breadcrumb","itemListElement":[{"@type":"ListItem","position":1,"name":"Acolhimento","item":"https:\/\/www.csj-emballages.com\/pt-pt\/universo-das-embalagens-alimentares\/"},{"@type":"ListItem","position":2,"name":"Shop","item":"https:\/\/www.csj-emballages.com\/shop\/"},{"@type":"ListItem","position":3,"name":"Desengordurante concentrado para pavimentos 5L"}]},{"@type":"WebSite","@id":"https:\/\/www.csj-emballages.com\/pt-pt\/#website","url":"https:\/\/www.csj-emballages.com\/pt-pt\/","name":"CSJ Emballages","description":"","publisher":{"@id":"https:\/\/www.csj-emballages.com\/pt-pt\/#organization"},"potentialAction":[{"@type":"SearchAction","target":{"@type":"EntryPoint","urlTemplate":"https:\/\/www.csj-emballages.com\/pt-pt\/?s={search_term_string}"},"query-input":{"@type":"PropertyValueSpecification","valueRequired":true,"valueName":"search_term_string"}}],"inLanguage":"pt-PT"},{"@type":"Organization","@id":"https:\/\/www.csj-emballages.com\/pt-pt\/#Organization\/","name":"CSJ Emballages","url":"https:\/\/www.csj-emballages.com\/pt-pt\/","logo":{"@type":"ImageObject","inLanguage":"pt-PT","@id":"https:\/\/www.csj-emballages.com\/pt-pt\/#\/schema\/logo\/image\/","url":"https:\/\/www.csj-emballages.com\/wp-content\/uploads\/2023\/10\/logo_csj.webp","contentUrl":"https:\/\/www.csj-emballages.com\/wp-content\/uploads\/2023\/10\/logo_csj.webp","width":250,"height":95,"caption":"CSJ Emballages"},"image":{"@id":"https:\/\/www.csj-emballages.com\/pt-pt\/#\/schema\/logo\/image\/"},"sameAs":["https:\/\/www.facebook.com\/csjemballages"],"address":{"@type":"PostalAddress","streetAddress":"ZI La Lechere","addressLocality":"Patornay","postalCode":"39130","addressCountry":"FR"},"contactPoint":[{"@type":"ContactPoint","contactType":"Service client","telephone":"0384254272","email":"contact@csj-emballages.com"}]}]}},"df_price":16.07,"df_sale_price":"","df_regular_price":16.07,"df_image_link":"https:\/\/www.csj-emballages.com\/wp-content\/uploads\/2024\/03\/03256-300x300.webp","tiered_pricing_type":"fixed","tiered_pricing_fixed_rules":[],"tiered_pricing_percentage_rules":[],"tiered_pricing_minimum":1,"tiered_pricing_roles_data":[],"_links":{"self":[{"href":"https:\/\/www.csj-emballages.com\/pt-pt\/wp-json\/wp\/v2\/product\/17278","targetHints":{"allow":["GET"]}}],"collection":[{"href":"https:\/\/www.csj-emballages.com\/pt-pt\/wp-json\/wp\/v2\/product"}],"about":[{"href":"https:\/\/www.csj-emballages.com\/pt-pt\/wp-json\/wp\/v2\/types\/product"}],"wp:featuredmedia":[{"embeddable":true,"href":"https:\/\/www.csj-emballages.com\/pt-pt\/wp-json\/wp\/v2\/media\/235925"}],"wp:attachment":[{"href":"https:\/\/www.csj-emballages.com\/pt-pt\/wp-json\/wp\/v2\/media?parent=17278"}],"wp:term":[{"taxonomy":"product_brand","embeddable":true,"href":"https:\/\/www.csj-emballages.com\/pt-pt\/wp-json\/wp\/v2\/product_brand?post=17278"},{"taxonomy":"product_cat","embeddable":true,"href":"https:\/\/www.csj-emballages.com\/pt-pt\/wp-json\/wp\/v2\/product_cat?post=17278"},{"taxonomy":"product_tag","embeddable":true,"href":"https:\/\/www.csj-emballages.com\/pt-pt\/wp-json\/wp\/v2\/product_tag?post=17278"}],"curies":[{"name":"wp","href":"https:\/\/api.w.org\/{rel}","templated":true}]}}