{"id":17275,"date":"2024-03-01T17:00:15","date_gmt":"2024-03-01T16:00:15","guid":{"rendered":"https:\/\/u15jnbdpoq.preview.infomaniak.website\/produit\/sabonete-neutro-bactericida-para-as-maos-5-litros\/"},"modified":"2026-04-30T16:00:21","modified_gmt":"2026-04-30T14:00:21","slug":"sabonete-neutro-bactericida-para-as-maos-5-litros","status":"publish","type":"product","link":"https:\/\/www.csj-emballages.com\/pt-pt\/produit\/sabonete-neutro-bactericida-para-as-maos-5-litros\/","title":{"rendered":"Lo\u00e7\u00e3o de lavagem e desinfe\u00e7\u00e3o das m\u00e3os 5 litros"},"content":{"rendered":"<h2 class=\"p1\">Lo\u00e7\u00e3o para lavagem das m\u00e3os<\/h2>\n<hr>\n<h3>Descubra a nossa lo\u00e7\u00e3o de lavagem e desinfe\u00e7\u00e3o das m\u00e3os 5 litros<\/h3>\n<p><!--more--><\/p>\n<p data-start=\"254\" data-end=\"673\">A lo\u00e7\u00e3o<strong> de lavagem e desinfe\u00e7\u00e3o das m\u00e3os 5 litros<\/strong> \u00e9 uma solu\u00e7\u00e3o completa para garantir uma higiene eficaz das m\u00e3os em ambiente profissional. Em primeiro lugar, concebida para responder \u00e0s exig\u00eancias rigorosas de setores sens\u00edveis, esta lo\u00e7\u00e3o \u00e9 especialmente recomendada para <strong>ambientes agroalimentares, coletividades, cozinhas profissionais, unidades de sa\u00fade e ambientes<\/strong> que exigem um elevado n\u00edvel de higiene. <\/p>\n<p data-start=\"675\" data-end=\"1011\"><strong>De facto, a Lotion\u2019Des<\/strong> combina uma a\u00e7\u00e3o de lavagem e desinfe\u00e7\u00e3o num \u00fanico gesto, permitindo limpar as m\u00e3os e, ao mesmo tempo, eliminar os microrganismos. A sua f\u00f3rmula \u00e9 adequada para uso frequente, garantindo uma higiene ideal sem agredir a pele. Contribui para manter condi\u00e7\u00f5es sanit\u00e1rias em conformidade com os protocolos em vigor.  <\/p>\n<p data-start=\"1013\" data-end=\"1340\">Do mesmo modo, apresentada em <strong>bid\u00e3o de 5 litros<\/strong>, esta <strong>lo\u00e7\u00e3o<\/strong> \u00e9 ideal para uma utiliza\u00e7\u00e3o regular e intensiva. Gra\u00e7as ao seu formato econ\u00f3mico, \u00e9 perfeitamente adequada para dispensadores de parede e postos de lavagem em empresa. Al\u00e9m disso, facilita a gest\u00e3o de stocks, assegurando a continuidade do abastecimento em ambientes de elevada aflu\u00eancia.  <\/p>\n<p data-start=\"1342\" data-end=\"1616\">Fabricada em Fran\u00e7a, a <strong>lo\u00e7\u00e3o de lavagem<\/strong> e desinfe\u00e7\u00e3o das m\u00e3os oferece uma garantia de qualidade e rastreabilidade. Em suma, responde \u00e0s expectativas dos profissionais que procuram uma solu\u00e7\u00e3o fi\u00e1vel, eficaz e adequada \u00e0s exig\u00eancias regulamentares dos setores alimentar e coletivo. <\/p>\n<p data-start=\"1342\" data-end=\"1616\">\n<p><!--more--><\/p>\n<h4><strong>Vantagens :<\/strong><\/h4>\n<ul>\n<li data-start=\"1654\" data-end=\"1704\"><strong>A\u00e7\u00e3o de lavagem e desinfe\u00e7\u00e3o<\/strong> num \u00fanico gesto.<\/li>\n<li data-start=\"1707\" data-end=\"1762\">Adequada para ambientes agroalimentares e coletividades.<\/li>\n<li data-start=\"1765\" data-end=\"1804\">F\u00f3rmula concebida para uso frequente.<\/li>\n<li data-start=\"1807\" data-end=\"1854\">Contribui para o cumprimento dos protocolos de higiene.<\/li>\n<li data-start=\"1857\" data-end=\"1885\">Formato econ\u00f3mico <strong>5 litros<\/strong>.<\/li>\n<li data-start=\"1888\" data-end=\"1934\">Compat\u00edvel com dispensadores profissionais.<\/li>\n<li data-start=\"1937\" data-end=\"1965\">Produto fabricado em Fran\u00e7a.<\/li>\n<\/ul>\n<p>&nbsp;<\/p>\n<p><!--more--><\/p>\n<h4>Outras informa\u00e7\u00f5es :<\/h4>\n<ul>\n<li><strong>Embalagem<\/strong>: Por unidade<\/li>\n<li><strong>Utiliza\u00e7\u00e3o<\/strong>: Lo\u00e7\u00e3o desinfetante para as m\u00e3os<\/li>\n<li><strong>Cor<\/strong>: Incolor<\/li>\n<li><strong>Dose\/bomba<\/strong>: 3 ml<\/li>\n<li><strong>Volume<\/strong>: 5 litros<\/li>\n<\/ul>\n<p>&nbsp;<\/p>\n<p><!--more--><\/p>\n<p>Encontre aqui a nossa recarga de sabonete 900 ml para dispensador: <span style=\"color: #d12727;\"><a style=\"color: #d12727;\" href=\"https:\/\/www.csj-emballages.com\/es\/produit\/dispensador-de-cartucho-de-jabon-de-900-ml-03ds080001\/\">03HAIRBODY<\/a><\/span><\/p>\n<p>&nbsp;<\/p>\n<p><!--more--><\/p>\n<p><a href=\"https:\/\/www.csj-emballages.com\/pt-pt\/categorie-produit\/higiene-e-manutencao\/produtos-de-limpeza\/higiene-pessoal\/sabonete-para-as-maos\/\">Ver o resto da nossa gama de sabonetes para as m\u00e3os<\/a><\/p>\n","protected":false},"excerpt":{"rendered":"<p>Lo\u00e7\u00e3o para lavagem das m\u00e3os Descubra a nossa lo\u00e7\u00e3o de lavagem e desinfe\u00e7\u00e3o das m\u00e3os 5 litros<\/p>\n","protected":false},"featured_media":264234,"template":"","meta":{"_acf_changed":false},"product_brand":[],"product_cat":[1222,1223,1356,1357],"product_tag":[],"class_list":{"0":"post-17275","1":"product","2":"type-product","3":"status-publish","4":"has-post-thumbnail","6":"product_cat-higiene-e-manutencao","7":"product_cat-produtos-de-limpeza","8":"product_cat-higiene-pessoal","9":"product_cat-sabonete-para-as-maos","10":"product_shipping_class-nao-e-permitido-em-reles","12":"first","13":"instock","14":"taxable","15":"shipping-taxable","16":"purchasable","17":"product-type-simple"},"acf":[],"yoast_head":"<!-- This site is optimized with the Yoast SEO Premium plugin v26.6 (Yoast SEO v26.6) - https:\/\/yoast.com\/wordpress\/plugins\/seo\/ -->\n<title>Lo\u00e7\u00e3o de Lavagem e Desinfe\u00e7\u00e3o das M\u00e3os 5 Litros<\/title>\n<meta name=\"description\" content=\"Lo\u00e7\u00e3o de lavagem e desinfe\u00e7\u00e3o das m\u00e3os 5 litros, ideal para a ind\u00fastria agroalimentar e coletividades. Fabrico franc\u00eas, higiene profissional eficaz.\" \/>\n<meta name=\"robots\" content=\"index, follow, max-snippet:-1, max-image-preview:large, max-video-preview:-1\" \/>\n<link rel=\"canonical\" href=\"https:\/\/www.csj-emballages.com\/pt-pt\/produit\/sabonete-neutro-bactericida-para-as-maos-5-litros\/\" \/>\n<meta property=\"og:locale\" content=\"pt_PT\" \/>\n<meta property=\"og:type\" content=\"article\" \/>\n<meta property=\"og:title\" content=\"Lo\u00e7\u00e3o de lavagem e desinfe\u00e7\u00e3o das m\u00e3os 5 litros\" \/>\n<meta property=\"og:description\" content=\"Lo\u00e7\u00e3o de lavagem e desinfe\u00e7\u00e3o das m\u00e3os 5 litros, ideal para a ind\u00fastria agroalimentar e coletividades. Fabrico franc\u00eas, higiene profissional eficaz.\" \/>\n<meta property=\"og:url\" content=\"https:\/\/www.csj-emballages.com\/pt-pt\/produit\/sabonete-neutro-bactericida-para-as-maos-5-litros\/\" \/>\n<meta property=\"og:site_name\" content=\"CSJ Emballages\" \/>\n<meta property=\"article:publisher\" content=\"https:\/\/www.facebook.com\/csjemballages\" \/>\n<meta property=\"article:modified_time\" content=\"2026-04-30T14:00:21+00:00\" \/>\n<meta property=\"og:image\" content=\"https:\/\/www.csj-emballages.com\/wp-content\/uploads\/2024\/03\/04255.webp\" \/>\n\t<meta property=\"og:image:width\" content=\"800\" \/>\n\t<meta property=\"og:image:height\" content=\"800\" \/>\n\t<meta property=\"og:image:type\" content=\"image\/webp\" \/>\n<meta name=\"twitter:card\" content=\"summary_large_image\" \/>\n<meta name=\"twitter:label1\" content=\"Tempo estimado de leitura\" \/>\n\t<meta name=\"twitter:data1\" content=\"2 minutos\" \/>\n<script type=\"application\/ld+json\" class=\"yoast-schema-graph\">{\"@context\":\"https:\/\/schema.org\",\"@graph\":[{\"@type\":\"WebPage\",\"@id\":\"https:\/\/www.csj-emballages.com\/pt-pt\/produit\/sabonete-neutro-bactericida-para-as-maos-5-litros\/\",\"url\":\"https:\/\/www.csj-emballages.com\/pt-pt\/produit\/sabonete-neutro-bactericida-para-as-maos-5-litros\/\",\"name\":\"Lo\u00e7\u00e3o de Lavagem e Desinfe\u00e7\u00e3o das M\u00e3os 5 Litros\",\"isPartOf\":{\"@id\":\"https:\/\/www.csj-emballages.com\/pt-pt\/#website\"},\"primaryImageOfPage\":{\"@id\":\"https:\/\/www.csj-emballages.com\/pt-pt\/produit\/sabonete-neutro-bactericida-para-as-maos-5-litros\/#primaryimage\"},\"image\":{\"@id\":\"https:\/\/www.csj-emballages.com\/pt-pt\/produit\/sabonete-neutro-bactericida-para-as-maos-5-litros\/#primaryimage\"},\"thumbnailUrl\":\"https:\/\/www.csj-emballages.com\/wp-content\/uploads\/2024\/03\/04255.webp\",\"datePublished\":\"2024-03-01T16:00:15+00:00\",\"dateModified\":\"2026-04-30T14:00:21+00:00\",\"description\":\"Lo\u00e7\u00e3o de lavagem e desinfe\u00e7\u00e3o das m\u00e3os 5 litros, ideal para a ind\u00fastria agroalimentar e coletividades. Fabrico franc\u00eas, higiene profissional eficaz.\",\"breadcrumb\":{\"@id\":\"https:\/\/www.csj-emballages.com\/pt-pt\/produit\/sabonete-neutro-bactericida-para-as-maos-5-litros\/#breadcrumb\"},\"inLanguage\":\"pt-PT\",\"potentialAction\":[{\"@type\":\"ReadAction\",\"target\":[\"https:\/\/www.csj-emballages.com\/pt-pt\/produit\/sabonete-neutro-bactericida-para-as-maos-5-litros\/\"]}]},{\"@type\":\"ImageObject\",\"inLanguage\":\"pt-PT\",\"@id\":\"https:\/\/www.csj-emballages.com\/pt-pt\/produit\/sabonete-neutro-bactericida-para-as-maos-5-litros\/#primaryimage\",\"url\":\"https:\/\/www.csj-emballages.com\/wp-content\/uploads\/2024\/03\/04255.webp\",\"contentUrl\":\"https:\/\/www.csj-emballages.com\/wp-content\/uploads\/2024\/03\/04255.webp\",\"width\":800,\"height\":800,\"caption\":\"Lotion lavante mains\"},{\"@type\":\"BreadcrumbList\",\"@id\":\"https:\/\/www.csj-emballages.com\/pt-pt\/produit\/sabonete-neutro-bactericida-para-as-maos-5-litros\/#breadcrumb\",\"itemListElement\":[{\"@type\":\"ListItem\",\"position\":1,\"name\":\"Acolhimento\",\"item\":\"https:\/\/www.csj-emballages.com\/pt-pt\/universo-das-embalagens-alimentares\/\"},{\"@type\":\"ListItem\",\"position\":2,\"name\":\"Shop\",\"item\":\"https:\/\/www.csj-emballages.com\/shop\/\"},{\"@type\":\"ListItem\",\"position\":3,\"name\":\"Lo\u00e7\u00e3o de lavagem e desinfe\u00e7\u00e3o das m\u00e3os 5 litros\"}]},{\"@type\":\"WebSite\",\"@id\":\"https:\/\/www.csj-emballages.com\/pt-pt\/#website\",\"url\":\"https:\/\/www.csj-emballages.com\/pt-pt\/\",\"name\":\"CSJ Emballages\",\"description\":\"\",\"publisher\":{\"@id\":\"https:\/\/www.csj-emballages.com\/pt-pt\/#organization\"},\"potentialAction\":[{\"@type\":\"SearchAction\",\"target\":{\"@type\":\"EntryPoint\",\"urlTemplate\":\"https:\/\/www.csj-emballages.com\/pt-pt\/?s={search_term_string}\"},\"query-input\":{\"@type\":\"PropertyValueSpecification\",\"valueRequired\":true,\"valueName\":\"search_term_string\"}}],\"inLanguage\":\"pt-PT\"},{\"@type\":\"Organization\",\"@id\":\"https:\/\/www.csj-emballages.com\/pt-pt\/#Organization\/\",\"name\":\"CSJ Emballages\",\"url\":\"https:\/\/www.csj-emballages.com\/pt-pt\/\",\"logo\":{\"@type\":\"ImageObject\",\"inLanguage\":\"pt-PT\",\"@id\":\"https:\/\/www.csj-emballages.com\/pt-pt\/#\/schema\/logo\/image\/\",\"url\":\"https:\/\/www.csj-emballages.com\/wp-content\/uploads\/2023\/10\/logo_csj.webp\",\"contentUrl\":\"https:\/\/www.csj-emballages.com\/wp-content\/uploads\/2023\/10\/logo_csj.webp\",\"width\":250,\"height\":95,\"caption\":\"CSJ Emballages\"},\"image\":{\"@id\":\"https:\/\/www.csj-emballages.com\/pt-pt\/#\/schema\/logo\/image\/\"},\"sameAs\":[\"https:\/\/www.facebook.com\/csjemballages\"],\"address\":{\"@type\":\"PostalAddress\",\"streetAddress\":\"ZI La Lechere\",\"addressLocality\":\"Patornay\",\"postalCode\":\"39130\",\"addressCountry\":\"FR\"},\"contactPoint\":[{\"@type\":\"ContactPoint\",\"contactType\":\"Service client\",\"telephone\":\"0384254272\",\"email\":\"contact@csj-emballages.com\"}]}]}<\/script>\n<!-- \/ Yoast SEO Premium plugin. -->","yoast_head_json":{"title":"Lo\u00e7\u00e3o de Lavagem e Desinfe\u00e7\u00e3o das M\u00e3os 5 Litros","description":"Lo\u00e7\u00e3o de lavagem e desinfe\u00e7\u00e3o das m\u00e3os 5 litros, ideal para a ind\u00fastria agroalimentar e coletividades. Fabrico franc\u00eas, higiene profissional eficaz.","robots":{"index":"index","follow":"follow","max-snippet":"max-snippet:-1","max-image-preview":"max-image-preview:large","max-video-preview":"max-video-preview:-1"},"canonical":"https:\/\/www.csj-emballages.com\/pt-pt\/produit\/sabonete-neutro-bactericida-para-as-maos-5-litros\/","og_locale":"pt_PT","og_type":"article","og_title":"Lo\u00e7\u00e3o de lavagem e desinfe\u00e7\u00e3o das m\u00e3os 5 litros","og_description":"Lo\u00e7\u00e3o de lavagem e desinfe\u00e7\u00e3o das m\u00e3os 5 litros, ideal para a ind\u00fastria agroalimentar e coletividades. Fabrico franc\u00eas, higiene profissional eficaz.","og_url":"https:\/\/www.csj-emballages.com\/pt-pt\/produit\/sabonete-neutro-bactericida-para-as-maos-5-litros\/","og_site_name":"CSJ Emballages","article_publisher":"https:\/\/www.facebook.com\/csjemballages","article_modified_time":"2026-04-30T14:00:21+00:00","og_image":[{"width":800,"height":800,"url":"https:\/\/www.csj-emballages.com\/wp-content\/uploads\/2024\/03\/04255.webp","type":"image\/webp"}],"twitter_card":"summary_large_image","twitter_misc":{"Tempo estimado de leitura":"2 minutos"},"schema":{"@context":"https:\/\/schema.org","@graph":[{"@type":"WebPage","@id":"https:\/\/www.csj-emballages.com\/pt-pt\/produit\/sabonete-neutro-bactericida-para-as-maos-5-litros\/","url":"https:\/\/www.csj-emballages.com\/pt-pt\/produit\/sabonete-neutro-bactericida-para-as-maos-5-litros\/","name":"Lo\u00e7\u00e3o de Lavagem e Desinfe\u00e7\u00e3o das M\u00e3os 5 Litros","isPartOf":{"@id":"https:\/\/www.csj-emballages.com\/pt-pt\/#website"},"primaryImageOfPage":{"@id":"https:\/\/www.csj-emballages.com\/pt-pt\/produit\/sabonete-neutro-bactericida-para-as-maos-5-litros\/#primaryimage"},"image":{"@id":"https:\/\/www.csj-emballages.com\/pt-pt\/produit\/sabonete-neutro-bactericida-para-as-maos-5-litros\/#primaryimage"},"thumbnailUrl":"https:\/\/www.csj-emballages.com\/wp-content\/uploads\/2024\/03\/04255.webp","datePublished":"2024-03-01T16:00:15+00:00","dateModified":"2026-04-30T14:00:21+00:00","description":"Lo\u00e7\u00e3o de lavagem e desinfe\u00e7\u00e3o das m\u00e3os 5 litros, ideal para a ind\u00fastria agroalimentar e coletividades. Fabrico franc\u00eas, higiene profissional eficaz.","breadcrumb":{"@id":"https:\/\/www.csj-emballages.com\/pt-pt\/produit\/sabonete-neutro-bactericida-para-as-maos-5-litros\/#breadcrumb"},"inLanguage":"pt-PT","potentialAction":[{"@type":"ReadAction","target":["https:\/\/www.csj-emballages.com\/pt-pt\/produit\/sabonete-neutro-bactericida-para-as-maos-5-litros\/"]}]},{"@type":"ImageObject","inLanguage":"pt-PT","@id":"https:\/\/www.csj-emballages.com\/pt-pt\/produit\/sabonete-neutro-bactericida-para-as-maos-5-litros\/#primaryimage","url":"https:\/\/www.csj-emballages.com\/wp-content\/uploads\/2024\/03\/04255.webp","contentUrl":"https:\/\/www.csj-emballages.com\/wp-content\/uploads\/2024\/03\/04255.webp","width":800,"height":800,"caption":"Lotion lavante mains"},{"@type":"BreadcrumbList","@id":"https:\/\/www.csj-emballages.com\/pt-pt\/produit\/sabonete-neutro-bactericida-para-as-maos-5-litros\/#breadcrumb","itemListElement":[{"@type":"ListItem","position":1,"name":"Acolhimento","item":"https:\/\/www.csj-emballages.com\/pt-pt\/universo-das-embalagens-alimentares\/"},{"@type":"ListItem","position":2,"name":"Shop","item":"https:\/\/www.csj-emballages.com\/shop\/"},{"@type":"ListItem","position":3,"name":"Lo\u00e7\u00e3o de lavagem e desinfe\u00e7\u00e3o das m\u00e3os 5 litros"}]},{"@type":"WebSite","@id":"https:\/\/www.csj-emballages.com\/pt-pt\/#website","url":"https:\/\/www.csj-emballages.com\/pt-pt\/","name":"CSJ Emballages","description":"","publisher":{"@id":"https:\/\/www.csj-emballages.com\/pt-pt\/#organization"},"potentialAction":[{"@type":"SearchAction","target":{"@type":"EntryPoint","urlTemplate":"https:\/\/www.csj-emballages.com\/pt-pt\/?s={search_term_string}"},"query-input":{"@type":"PropertyValueSpecification","valueRequired":true,"valueName":"search_term_string"}}],"inLanguage":"pt-PT"},{"@type":"Organization","@id":"https:\/\/www.csj-emballages.com\/pt-pt\/#Organization\/","name":"CSJ Emballages","url":"https:\/\/www.csj-emballages.com\/pt-pt\/","logo":{"@type":"ImageObject","inLanguage":"pt-PT","@id":"https:\/\/www.csj-emballages.com\/pt-pt\/#\/schema\/logo\/image\/","url":"https:\/\/www.csj-emballages.com\/wp-content\/uploads\/2023\/10\/logo_csj.webp","contentUrl":"https:\/\/www.csj-emballages.com\/wp-content\/uploads\/2023\/10\/logo_csj.webp","width":250,"height":95,"caption":"CSJ Emballages"},"image":{"@id":"https:\/\/www.csj-emballages.com\/pt-pt\/#\/schema\/logo\/image\/"},"sameAs":["https:\/\/www.facebook.com\/csjemballages"],"address":{"@type":"PostalAddress","streetAddress":"ZI La Lechere","addressLocality":"Patornay","postalCode":"39130","addressCountry":"FR"},"contactPoint":[{"@type":"ContactPoint","contactType":"Service client","telephone":"0384254272","email":"contact@csj-emballages.com"}]}]}},"df_price":16.78,"df_sale_price":"","df_regular_price":16.78,"df_image_link":"https:\/\/www.csj-emballages.com\/wp-content\/uploads\/2024\/03\/04255-300x300.webp","tiered_pricing_type":"fixed","tiered_pricing_fixed_rules":[],"tiered_pricing_percentage_rules":[],"tiered_pricing_minimum":1,"tiered_pricing_roles_data":[],"_links":{"self":[{"href":"https:\/\/www.csj-emballages.com\/pt-pt\/wp-json\/wp\/v2\/product\/17275","targetHints":{"allow":["GET"]}}],"collection":[{"href":"https:\/\/www.csj-emballages.com\/pt-pt\/wp-json\/wp\/v2\/product"}],"about":[{"href":"https:\/\/www.csj-emballages.com\/pt-pt\/wp-json\/wp\/v2\/types\/product"}],"wp:featuredmedia":[{"embeddable":true,"href":"https:\/\/www.csj-emballages.com\/pt-pt\/wp-json\/wp\/v2\/media\/264234"}],"wp:attachment":[{"href":"https:\/\/www.csj-emballages.com\/pt-pt\/wp-json\/wp\/v2\/media?parent=17275"}],"wp:term":[{"taxonomy":"product_brand","embeddable":true,"href":"https:\/\/www.csj-emballages.com\/pt-pt\/wp-json\/wp\/v2\/product_brand?post=17275"},{"taxonomy":"product_cat","embeddable":true,"href":"https:\/\/www.csj-emballages.com\/pt-pt\/wp-json\/wp\/v2\/product_cat?post=17275"},{"taxonomy":"product_tag","embeddable":true,"href":"https:\/\/www.csj-emballages.com\/pt-pt\/wp-json\/wp\/v2\/product_tag?post=17275"}],"curies":[{"name":"wp","href":"https:\/\/api.w.org\/{rel}","templated":true}]}}