{"id":17267,"date":"2024-03-01T17:00:16","date_gmt":"2024-03-01T16:00:16","guid":{"rendered":"https:\/\/u15jnbdpoq.preview.infomaniak.website\/produit\/frasco-de-sabonete-de-limpeza-para-peles-sensiveis-bomba-500ml\/"},"modified":"2026-05-06T16:00:28","modified_gmt":"2026-05-06T14:00:28","slug":"frasco-de-sabonete-de-limpeza-para-peles-sensiveis-bomba-500ml","status":"publish","type":"product","link":"https:\/\/www.csj-emballages.com\/pt-pt\/produit\/frasco-de-sabonete-de-limpeza-para-peles-sensiveis-bomba-500ml\/","title":{"rendered":"Lo\u00e7\u00e3o para lavagem das m\u00e3os com bomba 500ml"},"content":{"rendered":"<h2 class=\"p1 ai-optimize-33 ai-optimize-introduction\">Lo\u00e7\u00e3o para lavagem das m\u00e3os<\/h2>\n<hr>\n<h3 class=\"ai-optimize-34\">Descri\u00e7\u00e3o da nossa lo\u00e7\u00e3o para lavagem das m\u00e3os com bomba 500 ml<\/h3>\n<p><!--more--><\/p>\n<p class=\"ai-optimize-35 ai-optimize-introduction\" data-start=\"37\" data-end=\"480\">Adopte uma higiene eficaz das m\u00e3os, respeitando a sua pele e o ambiente, com esta <strong data-start=\"136\" data-end=\"180\">lo\u00e7\u00e3o para lavagem das m\u00e3os de 500 ml com bomba<\/strong>. Concebida para utiliza\u00e7\u00e3o di\u00e1ria, esta <strong>lo\u00e7\u00e3o<\/strong> faz parte de uma <strong data-start=\"245\" data-end=\"265\">gama ecol\u00f3gica<\/strong>, formulada com<strong data-start=\"287\" data-end=\"311\">ingredientes naturais<\/strong> cuidadosamente selecionados. Sem subst\u00e2ncias agressivas, tem uma <g id=\"gid_4\">f\u00f3rmula suave<\/g> que limpa eficazmente sem secar, mesmo ap\u00f3s v\u00e1rias lavagens por dia. A <g id=\"gid_5\">delicada fragr\u00e2ncia de Arando e Rom\u00e3<\/g> transforma cada lavagem das m\u00e3os num momento de frescura. Estas notas frutadas deixam uma <strong data-start=\"635\" data-end=\"656\">fragr\u00e2ncia subtil<\/strong> na pele, agrad\u00e1vel tanto em casa como no local de trabalho.    <\/p>\n<p class=\"ai-optimize-37\" data-start=\"731\" data-end=\"1138\">Pr\u00e1tica e funcional, esta <strong>lo\u00e7\u00e3o<\/strong> \u00e9 apresentada num <strong data-start=\"796\" data-end=\"836\">frasco de 500 ml com bomba<\/strong> para uma <strong data-start=\"853\" data-end=\"892\">utiliza\u00e7\u00e3o higi\u00e9nica e controlada<\/strong>, ideal em locais de grande movimento como escrit\u00f3rios, restaurantes, hot\u00e9is, estabelecimentos de sa\u00fade ou simplesmente em casa. A sua textura fluida \u00e9 f\u00e1cil de enxaguar, deixando as m\u00e3os <strong data-start=\"1092\" data-end=\"1137\">macias, limpas e agradavelmente perfumadas<\/strong>. <\/p>\n<p class=\"ai-optimize-38\" data-start=\"1140\" data-end=\"1390\">Com esta <strong>lo\u00e7\u00e3o de limpeza<\/strong>, \u00e9 poss\u00edvel combinar <strong data-start=\"1181\" data-end=\"1229\">efic\u00e1cia, conforto e compromisso com o ambiente<\/strong>. \u00c9 perfeita para profissionais e consumidores que desejam combinar higiene, prazer de utiliza\u00e7\u00e3o e respeito pelo ambiente. <\/p>\n<p><!--more--><\/p>\n<h4 class=\"ai-optimize-37\"><strong>Vantagens:<\/strong><\/h4>\n<ul>\n<li class=\"ai-optimize-38\"><strong>Gama ecol\u00f3gica<\/strong>: fabricada com ingredientes naturais e biodegrad\u00e1veis.<\/li>\n<li class=\"ai-optimize-39\"><strong>Fragr\u00e2ncia agrad\u00e1vel<\/strong>: Arando e Rom\u00e3, para um toque fresco e frutado.<\/li>\n<li class=\"ai-optimize-40\"><strong>Formato<\/strong> <strong>pr\u00e1tico<\/strong>: frasco doseador de 500 ml, higi\u00e9nico e f\u00e1cil de dosear.<\/li>\n<li class=\"ai-optimize-42\"><strong>Utiliza\u00e7\u00e3o di\u00e1ria<\/strong>: suave para a pele, mesmo ap\u00f3s v\u00e1rias lavagens.<\/li>\n<li class=\"ai-optimize-46\">Ideal para todos os ambientes: casa, escrit\u00f3rio, locais p\u00fablicos.<\/li>\n<\/ul>\n<p>&nbsp;<\/p>\n<p><!--more--><\/p>\n<h4 class=\"ai-optimize-44\">Outras informa\u00e7\u00f5es :<\/h4>\n<ul>\n<li class=\"ai-optimize-45\"><strong>Embalagem<\/strong>: Simples + bomba<\/li>\n<li class=\"ai-optimize-47\"><strong>Utiliza\u00e7\u00e3o<\/strong>: Lo\u00e7\u00e3o para lavagem das m\u00e3os<\/li>\n<li class=\"ai-optimize-32\"><strong>Cor<\/strong>: Rosa<\/li>\n<li class=\"ai-optimize-35\"><strong>Volume<\/strong>: 500 ml<\/li>\n<li class=\"ai-optimize-47\"><strong>Fragr\u00e2ncia<\/strong>: Arando \/ Rom\u00e3<\/li>\n<\/ul>\n<p>&nbsp;<\/p>\n<p><!--more--><\/p>\n<p class=\"ai-optimize-34\">Encontre aqui o nosso gel de sab\u00e3o para as m\u00e3os de 5 litros: <span style=\"color: #d12727\"><a style=\"color: #d12727\" href=\"https:\/\/www.csj-emballages.com\/es\/produit\/jabon-de-manos-en-gel-5-litros\/\"><span style=\"color: #d12727\">00105<\/span><\/a><\/span><\/p>\n<p>&nbsp;<\/p>\n<p><!--more--><\/p>\n<p class=\"ai-optimize-41\"><a href=\"https:\/\/www.csj-emballages.com\/pt-pt\/categorie-produit\/higiene-e-manutencao\/produtos-de-limpeza\/higiene-pessoal\/sabonete-para-as-maos\/\">Ver o resto da nossa gama de sabonetes para as m\u00e3os<\/a><\/p>\n","protected":false},"excerpt":{"rendered":"<p>Lo\u00e7\u00e3o para lavagem das m\u00e3os Descri\u00e7\u00e3o da nossa lo\u00e7\u00e3o para lavagem das m\u00e3os com bomba 500 ml<\/p>\n","protected":false},"featured_media":236042,"template":"","meta":{"_acf_changed":false},"product_brand":[],"product_cat":[1222,1223,1412,1356,1357],"product_tag":[],"class_list":{"0":"post-17267","1":"product","2":"type-product","3":"status-publish","4":"has-post-thumbnail","6":"product_cat-higiene-e-manutencao","7":"product_cat-produtos-de-limpeza","8":"product_cat-area-ecologica","9":"product_cat-higiene-pessoal","10":"product_cat-sabonete-para-as-maos","12":"first","13":"instock","14":"taxable","15":"shipping-taxable","16":"purchasable","17":"product-type-simple"},"acf":[],"yoast_head":"<!-- This site is optimized with the Yoast SEO Premium plugin v26.6 (Yoast SEO v26.6) - https:\/\/yoast.com\/wordpress\/plugins\/seo\/ -->\n<title>Lavagem das m\u00e3os com bomba 500 ml<\/title>\n<meta name=\"description\" content=\"Lo\u00e7\u00e3o ecol\u00f3gica para lavagem das m\u00e3os 500 ml com fragr\u00e2ncia frutada de arando e rom\u00e3. F\u00f3rmula suave com bomba pr\u00e1tica para uso quotidiano.\" \/>\n<meta name=\"robots\" content=\"index, follow, max-snippet:-1, max-image-preview:large, max-video-preview:-1\" \/>\n<link rel=\"canonical\" href=\"https:\/\/www.csj-emballages.com\/pt-pt\/produit\/frasco-de-sabonete-de-limpeza-para-peles-sensiveis-bomba-500ml\/\" \/>\n<meta property=\"og:locale\" content=\"pt_PT\" \/>\n<meta property=\"og:type\" content=\"article\" \/>\n<meta property=\"og:title\" content=\"Lo\u00e7\u00e3o para lavagem das m\u00e3os com bomba 500ml\" \/>\n<meta property=\"og:description\" content=\"Lo\u00e7\u00e3o ecol\u00f3gica para lavagem das m\u00e3os 500 ml com fragr\u00e2ncia frutada de arando e rom\u00e3. F\u00f3rmula suave com bomba pr\u00e1tica para uso quotidiano.\" \/>\n<meta property=\"og:url\" content=\"https:\/\/www.csj-emballages.com\/pt-pt\/produit\/frasco-de-sabonete-de-limpeza-para-peles-sensiveis-bomba-500ml\/\" \/>\n<meta property=\"og:site_name\" content=\"CSJ Emballages\" \/>\n<meta property=\"article:publisher\" content=\"https:\/\/www.facebook.com\/csjemballages\" \/>\n<meta property=\"article:modified_time\" content=\"2026-05-06T14:00:28+00:00\" \/>\n<meta property=\"og:image\" content=\"https:\/\/www.csj-emballages.com\/wp-content\/uploads\/2024\/03\/0397.webp\" \/>\n\t<meta property=\"og:image:width\" content=\"800\" \/>\n\t<meta property=\"og:image:height\" content=\"800\" \/>\n\t<meta property=\"og:image:type\" content=\"image\/webp\" \/>\n<meta name=\"twitter:card\" content=\"summary_large_image\" \/>\n<meta name=\"twitter:label1\" content=\"Tempo estimado de leitura\" \/>\n\t<meta name=\"twitter:data1\" content=\"2 minutos\" \/>\n<script type=\"application\/ld+json\" class=\"yoast-schema-graph\">{\"@context\":\"https:\/\/schema.org\",\"@graph\":[{\"@type\":\"WebPage\",\"@id\":\"https:\/\/www.csj-emballages.com\/pt-pt\/produit\/frasco-de-sabonete-de-limpeza-para-peles-sensiveis-bomba-500ml\/\",\"url\":\"https:\/\/www.csj-emballages.com\/pt-pt\/produit\/frasco-de-sabonete-de-limpeza-para-peles-sensiveis-bomba-500ml\/\",\"name\":\"Lavagem das m\u00e3os com bomba 500 ml\",\"isPartOf\":{\"@id\":\"https:\/\/www.csj-emballages.com\/pt-pt\/#website\"},\"primaryImageOfPage\":{\"@id\":\"https:\/\/www.csj-emballages.com\/pt-pt\/produit\/frasco-de-sabonete-de-limpeza-para-peles-sensiveis-bomba-500ml\/#primaryimage\"},\"image\":{\"@id\":\"https:\/\/www.csj-emballages.com\/pt-pt\/produit\/frasco-de-sabonete-de-limpeza-para-peles-sensiveis-bomba-500ml\/#primaryimage\"},\"thumbnailUrl\":\"https:\/\/www.csj-emballages.com\/wp-content\/uploads\/2024\/03\/0397.webp\",\"datePublished\":\"2024-03-01T16:00:16+00:00\",\"dateModified\":\"2026-05-06T14:00:28+00:00\",\"description\":\"Lo\u00e7\u00e3o ecol\u00f3gica para lavagem das m\u00e3os 500 ml com fragr\u00e2ncia frutada de arando e rom\u00e3. F\u00f3rmula suave com bomba pr\u00e1tica para uso quotidiano.\",\"breadcrumb\":{\"@id\":\"https:\/\/www.csj-emballages.com\/pt-pt\/produit\/frasco-de-sabonete-de-limpeza-para-peles-sensiveis-bomba-500ml\/#breadcrumb\"},\"inLanguage\":\"pt-PT\",\"potentialAction\":[{\"@type\":\"ReadAction\",\"target\":[\"https:\/\/www.csj-emballages.com\/pt-pt\/produit\/frasco-de-sabonete-de-limpeza-para-peles-sensiveis-bomba-500ml\/\"]}]},{\"@type\":\"ImageObject\",\"inLanguage\":\"pt-PT\",\"@id\":\"https:\/\/www.csj-emballages.com\/pt-pt\/produit\/frasco-de-sabonete-de-limpeza-para-peles-sensiveis-bomba-500ml\/#primaryimage\",\"url\":\"https:\/\/www.csj-emballages.com\/wp-content\/uploads\/2024\/03\/0397.webp\",\"contentUrl\":\"https:\/\/www.csj-emballages.com\/wp-content\/uploads\/2024\/03\/0397.webp\",\"width\":800,\"height\":800,\"caption\":\"Lotion lavante mains\u00a0\"},{\"@type\":\"BreadcrumbList\",\"@id\":\"https:\/\/www.csj-emballages.com\/pt-pt\/produit\/frasco-de-sabonete-de-limpeza-para-peles-sensiveis-bomba-500ml\/#breadcrumb\",\"itemListElement\":[{\"@type\":\"ListItem\",\"position\":1,\"name\":\"Acolhimento\",\"item\":\"https:\/\/www.csj-emballages.com\/pt-pt\/universo-das-embalagens-alimentares\/\"},{\"@type\":\"ListItem\",\"position\":2,\"name\":\"Shop\",\"item\":\"https:\/\/www.csj-emballages.com\/shop\/\"},{\"@type\":\"ListItem\",\"position\":3,\"name\":\"Lo\u00e7\u00e3o para lavagem das m\u00e3os com bomba 500ml\"}]},{\"@type\":\"WebSite\",\"@id\":\"https:\/\/www.csj-emballages.com\/pt-pt\/#website\",\"url\":\"https:\/\/www.csj-emballages.com\/pt-pt\/\",\"name\":\"CSJ Emballages\",\"description\":\"\",\"publisher\":{\"@id\":\"https:\/\/www.csj-emballages.com\/pt-pt\/#organization\"},\"potentialAction\":[{\"@type\":\"SearchAction\",\"target\":{\"@type\":\"EntryPoint\",\"urlTemplate\":\"https:\/\/www.csj-emballages.com\/pt-pt\/?s={search_term_string}\"},\"query-input\":{\"@type\":\"PropertyValueSpecification\",\"valueRequired\":true,\"valueName\":\"search_term_string\"}}],\"inLanguage\":\"pt-PT\"},{\"@type\":\"Organization\",\"@id\":\"https:\/\/www.csj-emballages.com\/pt-pt\/#Organization\/\",\"name\":\"CSJ Emballages\",\"url\":\"https:\/\/www.csj-emballages.com\/pt-pt\/\",\"logo\":{\"@type\":\"ImageObject\",\"inLanguage\":\"pt-PT\",\"@id\":\"https:\/\/www.csj-emballages.com\/pt-pt\/#\/schema\/logo\/image\/\",\"url\":\"https:\/\/www.csj-emballages.com\/wp-content\/uploads\/2023\/10\/logo_csj.webp\",\"contentUrl\":\"https:\/\/www.csj-emballages.com\/wp-content\/uploads\/2023\/10\/logo_csj.webp\",\"width\":250,\"height\":95,\"caption\":\"CSJ Emballages\"},\"image\":{\"@id\":\"https:\/\/www.csj-emballages.com\/pt-pt\/#\/schema\/logo\/image\/\"},\"sameAs\":[\"https:\/\/www.facebook.com\/csjemballages\"],\"address\":{\"@type\":\"PostalAddress\",\"streetAddress\":\"ZI La Lechere\",\"addressLocality\":\"Patornay\",\"postalCode\":\"39130\",\"addressCountry\":\"FR\"},\"contactPoint\":[{\"@type\":\"ContactPoint\",\"contactType\":\"Service client\",\"telephone\":\"0384254272\",\"email\":\"contact@csj-emballages.com\"}]}]}<\/script>\n<!-- \/ Yoast SEO Premium plugin. -->","yoast_head_json":{"title":"Lavagem das m\u00e3os com bomba 500 ml","description":"Lo\u00e7\u00e3o ecol\u00f3gica para lavagem das m\u00e3os 500 ml com fragr\u00e2ncia frutada de arando e rom\u00e3. F\u00f3rmula suave com bomba pr\u00e1tica para uso quotidiano.","robots":{"index":"index","follow":"follow","max-snippet":"max-snippet:-1","max-image-preview":"max-image-preview:large","max-video-preview":"max-video-preview:-1"},"canonical":"https:\/\/www.csj-emballages.com\/pt-pt\/produit\/frasco-de-sabonete-de-limpeza-para-peles-sensiveis-bomba-500ml\/","og_locale":"pt_PT","og_type":"article","og_title":"Lo\u00e7\u00e3o para lavagem das m\u00e3os com bomba 500ml","og_description":"Lo\u00e7\u00e3o ecol\u00f3gica para lavagem das m\u00e3os 500 ml com fragr\u00e2ncia frutada de arando e rom\u00e3. F\u00f3rmula suave com bomba pr\u00e1tica para uso quotidiano.","og_url":"https:\/\/www.csj-emballages.com\/pt-pt\/produit\/frasco-de-sabonete-de-limpeza-para-peles-sensiveis-bomba-500ml\/","og_site_name":"CSJ Emballages","article_publisher":"https:\/\/www.facebook.com\/csjemballages","article_modified_time":"2026-05-06T14:00:28+00:00","og_image":[{"width":800,"height":800,"url":"https:\/\/www.csj-emballages.com\/wp-content\/uploads\/2024\/03\/0397.webp","type":"image\/webp"}],"twitter_card":"summary_large_image","twitter_misc":{"Tempo estimado de leitura":"2 minutos"},"schema":{"@context":"https:\/\/schema.org","@graph":[{"@type":"WebPage","@id":"https:\/\/www.csj-emballages.com\/pt-pt\/produit\/frasco-de-sabonete-de-limpeza-para-peles-sensiveis-bomba-500ml\/","url":"https:\/\/www.csj-emballages.com\/pt-pt\/produit\/frasco-de-sabonete-de-limpeza-para-peles-sensiveis-bomba-500ml\/","name":"Lavagem das m\u00e3os com bomba 500 ml","isPartOf":{"@id":"https:\/\/www.csj-emballages.com\/pt-pt\/#website"},"primaryImageOfPage":{"@id":"https:\/\/www.csj-emballages.com\/pt-pt\/produit\/frasco-de-sabonete-de-limpeza-para-peles-sensiveis-bomba-500ml\/#primaryimage"},"image":{"@id":"https:\/\/www.csj-emballages.com\/pt-pt\/produit\/frasco-de-sabonete-de-limpeza-para-peles-sensiveis-bomba-500ml\/#primaryimage"},"thumbnailUrl":"https:\/\/www.csj-emballages.com\/wp-content\/uploads\/2024\/03\/0397.webp","datePublished":"2024-03-01T16:00:16+00:00","dateModified":"2026-05-06T14:00:28+00:00","description":"Lo\u00e7\u00e3o ecol\u00f3gica para lavagem das m\u00e3os 500 ml com fragr\u00e2ncia frutada de arando e rom\u00e3. F\u00f3rmula suave com bomba pr\u00e1tica para uso quotidiano.","breadcrumb":{"@id":"https:\/\/www.csj-emballages.com\/pt-pt\/produit\/frasco-de-sabonete-de-limpeza-para-peles-sensiveis-bomba-500ml\/#breadcrumb"},"inLanguage":"pt-PT","potentialAction":[{"@type":"ReadAction","target":["https:\/\/www.csj-emballages.com\/pt-pt\/produit\/frasco-de-sabonete-de-limpeza-para-peles-sensiveis-bomba-500ml\/"]}]},{"@type":"ImageObject","inLanguage":"pt-PT","@id":"https:\/\/www.csj-emballages.com\/pt-pt\/produit\/frasco-de-sabonete-de-limpeza-para-peles-sensiveis-bomba-500ml\/#primaryimage","url":"https:\/\/www.csj-emballages.com\/wp-content\/uploads\/2024\/03\/0397.webp","contentUrl":"https:\/\/www.csj-emballages.com\/wp-content\/uploads\/2024\/03\/0397.webp","width":800,"height":800,"caption":"Lotion lavante mains\u00a0"},{"@type":"BreadcrumbList","@id":"https:\/\/www.csj-emballages.com\/pt-pt\/produit\/frasco-de-sabonete-de-limpeza-para-peles-sensiveis-bomba-500ml\/#breadcrumb","itemListElement":[{"@type":"ListItem","position":1,"name":"Acolhimento","item":"https:\/\/www.csj-emballages.com\/pt-pt\/universo-das-embalagens-alimentares\/"},{"@type":"ListItem","position":2,"name":"Shop","item":"https:\/\/www.csj-emballages.com\/shop\/"},{"@type":"ListItem","position":3,"name":"Lo\u00e7\u00e3o para lavagem das m\u00e3os com bomba 500ml"}]},{"@type":"WebSite","@id":"https:\/\/www.csj-emballages.com\/pt-pt\/#website","url":"https:\/\/www.csj-emballages.com\/pt-pt\/","name":"CSJ Emballages","description":"","publisher":{"@id":"https:\/\/www.csj-emballages.com\/pt-pt\/#organization"},"potentialAction":[{"@type":"SearchAction","target":{"@type":"EntryPoint","urlTemplate":"https:\/\/www.csj-emballages.com\/pt-pt\/?s={search_term_string}"},"query-input":{"@type":"PropertyValueSpecification","valueRequired":true,"valueName":"search_term_string"}}],"inLanguage":"pt-PT"},{"@type":"Organization","@id":"https:\/\/www.csj-emballages.com\/pt-pt\/#Organization\/","name":"CSJ Emballages","url":"https:\/\/www.csj-emballages.com\/pt-pt\/","logo":{"@type":"ImageObject","inLanguage":"pt-PT","@id":"https:\/\/www.csj-emballages.com\/pt-pt\/#\/schema\/logo\/image\/","url":"https:\/\/www.csj-emballages.com\/wp-content\/uploads\/2023\/10\/logo_csj.webp","contentUrl":"https:\/\/www.csj-emballages.com\/wp-content\/uploads\/2023\/10\/logo_csj.webp","width":250,"height":95,"caption":"CSJ Emballages"},"image":{"@id":"https:\/\/www.csj-emballages.com\/pt-pt\/#\/schema\/logo\/image\/"},"sameAs":["https:\/\/www.facebook.com\/csjemballages"],"address":{"@type":"PostalAddress","streetAddress":"ZI La Lechere","addressLocality":"Patornay","postalCode":"39130","addressCountry":"FR"},"contactPoint":[{"@type":"ContactPoint","contactType":"Service client","telephone":"0384254272","email":"contact@csj-emballages.com"}]}]}},"df_price":3.41,"df_sale_price":"","df_regular_price":3.41,"df_image_link":"https:\/\/www.csj-emballages.com\/wp-content\/uploads\/2024\/03\/0397-300x300.webp","tiered_pricing_type":"fixed","tiered_pricing_fixed_rules":[],"tiered_pricing_percentage_rules":[],"tiered_pricing_minimum":1,"tiered_pricing_roles_data":[],"_links":{"self":[{"href":"https:\/\/www.csj-emballages.com\/pt-pt\/wp-json\/wp\/v2\/product\/17267","targetHints":{"allow":["GET"]}}],"collection":[{"href":"https:\/\/www.csj-emballages.com\/pt-pt\/wp-json\/wp\/v2\/product"}],"about":[{"href":"https:\/\/www.csj-emballages.com\/pt-pt\/wp-json\/wp\/v2\/types\/product"}],"wp:featuredmedia":[{"embeddable":true,"href":"https:\/\/www.csj-emballages.com\/pt-pt\/wp-json\/wp\/v2\/media\/236042"}],"wp:attachment":[{"href":"https:\/\/www.csj-emballages.com\/pt-pt\/wp-json\/wp\/v2\/media?parent=17267"}],"wp:term":[{"taxonomy":"product_brand","embeddable":true,"href":"https:\/\/www.csj-emballages.com\/pt-pt\/wp-json\/wp\/v2\/product_brand?post=17267"},{"taxonomy":"product_cat","embeddable":true,"href":"https:\/\/www.csj-emballages.com\/pt-pt\/wp-json\/wp\/v2\/product_cat?post=17267"},{"taxonomy":"product_tag","embeddable":true,"href":"https:\/\/www.csj-emballages.com\/pt-pt\/wp-json\/wp\/v2\/product_tag?post=17267"}],"curies":[{"name":"wp","href":"https:\/\/api.w.org\/{rel}","templated":true}]}}