{"id":17250,"date":"2024-03-01T17:00:18","date_gmt":"2024-03-01T16:00:18","guid":{"rendered":"https:\/\/u15jnbdpoq.preview.infomaniak.website\/produit\/detergente-liquido-5l\/"},"modified":"2026-04-24T02:10:22","modified_gmt":"2026-04-24T00:10:22","slug":"detergente-liquido-5l","status":"publish","type":"product","link":"https:\/\/www.csj-emballages.com\/pt-pt\/produit\/detergente-liquido-5l\/","title":{"rendered":"Detergente l\u00edquido 5L"},"content":{"rendered":"<h2>Lavandaria<\/h2>\n<div style=\"font-family: Roboto, sans-serif;\">\n<div style=\"font-family: Roboto, sans-serif;\">\n<div style=\"font-family: Roboto, sans-serif;\">\n<div style=\"text-align: center;\">\n<div style=\"font-family: Roboto, sans-serif;\">\n<div style=\"font-family: Roboto, sans-serif;\">\n<div style=\"font-family: Roboto, sans-serif;\">\n<div style=\"font-family: Roboto, sans-serif;\">\n<div style=\"font-family: Roboto, sans-serif;\">\n<div style=\"font-family: Roboto, sans-serif; text-align: left;\">\n<hr>\n<h3 style=\"text-align: left;\">Descri\u00e7\u00e3o do detergente l\u00edquido 5L<span class=\"Apple-converted-space\"> <\/span><\/h3>\n<h3 style=\"text-align: left;\"><!--more--><\/h3>\n<p data-start=\"221\" data-end=\"551\">Concebido para responder \u00e0s necessidades dos profissionais da lavandaria, este <strong>detergente l\u00edquido 5L <\/strong>oferece um poder de limpeza incompar\u00e1vel. Gra\u00e7as \u00e0 sua f\u00f3rmula enriquecida com tensioactivos, humectantes e enzimas, actua em profundidade para eliminar as n\u00f3doas mais dif\u00edceis, mesmo a baixas temperaturas. Quer esteja a lavar algod\u00e3o, poli\u00e9ster ou fibras sint\u00e9ticas, este <strong>detergente<\/strong> \u00e9 adequado para todos os tipos de t\u00eaxteis sem alterar a sua qualidade. \u00c9 particularmente eficaz contra as n\u00f3doas org\u00e2nicas (sangue, gordura, prote\u00ednas, etc.), gra\u00e7as \u00e0 presen\u00e7a de componentes enzim\u00e1ticos activos que decomp\u00f5em as n\u00f3doas na origem.   <\/p>\n<p data-start=\"901\" data-end=\"1247\">Os branqueadores \u00f3pticos est\u00e1veis ao cloro aumentam o brilho da roupa branca, mesmo ap\u00f3s v\u00e1rias lavagens, respeitando a fibra. Este <strong>detergente l\u00edquido<\/strong> tamb\u00e9m pode ser combinado com um branqueador oxidante, tornando-o ideal para ambientes exigentes como hospitais, hot\u00e9is, restaurantes e lavandarias. <\/p>\n<p data-start=\"1249\" data-end=\"1477\">Pr\u00e1tico no seu formato econ\u00f3mico <strong>de 5 litros<\/strong>, \u00e9 tamb\u00e9m adequado para utilizadores dom\u00e9sticos que pretendem uma qualidade profissional em casa. A sua textura fluida \u00e9 f\u00e1cil de dosear e dissolve-se rapidamente, sem deixar res\u00edduos. <\/p>\n<p data-start=\"1479\" data-end=\"1580\">Este <strong>detergente l\u00edquido<\/strong> \u00e9 indispens\u00e1vel para uma roupa limpa, brilhante e fresca durante muito tempo.<\/p>\n<p data-start=\"567\" data-end=\"584\">\n<\/div>\n<\/div>\n<\/div>\n<\/div>\n<\/div>\n<\/div>\n<\/div>\n<\/div>\n<\/div>\n<\/div>\n<p><!--more--><\/p>\n<h4 style=\"text-align: left;\"><strong>Vantagens:<\/strong><\/h4>\n<ul>\n<li data-start=\"830\" data-end=\"918\">F\u00f3rmula concentrada para uma maior efic\u00e1cia.<\/li>\n<li data-start=\"919\" data-end=\"1013\">Detergente l\u00edquido para todos os tipos de tecidos.<\/li>\n<li data-start=\"1014\" data-end=\"1089\">Elimina as manchas org\u00e2nicas (gordura, sangue, etc.).<\/li>\n<li data-start=\"1090\" data-end=\"1203\">Compat\u00edvel com agentes de branqueamento oxidantes.<\/li>\n<li data-start=\"1204\" data-end=\"1303\" data-is-last-node=\"\" data-is-only-node=\"\">Branqueadores \u00f3pticos para um branco brilhante.<\/li>\n<li data-start=\"1204\" data-end=\"1303\" data-is-last-node=\"\" data-is-only-node=\"\">Formato econ\u00f3mico de 5L.<\/li>\n<\/ul>\n<p>&nbsp;<\/p>\n<p><!--more--><\/p>\n<h4>Outras informa\u00e7\u00f5es :<\/h4>\n<ul>\n<li><strong>Embalagem<\/strong>: Por unidade<\/li>\n<li><strong>Utiliza\u00e7\u00e3o<\/strong>: Lavandaria<\/li>\n<li><strong>Volume<\/strong>: 5 litros<\/li>\n<\/ul>\n<div class=\"elementor elementor-2384 elementor-location-archive product\" data-elementor-type=\"product-archive\" data-elementor-id=\"2384\" data-elementor-post-type=\"elementor_library\">\n<div class=\"elementor-element elementor-element-c44cccd nt-archive-products e-flex e-con-boxed e-con e-parent e-lazyloaded\" data-id=\"c44cccd\" data-element_type=\"container\">\n<div class=\"e-con-inner\">\n<div class=\"elementor-element elementor-element-f35cc29 e-con-full e-flex e-con e-child\" data-id=\"f35cc29\" data-element_type=\"container\">\n<div class=\"elementor-element elementor-element-8781411 elementor-widget elementor-widget-woocommerce-archive-description\" data-id=\"8781411\" data-element_type=\"widget\" data-widget_type=\"woocommerce-archive-description.default\"><\/div>\n<\/div>\n<\/div>\n<\/div>\n<\/div>\n<p style=\"text-align: left;\"><!--more--><\/p>\n<p><a href=\"https:\/\/www.csj-emballages.com\/pt-pt\/categorie-produit\/higiene-e-manutencao\/produtos-de-limpeza\/linho\/\">Ver o resto da nossa gama de produtos de tratamento de roupa<\/a><\/p>\n","protected":false},"excerpt":{"rendered":"<p>Lavandaria Descri\u00e7\u00e3o do detergente l\u00edquido 5L<\/p>\n","protected":false},"featured_media":239102,"template":"","meta":{"_acf_changed":false},"product_brand":[],"product_cat":[1222,1223,1337],"product_tag":[],"class_list":{"0":"post-17250","1":"product","2":"type-product","3":"status-publish","4":"has-post-thumbnail","6":"product_cat-higiene-e-manutencao","7":"product_cat-produtos-de-limpeza","8":"product_cat-linho","9":"product_shipping_class-nao-e-permitido-em-reles","11":"first","12":"instock","13":"taxable","14":"shipping-taxable","15":"purchasable","16":"product-type-simple"},"acf":[],"yoast_head":"<!-- This site is optimized with the Yoast SEO Premium plugin v26.6 (Yoast SEO v26.6) - https:\/\/yoast.com\/wordpress\/plugins\/seo\/ -->\n<title>Detergente l\u00edquido 5L<\/title>\n<meta name=\"description\" content=\"Detergente l\u00edquido concentrado de 5L para todos os t\u00eaxteis. Elimina as n\u00f3doas mais dif\u00edceis, aumenta o brilho dos brancos e pode ser utilizado sozinho ou com uma lix\u00edvia.\" \/>\n<meta name=\"robots\" content=\"index, follow, max-snippet:-1, max-image-preview:large, max-video-preview:-1\" \/>\n<link rel=\"canonical\" href=\"https:\/\/www.csj-emballages.com\/pt-pt\/produit\/detergente-liquido-5l\/\" \/>\n<meta property=\"og:locale\" content=\"pt_PT\" \/>\n<meta property=\"og:type\" content=\"article\" \/>\n<meta property=\"og:title\" content=\"Detergente l\u00edquido 5L\" \/>\n<meta property=\"og:description\" content=\"Detergente l\u00edquido concentrado de 5L para todos os t\u00eaxteis. Elimina as n\u00f3doas mais dif\u00edceis, aumenta o brilho dos brancos e pode ser utilizado sozinho ou com uma lix\u00edvia.\" \/>\n<meta property=\"og:url\" content=\"https:\/\/www.csj-emballages.com\/pt-pt\/produit\/detergente-liquido-5l\/\" \/>\n<meta property=\"og:site_name\" content=\"CSJ Emballages\" \/>\n<meta property=\"article:publisher\" content=\"https:\/\/www.facebook.com\/csjemballages\" \/>\n<meta property=\"article:modified_time\" content=\"2026-04-24T00:10:22+00:00\" \/>\n<meta property=\"og:image\" content=\"https:\/\/www.csj-emballages.com\/wp-content\/uploads\/2024\/03\/Lessive-liquide.webp\" \/>\n\t<meta property=\"og:image:width\" content=\"800\" \/>\n\t<meta property=\"og:image:height\" content=\"800\" \/>\n\t<meta property=\"og:image:type\" content=\"image\/webp\" \/>\n<meta name=\"twitter:card\" content=\"summary_large_image\" \/>\n<meta name=\"twitter:label1\" content=\"Tempo estimado de leitura\" \/>\n\t<meta name=\"twitter:data1\" content=\"1 minuto\" \/>\n<script type=\"application\/ld+json\" class=\"yoast-schema-graph\">{\"@context\":\"https:\/\/schema.org\",\"@graph\":[{\"@type\":\"WebPage\",\"@id\":\"https:\/\/www.csj-emballages.com\/pt-pt\/produit\/detergente-liquido-5l\/\",\"url\":\"https:\/\/www.csj-emballages.com\/pt-pt\/produit\/detergente-liquido-5l\/\",\"name\":\"Detergente l\u00edquido 5L\",\"isPartOf\":{\"@id\":\"https:\/\/www.csj-emballages.com\/pt-pt\/#website\"},\"primaryImageOfPage\":{\"@id\":\"https:\/\/www.csj-emballages.com\/pt-pt\/produit\/detergente-liquido-5l\/#primaryimage\"},\"image\":{\"@id\":\"https:\/\/www.csj-emballages.com\/pt-pt\/produit\/detergente-liquido-5l\/#primaryimage\"},\"thumbnailUrl\":\"https:\/\/www.csj-emballages.com\/wp-content\/uploads\/2024\/03\/Lessive-liquide.webp\",\"datePublished\":\"2024-03-01T16:00:18+00:00\",\"dateModified\":\"2026-04-24T00:10:22+00:00\",\"description\":\"Detergente l\u00edquido concentrado de 5L para todos os t\u00eaxteis. Elimina as n\u00f3doas mais dif\u00edceis, aumenta o brilho dos brancos e pode ser utilizado sozinho ou com uma lix\u00edvia.\",\"breadcrumb\":{\"@id\":\"https:\/\/www.csj-emballages.com\/pt-pt\/produit\/detergente-liquido-5l\/#breadcrumb\"},\"inLanguage\":\"pt-PT\",\"potentialAction\":[{\"@type\":\"ReadAction\",\"target\":[\"https:\/\/www.csj-emballages.com\/pt-pt\/produit\/detergente-liquido-5l\/\"]}]},{\"@type\":\"ImageObject\",\"inLanguage\":\"pt-PT\",\"@id\":\"https:\/\/www.csj-emballages.com\/pt-pt\/produit\/detergente-liquido-5l\/#primaryimage\",\"url\":\"https:\/\/www.csj-emballages.com\/wp-content\/uploads\/2024\/03\/Lessive-liquide.webp\",\"contentUrl\":\"https:\/\/www.csj-emballages.com\/wp-content\/uploads\/2024\/03\/Lessive-liquide.webp\",\"width\":800,\"height\":800,\"caption\":\"Lessive\"},{\"@type\":\"BreadcrumbList\",\"@id\":\"https:\/\/www.csj-emballages.com\/pt-pt\/produit\/detergente-liquido-5l\/#breadcrumb\",\"itemListElement\":[{\"@type\":\"ListItem\",\"position\":1,\"name\":\"Acolhimento\",\"item\":\"https:\/\/www.csj-emballages.com\/pt-pt\/universo-das-embalagens-alimentares\/\"},{\"@type\":\"ListItem\",\"position\":2,\"name\":\"Shop\",\"item\":\"https:\/\/www.csj-emballages.com\/shop\/\"},{\"@type\":\"ListItem\",\"position\":3,\"name\":\"Detergente l\u00edquido 5L\"}]},{\"@type\":\"WebSite\",\"@id\":\"https:\/\/www.csj-emballages.com\/pt-pt\/#website\",\"url\":\"https:\/\/www.csj-emballages.com\/pt-pt\/\",\"name\":\"CSJ Emballages\",\"description\":\"\",\"publisher\":{\"@id\":\"https:\/\/www.csj-emballages.com\/pt-pt\/#organization\"},\"potentialAction\":[{\"@type\":\"SearchAction\",\"target\":{\"@type\":\"EntryPoint\",\"urlTemplate\":\"https:\/\/www.csj-emballages.com\/pt-pt\/?s={search_term_string}\"},\"query-input\":{\"@type\":\"PropertyValueSpecification\",\"valueRequired\":true,\"valueName\":\"search_term_string\"}}],\"inLanguage\":\"pt-PT\"},{\"@type\":\"Organization\",\"@id\":\"https:\/\/www.csj-emballages.com\/pt-pt\/#Organization\/\",\"name\":\"CSJ Emballages\",\"url\":\"https:\/\/www.csj-emballages.com\/pt-pt\/\",\"logo\":{\"@type\":\"ImageObject\",\"inLanguage\":\"pt-PT\",\"@id\":\"https:\/\/www.csj-emballages.com\/pt-pt\/#\/schema\/logo\/image\/\",\"url\":\"https:\/\/www.csj-emballages.com\/wp-content\/uploads\/2023\/10\/logo_csj.webp\",\"contentUrl\":\"https:\/\/www.csj-emballages.com\/wp-content\/uploads\/2023\/10\/logo_csj.webp\",\"width\":250,\"height\":95,\"caption\":\"CSJ Emballages\"},\"image\":{\"@id\":\"https:\/\/www.csj-emballages.com\/pt-pt\/#\/schema\/logo\/image\/\"},\"sameAs\":[\"https:\/\/www.facebook.com\/csjemballages\"],\"address\":{\"@type\":\"PostalAddress\",\"streetAddress\":\"ZI La Lechere\",\"addressLocality\":\"Patornay\",\"postalCode\":\"39130\",\"addressCountry\":\"FR\"},\"contactPoint\":[{\"@type\":\"ContactPoint\",\"contactType\":\"Service client\",\"telephone\":\"0384254272\",\"email\":\"contact@csj-emballages.com\"}]}]}<\/script>\n<!-- \/ Yoast SEO Premium plugin. -->","yoast_head_json":{"title":"Detergente l\u00edquido 5L","description":"Detergente l\u00edquido concentrado de 5L para todos os t\u00eaxteis. Elimina as n\u00f3doas mais dif\u00edceis, aumenta o brilho dos brancos e pode ser utilizado sozinho ou com uma lix\u00edvia.","robots":{"index":"index","follow":"follow","max-snippet":"max-snippet:-1","max-image-preview":"max-image-preview:large","max-video-preview":"max-video-preview:-1"},"canonical":"https:\/\/www.csj-emballages.com\/pt-pt\/produit\/detergente-liquido-5l\/","og_locale":"pt_PT","og_type":"article","og_title":"Detergente l\u00edquido 5L","og_description":"Detergente l\u00edquido concentrado de 5L para todos os t\u00eaxteis. Elimina as n\u00f3doas mais dif\u00edceis, aumenta o brilho dos brancos e pode ser utilizado sozinho ou com uma lix\u00edvia.","og_url":"https:\/\/www.csj-emballages.com\/pt-pt\/produit\/detergente-liquido-5l\/","og_site_name":"CSJ Emballages","article_publisher":"https:\/\/www.facebook.com\/csjemballages","article_modified_time":"2026-04-24T00:10:22+00:00","og_image":[{"width":800,"height":800,"url":"https:\/\/www.csj-emballages.com\/wp-content\/uploads\/2024\/03\/Lessive-liquide.webp","type":"image\/webp"}],"twitter_card":"summary_large_image","twitter_misc":{"Tempo estimado de leitura":"1 minuto"},"schema":{"@context":"https:\/\/schema.org","@graph":[{"@type":"WebPage","@id":"https:\/\/www.csj-emballages.com\/pt-pt\/produit\/detergente-liquido-5l\/","url":"https:\/\/www.csj-emballages.com\/pt-pt\/produit\/detergente-liquido-5l\/","name":"Detergente l\u00edquido 5L","isPartOf":{"@id":"https:\/\/www.csj-emballages.com\/pt-pt\/#website"},"primaryImageOfPage":{"@id":"https:\/\/www.csj-emballages.com\/pt-pt\/produit\/detergente-liquido-5l\/#primaryimage"},"image":{"@id":"https:\/\/www.csj-emballages.com\/pt-pt\/produit\/detergente-liquido-5l\/#primaryimage"},"thumbnailUrl":"https:\/\/www.csj-emballages.com\/wp-content\/uploads\/2024\/03\/Lessive-liquide.webp","datePublished":"2024-03-01T16:00:18+00:00","dateModified":"2026-04-24T00:10:22+00:00","description":"Detergente l\u00edquido concentrado de 5L para todos os t\u00eaxteis. Elimina as n\u00f3doas mais dif\u00edceis, aumenta o brilho dos brancos e pode ser utilizado sozinho ou com uma lix\u00edvia.","breadcrumb":{"@id":"https:\/\/www.csj-emballages.com\/pt-pt\/produit\/detergente-liquido-5l\/#breadcrumb"},"inLanguage":"pt-PT","potentialAction":[{"@type":"ReadAction","target":["https:\/\/www.csj-emballages.com\/pt-pt\/produit\/detergente-liquido-5l\/"]}]},{"@type":"ImageObject","inLanguage":"pt-PT","@id":"https:\/\/www.csj-emballages.com\/pt-pt\/produit\/detergente-liquido-5l\/#primaryimage","url":"https:\/\/www.csj-emballages.com\/wp-content\/uploads\/2024\/03\/Lessive-liquide.webp","contentUrl":"https:\/\/www.csj-emballages.com\/wp-content\/uploads\/2024\/03\/Lessive-liquide.webp","width":800,"height":800,"caption":"Lessive"},{"@type":"BreadcrumbList","@id":"https:\/\/www.csj-emballages.com\/pt-pt\/produit\/detergente-liquido-5l\/#breadcrumb","itemListElement":[{"@type":"ListItem","position":1,"name":"Acolhimento","item":"https:\/\/www.csj-emballages.com\/pt-pt\/universo-das-embalagens-alimentares\/"},{"@type":"ListItem","position":2,"name":"Shop","item":"https:\/\/www.csj-emballages.com\/shop\/"},{"@type":"ListItem","position":3,"name":"Detergente l\u00edquido 5L"}]},{"@type":"WebSite","@id":"https:\/\/www.csj-emballages.com\/pt-pt\/#website","url":"https:\/\/www.csj-emballages.com\/pt-pt\/","name":"CSJ Emballages","description":"","publisher":{"@id":"https:\/\/www.csj-emballages.com\/pt-pt\/#organization"},"potentialAction":[{"@type":"SearchAction","target":{"@type":"EntryPoint","urlTemplate":"https:\/\/www.csj-emballages.com\/pt-pt\/?s={search_term_string}"},"query-input":{"@type":"PropertyValueSpecification","valueRequired":true,"valueName":"search_term_string"}}],"inLanguage":"pt-PT"},{"@type":"Organization","@id":"https:\/\/www.csj-emballages.com\/pt-pt\/#Organization\/","name":"CSJ Emballages","url":"https:\/\/www.csj-emballages.com\/pt-pt\/","logo":{"@type":"ImageObject","inLanguage":"pt-PT","@id":"https:\/\/www.csj-emballages.com\/pt-pt\/#\/schema\/logo\/image\/","url":"https:\/\/www.csj-emballages.com\/wp-content\/uploads\/2023\/10\/logo_csj.webp","contentUrl":"https:\/\/www.csj-emballages.com\/wp-content\/uploads\/2023\/10\/logo_csj.webp","width":250,"height":95,"caption":"CSJ Emballages"},"image":{"@id":"https:\/\/www.csj-emballages.com\/pt-pt\/#\/schema\/logo\/image\/"},"sameAs":["https:\/\/www.facebook.com\/csjemballages"],"address":{"@type":"PostalAddress","streetAddress":"ZI La Lechere","addressLocality":"Patornay","postalCode":"39130","addressCountry":"FR"},"contactPoint":[{"@type":"ContactPoint","contactType":"Service client","telephone":"0384254272","email":"contact@csj-emballages.com"}]}]}},"df_price":17.18,"df_sale_price":"","df_regular_price":17.18,"df_image_link":"https:\/\/www.csj-emballages.com\/wp-content\/uploads\/2024\/03\/Lessive-liquide-300x300.webp","tiered_pricing_type":"fixed","tiered_pricing_fixed_rules":[],"tiered_pricing_percentage_rules":[],"tiered_pricing_minimum":1,"tiered_pricing_roles_data":[],"_links":{"self":[{"href":"https:\/\/www.csj-emballages.com\/pt-pt\/wp-json\/wp\/v2\/product\/17250","targetHints":{"allow":["GET"]}}],"collection":[{"href":"https:\/\/www.csj-emballages.com\/pt-pt\/wp-json\/wp\/v2\/product"}],"about":[{"href":"https:\/\/www.csj-emballages.com\/pt-pt\/wp-json\/wp\/v2\/types\/product"}],"wp:featuredmedia":[{"embeddable":true,"href":"https:\/\/www.csj-emballages.com\/pt-pt\/wp-json\/wp\/v2\/media\/239102"}],"wp:attachment":[{"href":"https:\/\/www.csj-emballages.com\/pt-pt\/wp-json\/wp\/v2\/media?parent=17250"}],"wp:term":[{"taxonomy":"product_brand","embeddable":true,"href":"https:\/\/www.csj-emballages.com\/pt-pt\/wp-json\/wp\/v2\/product_brand?post=17250"},{"taxonomy":"product_cat","embeddable":true,"href":"https:\/\/www.csj-emballages.com\/pt-pt\/wp-json\/wp\/v2\/product_cat?post=17250"},{"taxonomy":"product_tag","embeddable":true,"href":"https:\/\/www.csj-emballages.com\/pt-pt\/wp-json\/wp\/v2\/product_tag?post=17250"}],"curies":[{"name":"wp","href":"https:\/\/api.w.org\/{rel}","templated":true}]}}