{"id":17247,"date":"2024-03-01T17:00:17","date_gmt":"2024-03-01T16:00:17","guid":{"rendered":"https:\/\/u15jnbdpoq.preview.infomaniak.website\/produit\/detergente-para-a-loica-15-l\/"},"modified":"2026-04-29T02:10:31","modified_gmt":"2026-04-29T00:10:31","slug":"detergente-para-a-loica-15-l","status":"publish","type":"product","link":"https:\/\/www.csj-emballages.com\/pt-pt\/produit\/detergente-para-a-loica-15-l\/","title":{"rendered":"Detergente para a loi\u00e7a 1,5 L"},"content":{"rendered":"<div style=\"color: #000000;\">\n<div style=\"color: #000000;\">\n<div style=\"color: #000000;\">\n<div style=\"color: #000000;\">\n<div style=\"color: #000000;\">\n<div style=\"color: #000000;\">\n<h2 class=\"ai-optimize-26\">Detergente para a loi\u00e7a<\/h2>\n<hr>\n<h3 class=\"ai-optimize-27\">Descri\u00e7\u00e3o do nosso detergente para a loi\u00e7a 1,5 L<\/h3>\n<p><!--more--><\/p>\n<p class=\"ai-optimize-28 ai-optimize-introduction\">Descobre o detergente l\u00edquido de 1,5L, o teu aliado essencial para uma lavagem impec\u00e1vel em pouco tempo.<\/p>\n<div class=\"column mcb-column one\">\n<p class=\"ai-optimize-29\">Detergente l\u00edquido para a lavagem \u00e0 m\u00e3o de tachos, panelas, lou\u00e7a, copos e todo o tipo de utens\u00edlios lav\u00e1veis. Tem uma fragr\u00e2ncia agrad\u00e1vel e poderosas propriedades de repara\u00e7\u00e3o da pele. <\/p>\n<\/div>\n<p class=\"ai-optimize-30\">Gra\u00e7as ao seu poder desengordurante refor\u00e7ado, o detergente l\u00edquido para a loi\u00e7a Plonge dissolve rapidamente os res\u00edduos de comida agarrados. O seu aroma fresco e agrad\u00e1vel deixa uma sensa\u00e7\u00e3o de limpeza incompar\u00e1vel nos teus utens\u00edlios de cozinha. O seu formato econ\u00f3mico de 1,5L permite-te utiliz\u00e1-lo durante mais tempo sem comprometer a qualidade.  <\/p>\n<p class=\"ai-optimize-31\">Pr\u00e1tica e ergon\u00f3mica, a sua garrafa foi concebida para um manuseamento f\u00e1cil e uma dosagem precisa. Ideal para as fam\u00edlias numerosas ou para os entusiastas da cozinha, facilita o dia a dia, garantindo resultados impec\u00e1veis. <\/p>\n<p class=\"ai-optimize-32\">Utiliza o detergente para loi\u00e7a de 1,5L para uma lavagem impec\u00e1vel e uma socializa\u00e7\u00e3o sem complica\u00e7\u00f5es. Amigo do ambiente, a sua f\u00f3rmula \u00e9 biodegrad\u00e1vel e n\u00e3o cont\u00e9m fosfatos, pelo que n\u00e3o prejudica o planeta. <\/p>\n<p>&nbsp;<\/p>\n<p><!--more--><\/p>\n<h4 class=\"ai-optimize-33\">As suas vantagens:<\/h4>\n<ul>\n<li class=\"ai-optimize-34\">Respeito pelos materiais: Adequado para todos os tipos de loi\u00e7a, mesmo as mais delicadas, sem as danificar.<\/li>\n<li class=\"ai-optimize-35\">Fragr\u00e2ncia fresca: Deixa os teus pratos e copos com um cheiro fresco e uma sensa\u00e7\u00e3o de limpeza.<\/li>\n<li>Formato grande: O formato de 1,5 L garante uma utiliza\u00e7\u00e3o duradoura, ideal para fam\u00edlias numerosas.<!--more--><\/li>\n<\/ul>\n<h4 class=\"ai-optimize-36\">Instru\u00e7\u00f5es de utiliza\u00e7\u00e3o :<\/h4>\n<ul>\n<li class=\"ai-optimize-37\">Dilui o produto em \u00e1gua morna a uma taxa de 4 a 9 ml por 5 litros de \u00e1gua.<\/li>\n<li class=\"ai-optimize-38\">Lava e enxagua com \u00e1gua limpa.<\/li>\n<li class=\"ai-optimize-39\">Reduzir as doses em \u00e1gua doce.<\/li>\n<\/ul>\n<p><!--more--><\/p>\n<h4 class=\"ai-optimize-40\">Outras informa\u00e7\u00f5es :<\/h4>\n<\/div>\n<ul>\n<li class=\"ai-optimize-41\"><strong>Embalagem<\/strong>: Por unidade<\/li>\n<li class=\"ai-optimize-45\"><strong>Utiliza\u00e7\u00e3o<\/strong>: Lavagem de loi\u00e7a<\/li>\n<li class=\"ai-optimize-44\"><strong>Volume<\/strong>: 1,5 litros<\/li>\n<\/ul>\n<p>&nbsp;<\/p>\n<\/div>\n<\/div>\n<\/div>\n<\/div>\n<\/div>\n<p><!--more--><\/p>\n<p class=\"ai-optimize-42\">Encontrar\u00e1 tamb\u00e9m o nosso detergente manual de 5 litros para a loi\u00e7a: <span style=\"color: #d12727;\"><a style=\"color: #d12727;\" href=\"https:\/\/www.csj-emballages.com\/es\/produit\/detergente-lavavajillas-manual-5-litros\/\">00585<\/a><\/span><\/p>\n<p>&nbsp;<\/p>\n<p><!--more--><\/p>\n<p class=\"ai-optimize-43\"><a href=\"\/?product_cat=vaiselle-manuelle\">Ver o resto da nossa gama de produtos para lavagem manual de lou\u00e7a<\/a><\/p>\n","protected":false},"excerpt":{"rendered":"<p>Detergente para a loi\u00e7a Descri\u00e7\u00e3o do nosso detergente para a loi\u00e7a 1,5 L<\/p>\n","protected":false},"featured_media":235509,"template":"","meta":{"_acf_changed":false},"product_brand":[],"product_cat":[1222,1223,1224,1225],"product_tag":[],"class_list":{"0":"post-17247","1":"product","2":"type-product","3":"status-publish","4":"has-post-thumbnail","6":"product_cat-higiene-e-manutencao","7":"product_cat-produtos-de-limpeza","8":"product_cat-cuidados-com-a-loica","9":"product_cat-engrenagem-manual","11":"first","12":"instock","13":"taxable","14":"shipping-taxable","15":"purchasable","16":"product-type-simple"},"acf":[],"yoast_head":"<!-- This site is optimized with the Yoast SEO Premium plugin v26.6 (Yoast SEO v26.6) - https:\/\/yoast.com\/wordpress\/plugins\/seo\/ -->\n<title>L\u00edquido de lavagem em 1,5L<\/title>\n<meta name=\"description\" content=\"Descobre o nosso detergente para a lou\u00e7a de 1,5L: ultra-concentrado e ecol\u00f3gico, para uma lavagem impec\u00e1vel, r\u00e1pida e econ\u00f3mica!\" \/>\n<meta name=\"robots\" content=\"index, follow, max-snippet:-1, max-image-preview:large, max-video-preview:-1\" \/>\n<link rel=\"canonical\" href=\"https:\/\/www.csj-emballages.com\/pt-pt\/produit\/detergente-para-a-loica-15-l\/\" \/>\n<meta property=\"og:locale\" content=\"pt_PT\" \/>\n<meta property=\"og:type\" content=\"article\" \/>\n<meta property=\"og:title\" content=\"Detergente para a loi\u00e7a 1,5 L\" \/>\n<meta property=\"og:description\" content=\"Descobre o nosso detergente para a lou\u00e7a de 1,5L: ultra-concentrado e ecol\u00f3gico, para uma lavagem impec\u00e1vel, r\u00e1pida e econ\u00f3mica!\" \/>\n<meta property=\"og:url\" content=\"https:\/\/www.csj-emballages.com\/pt-pt\/produit\/detergente-para-a-loica-15-l\/\" \/>\n<meta property=\"og:site_name\" content=\"CSJ Emballages\" \/>\n<meta property=\"article:publisher\" content=\"https:\/\/www.facebook.com\/csjemballages\" \/>\n<meta property=\"article:modified_time\" content=\"2026-04-29T00:10:31+00:00\" \/>\n<meta property=\"og:image\" content=\"https:\/\/www.csj-emballages.com\/wp-content\/uploads\/2024\/03\/03101.webp\" \/>\n\t<meta property=\"og:image:width\" content=\"800\" \/>\n\t<meta property=\"og:image:height\" content=\"800\" \/>\n\t<meta property=\"og:image:type\" content=\"image\/webp\" \/>\n<meta name=\"twitter:card\" content=\"summary_large_image\" \/>\n<meta name=\"twitter:label1\" content=\"Tempo estimado de leitura\" \/>\n\t<meta name=\"twitter:data1\" content=\"2 minutos\" \/>\n<script type=\"application\/ld+json\" class=\"yoast-schema-graph\">{\"@context\":\"https:\/\/schema.org\",\"@graph\":[{\"@type\":\"WebPage\",\"@id\":\"https:\/\/www.csj-emballages.com\/pt-pt\/produit\/detergente-para-a-loica-15-l\/\",\"url\":\"https:\/\/www.csj-emballages.com\/pt-pt\/produit\/detergente-para-a-loica-15-l\/\",\"name\":\"L\u00edquido de lavagem em 1,5L\",\"isPartOf\":{\"@id\":\"https:\/\/www.csj-emballages.com\/pt-pt\/#website\"},\"primaryImageOfPage\":{\"@id\":\"https:\/\/www.csj-emballages.com\/pt-pt\/produit\/detergente-para-a-loica-15-l\/#primaryimage\"},\"image\":{\"@id\":\"https:\/\/www.csj-emballages.com\/pt-pt\/produit\/detergente-para-a-loica-15-l\/#primaryimage\"},\"thumbnailUrl\":\"https:\/\/www.csj-emballages.com\/wp-content\/uploads\/2024\/03\/03101.webp\",\"datePublished\":\"2024-03-01T16:00:17+00:00\",\"dateModified\":\"2026-04-29T00:10:31+00:00\",\"description\":\"Descobre o nosso detergente para a lou\u00e7a de 1,5L: ultra-concentrado e ecol\u00f3gico, para uma lavagem impec\u00e1vel, r\u00e1pida e econ\u00f3mica!\",\"breadcrumb\":{\"@id\":\"https:\/\/www.csj-emballages.com\/pt-pt\/produit\/detergente-para-a-loica-15-l\/#breadcrumb\"},\"inLanguage\":\"pt-PT\",\"potentialAction\":[{\"@type\":\"ReadAction\",\"target\":[\"https:\/\/www.csj-emballages.com\/pt-pt\/produit\/detergente-para-a-loica-15-l\/\"]}]},{\"@type\":\"ImageObject\",\"inLanguage\":\"pt-PT\",\"@id\":\"https:\/\/www.csj-emballages.com\/pt-pt\/produit\/detergente-para-a-loica-15-l\/#primaryimage\",\"url\":\"https:\/\/www.csj-emballages.com\/wp-content\/uploads\/2024\/03\/03101.webp\",\"contentUrl\":\"https:\/\/www.csj-emballages.com\/wp-content\/uploads\/2024\/03\/03101.webp\",\"width\":800,\"height\":800,\"caption\":\"Produit vaisselle\"},{\"@type\":\"BreadcrumbList\",\"@id\":\"https:\/\/www.csj-emballages.com\/pt-pt\/produit\/detergente-para-a-loica-15-l\/#breadcrumb\",\"itemListElement\":[{\"@type\":\"ListItem\",\"position\":1,\"name\":\"Acolhimento\",\"item\":\"https:\/\/www.csj-emballages.com\/pt-pt\/universo-das-embalagens-alimentares\/\"},{\"@type\":\"ListItem\",\"position\":2,\"name\":\"Shop\",\"item\":\"https:\/\/www.csj-emballages.com\/shop\/\"},{\"@type\":\"ListItem\",\"position\":3,\"name\":\"Detergente para a loi\u00e7a 1,5 L\"}]},{\"@type\":\"WebSite\",\"@id\":\"https:\/\/www.csj-emballages.com\/pt-pt\/#website\",\"url\":\"https:\/\/www.csj-emballages.com\/pt-pt\/\",\"name\":\"CSJ Emballages\",\"description\":\"\",\"publisher\":{\"@id\":\"https:\/\/www.csj-emballages.com\/pt-pt\/#organization\"},\"potentialAction\":[{\"@type\":\"SearchAction\",\"target\":{\"@type\":\"EntryPoint\",\"urlTemplate\":\"https:\/\/www.csj-emballages.com\/pt-pt\/?s={search_term_string}\"},\"query-input\":{\"@type\":\"PropertyValueSpecification\",\"valueRequired\":true,\"valueName\":\"search_term_string\"}}],\"inLanguage\":\"pt-PT\"},{\"@type\":\"Organization\",\"@id\":\"https:\/\/www.csj-emballages.com\/pt-pt\/#Organization\/\",\"name\":\"CSJ Emballages\",\"url\":\"https:\/\/www.csj-emballages.com\/pt-pt\/\",\"logo\":{\"@type\":\"ImageObject\",\"inLanguage\":\"pt-PT\",\"@id\":\"https:\/\/www.csj-emballages.com\/pt-pt\/#\/schema\/logo\/image\/\",\"url\":\"https:\/\/www.csj-emballages.com\/wp-content\/uploads\/2023\/10\/logo_csj.webp\",\"contentUrl\":\"https:\/\/www.csj-emballages.com\/wp-content\/uploads\/2023\/10\/logo_csj.webp\",\"width\":250,\"height\":95,\"caption\":\"CSJ Emballages\"},\"image\":{\"@id\":\"https:\/\/www.csj-emballages.com\/pt-pt\/#\/schema\/logo\/image\/\"},\"sameAs\":[\"https:\/\/www.facebook.com\/csjemballages\"],\"address\":{\"@type\":\"PostalAddress\",\"streetAddress\":\"ZI La Lechere\",\"addressLocality\":\"Patornay\",\"postalCode\":\"39130\",\"addressCountry\":\"FR\"},\"contactPoint\":[{\"@type\":\"ContactPoint\",\"contactType\":\"Service client\",\"telephone\":\"0384254272\",\"email\":\"contact@csj-emballages.com\"}]}]}<\/script>\n<!-- \/ Yoast SEO Premium plugin. -->","yoast_head_json":{"title":"L\u00edquido de lavagem em 1,5L","description":"Descobre o nosso detergente para a lou\u00e7a de 1,5L: ultra-concentrado e ecol\u00f3gico, para uma lavagem impec\u00e1vel, r\u00e1pida e econ\u00f3mica!","robots":{"index":"index","follow":"follow","max-snippet":"max-snippet:-1","max-image-preview":"max-image-preview:large","max-video-preview":"max-video-preview:-1"},"canonical":"https:\/\/www.csj-emballages.com\/pt-pt\/produit\/detergente-para-a-loica-15-l\/","og_locale":"pt_PT","og_type":"article","og_title":"Detergente para a loi\u00e7a 1,5 L","og_description":"Descobre o nosso detergente para a lou\u00e7a de 1,5L: ultra-concentrado e ecol\u00f3gico, para uma lavagem impec\u00e1vel, r\u00e1pida e econ\u00f3mica!","og_url":"https:\/\/www.csj-emballages.com\/pt-pt\/produit\/detergente-para-a-loica-15-l\/","og_site_name":"CSJ Emballages","article_publisher":"https:\/\/www.facebook.com\/csjemballages","article_modified_time":"2026-04-29T00:10:31+00:00","og_image":[{"width":800,"height":800,"url":"https:\/\/www.csj-emballages.com\/wp-content\/uploads\/2024\/03\/03101.webp","type":"image\/webp"}],"twitter_card":"summary_large_image","twitter_misc":{"Tempo estimado de leitura":"2 minutos"},"schema":{"@context":"https:\/\/schema.org","@graph":[{"@type":"WebPage","@id":"https:\/\/www.csj-emballages.com\/pt-pt\/produit\/detergente-para-a-loica-15-l\/","url":"https:\/\/www.csj-emballages.com\/pt-pt\/produit\/detergente-para-a-loica-15-l\/","name":"L\u00edquido de lavagem em 1,5L","isPartOf":{"@id":"https:\/\/www.csj-emballages.com\/pt-pt\/#website"},"primaryImageOfPage":{"@id":"https:\/\/www.csj-emballages.com\/pt-pt\/produit\/detergente-para-a-loica-15-l\/#primaryimage"},"image":{"@id":"https:\/\/www.csj-emballages.com\/pt-pt\/produit\/detergente-para-a-loica-15-l\/#primaryimage"},"thumbnailUrl":"https:\/\/www.csj-emballages.com\/wp-content\/uploads\/2024\/03\/03101.webp","datePublished":"2024-03-01T16:00:17+00:00","dateModified":"2026-04-29T00:10:31+00:00","description":"Descobre o nosso detergente para a lou\u00e7a de 1,5L: ultra-concentrado e ecol\u00f3gico, para uma lavagem impec\u00e1vel, r\u00e1pida e econ\u00f3mica!","breadcrumb":{"@id":"https:\/\/www.csj-emballages.com\/pt-pt\/produit\/detergente-para-a-loica-15-l\/#breadcrumb"},"inLanguage":"pt-PT","potentialAction":[{"@type":"ReadAction","target":["https:\/\/www.csj-emballages.com\/pt-pt\/produit\/detergente-para-a-loica-15-l\/"]}]},{"@type":"ImageObject","inLanguage":"pt-PT","@id":"https:\/\/www.csj-emballages.com\/pt-pt\/produit\/detergente-para-a-loica-15-l\/#primaryimage","url":"https:\/\/www.csj-emballages.com\/wp-content\/uploads\/2024\/03\/03101.webp","contentUrl":"https:\/\/www.csj-emballages.com\/wp-content\/uploads\/2024\/03\/03101.webp","width":800,"height":800,"caption":"Produit vaisselle"},{"@type":"BreadcrumbList","@id":"https:\/\/www.csj-emballages.com\/pt-pt\/produit\/detergente-para-a-loica-15-l\/#breadcrumb","itemListElement":[{"@type":"ListItem","position":1,"name":"Acolhimento","item":"https:\/\/www.csj-emballages.com\/pt-pt\/universo-das-embalagens-alimentares\/"},{"@type":"ListItem","position":2,"name":"Shop","item":"https:\/\/www.csj-emballages.com\/shop\/"},{"@type":"ListItem","position":3,"name":"Detergente para a loi\u00e7a 1,5 L"}]},{"@type":"WebSite","@id":"https:\/\/www.csj-emballages.com\/pt-pt\/#website","url":"https:\/\/www.csj-emballages.com\/pt-pt\/","name":"CSJ Emballages","description":"","publisher":{"@id":"https:\/\/www.csj-emballages.com\/pt-pt\/#organization"},"potentialAction":[{"@type":"SearchAction","target":{"@type":"EntryPoint","urlTemplate":"https:\/\/www.csj-emballages.com\/pt-pt\/?s={search_term_string}"},"query-input":{"@type":"PropertyValueSpecification","valueRequired":true,"valueName":"search_term_string"}}],"inLanguage":"pt-PT"},{"@type":"Organization","@id":"https:\/\/www.csj-emballages.com\/pt-pt\/#Organization\/","name":"CSJ Emballages","url":"https:\/\/www.csj-emballages.com\/pt-pt\/","logo":{"@type":"ImageObject","inLanguage":"pt-PT","@id":"https:\/\/www.csj-emballages.com\/pt-pt\/#\/schema\/logo\/image\/","url":"https:\/\/www.csj-emballages.com\/wp-content\/uploads\/2023\/10\/logo_csj.webp","contentUrl":"https:\/\/www.csj-emballages.com\/wp-content\/uploads\/2023\/10\/logo_csj.webp","width":250,"height":95,"caption":"CSJ Emballages"},"image":{"@id":"https:\/\/www.csj-emballages.com\/pt-pt\/#\/schema\/logo\/image\/"},"sameAs":["https:\/\/www.facebook.com\/csjemballages"],"address":{"@type":"PostalAddress","streetAddress":"ZI La Lechere","addressLocality":"Patornay","postalCode":"39130","addressCountry":"FR"},"contactPoint":[{"@type":"ContactPoint","contactType":"Service client","telephone":"0384254272","email":"contact@csj-emballages.com"}]}]}},"df_price":2.92,"df_sale_price":"","df_regular_price":2.92,"df_image_link":"https:\/\/www.csj-emballages.com\/wp-content\/uploads\/2024\/03\/03101-300x300.webp","tiered_pricing_type":"fixed","tiered_pricing_fixed_rules":[],"tiered_pricing_percentage_rules":[],"tiered_pricing_minimum":1,"tiered_pricing_roles_data":[],"_links":{"self":[{"href":"https:\/\/www.csj-emballages.com\/pt-pt\/wp-json\/wp\/v2\/product\/17247","targetHints":{"allow":["GET"]}}],"collection":[{"href":"https:\/\/www.csj-emballages.com\/pt-pt\/wp-json\/wp\/v2\/product"}],"about":[{"href":"https:\/\/www.csj-emballages.com\/pt-pt\/wp-json\/wp\/v2\/types\/product"}],"wp:featuredmedia":[{"embeddable":true,"href":"https:\/\/www.csj-emballages.com\/pt-pt\/wp-json\/wp\/v2\/media\/235509"}],"wp:attachment":[{"href":"https:\/\/www.csj-emballages.com\/pt-pt\/wp-json\/wp\/v2\/media?parent=17247"}],"wp:term":[{"taxonomy":"product_brand","embeddable":true,"href":"https:\/\/www.csj-emballages.com\/pt-pt\/wp-json\/wp\/v2\/product_brand?post=17247"},{"taxonomy":"product_cat","embeddable":true,"href":"https:\/\/www.csj-emballages.com\/pt-pt\/wp-json\/wp\/v2\/product_cat?post=17247"},{"taxonomy":"product_tag","embeddable":true,"href":"https:\/\/www.csj-emballages.com\/pt-pt\/wp-json\/wp\/v2\/product_tag?post=17247"}],"curies":[{"name":"wp","href":"https:\/\/api.w.org\/{rel}","templated":true}]}}