{"id":17227,"date":"2024-03-01T17:00:20","date_gmt":"2024-03-01T16:00:20","guid":{"rendered":"https:\/\/u15jnbdpoq.preview.infomaniak.website\/produit\/detergente-neutro-com-aroma-a-limao-5-litros\/"},"modified":"2026-04-30T02:10:14","modified_gmt":"2026-04-30T00:10:14","slug":"detergente-neutro-com-aroma-a-limao-5-litros","status":"publish","type":"product","link":"https:\/\/www.csj-emballages.com\/pt-pt\/produit\/detergente-neutro-com-aroma-a-limao-5-litros\/","title":{"rendered":"Produto de limpeza neutro com aroma a lim\u00e3o 5 litros"},"content":{"rendered":"<div class=\"flex flex-grow flex-col max-w-full\">\n<div class=\"min-h-[20px] text-message flex flex-col items-start whitespace-pre-wrap break-words [.text-message+&amp;]:mt-5 juice:w-full juice:items-end overflow-x-auto gap-2\" dir=\"auto\" data-message-author-role=\"assistant\" data-message-id=\"2034782e-88f9-44ef-b4dc-07dd7bf0115f\">\n<div class=\"flex w-full flex-col gap-1 juice:empty:hidden juice:first:pt-[3px]\">\n<div class=\"markdown prose w-full break-words dark:prose-invert light\">\n<div style=\"box-sizing: inherit; font-family: Roboto, sans-serif;\">\n<div style=\"box-sizing: inherit; font-family: Roboto, sans-serif;\">\n<div style=\"box-sizing: inherit; font-family: Roboto, sans-serif;\">\n<div style=\"box-sizing: inherit; font-family: Roboto, sans-serif;\">\n<div style=\"box-sizing: inherit; font-family: Roboto, sans-serif;\">\n<div style=\"box-sizing: inherit; font-family: Roboto, sans-serif;\">\n<h2 class=\"p1\">Produto de limpeza neutro<\/h2>\n<div style=\"box-sizing: inherit; font-family: Roboto, sans-serif;\">\n<div style=\"box-sizing: inherit; font-family: Roboto, sans-serif;\">\n<div style=\"box-sizing: inherit; font-family: Roboto, sans-serif;\">\n<div style=\"text-align: center;\">\n<div style=\"box-sizing: inherit; font-family: Roboto, sans-serif;\">\n<div style=\"box-sizing: inherit; font-family: Roboto, sans-serif;\">\n<div style=\"box-sizing: inherit; font-family: Roboto, sans-serif;\">\n<div style=\"box-sizing: inherit; font-family: Roboto, sans-serif;\">\n<div style=\"box-sizing: inherit; font-family: Roboto, sans-serif;\">\n<div style=\"box-sizing: inherit; font-family: Roboto, sans-serif; text-align: left;\">\n<hr>\n<h3 style=\"text-align: left;\">Descri\u00e7\u00e3o do nosso detergente neutro com aroma a lim\u00e3o 5 litros<\/h3>\n<h3 style=\"text-align: left;\"><!--more--><\/h3>\n<p data-start=\"223\" data-end=\"610\">Concebido para uma limpeza eficaz e suave, este produto de <strong data-start=\"276\" data-end=\"319\">limpeza neutro de 5 litros com aroma a lim\u00e3o<\/strong> \u00e9 ideal para profissionais e propriet\u00e1rios que se preocupam com a higiene e a limpeza dos seus pavimentos delicados. A sua f\u00f3rmula equilibrada torna-o perfeitamente adequado para <strong data-start=\"513\" data-end=\"537\">revestimentos de pavimentos delicados<\/strong>, como m\u00e1rmore, tijoleira, gr\u00e9s, mosaicos e muitos outros. <\/p>\n<p data-start=\"612\" data-end=\"1109\">Ao contr\u00e1rio dos produtos convencionais, muitas vezes demasiado agressivos, este produto de limpeza respeita os materiais, ao mesmo tempo que proporciona uma limpeza de alto desempenho. Gra\u00e7as \u00e0 sua <strong data-start=\"763\" data-end=\"825\">composi\u00e7\u00e3o enriquecida com bio\u00e1lcoois e agentes desodorizantes<\/strong>, deixa uma <strong data-start=\"854\" data-end=\"889\">agrad\u00e1vel sensa\u00e7\u00e3o de frescura<\/strong> de lim\u00e3o que evoca imediatamente a limpeza. N\u00e3o se limita a limpar: <strong data-start=\"977\" data-end=\"1003\">proporciona<\/strong> tamb\u00e9m <strong data-start=\"977\" data-end=\"1003\">uma desodoriza\u00e7\u00e3o duradoura das<\/strong> superf\u00edcies tratadas, contribuindo para um ambiente saud\u00e1vel nos seus espa\u00e7os profissionais ou dom\u00e9sticos.  <\/p>\n<p data-start=\"1111\" data-end=\"1343\">Um b\u00f3nus adicional: cont\u00e9m igualmente <strong data-start=\"1166\" data-end=\"1201\">ingredientes com efeito repelente de insectos<\/strong>, uma solu\u00e7\u00e3o discreta mas eficaz para limitar naturalmente a presen\u00e7a de certos insectos, nomeadamente durante as esta\u00e7\u00f5es mais quentes.<\/p>\n<p data-start=\"1345\" data-end=\"1546\">Embalado em latas <strong>de 5 litros<\/strong>, este produto de <strong>limpeza neutro para pavimentos<\/strong> \u00e9 econ\u00f3mico, f\u00e1cil de diluir e compat\u00edvel com todos os tipos de equipamentos de lavagem, manuais ou mec\u00e2nicos (lavadoras, esfregonas, etc.).<\/p>\n<p data-start=\"1548\" data-end=\"1748\">Em suma, quer se trate de halls de entrada, de cozinhas profissionais, de hot\u00e9is ou mesmo da sua pr\u00f3pria casa, este produto fresco e vers\u00e1til oferece uma <strong data-start=\"1687\" data-end=\"1708\">solu\u00e7\u00e3o completa<\/strong> para a manuten\u00e7\u00e3o di\u00e1ria dos seus pavimentos.<\/p>\n<p data-start=\"1548\" data-end=\"1748\">\n<\/div>\n<\/div>\n<\/div>\n<\/div>\n<\/div>\n<\/div>\n<\/div>\n<\/div>\n<\/div>\n<\/div>\n<\/div>\n<\/div>\n<\/div>\n<\/div>\n<\/div>\n<\/div>\n<\/div>\n<\/div>\n<\/div>\n<\/div>\n<div class=\"flex flex-grow flex-col max-w-full\">\n<div class=\"min-h-[20px] text-message flex flex-col items-start whitespace-pre-wrap break-words [.text-message+&amp;]:mt-5 juice:w-full juice:items-end overflow-x-auto gap-2\" dir=\"auto\" data-message-author-role=\"assistant\" data-message-id=\"2034782e-88f9-44ef-b4dc-07dd7bf0115f\">\n<div class=\"flex w-full flex-col gap-1 juice:empty:hidden juice:first:pt-[3px]\">\n<div class=\"markdown prose w-full break-words dark:prose-invert light\">\n<div style=\"box-sizing: inherit; font-family: Roboto, sans-serif;\">\n<div style=\"box-sizing: inherit; font-family: Roboto, sans-serif;\">\n<div style=\"box-sizing: inherit; font-family: Roboto, sans-serif;\">\n<div style=\"box-sizing: inherit; font-family: Roboto, sans-serif;\">\n<div style=\"box-sizing: inherit; font-family: Roboto, sans-serif;\">\n<div style=\"box-sizing: inherit; font-family: Roboto, sans-serif;\">\n<p><!--more--><\/p>\n<h4 style=\"text-align: left;\"><strong>Vantagens :<\/strong><\/h4>\n<ul style=\"text-align: left;\">\n<li>Adequado para pavimentos delicados: m\u00e1rmore, tijoleira, arenito, mosaico, etc.<\/li>\n<li>Fragr\u00e2ncia fresca e duradoura de lim\u00e3o.<\/li>\n<li>F\u00f3rmula suave mas eficaz, delicada para as superf\u00edcies.<\/li>\n<li>Cont\u00e9m bio\u00e1lcoois e agentes desodorizantes.<\/li>\n<li>Repelente de insectos incorporado para um ambiente mais saud\u00e1vel.<\/li>\n<li>Adequado para limpeza manual ou autom\u00e1tica com m\u00e1quina de esfregar e secar.<\/li>\n<\/ul>\n<\/div>\n<\/div>\n<p>&nbsp;<\/p>\n<\/div>\n<\/div>\n<\/div>\n<\/div>\n<\/div>\n<\/div>\n<\/div>\n<\/div>\n<p><!--more--><\/p>\n<h4>Outras informa\u00e7\u00f5es :<\/h4>\n<ul>\n<li><strong>Embalagem<\/strong>: Por unidade<\/li>\n<li><strong>Utiliza\u00e7\u00e3o<\/strong>: Produto de limpeza neutro para pavimentos<\/li>\n<li><strong>Volume<\/strong>: 5 litros<\/li>\n<li><strong>Aspeto<\/strong>: l\u00edquido<\/li>\n<li><strong>Cor<\/strong>: Amarelo<\/li>\n<li><strong>pH<\/strong>: 6,5<\/li>\n<li><strong>Densidade<\/strong> (20\u00ba C): 0,998 g\/ml<\/li>\n<\/ul>\n<p>&nbsp;<\/p>\n<p><!--more--><\/p>\n<p class=\"woocommerce-loop-product__title\">Encontrar\u00e1 tamb\u00e9m as nossas 250 c\u00e1psulas de detergente desinfetante com fragr\u00e2ncia ambiente 20ml: <span style=\"color: #d12727;\"><a style=\"color: #d12727;\" href=\"https:\/\/www.csj-emballages.com\/es\/produit\/250-bolsitas-de-detergente-desinfectante-con-fragancia-ambiental-20-ml\/\">A50020<\/a><\/span><\/p>\n<p>&nbsp;<\/p>\n<p style=\"text-align: left;\"><!--more--><\/p>\n<p><a href=\"https:\/\/www.csj-emballages.com\/pt-pt\/categorie-produit\/higiene-e-manutencao\/produtos-de-limpeza\/solo\/\">V\u00ea o resto da nossa gama de produtos de tratamento de pavimentos<\/a><\/p>\n","protected":false},"excerpt":{"rendered":"<p>Produto de limpeza neutro Descri\u00e7\u00e3o do nosso detergente neutro com aroma a lim\u00e3o 5 litros<\/p>\n","protected":false},"featured_media":239595,"template":"","meta":{"_acf_changed":false},"product_brand":[],"product_cat":[1222,1223,1394],"product_tag":[],"class_list":{"0":"post-17227","1":"product","2":"type-product","3":"status-publish","4":"has-post-thumbnail","6":"product_cat-higiene-e-manutencao","7":"product_cat-produtos-de-limpeza","8":"product_cat-solo","9":"product_shipping_class-nao-e-permitido-em-reles","11":"first","12":"instock","13":"taxable","14":"shipping-taxable","15":"purchasable","16":"product-type-simple"},"acf":[],"yoast_head":"<!-- This site is optimized with the Yoast SEO Premium plugin v26.6 (Yoast SEO v26.6) - https:\/\/yoast.com\/wordpress\/plugins\/seo\/ -->\n<title>Produto de limpeza neutro com aroma a lim\u00e3o 5 litros<\/title>\n<meta name=\"description\" content=\"Limpador neutro de lim\u00e3o 5L para pavimentos delicados. Fragr\u00e2ncia fresca, efeito repelente de insectos, ideal para m\u00e1rmore, terra\u00e7o, mosaicos, etc.\" \/>\n<meta name=\"robots\" content=\"index, follow, max-snippet:-1, max-image-preview:large, max-video-preview:-1\" \/>\n<link rel=\"canonical\" href=\"https:\/\/www.csj-emballages.com\/pt-pt\/produit\/detergente-neutro-com-aroma-a-limao-5-litros\/\" \/>\n<meta property=\"og:locale\" content=\"pt_PT\" \/>\n<meta property=\"og:type\" content=\"article\" \/>\n<meta property=\"og:title\" content=\"Produto de limpeza neutro com aroma a lim\u00e3o 5 litros\" \/>\n<meta property=\"og:description\" content=\"Limpador neutro de lim\u00e3o 5L para pavimentos delicados. Fragr\u00e2ncia fresca, efeito repelente de insectos, ideal para m\u00e1rmore, terra\u00e7o, mosaicos, etc.\" \/>\n<meta property=\"og:url\" content=\"https:\/\/www.csj-emballages.com\/pt-pt\/produit\/detergente-neutro-com-aroma-a-limao-5-litros\/\" \/>\n<meta property=\"og:site_name\" content=\"CSJ Emballages\" \/>\n<meta property=\"article:publisher\" content=\"https:\/\/www.facebook.com\/csjemballages\" \/>\n<meta property=\"article:modified_time\" content=\"2026-04-30T00:10:14+00:00\" \/>\n<meta property=\"og:image\" content=\"https:\/\/www.csj-emballages.com\/wp-content\/uploads\/2024\/03\/01095.webp\" \/>\n\t<meta property=\"og:image:width\" content=\"800\" \/>\n\t<meta property=\"og:image:height\" content=\"800\" \/>\n\t<meta property=\"og:image:type\" content=\"image\/webp\" \/>\n<meta name=\"twitter:card\" content=\"summary_large_image\" \/>\n<meta name=\"twitter:label1\" content=\"Tempo estimado de leitura\" \/>\n\t<meta name=\"twitter:data1\" content=\"2 minutos\" \/>\n<script type=\"application\/ld+json\" class=\"yoast-schema-graph\">{\"@context\":\"https:\/\/schema.org\",\"@graph\":[{\"@type\":\"WebPage\",\"@id\":\"https:\/\/www.csj-emballages.com\/pt-pt\/produit\/detergente-neutro-com-aroma-a-limao-5-litros\/\",\"url\":\"https:\/\/www.csj-emballages.com\/pt-pt\/produit\/detergente-neutro-com-aroma-a-limao-5-litros\/\",\"name\":\"Produto de limpeza neutro com aroma a lim\u00e3o 5 litros\",\"isPartOf\":{\"@id\":\"https:\/\/www.csj-emballages.com\/pt-pt\/#website\"},\"primaryImageOfPage\":{\"@id\":\"https:\/\/www.csj-emballages.com\/pt-pt\/produit\/detergente-neutro-com-aroma-a-limao-5-litros\/#primaryimage\"},\"image\":{\"@id\":\"https:\/\/www.csj-emballages.com\/pt-pt\/produit\/detergente-neutro-com-aroma-a-limao-5-litros\/#primaryimage\"},\"thumbnailUrl\":\"https:\/\/www.csj-emballages.com\/wp-content\/uploads\/2024\/03\/01095.webp\",\"datePublished\":\"2024-03-01T16:00:20+00:00\",\"dateModified\":\"2026-04-30T00:10:14+00:00\",\"description\":\"Limpador neutro de lim\u00e3o 5L para pavimentos delicados. Fragr\u00e2ncia fresca, efeito repelente de insectos, ideal para m\u00e1rmore, terra\u00e7o, mosaicos, etc.\",\"breadcrumb\":{\"@id\":\"https:\/\/www.csj-emballages.com\/pt-pt\/produit\/detergente-neutro-com-aroma-a-limao-5-litros\/#breadcrumb\"},\"inLanguage\":\"pt-PT\",\"potentialAction\":[{\"@type\":\"ReadAction\",\"target\":[\"https:\/\/www.csj-emballages.com\/pt-pt\/produit\/detergente-neutro-com-aroma-a-limao-5-litros\/\"]}]},{\"@type\":\"ImageObject\",\"inLanguage\":\"pt-PT\",\"@id\":\"https:\/\/www.csj-emballages.com\/pt-pt\/produit\/detergente-neutro-com-aroma-a-limao-5-litros\/#primaryimage\",\"url\":\"https:\/\/www.csj-emballages.com\/wp-content\/uploads\/2024\/03\/01095.webp\",\"contentUrl\":\"https:\/\/www.csj-emballages.com\/wp-content\/uploads\/2024\/03\/01095.webp\",\"width\":800,\"height\":800,\"caption\":\"Nettoyant neutre\"},{\"@type\":\"BreadcrumbList\",\"@id\":\"https:\/\/www.csj-emballages.com\/pt-pt\/produit\/detergente-neutro-com-aroma-a-limao-5-litros\/#breadcrumb\",\"itemListElement\":[{\"@type\":\"ListItem\",\"position\":1,\"name\":\"Acolhimento\",\"item\":\"https:\/\/www.csj-emballages.com\/pt-pt\/universo-das-embalagens-alimentares\/\"},{\"@type\":\"ListItem\",\"position\":2,\"name\":\"Shop\",\"item\":\"https:\/\/www.csj-emballages.com\/shop\/\"},{\"@type\":\"ListItem\",\"position\":3,\"name\":\"Produto de limpeza neutro com aroma a lim\u00e3o 5 litros\"}]},{\"@type\":\"WebSite\",\"@id\":\"https:\/\/www.csj-emballages.com\/pt-pt\/#website\",\"url\":\"https:\/\/www.csj-emballages.com\/pt-pt\/\",\"name\":\"CSJ Emballages\",\"description\":\"\",\"publisher\":{\"@id\":\"https:\/\/www.csj-emballages.com\/pt-pt\/#organization\"},\"potentialAction\":[{\"@type\":\"SearchAction\",\"target\":{\"@type\":\"EntryPoint\",\"urlTemplate\":\"https:\/\/www.csj-emballages.com\/pt-pt\/?s={search_term_string}\"},\"query-input\":{\"@type\":\"PropertyValueSpecification\",\"valueRequired\":true,\"valueName\":\"search_term_string\"}}],\"inLanguage\":\"pt-PT\"},{\"@type\":\"Organization\",\"@id\":\"https:\/\/www.csj-emballages.com\/pt-pt\/#Organization\/\",\"name\":\"CSJ Emballages\",\"url\":\"https:\/\/www.csj-emballages.com\/pt-pt\/\",\"logo\":{\"@type\":\"ImageObject\",\"inLanguage\":\"pt-PT\",\"@id\":\"https:\/\/www.csj-emballages.com\/pt-pt\/#\/schema\/logo\/image\/\",\"url\":\"https:\/\/www.csj-emballages.com\/wp-content\/uploads\/2023\/10\/logo_csj.webp\",\"contentUrl\":\"https:\/\/www.csj-emballages.com\/wp-content\/uploads\/2023\/10\/logo_csj.webp\",\"width\":250,\"height\":95,\"caption\":\"CSJ Emballages\"},\"image\":{\"@id\":\"https:\/\/www.csj-emballages.com\/pt-pt\/#\/schema\/logo\/image\/\"},\"sameAs\":[\"https:\/\/www.facebook.com\/csjemballages\"],\"address\":{\"@type\":\"PostalAddress\",\"streetAddress\":\"ZI La Lechere\",\"addressLocality\":\"Patornay\",\"postalCode\":\"39130\",\"addressCountry\":\"FR\"},\"contactPoint\":[{\"@type\":\"ContactPoint\",\"contactType\":\"Service client\",\"telephone\":\"0384254272\",\"email\":\"contact@csj-emballages.com\"}]}]}<\/script>\n<!-- \/ Yoast SEO Premium plugin. -->","yoast_head_json":{"title":"Produto de limpeza neutro com aroma a lim\u00e3o 5 litros","description":"Limpador neutro de lim\u00e3o 5L para pavimentos delicados. Fragr\u00e2ncia fresca, efeito repelente de insectos, ideal para m\u00e1rmore, terra\u00e7o, mosaicos, etc.","robots":{"index":"index","follow":"follow","max-snippet":"max-snippet:-1","max-image-preview":"max-image-preview:large","max-video-preview":"max-video-preview:-1"},"canonical":"https:\/\/www.csj-emballages.com\/pt-pt\/produit\/detergente-neutro-com-aroma-a-limao-5-litros\/","og_locale":"pt_PT","og_type":"article","og_title":"Produto de limpeza neutro com aroma a lim\u00e3o 5 litros","og_description":"Limpador neutro de lim\u00e3o 5L para pavimentos delicados. Fragr\u00e2ncia fresca, efeito repelente de insectos, ideal para m\u00e1rmore, terra\u00e7o, mosaicos, etc.","og_url":"https:\/\/www.csj-emballages.com\/pt-pt\/produit\/detergente-neutro-com-aroma-a-limao-5-litros\/","og_site_name":"CSJ Emballages","article_publisher":"https:\/\/www.facebook.com\/csjemballages","article_modified_time":"2026-04-30T00:10:14+00:00","og_image":[{"width":800,"height":800,"url":"https:\/\/www.csj-emballages.com\/wp-content\/uploads\/2024\/03\/01095.webp","type":"image\/webp"}],"twitter_card":"summary_large_image","twitter_misc":{"Tempo estimado de leitura":"2 minutos"},"schema":{"@context":"https:\/\/schema.org","@graph":[{"@type":"WebPage","@id":"https:\/\/www.csj-emballages.com\/pt-pt\/produit\/detergente-neutro-com-aroma-a-limao-5-litros\/","url":"https:\/\/www.csj-emballages.com\/pt-pt\/produit\/detergente-neutro-com-aroma-a-limao-5-litros\/","name":"Produto de limpeza neutro com aroma a lim\u00e3o 5 litros","isPartOf":{"@id":"https:\/\/www.csj-emballages.com\/pt-pt\/#website"},"primaryImageOfPage":{"@id":"https:\/\/www.csj-emballages.com\/pt-pt\/produit\/detergente-neutro-com-aroma-a-limao-5-litros\/#primaryimage"},"image":{"@id":"https:\/\/www.csj-emballages.com\/pt-pt\/produit\/detergente-neutro-com-aroma-a-limao-5-litros\/#primaryimage"},"thumbnailUrl":"https:\/\/www.csj-emballages.com\/wp-content\/uploads\/2024\/03\/01095.webp","datePublished":"2024-03-01T16:00:20+00:00","dateModified":"2026-04-30T00:10:14+00:00","description":"Limpador neutro de lim\u00e3o 5L para pavimentos delicados. Fragr\u00e2ncia fresca, efeito repelente de insectos, ideal para m\u00e1rmore, terra\u00e7o, mosaicos, etc.","breadcrumb":{"@id":"https:\/\/www.csj-emballages.com\/pt-pt\/produit\/detergente-neutro-com-aroma-a-limao-5-litros\/#breadcrumb"},"inLanguage":"pt-PT","potentialAction":[{"@type":"ReadAction","target":["https:\/\/www.csj-emballages.com\/pt-pt\/produit\/detergente-neutro-com-aroma-a-limao-5-litros\/"]}]},{"@type":"ImageObject","inLanguage":"pt-PT","@id":"https:\/\/www.csj-emballages.com\/pt-pt\/produit\/detergente-neutro-com-aroma-a-limao-5-litros\/#primaryimage","url":"https:\/\/www.csj-emballages.com\/wp-content\/uploads\/2024\/03\/01095.webp","contentUrl":"https:\/\/www.csj-emballages.com\/wp-content\/uploads\/2024\/03\/01095.webp","width":800,"height":800,"caption":"Nettoyant neutre"},{"@type":"BreadcrumbList","@id":"https:\/\/www.csj-emballages.com\/pt-pt\/produit\/detergente-neutro-com-aroma-a-limao-5-litros\/#breadcrumb","itemListElement":[{"@type":"ListItem","position":1,"name":"Acolhimento","item":"https:\/\/www.csj-emballages.com\/pt-pt\/universo-das-embalagens-alimentares\/"},{"@type":"ListItem","position":2,"name":"Shop","item":"https:\/\/www.csj-emballages.com\/shop\/"},{"@type":"ListItem","position":3,"name":"Produto de limpeza neutro com aroma a lim\u00e3o 5 litros"}]},{"@type":"WebSite","@id":"https:\/\/www.csj-emballages.com\/pt-pt\/#website","url":"https:\/\/www.csj-emballages.com\/pt-pt\/","name":"CSJ Emballages","description":"","publisher":{"@id":"https:\/\/www.csj-emballages.com\/pt-pt\/#organization"},"potentialAction":[{"@type":"SearchAction","target":{"@type":"EntryPoint","urlTemplate":"https:\/\/www.csj-emballages.com\/pt-pt\/?s={search_term_string}"},"query-input":{"@type":"PropertyValueSpecification","valueRequired":true,"valueName":"search_term_string"}}],"inLanguage":"pt-PT"},{"@type":"Organization","@id":"https:\/\/www.csj-emballages.com\/pt-pt\/#Organization\/","name":"CSJ Emballages","url":"https:\/\/www.csj-emballages.com\/pt-pt\/","logo":{"@type":"ImageObject","inLanguage":"pt-PT","@id":"https:\/\/www.csj-emballages.com\/pt-pt\/#\/schema\/logo\/image\/","url":"https:\/\/www.csj-emballages.com\/wp-content\/uploads\/2023\/10\/logo_csj.webp","contentUrl":"https:\/\/www.csj-emballages.com\/wp-content\/uploads\/2023\/10\/logo_csj.webp","width":250,"height":95,"caption":"CSJ Emballages"},"image":{"@id":"https:\/\/www.csj-emballages.com\/pt-pt\/#\/schema\/logo\/image\/"},"sameAs":["https:\/\/www.facebook.com\/csjemballages"],"address":{"@type":"PostalAddress","streetAddress":"ZI La Lechere","addressLocality":"Patornay","postalCode":"39130","addressCountry":"FR"},"contactPoint":[{"@type":"ContactPoint","contactType":"Service client","telephone":"0384254272","email":"contact@csj-emballages.com"}]}]}},"df_price":9.16,"df_sale_price":"","df_regular_price":9.16,"df_image_link":"https:\/\/www.csj-emballages.com\/wp-content\/uploads\/2024\/03\/01095-300x300.webp","tiered_pricing_type":"fixed","tiered_pricing_fixed_rules":[],"tiered_pricing_percentage_rules":[],"tiered_pricing_minimum":1,"tiered_pricing_roles_data":[],"_links":{"self":[{"href":"https:\/\/www.csj-emballages.com\/pt-pt\/wp-json\/wp\/v2\/product\/17227","targetHints":{"allow":["GET"]}}],"collection":[{"href":"https:\/\/www.csj-emballages.com\/pt-pt\/wp-json\/wp\/v2\/product"}],"about":[{"href":"https:\/\/www.csj-emballages.com\/pt-pt\/wp-json\/wp\/v2\/types\/product"}],"wp:featuredmedia":[{"embeddable":true,"href":"https:\/\/www.csj-emballages.com\/pt-pt\/wp-json\/wp\/v2\/media\/239595"}],"wp:attachment":[{"href":"https:\/\/www.csj-emballages.com\/pt-pt\/wp-json\/wp\/v2\/media?parent=17227"}],"wp:term":[{"taxonomy":"product_brand","embeddable":true,"href":"https:\/\/www.csj-emballages.com\/pt-pt\/wp-json\/wp\/v2\/product_brand?post=17227"},{"taxonomy":"product_cat","embeddable":true,"href":"https:\/\/www.csj-emballages.com\/pt-pt\/wp-json\/wp\/v2\/product_cat?post=17227"},{"taxonomy":"product_tag","embeddable":true,"href":"https:\/\/www.csj-emballages.com\/pt-pt\/wp-json\/wp\/v2\/product_tag?post=17227"}],"curies":[{"name":"wp","href":"https:\/\/api.w.org\/{rel}","templated":true}]}}