{"id":17215,"date":"2024-03-01T17:00:18","date_gmt":"2024-03-01T16:00:18","guid":{"rendered":"https:\/\/u15jnbdpoq.preview.infomaniak.website\/produit\/spray-de-polimento-de-aco-inoxidavel-400ml\/"},"modified":"2026-03-12T16:00:53","modified_gmt":"2026-03-12T15:00:53","slug":"spray-de-polimento-de-aco-inoxidavel-400ml","status":"publish","type":"product","link":"https:\/\/www.csj-emballages.com\/pt-pt\/produit\/spray-de-polimento-de-aco-inoxidavel-400ml\/","title":{"rendered":"Abrilhantador de a\u00e7o inoxid\u00e1vel 400 ml"},"content":{"rendered":"<h2>Polimento de a\u00e7o inoxid\u00e1vel<\/h2>\n<hr>\n<h3>Descri\u00e7\u00e3o do nosso polidor de a\u00e7o inoxid\u00e1vel de 400 ml<\/h3>\n<p><!--more--><\/p>\n<p class=\"\" data-start=\"206\" data-end=\"547\">Para manter as suas superf\u00edcies <strong>de a\u00e7o inoxid\u00e1vel<\/strong> impec\u00e1veis e sem riscos, n\u00e3o h\u00e1 nada como este <strong>spray de<\/strong> <strong>polimento para a\u00e7o inoxid\u00e1vel<\/strong> <strong>de 400 ml<\/strong>. Concebido para profissionais do sector da restaura\u00e7\u00e3o, autoridades p\u00fablicas ou mesmo para uma utiliza\u00e7\u00e3o dom\u00e9stica exigente, este produto \u00e9 muito mais do que um simples produto de limpeza: \u00e9 um verdadeiro tratamento para as suas superf\u00edcies de a\u00e7o inoxid\u00e1vel. Gra\u00e7as \u00e0 sua f\u00f3rmula especializada, este produto de limpeza <strong>em spray<\/strong> actua eficazmente em balc\u00f5es, frigor\u00edficos, exaustores, m\u00f3veis e bancadas em a\u00e7o inoxid\u00e1vel. Desde a primeira aplica\u00e7\u00e3o, elimina facilmente as impress\u00f5es digitais, os res\u00edduos de gordura e outras sujidades, deixando uma pel\u00edcula protetora invis\u00edvel que impede que o p\u00f3 e a sujidade se voltem a depositar rapidamente.   <\/p>\n<p class=\"\" data-start=\"206\" data-end=\"547\">Gra\u00e7as ao seu efeito anti-est\u00e1tico, as superf\u00edcies mant\u00eam-se brilhantes durante mais tempo, reduzindo a frequ\u00eancia das limpezas e mantendo uma higiene impec\u00e1vel.<\/p>\n<p class=\"\" data-s=\"\">\u00c9 f\u00e1cil de utilizar: basta pulverizar diretamente sobre uma superf\u00edcie limpa e seca e depois limpar com um pano macio. O seu perfume discreto e a sua textura n\u00e3o oleosa tornam-no agrad\u00e1vel de manusear, mesmo no dia a dia. <\/p>\n<p class=\"\" data-s=\"\">Em suma, com este <strong>polimento de a\u00e7o inoxid\u00e1vel<\/strong>, o seu equipamento recuperar\u00e1 o seu brilho original, ficando protegido a longo prazo.<\/p>\n<p>&nbsp;<\/p>\n<p><!--more--><\/p>\n<h4><strong>Vantagens:<\/strong><\/h4>\n<ul>\n<li><strong>Efic\u00e1cia imediata<\/strong>: reaviva instantaneamente o brilho do a\u00e7o inoxid\u00e1vel, removendo marcas e sujidade desde a primeira aplica\u00e7\u00e3o.<\/li>\n<li><strong>F\u00e1cil de utilizar<\/strong>: aplica\u00e7\u00e3o por pulveriza\u00e7\u00e3o para uma distribui\u00e7\u00e3o uniforme, alcan\u00e7ando facilmente \u00e1reas dif\u00edceis de alcan\u00e7ar.<\/li>\n<li><strong>Versatilidade<\/strong>: Este polimento de a\u00e7o inoxid\u00e1vel de 400 ml \u00e9 ideal para uma variedade de superf\u00edcies de a\u00e7o inoxid\u00e1vel, tais como frigor\u00edficos, exaustores, lava-loi\u00e7as e muito mais.<\/li>\n<li>Poupa <strong>tempo<\/strong>: Limpeza r\u00e1pida e eficiente, poupando-te horas de esfor\u00e7o manual.<\/li>\n<li><strong>Acabamento sem riscos<\/strong>: Textura n\u00e3o oleosa que n\u00e3o deixa res\u00edduos ap\u00f3s a limpeza, para um resultado impec\u00e1vel.<\/li>\n<\/ul>\n<p>&nbsp;<\/p>\n<p><!--more--><\/p>\n<h4>Instru\u00e7\u00f5es de utiliza\u00e7\u00e3o :<\/h4>\n<ul>\n<li>Pulveriza uma pequena quantidade de BRINOX SPRAY na superf\u00edcie a ser tratada<\/li>\n<li>Limpa com um pano seco.<\/li>\n<\/ul>\n<p>&nbsp;<\/p>\n<p><!--more--><\/p>\n<h4>Outras informa\u00e7\u00f5es :<\/h4>\n<ul>\n<li><strong>Embalagem<\/strong>: Por unidade<\/li>\n<li><strong>Volume<\/strong>: 400 ml<\/li>\n<\/ul>\n<p>&nbsp;<\/p>\n<p><!--more--><\/p>\n<p>Encontre aqui o nosso spray de polimento para a\u00e7o inoxid\u00e1vel: <span style=\"color: #d12727;\"><a style=\"color: #d12727;\" href=\"https:\/\/www.csj-emballages.com\/es\/produit\/pulimento-acero-inoxidable-spray-750ml\/\">0215750<\/a><\/span><\/p>\n<p>&nbsp;<\/p>\n<p><!--more--><\/p>\n<p><a href=\"https:\/\/www.csj-emballages.com\/pt-pt\/categorie-produit\/higiene-e-manutencao\/produtos-de-limpeza\/cozinha\/\">V\u00ea o resto da nossa gama de produtos de cozinha<\/a><\/p>\n","protected":false},"excerpt":{"rendered":"<p>Polimento de a\u00e7o inoxid\u00e1vel Descri\u00e7\u00e3o do nosso polidor de a\u00e7o inoxid\u00e1vel de 400 ml<\/p>\n","protected":false},"featured_media":222238,"template":"","meta":{"_acf_changed":false},"product_brand":[],"product_cat":[1222,1223,1348],"product_tag":[],"class_list":{"0":"post-17215","1":"product","2":"type-product","3":"status-publish","4":"has-post-thumbnail","6":"product_cat-higiene-e-manutencao","7":"product_cat-produtos-de-limpeza","8":"product_cat-cozinha","10":"first","11":"instock","12":"taxable","13":"shipping-taxable","14":"purchasable","15":"product-type-simple"},"acf":[],"yoast_head":"<!-- This site is optimized with the Yoast SEO Premium plugin v26.6 (Yoast SEO v26.6) - https:\/\/yoast.com\/wordpress\/plugins\/seo\/ -->\n<title>Abrilhantador de a\u00e7o inoxid\u00e1vel 400 ml<\/title>\n<meta name=\"description\" content=\"Descobre o nosso polidor de a\u00e7o inoxid\u00e1vel de 400 ml, ideal para a manuten\u00e7\u00e3o de superf\u00edcies de a\u00e7o inoxid\u00e1vel, como balc\u00f5es, m\u00f3veis, etc...\" \/>\n<meta name=\"robots\" content=\"index, follow, max-snippet:-1, max-image-preview:large, max-video-preview:-1\" \/>\n<link rel=\"canonical\" href=\"https:\/\/www.csj-emballages.com\/pt-pt\/produit\/spray-de-polimento-de-aco-inoxidavel-400ml\/\" \/>\n<meta property=\"og:locale\" content=\"pt_PT\" \/>\n<meta property=\"og:type\" content=\"article\" \/>\n<meta property=\"og:title\" content=\"Abrilhantador de a\u00e7o inoxid\u00e1vel 400 ml\" \/>\n<meta property=\"og:description\" content=\"Descobre o nosso polidor de a\u00e7o inoxid\u00e1vel de 400 ml, ideal para a manuten\u00e7\u00e3o de superf\u00edcies de a\u00e7o inoxid\u00e1vel, como balc\u00f5es, m\u00f3veis, etc...\" \/>\n<meta property=\"og:url\" content=\"https:\/\/www.csj-emballages.com\/pt-pt\/produit\/spray-de-polimento-de-aco-inoxidavel-400ml\/\" \/>\n<meta property=\"og:site_name\" content=\"CSJ Emballages\" \/>\n<meta property=\"article:publisher\" content=\"https:\/\/www.facebook.com\/csjemballages\" \/>\n<meta property=\"article:modified_time\" content=\"2026-03-12T15:00:53+00:00\" \/>\n<meta property=\"og:image\" content=\"https:\/\/www.csj-emballages.com\/wp-content\/uploads\/2024\/03\/Brillant-inox.webp\" \/>\n\t<meta property=\"og:image:width\" content=\"800\" \/>\n\t<meta property=\"og:image:height\" content=\"800\" \/>\n\t<meta property=\"og:image:type\" content=\"image\/webp\" \/>\n<meta name=\"twitter:card\" content=\"summary_large_image\" \/>\n<meta name=\"twitter:label1\" content=\"Tempo estimado de leitura\" \/>\n\t<meta name=\"twitter:data1\" content=\"2 minutos\" \/>\n<script type=\"application\/ld+json\" class=\"yoast-schema-graph\">{\"@context\":\"https:\/\/schema.org\",\"@graph\":[{\"@type\":\"WebPage\",\"@id\":\"https:\/\/www.csj-emballages.com\/pt-pt\/produit\/spray-de-polimento-de-aco-inoxidavel-400ml\/\",\"url\":\"https:\/\/www.csj-emballages.com\/pt-pt\/produit\/spray-de-polimento-de-aco-inoxidavel-400ml\/\",\"name\":\"Abrilhantador de a\u00e7o inoxid\u00e1vel 400 ml\",\"isPartOf\":{\"@id\":\"https:\/\/www.csj-emballages.com\/pt-pt\/#website\"},\"primaryImageOfPage\":{\"@id\":\"https:\/\/www.csj-emballages.com\/pt-pt\/produit\/spray-de-polimento-de-aco-inoxidavel-400ml\/#primaryimage\"},\"image\":{\"@id\":\"https:\/\/www.csj-emballages.com\/pt-pt\/produit\/spray-de-polimento-de-aco-inoxidavel-400ml\/#primaryimage\"},\"thumbnailUrl\":\"https:\/\/www.csj-emballages.com\/wp-content\/uploads\/2024\/03\/Brillant-inox.webp\",\"datePublished\":\"2024-03-01T16:00:18+00:00\",\"dateModified\":\"2026-03-12T15:00:53+00:00\",\"description\":\"Descobre o nosso polidor de a\u00e7o inoxid\u00e1vel de 400 ml, ideal para a manuten\u00e7\u00e3o de superf\u00edcies de a\u00e7o inoxid\u00e1vel, como balc\u00f5es, m\u00f3veis, etc...\",\"breadcrumb\":{\"@id\":\"https:\/\/www.csj-emballages.com\/pt-pt\/produit\/spray-de-polimento-de-aco-inoxidavel-400ml\/#breadcrumb\"},\"inLanguage\":\"pt-PT\",\"potentialAction\":[{\"@type\":\"ReadAction\",\"target\":[\"https:\/\/www.csj-emballages.com\/pt-pt\/produit\/spray-de-polimento-de-aco-inoxidavel-400ml\/\"]}]},{\"@type\":\"ImageObject\",\"inLanguage\":\"pt-PT\",\"@id\":\"https:\/\/www.csj-emballages.com\/pt-pt\/produit\/spray-de-polimento-de-aco-inoxidavel-400ml\/#primaryimage\",\"url\":\"https:\/\/www.csj-emballages.com\/wp-content\/uploads\/2024\/03\/Brillant-inox.webp\",\"contentUrl\":\"https:\/\/www.csj-emballages.com\/wp-content\/uploads\/2024\/03\/Brillant-inox.webp\",\"width\":800,\"height\":800,\"caption\":\"Lustrant inox\"},{\"@type\":\"BreadcrumbList\",\"@id\":\"https:\/\/www.csj-emballages.com\/pt-pt\/produit\/spray-de-polimento-de-aco-inoxidavel-400ml\/#breadcrumb\",\"itemListElement\":[{\"@type\":\"ListItem\",\"position\":1,\"name\":\"Acolhimento\",\"item\":\"https:\/\/www.csj-emballages.com\/pt-pt\/universo-das-embalagens-alimentares\/\"},{\"@type\":\"ListItem\",\"position\":2,\"name\":\"Shop\",\"item\":\"https:\/\/www.csj-emballages.com\/shop\/\"},{\"@type\":\"ListItem\",\"position\":3,\"name\":\"Abrilhantador de a\u00e7o inoxid\u00e1vel 400 ml\"}]},{\"@type\":\"WebSite\",\"@id\":\"https:\/\/www.csj-emballages.com\/pt-pt\/#website\",\"url\":\"https:\/\/www.csj-emballages.com\/pt-pt\/\",\"name\":\"CSJ Emballages\",\"description\":\"\",\"publisher\":{\"@id\":\"https:\/\/www.csj-emballages.com\/pt-pt\/#organization\"},\"potentialAction\":[{\"@type\":\"SearchAction\",\"target\":{\"@type\":\"EntryPoint\",\"urlTemplate\":\"https:\/\/www.csj-emballages.com\/pt-pt\/?s={search_term_string}\"},\"query-input\":{\"@type\":\"PropertyValueSpecification\",\"valueRequired\":true,\"valueName\":\"search_term_string\"}}],\"inLanguage\":\"pt-PT\"},{\"@type\":\"Organization\",\"@id\":\"https:\/\/www.csj-emballages.com\/pt-pt\/#Organization\/\",\"name\":\"CSJ Emballages\",\"url\":\"https:\/\/www.csj-emballages.com\/pt-pt\/\",\"logo\":{\"@type\":\"ImageObject\",\"inLanguage\":\"pt-PT\",\"@id\":\"https:\/\/www.csj-emballages.com\/pt-pt\/#\/schema\/logo\/image\/\",\"url\":\"https:\/\/www.csj-emballages.com\/wp-content\/uploads\/2023\/10\/logo_csj.webp\",\"contentUrl\":\"https:\/\/www.csj-emballages.com\/wp-content\/uploads\/2023\/10\/logo_csj.webp\",\"width\":250,\"height\":95,\"caption\":\"CSJ Emballages\"},\"image\":{\"@id\":\"https:\/\/www.csj-emballages.com\/pt-pt\/#\/schema\/logo\/image\/\"},\"sameAs\":[\"https:\/\/www.facebook.com\/csjemballages\"],\"address\":{\"@type\":\"PostalAddress\",\"streetAddress\":\"ZI La Lechere\",\"addressLocality\":\"Patornay\",\"postalCode\":\"39130\",\"addressCountry\":\"FR\"},\"contactPoint\":[{\"@type\":\"ContactPoint\",\"contactType\":\"Service client\",\"telephone\":\"0384254272\",\"email\":\"contact@csj-emballages.com\"}]}]}<\/script>\n<!-- \/ Yoast SEO Premium plugin. -->","yoast_head_json":{"title":"Abrilhantador de a\u00e7o inoxid\u00e1vel 400 ml","description":"Descobre o nosso polidor de a\u00e7o inoxid\u00e1vel de 400 ml, ideal para a manuten\u00e7\u00e3o de superf\u00edcies de a\u00e7o inoxid\u00e1vel, como balc\u00f5es, m\u00f3veis, etc...","robots":{"index":"index","follow":"follow","max-snippet":"max-snippet:-1","max-image-preview":"max-image-preview:large","max-video-preview":"max-video-preview:-1"},"canonical":"https:\/\/www.csj-emballages.com\/pt-pt\/produit\/spray-de-polimento-de-aco-inoxidavel-400ml\/","og_locale":"pt_PT","og_type":"article","og_title":"Abrilhantador de a\u00e7o inoxid\u00e1vel 400 ml","og_description":"Descobre o nosso polidor de a\u00e7o inoxid\u00e1vel de 400 ml, ideal para a manuten\u00e7\u00e3o de superf\u00edcies de a\u00e7o inoxid\u00e1vel, como balc\u00f5es, m\u00f3veis, etc...","og_url":"https:\/\/www.csj-emballages.com\/pt-pt\/produit\/spray-de-polimento-de-aco-inoxidavel-400ml\/","og_site_name":"CSJ Emballages","article_publisher":"https:\/\/www.facebook.com\/csjemballages","article_modified_time":"2026-03-12T15:00:53+00:00","og_image":[{"width":800,"height":800,"url":"https:\/\/www.csj-emballages.com\/wp-content\/uploads\/2024\/03\/Brillant-inox.webp","type":"image\/webp"}],"twitter_card":"summary_large_image","twitter_misc":{"Tempo estimado de leitura":"2 minutos"},"schema":{"@context":"https:\/\/schema.org","@graph":[{"@type":"WebPage","@id":"https:\/\/www.csj-emballages.com\/pt-pt\/produit\/spray-de-polimento-de-aco-inoxidavel-400ml\/","url":"https:\/\/www.csj-emballages.com\/pt-pt\/produit\/spray-de-polimento-de-aco-inoxidavel-400ml\/","name":"Abrilhantador de a\u00e7o inoxid\u00e1vel 400 ml","isPartOf":{"@id":"https:\/\/www.csj-emballages.com\/pt-pt\/#website"},"primaryImageOfPage":{"@id":"https:\/\/www.csj-emballages.com\/pt-pt\/produit\/spray-de-polimento-de-aco-inoxidavel-400ml\/#primaryimage"},"image":{"@id":"https:\/\/www.csj-emballages.com\/pt-pt\/produit\/spray-de-polimento-de-aco-inoxidavel-400ml\/#primaryimage"},"thumbnailUrl":"https:\/\/www.csj-emballages.com\/wp-content\/uploads\/2024\/03\/Brillant-inox.webp","datePublished":"2024-03-01T16:00:18+00:00","dateModified":"2026-03-12T15:00:53+00:00","description":"Descobre o nosso polidor de a\u00e7o inoxid\u00e1vel de 400 ml, ideal para a manuten\u00e7\u00e3o de superf\u00edcies de a\u00e7o inoxid\u00e1vel, como balc\u00f5es, m\u00f3veis, etc...","breadcrumb":{"@id":"https:\/\/www.csj-emballages.com\/pt-pt\/produit\/spray-de-polimento-de-aco-inoxidavel-400ml\/#breadcrumb"},"inLanguage":"pt-PT","potentialAction":[{"@type":"ReadAction","target":["https:\/\/www.csj-emballages.com\/pt-pt\/produit\/spray-de-polimento-de-aco-inoxidavel-400ml\/"]}]},{"@type":"ImageObject","inLanguage":"pt-PT","@id":"https:\/\/www.csj-emballages.com\/pt-pt\/produit\/spray-de-polimento-de-aco-inoxidavel-400ml\/#primaryimage","url":"https:\/\/www.csj-emballages.com\/wp-content\/uploads\/2024\/03\/Brillant-inox.webp","contentUrl":"https:\/\/www.csj-emballages.com\/wp-content\/uploads\/2024\/03\/Brillant-inox.webp","width":800,"height":800,"caption":"Lustrant inox"},{"@type":"BreadcrumbList","@id":"https:\/\/www.csj-emballages.com\/pt-pt\/produit\/spray-de-polimento-de-aco-inoxidavel-400ml\/#breadcrumb","itemListElement":[{"@type":"ListItem","position":1,"name":"Acolhimento","item":"https:\/\/www.csj-emballages.com\/pt-pt\/universo-das-embalagens-alimentares\/"},{"@type":"ListItem","position":2,"name":"Shop","item":"https:\/\/www.csj-emballages.com\/shop\/"},{"@type":"ListItem","position":3,"name":"Abrilhantador de a\u00e7o inoxid\u00e1vel 400 ml"}]},{"@type":"WebSite","@id":"https:\/\/www.csj-emballages.com\/pt-pt\/#website","url":"https:\/\/www.csj-emballages.com\/pt-pt\/","name":"CSJ Emballages","description":"","publisher":{"@id":"https:\/\/www.csj-emballages.com\/pt-pt\/#organization"},"potentialAction":[{"@type":"SearchAction","target":{"@type":"EntryPoint","urlTemplate":"https:\/\/www.csj-emballages.com\/pt-pt\/?s={search_term_string}"},"query-input":{"@type":"PropertyValueSpecification","valueRequired":true,"valueName":"search_term_string"}}],"inLanguage":"pt-PT"},{"@type":"Organization","@id":"https:\/\/www.csj-emballages.com\/pt-pt\/#Organization\/","name":"CSJ Emballages","url":"https:\/\/www.csj-emballages.com\/pt-pt\/","logo":{"@type":"ImageObject","inLanguage":"pt-PT","@id":"https:\/\/www.csj-emballages.com\/pt-pt\/#\/schema\/logo\/image\/","url":"https:\/\/www.csj-emballages.com\/wp-content\/uploads\/2023\/10\/logo_csj.webp","contentUrl":"https:\/\/www.csj-emballages.com\/wp-content\/uploads\/2023\/10\/logo_csj.webp","width":250,"height":95,"caption":"CSJ Emballages"},"image":{"@id":"https:\/\/www.csj-emballages.com\/pt-pt\/#\/schema\/logo\/image\/"},"sameAs":["https:\/\/www.facebook.com\/csjemballages"],"address":{"@type":"PostalAddress","streetAddress":"ZI La Lechere","addressLocality":"Patornay","postalCode":"39130","addressCountry":"FR"},"contactPoint":[{"@type":"ContactPoint","contactType":"Service client","telephone":"0384254272","email":"contact@csj-emballages.com"}]}]}},"df_price":6.74,"df_sale_price":"","df_regular_price":6.74,"df_image_link":"https:\/\/www.csj-emballages.com\/wp-content\/uploads\/2024\/03\/Brillant-inox-300x300.webp","tiered_pricing_type":"fixed","tiered_pricing_fixed_rules":[],"tiered_pricing_percentage_rules":[],"tiered_pricing_minimum":1,"tiered_pricing_roles_data":[],"_links":{"self":[{"href":"https:\/\/www.csj-emballages.com\/pt-pt\/wp-json\/wp\/v2\/product\/17215","targetHints":{"allow":["GET"]}}],"collection":[{"href":"https:\/\/www.csj-emballages.com\/pt-pt\/wp-json\/wp\/v2\/product"}],"about":[{"href":"https:\/\/www.csj-emballages.com\/pt-pt\/wp-json\/wp\/v2\/types\/product"}],"wp:featuredmedia":[{"embeddable":true,"href":"https:\/\/www.csj-emballages.com\/pt-pt\/wp-json\/wp\/v2\/media\/222238"}],"wp:attachment":[{"href":"https:\/\/www.csj-emballages.com\/pt-pt\/wp-json\/wp\/v2\/media?parent=17215"}],"wp:term":[{"taxonomy":"product_brand","embeddable":true,"href":"https:\/\/www.csj-emballages.com\/pt-pt\/wp-json\/wp\/v2\/product_brand?post=17215"},{"taxonomy":"product_cat","embeddable":true,"href":"https:\/\/www.csj-emballages.com\/pt-pt\/wp-json\/wp\/v2\/product_cat?post=17215"},{"taxonomy":"product_tag","embeddable":true,"href":"https:\/\/www.csj-emballages.com\/pt-pt\/wp-json\/wp\/v2\/product_tag?post=17215"}],"curies":[{"name":"wp","href":"https:\/\/api.w.org\/{rel}","templated":true}]}}