{"id":17206,"date":"2024-03-01T17:00:19","date_gmt":"2024-03-01T16:00:19","guid":{"rendered":"https:\/\/u15jnbdpoq.preview.infomaniak.website\/produit\/po-de-lavagem-profissional-super-ativo-20kg\/"},"modified":"2026-03-12T16:00:37","modified_gmt":"2026-03-12T15:00:37","slug":"po-de-lavagem-profissional-super-ativo-20kg","status":"publish","type":"product","link":"https:\/\/www.csj-emballages.com\/pt-pt\/produit\/po-de-lavagem-profissional-super-ativo-20kg\/","title":{"rendered":"Detergente em p\u00f3 desinfetante profissional super ativo 20 kg"},"content":{"rendered":"<h2>Detergente em p\u00f3 desinfetante<\/h2>\n<div style=\"font-family: Roboto, sans-serif;\">\n<div style=\"font-family: Roboto, sans-serif;\">\n<div style=\"font-family: Roboto, sans-serif;\">\n<div style=\"text-align: center;\">\n<div style=\"font-family: Roboto, sans-serif;\">\n<div style=\"font-family: Roboto, sans-serif;\">\n<div style=\"font-family: Roboto, sans-serif;\">\n<div style=\"font-family: Roboto, sans-serif;\">\n<div style=\"font-family: Roboto, sans-serif;\">\n<div style=\"font-family: Roboto, sans-serif; text-align: left;\">\n<hr>\n<h3 style=\"text-align: left;\">Descri\u00e7\u00e3o do detergente em p\u00f3 desinfetante profissional super ativo 20 kg<\/h3>\n<h3 style=\"text-align: left;\"><!--more--><\/h3>\n<p data-start=\"289\" data-end=\"682\">O <strong data-start=\"292\" data-end=\"317\">detergente Pro Activ\u2019Des<\/strong> foi concebido para os profissionais que necessitam de roupa impec\u00e1vel, tanto limpa como visualmente irrepreens\u00edvel. Gra\u00e7as \u00e0 sua f\u00f3rmula <strong data-start=\"460\" data-end=\"515\">desinfetante com uma elevada concentra\u00e7\u00e3o de agentes de branqueamento<\/strong>, garante um <strong data-start=\"534\" data-end=\"562\">excelente grau de branco<\/strong>, lavagem ap\u00f3s lavagem. A roupa fica limpa, luminosa e perfeitamente cuidada, mesmo ap\u00f3s utiliza\u00e7\u00f5es intensivas.  <\/p>\n<p data-start=\"684\" data-end=\"1049\">Este <strong>detergente em p\u00f3<\/strong> distingue-se pela sua <strong data-start=\"728\" data-end=\"743\">polival\u00eancia<\/strong>. \u00c9 adequado para <strong data-start=\"761\" data-end=\"782\">todos os tecidos<\/strong>, quer se trate de algod\u00e3o, fibras sint\u00e9ticas, roupa branca ou roupa de trabalho, e pode ser utilizado <strong data-start=\"885\" data-end=\"914\">a todas as temperaturas<\/strong>. Assim, n\u00e3o precisa de multiplicar os produtos: um \u00fanico detergente \u00e9 suficiente para gerir toda a sua roupa profissional.  <\/p>\n<p data-start=\"1051\" data-end=\"1442\">A sua <strong data-start=\"1054\" data-end=\"1089\">f\u00f3rmula bio-desincrustante alcalina<\/strong> atua eficazmente sobre uma vasta gama de sujidade. Elimina facilmente as <strong data-start=\"1178\" data-end=\"1199\">n\u00f3doas proteicas<\/strong>, como o sangue ou o ovo, as <strong data-start=\"1228\" data-end=\"1248\">n\u00f3doas oxid\u00e1veis<\/strong>, como o caf\u00e9, o vinho, a relva ou os sumos de fruta, mas tamb\u00e9m as <strong data-start=\"1322\" data-end=\"1355\">n\u00f3doas de gordura e cosm\u00e9ticas<\/strong>, que s\u00e3o frequentemente as mais persistentes. Resultado: uma roupa limpa, s\u00e3 e visivelmente mais branca.  <\/p>\n<p data-start=\"1444\" data-end=\"1716\">Com o seu <strong data-start=\"1453\" data-end=\"1469\">formato de 20 kg<\/strong>, o <strong>Pro Activ\u2019Des<\/strong> \u00e9 perfeitamente adequado para hot\u00e9is, lavandarias, coletividades, estabelecimentos de sa\u00fade ou empresas de limpeza. Oferece uma grande autonomia, facilita a gest\u00e3o de stocks e responde \u00e0s exig\u00eancias das lavagens intensivas. <\/p>\n<p data-start=\"1718\" data-end=\"1876\">Em resumo, este <strong>detergente desinfetante<\/strong> super ativo alia pot\u00eancia, efic\u00e1cia e simplicidade para responder \u00e0s necessidades dos profissionais mais exigentes.<\/p>\n<p data-start=\"1718\" data-end=\"1876\">\n<\/div>\n<\/div>\n<\/div>\n<\/div>\n<\/div>\n<\/div>\n<\/div>\n<\/div>\n<\/div>\n<\/div>\n<p><!--more--><\/p>\n<h4 style=\"text-align: left;\"><strong>Vantagens :<\/strong><\/h4>\n<ul>\n<li data-start=\"1904\" data-end=\"1937\"><strong>A\u00e7\u00e3o desinfetante<\/strong> refor\u00e7ada.<\/li>\n<li data-start=\"1940\" data-end=\"1973\">Excelente poder de branqueamento.<\/li>\n<li data-start=\"1976\" data-end=\"2031\">Eficaz em <strong>n\u00f3doas proteicas, oxid\u00e1veis e de gordura<\/strong>.<\/li>\n<li data-start=\"2034\" data-end=\"2069\">Utiliz\u00e1vel em todos os tecidos.<\/li>\n<li data-start=\"2072\" data-end=\"2109\">Adequado para todas as temperaturas.<\/li>\n<li data-start=\"2112\" data-end=\"2148\">Grande formato <strong>profissional<\/strong> de <strong>20 kg<\/strong>.<\/li>\n<\/ul>\n<p>&nbsp;<\/p>\n<p><!--more--><\/p>\n<h4>Outras informa\u00e7\u00f5es :<\/h4>\n<ul>\n<li><strong>Acondicionamento<\/strong>: Embalagem de 20 kg<\/li>\n<li><strong>Aspeto<\/strong>: P\u00f3<\/li>\n<li><strong>Cor<\/strong>: Incolor<\/li>\n<li><strong>pH<\/strong>: 11 +\/- 0,5<\/li>\n<li><strong>Odor<\/strong>: Inodoro<\/li>\n<\/ul>\n<p>&nbsp;<\/p>\n<p><!--more--><\/p>\n<div class=\"elementor elementor-2384 elementor-location-archive product\" data-elementor-type=\"product-archive\" data-elementor-id=\"2384\" data-elementor-post-type=\"elementor_library\">\n<div class=\"elementor-element elementor-element-c44cccd nt-archive-products e-flex e-con-boxed e-con e-parent e-lazyloaded\" data-id=\"c44cccd\" data-element_type=\"container\">\n<div class=\"e-con-inner\">\n<div class=\"elementor-element elementor-element-f35cc29 e-con-full e-flex e-con e-child\" data-id=\"f35cc29\" data-element_type=\"container\">\n<div class=\"elementor-element elementor-element-8781411 elementor-widget elementor-widget-woocommerce-archive-description\" data-id=\"8781411\" data-element_type=\"widget\" data-widget_type=\"woocommerce-archive-description.default\">Encontre aqui o nosso detergente em p\u00f3 concentrado super ativo profissional: <span style=\"color: #d12727;\"><a style=\"color: #d12727;\" href=\"https:\/\/www.csj-emballages.com\/produit\/lessive-en-poudre-concentre-professionnelle-super-active-20kg\/?_gl=1*xs7mhb*_up*MQ..*_ga*MjA0NjIwOTA2Ni4xNzcwMDQwODUy*_ga_YNVJLRSSZT*czE3NzAwNDA4NTIkbzEkZzAkdDE3NzAwNDA4NTIkajYwJGwwJGgxODMwNDE1MDY4\">0108<\/a><\/span><\/div>\n<div data-id=\"8781411\" data-element_type=\"widget\" data-widget_type=\"woocommerce-archive-description.default\"><\/div>\n<\/div>\n<\/div>\n<\/div>\n<\/div>\n<p style=\"text-align: left;\"><!--more--><\/p>\n<p><a href=\"https:\/\/www.csj-emballages.com\/pt-pt\/categorie-produit\/higiene-e-manutencao\/produtos-de-limpeza\/linho\/\">Ver o resto da nossa gama de produtos de tratamento de roupa<\/a><\/p>\n","protected":false},"excerpt":{"rendered":"<p>Detergente em p\u00f3 desinfetante Descri\u00e7\u00e3o do detergente em p\u00f3 desinfetante profissional super ativo 20 kg<\/p>\n","protected":false},"featured_media":263186,"template":"","meta":{"_acf_changed":false},"product_brand":[],"product_cat":[1222,1223,1337],"product_tag":[],"class_list":{"0":"post-17206","1":"product","2":"type-product","3":"status-publish","4":"has-post-thumbnail","6":"product_cat-higiene-e-manutencao","7":"product_cat-produtos-de-limpeza","8":"product_cat-linho","10":"first","11":"instock","12":"taxable","13":"shipping-taxable","14":"purchasable","15":"product-type-simple"},"acf":[],"yoast_head":"<!-- This site is optimized with the Yoast SEO Premium plugin v26.6 (Yoast SEO v26.6) - https:\/\/yoast.com\/wordpress\/plugins\/seo\/ -->\n<title>Detergente em P\u00f3 Desinfetante Profissional Super Ativo<\/title>\n<meta name=\"description\" content=\"Detergente profissional em p\u00f3 super ativo 20 kg. Enriquecido com oxig\u00e9nio ativo, limpa, remove n\u00f3doas e desinfeta a partir dos 40 \u00b0C. Eficaz em todos os tecidos.\" \/>\n<meta name=\"robots\" content=\"index, follow, max-snippet:-1, max-image-preview:large, max-video-preview:-1\" \/>\n<link rel=\"canonical\" href=\"https:\/\/www.csj-emballages.com\/pt-pt\/produit\/po-de-lavagem-profissional-super-ativo-20kg\/\" \/>\n<meta property=\"og:locale\" content=\"pt_PT\" \/>\n<meta property=\"og:type\" content=\"article\" \/>\n<meta property=\"og:title\" content=\"Detergente em p\u00f3 desinfetante profissional super ativo 20 kg\" \/>\n<meta property=\"og:description\" content=\"Detergente profissional em p\u00f3 super ativo 20 kg. Enriquecido com oxig\u00e9nio ativo, limpa, remove n\u00f3doas e desinfeta a partir dos 40 \u00b0C. Eficaz em todos os tecidos.\" \/>\n<meta property=\"og:url\" content=\"https:\/\/www.csj-emballages.com\/pt-pt\/produit\/po-de-lavagem-profissional-super-ativo-20kg\/\" \/>\n<meta property=\"og:site_name\" content=\"CSJ Emballages\" \/>\n<meta property=\"article:publisher\" content=\"https:\/\/www.facebook.com\/csjemballages\" \/>\n<meta property=\"article:modified_time\" content=\"2026-03-12T15:00:37+00:00\" \/>\n<meta property=\"og:image\" content=\"https:\/\/www.csj-emballages.com\/wp-content\/uploads\/2024\/03\/0107.webp\" \/>\n\t<meta property=\"og:image:width\" content=\"800\" \/>\n\t<meta property=\"og:image:height\" content=\"800\" \/>\n\t<meta property=\"og:image:type\" content=\"image\/webp\" \/>\n<meta name=\"twitter:card\" content=\"summary_large_image\" \/>\n<meta name=\"twitter:label1\" content=\"Tempo estimado de leitura\" \/>\n\t<meta name=\"twitter:data1\" content=\"2 minutos\" \/>\n<script type=\"application\/ld+json\" class=\"yoast-schema-graph\">{\"@context\":\"https:\/\/schema.org\",\"@graph\":[{\"@type\":\"WebPage\",\"@id\":\"https:\/\/www.csj-emballages.com\/pt-pt\/produit\/po-de-lavagem-profissional-super-ativo-20kg\/\",\"url\":\"https:\/\/www.csj-emballages.com\/pt-pt\/produit\/po-de-lavagem-profissional-super-ativo-20kg\/\",\"name\":\"Detergente em P\u00f3 Desinfetante Profissional Super Ativo\",\"isPartOf\":{\"@id\":\"https:\/\/www.csj-emballages.com\/pt-pt\/#website\"},\"primaryImageOfPage\":{\"@id\":\"https:\/\/www.csj-emballages.com\/pt-pt\/produit\/po-de-lavagem-profissional-super-ativo-20kg\/#primaryimage\"},\"image\":{\"@id\":\"https:\/\/www.csj-emballages.com\/pt-pt\/produit\/po-de-lavagem-profissional-super-ativo-20kg\/#primaryimage\"},\"thumbnailUrl\":\"https:\/\/www.csj-emballages.com\/wp-content\/uploads\/2024\/03\/0107.webp\",\"datePublished\":\"2024-03-01T16:00:19+00:00\",\"dateModified\":\"2026-03-12T15:00:37+00:00\",\"description\":\"Detergente profissional em p\u00f3 super ativo 20 kg. Enriquecido com oxig\u00e9nio ativo, limpa, remove n\u00f3doas e desinfeta a partir dos 40 \u00b0C. Eficaz em todos os tecidos.\",\"breadcrumb\":{\"@id\":\"https:\/\/www.csj-emballages.com\/pt-pt\/produit\/po-de-lavagem-profissional-super-ativo-20kg\/#breadcrumb\"},\"inLanguage\":\"pt-PT\",\"potentialAction\":[{\"@type\":\"ReadAction\",\"target\":[\"https:\/\/www.csj-emballages.com\/pt-pt\/produit\/po-de-lavagem-profissional-super-ativo-20kg\/\"]}]},{\"@type\":\"ImageObject\",\"inLanguage\":\"pt-PT\",\"@id\":\"https:\/\/www.csj-emballages.com\/pt-pt\/produit\/po-de-lavagem-profissional-super-ativo-20kg\/#primaryimage\",\"url\":\"https:\/\/www.csj-emballages.com\/wp-content\/uploads\/2024\/03\/0107.webp\",\"contentUrl\":\"https:\/\/www.csj-emballages.com\/wp-content\/uploads\/2024\/03\/0107.webp\",\"width\":800,\"height\":800,\"caption\":\"Lessive en poudre d\u00e9sinfectante\"},{\"@type\":\"BreadcrumbList\",\"@id\":\"https:\/\/www.csj-emballages.com\/pt-pt\/produit\/po-de-lavagem-profissional-super-ativo-20kg\/#breadcrumb\",\"itemListElement\":[{\"@type\":\"ListItem\",\"position\":1,\"name\":\"Acolhimento\",\"item\":\"https:\/\/www.csj-emballages.com\/pt-pt\/universo-das-embalagens-alimentares\/\"},{\"@type\":\"ListItem\",\"position\":2,\"name\":\"Shop\",\"item\":\"https:\/\/www.csj-emballages.com\/shop\/\"},{\"@type\":\"ListItem\",\"position\":3,\"name\":\"Detergente em p\u00f3 desinfetante profissional super ativo 20 kg\"}]},{\"@type\":\"WebSite\",\"@id\":\"https:\/\/www.csj-emballages.com\/pt-pt\/#website\",\"url\":\"https:\/\/www.csj-emballages.com\/pt-pt\/\",\"name\":\"CSJ Emballages\",\"description\":\"\",\"publisher\":{\"@id\":\"https:\/\/www.csj-emballages.com\/pt-pt\/#organization\"},\"potentialAction\":[{\"@type\":\"SearchAction\",\"target\":{\"@type\":\"EntryPoint\",\"urlTemplate\":\"https:\/\/www.csj-emballages.com\/pt-pt\/?s={search_term_string}\"},\"query-input\":{\"@type\":\"PropertyValueSpecification\",\"valueRequired\":true,\"valueName\":\"search_term_string\"}}],\"inLanguage\":\"pt-PT\"},{\"@type\":\"Organization\",\"@id\":\"https:\/\/www.csj-emballages.com\/pt-pt\/#Organization\/\",\"name\":\"CSJ Emballages\",\"url\":\"https:\/\/www.csj-emballages.com\/pt-pt\/\",\"logo\":{\"@type\":\"ImageObject\",\"inLanguage\":\"pt-PT\",\"@id\":\"https:\/\/www.csj-emballages.com\/pt-pt\/#\/schema\/logo\/image\/\",\"url\":\"https:\/\/www.csj-emballages.com\/wp-content\/uploads\/2023\/10\/logo_csj.webp\",\"contentUrl\":\"https:\/\/www.csj-emballages.com\/wp-content\/uploads\/2023\/10\/logo_csj.webp\",\"width\":250,\"height\":95,\"caption\":\"CSJ Emballages\"},\"image\":{\"@id\":\"https:\/\/www.csj-emballages.com\/pt-pt\/#\/schema\/logo\/image\/\"},\"sameAs\":[\"https:\/\/www.facebook.com\/csjemballages\"],\"address\":{\"@type\":\"PostalAddress\",\"streetAddress\":\"ZI La Lechere\",\"addressLocality\":\"Patornay\",\"postalCode\":\"39130\",\"addressCountry\":\"FR\"},\"contactPoint\":[{\"@type\":\"ContactPoint\",\"contactType\":\"Service client\",\"telephone\":\"0384254272\",\"email\":\"contact@csj-emballages.com\"}]}]}<\/script>\n<!-- \/ Yoast SEO Premium plugin. -->","yoast_head_json":{"title":"Detergente em P\u00f3 Desinfetante Profissional Super Ativo","description":"Detergente profissional em p\u00f3 super ativo 20 kg. Enriquecido com oxig\u00e9nio ativo, limpa, remove n\u00f3doas e desinfeta a partir dos 40 \u00b0C. Eficaz em todos os tecidos.","robots":{"index":"index","follow":"follow","max-snippet":"max-snippet:-1","max-image-preview":"max-image-preview:large","max-video-preview":"max-video-preview:-1"},"canonical":"https:\/\/www.csj-emballages.com\/pt-pt\/produit\/po-de-lavagem-profissional-super-ativo-20kg\/","og_locale":"pt_PT","og_type":"article","og_title":"Detergente em p\u00f3 desinfetante profissional super ativo 20 kg","og_description":"Detergente profissional em p\u00f3 super ativo 20 kg. Enriquecido com oxig\u00e9nio ativo, limpa, remove n\u00f3doas e desinfeta a partir dos 40 \u00b0C. Eficaz em todos os tecidos.","og_url":"https:\/\/www.csj-emballages.com\/pt-pt\/produit\/po-de-lavagem-profissional-super-ativo-20kg\/","og_site_name":"CSJ Emballages","article_publisher":"https:\/\/www.facebook.com\/csjemballages","article_modified_time":"2026-03-12T15:00:37+00:00","og_image":[{"width":800,"height":800,"url":"https:\/\/www.csj-emballages.com\/wp-content\/uploads\/2024\/03\/0107.webp","type":"image\/webp"}],"twitter_card":"summary_large_image","twitter_misc":{"Tempo estimado de leitura":"2 minutos"},"schema":{"@context":"https:\/\/schema.org","@graph":[{"@type":"WebPage","@id":"https:\/\/www.csj-emballages.com\/pt-pt\/produit\/po-de-lavagem-profissional-super-ativo-20kg\/","url":"https:\/\/www.csj-emballages.com\/pt-pt\/produit\/po-de-lavagem-profissional-super-ativo-20kg\/","name":"Detergente em P\u00f3 Desinfetante Profissional Super Ativo","isPartOf":{"@id":"https:\/\/www.csj-emballages.com\/pt-pt\/#website"},"primaryImageOfPage":{"@id":"https:\/\/www.csj-emballages.com\/pt-pt\/produit\/po-de-lavagem-profissional-super-ativo-20kg\/#primaryimage"},"image":{"@id":"https:\/\/www.csj-emballages.com\/pt-pt\/produit\/po-de-lavagem-profissional-super-ativo-20kg\/#primaryimage"},"thumbnailUrl":"https:\/\/www.csj-emballages.com\/wp-content\/uploads\/2024\/03\/0107.webp","datePublished":"2024-03-01T16:00:19+00:00","dateModified":"2026-03-12T15:00:37+00:00","description":"Detergente profissional em p\u00f3 super ativo 20 kg. Enriquecido com oxig\u00e9nio ativo, limpa, remove n\u00f3doas e desinfeta a partir dos 40 \u00b0C. Eficaz em todos os tecidos.","breadcrumb":{"@id":"https:\/\/www.csj-emballages.com\/pt-pt\/produit\/po-de-lavagem-profissional-super-ativo-20kg\/#breadcrumb"},"inLanguage":"pt-PT","potentialAction":[{"@type":"ReadAction","target":["https:\/\/www.csj-emballages.com\/pt-pt\/produit\/po-de-lavagem-profissional-super-ativo-20kg\/"]}]},{"@type":"ImageObject","inLanguage":"pt-PT","@id":"https:\/\/www.csj-emballages.com\/pt-pt\/produit\/po-de-lavagem-profissional-super-ativo-20kg\/#primaryimage","url":"https:\/\/www.csj-emballages.com\/wp-content\/uploads\/2024\/03\/0107.webp","contentUrl":"https:\/\/www.csj-emballages.com\/wp-content\/uploads\/2024\/03\/0107.webp","width":800,"height":800,"caption":"Lessive en poudre d\u00e9sinfectante"},{"@type":"BreadcrumbList","@id":"https:\/\/www.csj-emballages.com\/pt-pt\/produit\/po-de-lavagem-profissional-super-ativo-20kg\/#breadcrumb","itemListElement":[{"@type":"ListItem","position":1,"name":"Acolhimento","item":"https:\/\/www.csj-emballages.com\/pt-pt\/universo-das-embalagens-alimentares\/"},{"@type":"ListItem","position":2,"name":"Shop","item":"https:\/\/www.csj-emballages.com\/shop\/"},{"@type":"ListItem","position":3,"name":"Detergente em p\u00f3 desinfetante profissional super ativo 20 kg"}]},{"@type":"WebSite","@id":"https:\/\/www.csj-emballages.com\/pt-pt\/#website","url":"https:\/\/www.csj-emballages.com\/pt-pt\/","name":"CSJ Emballages","description":"","publisher":{"@id":"https:\/\/www.csj-emballages.com\/pt-pt\/#organization"},"potentialAction":[{"@type":"SearchAction","target":{"@type":"EntryPoint","urlTemplate":"https:\/\/www.csj-emballages.com\/pt-pt\/?s={search_term_string}"},"query-input":{"@type":"PropertyValueSpecification","valueRequired":true,"valueName":"search_term_string"}}],"inLanguage":"pt-PT"},{"@type":"Organization","@id":"https:\/\/www.csj-emballages.com\/pt-pt\/#Organization\/","name":"CSJ Emballages","url":"https:\/\/www.csj-emballages.com\/pt-pt\/","logo":{"@type":"ImageObject","inLanguage":"pt-PT","@id":"https:\/\/www.csj-emballages.com\/pt-pt\/#\/schema\/logo\/image\/","url":"https:\/\/www.csj-emballages.com\/wp-content\/uploads\/2023\/10\/logo_csj.webp","contentUrl":"https:\/\/www.csj-emballages.com\/wp-content\/uploads\/2023\/10\/logo_csj.webp","width":250,"height":95,"caption":"CSJ Emballages"},"image":{"@id":"https:\/\/www.csj-emballages.com\/pt-pt\/#\/schema\/logo\/image\/"},"sameAs":["https:\/\/www.facebook.com\/csjemballages"],"address":{"@type":"PostalAddress","streetAddress":"ZI La Lechere","addressLocality":"Patornay","postalCode":"39130","addressCountry":"FR"},"contactPoint":[{"@type":"ContactPoint","contactType":"Service client","telephone":"0384254272","email":"contact@csj-emballages.com"}]}]}},"df_price":77.22,"df_sale_price":"","df_regular_price":77.22,"df_image_link":"https:\/\/www.csj-emballages.com\/wp-content\/uploads\/2024\/03\/0107-300x300.webp","tiered_pricing_type":"fixed","tiered_pricing_fixed_rules":[],"tiered_pricing_percentage_rules":[],"tiered_pricing_minimum":1,"tiered_pricing_roles_data":[],"_links":{"self":[{"href":"https:\/\/www.csj-emballages.com\/pt-pt\/wp-json\/wp\/v2\/product\/17206","targetHints":{"allow":["GET"]}}],"collection":[{"href":"https:\/\/www.csj-emballages.com\/pt-pt\/wp-json\/wp\/v2\/product"}],"about":[{"href":"https:\/\/www.csj-emballages.com\/pt-pt\/wp-json\/wp\/v2\/types\/product"}],"wp:featuredmedia":[{"embeddable":true,"href":"https:\/\/www.csj-emballages.com\/pt-pt\/wp-json\/wp\/v2\/media\/263186"}],"wp:attachment":[{"href":"https:\/\/www.csj-emballages.com\/pt-pt\/wp-json\/wp\/v2\/media?parent=17206"}],"wp:term":[{"taxonomy":"product_brand","embeddable":true,"href":"https:\/\/www.csj-emballages.com\/pt-pt\/wp-json\/wp\/v2\/product_brand?post=17206"},{"taxonomy":"product_cat","embeddable":true,"href":"https:\/\/www.csj-emballages.com\/pt-pt\/wp-json\/wp\/v2\/product_cat?post=17206"},{"taxonomy":"product_tag","embeddable":true,"href":"https:\/\/www.csj-emballages.com\/pt-pt\/wp-json\/wp\/v2\/product_tag?post=17206"}],"curies":[{"name":"wp","href":"https:\/\/api.w.org\/{rel}","templated":true}]}}