{"id":17199,"date":"2024-03-01T17:00:17","date_gmt":"2024-03-01T16:00:17","guid":{"rendered":"https:\/\/u15jnbdpoq.preview.infomaniak.website\/produit\/desengordurante-para-placas-de-grelhar-6-kg\/"},"modified":"2026-04-30T02:10:16","modified_gmt":"2026-04-30T00:10:16","slug":"desengordurante-para-placas-de-grelhar-6-kg","status":"publish","type":"product","link":"https:\/\/www.csj-emballages.com\/pt-pt\/produit\/desengordurante-para-placas-de-grelhar-6-kg\/","title":{"rendered":"Desengordurante para grelhadores e planchas 6 kg"},"content":{"rendered":"<h2>Desengordurante para grelhadores e planchas<\/h2>\n<div style=\"font-family: Roboto, sans-serif;\">\n<div style=\"font-family: Roboto, sans-serif;\">\n<div style=\"font-family: Roboto, sans-serif;\">\n<div style=\"font-family: Roboto, sans-serif;\">\n<div style=\"font-family: Roboto, sans-serif;\">\n<div style=\"font-family: Roboto, sans-serif;\">\n<hr>\n<h3>Descri\u00e7\u00e3o do nosso desengordurante de 6 kg para grelhadores e planchas<\/h3>\n<p><!--more--><\/p>\n<p class=\"\" data-start=\"276\" data-end=\"592\">Concebido para os profissionais da restaura\u00e7\u00e3o, este <strong>desengordurante<\/strong> <strong>para grelhadores\/planas<\/strong>, <strong>fornos<\/strong> e <strong>fritadeiras<\/strong> \u00e9 um aliado indispens\u00e1vel para a limpeza em profundidade da sua cozinha. Dispon\u00edvel numa <strong>lata de 6 kg<\/strong>, oferece uma capacidade generosa, ideal para uma utiliza\u00e7\u00e3o intensiva em ambientes profissionais. A sua f\u00f3rmula ultra-eficaz remove as gorduras mais dif\u00edceis, mesmo as carbonizadas, das superf\u00edcies quentes e frias. Actua rapidamente para remover res\u00edduos de cozinha, salpicos de \u00f3leo e dep\u00f3sitos que se acumularam ao longo do tempo, sem necessidade de esfregar excessivamente. Utilizado n\u00e3o dilu\u00eddo numa superf\u00edcie ainda quente ou dilu\u00eddo em \u00e1gua quente, \u00e9 um formid\u00e1vel produto de limpeza profunda para fritadeiras.    <\/p>\n<p class=\"\" data-start=\"1039\" data-end=\"1317\">Este <strong>desengordurante<\/strong> foi concebido para facilitar a vida quotidiana de cozinheiros, fornecedores de refei\u00e7\u00f5es, food trucks e autoridades locais que necessitam de resultados impec\u00e1veis sem perda de tempo. \u00c9 tamb\u00e9m utilizado por utilizadores dom\u00e9sticos exigentes que pretendem um produto profissional em casa. <\/p>\n<p class=\"\" data-start=\"1319\" data-end=\"1540\">Econ\u00f3mico e eficaz, este <strong>desengordurante<\/strong> em <strong>lata de 6 kg<\/strong> vai acompanh\u00e1-lo durante muito tempo, mesmo que o utilize frequentemente. \u00c9 uma verdadeira poupan\u00e7a de tempo para quem n\u00e3o faz concess\u00f5es \u00e0 higiene. <\/p>\n<p data-start=\"1319\" data-end=\"1540\">\n<\/div>\n<\/div>\n<\/div>\n<\/div>\n<\/div>\n<\/div>\n<p><!--more--><\/p>\n<div style=\"font-family: Roboto, sans-serif;\">\n<div style=\"font-family: Roboto, sans-serif;\">\n<div style=\"font-family: Roboto, sans-serif;\">\n<div style=\"font-family: Roboto, sans-serif;\">\n<div style=\"font-family: Roboto, sans-serif;\">\n<div style=\"font-family: Roboto, sans-serif;\">\n<p><b>Instru\u00e7\u00f5es de utiliza\u00e7\u00e3o :<\/b><\/p>\n<ul>\n<li>Utilizar sem dilui\u00e7\u00e3o para a limpeza de grelhadores\/planchas de restaurante, de prefer\u00eancia com o grelhador\/plancha quente (50-60\u00b0C), depois enxaguar com um pano h\u00famido. Pode ser dilu\u00eddo com \u00e1gua em fun\u00e7\u00e3o do grau de sujidade de outros materiais (filtros, fornos, etc.). <\/li>\n<\/ul>\n<\/div>\n<\/div>\n<div style=\"font-family: Roboto, sans-serif;\">\n<div style=\"font-family: Roboto, sans-serif;\">\n<p>&nbsp;<\/p>\n<\/div>\n<\/div>\n<\/div>\n<\/div>\n<\/div>\n<\/div>\n<p><!--more--><\/p>\n<h4>Outras informa\u00e7\u00f5es :<\/h4>\n<ul>\n<li><strong>Embalagem<\/strong>: Por unidade<\/li>\n<li><strong>Volume<\/strong>: 6 kg<\/li>\n<li><strong>Utiliza\u00e7\u00e3o<\/strong>: Desengordurante<\/li>\n<li><strong>Cor<\/strong>: castanho<\/li>\n<\/ul>\n<p>&nbsp;<\/p>\n<p><!--more--><\/p>\n<p>Clique aqui para obter o nosso desengordurante para grelhadores\/fornos\/grelhadores de 1 litro: <span style=\"color: #d12727;\"><a style=\"color: #d12727;\" href=\"https:\/\/www.csj-emballages.com\/produit\/spray-degraissant-grill-four-750ml\/\">04171<\/a><\/span><\/p>\n<p>&nbsp;<\/p>\n<p><!--more--><\/p>\n<p>Veja tamb\u00e9m o nosso decapante l\u00edquido para fornos e fritadeiras ORLAV Force Plus de 5L: <span style=\"color: #d12727;\"><a style=\"color: #d12727;\" href=\"https:\/\/www.csj-emballages.com\/es\/produit\/limpiador-liquido-para-hornos-y-freidoras-force-plus-5l-orlav\/\">04165<\/a><\/span><\/p>\n<p>&nbsp;<\/p>\n<p><!--more--><\/p>\n<p><a href=\"https:\/\/www.csj-emballages.com\/pt-pt\/categorie-produit\/higiene-e-manutencao\/produtos-de-limpeza\/cozinha\/\">V\u00ea o resto da nossa gama de cuidados de cozinha aqui<\/a><\/p>\n","protected":false},"excerpt":{"rendered":"<p>Desengordurante para grelhadores e planchas Descri\u00e7\u00e3o do nosso desengordurante de 6 kg para grelhadores e planchas<\/p>\n","protected":false},"featured_media":233177,"template":"","meta":{"_acf_changed":false},"product_brand":[],"product_cat":[1222,1223,1348],"product_tag":[],"class_list":{"0":"post-17199","1":"product","2":"type-product","3":"status-publish","4":"has-post-thumbnail","6":"product_cat-higiene-e-manutencao","7":"product_cat-produtos-de-limpeza","8":"product_cat-cozinha","9":"product_shipping_class-nao-e-permitido-em-reles","11":"first","12":"instock","13":"taxable","14":"shipping-taxable","15":"purchasable","16":"product-type-simple"},"acf":[],"yoast_head":"<!-- This site is optimized with the Yoast SEO Premium plugin v26.6 (Yoast SEO v26.6) - https:\/\/yoast.com\/wordpress\/plugins\/seo\/ -->\n<title>Desengordurante Grelhadores \/ Planchas 6kg<\/title>\n<meta name=\"description\" content=\"Poderoso desengordurante para grelhadores \/ planchas \/ fornos e fritadeiras em latas de 6 kg. Remove mesmo as gorduras mais dif\u00edceis. Para uso puro.\" \/>\n<meta name=\"robots\" content=\"index, follow, max-snippet:-1, max-image-preview:large, max-video-preview:-1\" \/>\n<link rel=\"canonical\" href=\"https:\/\/www.csj-emballages.com\/pt-pt\/produit\/desengordurante-para-placas-de-grelhar-6-kg\/\" \/>\n<meta property=\"og:locale\" content=\"pt_PT\" \/>\n<meta property=\"og:type\" content=\"article\" \/>\n<meta property=\"og:title\" content=\"Desengordurante para grelhadores e planchas 6 kg\" \/>\n<meta property=\"og:description\" content=\"Poderoso desengordurante para grelhadores \/ planchas \/ fornos e fritadeiras em latas de 6 kg. Remove mesmo as gorduras mais dif\u00edceis. Para uso puro.\" \/>\n<meta property=\"og:url\" content=\"https:\/\/www.csj-emballages.com\/pt-pt\/produit\/desengordurante-para-placas-de-grelhar-6-kg\/\" \/>\n<meta property=\"og:site_name\" content=\"CSJ Emballages\" \/>\n<meta property=\"article:publisher\" content=\"https:\/\/www.facebook.com\/csjemballages\" \/>\n<meta property=\"article:modified_time\" content=\"2026-04-30T00:10:16+00:00\" \/>\n<meta property=\"og:image\" content=\"https:\/\/www.csj-emballages.com\/wp-content\/uploads\/2024\/03\/02555.webp\" \/>\n\t<meta property=\"og:image:width\" content=\"800\" \/>\n\t<meta property=\"og:image:height\" content=\"800\" \/>\n\t<meta property=\"og:image:type\" content=\"image\/webp\" \/>\n<meta name=\"twitter:card\" content=\"summary_large_image\" \/>\n<meta name=\"twitter:label1\" content=\"Tempo estimado de leitura\" \/>\n\t<meta name=\"twitter:data1\" content=\"2 minutos\" \/>\n<script type=\"application\/ld+json\" class=\"yoast-schema-graph\">{\"@context\":\"https:\/\/schema.org\",\"@graph\":[{\"@type\":\"WebPage\",\"@id\":\"https:\/\/www.csj-emballages.com\/pt-pt\/produit\/desengordurante-para-placas-de-grelhar-6-kg\/\",\"url\":\"https:\/\/www.csj-emballages.com\/pt-pt\/produit\/desengordurante-para-placas-de-grelhar-6-kg\/\",\"name\":\"Desengordurante Grelhadores \/ Planchas 6kg\",\"isPartOf\":{\"@id\":\"https:\/\/www.csj-emballages.com\/pt-pt\/#website\"},\"primaryImageOfPage\":{\"@id\":\"https:\/\/www.csj-emballages.com\/pt-pt\/produit\/desengordurante-para-placas-de-grelhar-6-kg\/#primaryimage\"},\"image\":{\"@id\":\"https:\/\/www.csj-emballages.com\/pt-pt\/produit\/desengordurante-para-placas-de-grelhar-6-kg\/#primaryimage\"},\"thumbnailUrl\":\"https:\/\/www.csj-emballages.com\/wp-content\/uploads\/2024\/03\/02555.webp\",\"datePublished\":\"2024-03-01T16:00:17+00:00\",\"dateModified\":\"2026-04-30T00:10:16+00:00\",\"description\":\"Poderoso desengordurante para grelhadores \/ planchas \/ fornos e fritadeiras em latas de 6 kg. Remove mesmo as gorduras mais dif\u00edceis. Para uso puro.\",\"breadcrumb\":{\"@id\":\"https:\/\/www.csj-emballages.com\/pt-pt\/produit\/desengordurante-para-placas-de-grelhar-6-kg\/#breadcrumb\"},\"inLanguage\":\"pt-PT\",\"potentialAction\":[{\"@type\":\"ReadAction\",\"target\":[\"https:\/\/www.csj-emballages.com\/pt-pt\/produit\/desengordurante-para-placas-de-grelhar-6-kg\/\"]}]},{\"@type\":\"ImageObject\",\"inLanguage\":\"pt-PT\",\"@id\":\"https:\/\/www.csj-emballages.com\/pt-pt\/produit\/desengordurante-para-placas-de-grelhar-6-kg\/#primaryimage\",\"url\":\"https:\/\/www.csj-emballages.com\/wp-content\/uploads\/2024\/03\/02555.webp\",\"contentUrl\":\"https:\/\/www.csj-emballages.com\/wp-content\/uploads\/2024\/03\/02555.webp\",\"width\":800,\"height\":800,\"caption\":\"d\u00e9graissant grills \/ planchas\"},{\"@type\":\"BreadcrumbList\",\"@id\":\"https:\/\/www.csj-emballages.com\/pt-pt\/produit\/desengordurante-para-placas-de-grelhar-6-kg\/#breadcrumb\",\"itemListElement\":[{\"@type\":\"ListItem\",\"position\":1,\"name\":\"Acolhimento\",\"item\":\"https:\/\/www.csj-emballages.com\/pt-pt\/universo-das-embalagens-alimentares\/\"},{\"@type\":\"ListItem\",\"position\":2,\"name\":\"Shop\",\"item\":\"https:\/\/www.csj-emballages.com\/shop\/\"},{\"@type\":\"ListItem\",\"position\":3,\"name\":\"Desengordurante para grelhadores e planchas 6 kg\"}]},{\"@type\":\"WebSite\",\"@id\":\"https:\/\/www.csj-emballages.com\/pt-pt\/#website\",\"url\":\"https:\/\/www.csj-emballages.com\/pt-pt\/\",\"name\":\"CSJ Emballages\",\"description\":\"\",\"publisher\":{\"@id\":\"https:\/\/www.csj-emballages.com\/pt-pt\/#organization\"},\"potentialAction\":[{\"@type\":\"SearchAction\",\"target\":{\"@type\":\"EntryPoint\",\"urlTemplate\":\"https:\/\/www.csj-emballages.com\/pt-pt\/?s={search_term_string}\"},\"query-input\":{\"@type\":\"PropertyValueSpecification\",\"valueRequired\":true,\"valueName\":\"search_term_string\"}}],\"inLanguage\":\"pt-PT\"},{\"@type\":\"Organization\",\"@id\":\"https:\/\/www.csj-emballages.com\/pt-pt\/#Organization\/\",\"name\":\"CSJ Emballages\",\"url\":\"https:\/\/www.csj-emballages.com\/pt-pt\/\",\"logo\":{\"@type\":\"ImageObject\",\"inLanguage\":\"pt-PT\",\"@id\":\"https:\/\/www.csj-emballages.com\/pt-pt\/#\/schema\/logo\/image\/\",\"url\":\"https:\/\/www.csj-emballages.com\/wp-content\/uploads\/2023\/10\/logo_csj.webp\",\"contentUrl\":\"https:\/\/www.csj-emballages.com\/wp-content\/uploads\/2023\/10\/logo_csj.webp\",\"width\":250,\"height\":95,\"caption\":\"CSJ Emballages\"},\"image\":{\"@id\":\"https:\/\/www.csj-emballages.com\/pt-pt\/#\/schema\/logo\/image\/\"},\"sameAs\":[\"https:\/\/www.facebook.com\/csjemballages\"],\"address\":{\"@type\":\"PostalAddress\",\"streetAddress\":\"ZI La Lechere\",\"addressLocality\":\"Patornay\",\"postalCode\":\"39130\",\"addressCountry\":\"FR\"},\"contactPoint\":[{\"@type\":\"ContactPoint\",\"contactType\":\"Service client\",\"telephone\":\"0384254272\",\"email\":\"contact@csj-emballages.com\"}]}]}<\/script>\n<!-- \/ Yoast SEO Premium plugin. -->","yoast_head_json":{"title":"Desengordurante Grelhadores \/ Planchas 6kg","description":"Poderoso desengordurante para grelhadores \/ planchas \/ fornos e fritadeiras em latas de 6 kg. Remove mesmo as gorduras mais dif\u00edceis. Para uso puro.","robots":{"index":"index","follow":"follow","max-snippet":"max-snippet:-1","max-image-preview":"max-image-preview:large","max-video-preview":"max-video-preview:-1"},"canonical":"https:\/\/www.csj-emballages.com\/pt-pt\/produit\/desengordurante-para-placas-de-grelhar-6-kg\/","og_locale":"pt_PT","og_type":"article","og_title":"Desengordurante para grelhadores e planchas 6 kg","og_description":"Poderoso desengordurante para grelhadores \/ planchas \/ fornos e fritadeiras em latas de 6 kg. Remove mesmo as gorduras mais dif\u00edceis. Para uso puro.","og_url":"https:\/\/www.csj-emballages.com\/pt-pt\/produit\/desengordurante-para-placas-de-grelhar-6-kg\/","og_site_name":"CSJ Emballages","article_publisher":"https:\/\/www.facebook.com\/csjemballages","article_modified_time":"2026-04-30T00:10:16+00:00","og_image":[{"width":800,"height":800,"url":"https:\/\/www.csj-emballages.com\/wp-content\/uploads\/2024\/03\/02555.webp","type":"image\/webp"}],"twitter_card":"summary_large_image","twitter_misc":{"Tempo estimado de leitura":"2 minutos"},"schema":{"@context":"https:\/\/schema.org","@graph":[{"@type":"WebPage","@id":"https:\/\/www.csj-emballages.com\/pt-pt\/produit\/desengordurante-para-placas-de-grelhar-6-kg\/","url":"https:\/\/www.csj-emballages.com\/pt-pt\/produit\/desengordurante-para-placas-de-grelhar-6-kg\/","name":"Desengordurante Grelhadores \/ Planchas 6kg","isPartOf":{"@id":"https:\/\/www.csj-emballages.com\/pt-pt\/#website"},"primaryImageOfPage":{"@id":"https:\/\/www.csj-emballages.com\/pt-pt\/produit\/desengordurante-para-placas-de-grelhar-6-kg\/#primaryimage"},"image":{"@id":"https:\/\/www.csj-emballages.com\/pt-pt\/produit\/desengordurante-para-placas-de-grelhar-6-kg\/#primaryimage"},"thumbnailUrl":"https:\/\/www.csj-emballages.com\/wp-content\/uploads\/2024\/03\/02555.webp","datePublished":"2024-03-01T16:00:17+00:00","dateModified":"2026-04-30T00:10:16+00:00","description":"Poderoso desengordurante para grelhadores \/ planchas \/ fornos e fritadeiras em latas de 6 kg. Remove mesmo as gorduras mais dif\u00edceis. Para uso puro.","breadcrumb":{"@id":"https:\/\/www.csj-emballages.com\/pt-pt\/produit\/desengordurante-para-placas-de-grelhar-6-kg\/#breadcrumb"},"inLanguage":"pt-PT","potentialAction":[{"@type":"ReadAction","target":["https:\/\/www.csj-emballages.com\/pt-pt\/produit\/desengordurante-para-placas-de-grelhar-6-kg\/"]}]},{"@type":"ImageObject","inLanguage":"pt-PT","@id":"https:\/\/www.csj-emballages.com\/pt-pt\/produit\/desengordurante-para-placas-de-grelhar-6-kg\/#primaryimage","url":"https:\/\/www.csj-emballages.com\/wp-content\/uploads\/2024\/03\/02555.webp","contentUrl":"https:\/\/www.csj-emballages.com\/wp-content\/uploads\/2024\/03\/02555.webp","width":800,"height":800,"caption":"d\u00e9graissant grills \/ planchas"},{"@type":"BreadcrumbList","@id":"https:\/\/www.csj-emballages.com\/pt-pt\/produit\/desengordurante-para-placas-de-grelhar-6-kg\/#breadcrumb","itemListElement":[{"@type":"ListItem","position":1,"name":"Acolhimento","item":"https:\/\/www.csj-emballages.com\/pt-pt\/universo-das-embalagens-alimentares\/"},{"@type":"ListItem","position":2,"name":"Shop","item":"https:\/\/www.csj-emballages.com\/shop\/"},{"@type":"ListItem","position":3,"name":"Desengordurante para grelhadores e planchas 6 kg"}]},{"@type":"WebSite","@id":"https:\/\/www.csj-emballages.com\/pt-pt\/#website","url":"https:\/\/www.csj-emballages.com\/pt-pt\/","name":"CSJ Emballages","description":"","publisher":{"@id":"https:\/\/www.csj-emballages.com\/pt-pt\/#organization"},"potentialAction":[{"@type":"SearchAction","target":{"@type":"EntryPoint","urlTemplate":"https:\/\/www.csj-emballages.com\/pt-pt\/?s={search_term_string}"},"query-input":{"@type":"PropertyValueSpecification","valueRequired":true,"valueName":"search_term_string"}}],"inLanguage":"pt-PT"},{"@type":"Organization","@id":"https:\/\/www.csj-emballages.com\/pt-pt\/#Organization\/","name":"CSJ Emballages","url":"https:\/\/www.csj-emballages.com\/pt-pt\/","logo":{"@type":"ImageObject","inLanguage":"pt-PT","@id":"https:\/\/www.csj-emballages.com\/pt-pt\/#\/schema\/logo\/image\/","url":"https:\/\/www.csj-emballages.com\/wp-content\/uploads\/2023\/10\/logo_csj.webp","contentUrl":"https:\/\/www.csj-emballages.com\/wp-content\/uploads\/2023\/10\/logo_csj.webp","width":250,"height":95,"caption":"CSJ Emballages"},"image":{"@id":"https:\/\/www.csj-emballages.com\/pt-pt\/#\/schema\/logo\/image\/"},"sameAs":["https:\/\/www.facebook.com\/csjemballages"],"address":{"@type":"PostalAddress","streetAddress":"ZI La Lechere","addressLocality":"Patornay","postalCode":"39130","addressCountry":"FR"},"contactPoint":[{"@type":"ContactPoint","contactType":"Service client","telephone":"0384254272","email":"contact@csj-emballages.com"}]}]}},"df_price":22.07,"df_sale_price":"","df_regular_price":22.07,"df_image_link":"https:\/\/www.csj-emballages.com\/wp-content\/uploads\/2024\/03\/02555-300x300.webp","tiered_pricing_type":"fixed","tiered_pricing_fixed_rules":[],"tiered_pricing_percentage_rules":[],"tiered_pricing_minimum":1,"tiered_pricing_roles_data":[],"_links":{"self":[{"href":"https:\/\/www.csj-emballages.com\/pt-pt\/wp-json\/wp\/v2\/product\/17199","targetHints":{"allow":["GET"]}}],"collection":[{"href":"https:\/\/www.csj-emballages.com\/pt-pt\/wp-json\/wp\/v2\/product"}],"about":[{"href":"https:\/\/www.csj-emballages.com\/pt-pt\/wp-json\/wp\/v2\/types\/product"}],"wp:featuredmedia":[{"embeddable":true,"href":"https:\/\/www.csj-emballages.com\/pt-pt\/wp-json\/wp\/v2\/media\/233177"}],"wp:attachment":[{"href":"https:\/\/www.csj-emballages.com\/pt-pt\/wp-json\/wp\/v2\/media?parent=17199"}],"wp:term":[{"taxonomy":"product_brand","embeddable":true,"href":"https:\/\/www.csj-emballages.com\/pt-pt\/wp-json\/wp\/v2\/product_brand?post=17199"},{"taxonomy":"product_cat","embeddable":true,"href":"https:\/\/www.csj-emballages.com\/pt-pt\/wp-json\/wp\/v2\/product_cat?post=17199"},{"taxonomy":"product_tag","embeddable":true,"href":"https:\/\/www.csj-emballages.com\/pt-pt\/wp-json\/wp\/v2\/product_tag?post=17199"}],"curies":[{"name":"wp","href":"https:\/\/api.w.org\/{rel}","templated":true}]}}