{"id":17197,"date":"2024-03-01T17:00:19","date_gmt":"2024-03-01T16:00:19","guid":{"rendered":"https:\/\/u15jnbdpoq.preview.infomaniak.website\/produit\/orlav-pastilha-para-maquina-de-lavar-loica-5kg\/"},"modified":"2026-05-01T02:10:16","modified_gmt":"2026-05-01T00:10:16","slug":"orlav-pastilha-para-maquina-de-lavar-loica-5kg","status":"publish","type":"product","link":"https:\/\/www.csj-emballages.com\/pt-pt\/produit\/orlav-pastilha-para-maquina-de-lavar-loica-5kg\/","title":{"rendered":"ORLAV pastilha para m\u00e1quina de lavar loi\u00e7a 5Kg"},"content":{"rendered":"<h2 class=\"ai-optimize-29\">Pastilha para m\u00e1quina de lavar lou\u00e7a<\/h2>\n<hr>\n<h3 class=\"ai-optimize-30\">Descri\u00e7\u00e3o da nossa pastilha para m\u00e1quina de lavar lou\u00e7a ORLAV 5Kg<\/h3>\n<p><!--more--><\/p>\n<p class=\"ai-optimize-33 ai-optimize-introduction\" data-start=\"158\" data-end=\"515\">Concebidas para os profissionais da restaura\u00e7\u00e3o, <strong data-start=\"214\" data-end=\"248\">as pastilhas para m\u00e1quinas de lavar lou\u00e7a ORLAV<\/strong> em <strong>baldes de 5 kg<\/strong> s\u00e3o a solu\u00e7\u00e3o ideal para uma lavagem potente e eficaz da lou\u00e7a em m\u00e1quinas industriais. S\u00e3o <strong data-start=\"380\" data-end=\"431\">particularmente indicadas para as m\u00e1quinas de um s\u00f3 banho<\/strong>, onde a sua dupla a\u00e7\u00e3o descalcificante <strong data-start=\"455\" data-end=\"489\">e abrilhantadora<\/strong> faz toda a diferen\u00e7a. Al\u00e9m disso, cada <strong>pastilha<\/strong> <strong>de 20 gramas<\/strong> \u00e9 <strong data-start=\"551\" data-end=\"577\">doseada individualmente<\/strong>, o que facilita a sua utiliza\u00e7\u00e3o e garante uma higiene \u00f3ptima. Gra\u00e7as \u00e0 sua f\u00f3rmula <strong data-start=\"676\" data-end=\"691\">sem cloro<\/strong>, s\u00e3o mais respeitadoras do ambiente e reduzem o risco de emiss\u00f5es nocivas. Enriquecidas com <strong data-start=\"800\" data-end=\"819\">oxig\u00e9nio ativo<\/strong>, permitem uma limpeza em profundidade, mesmo das manchas mais dif\u00edceis, respeitando a loi\u00e7a.    <\/p>\n<p class=\"ai-optimize-35\" data-start=\"939\" data-end=\"1240\">Estas <strong>pastilhas<\/strong> <strong data-start=\"966\" data-end=\"1000\">dissolvem-se r\u00e1pida e completamente<\/strong>, mesmo num ciclo curto, o que \u00e9 uma verdadeira vantagem num ambiente profissional de ritmo acelerado. S\u00e3o ideais para <strong data-start=\"1149\" data-end=\"1201\">pratos, copos, talheres e outros utens\u00edlios<\/strong>, sem deixar res\u00edduos nem marcas. <\/p>\n<p class=\"ai-optimize-36\" data-start=\"1242\" data-end=\"1544\">O formato de <strong>balde de 5<\/strong> <strong>kg<\/strong> significa que pode ser <strong data-start=\"1276\" data-end=\"1301\">utilizado durante um longo per\u00edodo de tempo<\/strong>, o que o torna ideal para <strong data-start=\"1319\" data-end=\"1367\">cozinhas comerciais, empresas de catering, restaurantes<\/strong> e at\u00e9 autoridades locais. Em suma, n\u00e3o se preocupe mais com a dosagem: com <strong>ORLAV<\/strong>, tem uma solu\u00e7\u00e3o fi\u00e1vel e profissional. <\/p>\n<p data-start=\"1242\" data-end=\"1544\">\n<p><!--more--><\/p>\n<h4 class=\"ai-optimize-35\">Vantagens:<\/h4>\n<ul>\n<li class=\"ai-optimize-36\">Poderosa f\u00f3rmula alcalina clorada.<\/li>\n<li class=\"ai-optimize-37\">Muito eficaz contra os taninos, a te\u00edna e a cafe\u00edna.<\/li>\n<li class=\"ai-optimize-38\">Pode ser lavado na m\u00e1quina de lavar lou\u00e7a ou utilizado de molho.<\/li>\n<li class=\"ai-optimize-39\">Perfeito para pratos E equipamento de cozinha.<\/li>\n<li class=\"ai-optimize-40\">Embalagem de 10 kg.<\/li>\n<\/ul>\n<h4><\/h4>\n<p><!--more--><\/p>\n<h4 class=\"ai-optimize-41\">Outras informa\u00e7\u00f5es :<\/h4>\n<ul>\n<li class=\"ai-optimize-42\"><strong>Embalagem<\/strong>: Por unidade<\/li>\n<li class=\"ai-optimize-43\"><strong>Peso<\/strong>: 10 kg \/ 250 comprimidos<\/li>\n<li class=\"ai-optimize-44\"><strong>Utiliza\u00e7\u00e3o<\/strong>: Detergente para a m\u00e1quina de lavar loi\u00e7a<\/li>\n<\/ul>\n<p>&nbsp;<\/p>\n<p><!--more--><\/p>\n<p class=\"ai-optimize-45\">Ver tamb\u00e9m o nosso detergente para m\u00e1quinas de lavar loi\u00e7a force plus 10 kg: <span style=\"color: #d12727;\"><a style=\"color: #d12727;\" href=\"https:\/\/www.csj-emballages.com\/es\/produit\/detergente-lavavajillas-force-plus-10-kg\/\">0411<\/a><\/span><\/p>\n<p>&nbsp;<\/p>\n<p><!--more--><\/p>\n<p class=\"ai-optimize-46\"><a href=\"https:\/\/www.csj-emballages.com\/wp-admin\/post.php?post=534&amp;action=edit&amp;lang=fr\">V\u00ea o resto da nossa gama de produtos para a m\u00e1quina de lavar lou\u00e7a<\/a><\/p>\n","protected":false},"excerpt":{"rendered":"<p>Pastilha para m\u00e1quina de lavar lou\u00e7a Descri\u00e7\u00e3o da nossa pastilha para m\u00e1quina de lavar lou\u00e7a ORLAV 5Kg<\/p>\n","protected":false},"featured_media":235485,"template":"","meta":{"_acf_changed":false},"product_brand":[],"product_cat":[1222,1223,1224,1381],"product_tag":[],"class_list":{"0":"post-17197","1":"product","2":"type-product","3":"status-publish","4":"has-post-thumbnail","6":"product_cat-higiene-e-manutencao","7":"product_cat-produtos-de-limpeza","8":"product_cat-cuidados-com-a-loica","9":"product_cat-maquina-de-lavar-louca","10":"product_shipping_class-nao-e-permitido-em-reles","12":"first","13":"instock","14":"taxable","15":"shipping-taxable","16":"purchasable","17":"product-type-simple"},"acf":[],"yoast_head":"<!-- This site is optimized with the Yoast SEO Premium plugin v26.6 (Yoast SEO v26.6) - https:\/\/yoast.com\/wordpress\/plugins\/seo\/ -->\n<title>ORLAV pastilha para m\u00e1quina de lavar lou\u00e7a 5Kg<\/title>\n<meta name=\"description\" content=\"Pastilhas para m\u00e1quinas de lavar lou\u00e7a ORLAV 5kg - F\u00f3rmula sem cloro com oxig\u00e9nio ativo. Brilho e limpeza da loi\u00e7a em m\u00e1quinas industriais.\" \/>\n<meta name=\"robots\" content=\"index, follow, max-snippet:-1, max-image-preview:large, max-video-preview:-1\" \/>\n<link rel=\"canonical\" href=\"https:\/\/www.csj-emballages.com\/pt-pt\/produit\/orlav-pastilha-para-maquina-de-lavar-loica-5kg\/\" \/>\n<meta property=\"og:locale\" content=\"pt_PT\" \/>\n<meta property=\"og:type\" content=\"article\" \/>\n<meta property=\"og:title\" content=\"ORLAV pastilha para m\u00e1quina de lavar loi\u00e7a 5Kg\" \/>\n<meta property=\"og:description\" content=\"Pastilhas para m\u00e1quinas de lavar lou\u00e7a ORLAV 5kg - F\u00f3rmula sem cloro com oxig\u00e9nio ativo. Brilho e limpeza da loi\u00e7a em m\u00e1quinas industriais.\" \/>\n<meta property=\"og:url\" content=\"https:\/\/www.csj-emballages.com\/pt-pt\/produit\/orlav-pastilha-para-maquina-de-lavar-loica-5kg\/\" \/>\n<meta property=\"og:site_name\" content=\"CSJ Emballages\" \/>\n<meta property=\"article:publisher\" content=\"https:\/\/www.facebook.com\/csjemballages\" \/>\n<meta property=\"article:modified_time\" content=\"2026-05-01T00:10:16+00:00\" \/>\n<meta property=\"og:image\" content=\"https:\/\/www.csj-emballages.com\/wp-content\/uploads\/2024\/03\/01235.webp\" \/>\n\t<meta property=\"og:image:width\" content=\"800\" \/>\n\t<meta property=\"og:image:height\" content=\"800\" \/>\n\t<meta property=\"og:image:type\" content=\"image\/webp\" \/>\n<meta name=\"twitter:card\" content=\"summary_large_image\" \/>\n<meta name=\"twitter:label1\" content=\"Tempo estimado de leitura\" \/>\n\t<meta name=\"twitter:data1\" content=\"2 minutos\" \/>\n<script type=\"application\/ld+json\" class=\"yoast-schema-graph\">{\"@context\":\"https:\/\/schema.org\",\"@graph\":[{\"@type\":\"WebPage\",\"@id\":\"https:\/\/www.csj-emballages.com\/pt-pt\/produit\/orlav-pastilha-para-maquina-de-lavar-loica-5kg\/\",\"url\":\"https:\/\/www.csj-emballages.com\/pt-pt\/produit\/orlav-pastilha-para-maquina-de-lavar-loica-5kg\/\",\"name\":\"ORLAV pastilha para m\u00e1quina de lavar lou\u00e7a 5Kg\",\"isPartOf\":{\"@id\":\"https:\/\/www.csj-emballages.com\/pt-pt\/#website\"},\"primaryImageOfPage\":{\"@id\":\"https:\/\/www.csj-emballages.com\/pt-pt\/produit\/orlav-pastilha-para-maquina-de-lavar-loica-5kg\/#primaryimage\"},\"image\":{\"@id\":\"https:\/\/www.csj-emballages.com\/pt-pt\/produit\/orlav-pastilha-para-maquina-de-lavar-loica-5kg\/#primaryimage\"},\"thumbnailUrl\":\"https:\/\/www.csj-emballages.com\/wp-content\/uploads\/2024\/03\/01235.webp\",\"datePublished\":\"2024-03-01T16:00:19+00:00\",\"dateModified\":\"2026-05-01T00:10:16+00:00\",\"description\":\"Pastilhas para m\u00e1quinas de lavar lou\u00e7a ORLAV 5kg - F\u00f3rmula sem cloro com oxig\u00e9nio ativo. Brilho e limpeza da loi\u00e7a em m\u00e1quinas industriais.\",\"breadcrumb\":{\"@id\":\"https:\/\/www.csj-emballages.com\/pt-pt\/produit\/orlav-pastilha-para-maquina-de-lavar-loica-5kg\/#breadcrumb\"},\"inLanguage\":\"pt-PT\",\"potentialAction\":[{\"@type\":\"ReadAction\",\"target\":[\"https:\/\/www.csj-emballages.com\/pt-pt\/produit\/orlav-pastilha-para-maquina-de-lavar-loica-5kg\/\"]}]},{\"@type\":\"ImageObject\",\"inLanguage\":\"pt-PT\",\"@id\":\"https:\/\/www.csj-emballages.com\/pt-pt\/produit\/orlav-pastilha-para-maquina-de-lavar-loica-5kg\/#primaryimage\",\"url\":\"https:\/\/www.csj-emballages.com\/wp-content\/uploads\/2024\/03\/01235.webp\",\"contentUrl\":\"https:\/\/www.csj-emballages.com\/wp-content\/uploads\/2024\/03\/01235.webp\",\"width\":800,\"height\":800,\"caption\":\"Pastille lave-vaisselle\"},{\"@type\":\"BreadcrumbList\",\"@id\":\"https:\/\/www.csj-emballages.com\/pt-pt\/produit\/orlav-pastilha-para-maquina-de-lavar-loica-5kg\/#breadcrumb\",\"itemListElement\":[{\"@type\":\"ListItem\",\"position\":1,\"name\":\"Acolhimento\",\"item\":\"https:\/\/www.csj-emballages.com\/pt-pt\/universo-das-embalagens-alimentares\/\"},{\"@type\":\"ListItem\",\"position\":2,\"name\":\"Shop\",\"item\":\"https:\/\/www.csj-emballages.com\/shop\/\"},{\"@type\":\"ListItem\",\"position\":3,\"name\":\"ORLAV pastilha para m\u00e1quina de lavar loi\u00e7a 5Kg\"}]},{\"@type\":\"WebSite\",\"@id\":\"https:\/\/www.csj-emballages.com\/pt-pt\/#website\",\"url\":\"https:\/\/www.csj-emballages.com\/pt-pt\/\",\"name\":\"CSJ Emballages\",\"description\":\"\",\"publisher\":{\"@id\":\"https:\/\/www.csj-emballages.com\/pt-pt\/#organization\"},\"potentialAction\":[{\"@type\":\"SearchAction\",\"target\":{\"@type\":\"EntryPoint\",\"urlTemplate\":\"https:\/\/www.csj-emballages.com\/pt-pt\/?s={search_term_string}\"},\"query-input\":{\"@type\":\"PropertyValueSpecification\",\"valueRequired\":true,\"valueName\":\"search_term_string\"}}],\"inLanguage\":\"pt-PT\"},{\"@type\":\"Organization\",\"@id\":\"https:\/\/www.csj-emballages.com\/pt-pt\/#Organization\/\",\"name\":\"CSJ Emballages\",\"url\":\"https:\/\/www.csj-emballages.com\/pt-pt\/\",\"logo\":{\"@type\":\"ImageObject\",\"inLanguage\":\"pt-PT\",\"@id\":\"https:\/\/www.csj-emballages.com\/pt-pt\/#\/schema\/logo\/image\/\",\"url\":\"https:\/\/www.csj-emballages.com\/wp-content\/uploads\/2023\/10\/logo_csj.webp\",\"contentUrl\":\"https:\/\/www.csj-emballages.com\/wp-content\/uploads\/2023\/10\/logo_csj.webp\",\"width\":250,\"height\":95,\"caption\":\"CSJ Emballages\"},\"image\":{\"@id\":\"https:\/\/www.csj-emballages.com\/pt-pt\/#\/schema\/logo\/image\/\"},\"sameAs\":[\"https:\/\/www.facebook.com\/csjemballages\"],\"address\":{\"@type\":\"PostalAddress\",\"streetAddress\":\"ZI La Lechere\",\"addressLocality\":\"Patornay\",\"postalCode\":\"39130\",\"addressCountry\":\"FR\"},\"contactPoint\":[{\"@type\":\"ContactPoint\",\"contactType\":\"Service client\",\"telephone\":\"0384254272\",\"email\":\"contact@csj-emballages.com\"}]}]}<\/script>\n<!-- \/ Yoast SEO Premium plugin. -->","yoast_head_json":{"title":"ORLAV pastilha para m\u00e1quina de lavar lou\u00e7a 5Kg","description":"Pastilhas para m\u00e1quinas de lavar lou\u00e7a ORLAV 5kg - F\u00f3rmula sem cloro com oxig\u00e9nio ativo. Brilho e limpeza da loi\u00e7a em m\u00e1quinas industriais.","robots":{"index":"index","follow":"follow","max-snippet":"max-snippet:-1","max-image-preview":"max-image-preview:large","max-video-preview":"max-video-preview:-1"},"canonical":"https:\/\/www.csj-emballages.com\/pt-pt\/produit\/orlav-pastilha-para-maquina-de-lavar-loica-5kg\/","og_locale":"pt_PT","og_type":"article","og_title":"ORLAV pastilha para m\u00e1quina de lavar loi\u00e7a 5Kg","og_description":"Pastilhas para m\u00e1quinas de lavar lou\u00e7a ORLAV 5kg - F\u00f3rmula sem cloro com oxig\u00e9nio ativo. Brilho e limpeza da loi\u00e7a em m\u00e1quinas industriais.","og_url":"https:\/\/www.csj-emballages.com\/pt-pt\/produit\/orlav-pastilha-para-maquina-de-lavar-loica-5kg\/","og_site_name":"CSJ Emballages","article_publisher":"https:\/\/www.facebook.com\/csjemballages","article_modified_time":"2026-05-01T00:10:16+00:00","og_image":[{"width":800,"height":800,"url":"https:\/\/www.csj-emballages.com\/wp-content\/uploads\/2024\/03\/01235.webp","type":"image\/webp"}],"twitter_card":"summary_large_image","twitter_misc":{"Tempo estimado de leitura":"2 minutos"},"schema":{"@context":"https:\/\/schema.org","@graph":[{"@type":"WebPage","@id":"https:\/\/www.csj-emballages.com\/pt-pt\/produit\/orlav-pastilha-para-maquina-de-lavar-loica-5kg\/","url":"https:\/\/www.csj-emballages.com\/pt-pt\/produit\/orlav-pastilha-para-maquina-de-lavar-loica-5kg\/","name":"ORLAV pastilha para m\u00e1quina de lavar lou\u00e7a 5Kg","isPartOf":{"@id":"https:\/\/www.csj-emballages.com\/pt-pt\/#website"},"primaryImageOfPage":{"@id":"https:\/\/www.csj-emballages.com\/pt-pt\/produit\/orlav-pastilha-para-maquina-de-lavar-loica-5kg\/#primaryimage"},"image":{"@id":"https:\/\/www.csj-emballages.com\/pt-pt\/produit\/orlav-pastilha-para-maquina-de-lavar-loica-5kg\/#primaryimage"},"thumbnailUrl":"https:\/\/www.csj-emballages.com\/wp-content\/uploads\/2024\/03\/01235.webp","datePublished":"2024-03-01T16:00:19+00:00","dateModified":"2026-05-01T00:10:16+00:00","description":"Pastilhas para m\u00e1quinas de lavar lou\u00e7a ORLAV 5kg - F\u00f3rmula sem cloro com oxig\u00e9nio ativo. Brilho e limpeza da loi\u00e7a em m\u00e1quinas industriais.","breadcrumb":{"@id":"https:\/\/www.csj-emballages.com\/pt-pt\/produit\/orlav-pastilha-para-maquina-de-lavar-loica-5kg\/#breadcrumb"},"inLanguage":"pt-PT","potentialAction":[{"@type":"ReadAction","target":["https:\/\/www.csj-emballages.com\/pt-pt\/produit\/orlav-pastilha-para-maquina-de-lavar-loica-5kg\/"]}]},{"@type":"ImageObject","inLanguage":"pt-PT","@id":"https:\/\/www.csj-emballages.com\/pt-pt\/produit\/orlav-pastilha-para-maquina-de-lavar-loica-5kg\/#primaryimage","url":"https:\/\/www.csj-emballages.com\/wp-content\/uploads\/2024\/03\/01235.webp","contentUrl":"https:\/\/www.csj-emballages.com\/wp-content\/uploads\/2024\/03\/01235.webp","width":800,"height":800,"caption":"Pastille lave-vaisselle"},{"@type":"BreadcrumbList","@id":"https:\/\/www.csj-emballages.com\/pt-pt\/produit\/orlav-pastilha-para-maquina-de-lavar-loica-5kg\/#breadcrumb","itemListElement":[{"@type":"ListItem","position":1,"name":"Acolhimento","item":"https:\/\/www.csj-emballages.com\/pt-pt\/universo-das-embalagens-alimentares\/"},{"@type":"ListItem","position":2,"name":"Shop","item":"https:\/\/www.csj-emballages.com\/shop\/"},{"@type":"ListItem","position":3,"name":"ORLAV pastilha para m\u00e1quina de lavar loi\u00e7a 5Kg"}]},{"@type":"WebSite","@id":"https:\/\/www.csj-emballages.com\/pt-pt\/#website","url":"https:\/\/www.csj-emballages.com\/pt-pt\/","name":"CSJ Emballages","description":"","publisher":{"@id":"https:\/\/www.csj-emballages.com\/pt-pt\/#organization"},"potentialAction":[{"@type":"SearchAction","target":{"@type":"EntryPoint","urlTemplate":"https:\/\/www.csj-emballages.com\/pt-pt\/?s={search_term_string}"},"query-input":{"@type":"PropertyValueSpecification","valueRequired":true,"valueName":"search_term_string"}}],"inLanguage":"pt-PT"},{"@type":"Organization","@id":"https:\/\/www.csj-emballages.com\/pt-pt\/#Organization\/","name":"CSJ Emballages","url":"https:\/\/www.csj-emballages.com\/pt-pt\/","logo":{"@type":"ImageObject","inLanguage":"pt-PT","@id":"https:\/\/www.csj-emballages.com\/pt-pt\/#\/schema\/logo\/image\/","url":"https:\/\/www.csj-emballages.com\/wp-content\/uploads\/2023\/10\/logo_csj.webp","contentUrl":"https:\/\/www.csj-emballages.com\/wp-content\/uploads\/2023\/10\/logo_csj.webp","width":250,"height":95,"caption":"CSJ Emballages"},"image":{"@id":"https:\/\/www.csj-emballages.com\/pt-pt\/#\/schema\/logo\/image\/"},"sameAs":["https:\/\/www.facebook.com\/csjemballages"],"address":{"@type":"PostalAddress","streetAddress":"ZI La Lechere","addressLocality":"Patornay","postalCode":"39130","addressCountry":"FR"},"contactPoint":[{"@type":"ContactPoint","contactType":"Service client","telephone":"0384254272","email":"contact@csj-emballages.com"}]}]}},"df_price":51.71,"df_sale_price":"","df_regular_price":51.71,"df_image_link":"https:\/\/www.csj-emballages.com\/wp-content\/uploads\/2024\/03\/01235-300x300.webp","tiered_pricing_type":"fixed","tiered_pricing_fixed_rules":[],"tiered_pricing_percentage_rules":[],"tiered_pricing_minimum":1,"tiered_pricing_roles_data":[],"_links":{"self":[{"href":"https:\/\/www.csj-emballages.com\/pt-pt\/wp-json\/wp\/v2\/product\/17197","targetHints":{"allow":["GET"]}}],"collection":[{"href":"https:\/\/www.csj-emballages.com\/pt-pt\/wp-json\/wp\/v2\/product"}],"about":[{"href":"https:\/\/www.csj-emballages.com\/pt-pt\/wp-json\/wp\/v2\/types\/product"}],"wp:featuredmedia":[{"embeddable":true,"href":"https:\/\/www.csj-emballages.com\/pt-pt\/wp-json\/wp\/v2\/media\/235485"}],"wp:attachment":[{"href":"https:\/\/www.csj-emballages.com\/pt-pt\/wp-json\/wp\/v2\/media?parent=17197"}],"wp:term":[{"taxonomy":"product_brand","embeddable":true,"href":"https:\/\/www.csj-emballages.com\/pt-pt\/wp-json\/wp\/v2\/product_brand?post=17197"},{"taxonomy":"product_cat","embeddable":true,"href":"https:\/\/www.csj-emballages.com\/pt-pt\/wp-json\/wp\/v2\/product_cat?post=17197"},{"taxonomy":"product_tag","embeddable":true,"href":"https:\/\/www.csj-emballages.com\/pt-pt\/wp-json\/wp\/v2\/product_tag?post=17197"}],"curies":[{"name":"wp","href":"https:\/\/api.w.org\/{rel}","templated":true}]}}