{"id":17186,"date":"2024-03-01T17:00:20","date_gmt":"2024-03-01T16:00:20","guid":{"rendered":"https:\/\/u15jnbdpoq.preview.infomaniak.website\/produit\/lixivia-liquida-26-5l\/"},"modified":"2026-04-03T02:10:16","modified_gmt":"2026-04-03T00:10:16","slug":"lixivia-liquida-26-5l","status":"publish","type":"product","link":"https:\/\/www.csj-emballages.com\/pt-pt\/produit\/lixivia-liquida-26-5l\/","title":{"rendered":"Lix\u00edvia l\u00edquida 2,6% 5L"},"content":{"rendered":"<h2 class=\"p1 ai-optimize-50\">Lix\u00edvia<\/h2>\n<hr>\n<h3 class=\"ai-optimize-34\">Descri\u00e7\u00e3o da nossa lix\u00edvia l\u00edquida 2,6% 5L<\/h3>\n<p><!--more--><\/p>\n<p class=\"ai-optimize-35 ai-optimize-introduction\" data-start=\"228\" data-end=\"568\">Quer se trate de um profissional ou de um utilizador privado, o nosso <strong data-start=\"276\" data-end=\"310\">branqueador l\u00edquido DETERQUAT CL 2.6<\/strong> \u00e9 indispens\u00e1vel para assegurar <strong data-start=\"346\" data-end=\"383\">a limpeza, a higiene e a desinfe\u00e7\u00e3o<\/strong> de todos os tipos de superf\u00edcies. Com uma concentra\u00e7\u00e3o de <strong>cloro<\/strong> ativo de <strong>2,6%<\/strong>, este desinfetante \u00e9 conhecido pelo seu poder e versatilidade em ambientes exigentes. <\/p>\n<p class=\"ai-optimize-36\" data-start=\"570\" data-end=\"897\"><strong data-start=\"570\" data-end=\"590\">DETERQUAT CL 2.6<\/strong> \u00e9 muito mais do que uma simples <strong>lix\u00edvia<\/strong>: \u00e9 um verdadeiro <strong data-start=\"653\" data-end=\"682\">desinfetante multiusos<\/strong>, concebido para eliminar bact\u00e9rias, v\u00edrus, fungos e esporos. \u00c9 perfeito para \u00e1reas de alto risco, como cozinhas profissionais, casas de banho, salas t\u00e9cnicas e instala\u00e7\u00f5es p\u00fablicas. <\/p>\n<p class=\"ai-optimize-37\" data-start=\"899\" data-end=\"1302\">Adequado para ser utilizado em <strong data-start=\"914\" data-end=\"943\">todas as superf\u00edcies duras<\/strong> e para <strong data-start=\"962\" data-end=\"1033\">desinfetar pavimentos, sanitas, ralos, canos e pequenos equipamentos<\/strong>, este <strong>recipiente de 5 litros<\/strong> garante <strong data-start=\"1072\" data-end=\"1100\">uma utiliza\u00e7\u00e3o duradoura<\/strong>, respeitando as mais rigorosas normas de higiene. Seja no sector da restaura\u00e7\u00e3o, dos transportes, da sa\u00fade ou do lar, o seu desempenho faz dele um aliado fi\u00e1vel no dia a dia. <\/p>\n<p class=\"ai-optimize-38\" data-start=\"1304\" data-end=\"1319\">Actua como :<\/p>\n<ul data-start=\"1320\" data-end=\"1420\">\n<li class=\"ai-optimize-39\" data-start=\"1320\" data-end=\"1337\">\n<p class=\"ai-optimize-40\" data-start=\"1322\" data-end=\"1337\"><strong data-start=\"1322\" data-end=\"1337\">Bactericida<\/strong><\/p>\n<\/li>\n<li class=\"ai-optimize-41\" data-start=\"1338\" data-end=\"1367\">\n<p class=\"ai-optimize-42\" data-start=\"1340\" data-end=\"1367\"><strong data-start=\"1340\" data-end=\"1367\">Levedura e fungicida<\/strong><\/p>\n<\/li>\n<li class=\"ai-optimize-43\" data-start=\"1368\" data-end=\"1382\">\n<p class=\"ai-optimize-44\" data-start=\"1370\" data-end=\"1382\"><strong data-start=\"1370\" data-end=\"1382\">Virucida<\/strong><\/p>\n<\/li>\n<li class=\"ai-optimize-45\" data-start=\"1383\" data-end=\"1404\">\n<p class=\"ai-optimize-46\" data-start=\"1385\" data-end=\"1404\"><strong data-start=\"1385\" data-end=\"1404\">Mycobactericida<\/strong><\/p>\n<\/li>\n<li class=\"ai-optimize-47\" data-start=\"1405\" data-end=\"1420\">\n<p class=\"ai-optimize-48\" data-start=\"1407\" data-end=\"1420\"><strong data-start=\"1407\" data-end=\"1420\">Esporicida<\/strong><\/p>\n<\/li>\n<\/ul>\n<p class=\"ai-optimize-49\" data-start=\"1422\" data-end=\"1541\">Em suma, com o <strong data-start=\"1427\" data-end=\"1447\">DETERQUAT CL 2.6<\/strong>, escolhe a efici\u00eancia profissional para uma limpeza profunda, r\u00e1pida e segura.<\/p>\n<p data-start=\"1422\" data-end=\"1541\">\n<p><!--more--><\/p>\n<h4 class=\"ai-optimize-37\"><strong>Vantagens:<\/strong><\/h4>\n<ul>\n<li class=\"ai-optimize-38\">Eficaz contra um amplo espetro de microrganismos.<\/li>\n<li class=\"ai-optimize-39\">Pode ser utilizado numa vasta gama de sectores (transportes, restaura\u00e7\u00e3o, autarquias locais, etc.).<\/li>\n<li class=\"ai-optimize-40\">Esta lix\u00edvia \u00e9 ideal para pavimentos, instala\u00e7\u00f5es sanit\u00e1rias, tubagens e equipamentos.<\/li>\n<li class=\"ai-optimize-42\">F\u00f3rmula concentrada a 2,6% para um elevado poder desinfetante.<\/li>\n<li class=\"ai-optimize-46\">Formato econ\u00f3mico e pr\u00e1tico de 5L.<\/li>\n<\/ul>\n<p>&nbsp;<\/p>\n<p><!--more--><\/p>\n<h4 class=\"ai-optimize-44\">Outras informa\u00e7\u00f5es :<\/h4>\n<ul>\n<li class=\"ai-optimize-45\"><strong>Embalagem<\/strong>: Por unidade<\/li>\n<li class=\"ai-optimize-47\"><strong>Utiliza\u00e7\u00e3o<\/strong>: lix\u00edvia<\/li>\n<li class=\"ai-optimize-35\"><strong>Volume<\/strong>: 5 litros<\/li>\n<li class=\"ai-optimize-47\"><b>Teor de cloro <\/b>: 2,6<\/li>\n<\/ul>\n<p>&nbsp;<\/p>\n<p><!--more--><\/p>\n<p class=\"ai-optimize-34\">Encontre aqui a nossa lix\u00edvia l\u00edquida 9,6% 5 : <span style=\"color: #d12727\"><a style=\"color: #d12727\" href=\"https:\/\/www.csj-emballages.com\/es\/produit\/lejia-liquida-96-5l\/\"><span style=\"color: #d12727\">00765<\/span><\/a><\/span><\/p>\n<p class=\"ai-optimize-52\">Ou as nossas pastilhas de lix\u00edvia de 500g: <span style=\"color: #d12727\"><a style=\"color: #d12727\" href=\"https:\/\/www.csj-emballages.com\/es\/produit\/pastillas-de-lejia-500-g\/\">0079500<\/a><\/span><\/p>\n<p>&nbsp;<\/p>\n<p><!--more--><\/p>\n<p class=\"ai-optimize-41\"><a href=\"https:\/\/www.csj-emballages.com\/pt-pt\/categorie-produit\/higiene-e-manutencao\/produtos-de-limpeza\/bleach-e-outros\/\">Ver o resto da nossa gama de lix\u00edvias<\/a><\/p>\n","protected":false},"excerpt":{"rendered":"<p>Lix\u00edvia Descri\u00e7\u00e3o da nossa lix\u00edvia l\u00edquida 2,6% 5L<\/p>\n","protected":false},"featured_media":236069,"template":"","meta":{"_acf_changed":false},"product_brand":[],"product_cat":[1222,1223,1358],"product_tag":[],"class_list":{"0":"post-17186","1":"product","2":"type-product","3":"status-publish","4":"has-post-thumbnail","6":"product_cat-higiene-e-manutencao","7":"product_cat-produtos-de-limpeza","8":"product_cat-bleach-e-outros","9":"product_shipping_class-nao-e-permitido-em-reles","11":"first","12":"instock","13":"taxable","14":"shipping-taxable","15":"purchasable","16":"product-type-simple"},"acf":[],"yoast_head":"<!-- This site is optimized with the Yoast SEO Premium plugin v26.6 (Yoast SEO v26.6) - https:\/\/yoast.com\/wordpress\/plugins\/seo\/ -->\n<title>Lix\u00edvia - 2,6% 5L<\/title>\n<meta name=\"description\" content=\"Desinfetante l\u00edquido lix\u00edvia DETERQUAT CL 2,6 - 5L. Bactericida, virucida, fungicida. Ideal para pavimentos, casas de banho e superf\u00edcies duras.\" \/>\n<meta name=\"robots\" content=\"index, follow, max-snippet:-1, max-image-preview:large, max-video-preview:-1\" \/>\n<link rel=\"canonical\" href=\"https:\/\/www.csj-emballages.com\/pt-pt\/produit\/lixivia-liquida-26-5l\/\" \/>\n<meta property=\"og:locale\" content=\"pt_PT\" \/>\n<meta property=\"og:type\" content=\"article\" \/>\n<meta property=\"og:title\" content=\"Lix\u00edvia l\u00edquida 2,6% 5L\" \/>\n<meta property=\"og:description\" content=\"Desinfetante l\u00edquido lix\u00edvia DETERQUAT CL 2,6 - 5L. Bactericida, virucida, fungicida. Ideal para pavimentos, casas de banho e superf\u00edcies duras.\" \/>\n<meta property=\"og:url\" content=\"https:\/\/www.csj-emballages.com\/pt-pt\/produit\/lixivia-liquida-26-5l\/\" \/>\n<meta property=\"og:site_name\" content=\"CSJ Emballages\" \/>\n<meta property=\"article:publisher\" content=\"https:\/\/www.facebook.com\/csjemballages\" \/>\n<meta property=\"article:modified_time\" content=\"2026-04-03T00:10:16+00:00\" \/>\n<meta property=\"og:image\" content=\"https:\/\/www.csj-emballages.com\/wp-content\/uploads\/2024\/03\/00785.webp\" \/>\n\t<meta property=\"og:image:width\" content=\"800\" \/>\n\t<meta property=\"og:image:height\" content=\"800\" \/>\n\t<meta property=\"og:image:type\" content=\"image\/webp\" \/>\n<meta name=\"twitter:card\" content=\"summary_large_image\" \/>\n<meta name=\"twitter:label1\" content=\"Tempo estimado de leitura\" \/>\n\t<meta name=\"twitter:data1\" content=\"1 minuto\" \/>\n<script type=\"application\/ld+json\" class=\"yoast-schema-graph\">{\"@context\":\"https:\/\/schema.org\",\"@graph\":[{\"@type\":\"WebPage\",\"@id\":\"https:\/\/www.csj-emballages.com\/pt-pt\/produit\/lixivia-liquida-26-5l\/\",\"url\":\"https:\/\/www.csj-emballages.com\/pt-pt\/produit\/lixivia-liquida-26-5l\/\",\"name\":\"Lix\u00edvia - 2,6% 5L\",\"isPartOf\":{\"@id\":\"https:\/\/www.csj-emballages.com\/pt-pt\/#website\"},\"primaryImageOfPage\":{\"@id\":\"https:\/\/www.csj-emballages.com\/pt-pt\/produit\/lixivia-liquida-26-5l\/#primaryimage\"},\"image\":{\"@id\":\"https:\/\/www.csj-emballages.com\/pt-pt\/produit\/lixivia-liquida-26-5l\/#primaryimage\"},\"thumbnailUrl\":\"https:\/\/www.csj-emballages.com\/wp-content\/uploads\/2024\/03\/00785.webp\",\"datePublished\":\"2024-03-01T16:00:20+00:00\",\"dateModified\":\"2026-04-03T00:10:16+00:00\",\"description\":\"Desinfetante l\u00edquido lix\u00edvia DETERQUAT CL 2,6 - 5L. Bactericida, virucida, fungicida. Ideal para pavimentos, casas de banho e superf\u00edcies duras.\",\"breadcrumb\":{\"@id\":\"https:\/\/www.csj-emballages.com\/pt-pt\/produit\/lixivia-liquida-26-5l\/#breadcrumb\"},\"inLanguage\":\"pt-PT\",\"potentialAction\":[{\"@type\":\"ReadAction\",\"target\":[\"https:\/\/www.csj-emballages.com\/pt-pt\/produit\/lixivia-liquida-26-5l\/\"]}]},{\"@type\":\"ImageObject\",\"inLanguage\":\"pt-PT\",\"@id\":\"https:\/\/www.csj-emballages.com\/pt-pt\/produit\/lixivia-liquida-26-5l\/#primaryimage\",\"url\":\"https:\/\/www.csj-emballages.com\/wp-content\/uploads\/2024\/03\/00785.webp\",\"contentUrl\":\"https:\/\/www.csj-emballages.com\/wp-content\/uploads\/2024\/03\/00785.webp\",\"width\":800,\"height\":800,\"caption\":\"Eau de javel\"},{\"@type\":\"BreadcrumbList\",\"@id\":\"https:\/\/www.csj-emballages.com\/pt-pt\/produit\/lixivia-liquida-26-5l\/#breadcrumb\",\"itemListElement\":[{\"@type\":\"ListItem\",\"position\":1,\"name\":\"Acolhimento\",\"item\":\"https:\/\/www.csj-emballages.com\/pt-pt\/universo-das-embalagens-alimentares\/\"},{\"@type\":\"ListItem\",\"position\":2,\"name\":\"Shop\",\"item\":\"https:\/\/www.csj-emballages.com\/shop\/\"},{\"@type\":\"ListItem\",\"position\":3,\"name\":\"Lix\u00edvia l\u00edquida 2,6% 5L\"}]},{\"@type\":\"WebSite\",\"@id\":\"https:\/\/www.csj-emballages.com\/pt-pt\/#website\",\"url\":\"https:\/\/www.csj-emballages.com\/pt-pt\/\",\"name\":\"CSJ Emballages\",\"description\":\"\",\"publisher\":{\"@id\":\"https:\/\/www.csj-emballages.com\/pt-pt\/#organization\"},\"potentialAction\":[{\"@type\":\"SearchAction\",\"target\":{\"@type\":\"EntryPoint\",\"urlTemplate\":\"https:\/\/www.csj-emballages.com\/pt-pt\/?s={search_term_string}\"},\"query-input\":{\"@type\":\"PropertyValueSpecification\",\"valueRequired\":true,\"valueName\":\"search_term_string\"}}],\"inLanguage\":\"pt-PT\"},{\"@type\":\"Organization\",\"@id\":\"https:\/\/www.csj-emballages.com\/pt-pt\/#Organization\/\",\"name\":\"CSJ Emballages\",\"url\":\"https:\/\/www.csj-emballages.com\/pt-pt\/\",\"logo\":{\"@type\":\"ImageObject\",\"inLanguage\":\"pt-PT\",\"@id\":\"https:\/\/www.csj-emballages.com\/pt-pt\/#\/schema\/logo\/image\/\",\"url\":\"https:\/\/www.csj-emballages.com\/wp-content\/uploads\/2023\/10\/logo_csj.webp\",\"contentUrl\":\"https:\/\/www.csj-emballages.com\/wp-content\/uploads\/2023\/10\/logo_csj.webp\",\"width\":250,\"height\":95,\"caption\":\"CSJ Emballages\"},\"image\":{\"@id\":\"https:\/\/www.csj-emballages.com\/pt-pt\/#\/schema\/logo\/image\/\"},\"sameAs\":[\"https:\/\/www.facebook.com\/csjemballages\"],\"address\":{\"@type\":\"PostalAddress\",\"streetAddress\":\"ZI La Lechere\",\"addressLocality\":\"Patornay\",\"postalCode\":\"39130\",\"addressCountry\":\"FR\"},\"contactPoint\":[{\"@type\":\"ContactPoint\",\"contactType\":\"Service client\",\"telephone\":\"0384254272\",\"email\":\"contact@csj-emballages.com\"}]}]}<\/script>\n<!-- \/ Yoast SEO Premium plugin. -->","yoast_head_json":{"title":"Lix\u00edvia - 2,6% 5L","description":"Desinfetante l\u00edquido lix\u00edvia DETERQUAT CL 2,6 - 5L. Bactericida, virucida, fungicida. Ideal para pavimentos, casas de banho e superf\u00edcies duras.","robots":{"index":"index","follow":"follow","max-snippet":"max-snippet:-1","max-image-preview":"max-image-preview:large","max-video-preview":"max-video-preview:-1"},"canonical":"https:\/\/www.csj-emballages.com\/pt-pt\/produit\/lixivia-liquida-26-5l\/","og_locale":"pt_PT","og_type":"article","og_title":"Lix\u00edvia l\u00edquida 2,6% 5L","og_description":"Desinfetante l\u00edquido lix\u00edvia DETERQUAT CL 2,6 - 5L. Bactericida, virucida, fungicida. Ideal para pavimentos, casas de banho e superf\u00edcies duras.","og_url":"https:\/\/www.csj-emballages.com\/pt-pt\/produit\/lixivia-liquida-26-5l\/","og_site_name":"CSJ Emballages","article_publisher":"https:\/\/www.facebook.com\/csjemballages","article_modified_time":"2026-04-03T00:10:16+00:00","og_image":[{"width":800,"height":800,"url":"https:\/\/www.csj-emballages.com\/wp-content\/uploads\/2024\/03\/00785.webp","type":"image\/webp"}],"twitter_card":"summary_large_image","twitter_misc":{"Tempo estimado de leitura":"1 minuto"},"schema":{"@context":"https:\/\/schema.org","@graph":[{"@type":"WebPage","@id":"https:\/\/www.csj-emballages.com\/pt-pt\/produit\/lixivia-liquida-26-5l\/","url":"https:\/\/www.csj-emballages.com\/pt-pt\/produit\/lixivia-liquida-26-5l\/","name":"Lix\u00edvia - 2,6% 5L","isPartOf":{"@id":"https:\/\/www.csj-emballages.com\/pt-pt\/#website"},"primaryImageOfPage":{"@id":"https:\/\/www.csj-emballages.com\/pt-pt\/produit\/lixivia-liquida-26-5l\/#primaryimage"},"image":{"@id":"https:\/\/www.csj-emballages.com\/pt-pt\/produit\/lixivia-liquida-26-5l\/#primaryimage"},"thumbnailUrl":"https:\/\/www.csj-emballages.com\/wp-content\/uploads\/2024\/03\/00785.webp","datePublished":"2024-03-01T16:00:20+00:00","dateModified":"2026-04-03T00:10:16+00:00","description":"Desinfetante l\u00edquido lix\u00edvia DETERQUAT CL 2,6 - 5L. Bactericida, virucida, fungicida. Ideal para pavimentos, casas de banho e superf\u00edcies duras.","breadcrumb":{"@id":"https:\/\/www.csj-emballages.com\/pt-pt\/produit\/lixivia-liquida-26-5l\/#breadcrumb"},"inLanguage":"pt-PT","potentialAction":[{"@type":"ReadAction","target":["https:\/\/www.csj-emballages.com\/pt-pt\/produit\/lixivia-liquida-26-5l\/"]}]},{"@type":"ImageObject","inLanguage":"pt-PT","@id":"https:\/\/www.csj-emballages.com\/pt-pt\/produit\/lixivia-liquida-26-5l\/#primaryimage","url":"https:\/\/www.csj-emballages.com\/wp-content\/uploads\/2024\/03\/00785.webp","contentUrl":"https:\/\/www.csj-emballages.com\/wp-content\/uploads\/2024\/03\/00785.webp","width":800,"height":800,"caption":"Eau de javel"},{"@type":"BreadcrumbList","@id":"https:\/\/www.csj-emballages.com\/pt-pt\/produit\/lixivia-liquida-26-5l\/#breadcrumb","itemListElement":[{"@type":"ListItem","position":1,"name":"Acolhimento","item":"https:\/\/www.csj-emballages.com\/pt-pt\/universo-das-embalagens-alimentares\/"},{"@type":"ListItem","position":2,"name":"Shop","item":"https:\/\/www.csj-emballages.com\/shop\/"},{"@type":"ListItem","position":3,"name":"Lix\u00edvia l\u00edquida 2,6% 5L"}]},{"@type":"WebSite","@id":"https:\/\/www.csj-emballages.com\/pt-pt\/#website","url":"https:\/\/www.csj-emballages.com\/pt-pt\/","name":"CSJ Emballages","description":"","publisher":{"@id":"https:\/\/www.csj-emballages.com\/pt-pt\/#organization"},"potentialAction":[{"@type":"SearchAction","target":{"@type":"EntryPoint","urlTemplate":"https:\/\/www.csj-emballages.com\/pt-pt\/?s={search_term_string}"},"query-input":{"@type":"PropertyValueSpecification","valueRequired":true,"valueName":"search_term_string"}}],"inLanguage":"pt-PT"},{"@type":"Organization","@id":"https:\/\/www.csj-emballages.com\/pt-pt\/#Organization\/","name":"CSJ Emballages","url":"https:\/\/www.csj-emballages.com\/pt-pt\/","logo":{"@type":"ImageObject","inLanguage":"pt-PT","@id":"https:\/\/www.csj-emballages.com\/pt-pt\/#\/schema\/logo\/image\/","url":"https:\/\/www.csj-emballages.com\/wp-content\/uploads\/2023\/10\/logo_csj.webp","contentUrl":"https:\/\/www.csj-emballages.com\/wp-content\/uploads\/2023\/10\/logo_csj.webp","width":250,"height":95,"caption":"CSJ Emballages"},"image":{"@id":"https:\/\/www.csj-emballages.com\/pt-pt\/#\/schema\/logo\/image\/"},"sameAs":["https:\/\/www.facebook.com\/csjemballages"],"address":{"@type":"PostalAddress","streetAddress":"ZI La Lechere","addressLocality":"Patornay","postalCode":"39130","addressCountry":"FR"},"contactPoint":[{"@type":"ContactPoint","contactType":"Service client","telephone":"0384254272","email":"contact@csj-emballages.com"}]}]}},"df_price":3.94,"df_sale_price":"","df_regular_price":3.94,"df_image_link":"https:\/\/www.csj-emballages.com\/wp-content\/uploads\/2024\/03\/00785-300x300.webp","tiered_pricing_type":"fixed","tiered_pricing_fixed_rules":[],"tiered_pricing_percentage_rules":[],"tiered_pricing_minimum":1,"tiered_pricing_roles_data":[],"_links":{"self":[{"href":"https:\/\/www.csj-emballages.com\/pt-pt\/wp-json\/wp\/v2\/product\/17186","targetHints":{"allow":["GET"]}}],"collection":[{"href":"https:\/\/www.csj-emballages.com\/pt-pt\/wp-json\/wp\/v2\/product"}],"about":[{"href":"https:\/\/www.csj-emballages.com\/pt-pt\/wp-json\/wp\/v2\/types\/product"}],"wp:featuredmedia":[{"embeddable":true,"href":"https:\/\/www.csj-emballages.com\/pt-pt\/wp-json\/wp\/v2\/media\/236069"}],"wp:attachment":[{"href":"https:\/\/www.csj-emballages.com\/pt-pt\/wp-json\/wp\/v2\/media?parent=17186"}],"wp:term":[{"taxonomy":"product_brand","embeddable":true,"href":"https:\/\/www.csj-emballages.com\/pt-pt\/wp-json\/wp\/v2\/product_brand?post=17186"},{"taxonomy":"product_cat","embeddable":true,"href":"https:\/\/www.csj-emballages.com\/pt-pt\/wp-json\/wp\/v2\/product_cat?post=17186"},{"taxonomy":"product_tag","embeddable":true,"href":"https:\/\/www.csj-emballages.com\/pt-pt\/wp-json\/wp\/v2\/product_tag?post=17186"}],"curies":[{"name":"wp","href":"https:\/\/api.w.org\/{rel}","templated":true}]}}