{"id":17185,"date":"2024-03-01T17:00:18","date_gmt":"2024-03-01T16:00:18","guid":{"rendered":"https:\/\/u15jnbdpoq.preview.infomaniak.website\/produit\/4-rolos-de-papel-higienico-de-3-folhas-de-pasta-branca-200-tamanhos\/"},"modified":"2026-05-01T02:10:17","modified_gmt":"2026-05-01T00:10:17","slug":"4-rolos-de-papel-higienico-de-3-folhas-de-pasta-branca-200-tamanhos","status":"publish","type":"product","link":"https:\/\/www.csj-emballages.com\/pt-pt\/produit\/4-rolos-de-papel-higienico-de-3-folhas-de-pasta-branca-200-tamanhos\/","title":{"rendered":"Rolo de papel higi\u00e9nico branco, 3 folhas, 200 toalhetes por 4"},"content":{"rendered":"<h2>Rolo de papel higi\u00e9nico<\/h2>\n<hr>\n<h3>Descri\u00e7\u00e3o do nosso rolo de papel higi\u00e9nico branco, 3 folhas, 200 toalhetes por 4<\/h3>\n<p><!--more--><\/p>\n<div class=\"flex max-w-full flex-col flex-grow\">\n<div class=\"min-h-8 text-message flex w-full flex-col items-end gap-2 whitespace-normal break-words text-start [.text-message+&amp;]:mt-5\" dir=\"auto\" data-message-author-role=\"assistant\" data-message-id=\"266ca6f3-5e07-4948-bd20-80ac5e6da4a5\" data-message-model-slug=\"gpt-4o\">\n<div class=\"flex w-full flex-col gap-1 empty:hidden first:pt-[3px]\">\n<div class=\"markdown prose w-full break-words dark:prose-invert dark\">\n<p data-start=\"224\" data-end=\"601\">Estes <strong data-start=\"228\" data-end=\"283\">rolos de papel higi\u00e9nico branco de 3 folhas<\/strong> foram concebidos para oferecer um verdadeiro conforto di\u00e1rio, sem comprometer a qualidade. Gra\u00e7as \u00e0 sua espessura de tr\u00eas camadas, proporcionam uma sensa\u00e7\u00e3o suave e agrad\u00e1vel, mantendo-se resistentes \u00e0 utiliza\u00e7\u00e3o. \u00c9 o tipo de produto discreto, mas essencial, com o qual gostamos de poder contar dia ap\u00f3s dia.  <\/p>\n<p data-start=\"603\" data-end=\"915\">Com <strong data-start=\"608\" data-end=\"635\">200 toalhetes por rolo<\/strong>, cada <strong>rolo<\/strong> dura mais tempo. Isto ajuda a reduzir a frequ\u00eancia das substitui\u00e7\u00f5es, o que \u00e9 particularmente \u00fatil em locais com muita gente. As <strong>folhas<\/strong> destacam-se facilmente, sem rasgar demasiado cedo, e garantem uma utiliza\u00e7\u00e3o limpa e eficiente.  <\/p>\n<p data-start=\"917\" data-end=\"1315\">O <strong data-start=\"920\" data-end=\"937\">papel branco<\/strong> transmite uma imagem n\u00edtida e cuidada, perfeitamente adequada tanto para instala\u00e7\u00f5es sanit\u00e1rias profissionais como para uso dom\u00e9stico. Quer seja em <strong>escrit\u00f3rios, restaurantes, autarquias, hot\u00e9is ou espa\u00e7os p\u00fablicos<\/strong>, este <strong>papel higi\u00e9nico<\/strong> integra-se naturalmente em todos os ambientes. Combina o conforto para o utilizador e a praticidade para a gest\u00e3o de consum\u00edveis.  <\/p>\n<p data-start=\"1317\" data-end=\"1538\">Vendido <strong data-start=\"1323\" data-end=\"1348\">em embalagens de 4 rolos<\/strong>, este formato \u00e9 ideal para completar um stock ou garantir a continuidade do servi\u00e7o sem sobrecarregar os espa\u00e7os de arruma\u00e7\u00e3o. Oferece um bom equil\u00edbrio entre autonomia e facilidade de armazenamento. <\/p>\n<p data-start=\"1540\" data-end=\"1727\">Em resumo, este <strong>papel higi\u00e9nico branco de 3 folhas<\/strong> \u00e9 uma escolha fi\u00e1vel e confort\u00e1vel. Responde \u00e0s necessidades di\u00e1rias com simplicidade, efici\u00eancia e uma verdadeira sensa\u00e7\u00e3o de qualidade. <\/p>\n<h3><\/h3>\n<\/div>\n<\/div>\n<\/div>\n<\/div>\n<p><!--more--><\/p>\n<h4>Vantagens :<\/h4>\n<ul>\n<li data-start=\"1755\" data-end=\"1790\"><strong>Papel higi\u00e9nico<\/strong> em pasta de papel branca.<\/li>\n<li data-start=\"1793\" data-end=\"1829\">Conforto refor\u00e7ado gra\u00e7as \u00e0s <strong>3 folhas<\/strong>.<\/li>\n<li data-start=\"1832\" data-end=\"1858\"><strong>200 toalhetes<\/strong> por rolo.<\/li>\n<li data-start=\"1861\" data-end=\"1890\">Boa resist\u00eancia \u00e0 utiliza\u00e7\u00e3o.<\/li>\n<li data-start=\"1893\" data-end=\"1944\">Adequado para instala\u00e7\u00f5es sanit\u00e1rias profissionais e privadas.<\/li>\n<li data-start=\"1947\" data-end=\"1974\">Embalagem pr\u00e1tica de <strong>4 rolos<\/strong>.<\/li>\n<\/ul>\n<p>&nbsp;<\/p>\n<p><!--more--><\/p>\n<h4>Outras informa\u00e7\u00f5es :<\/h4>\n<ul>\n<li><strong>Embalagem<\/strong>: Pacote de 4<\/li>\n<li><strong>Material<\/strong>: Pasta de papel pura<\/li>\n<li><strong>N\u00famero de folhas<\/strong>: 3<\/li>\n<li><strong>N\u00famero de toalhetes<\/strong>: 200<\/li>\n<li><strong>Tipo<\/strong>: Waffle<\/li>\n<li><strong>Cor<\/strong>: Branco<\/li>\n<\/ul>\n<p>&nbsp;<\/p>\n<p><!--more--><\/p>\n<p><a href=\"\/?product_cat=papier-hygieneniques\">Consulte o resto da nossa gama de papel higi\u00e9nico<\/a><\/p>\n","protected":false},"excerpt":{"rendered":"<p>Rolo de papel higi\u00e9nico Descri\u00e7\u00e3o do nosso rolo de papel higi\u00e9nico branco, 3 folhas, 200 toalhetes por 4<\/p>\n","protected":false},"featured_media":263207,"template":"","meta":{"_acf_changed":false},"product_brand":[],"product_cat":[1222,1382,1383],"product_tag":[],"class_list":{"0":"post-17185","1":"product","2":"type-product","3":"status-publish","4":"has-post-thumbnail","6":"product_cat-higiene-e-manutencao","7":"product_cat-limpar","8":"product_cat-papel-higienico","10":"first","11":"instock","12":"taxable","13":"shipping-taxable","14":"purchasable","15":"product-type-simple"},"acf":[],"yoast_head":"<!-- This site is optimized with the Yoast SEO Premium plugin v26.6 (Yoast SEO v26.6) - https:\/\/yoast.com\/wordpress\/plugins\/seo\/ -->\n<title>Rolo de Papel Higi\u00e9nico Branco, 3 folhas, 200 Toalhetes por 4<\/title>\n<meta name=\"description\" content=\"Papel higi\u00e9nico branco, 3 folhas, 200 toalhetes por rolo. Vendido em embalagens de 4, confort\u00e1vel, resistente e adequado para uso profissional e di\u00e1rio.\" \/>\n<meta name=\"robots\" content=\"index, follow, max-snippet:-1, max-image-preview:large, max-video-preview:-1\" \/>\n<link rel=\"canonical\" href=\"https:\/\/www.csj-emballages.com\/pt-pt\/produit\/4-rolos-de-papel-higienico-de-3-folhas-de-pasta-branca-200-tamanhos\/\" \/>\n<meta property=\"og:locale\" content=\"pt_PT\" \/>\n<meta property=\"og:type\" content=\"article\" \/>\n<meta property=\"og:title\" content=\"Rolo de papel higi\u00e9nico branco, 3 folhas, 200 toalhetes por 4\" \/>\n<meta property=\"og:description\" content=\"Papel higi\u00e9nico branco, 3 folhas, 200 toalhetes por rolo. Vendido em embalagens de 4, confort\u00e1vel, resistente e adequado para uso profissional e di\u00e1rio.\" \/>\n<meta property=\"og:url\" content=\"https:\/\/www.csj-emballages.com\/pt-pt\/produit\/4-rolos-de-papel-higienico-de-3-folhas-de-pasta-branca-200-tamanhos\/\" \/>\n<meta property=\"og:site_name\" content=\"CSJ Emballages\" \/>\n<meta property=\"article:publisher\" content=\"https:\/\/www.facebook.com\/csjemballages\" \/>\n<meta property=\"article:modified_time\" content=\"2026-05-01T00:10:17+00:00\" \/>\n<meta property=\"og:image\" content=\"https:\/\/www.csj-emballages.com\/wp-content\/uploads\/2024\/03\/01H3P.webp\" \/>\n\t<meta property=\"og:image:width\" content=\"800\" \/>\n\t<meta property=\"og:image:height\" content=\"800\" \/>\n\t<meta property=\"og:image:type\" content=\"image\/webp\" \/>\n<meta name=\"twitter:card\" content=\"summary_large_image\" \/>\n<meta name=\"twitter:label1\" content=\"Tempo estimado de leitura\" \/>\n\t<meta name=\"twitter:data1\" content=\"2 minutos\" \/>\n<script type=\"application\/ld+json\" class=\"yoast-schema-graph\">{\"@context\":\"https:\/\/schema.org\",\"@graph\":[{\"@type\":\"WebPage\",\"@id\":\"https:\/\/www.csj-emballages.com\/pt-pt\/produit\/4-rolos-de-papel-higienico-de-3-folhas-de-pasta-branca-200-tamanhos\/\",\"url\":\"https:\/\/www.csj-emballages.com\/pt-pt\/produit\/4-rolos-de-papel-higienico-de-3-folhas-de-pasta-branca-200-tamanhos\/\",\"name\":\"Rolo de Papel Higi\u00e9nico Branco, 3 folhas, 200 Toalhetes por 4\",\"isPartOf\":{\"@id\":\"https:\/\/www.csj-emballages.com\/pt-pt\/#website\"},\"primaryImageOfPage\":{\"@id\":\"https:\/\/www.csj-emballages.com\/pt-pt\/produit\/4-rolos-de-papel-higienico-de-3-folhas-de-pasta-branca-200-tamanhos\/#primaryimage\"},\"image\":{\"@id\":\"https:\/\/www.csj-emballages.com\/pt-pt\/produit\/4-rolos-de-papel-higienico-de-3-folhas-de-pasta-branca-200-tamanhos\/#primaryimage\"},\"thumbnailUrl\":\"https:\/\/www.csj-emballages.com\/wp-content\/uploads\/2024\/03\/01H3P.webp\",\"datePublished\":\"2024-03-01T16:00:18+00:00\",\"dateModified\":\"2026-05-01T00:10:17+00:00\",\"description\":\"Papel higi\u00e9nico branco, 3 folhas, 200 toalhetes por rolo. Vendido em embalagens de 4, confort\u00e1vel, resistente e adequado para uso profissional e di\u00e1rio.\",\"breadcrumb\":{\"@id\":\"https:\/\/www.csj-emballages.com\/pt-pt\/produit\/4-rolos-de-papel-higienico-de-3-folhas-de-pasta-branca-200-tamanhos\/#breadcrumb\"},\"inLanguage\":\"pt-PT\",\"potentialAction\":[{\"@type\":\"ReadAction\",\"target\":[\"https:\/\/www.csj-emballages.com\/pt-pt\/produit\/4-rolos-de-papel-higienico-de-3-folhas-de-pasta-branca-200-tamanhos\/\"]}]},{\"@type\":\"ImageObject\",\"inLanguage\":\"pt-PT\",\"@id\":\"https:\/\/www.csj-emballages.com\/pt-pt\/produit\/4-rolos-de-papel-higienico-de-3-folhas-de-pasta-branca-200-tamanhos\/#primaryimage\",\"url\":\"https:\/\/www.csj-emballages.com\/wp-content\/uploads\/2024\/03\/01H3P.webp\",\"contentUrl\":\"https:\/\/www.csj-emballages.com\/wp-content\/uploads\/2024\/03\/01H3P.webp\",\"width\":800,\"height\":800,\"caption\":\"Rouleau papier toilette\"},{\"@type\":\"BreadcrumbList\",\"@id\":\"https:\/\/www.csj-emballages.com\/pt-pt\/produit\/4-rolos-de-papel-higienico-de-3-folhas-de-pasta-branca-200-tamanhos\/#breadcrumb\",\"itemListElement\":[{\"@type\":\"ListItem\",\"position\":1,\"name\":\"Acolhimento\",\"item\":\"https:\/\/www.csj-emballages.com\/pt-pt\/universo-das-embalagens-alimentares\/\"},{\"@type\":\"ListItem\",\"position\":2,\"name\":\"Shop\",\"item\":\"https:\/\/www.csj-emballages.com\/shop\/\"},{\"@type\":\"ListItem\",\"position\":3,\"name\":\"Rolo de papel higi\u00e9nico branco, 3 folhas, 200 toalhetes por 4\"}]},{\"@type\":\"WebSite\",\"@id\":\"https:\/\/www.csj-emballages.com\/pt-pt\/#website\",\"url\":\"https:\/\/www.csj-emballages.com\/pt-pt\/\",\"name\":\"CSJ Emballages\",\"description\":\"\",\"publisher\":{\"@id\":\"https:\/\/www.csj-emballages.com\/pt-pt\/#organization\"},\"potentialAction\":[{\"@type\":\"SearchAction\",\"target\":{\"@type\":\"EntryPoint\",\"urlTemplate\":\"https:\/\/www.csj-emballages.com\/pt-pt\/?s={search_term_string}\"},\"query-input\":{\"@type\":\"PropertyValueSpecification\",\"valueRequired\":true,\"valueName\":\"search_term_string\"}}],\"inLanguage\":\"pt-PT\"},{\"@type\":\"Organization\",\"@id\":\"https:\/\/www.csj-emballages.com\/pt-pt\/#Organization\/\",\"name\":\"CSJ Emballages\",\"url\":\"https:\/\/www.csj-emballages.com\/pt-pt\/\",\"logo\":{\"@type\":\"ImageObject\",\"inLanguage\":\"pt-PT\",\"@id\":\"https:\/\/www.csj-emballages.com\/pt-pt\/#\/schema\/logo\/image\/\",\"url\":\"https:\/\/www.csj-emballages.com\/wp-content\/uploads\/2023\/10\/logo_csj.webp\",\"contentUrl\":\"https:\/\/www.csj-emballages.com\/wp-content\/uploads\/2023\/10\/logo_csj.webp\",\"width\":250,\"height\":95,\"caption\":\"CSJ Emballages\"},\"image\":{\"@id\":\"https:\/\/www.csj-emballages.com\/pt-pt\/#\/schema\/logo\/image\/\"},\"sameAs\":[\"https:\/\/www.facebook.com\/csjemballages\"],\"address\":{\"@type\":\"PostalAddress\",\"streetAddress\":\"ZI La Lechere\",\"addressLocality\":\"Patornay\",\"postalCode\":\"39130\",\"addressCountry\":\"FR\"},\"contactPoint\":[{\"@type\":\"ContactPoint\",\"contactType\":\"Service client\",\"telephone\":\"0384254272\",\"email\":\"contact@csj-emballages.com\"}]}]}<\/script>\n<!-- \/ Yoast SEO Premium plugin. -->","yoast_head_json":{"title":"Rolo de Papel Higi\u00e9nico Branco, 3 folhas, 200 Toalhetes por 4","description":"Papel higi\u00e9nico branco, 3 folhas, 200 toalhetes por rolo. Vendido em embalagens de 4, confort\u00e1vel, resistente e adequado para uso profissional e di\u00e1rio.","robots":{"index":"index","follow":"follow","max-snippet":"max-snippet:-1","max-image-preview":"max-image-preview:large","max-video-preview":"max-video-preview:-1"},"canonical":"https:\/\/www.csj-emballages.com\/pt-pt\/produit\/4-rolos-de-papel-higienico-de-3-folhas-de-pasta-branca-200-tamanhos\/","og_locale":"pt_PT","og_type":"article","og_title":"Rolo de papel higi\u00e9nico branco, 3 folhas, 200 toalhetes por 4","og_description":"Papel higi\u00e9nico branco, 3 folhas, 200 toalhetes por rolo. Vendido em embalagens de 4, confort\u00e1vel, resistente e adequado para uso profissional e di\u00e1rio.","og_url":"https:\/\/www.csj-emballages.com\/pt-pt\/produit\/4-rolos-de-papel-higienico-de-3-folhas-de-pasta-branca-200-tamanhos\/","og_site_name":"CSJ Emballages","article_publisher":"https:\/\/www.facebook.com\/csjemballages","article_modified_time":"2026-05-01T00:10:17+00:00","og_image":[{"width":800,"height":800,"url":"https:\/\/www.csj-emballages.com\/wp-content\/uploads\/2024\/03\/01H3P.webp","type":"image\/webp"}],"twitter_card":"summary_large_image","twitter_misc":{"Tempo estimado de leitura":"2 minutos"},"schema":{"@context":"https:\/\/schema.org","@graph":[{"@type":"WebPage","@id":"https:\/\/www.csj-emballages.com\/pt-pt\/produit\/4-rolos-de-papel-higienico-de-3-folhas-de-pasta-branca-200-tamanhos\/","url":"https:\/\/www.csj-emballages.com\/pt-pt\/produit\/4-rolos-de-papel-higienico-de-3-folhas-de-pasta-branca-200-tamanhos\/","name":"Rolo de Papel Higi\u00e9nico Branco, 3 folhas, 200 Toalhetes por 4","isPartOf":{"@id":"https:\/\/www.csj-emballages.com\/pt-pt\/#website"},"primaryImageOfPage":{"@id":"https:\/\/www.csj-emballages.com\/pt-pt\/produit\/4-rolos-de-papel-higienico-de-3-folhas-de-pasta-branca-200-tamanhos\/#primaryimage"},"image":{"@id":"https:\/\/www.csj-emballages.com\/pt-pt\/produit\/4-rolos-de-papel-higienico-de-3-folhas-de-pasta-branca-200-tamanhos\/#primaryimage"},"thumbnailUrl":"https:\/\/www.csj-emballages.com\/wp-content\/uploads\/2024\/03\/01H3P.webp","datePublished":"2024-03-01T16:00:18+00:00","dateModified":"2026-05-01T00:10:17+00:00","description":"Papel higi\u00e9nico branco, 3 folhas, 200 toalhetes por rolo. Vendido em embalagens de 4, confort\u00e1vel, resistente e adequado para uso profissional e di\u00e1rio.","breadcrumb":{"@id":"https:\/\/www.csj-emballages.com\/pt-pt\/produit\/4-rolos-de-papel-higienico-de-3-folhas-de-pasta-branca-200-tamanhos\/#breadcrumb"},"inLanguage":"pt-PT","potentialAction":[{"@type":"ReadAction","target":["https:\/\/www.csj-emballages.com\/pt-pt\/produit\/4-rolos-de-papel-higienico-de-3-folhas-de-pasta-branca-200-tamanhos\/"]}]},{"@type":"ImageObject","inLanguage":"pt-PT","@id":"https:\/\/www.csj-emballages.com\/pt-pt\/produit\/4-rolos-de-papel-higienico-de-3-folhas-de-pasta-branca-200-tamanhos\/#primaryimage","url":"https:\/\/www.csj-emballages.com\/wp-content\/uploads\/2024\/03\/01H3P.webp","contentUrl":"https:\/\/www.csj-emballages.com\/wp-content\/uploads\/2024\/03\/01H3P.webp","width":800,"height":800,"caption":"Rouleau papier toilette"},{"@type":"BreadcrumbList","@id":"https:\/\/www.csj-emballages.com\/pt-pt\/produit\/4-rolos-de-papel-higienico-de-3-folhas-de-pasta-branca-200-tamanhos\/#breadcrumb","itemListElement":[{"@type":"ListItem","position":1,"name":"Acolhimento","item":"https:\/\/www.csj-emballages.com\/pt-pt\/universo-das-embalagens-alimentares\/"},{"@type":"ListItem","position":2,"name":"Shop","item":"https:\/\/www.csj-emballages.com\/shop\/"},{"@type":"ListItem","position":3,"name":"Rolo de papel higi\u00e9nico branco, 3 folhas, 200 toalhetes por 4"}]},{"@type":"WebSite","@id":"https:\/\/www.csj-emballages.com\/pt-pt\/#website","url":"https:\/\/www.csj-emballages.com\/pt-pt\/","name":"CSJ Emballages","description":"","publisher":{"@id":"https:\/\/www.csj-emballages.com\/pt-pt\/#organization"},"potentialAction":[{"@type":"SearchAction","target":{"@type":"EntryPoint","urlTemplate":"https:\/\/www.csj-emballages.com\/pt-pt\/?s={search_term_string}"},"query-input":{"@type":"PropertyValueSpecification","valueRequired":true,"valueName":"search_term_string"}}],"inLanguage":"pt-PT"},{"@type":"Organization","@id":"https:\/\/www.csj-emballages.com\/pt-pt\/#Organization\/","name":"CSJ Emballages","url":"https:\/\/www.csj-emballages.com\/pt-pt\/","logo":{"@type":"ImageObject","inLanguage":"pt-PT","@id":"https:\/\/www.csj-emballages.com\/pt-pt\/#\/schema\/logo\/image\/","url":"https:\/\/www.csj-emballages.com\/wp-content\/uploads\/2023\/10\/logo_csj.webp","contentUrl":"https:\/\/www.csj-emballages.com\/wp-content\/uploads\/2023\/10\/logo_csj.webp","width":250,"height":95,"caption":"CSJ Emballages"},"image":{"@id":"https:\/\/www.csj-emballages.com\/pt-pt\/#\/schema\/logo\/image\/"},"sameAs":["https:\/\/www.facebook.com\/csjemballages"],"address":{"@type":"PostalAddress","streetAddress":"ZI La Lechere","addressLocality":"Patornay","postalCode":"39130","addressCountry":"FR"},"contactPoint":[{"@type":"ContactPoint","contactType":"Service client","telephone":"0384254272","email":"contact@csj-emballages.com"}]}]}},"df_price":2.42,"df_sale_price":"","df_regular_price":2.42,"df_image_link":"https:\/\/www.csj-emballages.com\/wp-content\/uploads\/2024\/03\/01H3P-300x300.webp","tiered_pricing_type":"fixed","tiered_pricing_fixed_rules":[],"tiered_pricing_percentage_rules":[],"tiered_pricing_minimum":1,"tiered_pricing_roles_data":[],"_links":{"self":[{"href":"https:\/\/www.csj-emballages.com\/pt-pt\/wp-json\/wp\/v2\/product\/17185","targetHints":{"allow":["GET"]}}],"collection":[{"href":"https:\/\/www.csj-emballages.com\/pt-pt\/wp-json\/wp\/v2\/product"}],"about":[{"href":"https:\/\/www.csj-emballages.com\/pt-pt\/wp-json\/wp\/v2\/types\/product"}],"wp:featuredmedia":[{"embeddable":true,"href":"https:\/\/www.csj-emballages.com\/pt-pt\/wp-json\/wp\/v2\/media\/263207"}],"wp:attachment":[{"href":"https:\/\/www.csj-emballages.com\/pt-pt\/wp-json\/wp\/v2\/media?parent=17185"}],"wp:term":[{"taxonomy":"product_brand","embeddable":true,"href":"https:\/\/www.csj-emballages.com\/pt-pt\/wp-json\/wp\/v2\/product_brand?post=17185"},{"taxonomy":"product_cat","embeddable":true,"href":"https:\/\/www.csj-emballages.com\/pt-pt\/wp-json\/wp\/v2\/product_cat?post=17185"},{"taxonomy":"product_tag","embeddable":true,"href":"https:\/\/www.csj-emballages.com\/pt-pt\/wp-json\/wp\/v2\/product_tag?post=17185"}],"curies":[{"name":"wp","href":"https:\/\/api.w.org\/{rel}","templated":true}]}}