{"id":17184,"date":"2024-03-01T17:00:18","date_gmt":"2024-03-01T16:00:18","guid":{"rendered":"https:\/\/u15jnbdpoq.preview.infomaniak.website\/produit\/spray-de-polimento-para-aco-inoxidavel-750ml\/"},"modified":"2026-04-30T02:10:15","modified_gmt":"2026-04-30T00:10:15","slug":"spray-de-polimento-para-aco-inoxidavel-750ml","status":"publish","type":"product","link":"https:\/\/www.csj-emballages.com\/pt-pt\/produit\/spray-de-polimento-para-aco-inoxidavel-750ml\/","title":{"rendered":"Spray de polimento para a\u00e7o inoxid\u00e1vel 750ml"},"content":{"rendered":"<h2>Polimento de a\u00e7o inoxid\u00e1vel<\/h2>\n<hr>\n<h3>Descri\u00e7\u00e3o do nosso polidor de a\u00e7o inoxid\u00e1vel de 400 ml<\/h3>\n<p><!--more--><\/p>\n<p class=\"\" data-start=\"227\" data-end=\"579\">Quando se trabalha na cozinha ou num ambiente profissional onde<strong>o a\u00e7o inoxid\u00e1vel<\/strong> \u00e9 omnipresente (bancadas, exaustores, m\u00e1quinas, etc.), sabe-se como \u00e9 dif\u00edcil manter estas superf\u00edcies imaculadas. Este <strong data-start=\"443\" data-end=\"479\">spray abrilhantador para a\u00e7o inoxid\u00e1vel de 750 ml<\/strong> foi concebido para responder a esta necessidade exigente de limpeza e est\u00e9tica, sem compromissos. <\/p>\n<p class=\"\" data-start=\"581\" data-end=\"1024\">Gra\u00e7as \u00e0 sua f\u00f3rmula inovadora, deixa uma pel\u00edcula fina, brilhante e homog\u00e9nea em todas as superf\u00edcies <strong>de a\u00e7o inoxid\u00e1vel<\/strong>, sem deixar res\u00edduos gordurosos ou estrias. Esta pel\u00edcula protetora cria um <strong data-start=\"783\" data-end=\"805\">efeito anti-est\u00e1tico<\/strong>, impedindo que as part\u00edculas de p\u00f3 e de gordura se voltem a depositar rapidamente na superf\u00edcie. O resultado: uma superf\u00edcie brilhante que dura mais tempo, uma limpeza menos frequente e uma cozinha que exala rigor e limpeza.  <\/p>\n<p class=\"\" data-start=\"1026\" data-end=\"1319\">O seu formato <strong>em spray<\/strong> \u00e9 muito pr\u00e1tico: basta pulverizar uniformemente e limpar com um pano macio. Perfeito para os profissionais da restaura\u00e7\u00e3o, para os fornecedores de refei\u00e7\u00f5es e at\u00e9 para os clientes particulares mais exigentes, este verniz est\u00e1 a tornar-se rapidamente um produto indispens\u00e1vel para a manuten\u00e7\u00e3o di\u00e1ria. <\/p>\n<p class=\"\" data-start=\"1321\" data-end=\"1494\">Para al\u00e9m de melhorar o aspeto visual das suas superf\u00edcies, este <strong data-start=\"443\" data-end=\"479\">polimento de a\u00e7o inoxid\u00e1vel<\/strong> tamb\u00e9m actua como uma barreira protetora, limitando a ader\u00eancia da sujidade e facilitando a limpeza subsequente.<\/p>\n<p><!--more--><\/p>\n<h4><strong>Vantagens:<\/strong><\/h4>\n<ul>\n<li><strong>F\u00f3rmula anti-est\u00e1tica<\/strong>: evita que o p\u00f3 e a gordura se voltem a depositar.<\/li>\n<li>Acabamento brilhante e homog\u00e9neo, sem riscos.<\/li>\n<li>F\u00e1cil de aplicar gra\u00e7as ao seu spray ergon\u00f3mico.<\/li>\n<li>Poupa <strong>tempo<\/strong>: Limpeza r\u00e1pida e eficiente, poupando-te horas de esfor\u00e7o manual.<\/li>\n<li><strong>Acabamento sem riscos<\/strong>: Textura n\u00e3o oleosa que n\u00e3o deixa res\u00edduos ap\u00f3s a limpeza, para um resultado impec\u00e1vel.<\/li>\n<\/ul>\n<p>&nbsp;<\/p>\n<p><!--more--><\/p>\n<h4>Instru\u00e7\u00f5es de utiliza\u00e7\u00e3o :<\/h4>\n<ul>\n<li>Pulveriza uma pequena quantidade de BRINOX na superf\u00edcie a ser tratada e limpa com um pano seco.<\/li>\n<li>N\u00e3o utilizar em superf\u00edcies que estejam em contacto direto com alimentos<\/li>\n<\/ul>\n<p>&nbsp;<\/p>\n<p><!--more--><\/p>\n<h4>Outras informa\u00e7\u00f5es :<\/h4>\n<ul>\n<li><strong>Embalagem<\/strong>: Por unidade<\/li>\n<li><strong>Cor<\/strong>: Amarelo<\/li>\n<li><strong>Volume<\/strong>: 750 ml<\/li>\n<li><strong>Utiliza\u00e7\u00e3o<\/strong>: Polimento<\/li>\n<\/ul>\n<p>&nbsp;<\/p>\n<p><!--more--><\/p>\n<p>Encontre aqui o nosso polimento de a\u00e7o inoxid\u00e1vel em 400 ml : <span style=\"color: #d12727;\"><a style=\"color: #d12727;\" href=\"https:\/\/www.csj-emballages.com\/es\/produit\/pulimento-acero-inoxidable-en-spray-400ml\/\">0215400<\/a><\/span><\/p>\n<p>&nbsp;<\/p>\n<p><!--more--><\/p>\n<p><a href=\"https:\/\/www.csj-emballages.com\/pt-pt\/categorie-produit\/higiene-e-manutencao\/produtos-de-limpeza\/cozinha\/\">V\u00ea o resto da nossa gama de produtos de cozinha<\/a><\/p>\n","protected":false},"excerpt":{"rendered":"<p>Polimento de a\u00e7o inoxid\u00e1vel Descri\u00e7\u00e3o do nosso polidor de a\u00e7o inoxid\u00e1vel de 400 ml<\/p>\n","protected":false},"featured_media":222186,"template":"","meta":{"_acf_changed":false},"product_brand":[],"product_cat":[1222,1223,1348],"product_tag":[],"class_list":{"0":"post-17184","1":"product","2":"type-product","3":"status-publish","4":"has-post-thumbnail","6":"product_cat-higiene-e-manutencao","7":"product_cat-produtos-de-limpeza","8":"product_cat-cozinha","10":"first","11":"instock","12":"taxable","13":"shipping-taxable","14":"purchasable","15":"product-type-simple"},"acf":[],"yoast_head":"<!-- This site is optimized with the Yoast SEO Premium plugin v26.6 (Yoast SEO v26.6) - https:\/\/yoast.com\/wordpress\/plugins\/seo\/ -->\n<title>Spray de polimento para a\u00e7o inoxid\u00e1vel 750ml<\/title>\n<meta name=\"description\" content=\"Descubra o nosso spray de polimento para a\u00e7o inoxid\u00e1vel 750ml. Este produto \u00e9 um agente de brilho para a\u00e7o inoxid\u00e1vel ou superf\u00edcies polidas. Vendido individualmente\" \/>\n<meta name=\"robots\" content=\"index, follow, max-snippet:-1, max-image-preview:large, max-video-preview:-1\" \/>\n<link rel=\"canonical\" href=\"https:\/\/www.csj-emballages.com\/pt-pt\/produit\/spray-de-polimento-para-aco-inoxidavel-750ml\/\" \/>\n<meta property=\"og:locale\" content=\"pt_PT\" \/>\n<meta property=\"og:type\" content=\"article\" \/>\n<meta property=\"og:title\" content=\"Spray de polimento para a\u00e7o inoxid\u00e1vel 750ml\" \/>\n<meta property=\"og:description\" content=\"Descubra o nosso spray de polimento para a\u00e7o inoxid\u00e1vel 750ml. Este produto \u00e9 um agente de brilho para a\u00e7o inoxid\u00e1vel ou superf\u00edcies polidas. Vendido individualmente\" \/>\n<meta property=\"og:url\" content=\"https:\/\/www.csj-emballages.com\/pt-pt\/produit\/spray-de-polimento-para-aco-inoxidavel-750ml\/\" \/>\n<meta property=\"og:site_name\" content=\"CSJ Emballages\" \/>\n<meta property=\"article:publisher\" content=\"https:\/\/www.facebook.com\/csjemballages\" \/>\n<meta property=\"article:modified_time\" content=\"2026-04-30T00:10:15+00:00\" \/>\n<meta property=\"og:image\" content=\"https:\/\/www.csj-emballages.com\/wp-content\/uploads\/2024\/03\/Lustrant-inox.webp\" \/>\n\t<meta property=\"og:image:width\" content=\"800\" \/>\n\t<meta property=\"og:image:height\" content=\"800\" \/>\n\t<meta property=\"og:image:type\" content=\"image\/webp\" \/>\n<meta name=\"twitter:card\" content=\"summary_large_image\" \/>\n<meta name=\"twitter:label1\" content=\"Tempo estimado de leitura\" \/>\n\t<meta name=\"twitter:data1\" content=\"2 minutos\" \/>\n<script type=\"application\/ld+json\" class=\"yoast-schema-graph\">{\"@context\":\"https:\/\/schema.org\",\"@graph\":[{\"@type\":\"WebPage\",\"@id\":\"https:\/\/www.csj-emballages.com\/pt-pt\/produit\/spray-de-polimento-para-aco-inoxidavel-750ml\/\",\"url\":\"https:\/\/www.csj-emballages.com\/pt-pt\/produit\/spray-de-polimento-para-aco-inoxidavel-750ml\/\",\"name\":\"Spray de polimento para a\u00e7o inoxid\u00e1vel 750ml\",\"isPartOf\":{\"@id\":\"https:\/\/www.csj-emballages.com\/pt-pt\/#website\"},\"primaryImageOfPage\":{\"@id\":\"https:\/\/www.csj-emballages.com\/pt-pt\/produit\/spray-de-polimento-para-aco-inoxidavel-750ml\/#primaryimage\"},\"image\":{\"@id\":\"https:\/\/www.csj-emballages.com\/pt-pt\/produit\/spray-de-polimento-para-aco-inoxidavel-750ml\/#primaryimage\"},\"thumbnailUrl\":\"https:\/\/www.csj-emballages.com\/wp-content\/uploads\/2024\/03\/Lustrant-inox.webp\",\"datePublished\":\"2024-03-01T16:00:18+00:00\",\"dateModified\":\"2026-04-30T00:10:15+00:00\",\"description\":\"Descubra o nosso spray de polimento para a\u00e7o inoxid\u00e1vel 750ml. Este produto \u00e9 um agente de brilho para a\u00e7o inoxid\u00e1vel ou superf\u00edcies polidas. Vendido individualmente\",\"breadcrumb\":{\"@id\":\"https:\/\/www.csj-emballages.com\/pt-pt\/produit\/spray-de-polimento-para-aco-inoxidavel-750ml\/#breadcrumb\"},\"inLanguage\":\"pt-PT\",\"potentialAction\":[{\"@type\":\"ReadAction\",\"target\":[\"https:\/\/www.csj-emballages.com\/pt-pt\/produit\/spray-de-polimento-para-aco-inoxidavel-750ml\/\"]}]},{\"@type\":\"ImageObject\",\"inLanguage\":\"pt-PT\",\"@id\":\"https:\/\/www.csj-emballages.com\/pt-pt\/produit\/spray-de-polimento-para-aco-inoxidavel-750ml\/#primaryimage\",\"url\":\"https:\/\/www.csj-emballages.com\/wp-content\/uploads\/2024\/03\/Lustrant-inox.webp\",\"contentUrl\":\"https:\/\/www.csj-emballages.com\/wp-content\/uploads\/2024\/03\/Lustrant-inox.webp\",\"width\":800,\"height\":800,\"caption\":\"Lustrant inox\"},{\"@type\":\"BreadcrumbList\",\"@id\":\"https:\/\/www.csj-emballages.com\/pt-pt\/produit\/spray-de-polimento-para-aco-inoxidavel-750ml\/#breadcrumb\",\"itemListElement\":[{\"@type\":\"ListItem\",\"position\":1,\"name\":\"Acolhimento\",\"item\":\"https:\/\/www.csj-emballages.com\/pt-pt\/universo-das-embalagens-alimentares\/\"},{\"@type\":\"ListItem\",\"position\":2,\"name\":\"Shop\",\"item\":\"https:\/\/www.csj-emballages.com\/shop\/\"},{\"@type\":\"ListItem\",\"position\":3,\"name\":\"Spray de polimento para a\u00e7o inoxid\u00e1vel 750ml\"}]},{\"@type\":\"WebSite\",\"@id\":\"https:\/\/www.csj-emballages.com\/pt-pt\/#website\",\"url\":\"https:\/\/www.csj-emballages.com\/pt-pt\/\",\"name\":\"CSJ Emballages\",\"description\":\"\",\"publisher\":{\"@id\":\"https:\/\/www.csj-emballages.com\/pt-pt\/#organization\"},\"potentialAction\":[{\"@type\":\"SearchAction\",\"target\":{\"@type\":\"EntryPoint\",\"urlTemplate\":\"https:\/\/www.csj-emballages.com\/pt-pt\/?s={search_term_string}\"},\"query-input\":{\"@type\":\"PropertyValueSpecification\",\"valueRequired\":true,\"valueName\":\"search_term_string\"}}],\"inLanguage\":\"pt-PT\"},{\"@type\":\"Organization\",\"@id\":\"https:\/\/www.csj-emballages.com\/pt-pt\/#Organization\/\",\"name\":\"CSJ Emballages\",\"url\":\"https:\/\/www.csj-emballages.com\/pt-pt\/\",\"logo\":{\"@type\":\"ImageObject\",\"inLanguage\":\"pt-PT\",\"@id\":\"https:\/\/www.csj-emballages.com\/pt-pt\/#\/schema\/logo\/image\/\",\"url\":\"https:\/\/www.csj-emballages.com\/wp-content\/uploads\/2023\/10\/logo_csj.webp\",\"contentUrl\":\"https:\/\/www.csj-emballages.com\/wp-content\/uploads\/2023\/10\/logo_csj.webp\",\"width\":250,\"height\":95,\"caption\":\"CSJ Emballages\"},\"image\":{\"@id\":\"https:\/\/www.csj-emballages.com\/pt-pt\/#\/schema\/logo\/image\/\"},\"sameAs\":[\"https:\/\/www.facebook.com\/csjemballages\"],\"address\":{\"@type\":\"PostalAddress\",\"streetAddress\":\"ZI La Lechere\",\"addressLocality\":\"Patornay\",\"postalCode\":\"39130\",\"addressCountry\":\"FR\"},\"contactPoint\":[{\"@type\":\"ContactPoint\",\"contactType\":\"Service client\",\"telephone\":\"0384254272\",\"email\":\"contact@csj-emballages.com\"}]}]}<\/script>\n<!-- \/ Yoast SEO Premium plugin. -->","yoast_head_json":{"title":"Spray de polimento para a\u00e7o inoxid\u00e1vel 750ml","description":"Descubra o nosso spray de polimento para a\u00e7o inoxid\u00e1vel 750ml. Este produto \u00e9 um agente de brilho para a\u00e7o inoxid\u00e1vel ou superf\u00edcies polidas. Vendido individualmente","robots":{"index":"index","follow":"follow","max-snippet":"max-snippet:-1","max-image-preview":"max-image-preview:large","max-video-preview":"max-video-preview:-1"},"canonical":"https:\/\/www.csj-emballages.com\/pt-pt\/produit\/spray-de-polimento-para-aco-inoxidavel-750ml\/","og_locale":"pt_PT","og_type":"article","og_title":"Spray de polimento para a\u00e7o inoxid\u00e1vel 750ml","og_description":"Descubra o nosso spray de polimento para a\u00e7o inoxid\u00e1vel 750ml. Este produto \u00e9 um agente de brilho para a\u00e7o inoxid\u00e1vel ou superf\u00edcies polidas. Vendido individualmente","og_url":"https:\/\/www.csj-emballages.com\/pt-pt\/produit\/spray-de-polimento-para-aco-inoxidavel-750ml\/","og_site_name":"CSJ Emballages","article_publisher":"https:\/\/www.facebook.com\/csjemballages","article_modified_time":"2026-04-30T00:10:15+00:00","og_image":[{"width":800,"height":800,"url":"https:\/\/www.csj-emballages.com\/wp-content\/uploads\/2024\/03\/Lustrant-inox.webp","type":"image\/webp"}],"twitter_card":"summary_large_image","twitter_misc":{"Tempo estimado de leitura":"2 minutos"},"schema":{"@context":"https:\/\/schema.org","@graph":[{"@type":"WebPage","@id":"https:\/\/www.csj-emballages.com\/pt-pt\/produit\/spray-de-polimento-para-aco-inoxidavel-750ml\/","url":"https:\/\/www.csj-emballages.com\/pt-pt\/produit\/spray-de-polimento-para-aco-inoxidavel-750ml\/","name":"Spray de polimento para a\u00e7o inoxid\u00e1vel 750ml","isPartOf":{"@id":"https:\/\/www.csj-emballages.com\/pt-pt\/#website"},"primaryImageOfPage":{"@id":"https:\/\/www.csj-emballages.com\/pt-pt\/produit\/spray-de-polimento-para-aco-inoxidavel-750ml\/#primaryimage"},"image":{"@id":"https:\/\/www.csj-emballages.com\/pt-pt\/produit\/spray-de-polimento-para-aco-inoxidavel-750ml\/#primaryimage"},"thumbnailUrl":"https:\/\/www.csj-emballages.com\/wp-content\/uploads\/2024\/03\/Lustrant-inox.webp","datePublished":"2024-03-01T16:00:18+00:00","dateModified":"2026-04-30T00:10:15+00:00","description":"Descubra o nosso spray de polimento para a\u00e7o inoxid\u00e1vel 750ml. Este produto \u00e9 um agente de brilho para a\u00e7o inoxid\u00e1vel ou superf\u00edcies polidas. Vendido individualmente","breadcrumb":{"@id":"https:\/\/www.csj-emballages.com\/pt-pt\/produit\/spray-de-polimento-para-aco-inoxidavel-750ml\/#breadcrumb"},"inLanguage":"pt-PT","potentialAction":[{"@type":"ReadAction","target":["https:\/\/www.csj-emballages.com\/pt-pt\/produit\/spray-de-polimento-para-aco-inoxidavel-750ml\/"]}]},{"@type":"ImageObject","inLanguage":"pt-PT","@id":"https:\/\/www.csj-emballages.com\/pt-pt\/produit\/spray-de-polimento-para-aco-inoxidavel-750ml\/#primaryimage","url":"https:\/\/www.csj-emballages.com\/wp-content\/uploads\/2024\/03\/Lustrant-inox.webp","contentUrl":"https:\/\/www.csj-emballages.com\/wp-content\/uploads\/2024\/03\/Lustrant-inox.webp","width":800,"height":800,"caption":"Lustrant inox"},{"@type":"BreadcrumbList","@id":"https:\/\/www.csj-emballages.com\/pt-pt\/produit\/spray-de-polimento-para-aco-inoxidavel-750ml\/#breadcrumb","itemListElement":[{"@type":"ListItem","position":1,"name":"Acolhimento","item":"https:\/\/www.csj-emballages.com\/pt-pt\/universo-das-embalagens-alimentares\/"},{"@type":"ListItem","position":2,"name":"Shop","item":"https:\/\/www.csj-emballages.com\/shop\/"},{"@type":"ListItem","position":3,"name":"Spray de polimento para a\u00e7o inoxid\u00e1vel 750ml"}]},{"@type":"WebSite","@id":"https:\/\/www.csj-emballages.com\/pt-pt\/#website","url":"https:\/\/www.csj-emballages.com\/pt-pt\/","name":"CSJ Emballages","description":"","publisher":{"@id":"https:\/\/www.csj-emballages.com\/pt-pt\/#organization"},"potentialAction":[{"@type":"SearchAction","target":{"@type":"EntryPoint","urlTemplate":"https:\/\/www.csj-emballages.com\/pt-pt\/?s={search_term_string}"},"query-input":{"@type":"PropertyValueSpecification","valueRequired":true,"valueName":"search_term_string"}}],"inLanguage":"pt-PT"},{"@type":"Organization","@id":"https:\/\/www.csj-emballages.com\/pt-pt\/#Organization\/","name":"CSJ Emballages","url":"https:\/\/www.csj-emballages.com\/pt-pt\/","logo":{"@type":"ImageObject","inLanguage":"pt-PT","@id":"https:\/\/www.csj-emballages.com\/pt-pt\/#\/schema\/logo\/image\/","url":"https:\/\/www.csj-emballages.com\/wp-content\/uploads\/2023\/10\/logo_csj.webp","contentUrl":"https:\/\/www.csj-emballages.com\/wp-content\/uploads\/2023\/10\/logo_csj.webp","width":250,"height":95,"caption":"CSJ Emballages"},"image":{"@id":"https:\/\/www.csj-emballages.com\/pt-pt\/#\/schema\/logo\/image\/"},"sameAs":["https:\/\/www.facebook.com\/csjemballages"],"address":{"@type":"PostalAddress","streetAddress":"ZI La Lechere","addressLocality":"Patornay","postalCode":"39130","addressCountry":"FR"},"contactPoint":[{"@type":"ContactPoint","contactType":"Service client","telephone":"0384254272","email":"contact@csj-emballages.com"}]}]}},"df_price":5.48,"df_sale_price":"","df_regular_price":5.48,"df_image_link":"https:\/\/www.csj-emballages.com\/wp-content\/uploads\/2024\/03\/Lustrant-inox-300x300.webp","tiered_pricing_type":"fixed","tiered_pricing_fixed_rules":[],"tiered_pricing_percentage_rules":[],"tiered_pricing_minimum":1,"tiered_pricing_roles_data":[],"_links":{"self":[{"href":"https:\/\/www.csj-emballages.com\/pt-pt\/wp-json\/wp\/v2\/product\/17184","targetHints":{"allow":["GET"]}}],"collection":[{"href":"https:\/\/www.csj-emballages.com\/pt-pt\/wp-json\/wp\/v2\/product"}],"about":[{"href":"https:\/\/www.csj-emballages.com\/pt-pt\/wp-json\/wp\/v2\/types\/product"}],"wp:featuredmedia":[{"embeddable":true,"href":"https:\/\/www.csj-emballages.com\/pt-pt\/wp-json\/wp\/v2\/media\/222186"}],"wp:attachment":[{"href":"https:\/\/www.csj-emballages.com\/pt-pt\/wp-json\/wp\/v2\/media?parent=17184"}],"wp:term":[{"taxonomy":"product_brand","embeddable":true,"href":"https:\/\/www.csj-emballages.com\/pt-pt\/wp-json\/wp\/v2\/product_brand?post=17184"},{"taxonomy":"product_cat","embeddable":true,"href":"https:\/\/www.csj-emballages.com\/pt-pt\/wp-json\/wp\/v2\/product_cat?post=17184"},{"taxonomy":"product_tag","embeddable":true,"href":"https:\/\/www.csj-emballages.com\/pt-pt\/wp-json\/wp\/v2\/product_tag?post=17184"}],"curies":[{"name":"wp","href":"https:\/\/api.w.org\/{rel}","templated":true}]}}