{"id":17176,"date":"2024-03-01T17:00:19","date_gmt":"2024-03-01T16:00:19","guid":{"rendered":"https:\/\/u15jnbdpoq.preview.infomaniak.website\/produit\/12-rolos-de-papel-higienico-de-algodao-branco-de-2-camadas-180-formatos\/"},"modified":"2026-05-04T16:00:24","modified_gmt":"2026-05-04T14:00:24","slug":"12-rolos-de-papel-higienico-de-algodao-branco-de-2-camadas-180-formatos","status":"publish","type":"product","link":"https:\/\/www.csj-emballages.com\/pt-pt\/produit\/12-rolos-de-papel-higienico-de-algodao-branco-de-2-camadas-180-formatos\/","title":{"rendered":"Rolo de papel higi\u00e9nico branco, pasta de papel, 2 folhas, 180 utiliza\u00e7\u00f5es, embalagem de 12"},"content":{"rendered":"<h2>Rolo de papel higi\u00e9nico<\/h2>\n<hr>\n<h3>Descri\u00e7\u00e3o do nosso rolo de papel higi\u00e9nico branco, pasta de papel, 2 folhas, 180 utiliza\u00e7\u00f5es, embalagem de 12<\/h3>\n<p><!--more--><\/p>\n<div class=\"flex max-w-full flex-col flex-grow\">\n<div class=\"min-h-8 text-message flex w-full flex-col items-end gap-2 whitespace-normal break-words text-start [.text-message+&amp;]:mt-5\" dir=\"auto\" data-message-author-role=\"assistant\" data-message-id=\"266ca6f3-5e07-4948-bd20-80ac5e6da4a5\" data-message-model-slug=\"gpt-4o\">\n<div class=\"flex w-full flex-col gap-1 empty:hidden first:pt-[3px]\">\n<div class=\"markdown prose w-full break-words dark:prose-invert dark\">\n<p data-start=\"223\" data-end=\"586\">Este <strong data-start=\"226\" data-end=\"269\">papel higi\u00e9nico de pasta de papel branca de 2 folhas<\/strong> foi concebido para uma utiliza\u00e7\u00e3o di\u00e1ria confort\u00e1vel, simples e eficaz. Suave ao toque, mas resistente, oferece um bom equil\u00edbrio entre conforto e solidez, o que o torna agrad\u00e1vel de utilizar dia ap\u00f3s dia. As suas <strong data-start=\"489\" data-end=\"499\">2 folhas<\/strong> garantem uma melhor resist\u00eancia e evitam que se rasgue facilmente durante a utiliza\u00e7\u00e3o.  <\/p>\n<p data-start=\"588\" data-end=\"939\">Com as suas <strong data-start=\"597\" data-end=\"624\">180 utiliza\u00e7\u00f5es por rolo<\/strong>, permite uma utiliza\u00e7\u00e3o prolongada e limita as substitui\u00e7\u00f5es demasiado frequentes. \u00c9 uma mais-valia em ambientes de grande aflu\u00eancia, onde o conforto dos utilizadores \u00e9 t\u00e3o importante como a praticidade no dia a dia. Cada folha destaca-se facilmente, o que ajuda a dosear melhor e a reduzir o desperd\u00edcio.  <\/p>\n<p data-start=\"941\" data-end=\"1230\">Este papel higi\u00e9nico \u00e9 perfeito para <strong data-start=\"986\" data-end=\"1081\">institui\u00e7\u00f5es, escrit\u00f3rios, restaurantes, hot\u00e9is, estabelecimentos escolares ou sanit\u00e1rios p\u00fablicos<\/strong>, mas tamb\u00e9m para uma utiliza\u00e7\u00e3o mais cl\u00e1ssica. A sua <strong data-start=\"1124\" data-end=\"1143\">cor branca<\/strong> confere uma imagem limpa e cuidada, em conformidade com os requisitos de higiene atuais. <\/p>\n<p data-start=\"1232\" data-end=\"1468\">Vendido <strong data-start=\"1238\" data-end=\"1264\">em lote de 12 rolos<\/strong>, oferece uma solu\u00e7\u00e3o pr\u00e1tica para gerir as necessidades regulares sem sobrecarregar os espa\u00e7os de armazenamento. Desta forma, mant\u00e9m uma reserva suficiente, pronta a usar, ao mesmo tempo que controla o seu consumo. <\/p>\n<p data-start=\"1470\" data-end=\"1659\">Em resumo, este <strong>papel higi\u00e9nico de 2 folhas em pasta de papel branca<\/strong> \u00e9 um indispens\u00e1vel fi\u00e1vel. Garante conforto, resist\u00eancia e simplicidade, para uma utiliza\u00e7\u00e3o despreocupada em todos os ambientes. <\/p>\n<h3><\/h3>\n<\/div>\n<\/div>\n<\/div>\n<\/div>\n<p><!--more--><\/p>\n<h4>Vantagens :<\/h4>\n<ul>\n<li data-start=\"1687\" data-end=\"1722\"><strong>Papel higi\u00e9nico<\/strong> em pasta de papel branca.<\/li>\n<li data-start=\"1725\" data-end=\"1772\"><strong>2 folhas<\/strong> para maior conforto e resist\u00eancia.<\/li>\n<li data-start=\"1775\" data-end=\"1801\"><strong>180 utiliza\u00e7\u00f5es<\/strong> por rolo.<\/li>\n<li data-start=\"1804\" data-end=\"1834\">Folhas f\u00e1ceis de destacar.<\/li>\n<li data-start=\"1837\" data-end=\"1886\">Adequado para utiliza\u00e7\u00f5es profissionais e coletivas.<\/li>\n<li data-start=\"1889\" data-end=\"1917\">Lote pr\u00e1tico de <strong>12 rolos<\/strong>.<\/li>\n<\/ul>\n<p>&nbsp;<\/p>\n<p><!--more--><\/p>\n<h4>Outras informa\u00e7\u00f5es :<\/h4>\n<ul>\n<li><strong>Embalagem<\/strong>: Pacote de 12<\/li>\n<li><strong>Dimens\u00f5es<\/strong>: 2 folhas, 180 utiliza\u00e7\u00f5es<\/li>\n<li><strong>Material<\/strong>: Pasta de papel pura<\/li>\n<li><strong>Comprimento da utiliza\u00e7\u00e3o<\/strong>: 11 cm<\/li>\n<li><strong>Largura da utiliza\u00e7\u00e3o<\/strong>: 9,5 cm<\/li>\n<li><strong>Comprimento do rolo<\/strong>: 18 m<\/li>\n<li><strong>N\u00famero de folhas<\/strong>: 2<\/li>\n<li><strong>N\u00famero de utiliza\u00e7\u00f5es<\/strong>: 180<\/li>\n<li><strong>Tipo<\/strong>: Waffle<\/li>\n<li><strong>Cor<\/strong>: Branco<\/li>\n<\/ul>\n<p>&nbsp;<\/p>\n<p><!--more--><\/p>\n<p><a href=\"\/?product_cat=papier-hygieneniques\">Consulte o resto da nossa gama de papel higi\u00e9nico<\/a><\/p>\n","protected":false},"excerpt":{"rendered":"<p>Rolo de papel higi\u00e9nico Descri\u00e7\u00e3o do nosso rolo de papel higi\u00e9nico branco, pasta de papel, 2 folhas, 180 utiliza\u00e7\u00f5es, embalagem de 12<\/p>\n","protected":false},"featured_media":263200,"template":"","meta":{"_acf_changed":false},"product_brand":[],"product_cat":[1222,1382,1383],"product_tag":[],"class_list":{"0":"post-17176","1":"product","2":"type-product","3":"status-publish","4":"has-post-thumbnail","6":"product_cat-higiene-e-manutencao","7":"product_cat-limpar","8":"product_cat-papel-higienico","10":"first","11":"instock","12":"taxable","13":"shipping-taxable","14":"purchasable","15":"product-type-simple"},"acf":[],"yoast_head":"<!-- This site is optimized with the Yoast SEO Premium plugin v26.6 (Yoast SEO v26.6) - https:\/\/yoast.com\/wordpress\/plugins\/seo\/ -->\n<title>Rolo de Papel Higi\u00e9nico Branco, Pasta de Papel, 2 Folhas, 180 Utiliza\u00e7\u00f5es, Embalagem de 12<\/title>\n<meta name=\"description\" content=\"Descubra o nosso rolo de papel higi\u00e9nico branco, pasta de papel, 2 folhas, 180 utiliza\u00e7\u00f5es, embalagem de 12. Opte por um pacote de 12 rolos de papel higi\u00e9nico de pasta de papel pura\" \/>\n<meta name=\"robots\" content=\"index, follow, max-snippet:-1, max-image-preview:large, max-video-preview:-1\" \/>\n<link rel=\"canonical\" href=\"https:\/\/www.csj-emballages.com\/pt-pt\/produit\/12-rolos-de-papel-higienico-de-algodao-branco-de-2-camadas-180-formatos\/\" \/>\n<meta property=\"og:locale\" content=\"pt_PT\" \/>\n<meta property=\"og:type\" content=\"article\" \/>\n<meta property=\"og:title\" content=\"Rolo de papel higi\u00e9nico branco, pasta de papel, 2 folhas, 180 utiliza\u00e7\u00f5es, embalagem de 12\" \/>\n<meta property=\"og:description\" content=\"Descubra o nosso rolo de papel higi\u00e9nico branco, pasta de papel, 2 folhas, 180 utiliza\u00e7\u00f5es, embalagem de 12. Opte por um pacote de 12 rolos de papel higi\u00e9nico de pasta de papel pura\" \/>\n<meta property=\"og:url\" content=\"https:\/\/www.csj-emballages.com\/pt-pt\/produit\/12-rolos-de-papel-higienico-de-algodao-branco-de-2-camadas-180-formatos\/\" \/>\n<meta property=\"og:site_name\" content=\"CSJ Emballages\" \/>\n<meta property=\"article:publisher\" content=\"https:\/\/www.facebook.com\/csjemballages\" \/>\n<meta property=\"article:modified_time\" content=\"2026-05-04T14:00:24+00:00\" \/>\n<meta property=\"og:image\" content=\"https:\/\/www.csj-emballages.com\/wp-content\/uploads\/2024\/03\/01H.webp\" \/>\n\t<meta property=\"og:image:width\" content=\"800\" \/>\n\t<meta property=\"og:image:height\" content=\"800\" \/>\n\t<meta property=\"og:image:type\" content=\"image\/webp\" \/>\n<meta name=\"twitter:card\" content=\"summary_large_image\" \/>\n<meta name=\"twitter:label1\" content=\"Tempo estimado de leitura\" \/>\n\t<meta name=\"twitter:data1\" content=\"2 minutos\" \/>\n<script type=\"application\/ld+json\" class=\"yoast-schema-graph\">{\"@context\":\"https:\/\/schema.org\",\"@graph\":[{\"@type\":\"WebPage\",\"@id\":\"https:\/\/www.csj-emballages.com\/pt-pt\/produit\/12-rolos-de-papel-higienico-de-algodao-branco-de-2-camadas-180-formatos\/\",\"url\":\"https:\/\/www.csj-emballages.com\/pt-pt\/produit\/12-rolos-de-papel-higienico-de-algodao-branco-de-2-camadas-180-formatos\/\",\"name\":\"Rolo de Papel Higi\u00e9nico Branco, Pasta de Papel, 2 Folhas, 180 Utiliza\u00e7\u00f5es, Embalagem de 12\",\"isPartOf\":{\"@id\":\"https:\/\/www.csj-emballages.com\/pt-pt\/#website\"},\"primaryImageOfPage\":{\"@id\":\"https:\/\/www.csj-emballages.com\/pt-pt\/produit\/12-rolos-de-papel-higienico-de-algodao-branco-de-2-camadas-180-formatos\/#primaryimage\"},\"image\":{\"@id\":\"https:\/\/www.csj-emballages.com\/pt-pt\/produit\/12-rolos-de-papel-higienico-de-algodao-branco-de-2-camadas-180-formatos\/#primaryimage\"},\"thumbnailUrl\":\"https:\/\/www.csj-emballages.com\/wp-content\/uploads\/2024\/03\/01H.webp\",\"datePublished\":\"2024-03-01T16:00:19+00:00\",\"dateModified\":\"2026-05-04T14:00:24+00:00\",\"description\":\"Descubra o nosso rolo de papel higi\u00e9nico branco, pasta de papel, 2 folhas, 180 utiliza\u00e7\u00f5es, embalagem de 12. Opte por um pacote de 12 rolos de papel higi\u00e9nico de pasta de papel pura\",\"breadcrumb\":{\"@id\":\"https:\/\/www.csj-emballages.com\/pt-pt\/produit\/12-rolos-de-papel-higienico-de-algodao-branco-de-2-camadas-180-formatos\/#breadcrumb\"},\"inLanguage\":\"pt-PT\",\"potentialAction\":[{\"@type\":\"ReadAction\",\"target\":[\"https:\/\/www.csj-emballages.com\/pt-pt\/produit\/12-rolos-de-papel-higienico-de-algodao-branco-de-2-camadas-180-formatos\/\"]}]},{\"@type\":\"ImageObject\",\"inLanguage\":\"pt-PT\",\"@id\":\"https:\/\/www.csj-emballages.com\/pt-pt\/produit\/12-rolos-de-papel-higienico-de-algodao-branco-de-2-camadas-180-formatos\/#primaryimage\",\"url\":\"https:\/\/www.csj-emballages.com\/wp-content\/uploads\/2024\/03\/01H.webp\",\"contentUrl\":\"https:\/\/www.csj-emballages.com\/wp-content\/uploads\/2024\/03\/01H.webp\",\"width\":800,\"height\":800,\"caption\":\"Rouleau papier toilette\"},{\"@type\":\"BreadcrumbList\",\"@id\":\"https:\/\/www.csj-emballages.com\/pt-pt\/produit\/12-rolos-de-papel-higienico-de-algodao-branco-de-2-camadas-180-formatos\/#breadcrumb\",\"itemListElement\":[{\"@type\":\"ListItem\",\"position\":1,\"name\":\"Acolhimento\",\"item\":\"https:\/\/www.csj-emballages.com\/pt-pt\/universo-das-embalagens-alimentares\/\"},{\"@type\":\"ListItem\",\"position\":2,\"name\":\"Shop\",\"item\":\"https:\/\/www.csj-emballages.com\/shop\/\"},{\"@type\":\"ListItem\",\"position\":3,\"name\":\"Rolo de papel higi\u00e9nico branco, pasta de papel, 2 folhas, 180 utiliza\u00e7\u00f5es, embalagem de 12\"}]},{\"@type\":\"WebSite\",\"@id\":\"https:\/\/www.csj-emballages.com\/pt-pt\/#website\",\"url\":\"https:\/\/www.csj-emballages.com\/pt-pt\/\",\"name\":\"CSJ Emballages\",\"description\":\"\",\"publisher\":{\"@id\":\"https:\/\/www.csj-emballages.com\/pt-pt\/#organization\"},\"potentialAction\":[{\"@type\":\"SearchAction\",\"target\":{\"@type\":\"EntryPoint\",\"urlTemplate\":\"https:\/\/www.csj-emballages.com\/pt-pt\/?s={search_term_string}\"},\"query-input\":{\"@type\":\"PropertyValueSpecification\",\"valueRequired\":true,\"valueName\":\"search_term_string\"}}],\"inLanguage\":\"pt-PT\"},{\"@type\":\"Organization\",\"@id\":\"https:\/\/www.csj-emballages.com\/pt-pt\/#Organization\/\",\"name\":\"CSJ Emballages\",\"url\":\"https:\/\/www.csj-emballages.com\/pt-pt\/\",\"logo\":{\"@type\":\"ImageObject\",\"inLanguage\":\"pt-PT\",\"@id\":\"https:\/\/www.csj-emballages.com\/pt-pt\/#\/schema\/logo\/image\/\",\"url\":\"https:\/\/www.csj-emballages.com\/wp-content\/uploads\/2023\/10\/logo_csj.webp\",\"contentUrl\":\"https:\/\/www.csj-emballages.com\/wp-content\/uploads\/2023\/10\/logo_csj.webp\",\"width\":250,\"height\":95,\"caption\":\"CSJ Emballages\"},\"image\":{\"@id\":\"https:\/\/www.csj-emballages.com\/pt-pt\/#\/schema\/logo\/image\/\"},\"sameAs\":[\"https:\/\/www.facebook.com\/csjemballages\"],\"address\":{\"@type\":\"PostalAddress\",\"streetAddress\":\"ZI La Lechere\",\"addressLocality\":\"Patornay\",\"postalCode\":\"39130\",\"addressCountry\":\"FR\"},\"contactPoint\":[{\"@type\":\"ContactPoint\",\"contactType\":\"Service client\",\"telephone\":\"0384254272\",\"email\":\"contact@csj-emballages.com\"}]}]}<\/script>\n<!-- \/ Yoast SEO Premium plugin. -->","yoast_head_json":{"title":"Rolo de Papel Higi\u00e9nico Branco, Pasta de Papel, 2 Folhas, 180 Utiliza\u00e7\u00f5es, Embalagem de 12","description":"Descubra o nosso rolo de papel higi\u00e9nico branco, pasta de papel, 2 folhas, 180 utiliza\u00e7\u00f5es, embalagem de 12. Opte por um pacote de 12 rolos de papel higi\u00e9nico de pasta de papel pura","robots":{"index":"index","follow":"follow","max-snippet":"max-snippet:-1","max-image-preview":"max-image-preview:large","max-video-preview":"max-video-preview:-1"},"canonical":"https:\/\/www.csj-emballages.com\/pt-pt\/produit\/12-rolos-de-papel-higienico-de-algodao-branco-de-2-camadas-180-formatos\/","og_locale":"pt_PT","og_type":"article","og_title":"Rolo de papel higi\u00e9nico branco, pasta de papel, 2 folhas, 180 utiliza\u00e7\u00f5es, embalagem de 12","og_description":"Descubra o nosso rolo de papel higi\u00e9nico branco, pasta de papel, 2 folhas, 180 utiliza\u00e7\u00f5es, embalagem de 12. Opte por um pacote de 12 rolos de papel higi\u00e9nico de pasta de papel pura","og_url":"https:\/\/www.csj-emballages.com\/pt-pt\/produit\/12-rolos-de-papel-higienico-de-algodao-branco-de-2-camadas-180-formatos\/","og_site_name":"CSJ Emballages","article_publisher":"https:\/\/www.facebook.com\/csjemballages","article_modified_time":"2026-05-04T14:00:24+00:00","og_image":[{"width":800,"height":800,"url":"https:\/\/www.csj-emballages.com\/wp-content\/uploads\/2024\/03\/01H.webp","type":"image\/webp"}],"twitter_card":"summary_large_image","twitter_misc":{"Tempo estimado de leitura":"2 minutos"},"schema":{"@context":"https:\/\/schema.org","@graph":[{"@type":"WebPage","@id":"https:\/\/www.csj-emballages.com\/pt-pt\/produit\/12-rolos-de-papel-higienico-de-algodao-branco-de-2-camadas-180-formatos\/","url":"https:\/\/www.csj-emballages.com\/pt-pt\/produit\/12-rolos-de-papel-higienico-de-algodao-branco-de-2-camadas-180-formatos\/","name":"Rolo de Papel Higi\u00e9nico Branco, Pasta de Papel, 2 Folhas, 180 Utiliza\u00e7\u00f5es, Embalagem de 12","isPartOf":{"@id":"https:\/\/www.csj-emballages.com\/pt-pt\/#website"},"primaryImageOfPage":{"@id":"https:\/\/www.csj-emballages.com\/pt-pt\/produit\/12-rolos-de-papel-higienico-de-algodao-branco-de-2-camadas-180-formatos\/#primaryimage"},"image":{"@id":"https:\/\/www.csj-emballages.com\/pt-pt\/produit\/12-rolos-de-papel-higienico-de-algodao-branco-de-2-camadas-180-formatos\/#primaryimage"},"thumbnailUrl":"https:\/\/www.csj-emballages.com\/wp-content\/uploads\/2024\/03\/01H.webp","datePublished":"2024-03-01T16:00:19+00:00","dateModified":"2026-05-04T14:00:24+00:00","description":"Descubra o nosso rolo de papel higi\u00e9nico branco, pasta de papel, 2 folhas, 180 utiliza\u00e7\u00f5es, embalagem de 12. Opte por um pacote de 12 rolos de papel higi\u00e9nico de pasta de papel pura","breadcrumb":{"@id":"https:\/\/www.csj-emballages.com\/pt-pt\/produit\/12-rolos-de-papel-higienico-de-algodao-branco-de-2-camadas-180-formatos\/#breadcrumb"},"inLanguage":"pt-PT","potentialAction":[{"@type":"ReadAction","target":["https:\/\/www.csj-emballages.com\/pt-pt\/produit\/12-rolos-de-papel-higienico-de-algodao-branco-de-2-camadas-180-formatos\/"]}]},{"@type":"ImageObject","inLanguage":"pt-PT","@id":"https:\/\/www.csj-emballages.com\/pt-pt\/produit\/12-rolos-de-papel-higienico-de-algodao-branco-de-2-camadas-180-formatos\/#primaryimage","url":"https:\/\/www.csj-emballages.com\/wp-content\/uploads\/2024\/03\/01H.webp","contentUrl":"https:\/\/www.csj-emballages.com\/wp-content\/uploads\/2024\/03\/01H.webp","width":800,"height":800,"caption":"Rouleau papier toilette"},{"@type":"BreadcrumbList","@id":"https:\/\/www.csj-emballages.com\/pt-pt\/produit\/12-rolos-de-papel-higienico-de-algodao-branco-de-2-camadas-180-formatos\/#breadcrumb","itemListElement":[{"@type":"ListItem","position":1,"name":"Acolhimento","item":"https:\/\/www.csj-emballages.com\/pt-pt\/universo-das-embalagens-alimentares\/"},{"@type":"ListItem","position":2,"name":"Shop","item":"https:\/\/www.csj-emballages.com\/shop\/"},{"@type":"ListItem","position":3,"name":"Rolo de papel higi\u00e9nico branco, pasta de papel, 2 folhas, 180 utiliza\u00e7\u00f5es, embalagem de 12"}]},{"@type":"WebSite","@id":"https:\/\/www.csj-emballages.com\/pt-pt\/#website","url":"https:\/\/www.csj-emballages.com\/pt-pt\/","name":"CSJ Emballages","description":"","publisher":{"@id":"https:\/\/www.csj-emballages.com\/pt-pt\/#organization"},"potentialAction":[{"@type":"SearchAction","target":{"@type":"EntryPoint","urlTemplate":"https:\/\/www.csj-emballages.com\/pt-pt\/?s={search_term_string}"},"query-input":{"@type":"PropertyValueSpecification","valueRequired":true,"valueName":"search_term_string"}}],"inLanguage":"pt-PT"},{"@type":"Organization","@id":"https:\/\/www.csj-emballages.com\/pt-pt\/#Organization\/","name":"CSJ Emballages","url":"https:\/\/www.csj-emballages.com\/pt-pt\/","logo":{"@type":"ImageObject","inLanguage":"pt-PT","@id":"https:\/\/www.csj-emballages.com\/pt-pt\/#\/schema\/logo\/image\/","url":"https:\/\/www.csj-emballages.com\/wp-content\/uploads\/2023\/10\/logo_csj.webp","contentUrl":"https:\/\/www.csj-emballages.com\/wp-content\/uploads\/2023\/10\/logo_csj.webp","width":250,"height":95,"caption":"CSJ Emballages"},"image":{"@id":"https:\/\/www.csj-emballages.com\/pt-pt\/#\/schema\/logo\/image\/"},"sameAs":["https:\/\/www.facebook.com\/csjemballages"],"address":{"@type":"PostalAddress","streetAddress":"ZI La Lechere","addressLocality":"Patornay","postalCode":"39130","addressCountry":"FR"},"contactPoint":[{"@type":"ContactPoint","contactType":"Service client","telephone":"0384254272","email":"contact@csj-emballages.com"}]}]}},"df_price":4.25,"df_sale_price":"","df_regular_price":4.25,"df_image_link":"https:\/\/www.csj-emballages.com\/wp-content\/uploads\/2024\/03\/01H-300x300.webp","tiered_pricing_type":"fixed","tiered_pricing_fixed_rules":[],"tiered_pricing_percentage_rules":[],"tiered_pricing_minimum":1,"tiered_pricing_roles_data":[],"_links":{"self":[{"href":"https:\/\/www.csj-emballages.com\/pt-pt\/wp-json\/wp\/v2\/product\/17176","targetHints":{"allow":["GET"]}}],"collection":[{"href":"https:\/\/www.csj-emballages.com\/pt-pt\/wp-json\/wp\/v2\/product"}],"about":[{"href":"https:\/\/www.csj-emballages.com\/pt-pt\/wp-json\/wp\/v2\/types\/product"}],"wp:featuredmedia":[{"embeddable":true,"href":"https:\/\/www.csj-emballages.com\/pt-pt\/wp-json\/wp\/v2\/media\/263200"}],"wp:attachment":[{"href":"https:\/\/www.csj-emballages.com\/pt-pt\/wp-json\/wp\/v2\/media?parent=17176"}],"wp:term":[{"taxonomy":"product_brand","embeddable":true,"href":"https:\/\/www.csj-emballages.com\/pt-pt\/wp-json\/wp\/v2\/product_brand?post=17176"},{"taxonomy":"product_cat","embeddable":true,"href":"https:\/\/www.csj-emballages.com\/pt-pt\/wp-json\/wp\/v2\/product_cat?post=17176"},{"taxonomy":"product_tag","embeddable":true,"href":"https:\/\/www.csj-emballages.com\/pt-pt\/wp-json\/wp\/v2\/product_tag?post=17176"}],"curies":[{"name":"wp","href":"https:\/\/api.w.org\/{rel}","templated":true}]}}