{"id":17171,"date":"2024-03-01T17:00:20","date_gmt":"2024-03-01T16:00:20","guid":{"rendered":"https:\/\/u15jnbdpoq.preview.infomaniak.website\/produit\/pastilhas-de-lixivia-500g\/"},"modified":"2026-03-27T02:10:16","modified_gmt":"2026-03-27T01:10:16","slug":"pastilhas-de-lixivia-500g","status":"publish","type":"product","link":"https:\/\/www.csj-emballages.com\/pt-pt\/produit\/pastilhas-de-lixivia-500g\/","title":{"rendered":"Pastilhas de lix\u00edvia 500 gr"},"content":{"rendered":"<h2 class=\"p1 ai-optimize-44\">Pastilhas de lix\u00edvia<\/h2>\n<hr>\n<h3 class=\"ai-optimize-34\">Descri\u00e7\u00e3o das nossas pastilhas de lix\u00edvia 500 gr<\/h3>\n<p><!--more--><\/p>\n<p class=\"ai-optimize-39 ai-optimize-introduction\" data-start=\"234\" data-end=\"526\"><strong>As pastilhas de lix\u00edvia em frascos de 500 g<\/strong> s\u00e3o essenciais para a manuten\u00e7\u00e3o quotidiana das superf\u00edcies, nomeadamente em ambientes profissionais como restaurantes, autarquias e estabelecimentos de sa\u00fade, mas tamb\u00e9m para uma utiliza\u00e7\u00e3o dom\u00e9stica exigente.<\/p>\n<p class=\"ai-optimize-40\" data-start=\"528\" data-end=\"840\">F\u00e1ceis de manusear, as pastilhas <strong>de lix\u00edvia<\/strong> permitem-lhe dosear com precis\u00e3o a quantidade de <strong>lix\u00edvia<\/strong> necess\u00e1ria para desinfetar, descalcificar, branquear ou desodorizar. Basta dissolver as <strong>pastilhas<\/strong> em \u00e1gua fria para obter uma solu\u00e7\u00e3o pronta a utilizar, sem desperd\u00edcios nem salpicos. <\/p>\n<p class=\"ai-optimize-41\" data-start=\"842\" data-end=\"1181\">Altamente concentrados, libertam rapidamente <strong>o cloro<\/strong> ativo ap\u00f3s a sua dissolu\u00e7\u00e3o, garantindo uma poderosa a\u00e7\u00e3o desinfetante contra v\u00edrus, bact\u00e9rias, fungos e odores desagrad\u00e1veis. S\u00e3o particularmente eficazes na limpeza de casas de banho, pavimentos em mosaico, cozinhas, caixotes do lixo, bancadas n\u00e3o alimentares, etc. <\/p>\n<p class=\"ai-optimize-42\" data-start=\"1183\" data-end=\"1451\">Da mesma forma, o formato de <strong>frasco resel\u00e1vel<\/strong> <strong>de 500 g<\/strong> \u00e9 pr\u00e1tico de armazenar e utilizar: protege os comprimidos da humidade e assegura uma conserva\u00e7\u00e3o \u00f3ptima do produto. Um aliado fi\u00e1vel para manter um elevado n\u00edvel de higiene, simplificando as rotinas de limpeza. <\/p>\n<p class=\"ai-optimize-43\" data-start=\"1453\" data-end=\"1659\">Em suma, s\u00e3o ideais para quem procura uma solu\u00e7\u00e3o <strong data-start=\"1512\" data-end=\"1524\">eficaz<\/strong>, <strong data-start=\"1526\" data-end=\"1540\">econ\u00f3mica<\/strong> e <strong data-start=\"1544\" data-end=\"1559\">vers\u00e1til<\/strong>, quer se trate de um profissional de limpeza ou de um particular preocupado com a limpeza.<\/p>\n<p data-start=\"1453\" data-end=\"1659\">\n<p><!--more--><\/p>\n<h4 class=\"ai-optimize-37\"><strong>Vantagens:<\/strong><\/h4>\n<ul>\n<li class=\"ai-optimize-38\">Dosagem exacta: sem desperd\u00edcio.<\/li>\n<li class=\"ai-optimize-39\">Desinfe\u00e7\u00e3o r\u00e1pida e eficaz.<\/li>\n<li class=\"ai-optimize-40\"><strong>Polivalente<\/strong>: pavimentos, instala\u00e7\u00f5es sanit\u00e1rias, caixotes do lixo, etc.<\/li>\n<li class=\"ai-optimize-42\">Formato compacto, que pode ser fechado novamente.<\/li>\n<li class=\"ai-optimize-46\">Econ\u00f3mico e duradouro.<\/li>\n<\/ul>\n<p>&nbsp;<\/p>\n<p><!--more--><\/p>\n<h4 class=\"ai-optimize-44\">Outras informa\u00e7\u00f5es :<\/h4>\n<ul>\n<li class=\"ai-optimize-45\"><strong>Embalagem<\/strong>: Frasco de 500g<\/li>\n<li class=\"ai-optimize-47\"><strong>Utiliza\u00e7\u00e3o<\/strong>: Pastilha de lix\u00edvia<\/li>\n<li class=\"ai-optimize-47\">1 pastilha + 55 ml de \u00e1gua = 2,6% de lix\u00edvia<\/li>\n<\/ul>\n<p>&nbsp;<\/p>\n<p><!--more--><\/p>\n<p class=\"ai-optimize-34\">Encontre aqui a nossa lix\u00edvia l\u00edquida 9,6% 5 : <span style=\"color: #d12727;\"><a style=\"color: #d12727;\" href=\"https:\/\/www.csj-emballages.com\/es\/produit\/lejia-liquida-96-5l\/\">00765<\/a><\/span><\/p>\n<p class=\"ai-optimize-52\">Ou a nossa lix\u00edvia l\u00edquida a 2,6% 5L: <span style=\"color: #d12727;\"><a style=\"color: #d12727;\" href=\"https:\/\/www.csj-emballages.com\/es\/produit\/lejia-liquida-26-5l\/\"><span style=\"color: #d12727;\">00785<\/span><\/a><\/span><\/p>\n<p>&nbsp;<\/p>\n<p><!--more--><\/p>\n<p class=\"ai-optimize-41\"><a href=\"https:\/\/www.csj-emballages.com\/pt-pt\/categorie-produit\/higiene-e-manutencao\/produtos-de-limpeza\/bleach-e-outros\/\">Ver o resto da nossa gama de lix\u00edvias<\/a><\/p>\n","protected":false},"excerpt":{"rendered":"<p>Pastilhas de lix\u00edvia Descri\u00e7\u00e3o das nossas pastilhas de lix\u00edvia 500 gr<\/p>\n","protected":false},"featured_media":236084,"template":"","meta":{"_acf_changed":false},"product_brand":[],"product_cat":[1222,1223,1358],"product_tag":[],"class_list":{"0":"post-17171","1":"product","2":"type-product","3":"status-publish","4":"has-post-thumbnail","6":"product_cat-higiene-e-manutencao","7":"product_cat-produtos-de-limpeza","8":"product_cat-bleach-e-outros","10":"first","11":"instock","12":"taxable","13":"shipping-taxable","14":"purchasable","15":"product-type-simple"},"acf":[],"yoast_head":"<!-- This site is optimized with the Yoast SEO Premium plugin v26.6 (Yoast SEO v26.6) - https:\/\/yoast.com\/wordpress\/plugins\/seo\/ -->\n<title>Pastilhas de lix\u00edvia 500 gr<\/title>\n<meta name=\"description\" content=\"Pastilhas de lix\u00edvia ultra-eficazes de 500 g para desinfetar, branquear e desodorizar. Ideal para pavimentos e superf\u00edcies. F\u00e1cil de dosear, potente de utilizar.\" \/>\n<meta name=\"robots\" content=\"index, follow, max-snippet:-1, max-image-preview:large, max-video-preview:-1\" \/>\n<link rel=\"canonical\" href=\"https:\/\/www.csj-emballages.com\/pt-pt\/produit\/pastilhas-de-lixivia-500g\/\" \/>\n<meta property=\"og:locale\" content=\"pt_PT\" \/>\n<meta property=\"og:type\" content=\"article\" \/>\n<meta property=\"og:title\" content=\"Pastilhas de lix\u00edvia 500 gr\" \/>\n<meta property=\"og:description\" content=\"Pastilhas de lix\u00edvia ultra-eficazes de 500 g para desinfetar, branquear e desodorizar. Ideal para pavimentos e superf\u00edcies. F\u00e1cil de dosear, potente de utilizar.\" \/>\n<meta property=\"og:url\" content=\"https:\/\/www.csj-emballages.com\/pt-pt\/produit\/pastilhas-de-lixivia-500g\/\" \/>\n<meta property=\"og:site_name\" content=\"CSJ Emballages\" \/>\n<meta property=\"article:publisher\" content=\"https:\/\/www.facebook.com\/csjemballages\" \/>\n<meta property=\"article:modified_time\" content=\"2026-03-27T01:10:16+00:00\" \/>\n<meta property=\"og:image\" content=\"https:\/\/www.csj-emballages.com\/wp-content\/uploads\/2024\/03\/0079500.webp\" \/>\n\t<meta property=\"og:image:width\" content=\"800\" \/>\n\t<meta property=\"og:image:height\" content=\"800\" \/>\n\t<meta property=\"og:image:type\" content=\"image\/webp\" \/>\n<meta name=\"twitter:card\" content=\"summary_large_image\" \/>\n<meta name=\"twitter:label1\" content=\"Tempo estimado de leitura\" \/>\n\t<meta name=\"twitter:data1\" content=\"2 minutos\" \/>\n<script type=\"application\/ld+json\" class=\"yoast-schema-graph\">{\"@context\":\"https:\/\/schema.org\",\"@graph\":[{\"@type\":\"WebPage\",\"@id\":\"https:\/\/www.csj-emballages.com\/pt-pt\/produit\/pastilhas-de-lixivia-500g\/\",\"url\":\"https:\/\/www.csj-emballages.com\/pt-pt\/produit\/pastilhas-de-lixivia-500g\/\",\"name\":\"Pastilhas de lix\u00edvia 500 gr\",\"isPartOf\":{\"@id\":\"https:\/\/www.csj-emballages.com\/pt-pt\/#website\"},\"primaryImageOfPage\":{\"@id\":\"https:\/\/www.csj-emballages.com\/pt-pt\/produit\/pastilhas-de-lixivia-500g\/#primaryimage\"},\"image\":{\"@id\":\"https:\/\/www.csj-emballages.com\/pt-pt\/produit\/pastilhas-de-lixivia-500g\/#primaryimage\"},\"thumbnailUrl\":\"https:\/\/www.csj-emballages.com\/wp-content\/uploads\/2024\/03\/0079500.webp\",\"datePublished\":\"2024-03-01T16:00:20+00:00\",\"dateModified\":\"2026-03-27T01:10:16+00:00\",\"description\":\"Pastilhas de lix\u00edvia ultra-eficazes de 500 g para desinfetar, branquear e desodorizar. Ideal para pavimentos e superf\u00edcies. F\u00e1cil de dosear, potente de utilizar.\",\"breadcrumb\":{\"@id\":\"https:\/\/www.csj-emballages.com\/pt-pt\/produit\/pastilhas-de-lixivia-500g\/#breadcrumb\"},\"inLanguage\":\"pt-PT\",\"potentialAction\":[{\"@type\":\"ReadAction\",\"target\":[\"https:\/\/www.csj-emballages.com\/pt-pt\/produit\/pastilhas-de-lixivia-500g\/\"]}]},{\"@type\":\"ImageObject\",\"inLanguage\":\"pt-PT\",\"@id\":\"https:\/\/www.csj-emballages.com\/pt-pt\/produit\/pastilhas-de-lixivia-500g\/#primaryimage\",\"url\":\"https:\/\/www.csj-emballages.com\/wp-content\/uploads\/2024\/03\/0079500.webp\",\"contentUrl\":\"https:\/\/www.csj-emballages.com\/wp-content\/uploads\/2024\/03\/0079500.webp\",\"width\":800,\"height\":800,\"caption\":\"Pastilles javel\u00a0\"},{\"@type\":\"BreadcrumbList\",\"@id\":\"https:\/\/www.csj-emballages.com\/pt-pt\/produit\/pastilhas-de-lixivia-500g\/#breadcrumb\",\"itemListElement\":[{\"@type\":\"ListItem\",\"position\":1,\"name\":\"Acolhimento\",\"item\":\"https:\/\/www.csj-emballages.com\/pt-pt\/universo-das-embalagens-alimentares\/\"},{\"@type\":\"ListItem\",\"position\":2,\"name\":\"Shop\",\"item\":\"https:\/\/www.csj-emballages.com\/shop\/\"},{\"@type\":\"ListItem\",\"position\":3,\"name\":\"Pastilhas de lix\u00edvia 500 gr\"}]},{\"@type\":\"WebSite\",\"@id\":\"https:\/\/www.csj-emballages.com\/pt-pt\/#website\",\"url\":\"https:\/\/www.csj-emballages.com\/pt-pt\/\",\"name\":\"CSJ Emballages\",\"description\":\"\",\"publisher\":{\"@id\":\"https:\/\/www.csj-emballages.com\/pt-pt\/#organization\"},\"potentialAction\":[{\"@type\":\"SearchAction\",\"target\":{\"@type\":\"EntryPoint\",\"urlTemplate\":\"https:\/\/www.csj-emballages.com\/pt-pt\/?s={search_term_string}\"},\"query-input\":{\"@type\":\"PropertyValueSpecification\",\"valueRequired\":true,\"valueName\":\"search_term_string\"}}],\"inLanguage\":\"pt-PT\"},{\"@type\":\"Organization\",\"@id\":\"https:\/\/www.csj-emballages.com\/pt-pt\/#Organization\/\",\"name\":\"CSJ Emballages\",\"url\":\"https:\/\/www.csj-emballages.com\/pt-pt\/\",\"logo\":{\"@type\":\"ImageObject\",\"inLanguage\":\"pt-PT\",\"@id\":\"https:\/\/www.csj-emballages.com\/pt-pt\/#\/schema\/logo\/image\/\",\"url\":\"https:\/\/www.csj-emballages.com\/wp-content\/uploads\/2023\/10\/logo_csj.webp\",\"contentUrl\":\"https:\/\/www.csj-emballages.com\/wp-content\/uploads\/2023\/10\/logo_csj.webp\",\"width\":250,\"height\":95,\"caption\":\"CSJ Emballages\"},\"image\":{\"@id\":\"https:\/\/www.csj-emballages.com\/pt-pt\/#\/schema\/logo\/image\/\"},\"sameAs\":[\"https:\/\/www.facebook.com\/csjemballages\"],\"address\":{\"@type\":\"PostalAddress\",\"streetAddress\":\"ZI La Lechere\",\"addressLocality\":\"Patornay\",\"postalCode\":\"39130\",\"addressCountry\":\"FR\"},\"contactPoint\":[{\"@type\":\"ContactPoint\",\"contactType\":\"Service client\",\"telephone\":\"0384254272\",\"email\":\"contact@csj-emballages.com\"}]}]}<\/script>\n<!-- \/ Yoast SEO Premium plugin. -->","yoast_head_json":{"title":"Pastilhas de lix\u00edvia 500 gr","description":"Pastilhas de lix\u00edvia ultra-eficazes de 500 g para desinfetar, branquear e desodorizar. Ideal para pavimentos e superf\u00edcies. F\u00e1cil de dosear, potente de utilizar.","robots":{"index":"index","follow":"follow","max-snippet":"max-snippet:-1","max-image-preview":"max-image-preview:large","max-video-preview":"max-video-preview:-1"},"canonical":"https:\/\/www.csj-emballages.com\/pt-pt\/produit\/pastilhas-de-lixivia-500g\/","og_locale":"pt_PT","og_type":"article","og_title":"Pastilhas de lix\u00edvia 500 gr","og_description":"Pastilhas de lix\u00edvia ultra-eficazes de 500 g para desinfetar, branquear e desodorizar. Ideal para pavimentos e superf\u00edcies. F\u00e1cil de dosear, potente de utilizar.","og_url":"https:\/\/www.csj-emballages.com\/pt-pt\/produit\/pastilhas-de-lixivia-500g\/","og_site_name":"CSJ Emballages","article_publisher":"https:\/\/www.facebook.com\/csjemballages","article_modified_time":"2026-03-27T01:10:16+00:00","og_image":[{"width":800,"height":800,"url":"https:\/\/www.csj-emballages.com\/wp-content\/uploads\/2024\/03\/0079500.webp","type":"image\/webp"}],"twitter_card":"summary_large_image","twitter_misc":{"Tempo estimado de leitura":"2 minutos"},"schema":{"@context":"https:\/\/schema.org","@graph":[{"@type":"WebPage","@id":"https:\/\/www.csj-emballages.com\/pt-pt\/produit\/pastilhas-de-lixivia-500g\/","url":"https:\/\/www.csj-emballages.com\/pt-pt\/produit\/pastilhas-de-lixivia-500g\/","name":"Pastilhas de lix\u00edvia 500 gr","isPartOf":{"@id":"https:\/\/www.csj-emballages.com\/pt-pt\/#website"},"primaryImageOfPage":{"@id":"https:\/\/www.csj-emballages.com\/pt-pt\/produit\/pastilhas-de-lixivia-500g\/#primaryimage"},"image":{"@id":"https:\/\/www.csj-emballages.com\/pt-pt\/produit\/pastilhas-de-lixivia-500g\/#primaryimage"},"thumbnailUrl":"https:\/\/www.csj-emballages.com\/wp-content\/uploads\/2024\/03\/0079500.webp","datePublished":"2024-03-01T16:00:20+00:00","dateModified":"2026-03-27T01:10:16+00:00","description":"Pastilhas de lix\u00edvia ultra-eficazes de 500 g para desinfetar, branquear e desodorizar. Ideal para pavimentos e superf\u00edcies. F\u00e1cil de dosear, potente de utilizar.","breadcrumb":{"@id":"https:\/\/www.csj-emballages.com\/pt-pt\/produit\/pastilhas-de-lixivia-500g\/#breadcrumb"},"inLanguage":"pt-PT","potentialAction":[{"@type":"ReadAction","target":["https:\/\/www.csj-emballages.com\/pt-pt\/produit\/pastilhas-de-lixivia-500g\/"]}]},{"@type":"ImageObject","inLanguage":"pt-PT","@id":"https:\/\/www.csj-emballages.com\/pt-pt\/produit\/pastilhas-de-lixivia-500g\/#primaryimage","url":"https:\/\/www.csj-emballages.com\/wp-content\/uploads\/2024\/03\/0079500.webp","contentUrl":"https:\/\/www.csj-emballages.com\/wp-content\/uploads\/2024\/03\/0079500.webp","width":800,"height":800,"caption":"Pastilles javel\u00a0"},{"@type":"BreadcrumbList","@id":"https:\/\/www.csj-emballages.com\/pt-pt\/produit\/pastilhas-de-lixivia-500g\/#breadcrumb","itemListElement":[{"@type":"ListItem","position":1,"name":"Acolhimento","item":"https:\/\/www.csj-emballages.com\/pt-pt\/universo-das-embalagens-alimentares\/"},{"@type":"ListItem","position":2,"name":"Shop","item":"https:\/\/www.csj-emballages.com\/shop\/"},{"@type":"ListItem","position":3,"name":"Pastilhas de lix\u00edvia 500 gr"}]},{"@type":"WebSite","@id":"https:\/\/www.csj-emballages.com\/pt-pt\/#website","url":"https:\/\/www.csj-emballages.com\/pt-pt\/","name":"CSJ Emballages","description":"","publisher":{"@id":"https:\/\/www.csj-emballages.com\/pt-pt\/#organization"},"potentialAction":[{"@type":"SearchAction","target":{"@type":"EntryPoint","urlTemplate":"https:\/\/www.csj-emballages.com\/pt-pt\/?s={search_term_string}"},"query-input":{"@type":"PropertyValueSpecification","valueRequired":true,"valueName":"search_term_string"}}],"inLanguage":"pt-PT"},{"@type":"Organization","@id":"https:\/\/www.csj-emballages.com\/pt-pt\/#Organization\/","name":"CSJ Emballages","url":"https:\/\/www.csj-emballages.com\/pt-pt\/","logo":{"@type":"ImageObject","inLanguage":"pt-PT","@id":"https:\/\/www.csj-emballages.com\/pt-pt\/#\/schema\/logo\/image\/","url":"https:\/\/www.csj-emballages.com\/wp-content\/uploads\/2023\/10\/logo_csj.webp","contentUrl":"https:\/\/www.csj-emballages.com\/wp-content\/uploads\/2023\/10\/logo_csj.webp","width":250,"height":95,"caption":"CSJ Emballages"},"image":{"@id":"https:\/\/www.csj-emballages.com\/pt-pt\/#\/schema\/logo\/image\/"},"sameAs":["https:\/\/www.facebook.com\/csjemballages"],"address":{"@type":"PostalAddress","streetAddress":"ZI La Lechere","addressLocality":"Patornay","postalCode":"39130","addressCountry":"FR"},"contactPoint":[{"@type":"ContactPoint","contactType":"Service client","telephone":"0384254272","email":"contact@csj-emballages.com"}]}]}},"df_price":6.68,"df_sale_price":"","df_regular_price":6.68,"df_image_link":"https:\/\/www.csj-emballages.com\/wp-content\/uploads\/2024\/03\/0079500-300x300.webp","tiered_pricing_type":"fixed","tiered_pricing_fixed_rules":[],"tiered_pricing_percentage_rules":[],"tiered_pricing_minimum":1,"tiered_pricing_roles_data":[],"_links":{"self":[{"href":"https:\/\/www.csj-emballages.com\/pt-pt\/wp-json\/wp\/v2\/product\/17171","targetHints":{"allow":["GET"]}}],"collection":[{"href":"https:\/\/www.csj-emballages.com\/pt-pt\/wp-json\/wp\/v2\/product"}],"about":[{"href":"https:\/\/www.csj-emballages.com\/pt-pt\/wp-json\/wp\/v2\/types\/product"}],"wp:featuredmedia":[{"embeddable":true,"href":"https:\/\/www.csj-emballages.com\/pt-pt\/wp-json\/wp\/v2\/media\/236084"}],"wp:attachment":[{"href":"https:\/\/www.csj-emballages.com\/pt-pt\/wp-json\/wp\/v2\/media?parent=17171"}],"wp:term":[{"taxonomy":"product_brand","embeddable":true,"href":"https:\/\/www.csj-emballages.com\/pt-pt\/wp-json\/wp\/v2\/product_brand?post=17171"},{"taxonomy":"product_cat","embeddable":true,"href":"https:\/\/www.csj-emballages.com\/pt-pt\/wp-json\/wp\/v2\/product_cat?post=17171"},{"taxonomy":"product_tag","embeddable":true,"href":"https:\/\/www.csj-emballages.com\/pt-pt\/wp-json\/wp\/v2\/product_tag?post=17171"}],"curies":[{"name":"wp","href":"https:\/\/api.w.org\/{rel}","templated":true}]}}