{"id":17165,"date":"2024-03-01T17:00:20","date_gmt":"2024-03-01T16:00:20","guid":{"rendered":"https:\/\/u15jnbdpoq.preview.infomaniak.website\/produit\/super-activ-pastilhas-desinfectantes-para-maquinas-de-lavar-roupa-3125-kg\/"},"modified":"2026-04-03T02:10:17","modified_gmt":"2026-04-03T00:10:17","slug":"super-activ-pastilhas-desinfectantes-para-maquinas-de-lavar-roupa-3125-kg","status":"publish","type":"product","link":"https:\/\/www.csj-emballages.com\/pt-pt\/produit\/super-activ-pastilhas-desinfectantes-para-maquinas-de-lavar-roupa-3125-kg\/","title":{"rendered":"Pastilha desinfetante para m\u00e1quinas de lavar roupa &#8220;Super ACTIV&#8221; 3,125 kg"},"content":{"rendered":"<h2>Pastilhas de detergente desinfetante<\/h2>\n<hr>\n<h3>Descri\u00e7\u00e3o do nosso detergente desinfetante em pastilhas para m\u00e1quinas de lavar roupa &#8220;Super ACTIV&#8221; 3,125 kg<\/h3>\n<p><!--more--><\/p>\n<p data-start=\"326\" data-end=\"708\"><strong>As pastilhas desinfectantes SUPER ACTIV&#8217; TABS +<\/strong> foram concebidas para uma limpeza de alto desempenho da <strong>roupa<\/strong>, seja em casa, num ambiente m\u00e9dico ou num ambiente profissional exigente. Embalada num formato econ\u00f3mico <strong>de 3,125 kg<\/strong>, esta solu\u00e7\u00e3o combina poder de lavagem, a\u00e7\u00e3o desinfetante e efic\u00e1cia na remo\u00e7\u00e3o de n\u00f3doas num \u00fanico passo. <\/p>\n<p data-start=\"710\" data-end=\"1246\">Cada <strong>pastilha<\/strong> \u00e9 altamente concentrada para garantir uma efic\u00e1cia m\u00e1xima a partir de <strong>30\u00b0C<\/strong>, respeitando todos os tipos de t\u00eaxteis (sint\u00e9ticos, algod\u00e3o, tecidos delicados). A sua f\u00f3rmula avan\u00e7ada inclui um ativador de branqueamento e branqueadores \u00f3pticos, que restauram a luminosidade da roupa branca, lavagem ap\u00f3s lavagem. Al\u00e9m disso, <strong>as pastilhas<\/strong> t\u00eam uma a\u00e7\u00e3o <strong>desinfetante<\/strong> completa, ideal para eliminar as bact\u00e9rias e os odores desagrad\u00e1veis da roupa, dos len\u00e7\u00f3is, da roupa de casa e da roupa de trabalho.  <\/p>\n<p data-start=\"1248\" data-end=\"1443\">Em suma, quer se trate de um particular ou de um profissional, estas <strong>pastilhas desinfectantes<\/strong> simplificar\u00e3o o seu quotidiano.<\/p>\n<p data-start=\"1248\" data-end=\"1443\"><!--more--><\/p>\n<h4 data-start=\"1248\" data-end=\"1443\">Vantagens :<\/h4>\n<ul>\n<li><strong>Comprimidos<\/strong> <strong data-start=\"1492\" data-end=\"1513\">altamente concentrados<\/strong>: eficazes mesmo a baixas temperaturas.<\/li>\n<li>A\u00e7\u00e3o desinfetante incorporada, sem necessidade de produtos adicionais.<\/li>\n<li>Tira-n\u00f3doas refor\u00e7ado e ativador de brancura.<\/li>\n<li>Adequado para todos os tipos de fibras e temperaturas de lavagem.<\/li>\n<\/ul>\n<p>&nbsp;<\/p>\n<p><!--more--><\/p>\n<h4>Outras informa\u00e7\u00f5es :<\/h4>\n<ul>\n<li><strong>Embalagem<\/strong>: balde de 3,125 kg<\/li>\n<li><strong>Utiliza\u00e7\u00e3o<\/strong>: Pastilhas de detergente<\/li>\n<li><strong>Aspeto<\/strong>: 25 g de comprimido redondo de duas camadas em flow-pack<\/li>\n<li><strong>Cor<\/strong>: Branco \/ azul<\/li>\n<li><strong>Bactericida<\/strong>: Sim<\/li>\n<li><strong>Fungicida<\/strong>: Sim<\/li>\n<li><strong>Odor<\/strong>: Floral<\/li>\n<\/ul>\n<p>&nbsp;<\/p>\n<p><!--more--><\/p>\n<p>Descubra tamb\u00e9m o nosso detergente em p\u00f3 profissional super-ativo de 20 kg: <span style=\"color: #d12727\"><a style=\"color: #d12727\" href=\"https:\/\/www.csj-emballages.com\/pt-pt\/produit\/po-de-lavagem-profissional-super-ativo-20kg\/\">0107<\/a><\/span><\/p>\n<p>&nbsp;<\/p>\n<p><!--more--><\/p>\n<p><a href=\"https:\/\/www.csj-emballages.com\/pt-pt\/categorie-produit\/higiene-e-manutencao\/produtos-de-limpeza\/linho\/\">Ver o resto da nossa gama de produtos de tratamento de roupa  <\/a><\/p>\n","protected":false},"excerpt":{"rendered":"<p>Pastilhas de detergente desinfetante Descri\u00e7\u00e3o do nosso detergente desinfetante em pastilhas para m\u00e1quinas de lavar roupa &#8220;Super ACTIV&#8221; 3,125 kg<\/p>\n","protected":false},"featured_media":239221,"template":"","meta":{"_acf_changed":false},"product_brand":[],"product_cat":[1222,1223,1337],"product_tag":[],"class_list":{"0":"post-17165","1":"product","2":"type-product","3":"status-publish","4":"has-post-thumbnail","6":"product_cat-higiene-e-manutencao","7":"product_cat-produtos-de-limpeza","8":"product_cat-linho","10":"first","11":"instock","12":"taxable","13":"shipping-taxable","14":"purchasable","15":"product-type-simple"},"acf":[],"yoast_head":"<!-- This site is optimized with the Yoast SEO Premium plugin v26.6 (Yoast SEO v26.6) - https:\/\/yoast.com\/wordpress\/plugins\/seo\/ -->\n<title>Pastilha desinfetante para m\u00e1quinas de lavar roupa &quot;Super ACTIV&quot; 3,125 kg<\/title>\n<meta name=\"description\" content=\"Pastilhas desinfectantes Super ACTIV&#039; TABS+ 3,125 kg: eficaz a partir de 30\u00b0C, tira-n\u00f3doas refor\u00e7ado, brancura brilhante e higiene \u00f3ptima.\" \/>\n<meta name=\"robots\" content=\"index, follow, max-snippet:-1, max-image-preview:large, max-video-preview:-1\" \/>\n<link rel=\"canonical\" href=\"https:\/\/www.csj-emballages.com\/pt-pt\/produit\/super-activ-pastilhas-desinfectantes-para-maquinas-de-lavar-roupa-3125-kg\/\" \/>\n<meta property=\"og:locale\" content=\"pt_PT\" \/>\n<meta property=\"og:type\" content=\"article\" \/>\n<meta property=\"og:title\" content=\"Pastilha desinfetante para m\u00e1quinas de lavar roupa &quot;Super ACTIV&quot; 3,125 kg\" \/>\n<meta property=\"og:description\" content=\"Pastilhas desinfectantes Super ACTIV&#039; TABS+ 3,125 kg: eficaz a partir de 30\u00b0C, tira-n\u00f3doas refor\u00e7ado, brancura brilhante e higiene \u00f3ptima.\" \/>\n<meta property=\"og:url\" content=\"https:\/\/www.csj-emballages.com\/pt-pt\/produit\/super-activ-pastilhas-desinfectantes-para-maquinas-de-lavar-roupa-3125-kg\/\" \/>\n<meta property=\"og:site_name\" content=\"CSJ Emballages\" \/>\n<meta property=\"article:publisher\" content=\"https:\/\/www.facebook.com\/csjemballages\" \/>\n<meta property=\"article:modified_time\" content=\"2026-04-03T00:10:17+00:00\" \/>\n<meta property=\"og:image\" content=\"https:\/\/www.csj-emballages.com\/wp-content\/uploads\/2024\/03\/01025.webp\" \/>\n\t<meta property=\"og:image:width\" content=\"800\" \/>\n\t<meta property=\"og:image:height\" content=\"799\" \/>\n\t<meta property=\"og:image:type\" content=\"image\/webp\" \/>\n<meta name=\"twitter:card\" content=\"summary_large_image\" \/>\n<meta name=\"twitter:label1\" content=\"Tempo estimado de leitura\" \/>\n\t<meta name=\"twitter:data1\" content=\"1 minuto\" \/>\n<script type=\"application\/ld+json\" class=\"yoast-schema-graph\">{\"@context\":\"https:\/\/schema.org\",\"@graph\":[{\"@type\":\"WebPage\",\"@id\":\"https:\/\/www.csj-emballages.com\/pt-pt\/produit\/super-activ-pastilhas-desinfectantes-para-maquinas-de-lavar-roupa-3125-kg\/\",\"url\":\"https:\/\/www.csj-emballages.com\/pt-pt\/produit\/super-activ-pastilhas-desinfectantes-para-maquinas-de-lavar-roupa-3125-kg\/\",\"name\":\"Pastilha desinfetante para m\u00e1quinas de lavar roupa \\\"Super ACTIV\\\" 3,125 kg\",\"isPartOf\":{\"@id\":\"https:\/\/www.csj-emballages.com\/pt-pt\/#website\"},\"primaryImageOfPage\":{\"@id\":\"https:\/\/www.csj-emballages.com\/pt-pt\/produit\/super-activ-pastilhas-desinfectantes-para-maquinas-de-lavar-roupa-3125-kg\/#primaryimage\"},\"image\":{\"@id\":\"https:\/\/www.csj-emballages.com\/pt-pt\/produit\/super-activ-pastilhas-desinfectantes-para-maquinas-de-lavar-roupa-3125-kg\/#primaryimage\"},\"thumbnailUrl\":\"https:\/\/www.csj-emballages.com\/wp-content\/uploads\/2024\/03\/01025.webp\",\"datePublished\":\"2024-03-01T16:00:20+00:00\",\"dateModified\":\"2026-04-03T00:10:17+00:00\",\"description\":\"Pastilhas desinfectantes Super ACTIV' TABS+ 3,125 kg: eficaz a partir de 30\u00b0C, tira-n\u00f3doas refor\u00e7ado, brancura brilhante e higiene \u00f3ptima.\",\"breadcrumb\":{\"@id\":\"https:\/\/www.csj-emballages.com\/pt-pt\/produit\/super-activ-pastilhas-desinfectantes-para-maquinas-de-lavar-roupa-3125-kg\/#breadcrumb\"},\"inLanguage\":\"pt-PT\",\"potentialAction\":[{\"@type\":\"ReadAction\",\"target\":[\"https:\/\/www.csj-emballages.com\/pt-pt\/produit\/super-activ-pastilhas-desinfectantes-para-maquinas-de-lavar-roupa-3125-kg\/\"]}]},{\"@type\":\"ImageObject\",\"inLanguage\":\"pt-PT\",\"@id\":\"https:\/\/www.csj-emballages.com\/pt-pt\/produit\/super-activ-pastilhas-desinfectantes-para-maquinas-de-lavar-roupa-3125-kg\/#primaryimage\",\"url\":\"https:\/\/www.csj-emballages.com\/wp-content\/uploads\/2024\/03\/01025.webp\",\"contentUrl\":\"https:\/\/www.csj-emballages.com\/wp-content\/uploads\/2024\/03\/01025.webp\",\"width\":800,\"height\":799,\"caption\":\"Lessive pastille d\u00e9sinfectante\"},{\"@type\":\"BreadcrumbList\",\"@id\":\"https:\/\/www.csj-emballages.com\/pt-pt\/produit\/super-activ-pastilhas-desinfectantes-para-maquinas-de-lavar-roupa-3125-kg\/#breadcrumb\",\"itemListElement\":[{\"@type\":\"ListItem\",\"position\":1,\"name\":\"Acolhimento\",\"item\":\"https:\/\/www.csj-emballages.com\/pt-pt\/universo-das-embalagens-alimentares\/\"},{\"@type\":\"ListItem\",\"position\":2,\"name\":\"Shop\",\"item\":\"https:\/\/www.csj-emballages.com\/shop\/\"},{\"@type\":\"ListItem\",\"position\":3,\"name\":\"Pastilha desinfetante para m\u00e1quinas de lavar roupa \u00ab\u00a0Super ACTIV\u00a0\u00bb 3,125 kg\"}]},{\"@type\":\"WebSite\",\"@id\":\"https:\/\/www.csj-emballages.com\/pt-pt\/#website\",\"url\":\"https:\/\/www.csj-emballages.com\/pt-pt\/\",\"name\":\"CSJ Emballages\",\"description\":\"\",\"publisher\":{\"@id\":\"https:\/\/www.csj-emballages.com\/pt-pt\/#organization\"},\"potentialAction\":[{\"@type\":\"SearchAction\",\"target\":{\"@type\":\"EntryPoint\",\"urlTemplate\":\"https:\/\/www.csj-emballages.com\/pt-pt\/?s={search_term_string}\"},\"query-input\":{\"@type\":\"PropertyValueSpecification\",\"valueRequired\":true,\"valueName\":\"search_term_string\"}}],\"inLanguage\":\"pt-PT\"},{\"@type\":\"Organization\",\"@id\":\"https:\/\/www.csj-emballages.com\/pt-pt\/#Organization\/\",\"name\":\"CSJ Emballages\",\"url\":\"https:\/\/www.csj-emballages.com\/pt-pt\/\",\"logo\":{\"@type\":\"ImageObject\",\"inLanguage\":\"pt-PT\",\"@id\":\"https:\/\/www.csj-emballages.com\/pt-pt\/#\/schema\/logo\/image\/\",\"url\":\"https:\/\/www.csj-emballages.com\/wp-content\/uploads\/2023\/10\/logo_csj.webp\",\"contentUrl\":\"https:\/\/www.csj-emballages.com\/wp-content\/uploads\/2023\/10\/logo_csj.webp\",\"width\":250,\"height\":95,\"caption\":\"CSJ Emballages\"},\"image\":{\"@id\":\"https:\/\/www.csj-emballages.com\/pt-pt\/#\/schema\/logo\/image\/\"},\"sameAs\":[\"https:\/\/www.facebook.com\/csjemballages\"],\"address\":{\"@type\":\"PostalAddress\",\"streetAddress\":\"ZI La Lechere\",\"addressLocality\":\"Patornay\",\"postalCode\":\"39130\",\"addressCountry\":\"FR\"},\"contactPoint\":[{\"@type\":\"ContactPoint\",\"contactType\":\"Service client\",\"telephone\":\"0384254272\",\"email\":\"contact@csj-emballages.com\"}]}]}<\/script>\n<!-- \/ Yoast SEO Premium plugin. -->","yoast_head_json":{"title":"Pastilha desinfetante para m\u00e1quinas de lavar roupa \"Super ACTIV\" 3,125 kg","description":"Pastilhas desinfectantes Super ACTIV' TABS+ 3,125 kg: eficaz a partir de 30\u00b0C, tira-n\u00f3doas refor\u00e7ado, brancura brilhante e higiene \u00f3ptima.","robots":{"index":"index","follow":"follow","max-snippet":"max-snippet:-1","max-image-preview":"max-image-preview:large","max-video-preview":"max-video-preview:-1"},"canonical":"https:\/\/www.csj-emballages.com\/pt-pt\/produit\/super-activ-pastilhas-desinfectantes-para-maquinas-de-lavar-roupa-3125-kg\/","og_locale":"pt_PT","og_type":"article","og_title":"Pastilha desinfetante para m\u00e1quinas de lavar roupa \"Super ACTIV\" 3,125 kg","og_description":"Pastilhas desinfectantes Super ACTIV' TABS+ 3,125 kg: eficaz a partir de 30\u00b0C, tira-n\u00f3doas refor\u00e7ado, brancura brilhante e higiene \u00f3ptima.","og_url":"https:\/\/www.csj-emballages.com\/pt-pt\/produit\/super-activ-pastilhas-desinfectantes-para-maquinas-de-lavar-roupa-3125-kg\/","og_site_name":"CSJ Emballages","article_publisher":"https:\/\/www.facebook.com\/csjemballages","article_modified_time":"2026-04-03T00:10:17+00:00","og_image":[{"width":800,"height":799,"url":"https:\/\/www.csj-emballages.com\/wp-content\/uploads\/2024\/03\/01025.webp","type":"image\/webp"}],"twitter_card":"summary_large_image","twitter_misc":{"Tempo estimado de leitura":"1 minuto"},"schema":{"@context":"https:\/\/schema.org","@graph":[{"@type":"WebPage","@id":"https:\/\/www.csj-emballages.com\/pt-pt\/produit\/super-activ-pastilhas-desinfectantes-para-maquinas-de-lavar-roupa-3125-kg\/","url":"https:\/\/www.csj-emballages.com\/pt-pt\/produit\/super-activ-pastilhas-desinfectantes-para-maquinas-de-lavar-roupa-3125-kg\/","name":"Pastilha desinfetante para m\u00e1quinas de lavar roupa \"Super ACTIV\" 3,125 kg","isPartOf":{"@id":"https:\/\/www.csj-emballages.com\/pt-pt\/#website"},"primaryImageOfPage":{"@id":"https:\/\/www.csj-emballages.com\/pt-pt\/produit\/super-activ-pastilhas-desinfectantes-para-maquinas-de-lavar-roupa-3125-kg\/#primaryimage"},"image":{"@id":"https:\/\/www.csj-emballages.com\/pt-pt\/produit\/super-activ-pastilhas-desinfectantes-para-maquinas-de-lavar-roupa-3125-kg\/#primaryimage"},"thumbnailUrl":"https:\/\/www.csj-emballages.com\/wp-content\/uploads\/2024\/03\/01025.webp","datePublished":"2024-03-01T16:00:20+00:00","dateModified":"2026-04-03T00:10:17+00:00","description":"Pastilhas desinfectantes Super ACTIV' TABS+ 3,125 kg: eficaz a partir de 30\u00b0C, tira-n\u00f3doas refor\u00e7ado, brancura brilhante e higiene \u00f3ptima.","breadcrumb":{"@id":"https:\/\/www.csj-emballages.com\/pt-pt\/produit\/super-activ-pastilhas-desinfectantes-para-maquinas-de-lavar-roupa-3125-kg\/#breadcrumb"},"inLanguage":"pt-PT","potentialAction":[{"@type":"ReadAction","target":["https:\/\/www.csj-emballages.com\/pt-pt\/produit\/super-activ-pastilhas-desinfectantes-para-maquinas-de-lavar-roupa-3125-kg\/"]}]},{"@type":"ImageObject","inLanguage":"pt-PT","@id":"https:\/\/www.csj-emballages.com\/pt-pt\/produit\/super-activ-pastilhas-desinfectantes-para-maquinas-de-lavar-roupa-3125-kg\/#primaryimage","url":"https:\/\/www.csj-emballages.com\/wp-content\/uploads\/2024\/03\/01025.webp","contentUrl":"https:\/\/www.csj-emballages.com\/wp-content\/uploads\/2024\/03\/01025.webp","width":800,"height":799,"caption":"Lessive pastille d\u00e9sinfectante"},{"@type":"BreadcrumbList","@id":"https:\/\/www.csj-emballages.com\/pt-pt\/produit\/super-activ-pastilhas-desinfectantes-para-maquinas-de-lavar-roupa-3125-kg\/#breadcrumb","itemListElement":[{"@type":"ListItem","position":1,"name":"Acolhimento","item":"https:\/\/www.csj-emballages.com\/pt-pt\/universo-das-embalagens-alimentares\/"},{"@type":"ListItem","position":2,"name":"Shop","item":"https:\/\/www.csj-emballages.com\/shop\/"},{"@type":"ListItem","position":3,"name":"Pastilha desinfetante para m\u00e1quinas de lavar roupa \u00ab\u00a0Super ACTIV\u00a0\u00bb 3,125 kg"}]},{"@type":"WebSite","@id":"https:\/\/www.csj-emballages.com\/pt-pt\/#website","url":"https:\/\/www.csj-emballages.com\/pt-pt\/","name":"CSJ Emballages","description":"","publisher":{"@id":"https:\/\/www.csj-emballages.com\/pt-pt\/#organization"},"potentialAction":[{"@type":"SearchAction","target":{"@type":"EntryPoint","urlTemplate":"https:\/\/www.csj-emballages.com\/pt-pt\/?s={search_term_string}"},"query-input":{"@type":"PropertyValueSpecification","valueRequired":true,"valueName":"search_term_string"}}],"inLanguage":"pt-PT"},{"@type":"Organization","@id":"https:\/\/www.csj-emballages.com\/pt-pt\/#Organization\/","name":"CSJ Emballages","url":"https:\/\/www.csj-emballages.com\/pt-pt\/","logo":{"@type":"ImageObject","inLanguage":"pt-PT","@id":"https:\/\/www.csj-emballages.com\/pt-pt\/#\/schema\/logo\/image\/","url":"https:\/\/www.csj-emballages.com\/wp-content\/uploads\/2023\/10\/logo_csj.webp","contentUrl":"https:\/\/www.csj-emballages.com\/wp-content\/uploads\/2023\/10\/logo_csj.webp","width":250,"height":95,"caption":"CSJ Emballages"},"image":{"@id":"https:\/\/www.csj-emballages.com\/pt-pt\/#\/schema\/logo\/image\/"},"sameAs":["https:\/\/www.facebook.com\/csjemballages"],"address":{"@type":"PostalAddress","streetAddress":"ZI La Lechere","addressLocality":"Patornay","postalCode":"39130","addressCountry":"FR"},"contactPoint":[{"@type":"ContactPoint","contactType":"Service client","telephone":"0384254272","email":"contact@csj-emballages.com"}]}]}},"df_price":46.37,"df_sale_price":"","df_regular_price":46.37,"df_image_link":"https:\/\/www.csj-emballages.com\/wp-content\/uploads\/2024\/03\/01025-300x300.webp","tiered_pricing_type":"fixed","tiered_pricing_fixed_rules":[],"tiered_pricing_percentage_rules":[],"tiered_pricing_minimum":1,"tiered_pricing_roles_data":[],"_links":{"self":[{"href":"https:\/\/www.csj-emballages.com\/pt-pt\/wp-json\/wp\/v2\/product\/17165","targetHints":{"allow":["GET"]}}],"collection":[{"href":"https:\/\/www.csj-emballages.com\/pt-pt\/wp-json\/wp\/v2\/product"}],"about":[{"href":"https:\/\/www.csj-emballages.com\/pt-pt\/wp-json\/wp\/v2\/types\/product"}],"wp:featuredmedia":[{"embeddable":true,"href":"https:\/\/www.csj-emballages.com\/pt-pt\/wp-json\/wp\/v2\/media\/239221"}],"wp:attachment":[{"href":"https:\/\/www.csj-emballages.com\/pt-pt\/wp-json\/wp\/v2\/media?parent=17165"}],"wp:term":[{"taxonomy":"product_brand","embeddable":true,"href":"https:\/\/www.csj-emballages.com\/pt-pt\/wp-json\/wp\/v2\/product_brand?post=17165"},{"taxonomy":"product_cat","embeddable":true,"href":"https:\/\/www.csj-emballages.com\/pt-pt\/wp-json\/wp\/v2\/product_cat?post=17165"},{"taxonomy":"product_tag","embeddable":true,"href":"https:\/\/www.csj-emballages.com\/pt-pt\/wp-json\/wp\/v2\/product_tag?post=17165"}],"curies":[{"name":"wp","href":"https:\/\/api.w.org\/{rel}","templated":true}]}}