{"id":17149,"date":"2024-03-01T17:00:20","date_gmt":"2024-03-01T16:00:20","guid":{"rendered":"https:\/\/u15jnbdpoq.preview.infomaniak.website\/produit\/lixivia-liquida-96-5l\/"},"modified":"2026-04-25T02:10:14","modified_gmt":"2026-04-25T00:10:14","slug":"lixivia-liquida-96-5l","status":"publish","type":"product","link":"https:\/\/www.csj-emballages.com\/pt-pt\/produit\/lixivia-liquida-96-5l\/","title":{"rendered":"Lix\u00edvia l\u00edquida 9,6% 5L"},"content":{"rendered":"<h2 class=\"p1\">Lix\u00edvia l\u00edquida<\/h2>\n<hr>\n<h3>Descri\u00e7\u00e3o da nossa lix\u00edvia l\u00edquida 9,6% 5L<\/h3>\n<p><!--more--><\/p>\n<p data-start=\"261\" data-end=\"589\">A <strong>lix\u00edvia l\u00edquida concentrada a 9,6%<\/strong> em <strong>bid\u00e3o<\/strong> de <strong>5 litros<\/strong> \u00e9 um indispens\u00e1vel em todos os ambientes onde a higiene \u00e9 uma prioridade. Seja na restaura\u00e7\u00e3o, coletividades, ind\u00fastrias ou mesmo em casa, garante uma limpeza profunda, uma desinfe\u00e7\u00e3o fi\u00e1vel e uma a\u00e7\u00e3o desodorizante eficaz. <\/p>\n<p data-start=\"591\" data-end=\"993\">Gra\u00e7as \u00e0 sua elevada concentra\u00e7\u00e3o de cloro ativo, este produto \u00e9 particularmente eficaz para eliminar v\u00edrus, bact\u00e9rias, fungos e bolores em todas as superf\u00edcies lav\u00e1veis: pavimentos, paredes, instala\u00e7\u00f5es sanit\u00e1rias, bancadas de trabalho, equipamentos de cozinha, etc. Pode tamb\u00e9m ser utilizada para branquear a <strong>roupa branca<\/strong> (desde que se respeitem as precau\u00e7\u00f5es de utiliza\u00e7\u00e3o) e tratar canaliza\u00e7\u00f5es. <\/p>\n<p data-start=\"995\" data-end=\"1236\">F\u00e1cil de manusear com o seu <strong>bid\u00e3o<\/strong> de <strong>5 L<\/strong>, pode ser utilizada pura ou dilu\u00edda conforme as necessidades. Da mesma forma, para uma utiliza\u00e7\u00e3o corrente, uma dilui\u00e7\u00e3o a <strong>2,5%<\/strong> \u00e9 suficiente para garantir uma limpeza eficaz, limitando os riscos para as superf\u00edcies sens\u00edveis. <\/p>\n<p data-start=\"1238\" data-end=\"1456\">Um aliado de confian\u00e7a para os profissionais preocupados com a higiene e a limpeza, nomeadamente em ambientes exigentes como restaurantes, cozinhas coletivas, hospitais ou estabelecimentos escolares.<\/p>\n<p><!--more--><\/p>\n<h4><strong>Vantagens:<\/strong><\/h4>\n<ul>\n<li><strong>Alta concentra\u00e7\u00e3o<\/strong>: efic\u00e1cia refor\u00e7ada a 9,6% de cloro ativo.<\/li>\n<li>Desinfeta, limpa e desodoriza numa \u00fanica passagem.<\/li>\n<li><strong>Utiliza\u00e7\u00e3o polivalente<\/strong>: superf\u00edcies, instala\u00e7\u00f5es sanit\u00e1rias, roupa, canaliza\u00e7\u00f5es.<\/li>\n<li>Formato econ\u00f3mico e pr\u00e1tico: bid\u00e3o de 5 litros.<\/li>\n<li>Adequado para utiliza\u00e7\u00e3o profissional e privada.<\/li>\n<\/ul>\n<p>&nbsp;<\/p>\n<p><!--more--><\/p>\n<h4>Outras informa\u00e7\u00f5es :<\/h4>\n<ul>\n<li><strong>Embalagem<\/strong>: Por unidade<\/li>\n<li><strong>Utiliza\u00e7\u00e3o<\/strong>: Lix\u00edvia<\/li>\n<li><strong>Volume<\/strong>: 5 litros<\/li>\n<li><b>Taxa de cloro<\/b>: 9,6%<\/li>\n<\/ul>\n<p>&nbsp;<\/p>\n<p><!--more--><\/p>\n<p>Encontre aqui a nossa lix\u00edvia l\u00edquida 2,6% 5L: <span style=\"color: #d12727;\"><a style=\"color: #d12727;\" href=\"https:\/\/www.csj-emballages.com\/es\/produit\/lejia-liquida-26-5l\/\"><span style=\"color: #d12727;\">00785<\/span><\/a><\/span><\/p>\n<p>Ou as nossas pastilhas de lix\u00edvia de 500g: <span style=\"color: #d12727;\"><a style=\"color: #d12727;\" href=\"https:\/\/www.csj-emballages.com\/es\/produit\/pastillas-de-lejia-500-g\/\">0079500<\/a><\/span><\/p>\n<p>&nbsp;<\/p>\n<p><!--more--><\/p>\n<p><a href=\"https:\/\/www.csj-emballages.com\/pt-pt\/categorie-produit\/higiene-e-manutencao\/produtos-de-limpeza\/bleach-e-outros\/\">Ver o resto da nossa gama de lix\u00edvias<\/a><\/p>\n","protected":false},"excerpt":{"rendered":"<p>Lix\u00edvia l\u00edquida Descri\u00e7\u00e3o da nossa lix\u00edvia l\u00edquida 9,6% 5L<\/p>\n","protected":false},"featured_media":275110,"template":"","meta":{"_acf_changed":false},"product_brand":[],"product_cat":[1222,1223,1358],"product_tag":[],"class_list":{"0":"post-17149","1":"product","2":"type-product","3":"status-publish","4":"has-post-thumbnail","6":"product_cat-higiene-e-manutencao","7":"product_cat-produtos-de-limpeza","8":"product_cat-bleach-e-outros","9":"product_shipping_class-nao-e-permitido-em-reles","11":"first","12":"instock","13":"taxable","14":"shipping-taxable","15":"purchasable","16":"product-type-simple"},"acf":[],"yoast_head":"<!-- This site is optimized with the Yoast SEO Premium plugin v26.6 (Yoast SEO v26.6) - https:\/\/yoast.com\/wordpress\/plugins\/seo\/ -->\n<title>Lix\u00edvia L\u00edquida 9,6% 5L<\/title>\n<meta name=\"description\" content=\"Lix\u00edvia Produto L\u00edquido concentrado a 9,6%, esta \u00c1gua de Lix\u00edvia L\u00edquida Desinfeta instala\u00e7\u00f5es, caixotes do lixo, materiais, Bid\u00e3o de 5 L.\" \/>\n<meta name=\"robots\" content=\"index, follow, max-snippet:-1, max-image-preview:large, max-video-preview:-1\" \/>\n<link rel=\"canonical\" href=\"https:\/\/www.csj-emballages.com\/pt-pt\/produit\/lixivia-liquida-96-5l\/\" \/>\n<meta property=\"og:locale\" content=\"pt_PT\" \/>\n<meta property=\"og:type\" content=\"article\" \/>\n<meta property=\"og:title\" content=\"Lix\u00edvia l\u00edquida 9,6% 5L\" \/>\n<meta property=\"og:description\" content=\"Lix\u00edvia Produto L\u00edquido concentrado a 9,6%, esta \u00c1gua de Lix\u00edvia L\u00edquida Desinfeta instala\u00e7\u00f5es, caixotes do lixo, materiais, Bid\u00e3o de 5 L.\" \/>\n<meta property=\"og:url\" content=\"https:\/\/www.csj-emballages.com\/pt-pt\/produit\/lixivia-liquida-96-5l\/\" \/>\n<meta property=\"og:site_name\" content=\"CSJ Emballages\" \/>\n<meta property=\"article:publisher\" content=\"https:\/\/www.facebook.com\/csjemballages\" \/>\n<meta property=\"article:modified_time\" content=\"2026-04-25T00:10:14+00:00\" \/>\n<meta property=\"og:image\" content=\"https:\/\/www.csj-emballages.com\/wp-content\/uploads\/2024\/03\/Javel-liquide.webp\" \/>\n\t<meta property=\"og:image:width\" content=\"800\" \/>\n\t<meta property=\"og:image:height\" content=\"800\" \/>\n\t<meta property=\"og:image:type\" content=\"image\/webp\" \/>\n<meta name=\"twitter:card\" content=\"summary_large_image\" \/>\n<meta name=\"twitter:label1\" content=\"Tempo estimado de leitura\" \/>\n\t<meta name=\"twitter:data1\" content=\"1 minuto\" \/>\n<script type=\"application\/ld+json\" class=\"yoast-schema-graph\">{\"@context\":\"https:\/\/schema.org\",\"@graph\":[{\"@type\":\"WebPage\",\"@id\":\"https:\/\/www.csj-emballages.com\/pt-pt\/produit\/lixivia-liquida-96-5l\/\",\"url\":\"https:\/\/www.csj-emballages.com\/pt-pt\/produit\/lixivia-liquida-96-5l\/\",\"name\":\"Lix\u00edvia L\u00edquida 9,6% 5L\",\"isPartOf\":{\"@id\":\"https:\/\/www.csj-emballages.com\/pt-pt\/#website\"},\"primaryImageOfPage\":{\"@id\":\"https:\/\/www.csj-emballages.com\/pt-pt\/produit\/lixivia-liquida-96-5l\/#primaryimage\"},\"image\":{\"@id\":\"https:\/\/www.csj-emballages.com\/pt-pt\/produit\/lixivia-liquida-96-5l\/#primaryimage\"},\"thumbnailUrl\":\"https:\/\/www.csj-emballages.com\/wp-content\/uploads\/2024\/03\/Javel-liquide.webp\",\"datePublished\":\"2024-03-01T16:00:20+00:00\",\"dateModified\":\"2026-04-25T00:10:14+00:00\",\"description\":\"Lix\u00edvia Produto L\u00edquido concentrado a 9,6%, esta \u00c1gua de Lix\u00edvia L\u00edquida Desinfeta instala\u00e7\u00f5es, caixotes do lixo, materiais, Bid\u00e3o de 5 L.\",\"breadcrumb\":{\"@id\":\"https:\/\/www.csj-emballages.com\/pt-pt\/produit\/lixivia-liquida-96-5l\/#breadcrumb\"},\"inLanguage\":\"pt-PT\",\"potentialAction\":[{\"@type\":\"ReadAction\",\"target\":[\"https:\/\/www.csj-emballages.com\/pt-pt\/produit\/lixivia-liquida-96-5l\/\"]}]},{\"@type\":\"ImageObject\",\"inLanguage\":\"pt-PT\",\"@id\":\"https:\/\/www.csj-emballages.com\/pt-pt\/produit\/lixivia-liquida-96-5l\/#primaryimage\",\"url\":\"https:\/\/www.csj-emballages.com\/wp-content\/uploads\/2024\/03\/Javel-liquide.webp\",\"contentUrl\":\"https:\/\/www.csj-emballages.com\/wp-content\/uploads\/2024\/03\/Javel-liquide.webp\",\"width\":800,\"height\":800,\"caption\":\"Javel liquide\"},{\"@type\":\"BreadcrumbList\",\"@id\":\"https:\/\/www.csj-emballages.com\/pt-pt\/produit\/lixivia-liquida-96-5l\/#breadcrumb\",\"itemListElement\":[{\"@type\":\"ListItem\",\"position\":1,\"name\":\"Acolhimento\",\"item\":\"https:\/\/www.csj-emballages.com\/pt-pt\/universo-das-embalagens-alimentares\/\"},{\"@type\":\"ListItem\",\"position\":2,\"name\":\"Shop\",\"item\":\"https:\/\/www.csj-emballages.com\/shop\/\"},{\"@type\":\"ListItem\",\"position\":3,\"name\":\"Lix\u00edvia l\u00edquida 9,6% 5L\"}]},{\"@type\":\"WebSite\",\"@id\":\"https:\/\/www.csj-emballages.com\/pt-pt\/#website\",\"url\":\"https:\/\/www.csj-emballages.com\/pt-pt\/\",\"name\":\"CSJ Emballages\",\"description\":\"\",\"publisher\":{\"@id\":\"https:\/\/www.csj-emballages.com\/pt-pt\/#organization\"},\"potentialAction\":[{\"@type\":\"SearchAction\",\"target\":{\"@type\":\"EntryPoint\",\"urlTemplate\":\"https:\/\/www.csj-emballages.com\/pt-pt\/?s={search_term_string}\"},\"query-input\":{\"@type\":\"PropertyValueSpecification\",\"valueRequired\":true,\"valueName\":\"search_term_string\"}}],\"inLanguage\":\"pt-PT\"},{\"@type\":\"Organization\",\"@id\":\"https:\/\/www.csj-emballages.com\/pt-pt\/#Organization\/\",\"name\":\"CSJ Emballages\",\"url\":\"https:\/\/www.csj-emballages.com\/pt-pt\/\",\"logo\":{\"@type\":\"ImageObject\",\"inLanguage\":\"pt-PT\",\"@id\":\"https:\/\/www.csj-emballages.com\/pt-pt\/#\/schema\/logo\/image\/\",\"url\":\"https:\/\/www.csj-emballages.com\/wp-content\/uploads\/2023\/10\/logo_csj.webp\",\"contentUrl\":\"https:\/\/www.csj-emballages.com\/wp-content\/uploads\/2023\/10\/logo_csj.webp\",\"width\":250,\"height\":95,\"caption\":\"CSJ Emballages\"},\"image\":{\"@id\":\"https:\/\/www.csj-emballages.com\/pt-pt\/#\/schema\/logo\/image\/\"},\"sameAs\":[\"https:\/\/www.facebook.com\/csjemballages\"],\"address\":{\"@type\":\"PostalAddress\",\"streetAddress\":\"ZI La Lechere\",\"addressLocality\":\"Patornay\",\"postalCode\":\"39130\",\"addressCountry\":\"FR\"},\"contactPoint\":[{\"@type\":\"ContactPoint\",\"contactType\":\"Service client\",\"telephone\":\"0384254272\",\"email\":\"contact@csj-emballages.com\"}]}]}<\/script>\n<!-- \/ Yoast SEO Premium plugin. -->","yoast_head_json":{"title":"Lix\u00edvia L\u00edquida 9,6% 5L","description":"Lix\u00edvia Produto L\u00edquido concentrado a 9,6%, esta \u00c1gua de Lix\u00edvia L\u00edquida Desinfeta instala\u00e7\u00f5es, caixotes do lixo, materiais, Bid\u00e3o de 5 L.","robots":{"index":"index","follow":"follow","max-snippet":"max-snippet:-1","max-image-preview":"max-image-preview:large","max-video-preview":"max-video-preview:-1"},"canonical":"https:\/\/www.csj-emballages.com\/pt-pt\/produit\/lixivia-liquida-96-5l\/","og_locale":"pt_PT","og_type":"article","og_title":"Lix\u00edvia l\u00edquida 9,6% 5L","og_description":"Lix\u00edvia Produto L\u00edquido concentrado a 9,6%, esta \u00c1gua de Lix\u00edvia L\u00edquida Desinfeta instala\u00e7\u00f5es, caixotes do lixo, materiais, Bid\u00e3o de 5 L.","og_url":"https:\/\/www.csj-emballages.com\/pt-pt\/produit\/lixivia-liquida-96-5l\/","og_site_name":"CSJ Emballages","article_publisher":"https:\/\/www.facebook.com\/csjemballages","article_modified_time":"2026-04-25T00:10:14+00:00","og_image":[{"width":800,"height":800,"url":"https:\/\/www.csj-emballages.com\/wp-content\/uploads\/2024\/03\/Javel-liquide.webp","type":"image\/webp"}],"twitter_card":"summary_large_image","twitter_misc":{"Tempo estimado de leitura":"1 minuto"},"schema":{"@context":"https:\/\/schema.org","@graph":[{"@type":"WebPage","@id":"https:\/\/www.csj-emballages.com\/pt-pt\/produit\/lixivia-liquida-96-5l\/","url":"https:\/\/www.csj-emballages.com\/pt-pt\/produit\/lixivia-liquida-96-5l\/","name":"Lix\u00edvia L\u00edquida 9,6% 5L","isPartOf":{"@id":"https:\/\/www.csj-emballages.com\/pt-pt\/#website"},"primaryImageOfPage":{"@id":"https:\/\/www.csj-emballages.com\/pt-pt\/produit\/lixivia-liquida-96-5l\/#primaryimage"},"image":{"@id":"https:\/\/www.csj-emballages.com\/pt-pt\/produit\/lixivia-liquida-96-5l\/#primaryimage"},"thumbnailUrl":"https:\/\/www.csj-emballages.com\/wp-content\/uploads\/2024\/03\/Javel-liquide.webp","datePublished":"2024-03-01T16:00:20+00:00","dateModified":"2026-04-25T00:10:14+00:00","description":"Lix\u00edvia Produto L\u00edquido concentrado a 9,6%, esta \u00c1gua de Lix\u00edvia L\u00edquida Desinfeta instala\u00e7\u00f5es, caixotes do lixo, materiais, Bid\u00e3o de 5 L.","breadcrumb":{"@id":"https:\/\/www.csj-emballages.com\/pt-pt\/produit\/lixivia-liquida-96-5l\/#breadcrumb"},"inLanguage":"pt-PT","potentialAction":[{"@type":"ReadAction","target":["https:\/\/www.csj-emballages.com\/pt-pt\/produit\/lixivia-liquida-96-5l\/"]}]},{"@type":"ImageObject","inLanguage":"pt-PT","@id":"https:\/\/www.csj-emballages.com\/pt-pt\/produit\/lixivia-liquida-96-5l\/#primaryimage","url":"https:\/\/www.csj-emballages.com\/wp-content\/uploads\/2024\/03\/Javel-liquide.webp","contentUrl":"https:\/\/www.csj-emballages.com\/wp-content\/uploads\/2024\/03\/Javel-liquide.webp","width":800,"height":800,"caption":"Javel liquide"},{"@type":"BreadcrumbList","@id":"https:\/\/www.csj-emballages.com\/pt-pt\/produit\/lixivia-liquida-96-5l\/#breadcrumb","itemListElement":[{"@type":"ListItem","position":1,"name":"Acolhimento","item":"https:\/\/www.csj-emballages.com\/pt-pt\/universo-das-embalagens-alimentares\/"},{"@type":"ListItem","position":2,"name":"Shop","item":"https:\/\/www.csj-emballages.com\/shop\/"},{"@type":"ListItem","position":3,"name":"Lix\u00edvia l\u00edquida 9,6% 5L"}]},{"@type":"WebSite","@id":"https:\/\/www.csj-emballages.com\/pt-pt\/#website","url":"https:\/\/www.csj-emballages.com\/pt-pt\/","name":"CSJ Emballages","description":"","publisher":{"@id":"https:\/\/www.csj-emballages.com\/pt-pt\/#organization"},"potentialAction":[{"@type":"SearchAction","target":{"@type":"EntryPoint","urlTemplate":"https:\/\/www.csj-emballages.com\/pt-pt\/?s={search_term_string}"},"query-input":{"@type":"PropertyValueSpecification","valueRequired":true,"valueName":"search_term_string"}}],"inLanguage":"pt-PT"},{"@type":"Organization","@id":"https:\/\/www.csj-emballages.com\/pt-pt\/#Organization\/","name":"CSJ Emballages","url":"https:\/\/www.csj-emballages.com\/pt-pt\/","logo":{"@type":"ImageObject","inLanguage":"pt-PT","@id":"https:\/\/www.csj-emballages.com\/pt-pt\/#\/schema\/logo\/image\/","url":"https:\/\/www.csj-emballages.com\/wp-content\/uploads\/2023\/10\/logo_csj.webp","contentUrl":"https:\/\/www.csj-emballages.com\/wp-content\/uploads\/2023\/10\/logo_csj.webp","width":250,"height":95,"caption":"CSJ Emballages"},"image":{"@id":"https:\/\/www.csj-emballages.com\/pt-pt\/#\/schema\/logo\/image\/"},"sameAs":["https:\/\/www.facebook.com\/csjemballages"],"address":{"@type":"PostalAddress","streetAddress":"ZI La Lechere","addressLocality":"Patornay","postalCode":"39130","addressCountry":"FR"},"contactPoint":[{"@type":"ContactPoint","contactType":"Service client","telephone":"0384254272","email":"contact@csj-emballages.com"}]}]}},"df_price":10.26,"df_sale_price":"","df_regular_price":10.26,"df_image_link":"https:\/\/www.csj-emballages.com\/wp-content\/uploads\/2024\/03\/Javel-liquide-300x300.webp","tiered_pricing_type":"fixed","tiered_pricing_fixed_rules":[],"tiered_pricing_percentage_rules":[],"tiered_pricing_minimum":1,"tiered_pricing_roles_data":[],"_links":{"self":[{"href":"https:\/\/www.csj-emballages.com\/pt-pt\/wp-json\/wp\/v2\/product\/17149","targetHints":{"allow":["GET"]}}],"collection":[{"href":"https:\/\/www.csj-emballages.com\/pt-pt\/wp-json\/wp\/v2\/product"}],"about":[{"href":"https:\/\/www.csj-emballages.com\/pt-pt\/wp-json\/wp\/v2\/types\/product"}],"wp:featuredmedia":[{"embeddable":true,"href":"https:\/\/www.csj-emballages.com\/pt-pt\/wp-json\/wp\/v2\/media\/275110"}],"wp:attachment":[{"href":"https:\/\/www.csj-emballages.com\/pt-pt\/wp-json\/wp\/v2\/media?parent=17149"}],"wp:term":[{"taxonomy":"product_brand","embeddable":true,"href":"https:\/\/www.csj-emballages.com\/pt-pt\/wp-json\/wp\/v2\/product_brand?post=17149"},{"taxonomy":"product_cat","embeddable":true,"href":"https:\/\/www.csj-emballages.com\/pt-pt\/wp-json\/wp\/v2\/product_cat?post=17149"},{"taxonomy":"product_tag","embeddable":true,"href":"https:\/\/www.csj-emballages.com\/pt-pt\/wp-json\/wp\/v2\/product_tag?post=17149"}],"curies":[{"name":"wp","href":"https:\/\/api.w.org\/{rel}","templated":true}]}}