{"id":17147,"date":"2024-03-01T17:00:21","date_gmt":"2024-03-01T16:00:21","guid":{"rendered":"https:\/\/u15jnbdpoq.preview.infomaniak.website\/produit\/gel-desodorizante-ocean-150-gr\/"},"modified":"2026-03-31T02:10:11","modified_gmt":"2026-03-31T00:10:11","slug":"gel-desodorizante-ocean-150-gr","status":"publish","type":"product","link":"https:\/\/www.csj-emballages.com\/pt-pt\/produit\/gel-desodorizante-ocean-150-gr\/","title":{"rendered":"Gel desodorizante Ocean 150 gr"},"content":{"rendered":"<h2>Gel desodorizante<\/h2>\n<hr>\n<h3>Descri\u00e7\u00e3o do nosso gel desodorizante oce\u00e2nico 150 gr<\/h3>\n<p><!--more--><\/p>\n<p data-start=\"206\" data-end=\"699\">Nicols <strong>Ocean Gel Desodorizante 150g<\/strong> \u00e9 um produto indispens\u00e1vel para manter os seus pequenos espa\u00e7os frescos e agradavelmente perfumados. Concebido para libertar gradualmente a sua <strong>fragr\u00e2ncia oce\u00e2nica<\/strong>, <strong>neutraliza eficazmente os odores desagrad\u00e1veis<\/strong>, proporcionando uma sensa\u00e7\u00e3o de limpeza e bem-estar. O seu tamanho compacto facilita a sua coloca\u00e7\u00e3o em locais estrat\u00e9gicos como sanit\u00e1rios, casas de banho, arm\u00e1rios ou mesmo lavandarias. Gra\u00e7as \u00e0 sua f\u00f3rmula concentrada de agentes neutralizantes, este <strong>gel desodorizante<\/strong> n\u00e3o se limita a disfar\u00e7ar os odores: elimina-os na origem. Al\u00e9m disso, difunde uma <strong>fragr\u00e2ncia fresca<\/strong> de iodo que lembra o ar puro do mar, criando uma atmosfera limpa e relaxante.    <\/p>\n<p data-start=\"980\" data-end=\"1318\">Dura <strong>at\u00e9 6 semanas<\/strong>, o que o torna uma solu\u00e7\u00e3o econ\u00f3mica e sem esfor\u00e7o para manter um ambiente agrad\u00e1vel todos os dias. Basta abrir a tampa perfurada e coloc\u00e1-lo onde for necess\u00e1rio. O <strong>gel desodorizante<\/strong> queimar-se-\u00e1 gradualmente, libertando as suas notas frescas e marinhas.  <\/p>\n<p data-start=\"1320\" data-end=\"1551\">Ideal tanto para particulares como para profissionais preocupados com a higiene e o ambiente olfativo das suas instala\u00e7\u00f5es, este ambientador integra-se discretamente em qualquer decora\u00e7\u00e3o gra\u00e7as ao seu design s\u00f3brio e funcional.<\/p>\n<p data-start=\"1320\" data-end=\"1551\">\n<p data-start=\"1248\" data-end=\"1443\"><!--more--><\/p>\n<h4 data-start=\"1248\" data-end=\"1443\">Vantagens :<\/h4>\n<ul>\n<li>Neutraliza eficazmente os odores desagrad\u00e1veis.<\/li>\n<li>Fragr\u00e2ncia fresca e oceano de longa dura\u00e7\u00e3o.<\/li>\n<li>At\u00e9 6 semanas de emiss\u00e3o cont\u00ednua.<\/li>\n<li>Simples de utilizar, sem necessidade de liga\u00e7\u00e3o ou manuten\u00e7\u00e3o.<\/li>\n<\/ul>\n<p>&nbsp;<\/p>\n<p><!--more--><\/p>\n<h4>Outras informa\u00e7\u00f5es :<\/h4>\n<ul>\n<li><strong>Embalagem<\/strong>: Bloco de 150g<\/li>\n<li><strong>Utiliza\u00e7\u00e3o<\/strong>: Gel desodorizante<\/li>\n<\/ul>\n<p>&nbsp;<\/p>\n<p><!--more--><\/p>\n<p>Descubra tamb\u00e9m a nossa unidade de sanita com aroma marinho : <span style=\"color: #d12727;\"><a style=\"color: #d12727;\" href=\"https:\/\/www.csj-emballages.com\/pt-pt\/produit\/bloco-de-toilette-com-aroma-a-marinho-40-gr\/\">00107<\/a><\/span><\/p>\n<p>&nbsp;<\/p>\n<p><!--more--><\/p>\n<p><a href=\"https:\/\/www.csj-emballages.com\/pt-pt\/categorie-produit\/higiene-e-manutencao\/produtos-de-limpeza\/sanitario\/\">Ver o resto da nossa gama de produtos de limpeza sanit\u00e1ria  <\/a><\/p>\n","protected":false},"excerpt":{"rendered":"<p>Gel desodorizante Descri\u00e7\u00e3o do nosso gel desodorizante oce\u00e2nico 150 gr<\/p>\n","protected":false},"featured_media":239365,"template":"","meta":{"_acf_changed":false},"product_brand":[],"product_cat":[1222,1223,1286],"product_tag":[],"class_list":{"0":"post-17147","1":"product","2":"type-product","3":"status-publish","4":"has-post-thumbnail","6":"product_cat-higiene-e-manutencao","7":"product_cat-produtos-de-limpeza","8":"product_cat-sanitario","10":"first","11":"instock","12":"taxable","13":"shipping-taxable","14":"purchasable","15":"product-type-simple"},"acf":[],"yoast_head":"<!-- This site is optimized with the Yoast SEO Premium plugin v26.6 (Yoast SEO v26.6) - https:\/\/yoast.com\/wordpress\/plugins\/seo\/ -->\n<title>Gel desodorizante Ocean 150 gr<\/title>\n<meta name=\"description\" content=\"Nicols Ocean Gel Desodorizante 150g elimina os odores desagrad\u00e1veis e difunde uma fragr\u00e2ncia fresca at\u00e9 6 semanas. Ideal para sanitas e casas de banho.\" \/>\n<meta name=\"robots\" content=\"index, follow, max-snippet:-1, max-image-preview:large, max-video-preview:-1\" \/>\n<link rel=\"canonical\" href=\"https:\/\/www.csj-emballages.com\/pt-pt\/produit\/gel-desodorizante-ocean-150-gr\/\" \/>\n<meta property=\"og:locale\" content=\"pt_PT\" \/>\n<meta property=\"og:type\" content=\"article\" \/>\n<meta property=\"og:title\" content=\"Gel desodorizante Ocean 150 gr\" \/>\n<meta property=\"og:description\" content=\"Nicols Ocean Gel Desodorizante 150g elimina os odores desagrad\u00e1veis e difunde uma fragr\u00e2ncia fresca at\u00e9 6 semanas. Ideal para sanitas e casas de banho.\" \/>\n<meta property=\"og:url\" content=\"https:\/\/www.csj-emballages.com\/pt-pt\/produit\/gel-desodorizante-ocean-150-gr\/\" \/>\n<meta property=\"og:site_name\" content=\"CSJ Emballages\" \/>\n<meta property=\"article:publisher\" content=\"https:\/\/www.facebook.com\/csjemballages\" \/>\n<meta property=\"article:modified_time\" content=\"2026-03-31T00:10:11+00:00\" \/>\n<meta property=\"og:image\" content=\"https:\/\/www.csj-emballages.com\/wp-content\/uploads\/2024\/03\/00109.webp\" \/>\n\t<meta property=\"og:image:width\" content=\"800\" \/>\n\t<meta property=\"og:image:height\" content=\"800\" \/>\n\t<meta property=\"og:image:type\" content=\"image\/webp\" \/>\n<meta name=\"twitter:card\" content=\"summary_large_image\" \/>\n<meta name=\"twitter:label1\" content=\"Tempo estimado de leitura\" \/>\n\t<meta name=\"twitter:data1\" content=\"1 minuto\" \/>\n<script type=\"application\/ld+json\" class=\"yoast-schema-graph\">{\"@context\":\"https:\/\/schema.org\",\"@graph\":[{\"@type\":\"WebPage\",\"@id\":\"https:\/\/www.csj-emballages.com\/pt-pt\/produit\/gel-desodorizante-ocean-150-gr\/\",\"url\":\"https:\/\/www.csj-emballages.com\/pt-pt\/produit\/gel-desodorizante-ocean-150-gr\/\",\"name\":\"Gel desodorizante Ocean 150 gr\",\"isPartOf\":{\"@id\":\"https:\/\/www.csj-emballages.com\/pt-pt\/#website\"},\"primaryImageOfPage\":{\"@id\":\"https:\/\/www.csj-emballages.com\/pt-pt\/produit\/gel-desodorizante-ocean-150-gr\/#primaryimage\"},\"image\":{\"@id\":\"https:\/\/www.csj-emballages.com\/pt-pt\/produit\/gel-desodorizante-ocean-150-gr\/#primaryimage\"},\"thumbnailUrl\":\"https:\/\/www.csj-emballages.com\/wp-content\/uploads\/2024\/03\/00109.webp\",\"datePublished\":\"2024-03-01T16:00:21+00:00\",\"dateModified\":\"2026-03-31T00:10:11+00:00\",\"description\":\"Nicols Ocean Gel Desodorizante 150g elimina os odores desagrad\u00e1veis e difunde uma fragr\u00e2ncia fresca at\u00e9 6 semanas. Ideal para sanitas e casas de banho.\",\"breadcrumb\":{\"@id\":\"https:\/\/www.csj-emballages.com\/pt-pt\/produit\/gel-desodorizante-ocean-150-gr\/#breadcrumb\"},\"inLanguage\":\"pt-PT\",\"potentialAction\":[{\"@type\":\"ReadAction\",\"target\":[\"https:\/\/www.csj-emballages.com\/pt-pt\/produit\/gel-desodorizante-ocean-150-gr\/\"]}]},{\"@type\":\"ImageObject\",\"inLanguage\":\"pt-PT\",\"@id\":\"https:\/\/www.csj-emballages.com\/pt-pt\/produit\/gel-desodorizante-ocean-150-gr\/#primaryimage\",\"url\":\"https:\/\/www.csj-emballages.com\/wp-content\/uploads\/2024\/03\/00109.webp\",\"contentUrl\":\"https:\/\/www.csj-emballages.com\/wp-content\/uploads\/2024\/03\/00109.webp\",\"width\":800,\"height\":800,\"caption\":\"Gel d\u00e9sodorisant\"},{\"@type\":\"BreadcrumbList\",\"@id\":\"https:\/\/www.csj-emballages.com\/pt-pt\/produit\/gel-desodorizante-ocean-150-gr\/#breadcrumb\",\"itemListElement\":[{\"@type\":\"ListItem\",\"position\":1,\"name\":\"Acolhimento\",\"item\":\"https:\/\/www.csj-emballages.com\/pt-pt\/universo-das-embalagens-alimentares\/\"},{\"@type\":\"ListItem\",\"position\":2,\"name\":\"Shop\",\"item\":\"https:\/\/www.csj-emballages.com\/shop\/\"},{\"@type\":\"ListItem\",\"position\":3,\"name\":\"Gel desodorizante Ocean 150 gr\"}]},{\"@type\":\"WebSite\",\"@id\":\"https:\/\/www.csj-emballages.com\/pt-pt\/#website\",\"url\":\"https:\/\/www.csj-emballages.com\/pt-pt\/\",\"name\":\"CSJ Emballages\",\"description\":\"\",\"publisher\":{\"@id\":\"https:\/\/www.csj-emballages.com\/pt-pt\/#organization\"},\"potentialAction\":[{\"@type\":\"SearchAction\",\"target\":{\"@type\":\"EntryPoint\",\"urlTemplate\":\"https:\/\/www.csj-emballages.com\/pt-pt\/?s={search_term_string}\"},\"query-input\":{\"@type\":\"PropertyValueSpecification\",\"valueRequired\":true,\"valueName\":\"search_term_string\"}}],\"inLanguage\":\"pt-PT\"},{\"@type\":\"Organization\",\"@id\":\"https:\/\/www.csj-emballages.com\/pt-pt\/#Organization\/\",\"name\":\"CSJ Emballages\",\"url\":\"https:\/\/www.csj-emballages.com\/pt-pt\/\",\"logo\":{\"@type\":\"ImageObject\",\"inLanguage\":\"pt-PT\",\"@id\":\"https:\/\/www.csj-emballages.com\/pt-pt\/#\/schema\/logo\/image\/\",\"url\":\"https:\/\/www.csj-emballages.com\/wp-content\/uploads\/2023\/10\/logo_csj.webp\",\"contentUrl\":\"https:\/\/www.csj-emballages.com\/wp-content\/uploads\/2023\/10\/logo_csj.webp\",\"width\":250,\"height\":95,\"caption\":\"CSJ Emballages\"},\"image\":{\"@id\":\"https:\/\/www.csj-emballages.com\/pt-pt\/#\/schema\/logo\/image\/\"},\"sameAs\":[\"https:\/\/www.facebook.com\/csjemballages\"],\"address\":{\"@type\":\"PostalAddress\",\"streetAddress\":\"ZI La Lechere\",\"addressLocality\":\"Patornay\",\"postalCode\":\"39130\",\"addressCountry\":\"FR\"},\"contactPoint\":[{\"@type\":\"ContactPoint\",\"contactType\":\"Service client\",\"telephone\":\"0384254272\",\"email\":\"contact@csj-emballages.com\"}]}]}<\/script>\n<!-- \/ Yoast SEO Premium plugin. -->","yoast_head_json":{"title":"Gel desodorizante Ocean 150 gr","description":"Nicols Ocean Gel Desodorizante 150g elimina os odores desagrad\u00e1veis e difunde uma fragr\u00e2ncia fresca at\u00e9 6 semanas. Ideal para sanitas e casas de banho.","robots":{"index":"index","follow":"follow","max-snippet":"max-snippet:-1","max-image-preview":"max-image-preview:large","max-video-preview":"max-video-preview:-1"},"canonical":"https:\/\/www.csj-emballages.com\/pt-pt\/produit\/gel-desodorizante-ocean-150-gr\/","og_locale":"pt_PT","og_type":"article","og_title":"Gel desodorizante Ocean 150 gr","og_description":"Nicols Ocean Gel Desodorizante 150g elimina os odores desagrad\u00e1veis e difunde uma fragr\u00e2ncia fresca at\u00e9 6 semanas. Ideal para sanitas e casas de banho.","og_url":"https:\/\/www.csj-emballages.com\/pt-pt\/produit\/gel-desodorizante-ocean-150-gr\/","og_site_name":"CSJ Emballages","article_publisher":"https:\/\/www.facebook.com\/csjemballages","article_modified_time":"2026-03-31T00:10:11+00:00","og_image":[{"width":800,"height":800,"url":"https:\/\/www.csj-emballages.com\/wp-content\/uploads\/2024\/03\/00109.webp","type":"image\/webp"}],"twitter_card":"summary_large_image","twitter_misc":{"Tempo estimado de leitura":"1 minuto"},"schema":{"@context":"https:\/\/schema.org","@graph":[{"@type":"WebPage","@id":"https:\/\/www.csj-emballages.com\/pt-pt\/produit\/gel-desodorizante-ocean-150-gr\/","url":"https:\/\/www.csj-emballages.com\/pt-pt\/produit\/gel-desodorizante-ocean-150-gr\/","name":"Gel desodorizante Ocean 150 gr","isPartOf":{"@id":"https:\/\/www.csj-emballages.com\/pt-pt\/#website"},"primaryImageOfPage":{"@id":"https:\/\/www.csj-emballages.com\/pt-pt\/produit\/gel-desodorizante-ocean-150-gr\/#primaryimage"},"image":{"@id":"https:\/\/www.csj-emballages.com\/pt-pt\/produit\/gel-desodorizante-ocean-150-gr\/#primaryimage"},"thumbnailUrl":"https:\/\/www.csj-emballages.com\/wp-content\/uploads\/2024\/03\/00109.webp","datePublished":"2024-03-01T16:00:21+00:00","dateModified":"2026-03-31T00:10:11+00:00","description":"Nicols Ocean Gel Desodorizante 150g elimina os odores desagrad\u00e1veis e difunde uma fragr\u00e2ncia fresca at\u00e9 6 semanas. Ideal para sanitas e casas de banho.","breadcrumb":{"@id":"https:\/\/www.csj-emballages.com\/pt-pt\/produit\/gel-desodorizante-ocean-150-gr\/#breadcrumb"},"inLanguage":"pt-PT","potentialAction":[{"@type":"ReadAction","target":["https:\/\/www.csj-emballages.com\/pt-pt\/produit\/gel-desodorizante-ocean-150-gr\/"]}]},{"@type":"ImageObject","inLanguage":"pt-PT","@id":"https:\/\/www.csj-emballages.com\/pt-pt\/produit\/gel-desodorizante-ocean-150-gr\/#primaryimage","url":"https:\/\/www.csj-emballages.com\/wp-content\/uploads\/2024\/03\/00109.webp","contentUrl":"https:\/\/www.csj-emballages.com\/wp-content\/uploads\/2024\/03\/00109.webp","width":800,"height":800,"caption":"Gel d\u00e9sodorisant"},{"@type":"BreadcrumbList","@id":"https:\/\/www.csj-emballages.com\/pt-pt\/produit\/gel-desodorizante-ocean-150-gr\/#breadcrumb","itemListElement":[{"@type":"ListItem","position":1,"name":"Acolhimento","item":"https:\/\/www.csj-emballages.com\/pt-pt\/universo-das-embalagens-alimentares\/"},{"@type":"ListItem","position":2,"name":"Shop","item":"https:\/\/www.csj-emballages.com\/shop\/"},{"@type":"ListItem","position":3,"name":"Gel desodorizante Ocean 150 gr"}]},{"@type":"WebSite","@id":"https:\/\/www.csj-emballages.com\/pt-pt\/#website","url":"https:\/\/www.csj-emballages.com\/pt-pt\/","name":"CSJ Emballages","description":"","publisher":{"@id":"https:\/\/www.csj-emballages.com\/pt-pt\/#organization"},"potentialAction":[{"@type":"SearchAction","target":{"@type":"EntryPoint","urlTemplate":"https:\/\/www.csj-emballages.com\/pt-pt\/?s={search_term_string}"},"query-input":{"@type":"PropertyValueSpecification","valueRequired":true,"valueName":"search_term_string"}}],"inLanguage":"pt-PT"},{"@type":"Organization","@id":"https:\/\/www.csj-emballages.com\/pt-pt\/#Organization\/","name":"CSJ Emballages","url":"https:\/\/www.csj-emballages.com\/pt-pt\/","logo":{"@type":"ImageObject","inLanguage":"pt-PT","@id":"https:\/\/www.csj-emballages.com\/pt-pt\/#\/schema\/logo\/image\/","url":"https:\/\/www.csj-emballages.com\/wp-content\/uploads\/2023\/10\/logo_csj.webp","contentUrl":"https:\/\/www.csj-emballages.com\/wp-content\/uploads\/2023\/10\/logo_csj.webp","width":250,"height":95,"caption":"CSJ Emballages"},"image":{"@id":"https:\/\/www.csj-emballages.com\/pt-pt\/#\/schema\/logo\/image\/"},"sameAs":["https:\/\/www.facebook.com\/csjemballages"],"address":{"@type":"PostalAddress","streetAddress":"ZI La Lechere","addressLocality":"Patornay","postalCode":"39130","addressCountry":"FR"},"contactPoint":[{"@type":"ContactPoint","contactType":"Service client","telephone":"0384254272","email":"contact@csj-emballages.com"}]}]}},"df_price":1.44,"df_sale_price":"","df_regular_price":1.44,"df_image_link":"https:\/\/www.csj-emballages.com\/wp-content\/uploads\/2024\/03\/00109-300x300.webp","tiered_pricing_type":"fixed","tiered_pricing_fixed_rules":[],"tiered_pricing_percentage_rules":[],"tiered_pricing_minimum":1,"tiered_pricing_roles_data":[],"_links":{"self":[{"href":"https:\/\/www.csj-emballages.com\/pt-pt\/wp-json\/wp\/v2\/product\/17147","targetHints":{"allow":["GET"]}}],"collection":[{"href":"https:\/\/www.csj-emballages.com\/pt-pt\/wp-json\/wp\/v2\/product"}],"about":[{"href":"https:\/\/www.csj-emballages.com\/pt-pt\/wp-json\/wp\/v2\/types\/product"}],"wp:featuredmedia":[{"embeddable":true,"href":"https:\/\/www.csj-emballages.com\/pt-pt\/wp-json\/wp\/v2\/media\/239365"}],"wp:attachment":[{"href":"https:\/\/www.csj-emballages.com\/pt-pt\/wp-json\/wp\/v2\/media?parent=17147"}],"wp:term":[{"taxonomy":"product_brand","embeddable":true,"href":"https:\/\/www.csj-emballages.com\/pt-pt\/wp-json\/wp\/v2\/product_brand?post=17147"},{"taxonomy":"product_cat","embeddable":true,"href":"https:\/\/www.csj-emballages.com\/pt-pt\/wp-json\/wp\/v2\/product_cat?post=17147"},{"taxonomy":"product_tag","embeddable":true,"href":"https:\/\/www.csj-emballages.com\/pt-pt\/wp-json\/wp\/v2\/product_tag?post=17147"}],"curies":[{"name":"wp","href":"https:\/\/api.w.org\/{rel}","templated":true}]}}