{"id":17145,"date":"2024-03-01T17:00:22","date_gmt":"2024-03-01T16:00:22","guid":{"rendered":"https:\/\/u15jnbdpoq.preview.infomaniak.website\/produit\/gel-de-sabao-para-as-maos-5-litros\/"},"modified":"2026-04-30T17:00:20","modified_gmt":"2026-04-30T15:00:20","slug":"gel-de-sabao-para-as-maos-5-litros","status":"publish","type":"product","link":"https:\/\/www.csj-emballages.com\/pt-pt\/produit\/gel-de-sabao-para-as-maos-5-litros\/","title":{"rendered":"Gel de sab\u00e3o para as m\u00e3os 5 litros"},"content":{"rendered":"<h2 class=\"p1 ai-optimize-37\">Gel de sab\u00e3o para as m\u00e3os<\/h2>\n<hr>\n<h3 class=\"ai-optimize-34\">Descri\u00e7\u00e3o do nosso gel de sab\u00e3o para as m\u00e3os de 5 litros<\/h3>\n<p><!--more--><\/p>\n<p class=\"ai-optimize-33 ai-optimize-introduction\" data-start=\"193\" data-end=\"614\">Este <strong data-start=\"196\" data-end=\"243\">gel sabonete para as m\u00e3os de 5 litros<\/strong> \u00e9 indispens\u00e1vel para todos os ambientes profissionais ou dom\u00e9sticos que exijam uma higiene impec\u00e1vel das m\u00e3os sem comprometer o conforto da pele. Concebido para uma utiliza\u00e7\u00e3o frequente, este <strong>sabonete l\u00edquido<\/strong> combina <strong data-start=\"465\" data-end=\"491\">agentes de limpeza suaves<\/strong> e <strong data-start=\"495\" data-end=\"523\">compostos dermatol\u00f3gicos<\/strong> para garantir uma limpeza perfeita, preservando <strong data-start=\"568\" data-end=\"613\">o equil\u00edbrio natural da pele<\/strong>. <\/p>\n<p class=\"ai-optimize-34\" data-start=\"616\" data-end=\"1041\">A sua f\u00f3rmula cont\u00e9m agentes supergordos especialmente concebidos para <strong data-start=\"686\" data-end=\"720\">proteger a camada epitelial<\/strong>, evitando a secura ou a irrita\u00e7\u00e3o, mesmo com uma utiliza\u00e7\u00e3o intensiva. Ideal para uso em institui\u00e7\u00f5es, cozinhas profissionais e oficinas, ou simplesmente para uso familiar em grande escala, este sab\u00e3o <strong data-start=\"957\" data-end=\"990\">produz uma espuma leve e agrad\u00e1vel<\/strong> que se enxagua facilmente, sem deixar res\u00edduos. <\/p>\n<p class=\"ai-optimize-35\" data-start=\"1043\" data-end=\"1332\">Gra\u00e7as \u00e0 sua fragr\u00e2ncia delicada, deixa as m\u00e3os <strong data-start=\"1079\" data-end=\"1116\">frescas e subtilmente perfumadas<\/strong>, para uma sensa\u00e7\u00e3o de limpeza duradoura. Gra\u00e7as ao seu formato grande e econ\u00f3mico de 5 litros, \u00e9 <strong data-start=\"1214\" data-end=\"1265\">perfeito para reabastecer os seus dispensadores de parede<\/strong> ou de bomba, reduzindo a frequ\u00eancia de reabastecimento. <\/p>\n<p class=\"ai-optimize-36\" data-start=\"1334\" data-end=\"1516\">Em suma, concebido para <strong data-start=\"1345\" data-end=\"1366\">respeitar a pele<\/strong> e garantir uma higiene impec\u00e1vel, este <strong>gel de limpeza<\/strong> \u00e9 uma aposta segura.<\/p>\n<p data-start=\"1334\" data-end=\"1516\">\n<p><!--more--><\/p>\n<h4 class=\"ai-optimize-37\"><strong>Vantagens:<\/strong><\/h4>\n<ul>\n<li class=\"ai-optimize-38\">Limpeza eficaz e suave.<\/li>\n<li class=\"ai-optimize-39\">Cont\u00e9m agentes superfatores que protegem a pele.<\/li>\n<li class=\"ai-optimize-40\">Formato econ\u00f3mico ideal para recargas.<\/li>\n<li class=\"ai-optimize-42\">Adequado para utiliza\u00e7\u00e3o frequente e profissional.<\/li>\n<\/ul>\n<p>&nbsp;<\/p>\n<p><!--more--><\/p>\n<h4 class=\"ai-optimize-44\">Outras informa\u00e7\u00f5es :<\/h4>\n<ul>\n<li class=\"ai-optimize-45\"><strong>Embalagem<\/strong>: Por unidade<\/li>\n<li class=\"ai-optimize-47\"><strong>Utiliza\u00e7\u00e3o<\/strong>: Sabonete para as m\u00e3os<\/li>\n<li class=\"ai-optimize-32\"><strong>Cor<\/strong>: Rosa<\/li>\n<li class=\"ai-optimize-35\"><strong>Volume<\/strong>: 5 litros<\/li>\n<\/ul>\n<p>&nbsp;<\/p>\n<p><!--more--><\/p>\n<p class=\"ai-optimize-34\">Clique aqui para ver o nosso frasco de 500ml de sabonete de limpeza para peles sens\u00edveis: <span style=\"color: #d12727\"><a style=\"color: #d12727\" href=\"https:\/\/www.csj-emballages.com\/es\/produit\/botella-de-jabon-limpiador-para-piel-sensible-bomba-500ml\/\"><span style=\"color: #d12727\">0397<\/span><\/a><\/span><\/p>\n<p>&nbsp;<\/p>\n<p><!--more--><\/p>\n<p class=\"ai-optimize-41\"><a href=\"https:\/\/www.csj-emballages.com\/pt-pt\/categorie-produit\/higiene-e-manutencao\/produtos-de-limpeza\/higiene-pessoal\/sabonete-para-as-maos\/\">Ver o resto da nossa gama de sabonetes para as m\u00e3os<\/a><\/p>\n","protected":false},"excerpt":{"rendered":"<p>Gel de sab\u00e3o para as m\u00e3os Descri\u00e7\u00e3o do nosso gel de sab\u00e3o para as m\u00e3os de 5 litros<\/p>\n","protected":false},"featured_media":236053,"template":"","meta":{"_acf_changed":false},"product_brand":[],"product_cat":[1222,1223,1356,1357],"product_tag":[],"class_list":{"0":"post-17145","1":"product","2":"type-product","3":"status-publish","4":"has-post-thumbnail","6":"product_cat-higiene-e-manutencao","7":"product_cat-produtos-de-limpeza","8":"product_cat-higiene-pessoal","9":"product_cat-sabonete-para-as-maos","10":"product_shipping_class-nao-e-permitido-em-reles","12":"first","13":"instock","14":"taxable","15":"shipping-taxable","16":"purchasable","17":"product-type-simple"},"acf":[],"yoast_head":"<!-- This site is optimized with the Yoast SEO Premium plugin v26.6 (Yoast SEO v26.6) - https:\/\/yoast.com\/wordpress\/plugins\/seo\/ -->\n<title>Gel de sab\u00e3o para as m\u00e3os 5 litros<\/title>\n<meta name=\"description\" content=\"Gel de sab\u00e3o para as m\u00e3os suave e hidratante de 5 litros, ideal para utiliza\u00e7\u00e3o frequente. Fragr\u00e2ncia agrad\u00e1vel, preserva a pele, assegurando uma higiene perfeita.\" \/>\n<meta name=\"robots\" content=\"index, follow, max-snippet:-1, max-image-preview:large, max-video-preview:-1\" \/>\n<link rel=\"canonical\" href=\"https:\/\/www.csj-emballages.com\/pt-pt\/produit\/gel-de-sabao-para-as-maos-5-litros\/\" \/>\n<meta property=\"og:locale\" content=\"pt_PT\" \/>\n<meta property=\"og:type\" content=\"article\" \/>\n<meta property=\"og:title\" content=\"Gel de sab\u00e3o para as m\u00e3os 5 litros\" \/>\n<meta property=\"og:description\" content=\"Gel de sab\u00e3o para as m\u00e3os suave e hidratante de 5 litros, ideal para utiliza\u00e7\u00e3o frequente. Fragr\u00e2ncia agrad\u00e1vel, preserva a pele, assegurando uma higiene perfeita.\" \/>\n<meta property=\"og:url\" content=\"https:\/\/www.csj-emballages.com\/pt-pt\/produit\/gel-de-sabao-para-as-maos-5-litros\/\" \/>\n<meta property=\"og:site_name\" content=\"CSJ Emballages\" \/>\n<meta property=\"article:publisher\" content=\"https:\/\/www.facebook.com\/csjemballages\" \/>\n<meta property=\"article:modified_time\" content=\"2026-04-30T15:00:20+00:00\" \/>\n<meta property=\"og:image\" content=\"https:\/\/www.csj-emballages.com\/wp-content\/uploads\/2024\/03\/00105.webp\" \/>\n\t<meta property=\"og:image:width\" content=\"800\" \/>\n\t<meta property=\"og:image:height\" content=\"800\" \/>\n\t<meta property=\"og:image:type\" content=\"image\/webp\" \/>\n<meta name=\"twitter:card\" content=\"summary_large_image\" \/>\n<meta name=\"twitter:label1\" content=\"Tempo estimado de leitura\" \/>\n\t<meta name=\"twitter:data1\" content=\"1 minuto\" \/>\n<script type=\"application\/ld+json\" class=\"yoast-schema-graph\">{\"@context\":\"https:\/\/schema.org\",\"@graph\":[{\"@type\":\"WebPage\",\"@id\":\"https:\/\/www.csj-emballages.com\/pt-pt\/produit\/gel-de-sabao-para-as-maos-5-litros\/\",\"url\":\"https:\/\/www.csj-emballages.com\/pt-pt\/produit\/gel-de-sabao-para-as-maos-5-litros\/\",\"name\":\"Gel de sab\u00e3o para as m\u00e3os 5 litros\",\"isPartOf\":{\"@id\":\"https:\/\/www.csj-emballages.com\/pt-pt\/#website\"},\"primaryImageOfPage\":{\"@id\":\"https:\/\/www.csj-emballages.com\/pt-pt\/produit\/gel-de-sabao-para-as-maos-5-litros\/#primaryimage\"},\"image\":{\"@id\":\"https:\/\/www.csj-emballages.com\/pt-pt\/produit\/gel-de-sabao-para-as-maos-5-litros\/#primaryimage\"},\"thumbnailUrl\":\"https:\/\/www.csj-emballages.com\/wp-content\/uploads\/2024\/03\/00105.webp\",\"datePublished\":\"2024-03-01T16:00:22+00:00\",\"dateModified\":\"2026-04-30T15:00:20+00:00\",\"description\":\"Gel de sab\u00e3o para as m\u00e3os suave e hidratante de 5 litros, ideal para utiliza\u00e7\u00e3o frequente. Fragr\u00e2ncia agrad\u00e1vel, preserva a pele, assegurando uma higiene perfeita.\",\"breadcrumb\":{\"@id\":\"https:\/\/www.csj-emballages.com\/pt-pt\/produit\/gel-de-sabao-para-as-maos-5-litros\/#breadcrumb\"},\"inLanguage\":\"pt-PT\",\"potentialAction\":[{\"@type\":\"ReadAction\",\"target\":[\"https:\/\/www.csj-emballages.com\/pt-pt\/produit\/gel-de-sabao-para-as-maos-5-litros\/\"]}]},{\"@type\":\"ImageObject\",\"inLanguage\":\"pt-PT\",\"@id\":\"https:\/\/www.csj-emballages.com\/pt-pt\/produit\/gel-de-sabao-para-as-maos-5-litros\/#primaryimage\",\"url\":\"https:\/\/www.csj-emballages.com\/wp-content\/uploads\/2024\/03\/00105.webp\",\"contentUrl\":\"https:\/\/www.csj-emballages.com\/wp-content\/uploads\/2024\/03\/00105.webp\",\"width\":800,\"height\":800,\"caption\":\"gel savon mains\"},{\"@type\":\"BreadcrumbList\",\"@id\":\"https:\/\/www.csj-emballages.com\/pt-pt\/produit\/gel-de-sabao-para-as-maos-5-litros\/#breadcrumb\",\"itemListElement\":[{\"@type\":\"ListItem\",\"position\":1,\"name\":\"Acolhimento\",\"item\":\"https:\/\/www.csj-emballages.com\/pt-pt\/universo-das-embalagens-alimentares\/\"},{\"@type\":\"ListItem\",\"position\":2,\"name\":\"Shop\",\"item\":\"https:\/\/www.csj-emballages.com\/shop\/\"},{\"@type\":\"ListItem\",\"position\":3,\"name\":\"Gel de sab\u00e3o para as m\u00e3os 5 litros\"}]},{\"@type\":\"WebSite\",\"@id\":\"https:\/\/www.csj-emballages.com\/pt-pt\/#website\",\"url\":\"https:\/\/www.csj-emballages.com\/pt-pt\/\",\"name\":\"CSJ Emballages\",\"description\":\"\",\"publisher\":{\"@id\":\"https:\/\/www.csj-emballages.com\/pt-pt\/#organization\"},\"potentialAction\":[{\"@type\":\"SearchAction\",\"target\":{\"@type\":\"EntryPoint\",\"urlTemplate\":\"https:\/\/www.csj-emballages.com\/pt-pt\/?s={search_term_string}\"},\"query-input\":{\"@type\":\"PropertyValueSpecification\",\"valueRequired\":true,\"valueName\":\"search_term_string\"}}],\"inLanguage\":\"pt-PT\"},{\"@type\":\"Organization\",\"@id\":\"https:\/\/www.csj-emballages.com\/pt-pt\/#Organization\/\",\"name\":\"CSJ Emballages\",\"url\":\"https:\/\/www.csj-emballages.com\/pt-pt\/\",\"logo\":{\"@type\":\"ImageObject\",\"inLanguage\":\"pt-PT\",\"@id\":\"https:\/\/www.csj-emballages.com\/pt-pt\/#\/schema\/logo\/image\/\",\"url\":\"https:\/\/www.csj-emballages.com\/wp-content\/uploads\/2023\/10\/logo_csj.webp\",\"contentUrl\":\"https:\/\/www.csj-emballages.com\/wp-content\/uploads\/2023\/10\/logo_csj.webp\",\"width\":250,\"height\":95,\"caption\":\"CSJ Emballages\"},\"image\":{\"@id\":\"https:\/\/www.csj-emballages.com\/pt-pt\/#\/schema\/logo\/image\/\"},\"sameAs\":[\"https:\/\/www.facebook.com\/csjemballages\"],\"address\":{\"@type\":\"PostalAddress\",\"streetAddress\":\"ZI La Lechere\",\"addressLocality\":\"Patornay\",\"postalCode\":\"39130\",\"addressCountry\":\"FR\"},\"contactPoint\":[{\"@type\":\"ContactPoint\",\"contactType\":\"Service client\",\"telephone\":\"0384254272\",\"email\":\"contact@csj-emballages.com\"}]}]}<\/script>\n<!-- \/ Yoast SEO Premium plugin. -->","yoast_head_json":{"title":"Gel de sab\u00e3o para as m\u00e3os 5 litros","description":"Gel de sab\u00e3o para as m\u00e3os suave e hidratante de 5 litros, ideal para utiliza\u00e7\u00e3o frequente. Fragr\u00e2ncia agrad\u00e1vel, preserva a pele, assegurando uma higiene perfeita.","robots":{"index":"index","follow":"follow","max-snippet":"max-snippet:-1","max-image-preview":"max-image-preview:large","max-video-preview":"max-video-preview:-1"},"canonical":"https:\/\/www.csj-emballages.com\/pt-pt\/produit\/gel-de-sabao-para-as-maos-5-litros\/","og_locale":"pt_PT","og_type":"article","og_title":"Gel de sab\u00e3o para as m\u00e3os 5 litros","og_description":"Gel de sab\u00e3o para as m\u00e3os suave e hidratante de 5 litros, ideal para utiliza\u00e7\u00e3o frequente. Fragr\u00e2ncia agrad\u00e1vel, preserva a pele, assegurando uma higiene perfeita.","og_url":"https:\/\/www.csj-emballages.com\/pt-pt\/produit\/gel-de-sabao-para-as-maos-5-litros\/","og_site_name":"CSJ Emballages","article_publisher":"https:\/\/www.facebook.com\/csjemballages","article_modified_time":"2026-04-30T15:00:20+00:00","og_image":[{"width":800,"height":800,"url":"https:\/\/www.csj-emballages.com\/wp-content\/uploads\/2024\/03\/00105.webp","type":"image\/webp"}],"twitter_card":"summary_large_image","twitter_misc":{"Tempo estimado de leitura":"1 minuto"},"schema":{"@context":"https:\/\/schema.org","@graph":[{"@type":"WebPage","@id":"https:\/\/www.csj-emballages.com\/pt-pt\/produit\/gel-de-sabao-para-as-maos-5-litros\/","url":"https:\/\/www.csj-emballages.com\/pt-pt\/produit\/gel-de-sabao-para-as-maos-5-litros\/","name":"Gel de sab\u00e3o para as m\u00e3os 5 litros","isPartOf":{"@id":"https:\/\/www.csj-emballages.com\/pt-pt\/#website"},"primaryImageOfPage":{"@id":"https:\/\/www.csj-emballages.com\/pt-pt\/produit\/gel-de-sabao-para-as-maos-5-litros\/#primaryimage"},"image":{"@id":"https:\/\/www.csj-emballages.com\/pt-pt\/produit\/gel-de-sabao-para-as-maos-5-litros\/#primaryimage"},"thumbnailUrl":"https:\/\/www.csj-emballages.com\/wp-content\/uploads\/2024\/03\/00105.webp","datePublished":"2024-03-01T16:00:22+00:00","dateModified":"2026-04-30T15:00:20+00:00","description":"Gel de sab\u00e3o para as m\u00e3os suave e hidratante de 5 litros, ideal para utiliza\u00e7\u00e3o frequente. Fragr\u00e2ncia agrad\u00e1vel, preserva a pele, assegurando uma higiene perfeita.","breadcrumb":{"@id":"https:\/\/www.csj-emballages.com\/pt-pt\/produit\/gel-de-sabao-para-as-maos-5-litros\/#breadcrumb"},"inLanguage":"pt-PT","potentialAction":[{"@type":"ReadAction","target":["https:\/\/www.csj-emballages.com\/pt-pt\/produit\/gel-de-sabao-para-as-maos-5-litros\/"]}]},{"@type":"ImageObject","inLanguage":"pt-PT","@id":"https:\/\/www.csj-emballages.com\/pt-pt\/produit\/gel-de-sabao-para-as-maos-5-litros\/#primaryimage","url":"https:\/\/www.csj-emballages.com\/wp-content\/uploads\/2024\/03\/00105.webp","contentUrl":"https:\/\/www.csj-emballages.com\/wp-content\/uploads\/2024\/03\/00105.webp","width":800,"height":800,"caption":"gel savon mains"},{"@type":"BreadcrumbList","@id":"https:\/\/www.csj-emballages.com\/pt-pt\/produit\/gel-de-sabao-para-as-maos-5-litros\/#breadcrumb","itemListElement":[{"@type":"ListItem","position":1,"name":"Acolhimento","item":"https:\/\/www.csj-emballages.com\/pt-pt\/universo-das-embalagens-alimentares\/"},{"@type":"ListItem","position":2,"name":"Shop","item":"https:\/\/www.csj-emballages.com\/shop\/"},{"@type":"ListItem","position":3,"name":"Gel de sab\u00e3o para as m\u00e3os 5 litros"}]},{"@type":"WebSite","@id":"https:\/\/www.csj-emballages.com\/pt-pt\/#website","url":"https:\/\/www.csj-emballages.com\/pt-pt\/","name":"CSJ Emballages","description":"","publisher":{"@id":"https:\/\/www.csj-emballages.com\/pt-pt\/#organization"},"potentialAction":[{"@type":"SearchAction","target":{"@type":"EntryPoint","urlTemplate":"https:\/\/www.csj-emballages.com\/pt-pt\/?s={search_term_string}"},"query-input":{"@type":"PropertyValueSpecification","valueRequired":true,"valueName":"search_term_string"}}],"inLanguage":"pt-PT"},{"@type":"Organization","@id":"https:\/\/www.csj-emballages.com\/pt-pt\/#Organization\/","name":"CSJ Emballages","url":"https:\/\/www.csj-emballages.com\/pt-pt\/","logo":{"@type":"ImageObject","inLanguage":"pt-PT","@id":"https:\/\/www.csj-emballages.com\/pt-pt\/#\/schema\/logo\/image\/","url":"https:\/\/www.csj-emballages.com\/wp-content\/uploads\/2023\/10\/logo_csj.webp","contentUrl":"https:\/\/www.csj-emballages.com\/wp-content\/uploads\/2023\/10\/logo_csj.webp","width":250,"height":95,"caption":"CSJ Emballages"},"image":{"@id":"https:\/\/www.csj-emballages.com\/pt-pt\/#\/schema\/logo\/image\/"},"sameAs":["https:\/\/www.facebook.com\/csjemballages"],"address":{"@type":"PostalAddress","streetAddress":"ZI La Lechere","addressLocality":"Patornay","postalCode":"39130","addressCountry":"FR"},"contactPoint":[{"@type":"ContactPoint","contactType":"Service client","telephone":"0384254272","email":"contact@csj-emballages.com"}]}]}},"df_price":9.59,"df_sale_price":"","df_regular_price":9.59,"df_image_link":"https:\/\/www.csj-emballages.com\/wp-content\/uploads\/2024\/03\/00105-300x300.webp","tiered_pricing_type":"fixed","tiered_pricing_fixed_rules":[],"tiered_pricing_percentage_rules":[],"tiered_pricing_minimum":1,"tiered_pricing_roles_data":[],"_links":{"self":[{"href":"https:\/\/www.csj-emballages.com\/pt-pt\/wp-json\/wp\/v2\/product\/17145","targetHints":{"allow":["GET"]}}],"collection":[{"href":"https:\/\/www.csj-emballages.com\/pt-pt\/wp-json\/wp\/v2\/product"}],"about":[{"href":"https:\/\/www.csj-emballages.com\/pt-pt\/wp-json\/wp\/v2\/types\/product"}],"wp:featuredmedia":[{"embeddable":true,"href":"https:\/\/www.csj-emballages.com\/pt-pt\/wp-json\/wp\/v2\/media\/236053"}],"wp:attachment":[{"href":"https:\/\/www.csj-emballages.com\/pt-pt\/wp-json\/wp\/v2\/media?parent=17145"}],"wp:term":[{"taxonomy":"product_brand","embeddable":true,"href":"https:\/\/www.csj-emballages.com\/pt-pt\/wp-json\/wp\/v2\/product_brand?post=17145"},{"taxonomy":"product_cat","embeddable":true,"href":"https:\/\/www.csj-emballages.com\/pt-pt\/wp-json\/wp\/v2\/product_cat?post=17145"},{"taxonomy":"product_tag","embeddable":true,"href":"https:\/\/www.csj-emballages.com\/pt-pt\/wp-json\/wp\/v2\/product_tag?post=17145"}],"curies":[{"name":"wp","href":"https:\/\/api.w.org\/{rel}","templated":true}]}}