{"id":17139,"date":"2024-03-01T17:00:21","date_gmt":"2024-03-01T16:00:21","guid":{"rendered":"https:\/\/u15jnbdpoq.preview.infomaniak.website\/produit\/1-litro-de-desentupidor-de-canos\/"},"modified":"2026-05-13T02:10:15","modified_gmt":"2026-05-13T00:10:15","slug":"1-litro-de-desentupidor-de-canos","status":"publish","type":"product","link":"https:\/\/www.csj-emballages.com\/pt-pt\/produit\/1-litro-de-desentupidor-de-canos\/","title":{"rendered":"1 litro de desentupidor de canos"},"content":{"rendered":"<h2>Desentupidor de canos<\/h2>\n<hr>\n<h3>Descri\u00e7\u00e3o do nosso desentupidor de canos de 1 litro<\/h3>\n<p><!--more--><\/p>\n<p class=\"\" data-start=\"169\" data-end=\"595\">Tem um lava-loi\u00e7a entupido, um chuveiro que n\u00e3o escoa ou um <strong>ralo entupido<\/strong> com res\u00edduos persistentes? Este <strong>desentupidor de canos de 1 litro<\/strong> \u00e9 o seu aliado ideal. Formulado para dissolver tanto os res\u00edduos org\u00e2nicos (gordura, cabelos, restos de comida) como os res\u00edduos inorg\u00e2nicos, actua rapidamente sem necessitar de qualquer a\u00e7\u00e3o mec\u00e2nica. Basta um simples derrame.   <\/p>\n<p class=\"\" data-start=\"597\" data-end=\"911\">A sua f\u00f3rmula ultra-concentrada penetra profundamente nas tubagens, desfazendo as obstru\u00e7\u00f5es mais dif\u00edceis e restabelecendo o fluxo de \u00e1guas residuais em tempo recorde. \u00c9 a escolha preferida dos profissionais de manuten\u00e7\u00e3o, mas tamb\u00e9m dos clientes particulares que pretendem uma solu\u00e7\u00e3o radical e eficaz. <\/p>\n<p class=\"\" data-start=\"913\" data-end=\"1384\">Este <strong>desentupidor de can<\/strong> os foi concebido para uma utiliza\u00e7\u00e3o ocasional, quando os desentupidores de canos convencionais j\u00e1 n\u00e3o s\u00e3o suficientes. \u00c9 ideal para ser utilizado em cozinhas, casas de banho, ralos e esgotos exteriores. No entanto, devido \u00e0 sua extrema pot\u00eancia, \u00e9 essencial seguir \u00e0 risca as instru\u00e7\u00f5es do fabricante e as precau\u00e7\u00f5es de seguran\u00e7a. Recomendamos o uso de luvas e \u00f3culos de prote\u00e7\u00e3o durante a sua utiliza\u00e7\u00e3o.   <\/p>\n<p class=\"\" data-start=\"1386\" data-end=\"1518\">Evite as manuten\u00e7\u00f5es dispendiosas e as desmontagens demoradas. Opte por uma solu\u00e7\u00e3o simples, r\u00e1pida e muito eficaz! <\/p>\n<p data-start=\"1386\" data-end=\"1518\">\n<p><!--more--><\/p>\n<h4><strong>Vantagens:<\/strong><\/h4>\n<ul>\n<li>Dissolve eficazmente os tamp\u00f5es org\u00e2nicos e inorg\u00e2nicos.<\/li>\n<li>Actua rapidamente, desde os primeiros minutos.<\/li>\n<li>Adequado para utiliza\u00e7\u00e3o profissional e privada.<\/li>\n<li>Ideal para cozinhas, casas de banho e esgotos exteriores.<\/li>\n<li>Fixar a garrafa de 1 litro.<\/li>\n<\/ul>\n<p>&nbsp;<\/p>\n<p><!--more--><\/p>\n<h4>Instru\u00e7\u00f5es de utiliza\u00e7\u00e3o :<\/h4>\n<ul>\n<li>Deixar o m\u00ednimo de \u00e1gua poss\u00edvel no tubo e deitar lentamente o produto diretamente no tubo.<\/li>\n<li>Deixar atuar o produto durante 4-5 minutos e, em seguida, deitar um pouco de \u00e1gua fria.<\/li>\n<li>Esperar alguns minutos e deitar \u00e1gua em abund\u00e2ncia.<\/li>\n<\/ul>\n<p>&nbsp;<\/p>\n<p><!--more--><\/p>\n<h4>Outras informa\u00e7\u00f5es :<\/h4>\n<ul>\n<li><strong>Embalagem<\/strong>: Por unidade<\/li>\n<li><strong>Volume<\/strong>: 1 litro<\/li>\n<li><strong>Utiliza<\/strong>: Desbloqueador<\/li>\n<\/ul>\n<p>&nbsp;<\/p>\n<p><!--more--><\/p>\n<p>Clique aqui para obter o nosso eliminador de odores biol\u00f3gico de 5 litros: <span style=\"color: #d12727;\"><a style=\"color: #d12727;\" href=\"https:\/\/www.csj-emballages.com\/es\/produit\/eliminador-de-olores-biologico-5-litros\/\">00111<\/a><\/span><\/p>\n<p>&nbsp;<\/p>\n<p><!--more--><\/p>\n<p><a href=\"https:\/\/www.csj-emballages.com\/pt-pt\/categorie-produit\/higiene-e-manutencao\/produtos-de-limpeza\/cozinha\/\">V\u00ea o resto da nossa gama de produtos de cozinha<\/a><\/p>\n","protected":false},"excerpt":{"rendered":"<p>Desentupidor de canos Descri\u00e7\u00e3o do nosso desentupidor de canos de 1 litro<\/p>\n","protected":false},"featured_media":233211,"template":"","meta":{"_acf_changed":false},"product_brand":[],"product_cat":[1222,1223,1348,1286],"product_tag":[],"class_list":{"0":"post-17139","1":"product","2":"type-product","3":"status-publish","4":"has-post-thumbnail","6":"product_cat-higiene-e-manutencao","7":"product_cat-produtos-de-limpeza","8":"product_cat-cozinha","9":"product_cat-sanitario","11":"first","12":"instock","13":"taxable","14":"shipping-taxable","15":"purchasable","16":"product-type-simple"},"acf":[],"yoast_head":"<!-- This site is optimized with the Yoast SEO Premium plugin v26.6 (Yoast SEO v26.6) - https:\/\/yoast.com\/wordpress\/plugins\/seo\/ -->\n<title>1 litro de desentupidor de canos<\/title>\n<meta name=\"description\" content=\"Desentupidor de canos de 1 litro - Remove rapidamente gordura, cabelos e res\u00edduos para manter os canos a fluir sem problemas. A\u00e7\u00e3o poderosa e eficaz.\" \/>\n<meta name=\"robots\" content=\"index, follow, max-snippet:-1, max-image-preview:large, max-video-preview:-1\" \/>\n<link rel=\"canonical\" href=\"https:\/\/www.csj-emballages.com\/pt-pt\/produit\/1-litro-de-desentupidor-de-canos\/\" \/>\n<meta property=\"og:locale\" content=\"pt_PT\" \/>\n<meta property=\"og:type\" content=\"article\" \/>\n<meta property=\"og:title\" content=\"1 litro de desentupidor de canos\" \/>\n<meta property=\"og:description\" content=\"Desentupidor de canos de 1 litro - Remove rapidamente gordura, cabelos e res\u00edduos para manter os canos a fluir sem problemas. A\u00e7\u00e3o poderosa e eficaz.\" \/>\n<meta property=\"og:url\" content=\"https:\/\/www.csj-emballages.com\/pt-pt\/produit\/1-litro-de-desentupidor-de-canos\/\" \/>\n<meta property=\"og:site_name\" content=\"CSJ Emballages\" \/>\n<meta property=\"article:publisher\" content=\"https:\/\/www.facebook.com\/csjemballages\" \/>\n<meta property=\"article:modified_time\" content=\"2026-05-13T00:10:15+00:00\" \/>\n<meta property=\"og:image\" content=\"https:\/\/www.csj-emballages.com\/wp-content\/uploads\/2024\/03\/00110.webp\" \/>\n\t<meta property=\"og:image:width\" content=\"800\" \/>\n\t<meta property=\"og:image:height\" content=\"800\" \/>\n\t<meta property=\"og:image:type\" content=\"image\/webp\" \/>\n<meta name=\"twitter:card\" content=\"summary_large_image\" \/>\n<meta name=\"twitter:label1\" content=\"Tempo estimado de leitura\" \/>\n\t<meta name=\"twitter:data1\" content=\"1 minuto\" \/>\n<script type=\"application\/ld+json\" class=\"yoast-schema-graph\">{\"@context\":\"https:\/\/schema.org\",\"@graph\":[{\"@type\":\"WebPage\",\"@id\":\"https:\/\/www.csj-emballages.com\/pt-pt\/produit\/1-litro-de-desentupidor-de-canos\/\",\"url\":\"https:\/\/www.csj-emballages.com\/pt-pt\/produit\/1-litro-de-desentupidor-de-canos\/\",\"name\":\"1 litro de desentupidor de canos\",\"isPartOf\":{\"@id\":\"https:\/\/www.csj-emballages.com\/pt-pt\/#website\"},\"primaryImageOfPage\":{\"@id\":\"https:\/\/www.csj-emballages.com\/pt-pt\/produit\/1-litro-de-desentupidor-de-canos\/#primaryimage\"},\"image\":{\"@id\":\"https:\/\/www.csj-emballages.com\/pt-pt\/produit\/1-litro-de-desentupidor-de-canos\/#primaryimage\"},\"thumbnailUrl\":\"https:\/\/www.csj-emballages.com\/wp-content\/uploads\/2024\/03\/00110.webp\",\"datePublished\":\"2024-03-01T16:00:21+00:00\",\"dateModified\":\"2026-05-13T00:10:15+00:00\",\"description\":\"Desentupidor de canos de 1 litro - Remove rapidamente gordura, cabelos e res\u00edduos para manter os canos a fluir sem problemas. A\u00e7\u00e3o poderosa e eficaz.\",\"breadcrumb\":{\"@id\":\"https:\/\/www.csj-emballages.com\/pt-pt\/produit\/1-litro-de-desentupidor-de-canos\/#breadcrumb\"},\"inLanguage\":\"pt-PT\",\"potentialAction\":[{\"@type\":\"ReadAction\",\"target\":[\"https:\/\/www.csj-emballages.com\/pt-pt\/produit\/1-litro-de-desentupidor-de-canos\/\"]}]},{\"@type\":\"ImageObject\",\"inLanguage\":\"pt-PT\",\"@id\":\"https:\/\/www.csj-emballages.com\/pt-pt\/produit\/1-litro-de-desentupidor-de-canos\/#primaryimage\",\"url\":\"https:\/\/www.csj-emballages.com\/wp-content\/uploads\/2024\/03\/00110.webp\",\"contentUrl\":\"https:\/\/www.csj-emballages.com\/wp-content\/uploads\/2024\/03\/00110.webp\",\"width\":800,\"height\":800,\"caption\":\"D\u00e9boucheur canalisation\"},{\"@type\":\"BreadcrumbList\",\"@id\":\"https:\/\/www.csj-emballages.com\/pt-pt\/produit\/1-litro-de-desentupidor-de-canos\/#breadcrumb\",\"itemListElement\":[{\"@type\":\"ListItem\",\"position\":1,\"name\":\"Acolhimento\",\"item\":\"https:\/\/www.csj-emballages.com\/pt-pt\/universo-das-embalagens-alimentares\/\"},{\"@type\":\"ListItem\",\"position\":2,\"name\":\"Shop\",\"item\":\"https:\/\/www.csj-emballages.com\/shop\/\"},{\"@type\":\"ListItem\",\"position\":3,\"name\":\"1 litro de desentupidor de canos\"}]},{\"@type\":\"WebSite\",\"@id\":\"https:\/\/www.csj-emballages.com\/pt-pt\/#website\",\"url\":\"https:\/\/www.csj-emballages.com\/pt-pt\/\",\"name\":\"CSJ Emballages\",\"description\":\"\",\"publisher\":{\"@id\":\"https:\/\/www.csj-emballages.com\/pt-pt\/#organization\"},\"potentialAction\":[{\"@type\":\"SearchAction\",\"target\":{\"@type\":\"EntryPoint\",\"urlTemplate\":\"https:\/\/www.csj-emballages.com\/pt-pt\/?s={search_term_string}\"},\"query-input\":{\"@type\":\"PropertyValueSpecification\",\"valueRequired\":true,\"valueName\":\"search_term_string\"}}],\"inLanguage\":\"pt-PT\"},{\"@type\":\"Organization\",\"@id\":\"https:\/\/www.csj-emballages.com\/pt-pt\/#Organization\/\",\"name\":\"CSJ Emballages\",\"url\":\"https:\/\/www.csj-emballages.com\/pt-pt\/\",\"logo\":{\"@type\":\"ImageObject\",\"inLanguage\":\"pt-PT\",\"@id\":\"https:\/\/www.csj-emballages.com\/pt-pt\/#\/schema\/logo\/image\/\",\"url\":\"https:\/\/www.csj-emballages.com\/wp-content\/uploads\/2023\/10\/logo_csj.webp\",\"contentUrl\":\"https:\/\/www.csj-emballages.com\/wp-content\/uploads\/2023\/10\/logo_csj.webp\",\"width\":250,\"height\":95,\"caption\":\"CSJ Emballages\"},\"image\":{\"@id\":\"https:\/\/www.csj-emballages.com\/pt-pt\/#\/schema\/logo\/image\/\"},\"sameAs\":[\"https:\/\/www.facebook.com\/csjemballages\"],\"address\":{\"@type\":\"PostalAddress\",\"streetAddress\":\"ZI La Lechere\",\"addressLocality\":\"Patornay\",\"postalCode\":\"39130\",\"addressCountry\":\"FR\"},\"contactPoint\":[{\"@type\":\"ContactPoint\",\"contactType\":\"Service client\",\"telephone\":\"0384254272\",\"email\":\"contact@csj-emballages.com\"}]}]}<\/script>\n<!-- \/ Yoast SEO Premium plugin. -->","yoast_head_json":{"title":"1 litro de desentupidor de canos","description":"Desentupidor de canos de 1 litro - Remove rapidamente gordura, cabelos e res\u00edduos para manter os canos a fluir sem problemas. A\u00e7\u00e3o poderosa e eficaz.","robots":{"index":"index","follow":"follow","max-snippet":"max-snippet:-1","max-image-preview":"max-image-preview:large","max-video-preview":"max-video-preview:-1"},"canonical":"https:\/\/www.csj-emballages.com\/pt-pt\/produit\/1-litro-de-desentupidor-de-canos\/","og_locale":"pt_PT","og_type":"article","og_title":"1 litro de desentupidor de canos","og_description":"Desentupidor de canos de 1 litro - Remove rapidamente gordura, cabelos e res\u00edduos para manter os canos a fluir sem problemas. A\u00e7\u00e3o poderosa e eficaz.","og_url":"https:\/\/www.csj-emballages.com\/pt-pt\/produit\/1-litro-de-desentupidor-de-canos\/","og_site_name":"CSJ Emballages","article_publisher":"https:\/\/www.facebook.com\/csjemballages","article_modified_time":"2026-05-13T00:10:15+00:00","og_image":[{"width":800,"height":800,"url":"https:\/\/www.csj-emballages.com\/wp-content\/uploads\/2024\/03\/00110.webp","type":"image\/webp"}],"twitter_card":"summary_large_image","twitter_misc":{"Tempo estimado de leitura":"1 minuto"},"schema":{"@context":"https:\/\/schema.org","@graph":[{"@type":"WebPage","@id":"https:\/\/www.csj-emballages.com\/pt-pt\/produit\/1-litro-de-desentupidor-de-canos\/","url":"https:\/\/www.csj-emballages.com\/pt-pt\/produit\/1-litro-de-desentupidor-de-canos\/","name":"1 litro de desentupidor de canos","isPartOf":{"@id":"https:\/\/www.csj-emballages.com\/pt-pt\/#website"},"primaryImageOfPage":{"@id":"https:\/\/www.csj-emballages.com\/pt-pt\/produit\/1-litro-de-desentupidor-de-canos\/#primaryimage"},"image":{"@id":"https:\/\/www.csj-emballages.com\/pt-pt\/produit\/1-litro-de-desentupidor-de-canos\/#primaryimage"},"thumbnailUrl":"https:\/\/www.csj-emballages.com\/wp-content\/uploads\/2024\/03\/00110.webp","datePublished":"2024-03-01T16:00:21+00:00","dateModified":"2026-05-13T00:10:15+00:00","description":"Desentupidor de canos de 1 litro - Remove rapidamente gordura, cabelos e res\u00edduos para manter os canos a fluir sem problemas. A\u00e7\u00e3o poderosa e eficaz.","breadcrumb":{"@id":"https:\/\/www.csj-emballages.com\/pt-pt\/produit\/1-litro-de-desentupidor-de-canos\/#breadcrumb"},"inLanguage":"pt-PT","potentialAction":[{"@type":"ReadAction","target":["https:\/\/www.csj-emballages.com\/pt-pt\/produit\/1-litro-de-desentupidor-de-canos\/"]}]},{"@type":"ImageObject","inLanguage":"pt-PT","@id":"https:\/\/www.csj-emballages.com\/pt-pt\/produit\/1-litro-de-desentupidor-de-canos\/#primaryimage","url":"https:\/\/www.csj-emballages.com\/wp-content\/uploads\/2024\/03\/00110.webp","contentUrl":"https:\/\/www.csj-emballages.com\/wp-content\/uploads\/2024\/03\/00110.webp","width":800,"height":800,"caption":"D\u00e9boucheur canalisation"},{"@type":"BreadcrumbList","@id":"https:\/\/www.csj-emballages.com\/pt-pt\/produit\/1-litro-de-desentupidor-de-canos\/#breadcrumb","itemListElement":[{"@type":"ListItem","position":1,"name":"Acolhimento","item":"https:\/\/www.csj-emballages.com\/pt-pt\/universo-das-embalagens-alimentares\/"},{"@type":"ListItem","position":2,"name":"Shop","item":"https:\/\/www.csj-emballages.com\/shop\/"},{"@type":"ListItem","position":3,"name":"1 litro de desentupidor de canos"}]},{"@type":"WebSite","@id":"https:\/\/www.csj-emballages.com\/pt-pt\/#website","url":"https:\/\/www.csj-emballages.com\/pt-pt\/","name":"CSJ Emballages","description":"","publisher":{"@id":"https:\/\/www.csj-emballages.com\/pt-pt\/#organization"},"potentialAction":[{"@type":"SearchAction","target":{"@type":"EntryPoint","urlTemplate":"https:\/\/www.csj-emballages.com\/pt-pt\/?s={search_term_string}"},"query-input":{"@type":"PropertyValueSpecification","valueRequired":true,"valueName":"search_term_string"}}],"inLanguage":"pt-PT"},{"@type":"Organization","@id":"https:\/\/www.csj-emballages.com\/pt-pt\/#Organization\/","name":"CSJ Emballages","url":"https:\/\/www.csj-emballages.com\/pt-pt\/","logo":{"@type":"ImageObject","inLanguage":"pt-PT","@id":"https:\/\/www.csj-emballages.com\/pt-pt\/#\/schema\/logo\/image\/","url":"https:\/\/www.csj-emballages.com\/wp-content\/uploads\/2023\/10\/logo_csj.webp","contentUrl":"https:\/\/www.csj-emballages.com\/wp-content\/uploads\/2023\/10\/logo_csj.webp","width":250,"height":95,"caption":"CSJ Emballages"},"image":{"@id":"https:\/\/www.csj-emballages.com\/pt-pt\/#\/schema\/logo\/image\/"},"sameAs":["https:\/\/www.facebook.com\/csjemballages"],"address":{"@type":"PostalAddress","streetAddress":"ZI La Lechere","addressLocality":"Patornay","postalCode":"39130","addressCountry":"FR"},"contactPoint":[{"@type":"ContactPoint","contactType":"Service client","telephone":"0384254272","email":"contact@csj-emballages.com"}]}]}},"df_price":6.25,"df_sale_price":"","df_regular_price":6.25,"df_image_link":"https:\/\/www.csj-emballages.com\/wp-content\/uploads\/2024\/03\/00110-300x300.webp","tiered_pricing_type":"fixed","tiered_pricing_fixed_rules":[],"tiered_pricing_percentage_rules":[],"tiered_pricing_minimum":1,"tiered_pricing_roles_data":[],"_links":{"self":[{"href":"https:\/\/www.csj-emballages.com\/pt-pt\/wp-json\/wp\/v2\/product\/17139","targetHints":{"allow":["GET"]}}],"collection":[{"href":"https:\/\/www.csj-emballages.com\/pt-pt\/wp-json\/wp\/v2\/product"}],"about":[{"href":"https:\/\/www.csj-emballages.com\/pt-pt\/wp-json\/wp\/v2\/types\/product"}],"wp:featuredmedia":[{"embeddable":true,"href":"https:\/\/www.csj-emballages.com\/pt-pt\/wp-json\/wp\/v2\/media\/233211"}],"wp:attachment":[{"href":"https:\/\/www.csj-emballages.com\/pt-pt\/wp-json\/wp\/v2\/media?parent=17139"}],"wp:term":[{"taxonomy":"product_brand","embeddable":true,"href":"https:\/\/www.csj-emballages.com\/pt-pt\/wp-json\/wp\/v2\/product_brand?post=17139"},{"taxonomy":"product_cat","embeddable":true,"href":"https:\/\/www.csj-emballages.com\/pt-pt\/wp-json\/wp\/v2\/product_cat?post=17139"},{"taxonomy":"product_tag","embeddable":true,"href":"https:\/\/www.csj-emballages.com\/pt-pt\/wp-json\/wp\/v2\/product_tag?post=17139"}],"curies":[{"name":"wp","href":"https:\/\/api.w.org\/{rel}","templated":true}]}}