{"id":17125,"date":"2024-03-01T17:00:21","date_gmt":"2024-03-01T16:00:21","guid":{"rendered":"https:\/\/u15jnbdpoq.preview.infomaniak.website\/produit\/eliminador-de-odores-biologico-5-litros\/"},"modified":"2026-04-18T02:10:14","modified_gmt":"2026-04-18T00:10:14","slug":"eliminador-de-odores-biologico-5-litros","status":"publish","type":"product","link":"https:\/\/www.csj-emballages.com\/pt-pt\/produit\/eliminador-de-odores-biologico-5-litros\/","title":{"rendered":"Eliminador de odores biol\u00f3gico 5 litros"},"content":{"rendered":"<h2>Eliminador de odores<\/h2>\n<hr>\n<h3>Descri\u00e7\u00e3o do nosso eliminador de odores biol\u00f3gico 5 litros<\/h3>\n<p><!--more--><\/p>\n<div class=\"flex max-w-full flex-col flex-grow\">\n<div class=\"min-h-8 text-message flex w-full flex-col items-end gap-2 whitespace-normal break-words text-start [.text-message+&amp;]:mt-5\" dir=\"auto\" data-message-author-role=\"assistant\" data-message-id=\"74f6a6bc-fb52-432c-838a-4b103a29532e\" data-message-model-slug=\"gpt-4o\">\n<div class=\"flex w-full flex-col gap-1 empty:hidden first:pt-[3px]\">\n<div class=\"markdown prose w-full break-words dark:prose-invert dark\">\n<p class=\"\" data-start=\"215\" data-end=\"641\">Concebido para profissionais de limpeza, autoridades locais e at\u00e9 clientes particulares exigentes, este <strong>eliminador de odores biol\u00f3gico<\/strong> \u00e9 uma solu\u00e7\u00e3o poderosa e natural para <strong>odores<\/strong> desagrad\u00e1veis persistentes. Gra\u00e7as \u00e0 sua f\u00f3rmula avan\u00e7ada baseada em microrganismos naturais e tensioactivos suaves, actua em profundidade para prevenir e neutralizar os fumos desagrad\u00e1veis dos res\u00edduos org\u00e2nicos. <\/p>\n<p class=\"\" data-start=\"643\" data-end=\"1145\">De facto, este produto n\u00e3o se limita a mascarar <strong>os odores<\/strong>, mas trata-os na origem, favorecendo a biodegrada\u00e7\u00e3o das subst\u00e2ncias respons\u00e1veis por estes inc\u00f3modos. \u00c9 particularmente eficaz na manuten\u00e7\u00e3o das zonas sens\u00edveis: canaliza\u00e7\u00f5es, sif\u00f5es, fossas s\u00e9pticas, separadores de gorduras e outros sistemas de tratamento de \u00e1guas residuais. Limita igualmente o entupimento das instala\u00e7\u00f5es, mantendo-as a funcionar corretamente, sem riscos para os utilizadores e o ambiente.  <\/p>\n<p class=\"\" data-start=\"1147\" data-end=\"1413\">O seu formato de <strong data-start=\"1161\" data-end=\"1173\">5 litros<\/strong> \u00e9 ideal para uma utiliza\u00e7\u00e3o regular em cozinhas profissionais, restaurantes, centros comunit\u00e1rios ou em casa. F\u00e1cil de utilizar, basta deitar a quantidade recomendada diretamente nas zonas a tratar. <\/p>\n<p class=\"\" data-start=\"1415\" data-end=\"1554\">Em suma, \u00e9 uma <strong data-start=\"1425\" data-end=\"1453\">alternativa ecol\u00f3gica<\/strong> aos produtos qu\u00edmicos agressivos, com efic\u00e1cia comprovada a longo prazo.<\/p>\n<\/div>\n<\/div>\n<\/div>\n<p data-start=\"1415\" data-end=\"1554\">\n<\/div>\n<p><!--more--><\/p>\n<h4>Vantagens:<\/h4>\n<ul>\n<li>F\u00f3rmula biol\u00f3gica \u00e0 base de microrganismos naturais.<\/li>\n<li>Elimina os odores na origem, sem os mascarar.<\/li>\n<li>Conserva as instala\u00e7\u00f5es (tubagens, fossas, separadores, etc.).<\/li>\n<li>Ideal para uso profissional e dom\u00e9stico.<\/li>\n<li>Formato econ\u00f3mico de 5 litros.<\/li>\n<\/ul>\n<p>&nbsp;<\/p>\n<p><!--more--><\/p>\n<h4>Outras informa\u00e7\u00f5es :<\/h4>\n<ul>\n<li><strong>Embalagem<\/strong>: Por unidade<\/li>\n<li><strong>Volume<\/strong>: 5 litros<\/li>\n<li><strong>Utiliza\u00e7\u00e3o<\/strong>: Eliminador de odores<\/li>\n<\/ul>\n<p>&nbsp;<\/p>\n<p><!--more--><\/p>\n<p class=\"woocommerce-loop-product__title\">Encontre aqui o nosso desentupidor de canos de 1 litro: <span style=\"color: #d12727;\"><a style=\"color: #d12727;\" href=\"https:\/\/www.csj-emballages.com\/es\/produit\/desatascador-de-desagues-de-1-litro\/\">00110<\/a><\/span><\/p>\n<p>&nbsp;<\/p>\n<p><!--more--><\/p>\n<p><a href=\"https:\/\/www.csj-emballages.com\/pt-pt\/categorie-produit\/higiene-e-manutencao\/produtos-de-limpeza\/cozinha\/\">V\u00ea o resto da nossa gama de produtos de cozinha<\/a><\/p>\n","protected":false},"excerpt":{"rendered":"<p>Eliminador de odores Descri\u00e7\u00e3o do nosso eliminador de odores biol\u00f3gico 5 litros<\/p>\n","protected":false},"featured_media":233216,"template":"","meta":{"_acf_changed":false},"product_brand":[],"product_cat":[1222,1223,1348,1286],"product_tag":[],"class_list":{"0":"post-17125","1":"product","2":"type-product","3":"status-publish","4":"has-post-thumbnail","6":"product_cat-higiene-e-manutencao","7":"product_cat-produtos-de-limpeza","8":"product_cat-cozinha","9":"product_cat-sanitario","10":"product_shipping_class-nao-e-permitido-em-reles","12":"first","13":"instock","14":"taxable","15":"shipping-taxable","16":"purchasable","17":"product-type-simple"},"acf":[],"yoast_head":"<!-- This site is optimized with the Yoast SEO Premium plugin v26.6 (Yoast SEO v26.6) - https:\/\/yoast.com\/wordpress\/plugins\/seo\/ -->\n<title>Eliminador de odores biol\u00f3gico 5 litros<\/title>\n<meta name=\"description\" content=\"Eliminador de odores org\u00e2nicos 5L: neutraliza eficazmente os odores org\u00e2nicos em fossas, esgotos e caixas de gordura. F\u00f3rmula natural.\" \/>\n<meta name=\"robots\" content=\"index, follow, max-snippet:-1, max-image-preview:large, max-video-preview:-1\" \/>\n<link rel=\"canonical\" href=\"https:\/\/www.csj-emballages.com\/pt-pt\/produit\/eliminador-de-odores-biologico-5-litros\/\" \/>\n<meta property=\"og:locale\" content=\"pt_PT\" \/>\n<meta property=\"og:type\" content=\"article\" \/>\n<meta property=\"og:title\" content=\"Eliminador de odores biol\u00f3gico 5 litros\" \/>\n<meta property=\"og:description\" content=\"Eliminador de odores org\u00e2nicos 5L: neutraliza eficazmente os odores org\u00e2nicos em fossas, esgotos e caixas de gordura. F\u00f3rmula natural.\" \/>\n<meta property=\"og:url\" content=\"https:\/\/www.csj-emballages.com\/pt-pt\/produit\/eliminador-de-odores-biologico-5-litros\/\" \/>\n<meta property=\"og:site_name\" content=\"CSJ Emballages\" \/>\n<meta property=\"article:publisher\" content=\"https:\/\/www.facebook.com\/csjemballages\" \/>\n<meta property=\"article:modified_time\" content=\"2026-04-18T00:10:14+00:00\" \/>\n<meta property=\"og:image\" content=\"https:\/\/www.csj-emballages.com\/wp-content\/uploads\/2024\/03\/00111.webp\" \/>\n\t<meta property=\"og:image:width\" content=\"800\" \/>\n\t<meta property=\"og:image:height\" content=\"800\" \/>\n\t<meta property=\"og:image:type\" content=\"image\/webp\" \/>\n<meta name=\"twitter:card\" content=\"summary_large_image\" \/>\n<meta name=\"twitter:label1\" content=\"Tempo estimado de leitura\" \/>\n\t<meta name=\"twitter:data1\" content=\"1 minuto\" \/>\n<script type=\"application\/ld+json\" class=\"yoast-schema-graph\">{\"@context\":\"https:\/\/schema.org\",\"@graph\":[{\"@type\":\"WebPage\",\"@id\":\"https:\/\/www.csj-emballages.com\/pt-pt\/produit\/eliminador-de-odores-biologico-5-litros\/\",\"url\":\"https:\/\/www.csj-emballages.com\/pt-pt\/produit\/eliminador-de-odores-biologico-5-litros\/\",\"name\":\"Eliminador de odores biol\u00f3gico 5 litros\",\"isPartOf\":{\"@id\":\"https:\/\/www.csj-emballages.com\/pt-pt\/#website\"},\"primaryImageOfPage\":{\"@id\":\"https:\/\/www.csj-emballages.com\/pt-pt\/produit\/eliminador-de-odores-biologico-5-litros\/#primaryimage\"},\"image\":{\"@id\":\"https:\/\/www.csj-emballages.com\/pt-pt\/produit\/eliminador-de-odores-biologico-5-litros\/#primaryimage\"},\"thumbnailUrl\":\"https:\/\/www.csj-emballages.com\/wp-content\/uploads\/2024\/03\/00111.webp\",\"datePublished\":\"2024-03-01T16:00:21+00:00\",\"dateModified\":\"2026-04-18T00:10:14+00:00\",\"description\":\"Eliminador de odores org\u00e2nicos 5L: neutraliza eficazmente os odores org\u00e2nicos em fossas, esgotos e caixas de gordura. F\u00f3rmula natural.\",\"breadcrumb\":{\"@id\":\"https:\/\/www.csj-emballages.com\/pt-pt\/produit\/eliminador-de-odores-biologico-5-litros\/#breadcrumb\"},\"inLanguage\":\"pt-PT\",\"potentialAction\":[{\"@type\":\"ReadAction\",\"target\":[\"https:\/\/www.csj-emballages.com\/pt-pt\/produit\/eliminador-de-odores-biologico-5-litros\/\"]}]},{\"@type\":\"ImageObject\",\"inLanguage\":\"pt-PT\",\"@id\":\"https:\/\/www.csj-emballages.com\/pt-pt\/produit\/eliminador-de-odores-biologico-5-litros\/#primaryimage\",\"url\":\"https:\/\/www.csj-emballages.com\/wp-content\/uploads\/2024\/03\/00111.webp\",\"contentUrl\":\"https:\/\/www.csj-emballages.com\/wp-content\/uploads\/2024\/03\/00111.webp\",\"width\":800,\"height\":800,\"caption\":\"\u00c9liminateur odeur\"},{\"@type\":\"BreadcrumbList\",\"@id\":\"https:\/\/www.csj-emballages.com\/pt-pt\/produit\/eliminador-de-odores-biologico-5-litros\/#breadcrumb\",\"itemListElement\":[{\"@type\":\"ListItem\",\"position\":1,\"name\":\"Acolhimento\",\"item\":\"https:\/\/www.csj-emballages.com\/pt-pt\/universo-das-embalagens-alimentares\/\"},{\"@type\":\"ListItem\",\"position\":2,\"name\":\"Shop\",\"item\":\"https:\/\/www.csj-emballages.com\/shop\/\"},{\"@type\":\"ListItem\",\"position\":3,\"name\":\"Eliminador de odores biol\u00f3gico 5 litros\"}]},{\"@type\":\"WebSite\",\"@id\":\"https:\/\/www.csj-emballages.com\/pt-pt\/#website\",\"url\":\"https:\/\/www.csj-emballages.com\/pt-pt\/\",\"name\":\"CSJ Emballages\",\"description\":\"\",\"publisher\":{\"@id\":\"https:\/\/www.csj-emballages.com\/pt-pt\/#organization\"},\"potentialAction\":[{\"@type\":\"SearchAction\",\"target\":{\"@type\":\"EntryPoint\",\"urlTemplate\":\"https:\/\/www.csj-emballages.com\/pt-pt\/?s={search_term_string}\"},\"query-input\":{\"@type\":\"PropertyValueSpecification\",\"valueRequired\":true,\"valueName\":\"search_term_string\"}}],\"inLanguage\":\"pt-PT\"},{\"@type\":\"Organization\",\"@id\":\"https:\/\/www.csj-emballages.com\/pt-pt\/#Organization\/\",\"name\":\"CSJ Emballages\",\"url\":\"https:\/\/www.csj-emballages.com\/pt-pt\/\",\"logo\":{\"@type\":\"ImageObject\",\"inLanguage\":\"pt-PT\",\"@id\":\"https:\/\/www.csj-emballages.com\/pt-pt\/#\/schema\/logo\/image\/\",\"url\":\"https:\/\/www.csj-emballages.com\/wp-content\/uploads\/2023\/10\/logo_csj.webp\",\"contentUrl\":\"https:\/\/www.csj-emballages.com\/wp-content\/uploads\/2023\/10\/logo_csj.webp\",\"width\":250,\"height\":95,\"caption\":\"CSJ Emballages\"},\"image\":{\"@id\":\"https:\/\/www.csj-emballages.com\/pt-pt\/#\/schema\/logo\/image\/\"},\"sameAs\":[\"https:\/\/www.facebook.com\/csjemballages\"],\"address\":{\"@type\":\"PostalAddress\",\"streetAddress\":\"ZI La Lechere\",\"addressLocality\":\"Patornay\",\"postalCode\":\"39130\",\"addressCountry\":\"FR\"},\"contactPoint\":[{\"@type\":\"ContactPoint\",\"contactType\":\"Service client\",\"telephone\":\"0384254272\",\"email\":\"contact@csj-emballages.com\"}]}]}<\/script>\n<!-- \/ Yoast SEO Premium plugin. -->","yoast_head_json":{"title":"Eliminador de odores biol\u00f3gico 5 litros","description":"Eliminador de odores org\u00e2nicos 5L: neutraliza eficazmente os odores org\u00e2nicos em fossas, esgotos e caixas de gordura. F\u00f3rmula natural.","robots":{"index":"index","follow":"follow","max-snippet":"max-snippet:-1","max-image-preview":"max-image-preview:large","max-video-preview":"max-video-preview:-1"},"canonical":"https:\/\/www.csj-emballages.com\/pt-pt\/produit\/eliminador-de-odores-biologico-5-litros\/","og_locale":"pt_PT","og_type":"article","og_title":"Eliminador de odores biol\u00f3gico 5 litros","og_description":"Eliminador de odores org\u00e2nicos 5L: neutraliza eficazmente os odores org\u00e2nicos em fossas, esgotos e caixas de gordura. F\u00f3rmula natural.","og_url":"https:\/\/www.csj-emballages.com\/pt-pt\/produit\/eliminador-de-odores-biologico-5-litros\/","og_site_name":"CSJ Emballages","article_publisher":"https:\/\/www.facebook.com\/csjemballages","article_modified_time":"2026-04-18T00:10:14+00:00","og_image":[{"width":800,"height":800,"url":"https:\/\/www.csj-emballages.com\/wp-content\/uploads\/2024\/03\/00111.webp","type":"image\/webp"}],"twitter_card":"summary_large_image","twitter_misc":{"Tempo estimado de leitura":"1 minuto"},"schema":{"@context":"https:\/\/schema.org","@graph":[{"@type":"WebPage","@id":"https:\/\/www.csj-emballages.com\/pt-pt\/produit\/eliminador-de-odores-biologico-5-litros\/","url":"https:\/\/www.csj-emballages.com\/pt-pt\/produit\/eliminador-de-odores-biologico-5-litros\/","name":"Eliminador de odores biol\u00f3gico 5 litros","isPartOf":{"@id":"https:\/\/www.csj-emballages.com\/pt-pt\/#website"},"primaryImageOfPage":{"@id":"https:\/\/www.csj-emballages.com\/pt-pt\/produit\/eliminador-de-odores-biologico-5-litros\/#primaryimage"},"image":{"@id":"https:\/\/www.csj-emballages.com\/pt-pt\/produit\/eliminador-de-odores-biologico-5-litros\/#primaryimage"},"thumbnailUrl":"https:\/\/www.csj-emballages.com\/wp-content\/uploads\/2024\/03\/00111.webp","datePublished":"2024-03-01T16:00:21+00:00","dateModified":"2026-04-18T00:10:14+00:00","description":"Eliminador de odores org\u00e2nicos 5L: neutraliza eficazmente os odores org\u00e2nicos em fossas, esgotos e caixas de gordura. F\u00f3rmula natural.","breadcrumb":{"@id":"https:\/\/www.csj-emballages.com\/pt-pt\/produit\/eliminador-de-odores-biologico-5-litros\/#breadcrumb"},"inLanguage":"pt-PT","potentialAction":[{"@type":"ReadAction","target":["https:\/\/www.csj-emballages.com\/pt-pt\/produit\/eliminador-de-odores-biologico-5-litros\/"]}]},{"@type":"ImageObject","inLanguage":"pt-PT","@id":"https:\/\/www.csj-emballages.com\/pt-pt\/produit\/eliminador-de-odores-biologico-5-litros\/#primaryimage","url":"https:\/\/www.csj-emballages.com\/wp-content\/uploads\/2024\/03\/00111.webp","contentUrl":"https:\/\/www.csj-emballages.com\/wp-content\/uploads\/2024\/03\/00111.webp","width":800,"height":800,"caption":"\u00c9liminateur odeur"},{"@type":"BreadcrumbList","@id":"https:\/\/www.csj-emballages.com\/pt-pt\/produit\/eliminador-de-odores-biologico-5-litros\/#breadcrumb","itemListElement":[{"@type":"ListItem","position":1,"name":"Acolhimento","item":"https:\/\/www.csj-emballages.com\/pt-pt\/universo-das-embalagens-alimentares\/"},{"@type":"ListItem","position":2,"name":"Shop","item":"https:\/\/www.csj-emballages.com\/shop\/"},{"@type":"ListItem","position":3,"name":"Eliminador de odores biol\u00f3gico 5 litros"}]},{"@type":"WebSite","@id":"https:\/\/www.csj-emballages.com\/pt-pt\/#website","url":"https:\/\/www.csj-emballages.com\/pt-pt\/","name":"CSJ Emballages","description":"","publisher":{"@id":"https:\/\/www.csj-emballages.com\/pt-pt\/#organization"},"potentialAction":[{"@type":"SearchAction","target":{"@type":"EntryPoint","urlTemplate":"https:\/\/www.csj-emballages.com\/pt-pt\/?s={search_term_string}"},"query-input":{"@type":"PropertyValueSpecification","valueRequired":true,"valueName":"search_term_string"}}],"inLanguage":"pt-PT"},{"@type":"Organization","@id":"https:\/\/www.csj-emballages.com\/pt-pt\/#Organization\/","name":"CSJ Emballages","url":"https:\/\/www.csj-emballages.com\/pt-pt\/","logo":{"@type":"ImageObject","inLanguage":"pt-PT","@id":"https:\/\/www.csj-emballages.com\/pt-pt\/#\/schema\/logo\/image\/","url":"https:\/\/www.csj-emballages.com\/wp-content\/uploads\/2023\/10\/logo_csj.webp","contentUrl":"https:\/\/www.csj-emballages.com\/wp-content\/uploads\/2023\/10\/logo_csj.webp","width":250,"height":95,"caption":"CSJ Emballages"},"image":{"@id":"https:\/\/www.csj-emballages.com\/pt-pt\/#\/schema\/logo\/image\/"},"sameAs":["https:\/\/www.facebook.com\/csjemballages"],"address":{"@type":"PostalAddress","streetAddress":"ZI La Lechere","addressLocality":"Patornay","postalCode":"39130","addressCountry":"FR"},"contactPoint":[{"@type":"ContactPoint","contactType":"Service client","telephone":"0384254272","email":"contact@csj-emballages.com"}]}]}},"df_price":33.25,"df_sale_price":"","df_regular_price":33.25,"df_image_link":"https:\/\/www.csj-emballages.com\/wp-content\/uploads\/2024\/03\/00111-300x300.webp","tiered_pricing_type":"fixed","tiered_pricing_fixed_rules":[],"tiered_pricing_percentage_rules":[],"tiered_pricing_minimum":1,"tiered_pricing_roles_data":[],"_links":{"self":[{"href":"https:\/\/www.csj-emballages.com\/pt-pt\/wp-json\/wp\/v2\/product\/17125","targetHints":{"allow":["GET"]}}],"collection":[{"href":"https:\/\/www.csj-emballages.com\/pt-pt\/wp-json\/wp\/v2\/product"}],"about":[{"href":"https:\/\/www.csj-emballages.com\/pt-pt\/wp-json\/wp\/v2\/types\/product"}],"wp:featuredmedia":[{"embeddable":true,"href":"https:\/\/www.csj-emballages.com\/pt-pt\/wp-json\/wp\/v2\/media\/233216"}],"wp:attachment":[{"href":"https:\/\/www.csj-emballages.com\/pt-pt\/wp-json\/wp\/v2\/media?parent=17125"}],"wp:term":[{"taxonomy":"product_brand","embeddable":true,"href":"https:\/\/www.csj-emballages.com\/pt-pt\/wp-json\/wp\/v2\/product_brand?post=17125"},{"taxonomy":"product_cat","embeddable":true,"href":"https:\/\/www.csj-emballages.com\/pt-pt\/wp-json\/wp\/v2\/product_cat?post=17125"},{"taxonomy":"product_tag","embeddable":true,"href":"https:\/\/www.csj-emballages.com\/pt-pt\/wp-json\/wp\/v2\/product_tag?post=17125"}],"curies":[{"name":"wp","href":"https:\/\/api.w.org\/{rel}","templated":true}]}}