{"id":17113,"date":"2024-03-01T17:00:21","date_gmt":"2024-03-01T16:00:21","guid":{"rendered":"https:\/\/u15jnbdpoq.preview.infomaniak.website\/produit\/agua-desmineralizada-lata-de-5l\/"},"modified":"2026-03-12T16:00:15","modified_gmt":"2026-03-12T15:00:15","slug":"agua-desmineralizada-lata-de-5l","status":"publish","type":"product","link":"https:\/\/www.csj-emballages.com\/pt-pt\/produit\/agua-desmineralizada-lata-de-5l\/","title":{"rendered":"\u00c1gua desmineralizada Lata de 5L"},"content":{"rendered":"<h2 class=\"ai-optimize-33\">\u00c1gua desmineralizada<\/h2>\n<hr>\n<h3 class=\"ai-optimize-34\">Descri\u00e7\u00e3o da nossa lata de \u00e1gua desmineralizada 5L<\/h3>\n<p><!--more--><\/p>\n<p class=\"ai-optimize-28 ai-optimize-introduction\" data-start=\"246\" data-end=\"569\"><strong>A \u00e1gua desmineralizada<\/strong> \u00e9 uma solu\u00e7\u00e3o simples, econ\u00f3mica e muito eficaz para prolongar a vida dos seus aparelhos sens\u00edveis ao calc\u00e1rio. Este <strong>recipiente de<\/strong> <strong>5 litros<\/strong> proporciona-lhe um abastecimento confort\u00e1vel para as suas necessidades dom\u00e9sticas ou profissionais, ajudando-o a manter o seu equipamento numa base di\u00e1ria. <\/p>\n<p class=\"ai-optimize-29\" data-start=\"571\" data-end=\"908\">Esta <strong>\u00e1gua<\/strong> sem minerais \u00e9 ideal para utiliza\u00e7\u00e3o em <strong data-start=\"645\" data-end=\"664\">ferros<\/strong> de <strong data-start=\"645\" data-end=\"664\">engomar<\/strong>, <strong data-start=\"666\" data-end=\"686\">geradores de vapor<\/strong>, <strong data-start=\"688\" data-end=\"709\">m\u00e1quinas de limpeza a vapor<\/strong> e <strong data-start=\"724\" data-end=\"755\">decapantes de papel de parede<\/strong>. Evita a forma\u00e7\u00e3o de dep\u00f3sitos calc\u00e1rios nos circuitos internos, prolongando a sua vida \u00fatil e reduzindo o risco de avarias. <\/p>\n<p class=\"ai-optimize-30\" data-start=\"910\" data-end=\"1159\">Mas n\u00e3o \u00e9 tudo: tamb\u00e9m \u00e9 utilizado no <strong data-start=\"970\" data-end=\"992\">sector autom\u00f3vel<\/strong>, para <strong data-start=\"999\" data-end=\"1017\">radiadores<\/strong>, <strong data-start=\"1019\" data-end=\"1032\">baterias<\/strong> e <strong data-start=\"1043\" data-end=\"1058\">lavadores de para-brisas<\/strong>. No inverno, pode ser misturado com \u00e1lcool a 90\u00b0 ou 95\u00b0 para uma maior efic\u00e1cia anticongelante. <\/p>\n<p class=\"ai-optimize-31\" data-start=\"1161\" data-end=\"1367\">Em suma, quer se trate de um particular que procura a manuten\u00e7\u00e3o dos seus aparelhos ou de um profissional que procura um produto fi\u00e1vel e econ\u00f3mico, esta <strong>lata de 5 litros de<\/strong> \u00e1gua desmineralizada \u00e9 uma aposta segura.<\/p>\n<p><!--more--><\/p>\n<h4 class=\"ai-optimize-37\"><strong>Vantagens:<\/strong><\/h4>\n<ul>\n<li class=\"ai-optimize-38\">Protege os seus aparelhos do calc\u00e1rio e prolonga a sua vida \u00fatil.<\/li>\n<li class=\"ai-optimize-39\">Ideal para ferros de engomar, ferros a vapor, m\u00e1quinas de limpeza a vapor, radiadores, baterias, etc.<\/li>\n<li class=\"ai-optimize-40\"><strong>Vers\u00e1til<\/strong>: para uso dom\u00e9stico, autom\u00f3vel ou profissional.<\/li>\n<li class=\"ai-optimize-50\">Econ\u00f3mico: embalagem pr\u00e1tica e duradoura de 5L.<\/li>\n<\/ul>\n<p>&nbsp;<\/p>\n<p><!--more--><\/p>\n<h4 class=\"ai-optimize-43\">Outras informa\u00e7\u00f5es :<\/h4>\n<ul>\n<li class=\"ai-optimize-44\"><strong>Embalagem<\/strong>: Por unidade<\/li>\n<li class=\"ai-optimize-51\"><strong>Utiliza\u00e7\u00e3o<\/strong>: \u00c1gua desmineralizada<\/li>\n<li class=\"ai-optimize-52\"><strong>Volume<\/strong>: 5 litros<\/li>\n<\/ul>\n<p>&nbsp;<\/p>\n<p><!--more--><\/p>\n<p class=\"ai-optimize-63\">Descubra tamb\u00e9m as nossas pastilhas desinfectantes para m\u00e1quinas de lavar roupa Super ACTIV&#8217; 3,125 Kg: <span style=\"color: #d12727;\"><a style=\"color: #d12727;\" href=\"https:\/\/www.csj-emballages.com\/es\/produit\/pastillas-desinfectantes-para-lavadoras-super-activ-3125-kg\/\"><span style=\"color: #d12727;\">01025<\/span><\/a><\/span><\/p>\n<p>&nbsp;<\/p>\n<p><!--more--><\/p>\n<p class=\"ai-optimize-45\"><a href=\"https:\/\/www.csj-emballages.com\/pt-pt\/categorie-produit\/higiene-e-manutencao\/produtos-de-limpeza\/linho\/\">V\u00ea o resto da nossa gama de produtos de lavandaria<\/a><\/p>\n","protected":false},"excerpt":{"rendered":"<p>\u00c1gua desmineralizada Descri\u00e7\u00e3o da nossa lata de \u00e1gua desmineralizada 5L<\/p>\n","protected":false},"featured_media":236888,"template":"","meta":{"_acf_changed":false},"product_brand":[],"product_cat":[1222,1223,1337],"product_tag":[],"class_list":{"0":"post-17113","1":"product","2":"type-product","3":"status-publish","4":"has-post-thumbnail","6":"product_cat-higiene-e-manutencao","7":"product_cat-produtos-de-limpeza","8":"product_cat-linho","9":"product_shipping_class-nao-e-permitido-em-reles","11":"first","12":"instock","13":"taxable","14":"shipping-taxable","15":"purchasable","16":"product-type-simple"},"acf":[],"yoast_head":"<!-- This site is optimized with the Yoast SEO Premium plugin v26.6 (Yoast SEO v26.6) - https:\/\/yoast.com\/wordpress\/plugins\/seo\/ -->\n<title>\u00c1gua desmineralizada Lata de 5L<\/title>\n<meta name=\"description\" content=\"5L de \u00e1gua desmineralizada para proteger ferros de engomar, radiadores, m\u00e1quinas de limpeza a vapor... Uma solu\u00e7\u00e3o anti-calc\u00e1rio econ\u00f3mica, polivalente e fi\u00e1vel.\" \/>\n<meta name=\"robots\" content=\"index, follow, max-snippet:-1, max-image-preview:large, max-video-preview:-1\" \/>\n<link rel=\"canonical\" href=\"https:\/\/www.csj-emballages.com\/pt-pt\/produit\/agua-desmineralizada-lata-de-5l\/\" \/>\n<meta property=\"og:locale\" content=\"pt_PT\" \/>\n<meta property=\"og:type\" content=\"article\" \/>\n<meta property=\"og:title\" content=\"\u00c1gua desmineralizada Lata de 5L\" \/>\n<meta property=\"og:description\" content=\"5L de \u00e1gua desmineralizada para proteger ferros de engomar, radiadores, m\u00e1quinas de limpeza a vapor... Uma solu\u00e7\u00e3o anti-calc\u00e1rio econ\u00f3mica, polivalente e fi\u00e1vel.\" \/>\n<meta property=\"og:url\" content=\"https:\/\/www.csj-emballages.com\/pt-pt\/produit\/agua-desmineralizada-lata-de-5l\/\" \/>\n<meta property=\"og:site_name\" content=\"CSJ Emballages\" \/>\n<meta property=\"article:publisher\" content=\"https:\/\/www.facebook.com\/csjemballages\" \/>\n<meta property=\"article:modified_time\" content=\"2026-03-12T15:00:15+00:00\" \/>\n<meta property=\"og:image\" content=\"https:\/\/www.csj-emballages.com\/wp-content\/uploads\/2024\/03\/eau-demineralisee-5l-litres-bidon-grossiste-csj-emballages-big-jpg.webp\" \/>\n\t<meta property=\"og:image:width\" content=\"300\" \/>\n\t<meta property=\"og:image:height\" content=\"300\" \/>\n\t<meta property=\"og:image:type\" content=\"image\/jpeg\" \/>\n<meta name=\"twitter:card\" content=\"summary_large_image\" \/>\n<meta name=\"twitter:label1\" content=\"Tempo estimado de leitura\" \/>\n\t<meta name=\"twitter:data1\" content=\"1 minuto\" \/>\n<script type=\"application\/ld+json\" class=\"yoast-schema-graph\">{\"@context\":\"https:\/\/schema.org\",\"@graph\":[{\"@type\":\"WebPage\",\"@id\":\"https:\/\/www.csj-emballages.com\/pt-pt\/produit\/agua-desmineralizada-lata-de-5l\/\",\"url\":\"https:\/\/www.csj-emballages.com\/pt-pt\/produit\/agua-desmineralizada-lata-de-5l\/\",\"name\":\"\u00c1gua desmineralizada Lata de 5L\",\"isPartOf\":{\"@id\":\"https:\/\/www.csj-emballages.com\/pt-pt\/#website\"},\"primaryImageOfPage\":{\"@id\":\"https:\/\/www.csj-emballages.com\/pt-pt\/produit\/agua-desmineralizada-lata-de-5l\/#primaryimage\"},\"image\":{\"@id\":\"https:\/\/www.csj-emballages.com\/pt-pt\/produit\/agua-desmineralizada-lata-de-5l\/#primaryimage\"},\"thumbnailUrl\":\"https:\/\/www.csj-emballages.com\/wp-content\/uploads\/2024\/03\/00106.webp\",\"datePublished\":\"2024-03-01T16:00:21+00:00\",\"dateModified\":\"2026-03-12T15:00:15+00:00\",\"description\":\"5L de \u00e1gua desmineralizada para proteger ferros de engomar, radiadores, m\u00e1quinas de limpeza a vapor... Uma solu\u00e7\u00e3o anti-calc\u00e1rio econ\u00f3mica, polivalente e fi\u00e1vel.\",\"breadcrumb\":{\"@id\":\"https:\/\/www.csj-emballages.com\/pt-pt\/produit\/agua-desmineralizada-lata-de-5l\/#breadcrumb\"},\"inLanguage\":\"pt-PT\",\"potentialAction\":[{\"@type\":\"ReadAction\",\"target\":[\"https:\/\/www.csj-emballages.com\/pt-pt\/produit\/agua-desmineralizada-lata-de-5l\/\"]}]},{\"@type\":\"ImageObject\",\"inLanguage\":\"pt-PT\",\"@id\":\"https:\/\/www.csj-emballages.com\/pt-pt\/produit\/agua-desmineralizada-lata-de-5l\/#primaryimage\",\"url\":\"https:\/\/www.csj-emballages.com\/wp-content\/uploads\/2024\/03\/00106.webp\",\"contentUrl\":\"https:\/\/www.csj-emballages.com\/wp-content\/uploads\/2024\/03\/00106.webp\",\"width\":800,\"height\":800,\"caption\":\"Eau d\u00e9min\u00e9ralis\u00e9e\"},{\"@type\":\"BreadcrumbList\",\"@id\":\"https:\/\/www.csj-emballages.com\/pt-pt\/produit\/agua-desmineralizada-lata-de-5l\/#breadcrumb\",\"itemListElement\":[{\"@type\":\"ListItem\",\"position\":1,\"name\":\"Acolhimento\",\"item\":\"https:\/\/www.csj-emballages.com\/pt-pt\/universo-das-embalagens-alimentares\/\"},{\"@type\":\"ListItem\",\"position\":2,\"name\":\"Shop\",\"item\":\"https:\/\/www.csj-emballages.com\/shop\/\"},{\"@type\":\"ListItem\",\"position\":3,\"name\":\"\u00c1gua desmineralizada Lata de 5L\"}]},{\"@type\":\"WebSite\",\"@id\":\"https:\/\/www.csj-emballages.com\/pt-pt\/#website\",\"url\":\"https:\/\/www.csj-emballages.com\/pt-pt\/\",\"name\":\"CSJ Emballages\",\"description\":\"\",\"publisher\":{\"@id\":\"https:\/\/www.csj-emballages.com\/pt-pt\/#organization\"},\"potentialAction\":[{\"@type\":\"SearchAction\",\"target\":{\"@type\":\"EntryPoint\",\"urlTemplate\":\"https:\/\/www.csj-emballages.com\/pt-pt\/?s={search_term_string}\"},\"query-input\":{\"@type\":\"PropertyValueSpecification\",\"valueRequired\":true,\"valueName\":\"search_term_string\"}}],\"inLanguage\":\"pt-PT\"},{\"@type\":\"Organization\",\"@id\":\"https:\/\/www.csj-emballages.com\/pt-pt\/#Organization\/\",\"name\":\"CSJ Emballages\",\"url\":\"https:\/\/www.csj-emballages.com\/pt-pt\/\",\"logo\":{\"@type\":\"ImageObject\",\"inLanguage\":\"pt-PT\",\"@id\":\"https:\/\/www.csj-emballages.com\/pt-pt\/#\/schema\/logo\/image\/\",\"url\":\"https:\/\/www.csj-emballages.com\/wp-content\/uploads\/2023\/10\/logo_csj.webp\",\"contentUrl\":\"https:\/\/www.csj-emballages.com\/wp-content\/uploads\/2023\/10\/logo_csj.webp\",\"width\":250,\"height\":95,\"caption\":\"CSJ Emballages\"},\"image\":{\"@id\":\"https:\/\/www.csj-emballages.com\/pt-pt\/#\/schema\/logo\/image\/\"},\"sameAs\":[\"https:\/\/www.facebook.com\/csjemballages\"],\"address\":{\"@type\":\"PostalAddress\",\"streetAddress\":\"ZI La Lechere\",\"addressLocality\":\"Patornay\",\"postalCode\":\"39130\",\"addressCountry\":\"FR\"},\"contactPoint\":[{\"@type\":\"ContactPoint\",\"contactType\":\"Service client\",\"telephone\":\"0384254272\",\"email\":\"contact@csj-emballages.com\"}]}]}<\/script>\n<!-- \/ Yoast SEO Premium plugin. -->","yoast_head_json":{"title":"\u00c1gua desmineralizada Lata de 5L","description":"5L de \u00e1gua desmineralizada para proteger ferros de engomar, radiadores, m\u00e1quinas de limpeza a vapor... Uma solu\u00e7\u00e3o anti-calc\u00e1rio econ\u00f3mica, polivalente e fi\u00e1vel.","robots":{"index":"index","follow":"follow","max-snippet":"max-snippet:-1","max-image-preview":"max-image-preview:large","max-video-preview":"max-video-preview:-1"},"canonical":"https:\/\/www.csj-emballages.com\/pt-pt\/produit\/agua-desmineralizada-lata-de-5l\/","og_locale":"pt_PT","og_type":"article","og_title":"\u00c1gua desmineralizada Lata de 5L","og_description":"5L de \u00e1gua desmineralizada para proteger ferros de engomar, radiadores, m\u00e1quinas de limpeza a vapor... Uma solu\u00e7\u00e3o anti-calc\u00e1rio econ\u00f3mica, polivalente e fi\u00e1vel.","og_url":"https:\/\/www.csj-emballages.com\/pt-pt\/produit\/agua-desmineralizada-lata-de-5l\/","og_site_name":"CSJ Emballages","article_publisher":"https:\/\/www.facebook.com\/csjemballages","article_modified_time":"2026-03-12T15:00:15+00:00","og_image":[{"width":300,"height":300,"url":"https:\/\/www.csj-emballages.com\/wp-content\/uploads\/2024\/03\/eau-demineralisee-5l-litres-bidon-grossiste-csj-emballages-big-jpg.webp","type":"image\/jpeg"}],"twitter_card":"summary_large_image","twitter_misc":{"Tempo estimado de leitura":"1 minuto"},"schema":{"@context":"https:\/\/schema.org","@graph":[{"@type":"WebPage","@id":"https:\/\/www.csj-emballages.com\/pt-pt\/produit\/agua-desmineralizada-lata-de-5l\/","url":"https:\/\/www.csj-emballages.com\/pt-pt\/produit\/agua-desmineralizada-lata-de-5l\/","name":"\u00c1gua desmineralizada Lata de 5L","isPartOf":{"@id":"https:\/\/www.csj-emballages.com\/pt-pt\/#website"},"primaryImageOfPage":{"@id":"https:\/\/www.csj-emballages.com\/pt-pt\/produit\/agua-desmineralizada-lata-de-5l\/#primaryimage"},"image":{"@id":"https:\/\/www.csj-emballages.com\/pt-pt\/produit\/agua-desmineralizada-lata-de-5l\/#primaryimage"},"thumbnailUrl":"https:\/\/www.csj-emballages.com\/wp-content\/uploads\/2024\/03\/00106.webp","datePublished":"2024-03-01T16:00:21+00:00","dateModified":"2026-03-12T15:00:15+00:00","description":"5L de \u00e1gua desmineralizada para proteger ferros de engomar, radiadores, m\u00e1quinas de limpeza a vapor... Uma solu\u00e7\u00e3o anti-calc\u00e1rio econ\u00f3mica, polivalente e fi\u00e1vel.","breadcrumb":{"@id":"https:\/\/www.csj-emballages.com\/pt-pt\/produit\/agua-desmineralizada-lata-de-5l\/#breadcrumb"},"inLanguage":"pt-PT","potentialAction":[{"@type":"ReadAction","target":["https:\/\/www.csj-emballages.com\/pt-pt\/produit\/agua-desmineralizada-lata-de-5l\/"]}]},{"@type":"ImageObject","inLanguage":"pt-PT","@id":"https:\/\/www.csj-emballages.com\/pt-pt\/produit\/agua-desmineralizada-lata-de-5l\/#primaryimage","url":"https:\/\/www.csj-emballages.com\/wp-content\/uploads\/2024\/03\/00106.webp","contentUrl":"https:\/\/www.csj-emballages.com\/wp-content\/uploads\/2024\/03\/00106.webp","width":800,"height":800,"caption":"Eau d\u00e9min\u00e9ralis\u00e9e"},{"@type":"BreadcrumbList","@id":"https:\/\/www.csj-emballages.com\/pt-pt\/produit\/agua-desmineralizada-lata-de-5l\/#breadcrumb","itemListElement":[{"@type":"ListItem","position":1,"name":"Acolhimento","item":"https:\/\/www.csj-emballages.com\/pt-pt\/universo-das-embalagens-alimentares\/"},{"@type":"ListItem","position":2,"name":"Shop","item":"https:\/\/www.csj-emballages.com\/shop\/"},{"@type":"ListItem","position":3,"name":"\u00c1gua desmineralizada Lata de 5L"}]},{"@type":"WebSite","@id":"https:\/\/www.csj-emballages.com\/pt-pt\/#website","url":"https:\/\/www.csj-emballages.com\/pt-pt\/","name":"CSJ Emballages","description":"","publisher":{"@id":"https:\/\/www.csj-emballages.com\/pt-pt\/#organization"},"potentialAction":[{"@type":"SearchAction","target":{"@type":"EntryPoint","urlTemplate":"https:\/\/www.csj-emballages.com\/pt-pt\/?s={search_term_string}"},"query-input":{"@type":"PropertyValueSpecification","valueRequired":true,"valueName":"search_term_string"}}],"inLanguage":"pt-PT"},{"@type":"Organization","@id":"https:\/\/www.csj-emballages.com\/pt-pt\/#Organization\/","name":"CSJ Emballages","url":"https:\/\/www.csj-emballages.com\/pt-pt\/","logo":{"@type":"ImageObject","inLanguage":"pt-PT","@id":"https:\/\/www.csj-emballages.com\/pt-pt\/#\/schema\/logo\/image\/","url":"https:\/\/www.csj-emballages.com\/wp-content\/uploads\/2023\/10\/logo_csj.webp","contentUrl":"https:\/\/www.csj-emballages.com\/wp-content\/uploads\/2023\/10\/logo_csj.webp","width":250,"height":95,"caption":"CSJ Emballages"},"image":{"@id":"https:\/\/www.csj-emballages.com\/pt-pt\/#\/schema\/logo\/image\/"},"sameAs":["https:\/\/www.facebook.com\/csjemballages"],"address":{"@type":"PostalAddress","streetAddress":"ZI La Lechere","addressLocality":"Patornay","postalCode":"39130","addressCountry":"FR"},"contactPoint":[{"@type":"ContactPoint","contactType":"Service client","telephone":"0384254272","email":"contact@csj-emballages.com"}]}]}},"df_price":3.9,"df_sale_price":"","df_regular_price":3.9,"df_image_link":"https:\/\/www.csj-emballages.com\/wp-content\/uploads\/2024\/03\/00106-300x300.webp","tiered_pricing_type":"fixed","tiered_pricing_fixed_rules":[],"tiered_pricing_percentage_rules":[],"tiered_pricing_minimum":1,"tiered_pricing_roles_data":[],"_links":{"self":[{"href":"https:\/\/www.csj-emballages.com\/pt-pt\/wp-json\/wp\/v2\/product\/17113","targetHints":{"allow":["GET"]}}],"collection":[{"href":"https:\/\/www.csj-emballages.com\/pt-pt\/wp-json\/wp\/v2\/product"}],"about":[{"href":"https:\/\/www.csj-emballages.com\/pt-pt\/wp-json\/wp\/v2\/types\/product"}],"wp:featuredmedia":[{"embeddable":true,"href":"https:\/\/www.csj-emballages.com\/pt-pt\/wp-json\/wp\/v2\/media\/236888"}],"wp:attachment":[{"href":"https:\/\/www.csj-emballages.com\/pt-pt\/wp-json\/wp\/v2\/media?parent=17113"}],"wp:term":[{"taxonomy":"product_brand","embeddable":true,"href":"https:\/\/www.csj-emballages.com\/pt-pt\/wp-json\/wp\/v2\/product_brand?post=17113"},{"taxonomy":"product_cat","embeddable":true,"href":"https:\/\/www.csj-emballages.com\/pt-pt\/wp-json\/wp\/v2\/product_cat?post=17113"},{"taxonomy":"product_tag","embeddable":true,"href":"https:\/\/www.csj-emballages.com\/pt-pt\/wp-json\/wp\/v2\/product_tag?post=17113"}],"curies":[{"name":"wp","href":"https:\/\/api.w.org\/{rel}","templated":true}]}}