{"id":17091,"date":"2024-03-20T12:09:01","date_gmt":"2024-03-20T11:09:01","guid":{"rendered":"https:\/\/u15jnbdpoq.preview.infomaniak.website\/produit\/50-caixas-para-pastelaria-com-pegas-coloridas-10-x-12-x-7-cm-a-croquer\/"},"modified":"2026-04-10T02:12:48","modified_gmt":"2026-04-10T00:12:48","slug":"50-caixas-para-pastelaria-com-pegas-coloridas-10-x-12-x-7-cm-a-croquer","status":"publish","type":"product","link":"https:\/\/www.csj-emballages.com\/pt-pt\/produit\/50-caixas-para-pastelaria-com-pegas-coloridas-10-x-12-x-7-cm-a-croquer\/","title":{"rendered":"50 caixas para pastelaria com pegas coloridas 10 x 12 x 7 cm A Croquer"},"content":{"rendered":"<h2>Caixa de pastelaria colorida &#8220;\u00c0 Croquer&#8221; com pegas 10x12x7 cm &#8211; embalagem de 50<\/h2>\n<hr>\n<h3>Descri\u00e7\u00e3o do produto<\/h3>\n<p>Descobre as nossas caixas de pastelaria coloridas, o acess\u00f3rio ideal para embelezar os teus doces. Cada detalhe conta, por isso escolhe as nossas caixas para uma apresenta\u00e7\u00e3o perfeita. As suas pegas pr\u00e1ticas facilitam o transporte das tuas cria\u00e7\u00f5es. Al\u00e9m disso, as cores vivas d\u00e3o um toque de divers\u00e3o \u00e0s tuas sobremesas.<\/p>\n<p>Perfeitos para todas as ocasi\u00f5es, d\u00e3o um toque festivo \u00e0s tuas recep\u00e7\u00f5es.<\/p>\n<p>Quer estejas a fazer cupcakes, muffins ou outros doces, as nossas caixas de pastelaria coloridas s\u00e3o indispens\u00e1veis. S\u00e3o tamb\u00e9m ideais para eventos especiais, como anivers\u00e1rios e casamentos. S\u00e3o f\u00e1ceis de utilizar, simplificando a prepara\u00e7\u00e3o e a apresenta\u00e7\u00e3o.<\/p>\n<p>Para cada ocasi\u00e3o, as nossas caixas com pegas coloridas ser\u00e3o o teu aliado indispens\u00e1vel.<\/p>\n<p><strong>As suas vantagens:<\/strong><\/p>\n<ul>\n<li><strong>Transporte c\u00f3modo<\/strong>: as pegas pr\u00e1ticas facilitam o transporte das tuas cria\u00e7\u00f5es sem risco de derrame.<\/li>\n<li><strong>Est\u00e9tica e divers\u00e3o<\/strong>: As cores vivas d\u00e3o um toque de divers\u00e3o \u00e0s tuas sobremesas, tornando-as mais atraentes e festivas.<\/li>\n<li><strong>Utiliza\u00e7\u00e3o vers\u00e1til<\/strong>: Perfeitos para cupcakes, muffins e outros doces, podem ser adaptados a todas as tuas cria\u00e7\u00f5es de pastelaria.<\/li>\n<\/ul>\n<p>Dispon\u00edvel em v\u00e1rios tamanhos: <span style=\"color: #d12727;\"><br \/>\n  <a style=\"color: #d12727;\" href=\"https:\/\/www.csj-emballages.com\/pt-pt\/produit\/50-a-caixas-para-pastelaria-de-laca-com-pega-10-x-18-x-7-cm\/\">10 x 18 x 7 cm <\/a><br \/>\n<\/span>\/ <span style=\"color: #d12727;\"><br \/>\n  <a style=\"color: #d12727;\" href=\"https:\/\/www.csj-emballages.com\/produit\/50-caissettes-patissieres-a-poignee-colorees-20-x-18-x-7-cm-a-croquer\/\">20 x 18 x 7 cm<\/a><br \/>\n<\/span><\/p>\n<p><a href=\"https:\/\/www.csj-emballages.com\/pt-pt\/categorie-produit\/embalagem-de-alimentos\/padaria-e-pastelaria\/caixas-e-estojos\/caixas-de-pastelaria\/caixas-de-pastelaria-coloridas-pt-pt\/caixas-de-pastelaria-coloridas-a-croquer\/\">Encontra o resto da nossa gama de caixas de pastelaria &#8220;\u00c0 Croquer&#8221; aqui<\/a><\/p>\n<p><a href=\"https:\/\/www.csj-emballages.com\/pt-pt\/categorie-produit\/embalagem-de-alimentos\/padaria-e-pastelaria\/caixas-pt-pt-3\/caixas-para-pastelaria-com-pegas\/caixas-de-pastelaria-coloridas\/\">V\u00ea o resto da nossa gama de caixas de pastelaria coloridas<\/a><\/p>\n","protected":false},"excerpt":{"rendered":"<p>Caixa de pastelaria colorida &#8220;\u00c0 Croquer&#8221; com pegas 10x12x7 cm &#8211; embalagem de 50 Descri\u00e7\u00e3o do produto Descobre as nossas caixas de pastelaria coloridas, o acess\u00f3rio ideal para embelezar os teus doces. Cada detalhe conta, por isso escolhe as nossas caixas para uma apresenta\u00e7\u00e3o perfeita. As suas pegas pr\u00e1ticas facilitam o transporte das tuas cria\u00e7\u00f5es. [&hellip;]<\/p>\n","protected":false},"featured_media":14504,"template":"","meta":{"_acf_changed":false},"product_brand":[],"product_cat":[1141,1177,1248,1249,1267],"product_tag":[],"class_list":{"0":"post-17091","1":"product","2":"type-product","3":"status-publish","4":"has-post-thumbnail","6":"product_cat-embalagem-de-alimentos","7":"product_cat-padaria-e-pastelaria","8":"product_cat-caixas-para-pastelaria-com-pegas","9":"product_cat-caixas-de-pastelaria-coloridas","10":"product_cat-descontos-promocoes","12":"first","13":"instock","14":"sale","15":"taxable","16":"shipping-taxable","17":"purchasable","18":"product-type-simple"},"acf":[],"yoast_head":"<!-- This site is optimized with the Yoast SEO Premium plugin v26.6 (Yoast SEO v26.6) - https:\/\/yoast.com\/wordpress\/plugins\/seo\/ -->\n<title>Caixas para pastelaria com pegas coloridas 10 x 12 x 7 cm<\/title>\n<meta name=\"description\" content=\"Caixas de pastelaria em cart\u00e3o colorido com pega, tamanho: 10 x 12 x 7 cm. Ideal para embalar e transportar as tuas belas cria\u00e7\u00f5es!\" \/>\n<meta name=\"robots\" content=\"index, follow, max-snippet:-1, max-image-preview:large, max-video-preview:-1\" \/>\n<link rel=\"canonical\" href=\"https:\/\/www.csj-emballages.com\/pt-pt\/produit\/50-caixas-para-pastelaria-com-pegas-coloridas-10-x-12-x-7-cm-a-croquer\/\" \/>\n<meta property=\"og:locale\" content=\"pt_PT\" \/>\n<meta property=\"og:type\" content=\"article\" \/>\n<meta property=\"og:title\" content=\"50 caixas para pastelaria com pegas coloridas 10 x 12 x 7 cm A Croquer\" \/>\n<meta property=\"og:description\" content=\"Caixas de pastelaria em cart\u00e3o colorido com pega, tamanho: 10 x 12 x 7 cm. Ideal para embalar e transportar as tuas belas cria\u00e7\u00f5es!\" \/>\n<meta property=\"og:url\" content=\"https:\/\/www.csj-emballages.com\/pt-pt\/produit\/50-caixas-para-pastelaria-com-pegas-coloridas-10-x-12-x-7-cm-a-croquer\/\" \/>\n<meta property=\"og:site_name\" content=\"CSJ Emballages\" \/>\n<meta property=\"article:publisher\" content=\"https:\/\/www.facebook.com\/csjemballages\" \/>\n<meta property=\"article:modified_time\" content=\"2026-04-10T00:12:48+00:00\" \/>\n<meta property=\"og:image\" content=\"https:\/\/www.csj-emballages.com\/wp-content\/uploads\/2024\/03\/Capture_d_ecran_2024-04-03_a_10.56.35_2-removebg-preview-2-e1712134767934.png\" \/>\n\t<meta property=\"og:image:width\" content=\"300\" \/>\n\t<meta property=\"og:image:height\" content=\"300\" \/>\n\t<meta property=\"og:image:type\" content=\"image\/png\" \/>\n<meta name=\"twitter:card\" content=\"summary_large_image\" \/>\n<meta name=\"twitter:label1\" content=\"Tempo estimado de leitura\" \/>\n\t<meta name=\"twitter:data1\" content=\"1 minuto\" \/>\n<script type=\"application\/ld+json\" class=\"yoast-schema-graph\">{\"@context\":\"https:\/\/schema.org\",\"@graph\":[{\"@type\":\"WebPage\",\"@id\":\"https:\/\/www.csj-emballages.com\/pt-pt\/produit\/50-caixas-para-pastelaria-com-pegas-coloridas-10-x-12-x-7-cm-a-croquer\/\",\"url\":\"https:\/\/www.csj-emballages.com\/pt-pt\/produit\/50-caixas-para-pastelaria-com-pegas-coloridas-10-x-12-x-7-cm-a-croquer\/\",\"name\":\"Caixas para pastelaria com pegas coloridas 10 x 12 x 7 cm\",\"isPartOf\":{\"@id\":\"https:\/\/www.csj-emballages.com\/pt-pt\/#website\"},\"primaryImageOfPage\":{\"@id\":\"https:\/\/www.csj-emballages.com\/pt-pt\/produit\/50-caixas-para-pastelaria-com-pegas-coloridas-10-x-12-x-7-cm-a-croquer\/#primaryimage\"},\"image\":{\"@id\":\"https:\/\/www.csj-emballages.com\/pt-pt\/produit\/50-caixas-para-pastelaria-com-pegas-coloridas-10-x-12-x-7-cm-a-croquer\/#primaryimage\"},\"thumbnailUrl\":\"https:\/\/www.csj-emballages.com\/wp-content\/uploads\/2024\/03\/Capture_d_ecran_2024-04-03_a_10.56.35_2-removebg-preview-2-e1712134767934.png\",\"datePublished\":\"2024-03-20T11:09:01+00:00\",\"dateModified\":\"2026-04-10T00:12:48+00:00\",\"description\":\"Caixas de pastelaria em cart\u00e3o colorido com pega, tamanho: 10 x 12 x 7 cm. Ideal para embalar e transportar as tuas belas cria\u00e7\u00f5es!\",\"breadcrumb\":{\"@id\":\"https:\/\/www.csj-emballages.com\/pt-pt\/produit\/50-caixas-para-pastelaria-com-pegas-coloridas-10-x-12-x-7-cm-a-croquer\/#breadcrumb\"},\"inLanguage\":\"pt-PT\",\"potentialAction\":[{\"@type\":\"ReadAction\",\"target\":[\"https:\/\/www.csj-emballages.com\/pt-pt\/produit\/50-caixas-para-pastelaria-com-pegas-coloridas-10-x-12-x-7-cm-a-croquer\/\"]}]},{\"@type\":\"ImageObject\",\"inLanguage\":\"pt-PT\",\"@id\":\"https:\/\/www.csj-emballages.com\/pt-pt\/produit\/50-caixas-para-pastelaria-com-pegas-coloridas-10-x-12-x-7-cm-a-croquer\/#primaryimage\",\"url\":\"https:\/\/www.csj-emballages.com\/wp-content\/uploads\/2024\/03\/Capture_d_ecran_2024-04-03_a_10.56.35_2-removebg-preview-2-e1712134767934.png\",\"contentUrl\":\"https:\/\/www.csj-emballages.com\/wp-content\/uploads\/2024\/03\/Capture_d_ecran_2024-04-03_a_10.56.35_2-removebg-preview-2-e1712134767934.png\",\"width\":300,\"height\":300,\"caption\":\"caissettes p\u00e2tissi\u00e8res poign\u00e9e color\u00e9es\"},{\"@type\":\"BreadcrumbList\",\"@id\":\"https:\/\/www.csj-emballages.com\/pt-pt\/produit\/50-caixas-para-pastelaria-com-pegas-coloridas-10-x-12-x-7-cm-a-croquer\/#breadcrumb\",\"itemListElement\":[{\"@type\":\"ListItem\",\"position\":1,\"name\":\"Acolhimento\",\"item\":\"https:\/\/www.csj-emballages.com\/pt-pt\/universo-das-embalagens-alimentares\/\"},{\"@type\":\"ListItem\",\"position\":2,\"name\":\"Shop\",\"item\":\"https:\/\/www.csj-emballages.com\/shop\/\"},{\"@type\":\"ListItem\",\"position\":3,\"name\":\"50 caixas para pastelaria com pegas coloridas 10 x 12 x 7 cm A Croquer\"}]},{\"@type\":\"WebSite\",\"@id\":\"https:\/\/www.csj-emballages.com\/pt-pt\/#website\",\"url\":\"https:\/\/www.csj-emballages.com\/pt-pt\/\",\"name\":\"CSJ Emballages\",\"description\":\"\",\"publisher\":{\"@id\":\"https:\/\/www.csj-emballages.com\/pt-pt\/#organization\"},\"potentialAction\":[{\"@type\":\"SearchAction\",\"target\":{\"@type\":\"EntryPoint\",\"urlTemplate\":\"https:\/\/www.csj-emballages.com\/pt-pt\/?s={search_term_string}\"},\"query-input\":{\"@type\":\"PropertyValueSpecification\",\"valueRequired\":true,\"valueName\":\"search_term_string\"}}],\"inLanguage\":\"pt-PT\"},{\"@type\":\"Organization\",\"@id\":\"https:\/\/www.csj-emballages.com\/pt-pt\/#Organization\/\",\"name\":\"CSJ Emballages\",\"url\":\"https:\/\/www.csj-emballages.com\/pt-pt\/\",\"logo\":{\"@type\":\"ImageObject\",\"inLanguage\":\"pt-PT\",\"@id\":\"https:\/\/www.csj-emballages.com\/pt-pt\/#\/schema\/logo\/image\/\",\"url\":\"https:\/\/www.csj-emballages.com\/wp-content\/uploads\/2023\/10\/logo_csj.webp\",\"contentUrl\":\"https:\/\/www.csj-emballages.com\/wp-content\/uploads\/2023\/10\/logo_csj.webp\",\"width\":250,\"height\":95,\"caption\":\"CSJ Emballages\"},\"image\":{\"@id\":\"https:\/\/www.csj-emballages.com\/pt-pt\/#\/schema\/logo\/image\/\"},\"sameAs\":[\"https:\/\/www.facebook.com\/csjemballages\"],\"address\":{\"@type\":\"PostalAddress\",\"streetAddress\":\"ZI La Lechere\",\"addressLocality\":\"Patornay\",\"postalCode\":\"39130\",\"addressCountry\":\"FR\"},\"contactPoint\":[{\"@type\":\"ContactPoint\",\"contactType\":\"Service client\",\"telephone\":\"0384254272\",\"email\":\"contact@csj-emballages.com\"}]}]}<\/script>\n<!-- \/ Yoast SEO Premium plugin. -->","yoast_head_json":{"title":"Caixas para pastelaria com pegas coloridas 10 x 12 x 7 cm","description":"Caixas de pastelaria em cart\u00e3o colorido com pega, tamanho: 10 x 12 x 7 cm. Ideal para embalar e transportar as tuas belas cria\u00e7\u00f5es!","robots":{"index":"index","follow":"follow","max-snippet":"max-snippet:-1","max-image-preview":"max-image-preview:large","max-video-preview":"max-video-preview:-1"},"canonical":"https:\/\/www.csj-emballages.com\/pt-pt\/produit\/50-caixas-para-pastelaria-com-pegas-coloridas-10-x-12-x-7-cm-a-croquer\/","og_locale":"pt_PT","og_type":"article","og_title":"50 caixas para pastelaria com pegas coloridas 10 x 12 x 7 cm A Croquer","og_description":"Caixas de pastelaria em cart\u00e3o colorido com pega, tamanho: 10 x 12 x 7 cm. Ideal para embalar e transportar as tuas belas cria\u00e7\u00f5es!","og_url":"https:\/\/www.csj-emballages.com\/pt-pt\/produit\/50-caixas-para-pastelaria-com-pegas-coloridas-10-x-12-x-7-cm-a-croquer\/","og_site_name":"CSJ Emballages","article_publisher":"https:\/\/www.facebook.com\/csjemballages","article_modified_time":"2026-04-10T00:12:48+00:00","og_image":[{"width":300,"height":300,"url":"https:\/\/www.csj-emballages.com\/wp-content\/uploads\/2024\/03\/Capture_d_ecran_2024-04-03_a_10.56.35_2-removebg-preview-2-e1712134767934.png","type":"image\/png"}],"twitter_card":"summary_large_image","twitter_misc":{"Tempo estimado de leitura":"1 minuto"},"schema":{"@context":"https:\/\/schema.org","@graph":[{"@type":"WebPage","@id":"https:\/\/www.csj-emballages.com\/pt-pt\/produit\/50-caixas-para-pastelaria-com-pegas-coloridas-10-x-12-x-7-cm-a-croquer\/","url":"https:\/\/www.csj-emballages.com\/pt-pt\/produit\/50-caixas-para-pastelaria-com-pegas-coloridas-10-x-12-x-7-cm-a-croquer\/","name":"Caixas para pastelaria com pegas coloridas 10 x 12 x 7 cm","isPartOf":{"@id":"https:\/\/www.csj-emballages.com\/pt-pt\/#website"},"primaryImageOfPage":{"@id":"https:\/\/www.csj-emballages.com\/pt-pt\/produit\/50-caixas-para-pastelaria-com-pegas-coloridas-10-x-12-x-7-cm-a-croquer\/#primaryimage"},"image":{"@id":"https:\/\/www.csj-emballages.com\/pt-pt\/produit\/50-caixas-para-pastelaria-com-pegas-coloridas-10-x-12-x-7-cm-a-croquer\/#primaryimage"},"thumbnailUrl":"https:\/\/www.csj-emballages.com\/wp-content\/uploads\/2024\/03\/Capture_d_ecran_2024-04-03_a_10.56.35_2-removebg-preview-2-e1712134767934.png","datePublished":"2024-03-20T11:09:01+00:00","dateModified":"2026-04-10T00:12:48+00:00","description":"Caixas de pastelaria em cart\u00e3o colorido com pega, tamanho: 10 x 12 x 7 cm. Ideal para embalar e transportar as tuas belas cria\u00e7\u00f5es!","breadcrumb":{"@id":"https:\/\/www.csj-emballages.com\/pt-pt\/produit\/50-caixas-para-pastelaria-com-pegas-coloridas-10-x-12-x-7-cm-a-croquer\/#breadcrumb"},"inLanguage":"pt-PT","potentialAction":[{"@type":"ReadAction","target":["https:\/\/www.csj-emballages.com\/pt-pt\/produit\/50-caixas-para-pastelaria-com-pegas-coloridas-10-x-12-x-7-cm-a-croquer\/"]}]},{"@type":"ImageObject","inLanguage":"pt-PT","@id":"https:\/\/www.csj-emballages.com\/pt-pt\/produit\/50-caixas-para-pastelaria-com-pegas-coloridas-10-x-12-x-7-cm-a-croquer\/#primaryimage","url":"https:\/\/www.csj-emballages.com\/wp-content\/uploads\/2024\/03\/Capture_d_ecran_2024-04-03_a_10.56.35_2-removebg-preview-2-e1712134767934.png","contentUrl":"https:\/\/www.csj-emballages.com\/wp-content\/uploads\/2024\/03\/Capture_d_ecran_2024-04-03_a_10.56.35_2-removebg-preview-2-e1712134767934.png","width":300,"height":300,"caption":"caissettes p\u00e2tissi\u00e8res poign\u00e9e color\u00e9es"},{"@type":"BreadcrumbList","@id":"https:\/\/www.csj-emballages.com\/pt-pt\/produit\/50-caixas-para-pastelaria-com-pegas-coloridas-10-x-12-x-7-cm-a-croquer\/#breadcrumb","itemListElement":[{"@type":"ListItem","position":1,"name":"Acolhimento","item":"https:\/\/www.csj-emballages.com\/pt-pt\/universo-das-embalagens-alimentares\/"},{"@type":"ListItem","position":2,"name":"Shop","item":"https:\/\/www.csj-emballages.com\/shop\/"},{"@type":"ListItem","position":3,"name":"50 caixas para pastelaria com pegas coloridas 10 x 12 x 7 cm A Croquer"}]},{"@type":"WebSite","@id":"https:\/\/www.csj-emballages.com\/pt-pt\/#website","url":"https:\/\/www.csj-emballages.com\/pt-pt\/","name":"CSJ Emballages","description":"","publisher":{"@id":"https:\/\/www.csj-emballages.com\/pt-pt\/#organization"},"potentialAction":[{"@type":"SearchAction","target":{"@type":"EntryPoint","urlTemplate":"https:\/\/www.csj-emballages.com\/pt-pt\/?s={search_term_string}"},"query-input":{"@type":"PropertyValueSpecification","valueRequired":true,"valueName":"search_term_string"}}],"inLanguage":"pt-PT"},{"@type":"Organization","@id":"https:\/\/www.csj-emballages.com\/pt-pt\/#Organization\/","name":"CSJ Emballages","url":"https:\/\/www.csj-emballages.com\/pt-pt\/","logo":{"@type":"ImageObject","inLanguage":"pt-PT","@id":"https:\/\/www.csj-emballages.com\/pt-pt\/#\/schema\/logo\/image\/","url":"https:\/\/www.csj-emballages.com\/wp-content\/uploads\/2023\/10\/logo_csj.webp","contentUrl":"https:\/\/www.csj-emballages.com\/wp-content\/uploads\/2023\/10\/logo_csj.webp","width":250,"height":95,"caption":"CSJ Emballages"},"image":{"@id":"https:\/\/www.csj-emballages.com\/pt-pt\/#\/schema\/logo\/image\/"},"sameAs":["https:\/\/www.facebook.com\/csjemballages"],"address":{"@type":"PostalAddress","streetAddress":"ZI La Lechere","addressLocality":"Patornay","postalCode":"39130","addressCountry":"FR"},"contactPoint":[{"@type":"ContactPoint","contactType":"Service client","telephone":"0384254272","email":"contact@csj-emballages.com"}]}]}},"df_price":9.66,"df_sale_price":9.66,"df_regular_price":16.1,"df_image_link":"https:\/\/www.csj-emballages.com\/wp-content\/uploads\/2024\/03\/Capture_d_ecran_2024-04-03_a_10.56.35_2-removebg-preview-2-300x300.png","tiered_pricing_type":"fixed","tiered_pricing_fixed_rules":[],"tiered_pricing_percentage_rules":[],"tiered_pricing_minimum":1,"tiered_pricing_roles_data":[],"_links":{"self":[{"href":"https:\/\/www.csj-emballages.com\/pt-pt\/wp-json\/wp\/v2\/product\/17091","targetHints":{"allow":["GET"]}}],"collection":[{"href":"https:\/\/www.csj-emballages.com\/pt-pt\/wp-json\/wp\/v2\/product"}],"about":[{"href":"https:\/\/www.csj-emballages.com\/pt-pt\/wp-json\/wp\/v2\/types\/product"}],"wp:featuredmedia":[{"embeddable":true,"href":"https:\/\/www.csj-emballages.com\/pt-pt\/wp-json\/wp\/v2\/media\/14504"}],"wp:attachment":[{"href":"https:\/\/www.csj-emballages.com\/pt-pt\/wp-json\/wp\/v2\/media?parent=17091"}],"wp:term":[{"taxonomy":"product_brand","embeddable":true,"href":"https:\/\/www.csj-emballages.com\/pt-pt\/wp-json\/wp\/v2\/product_brand?post=17091"},{"taxonomy":"product_cat","embeddable":true,"href":"https:\/\/www.csj-emballages.com\/pt-pt\/wp-json\/wp\/v2\/product_cat?post=17091"},{"taxonomy":"product_tag","embeddable":true,"href":"https:\/\/www.csj-emballages.com\/pt-pt\/wp-json\/wp\/v2\/product_tag?post=17091"}],"curies":[{"name":"wp","href":"https:\/\/api.w.org\/{rel}","templated":true}]}}