{"id":17088,"date":"2024-03-20T12:17:45","date_gmt":"2024-03-20T11:17:45","guid":{"rendered":"https:\/\/u15jnbdpoq.preview.infomaniak.website\/?post_type=product&#038;p=17088"},"modified":"2026-05-06T02:19:15","modified_gmt":"2026-05-06T00:19:15","slug":"50-verrinas-quadradas-biodegradaveis-de-70-mm","status":"publish","type":"product","link":"https:\/\/www.csj-emballages.com\/pt-pt\/produit\/50-verrinas-quadradas-biodegradaveis-de-70-mm\/","title":{"rendered":"Frasco quadrado de vidro biodegrad\u00e1vel 70 mm x 50"},"content":{"rendered":"<h2>Frasco de vidro quadrado<\/h2>\n<hr>\n<h3>Descri\u00e7\u00e3o do nosso frasco de vidro quadrado biodegrad\u00e1vel de 70 mm por 50<\/h3>\n<p><!--more--><\/p>\n<p data-start=\"328\" data-end=\"763\">Se procura combinar <strong data-start=\"354\" data-end=\"404\">est\u00e9tica, praticidade e um compromisso com o ambiente<\/strong>, ent\u00e3o esta <strong>verrina quadrada biodegrad\u00e1vel de 70 mm por 50 mm<\/strong> \u00e9 para si. O seu design elegante e moderno torna-a uma verdadeira mais-valia para todas as suas recep\u00e7\u00f5es, buffets e eventos empresariais. Fabricada com <strong>materiais biodegrad\u00e1veis<\/strong>, \u00e9 amiga do ambiente sem comprometer o estilo ou a qualidade.  <\/p>\n<p data-start=\"765\" data-end=\"1027\">A sua forma <strong>quadrada<\/strong> permite uma apresenta\u00e7\u00e3o harmoniosa e elegante, optimizando o espa\u00e7o nos seus tabuleiros. Ideal para amuse-bouches, verrines doces ou salgadas, mousses, tapas ou sobremesas individuais, ir\u00e1 certamente deliciar os seus convidados. <\/p>\n<p data-start=\"1029\" data-end=\"1285\">Concebida para <strong data-start=\"1045\" data-end=\"1101\">empresas de catering, restauradores e organizadores de eventos<\/strong>, bem como para indiv\u00edduos preocupados com o seu impacto ambiental, esta <strong>verrina biodegrad\u00e1vel<\/strong> pode ser utilizada tanto para eventos de topo como para refei\u00e7\u00f5es mais informais.<\/p>\n<p data-start=\"1287\" data-end=\"1514\">\u00c9 forte e leve, pelo que \u00e9 f\u00e1cil de agarrar e segura bem os alimentos, mesmo os pratos l\u00edquidos ou cremosos. Pr\u00e1tico, \u00e9 r\u00e1pido de utilizar e pode ser compostado ap\u00f3s a utiliza\u00e7\u00e3o, de acordo com as normas actuais. <\/p>\n<p data-start=\"1516\" data-end=\"1641\">Em suma, com esta <strong>verrina quadrada biodegrad\u00e1vel<\/strong>, est\u00e1 a optar por <strong data-start=\"1566\" data-end=\"1638\">uma solu\u00e7\u00e3o eco-respons\u00e1vel sem comprometer a apresenta\u00e7\u00e3o<\/strong>.<\/p>\n<p>&nbsp;<\/p>\n<p><!--more--><\/p>\n<h4><strong>Vantagens :<\/strong><\/h4>\n<ul>\n<li>100% biodegrad\u00e1vel: amigo do ambiente.<\/li>\n<li>Design quadrado moderno e elegante.<\/li>\n<li>Perfeito para petiscos salgados, doces ou sobremesas.<\/li>\n<li>Resistente e leve, mesmo com prepara\u00e7\u00f5es l\u00edquidas.<\/li>\n<li>F\u00e1cil de utilizar e compost\u00e1vel ap\u00f3s a utiliza\u00e7\u00e3o.<\/li>\n<\/ul>\n<p>&nbsp;<\/p>\n<p><!--more--><\/p>\n<h4>Outras informa\u00e7\u00f5es :<\/h4>\n<ul>\n<li><strong>Embalagem<\/strong>: Pacote de 50<\/li>\n<li><strong>Dimens\u00f5es<\/strong>: 70 x 70 x 10 mm<\/li>\n<li><strong>Cor<\/strong>: Branco<\/li>\n<li><strong>Material<\/strong>: Baga\u00e7o (polpa de cana de a\u00e7\u00facar)<\/li>\n<\/ul>\n<p>&nbsp;<\/p>\n<p><!--more--><\/p>\n<p>Clique aqui para ver a nossa gama de verrinas biodegrad\u00e1veis: <span style=\"color: #d12727;\"><a style=\"color: #d12727;\" href=\"https:\/\/www.csj-emballages.com\/pt-pt\/produit\/50-colheres-chinesas-biodegradaveis\/\">Colher Verrine<\/a><\/span> \/ <span style=\"color: #d12727;\"><a style=\"color: #d12727;\" href=\"https:\/\/www.csj-emballages.com\/pt-pt\/produit\/50-verrinas-de-folha-biodegradaveis-de-9-x-6-cm\/\">Verrine feuille<\/a><\/span><\/p>\n<p>&nbsp;<\/p>\n<p><!--more--><\/p>\n<p><a href=\"https:\/\/www.csj-emballages.com\/pt-pt\/categorie-produit\/embalagem-de-alimentos\/gama-biologica\/copos-organicos-verrines-pt-pt\/\">Ver o resto da nossa gama de ch\u00e1venas e verrinas biol\u00f3gicas aqui<\/a><\/p>\n","protected":false},"excerpt":{"rendered":"<p>Frasco de vidro quadrado Descri\u00e7\u00e3o do nosso frasco de vidro quadrado biodegrad\u00e1vel de 70 mm por 50<\/p>\n","protected":false},"featured_media":239965,"template":"","meta":{"_acf_changed":false},"product_brand":[],"product_cat":[1141,1176,1306,1309,1312,1152,7038],"product_tag":[],"class_list":{"0":"post-17088","1":"product","2":"type-product","3":"status-publish","4":"has-post-thumbnail","6":"product_cat-embalagem-de-alimentos","7":"product_cat-talho-e-charcutaria","8":"product_cat-copos-jarras-copos","9":"product_cat-verrines-pt-pt","10":"product_cat-verrines-pt-pt-2","11":"product_cat-gama-biologica","12":"product_cat-copos-organicos-verrines-pt-pt","14":"first","15":"instock","16":"taxable","17":"shipping-taxable","18":"purchasable","19":"product-type-simple"},"acf":[],"yoast_head":"<!-- This site is optimized with the Yoast SEO Premium plugin v26.6 (Yoast SEO v26.6) - https:\/\/yoast.com\/wordpress\/plugins\/seo\/ -->\n<title>Frasco quadrado de vidro biodegrad\u00e1vel 70 mm x 50<\/title>\n<meta name=\"description\" content=\"Frasco quadrado de vidro biodegrad\u00e1vel 70 x 50 mm - Elegante, pr\u00e1tico e amigo do ambiente. Ideal para buffets, catering e eventos.\" \/>\n<meta name=\"robots\" content=\"index, follow, max-snippet:-1, max-image-preview:large, max-video-preview:-1\" \/>\n<link rel=\"canonical\" href=\"https:\/\/www.csj-emballages.com\/pt-pt\/produit\/50-verrinas-quadradas-biodegradaveis-de-70-mm\/\" \/>\n<meta property=\"og:locale\" content=\"pt_PT\" \/>\n<meta property=\"og:type\" content=\"article\" \/>\n<meta property=\"og:title\" content=\"Frasco quadrado de vidro biodegrad\u00e1vel 70 mm x 50\" \/>\n<meta property=\"og:description\" content=\"Frasco quadrado de vidro biodegrad\u00e1vel 70 x 50 mm - Elegante, pr\u00e1tico e amigo do ambiente. Ideal para buffets, catering e eventos.\" \/>\n<meta property=\"og:url\" content=\"https:\/\/www.csj-emballages.com\/pt-pt\/produit\/50-verrinas-quadradas-biodegradaveis-de-70-mm\/\" \/>\n<meta property=\"og:site_name\" content=\"CSJ Emballages\" \/>\n<meta property=\"article:publisher\" content=\"https:\/\/www.facebook.com\/csjemballages\" \/>\n<meta property=\"article:modified_time\" content=\"2026-05-06T00:19:15+00:00\" \/>\n<meta property=\"og:image\" content=\"https:\/\/www.csj-emballages.com\/wp-content\/uploads\/2024\/03\/VERCARBIO-1.webp\" \/>\n\t<meta property=\"og:image:width\" content=\"800\" \/>\n\t<meta property=\"og:image:height\" content=\"800\" \/>\n\t<meta property=\"og:image:type\" content=\"image\/webp\" \/>\n<meta name=\"twitter:card\" content=\"summary_large_image\" \/>\n<meta name=\"twitter:label1\" content=\"Tempo estimado de leitura\" \/>\n\t<meta name=\"twitter:data1\" content=\"2 minutos\" \/>\n<script type=\"application\/ld+json\" class=\"yoast-schema-graph\">{\"@context\":\"https:\/\/schema.org\",\"@graph\":[{\"@type\":\"WebPage\",\"@id\":\"https:\/\/www.csj-emballages.com\/pt-pt\/produit\/50-verrinas-quadradas-biodegradaveis-de-70-mm\/\",\"url\":\"https:\/\/www.csj-emballages.com\/pt-pt\/produit\/50-verrinas-quadradas-biodegradaveis-de-70-mm\/\",\"name\":\"Frasco quadrado de vidro biodegrad\u00e1vel 70 mm x 50\",\"isPartOf\":{\"@id\":\"https:\/\/www.csj-emballages.com\/pt-pt\/#website\"},\"primaryImageOfPage\":{\"@id\":\"https:\/\/www.csj-emballages.com\/pt-pt\/produit\/50-verrinas-quadradas-biodegradaveis-de-70-mm\/#primaryimage\"},\"image\":{\"@id\":\"https:\/\/www.csj-emballages.com\/pt-pt\/produit\/50-verrinas-quadradas-biodegradaveis-de-70-mm\/#primaryimage\"},\"thumbnailUrl\":\"https:\/\/www.csj-emballages.com\/wp-content\/uploads\/2024\/03\/VERCARBIO-1.webp\",\"datePublished\":\"2024-03-20T11:17:45+00:00\",\"dateModified\":\"2026-05-06T00:19:15+00:00\",\"description\":\"Frasco quadrado de vidro biodegrad\u00e1vel 70 x 50 mm - Elegante, pr\u00e1tico e amigo do ambiente. Ideal para buffets, catering e eventos.\",\"breadcrumb\":{\"@id\":\"https:\/\/www.csj-emballages.com\/pt-pt\/produit\/50-verrinas-quadradas-biodegradaveis-de-70-mm\/#breadcrumb\"},\"inLanguage\":\"pt-PT\",\"potentialAction\":[{\"@type\":\"ReadAction\",\"target\":[\"https:\/\/www.csj-emballages.com\/pt-pt\/produit\/50-verrinas-quadradas-biodegradaveis-de-70-mm\/\"]}]},{\"@type\":\"ImageObject\",\"inLanguage\":\"pt-PT\",\"@id\":\"https:\/\/www.csj-emballages.com\/pt-pt\/produit\/50-verrinas-quadradas-biodegradaveis-de-70-mm\/#primaryimage\",\"url\":\"https:\/\/www.csj-emballages.com\/wp-content\/uploads\/2024\/03\/VERCARBIO-1.webp\",\"contentUrl\":\"https:\/\/www.csj-emballages.com\/wp-content\/uploads\/2024\/03\/VERCARBIO-1.webp\",\"width\":800,\"height\":800,\"caption\":\"Verrine carr\u00e9e\"},{\"@type\":\"BreadcrumbList\",\"@id\":\"https:\/\/www.csj-emballages.com\/pt-pt\/produit\/50-verrinas-quadradas-biodegradaveis-de-70-mm\/#breadcrumb\",\"itemListElement\":[{\"@type\":\"ListItem\",\"position\":1,\"name\":\"Acolhimento\",\"item\":\"https:\/\/www.csj-emballages.com\/pt-pt\/universo-das-embalagens-alimentares\/\"},{\"@type\":\"ListItem\",\"position\":2,\"name\":\"Shop\",\"item\":\"https:\/\/www.csj-emballages.com\/shop\/\"},{\"@type\":\"ListItem\",\"position\":3,\"name\":\"Frasco quadrado de vidro biodegrad\u00e1vel 70 mm x 50\"}]},{\"@type\":\"WebSite\",\"@id\":\"https:\/\/www.csj-emballages.com\/pt-pt\/#website\",\"url\":\"https:\/\/www.csj-emballages.com\/pt-pt\/\",\"name\":\"CSJ Emballages\",\"description\":\"\",\"publisher\":{\"@id\":\"https:\/\/www.csj-emballages.com\/pt-pt\/#organization\"},\"potentialAction\":[{\"@type\":\"SearchAction\",\"target\":{\"@type\":\"EntryPoint\",\"urlTemplate\":\"https:\/\/www.csj-emballages.com\/pt-pt\/?s={search_term_string}\"},\"query-input\":{\"@type\":\"PropertyValueSpecification\",\"valueRequired\":true,\"valueName\":\"search_term_string\"}}],\"inLanguage\":\"pt-PT\"},{\"@type\":\"Organization\",\"@id\":\"https:\/\/www.csj-emballages.com\/pt-pt\/#Organization\/\",\"name\":\"CSJ Emballages\",\"url\":\"https:\/\/www.csj-emballages.com\/pt-pt\/\",\"logo\":{\"@type\":\"ImageObject\",\"inLanguage\":\"pt-PT\",\"@id\":\"https:\/\/www.csj-emballages.com\/pt-pt\/#\/schema\/logo\/image\/\",\"url\":\"https:\/\/www.csj-emballages.com\/wp-content\/uploads\/2023\/10\/logo_csj.webp\",\"contentUrl\":\"https:\/\/www.csj-emballages.com\/wp-content\/uploads\/2023\/10\/logo_csj.webp\",\"width\":250,\"height\":95,\"caption\":\"CSJ Emballages\"},\"image\":{\"@id\":\"https:\/\/www.csj-emballages.com\/pt-pt\/#\/schema\/logo\/image\/\"},\"sameAs\":[\"https:\/\/www.facebook.com\/csjemballages\"],\"address\":{\"@type\":\"PostalAddress\",\"streetAddress\":\"ZI La Lechere\",\"addressLocality\":\"Patornay\",\"postalCode\":\"39130\",\"addressCountry\":\"FR\"},\"contactPoint\":[{\"@type\":\"ContactPoint\",\"contactType\":\"Service client\",\"telephone\":\"0384254272\",\"email\":\"contact@csj-emballages.com\"}]}]}<\/script>\n<!-- \/ Yoast SEO Premium plugin. -->","yoast_head_json":{"title":"Frasco quadrado de vidro biodegrad\u00e1vel 70 mm x 50","description":"Frasco quadrado de vidro biodegrad\u00e1vel 70 x 50 mm - Elegante, pr\u00e1tico e amigo do ambiente. Ideal para buffets, catering e eventos.","robots":{"index":"index","follow":"follow","max-snippet":"max-snippet:-1","max-image-preview":"max-image-preview:large","max-video-preview":"max-video-preview:-1"},"canonical":"https:\/\/www.csj-emballages.com\/pt-pt\/produit\/50-verrinas-quadradas-biodegradaveis-de-70-mm\/","og_locale":"pt_PT","og_type":"article","og_title":"Frasco quadrado de vidro biodegrad\u00e1vel 70 mm x 50","og_description":"Frasco quadrado de vidro biodegrad\u00e1vel 70 x 50 mm - Elegante, pr\u00e1tico e amigo do ambiente. Ideal para buffets, catering e eventos.","og_url":"https:\/\/www.csj-emballages.com\/pt-pt\/produit\/50-verrinas-quadradas-biodegradaveis-de-70-mm\/","og_site_name":"CSJ Emballages","article_publisher":"https:\/\/www.facebook.com\/csjemballages","article_modified_time":"2026-05-06T00:19:15+00:00","og_image":[{"width":800,"height":800,"url":"https:\/\/www.csj-emballages.com\/wp-content\/uploads\/2024\/03\/VERCARBIO-1.webp","type":"image\/webp"}],"twitter_card":"summary_large_image","twitter_misc":{"Tempo estimado de leitura":"2 minutos"},"schema":{"@context":"https:\/\/schema.org","@graph":[{"@type":"WebPage","@id":"https:\/\/www.csj-emballages.com\/pt-pt\/produit\/50-verrinas-quadradas-biodegradaveis-de-70-mm\/","url":"https:\/\/www.csj-emballages.com\/pt-pt\/produit\/50-verrinas-quadradas-biodegradaveis-de-70-mm\/","name":"Frasco quadrado de vidro biodegrad\u00e1vel 70 mm x 50","isPartOf":{"@id":"https:\/\/www.csj-emballages.com\/pt-pt\/#website"},"primaryImageOfPage":{"@id":"https:\/\/www.csj-emballages.com\/pt-pt\/produit\/50-verrinas-quadradas-biodegradaveis-de-70-mm\/#primaryimage"},"image":{"@id":"https:\/\/www.csj-emballages.com\/pt-pt\/produit\/50-verrinas-quadradas-biodegradaveis-de-70-mm\/#primaryimage"},"thumbnailUrl":"https:\/\/www.csj-emballages.com\/wp-content\/uploads\/2024\/03\/VERCARBIO-1.webp","datePublished":"2024-03-20T11:17:45+00:00","dateModified":"2026-05-06T00:19:15+00:00","description":"Frasco quadrado de vidro biodegrad\u00e1vel 70 x 50 mm - Elegante, pr\u00e1tico e amigo do ambiente. Ideal para buffets, catering e eventos.","breadcrumb":{"@id":"https:\/\/www.csj-emballages.com\/pt-pt\/produit\/50-verrinas-quadradas-biodegradaveis-de-70-mm\/#breadcrumb"},"inLanguage":"pt-PT","potentialAction":[{"@type":"ReadAction","target":["https:\/\/www.csj-emballages.com\/pt-pt\/produit\/50-verrinas-quadradas-biodegradaveis-de-70-mm\/"]}]},{"@type":"ImageObject","inLanguage":"pt-PT","@id":"https:\/\/www.csj-emballages.com\/pt-pt\/produit\/50-verrinas-quadradas-biodegradaveis-de-70-mm\/#primaryimage","url":"https:\/\/www.csj-emballages.com\/wp-content\/uploads\/2024\/03\/VERCARBIO-1.webp","contentUrl":"https:\/\/www.csj-emballages.com\/wp-content\/uploads\/2024\/03\/VERCARBIO-1.webp","width":800,"height":800,"caption":"Verrine carr\u00e9e"},{"@type":"BreadcrumbList","@id":"https:\/\/www.csj-emballages.com\/pt-pt\/produit\/50-verrinas-quadradas-biodegradaveis-de-70-mm\/#breadcrumb","itemListElement":[{"@type":"ListItem","position":1,"name":"Acolhimento","item":"https:\/\/www.csj-emballages.com\/pt-pt\/universo-das-embalagens-alimentares\/"},{"@type":"ListItem","position":2,"name":"Shop","item":"https:\/\/www.csj-emballages.com\/shop\/"},{"@type":"ListItem","position":3,"name":"Frasco quadrado de vidro biodegrad\u00e1vel 70 mm x 50"}]},{"@type":"WebSite","@id":"https:\/\/www.csj-emballages.com\/pt-pt\/#website","url":"https:\/\/www.csj-emballages.com\/pt-pt\/","name":"CSJ Emballages","description":"","publisher":{"@id":"https:\/\/www.csj-emballages.com\/pt-pt\/#organization"},"potentialAction":[{"@type":"SearchAction","target":{"@type":"EntryPoint","urlTemplate":"https:\/\/www.csj-emballages.com\/pt-pt\/?s={search_term_string}"},"query-input":{"@type":"PropertyValueSpecification","valueRequired":true,"valueName":"search_term_string"}}],"inLanguage":"pt-PT"},{"@type":"Organization","@id":"https:\/\/www.csj-emballages.com\/pt-pt\/#Organization\/","name":"CSJ Emballages","url":"https:\/\/www.csj-emballages.com\/pt-pt\/","logo":{"@type":"ImageObject","inLanguage":"pt-PT","@id":"https:\/\/www.csj-emballages.com\/pt-pt\/#\/schema\/logo\/image\/","url":"https:\/\/www.csj-emballages.com\/wp-content\/uploads\/2023\/10\/logo_csj.webp","contentUrl":"https:\/\/www.csj-emballages.com\/wp-content\/uploads\/2023\/10\/logo_csj.webp","width":250,"height":95,"caption":"CSJ Emballages"},"image":{"@id":"https:\/\/www.csj-emballages.com\/pt-pt\/#\/schema\/logo\/image\/"},"sameAs":["https:\/\/www.facebook.com\/csjemballages"],"address":{"@type":"PostalAddress","streetAddress":"ZI La Lechere","addressLocality":"Patornay","postalCode":"39130","addressCountry":"FR"},"contactPoint":[{"@type":"ContactPoint","contactType":"Service client","telephone":"0384254272","email":"contact@csj-emballages.com"}]}]}},"df_price":4.22,"df_sale_price":"","df_regular_price":4.22,"df_image_link":"https:\/\/www.csj-emballages.com\/wp-content\/uploads\/2024\/03\/VERCARBIO-1-300x300.webp","tiered_pricing_type":"fixed","tiered_pricing_fixed_rules":[],"tiered_pricing_percentage_rules":[],"tiered_pricing_minimum":1,"tiered_pricing_roles_data":[],"_links":{"self":[{"href":"https:\/\/www.csj-emballages.com\/pt-pt\/wp-json\/wp\/v2\/product\/17088","targetHints":{"allow":["GET"]}}],"collection":[{"href":"https:\/\/www.csj-emballages.com\/pt-pt\/wp-json\/wp\/v2\/product"}],"about":[{"href":"https:\/\/www.csj-emballages.com\/pt-pt\/wp-json\/wp\/v2\/types\/product"}],"wp:featuredmedia":[{"embeddable":true,"href":"https:\/\/www.csj-emballages.com\/pt-pt\/wp-json\/wp\/v2\/media\/239965"}],"wp:attachment":[{"href":"https:\/\/www.csj-emballages.com\/pt-pt\/wp-json\/wp\/v2\/media?parent=17088"}],"wp:term":[{"taxonomy":"product_brand","embeddable":true,"href":"https:\/\/www.csj-emballages.com\/pt-pt\/wp-json\/wp\/v2\/product_brand?post=17088"},{"taxonomy":"product_cat","embeddable":true,"href":"https:\/\/www.csj-emballages.com\/pt-pt\/wp-json\/wp\/v2\/product_cat?post=17088"},{"taxonomy":"product_tag","embeddable":true,"href":"https:\/\/www.csj-emballages.com\/pt-pt\/wp-json\/wp\/v2\/product_tag?post=17088"}],"curies":[{"name":"wp","href":"https:\/\/api.w.org\/{rel}","templated":true}]}}