{"id":17070,"date":"2024-03-01T17:00:20","date_gmt":"2024-03-01T16:00:20","guid":{"rendered":"https:\/\/u15jnbdpoq.preview.infomaniak.website\/produit\/detergente-manual-potente-para-a-lavagem-de-louca-5-litros\/"},"modified":"2026-05-01T02:10:14","modified_gmt":"2026-05-01T00:10:14","slug":"detergente-manual-potente-para-a-lavagem-de-louca-5-litros","status":"publish","type":"product","link":"https:\/\/www.csj-emballages.com\/pt-pt\/produit\/detergente-manual-potente-para-a-lavagem-de-louca-5-litros\/","title":{"rendered":"Potente alimentador manual de l\u00edquidos de 5 litros"},"content":{"rendered":"<div style=\"color: #000000\">\n<div style=\"color: #000000\">\n<div style=\"color: #000000\">\n<div style=\"color: #000000\">\n<div style=\"color: #000000\">\n<div style=\"color: #000000\">\n<h2 class=\"p1 ai-optimize-26\">Detergente l\u00edquido<\/h2>\n<hr>\n<h3 class=\"ai-optimize-27\">Descri\u00e7\u00e3o do nosso detergente l\u00edquido manual de 5 litros<\/h3>\n<p><!--more--><\/p>\n<p class=\"ai-optimize-27 ai-optimize-introduction\" data-start=\"259\" data-end=\"650\">Quer seja propriet\u00e1rio de um restaurante, um fornecedor de refei\u00e7\u00f5es ou simplesmente um indiv\u00edduo que procura uma limpeza impec\u00e1vel, este <strong data-start=\"370\" data-end=\"419\">detergente l\u00edquido manual numa lata de 5 litros<\/strong> foi concebido para satisfazer as suas necessidades di\u00e1rias. Trata-se de uma <strong data-start=\"505\" data-end=\"541\">lavagem manual de<\/strong> alto rendimento <strong data-start=\"505\" data-end=\"541\">para pratos<\/strong>, <strong data-start=\"547\" data-end=\"561\">tachos<\/strong>, <strong data-start=\"563\" data-end=\"573\">panelas<\/strong>, <strong data-start=\"575\" data-end=\"585\">copos<\/strong> e todos os utens\u00edlios <strong data-start=\"601\" data-end=\"624\">lav\u00e1veis<\/strong>, mesmo os mais sujos. <\/p>\n<p class=\"ai-optimize-28\" data-start=\"652\" data-end=\"1042\">A sua f\u00f3rmula concentrada cont\u00e9m <strong data-start=\"686\" data-end=\"719\">poderosos agentes desengordurantes<\/strong> que <strong data-start=\"724\" data-end=\"791\">eliminam eficazmente a gordura e os res\u00edduos alimentares<\/strong>, respeitando a pele. Basta uma pequena quantidade para fazer brilhar a sua loi\u00e7a, sem esfor\u00e7o e <strong data-start=\"898\" data-end=\"924\">sem deixar marcas<\/strong>. Tamb\u00e9m facilita o enxaguamento, poupando tempo precioso, especialmente em cozinhas profissionais.  <\/p>\n<p class=\"ai-optimize-29\" data-start=\"1044\" data-end=\"1330\">Adequado para uma utiliza\u00e7\u00e3o frequente, proporciona uma agrad\u00e1vel sensa\u00e7\u00e3o de limpeza, ao mesmo tempo que exerce uma poderosa a\u00e7\u00e3o descalcificante. A <strong>lata<\/strong> grande <strong>de 5 litros<\/strong> \u00e9 tamb\u00e9m econ\u00f3mica e perfeitamente adaptada tanto aos profissionais da restaura\u00e7\u00e3o como aos agregados familiares de grande consumo. <\/p>\n<p class=\"ai-optimize-30\" data-start=\"1332\" data-end=\"1502\">Gra\u00e7as \u00e0 sua <strong data-start=\"1343\" data-end=\"1358\">versatilidade<\/strong> e <strong data-start=\"1366\" data-end=\"1389\">efici\u00eancia comprovada<\/strong>, este produto \u00e9 indispens\u00e1vel para cozinhas exigentes onde a higiene e o desempenho s\u00e3o as principais prioridades.<\/p>\n<p><!--more--><\/p>\n<h4 class=\"ai-optimize-33\">As suas vantagens:<\/h4>\n<ul>\n<li class=\"ai-optimize-34\">F\u00f3rmula ultra-desengordurante, mesmo em gorduras cozinhadas.<\/li>\n<li class=\"ai-optimize-35\">Adequado para todos os utens\u00edlios lav\u00e1veis \u00e0 m\u00e3o.<\/li>\n<li class=\"ai-optimize-37\">Enxaguamento f\u00e1cil, sem riscos nem res\u00edduos.<\/li>\n<li class=\"ai-optimize-38\">Formato econ\u00f3mico de 5L, ideal para profissionais.<\/li>\n<li class=\"ai-optimize-31\">N\u00e3o prejudica a pele.<\/li>\n<\/ul>\n<p>&nbsp;<\/p>\n<p><!--more--><\/p>\n<h4 class=\"ai-optimize-40\">Outras informa\u00e7\u00f5es :<\/h4>\n<\/div>\n<ul>\n<li class=\"ai-optimize-41\"><strong>Embalagem<\/strong>: Por unidade<\/li>\n<li class=\"ai-optimize-45\"><strong>Utiliza\u00e7\u00e3o<\/strong>: Detergente para lavagem manual de lou\u00e7a<\/li>\n<li class=\"ai-optimize-44\"><strong>Volume<\/strong>: 5 litros<\/li>\n<\/ul>\n<p>&nbsp;<\/p>\n<\/div>\n<\/div>\n<\/div>\n<\/div>\n<\/div>\n<p><!--more--><\/p>\n<p class=\"ai-optimize-42\">Tamb\u00e9m pode encontrar o nosso produto de limpeza manual de utens\u00edlios de cozinha de 10 kg em p\u00f3: <span style=\"color: #d12727\"><a style=\"color: #d12727\" href=\"https:\/\/www.csj-emballages.com\/produit\/nettoyant-manuel-en-poudre-pour-ustensiles-de-cuisine-en-10-kg\/\">040810<\/a><\/span><\/p>\n<p>&nbsp;<\/p>\n<p><!--more--><\/p>\n<p class=\"ai-optimize-43\"><a href=\"\/?product_cat=vaiselle-manuelle\">Ver o resto da nossa gama de produtos para lavagem manual de lou\u00e7a<\/a><\/p>\n","protected":false},"excerpt":{"rendered":"<p>Detergente l\u00edquido Descri\u00e7\u00e3o do nosso detergente l\u00edquido manual de 5 litros<\/p>\n","protected":false},"featured_media":235523,"template":"","meta":{"_acf_changed":false},"product_brand":[],"product_cat":[1222,1223,1224,1225],"product_tag":[],"class_list":{"0":"post-17070","1":"product","2":"type-product","3":"status-publish","4":"has-post-thumbnail","6":"product_cat-higiene-e-manutencao","7":"product_cat-produtos-de-limpeza","8":"product_cat-cuidados-com-a-loica","9":"product_cat-engrenagem-manual","10":"product_shipping_class-nao-e-permitido-em-reles","12":"first","13":"instock","14":"taxable","15":"shipping-taxable","16":"purchasable","17":"product-type-simple"},"acf":[],"yoast_head":"<!-- This site is optimized with the Yoast SEO Premium plugin v26.6 (Yoast SEO v26.6) - https:\/\/yoast.com\/wordpress\/plugins\/seo\/ -->\n<title>Detergente l\u00edquido manual 5 litros<\/title>\n<meta name=\"description\" content=\"Detergente l\u00edquido manual de 5L para lou\u00e7a, panelas e utens\u00edlios. Potente contra a gordura, suave para a pele, ideal para cozinhas profissionais e utiliza\u00e7\u00e3o intensiva.\" \/>\n<meta name=\"robots\" content=\"index, follow, max-snippet:-1, max-image-preview:large, max-video-preview:-1\" \/>\n<link rel=\"canonical\" href=\"https:\/\/www.csj-emballages.com\/pt-pt\/produit\/detergente-manual-potente-para-a-lavagem-de-louca-5-litros\/\" \/>\n<meta property=\"og:locale\" content=\"pt_PT\" \/>\n<meta property=\"og:type\" content=\"article\" \/>\n<meta property=\"og:title\" content=\"Potente alimentador manual de l\u00edquidos de 5 litros\" \/>\n<meta property=\"og:description\" content=\"Detergente l\u00edquido manual de 5L para lou\u00e7a, panelas e utens\u00edlios. Potente contra a gordura, suave para a pele, ideal para cozinhas profissionais e utiliza\u00e7\u00e3o intensiva.\" \/>\n<meta property=\"og:url\" content=\"https:\/\/www.csj-emballages.com\/pt-pt\/produit\/detergente-manual-potente-para-a-lavagem-de-louca-5-litros\/\" \/>\n<meta property=\"og:site_name\" content=\"CSJ Emballages\" \/>\n<meta property=\"article:publisher\" content=\"https:\/\/www.facebook.com\/csjemballages\" \/>\n<meta property=\"article:modified_time\" content=\"2026-05-01T00:10:14+00:00\" \/>\n<meta property=\"og:image\" content=\"https:\/\/www.csj-emballages.com\/wp-content\/uploads\/2024\/03\/00595.webp\" \/>\n\t<meta property=\"og:image:width\" content=\"800\" \/>\n\t<meta property=\"og:image:height\" content=\"800\" \/>\n\t<meta property=\"og:image:type\" content=\"image\/webp\" \/>\n<meta name=\"twitter:card\" content=\"summary_large_image\" \/>\n<meta name=\"twitter:label1\" content=\"Tempo estimado de leitura\" \/>\n\t<meta name=\"twitter:data1\" content=\"2 minutos\" \/>\n<script type=\"application\/ld+json\" class=\"yoast-schema-graph\">{\"@context\":\"https:\/\/schema.org\",\"@graph\":[{\"@type\":\"WebPage\",\"@id\":\"https:\/\/www.csj-emballages.com\/pt-pt\/produit\/detergente-manual-potente-para-a-lavagem-de-louca-5-litros\/\",\"url\":\"https:\/\/www.csj-emballages.com\/pt-pt\/produit\/detergente-manual-potente-para-a-lavagem-de-louca-5-litros\/\",\"name\":\"Detergente l\u00edquido manual 5 litros\",\"isPartOf\":{\"@id\":\"https:\/\/www.csj-emballages.com\/pt-pt\/#website\"},\"primaryImageOfPage\":{\"@id\":\"https:\/\/www.csj-emballages.com\/pt-pt\/produit\/detergente-manual-potente-para-a-lavagem-de-louca-5-litros\/#primaryimage\"},\"image\":{\"@id\":\"https:\/\/www.csj-emballages.com\/pt-pt\/produit\/detergente-manual-potente-para-a-lavagem-de-louca-5-litros\/#primaryimage\"},\"thumbnailUrl\":\"https:\/\/www.csj-emballages.com\/wp-content\/uploads\/2024\/03\/00595.webp\",\"datePublished\":\"2024-03-01T16:00:20+00:00\",\"dateModified\":\"2026-05-01T00:10:14+00:00\",\"description\":\"Detergente l\u00edquido manual de 5L para lou\u00e7a, panelas e utens\u00edlios. Potente contra a gordura, suave para a pele, ideal para cozinhas profissionais e utiliza\u00e7\u00e3o intensiva.\",\"breadcrumb\":{\"@id\":\"https:\/\/www.csj-emballages.com\/pt-pt\/produit\/detergente-manual-potente-para-a-lavagem-de-louca-5-litros\/#breadcrumb\"},\"inLanguage\":\"pt-PT\",\"potentialAction\":[{\"@type\":\"ReadAction\",\"target\":[\"https:\/\/www.csj-emballages.com\/pt-pt\/produit\/detergente-manual-potente-para-a-lavagem-de-louca-5-litros\/\"]}]},{\"@type\":\"ImageObject\",\"inLanguage\":\"pt-PT\",\"@id\":\"https:\/\/www.csj-emballages.com\/pt-pt\/produit\/detergente-manual-potente-para-a-lavagem-de-louca-5-litros\/#primaryimage\",\"url\":\"https:\/\/www.csj-emballages.com\/wp-content\/uploads\/2024\/03\/00595.webp\",\"contentUrl\":\"https:\/\/www.csj-emballages.com\/wp-content\/uploads\/2024\/03\/00595.webp\",\"width\":800,\"height\":800,\"caption\":\"D\u00e9tergent liquide\"},{\"@type\":\"BreadcrumbList\",\"@id\":\"https:\/\/www.csj-emballages.com\/pt-pt\/produit\/detergente-manual-potente-para-a-lavagem-de-louca-5-litros\/#breadcrumb\",\"itemListElement\":[{\"@type\":\"ListItem\",\"position\":1,\"name\":\"Acolhimento\",\"item\":\"https:\/\/www.csj-emballages.com\/pt-pt\/universo-das-embalagens-alimentares\/\"},{\"@type\":\"ListItem\",\"position\":2,\"name\":\"Shop\",\"item\":\"https:\/\/www.csj-emballages.com\/shop\/\"},{\"@type\":\"ListItem\",\"position\":3,\"name\":\"Potente alimentador manual de l\u00edquidos de 5 litros\"}]},{\"@type\":\"WebSite\",\"@id\":\"https:\/\/www.csj-emballages.com\/pt-pt\/#website\",\"url\":\"https:\/\/www.csj-emballages.com\/pt-pt\/\",\"name\":\"CSJ Emballages\",\"description\":\"\",\"publisher\":{\"@id\":\"https:\/\/www.csj-emballages.com\/pt-pt\/#organization\"},\"potentialAction\":[{\"@type\":\"SearchAction\",\"target\":{\"@type\":\"EntryPoint\",\"urlTemplate\":\"https:\/\/www.csj-emballages.com\/pt-pt\/?s={search_term_string}\"},\"query-input\":{\"@type\":\"PropertyValueSpecification\",\"valueRequired\":true,\"valueName\":\"search_term_string\"}}],\"inLanguage\":\"pt-PT\"},{\"@type\":\"Organization\",\"@id\":\"https:\/\/www.csj-emballages.com\/pt-pt\/#Organization\/\",\"name\":\"CSJ Emballages\",\"url\":\"https:\/\/www.csj-emballages.com\/pt-pt\/\",\"logo\":{\"@type\":\"ImageObject\",\"inLanguage\":\"pt-PT\",\"@id\":\"https:\/\/www.csj-emballages.com\/pt-pt\/#\/schema\/logo\/image\/\",\"url\":\"https:\/\/www.csj-emballages.com\/wp-content\/uploads\/2023\/10\/logo_csj.webp\",\"contentUrl\":\"https:\/\/www.csj-emballages.com\/wp-content\/uploads\/2023\/10\/logo_csj.webp\",\"width\":250,\"height\":95,\"caption\":\"CSJ Emballages\"},\"image\":{\"@id\":\"https:\/\/www.csj-emballages.com\/pt-pt\/#\/schema\/logo\/image\/\"},\"sameAs\":[\"https:\/\/www.facebook.com\/csjemballages\"],\"address\":{\"@type\":\"PostalAddress\",\"streetAddress\":\"ZI La Lechere\",\"addressLocality\":\"Patornay\",\"postalCode\":\"39130\",\"addressCountry\":\"FR\"},\"contactPoint\":[{\"@type\":\"ContactPoint\",\"contactType\":\"Service client\",\"telephone\":\"0384254272\",\"email\":\"contact@csj-emballages.com\"}]}]}<\/script>\n<!-- \/ Yoast SEO Premium plugin. -->","yoast_head_json":{"title":"Detergente l\u00edquido manual 5 litros","description":"Detergente l\u00edquido manual de 5L para lou\u00e7a, panelas e utens\u00edlios. Potente contra a gordura, suave para a pele, ideal para cozinhas profissionais e utiliza\u00e7\u00e3o intensiva.","robots":{"index":"index","follow":"follow","max-snippet":"max-snippet:-1","max-image-preview":"max-image-preview:large","max-video-preview":"max-video-preview:-1"},"canonical":"https:\/\/www.csj-emballages.com\/pt-pt\/produit\/detergente-manual-potente-para-a-lavagem-de-louca-5-litros\/","og_locale":"pt_PT","og_type":"article","og_title":"Potente alimentador manual de l\u00edquidos de 5 litros","og_description":"Detergente l\u00edquido manual de 5L para lou\u00e7a, panelas e utens\u00edlios. Potente contra a gordura, suave para a pele, ideal para cozinhas profissionais e utiliza\u00e7\u00e3o intensiva.","og_url":"https:\/\/www.csj-emballages.com\/pt-pt\/produit\/detergente-manual-potente-para-a-lavagem-de-louca-5-litros\/","og_site_name":"CSJ Emballages","article_publisher":"https:\/\/www.facebook.com\/csjemballages","article_modified_time":"2026-05-01T00:10:14+00:00","og_image":[{"width":800,"height":800,"url":"https:\/\/www.csj-emballages.com\/wp-content\/uploads\/2024\/03\/00595.webp","type":"image\/webp"}],"twitter_card":"summary_large_image","twitter_misc":{"Tempo estimado de leitura":"2 minutos"},"schema":{"@context":"https:\/\/schema.org","@graph":[{"@type":"WebPage","@id":"https:\/\/www.csj-emballages.com\/pt-pt\/produit\/detergente-manual-potente-para-a-lavagem-de-louca-5-litros\/","url":"https:\/\/www.csj-emballages.com\/pt-pt\/produit\/detergente-manual-potente-para-a-lavagem-de-louca-5-litros\/","name":"Detergente l\u00edquido manual 5 litros","isPartOf":{"@id":"https:\/\/www.csj-emballages.com\/pt-pt\/#website"},"primaryImageOfPage":{"@id":"https:\/\/www.csj-emballages.com\/pt-pt\/produit\/detergente-manual-potente-para-a-lavagem-de-louca-5-litros\/#primaryimage"},"image":{"@id":"https:\/\/www.csj-emballages.com\/pt-pt\/produit\/detergente-manual-potente-para-a-lavagem-de-louca-5-litros\/#primaryimage"},"thumbnailUrl":"https:\/\/www.csj-emballages.com\/wp-content\/uploads\/2024\/03\/00595.webp","datePublished":"2024-03-01T16:00:20+00:00","dateModified":"2026-05-01T00:10:14+00:00","description":"Detergente l\u00edquido manual de 5L para lou\u00e7a, panelas e utens\u00edlios. Potente contra a gordura, suave para a pele, ideal para cozinhas profissionais e utiliza\u00e7\u00e3o intensiva.","breadcrumb":{"@id":"https:\/\/www.csj-emballages.com\/pt-pt\/produit\/detergente-manual-potente-para-a-lavagem-de-louca-5-litros\/#breadcrumb"},"inLanguage":"pt-PT","potentialAction":[{"@type":"ReadAction","target":["https:\/\/www.csj-emballages.com\/pt-pt\/produit\/detergente-manual-potente-para-a-lavagem-de-louca-5-litros\/"]}]},{"@type":"ImageObject","inLanguage":"pt-PT","@id":"https:\/\/www.csj-emballages.com\/pt-pt\/produit\/detergente-manual-potente-para-a-lavagem-de-louca-5-litros\/#primaryimage","url":"https:\/\/www.csj-emballages.com\/wp-content\/uploads\/2024\/03\/00595.webp","contentUrl":"https:\/\/www.csj-emballages.com\/wp-content\/uploads\/2024\/03\/00595.webp","width":800,"height":800,"caption":"D\u00e9tergent liquide"},{"@type":"BreadcrumbList","@id":"https:\/\/www.csj-emballages.com\/pt-pt\/produit\/detergente-manual-potente-para-a-lavagem-de-louca-5-litros\/#breadcrumb","itemListElement":[{"@type":"ListItem","position":1,"name":"Acolhimento","item":"https:\/\/www.csj-emballages.com\/pt-pt\/universo-das-embalagens-alimentares\/"},{"@type":"ListItem","position":2,"name":"Shop","item":"https:\/\/www.csj-emballages.com\/shop\/"},{"@type":"ListItem","position":3,"name":"Potente alimentador manual de l\u00edquidos de 5 litros"}]},{"@type":"WebSite","@id":"https:\/\/www.csj-emballages.com\/pt-pt\/#website","url":"https:\/\/www.csj-emballages.com\/pt-pt\/","name":"CSJ Emballages","description":"","publisher":{"@id":"https:\/\/www.csj-emballages.com\/pt-pt\/#organization"},"potentialAction":[{"@type":"SearchAction","target":{"@type":"EntryPoint","urlTemplate":"https:\/\/www.csj-emballages.com\/pt-pt\/?s={search_term_string}"},"query-input":{"@type":"PropertyValueSpecification","valueRequired":true,"valueName":"search_term_string"}}],"inLanguage":"pt-PT"},{"@type":"Organization","@id":"https:\/\/www.csj-emballages.com\/pt-pt\/#Organization\/","name":"CSJ Emballages","url":"https:\/\/www.csj-emballages.com\/pt-pt\/","logo":{"@type":"ImageObject","inLanguage":"pt-PT","@id":"https:\/\/www.csj-emballages.com\/pt-pt\/#\/schema\/logo\/image\/","url":"https:\/\/www.csj-emballages.com\/wp-content\/uploads\/2023\/10\/logo_csj.webp","contentUrl":"https:\/\/www.csj-emballages.com\/wp-content\/uploads\/2023\/10\/logo_csj.webp","width":250,"height":95,"caption":"CSJ Emballages"},"image":{"@id":"https:\/\/www.csj-emballages.com\/pt-pt\/#\/schema\/logo\/image\/"},"sameAs":["https:\/\/www.facebook.com\/csjemballages"],"address":{"@type":"PostalAddress","streetAddress":"ZI La Lechere","addressLocality":"Patornay","postalCode":"39130","addressCountry":"FR"},"contactPoint":[{"@type":"ContactPoint","contactType":"Service client","telephone":"0384254272","email":"contact@csj-emballages.com"}]}]}},"df_price":10.79,"df_sale_price":"","df_regular_price":10.79,"df_image_link":"https:\/\/www.csj-emballages.com\/wp-content\/uploads\/2024\/03\/00595-300x300.webp","tiered_pricing_type":"fixed","tiered_pricing_fixed_rules":[],"tiered_pricing_percentage_rules":[],"tiered_pricing_minimum":1,"tiered_pricing_roles_data":[],"_links":{"self":[{"href":"https:\/\/www.csj-emballages.com\/pt-pt\/wp-json\/wp\/v2\/product\/17070","targetHints":{"allow":["GET"]}}],"collection":[{"href":"https:\/\/www.csj-emballages.com\/pt-pt\/wp-json\/wp\/v2\/product"}],"about":[{"href":"https:\/\/www.csj-emballages.com\/pt-pt\/wp-json\/wp\/v2\/types\/product"}],"wp:featuredmedia":[{"embeddable":true,"href":"https:\/\/www.csj-emballages.com\/pt-pt\/wp-json\/wp\/v2\/media\/235523"}],"wp:attachment":[{"href":"https:\/\/www.csj-emballages.com\/pt-pt\/wp-json\/wp\/v2\/media?parent=17070"}],"wp:term":[{"taxonomy":"product_brand","embeddable":true,"href":"https:\/\/www.csj-emballages.com\/pt-pt\/wp-json\/wp\/v2\/product_brand?post=17070"},{"taxonomy":"product_cat","embeddable":true,"href":"https:\/\/www.csj-emballages.com\/pt-pt\/wp-json\/wp\/v2\/product_cat?post=17070"},{"taxonomy":"product_tag","embeddable":true,"href":"https:\/\/www.csj-emballages.com\/pt-pt\/wp-json\/wp\/v2\/product_tag?post=17070"}],"curies":[{"name":"wp","href":"https:\/\/api.w.org\/{rel}","templated":true}]}}