{"id":17055,"date":"2024-03-20T12:07:41","date_gmt":"2024-03-20T11:07:41","guid":{"rendered":"https:\/\/u15jnbdpoq.preview.infomaniak.website\/produit\/50-caixas-de-cartao-coloridas-para-pastelaria-23-x-5-cm-a-croquer\/"},"modified":"2026-05-09T02:10:57","modified_gmt":"2026-05-09T00:10:57","slug":"50-caixas-de-cartao-coloridas-para-pastelaria-23-x-5-cm-a-croquer","status":"publish","type":"product","link":"https:\/\/www.csj-emballages.com\/pt-pt\/produit\/50-caixas-de-cartao-coloridas-para-pastelaria-23-x-5-cm-a-croquer\/","title":{"rendered":"50 caixas de cart\u00e3o coloridas para pastelaria 23 x 5 cm A Croquer"},"content":{"rendered":"<h2>Caixas de pastelaria coloridas &#8220;\u00c0 Croquer&#8221; 23 x 5 cm &#8211; embalagem de 50<\/h2>\n<div style=\"font-family: Roboto, sans-serif;\">\n<div style=\"font-family: Roboto, sans-serif;\">\n<div style=\"font-family: Roboto, sans-serif;\">\n<div style=\"font-family: Roboto, sans-serif;\">\n<div style=\"font-family: Roboto, sans-serif;\">\n<div style=\"font-family: Roboto, sans-serif;\">\n<hr>\n<h3>Descri\u00e7\u00e3o do produto<\/h3>\n<p><!--more--><\/p>\n<p>Descobre a nossa cole\u00e7\u00e3o de caixas de pastelaria coloridas, modelo &#8220;\u00c0 Croquer&#8221;, tamanho 23 x 5 cm. Concebidas para real\u00e7ar o melhor das tuas cria\u00e7\u00f5es de pastelaria, estas caixas oferecem uma apresenta\u00e7\u00e3o modesta e pr\u00e1tica. O seu design colorido d\u00e1 um toque festivo a qualquer evento. Fabricados com materiais de qualidade, garantem a prote\u00e7\u00e3o dos teus deliciosos bolos. Al\u00e9m disso, t\u00eam o tamanho perfeito para transportares os teus doces com toda a seguran\u00e7a. Gra\u00e7as a estas caixas, os teus bolos mant\u00eam-se frescos durante mais tempo e est\u00e3o protegidos dos choques. Com a capacidade certa, s\u00e3o perfeitos para por\u00e7\u00f5es individuais ou pequenas. S\u00e3o f\u00e1ceis de montar, sem necessidade de adesivos, gra\u00e7as ao seu engenhoso sistema de dobragem. Isto poupa-te tempo na prepara\u00e7\u00e3o das tuas encomendas.        <\/p>\n<p>Utiliza-os em ocasi\u00f5es especiais, como anivers\u00e1rios, casamentos ou festas. Estas latas s\u00e3o tamb\u00e9m perfeitas para pasteleiros profissionais que querem oferecer aos seus clientes uma apresenta\u00e7\u00e3o elegante. <\/p>\n<p>N\u00e3o hesites e escolhe a mod\u00e9stia com as nossas caixas de pastelaria coloridas &#8220;\u00c0 Croquer&#8221;.<\/p>\n<p><strong>As suas vantagens:<\/strong><\/p>\n<ul>\n<li><strong>Pr\u00e1tico<\/strong>: R\u00e1pido e f\u00e1cil de montar, poupando-te muito tempo na cozinha<\/li>\n<li><strong>Est\u00e9tica<\/strong>: combina est\u00e9tica, praticidade e prote\u00e7\u00e3o, transformando cada cria\u00e7\u00e3o de pastelaria numa obra-prima.<\/li>\n<li><strong>Utiliza\u00e7\u00e3o vers\u00e1til<\/strong>: adequado para uma grande variedade de produtos de pastelaria: bolos, biscoitos, tartes, etc.<\/li>\n<\/ul>\n<\/div>\n<\/div>\n<\/div>\n<\/div>\n<\/div>\n<\/div>\n<p><!--more--><\/p>\n<p>Dispon\u00edvel em v\u00e1rios tamanhos: <span style=\"color: #d12727;\"><br \/>\n  <a style=\"color: #d12727;\" href=\"https:\/\/www.csj-emballages.com\/produit\/50-boites-patissieres-carton-colorees-18-x-8-cm-a-croquer\/\"><br \/>\n    <span style=\"color: #d12727;\">18 x 8 cm<\/span><br \/>\n  <\/a><br \/>\n<\/span> \/ <span style=\"color: #d12727;\"><br \/>\n  <a style=\"color: #d12727;\" href=\"https:\/\/www.csj-emballages.com\/produit\/50-boites-patissieres-carton-colorees-20-x-8-cm-a-croquer\/\">20 x 8 cm<\/a><br \/>\n<\/span><\/p>\n<p>&nbsp;<\/p>\n<p><!--more--><\/p>\n<p><a href=\"\/?product_cat=boites-patissieres-colorees-a-croquer\">Encontra o resto da nossa gama de caixas de pastelaria &#8220;\u00c0 Croquer&#8221; aqui<\/a><\/p>\n<p>&nbsp;<\/p>\n<p><!--more--><\/p>\n<p><a href=\"https:\/\/www.csj-emballages.com\/pt-pt\/categorie-produit\/embalagem-de-alimentos\/padaria-e-pastelaria\/caixas-pt-pt-3\/caixas-para-pastelaria-com-pegas\/caixas-de-pastelaria-coloridas\/\">Clica aqui para ver as nossas caixas para pastelaria &#8220;\u00c0 Croquer<\/a><\/p>\n","protected":false},"excerpt":{"rendered":"<p>Caixas de pastelaria coloridas &#8220;\u00c0 Croquer&#8221; 23 x 5 cm &#8211; embalagem de 50 Descri\u00e7\u00e3o do produto<\/p>\n","protected":false},"featured_media":14508,"template":"","meta":{"_acf_changed":false},"product_brand":[],"product_cat":[1141,1177,3916,1258,1264,9270,1267],"product_tag":[],"class_list":{"0":"post-17055","1":"product","2":"type-product","3":"status-publish","4":"has-post-thumbnail","6":"product_cat-embalagem-de-alimentos","7":"product_cat-padaria-e-pastelaria","8":"product_cat-caixas-e-estojos","9":"product_cat-caixas-de-pastelaria","10":"product_cat-caixas-de-pastelaria-coloridas-pt-pt","11":"product_cat-caixas-de-pastelaria-coloridas-licao","12":"product_cat-descontos-promocoes","14":"first","15":"instock","16":"sale","17":"taxable","18":"shipping-taxable","19":"purchasable","20":"product-type-simple"},"acf":[],"yoast_head":"<!-- This site is optimized with the Yoast SEO Premium plugin v26.6 (Yoast SEO v26.6) - https:\/\/yoast.com\/wordpress\/plugins\/seo\/ -->\n<title>Caixas de pastelaria coloridas A Croquer 23 x 5 cm \/ CSJ Emballages<\/title>\n<meta name=\"description\" content=\"Caixas de pastelaria coloridas \u00c0 Croquer em cart\u00e3o, 23 x 5 cm. Ideal para embalar e transportar as tuas belas cria\u00e7\u00f5es de pastelaria!\" \/>\n<meta name=\"robots\" content=\"index, follow, max-snippet:-1, max-image-preview:large, max-video-preview:-1\" \/>\n<link rel=\"canonical\" href=\"https:\/\/www.csj-emballages.com\/pt-pt\/produit\/50-caixas-de-cartao-coloridas-para-pastelaria-23-x-5-cm-a-croquer\/\" \/>\n<meta property=\"og:locale\" content=\"pt_PT\" \/>\n<meta property=\"og:type\" content=\"article\" \/>\n<meta property=\"og:title\" content=\"50 caixas de cart\u00e3o coloridas para pastelaria 23 x 5 cm A Croquer\" \/>\n<meta property=\"og:description\" content=\"Caixas de pastelaria coloridas \u00c0 Croquer em cart\u00e3o, 23 x 5 cm. Ideal para embalar e transportar as tuas belas cria\u00e7\u00f5es de pastelaria!\" \/>\n<meta property=\"og:url\" content=\"https:\/\/www.csj-emballages.com\/pt-pt\/produit\/50-caixas-de-cartao-coloridas-para-pastelaria-23-x-5-cm-a-croquer\/\" \/>\n<meta property=\"og:site_name\" content=\"CSJ Emballages\" \/>\n<meta property=\"article:publisher\" content=\"https:\/\/www.facebook.com\/csjemballages\" \/>\n<meta property=\"article:modified_time\" content=\"2026-05-09T00:10:57+00:00\" \/>\n<meta property=\"og:image\" content=\"https:\/\/www.csj-emballages.com\/wp-content\/uploads\/2024\/03\/Capture_d_ecran_2024-04-03_a_11.01.45-removebg-preview-e1712134959899.png\" \/>\n\t<meta property=\"og:image:width\" content=\"300\" \/>\n\t<meta property=\"og:image:height\" content=\"300\" \/>\n\t<meta property=\"og:image:type\" content=\"image\/png\" \/>\n<meta name=\"twitter:card\" content=\"summary_large_image\" \/>\n<meta name=\"twitter:label1\" content=\"Tempo estimado de leitura\" \/>\n\t<meta name=\"twitter:data1\" content=\"1 minuto\" \/>\n<script type=\"application\/ld+json\" class=\"yoast-schema-graph\">{\"@context\":\"https:\/\/schema.org\",\"@graph\":[{\"@type\":\"WebPage\",\"@id\":\"https:\/\/www.csj-emballages.com\/pt-pt\/produit\/50-caixas-de-cartao-coloridas-para-pastelaria-23-x-5-cm-a-croquer\/\",\"url\":\"https:\/\/www.csj-emballages.com\/pt-pt\/produit\/50-caixas-de-cartao-coloridas-para-pastelaria-23-x-5-cm-a-croquer\/\",\"name\":\"Caixas de pastelaria coloridas A Croquer 23 x 5 cm \/ CSJ Emballages\",\"isPartOf\":{\"@id\":\"https:\/\/www.csj-emballages.com\/pt-pt\/#website\"},\"primaryImageOfPage\":{\"@id\":\"https:\/\/www.csj-emballages.com\/pt-pt\/produit\/50-caixas-de-cartao-coloridas-para-pastelaria-23-x-5-cm-a-croquer\/#primaryimage\"},\"image\":{\"@id\":\"https:\/\/www.csj-emballages.com\/pt-pt\/produit\/50-caixas-de-cartao-coloridas-para-pastelaria-23-x-5-cm-a-croquer\/#primaryimage\"},\"thumbnailUrl\":\"https:\/\/www.csj-emballages.com\/wp-content\/uploads\/2024\/03\/Capture_d_ecran_2024-04-03_a_11.01.45-removebg-preview-e1712134959899.png\",\"datePublished\":\"2024-03-20T11:07:41+00:00\",\"dateModified\":\"2026-05-09T00:10:57+00:00\",\"description\":\"Caixas de pastelaria coloridas \u00c0 Croquer em cart\u00e3o, 23 x 5 cm. Ideal para embalar e transportar as tuas belas cria\u00e7\u00f5es de pastelaria!\",\"breadcrumb\":{\"@id\":\"https:\/\/www.csj-emballages.com\/pt-pt\/produit\/50-caixas-de-cartao-coloridas-para-pastelaria-23-x-5-cm-a-croquer\/#breadcrumb\"},\"inLanguage\":\"pt-PT\",\"potentialAction\":[{\"@type\":\"ReadAction\",\"target\":[\"https:\/\/www.csj-emballages.com\/pt-pt\/produit\/50-caixas-de-cartao-coloridas-para-pastelaria-23-x-5-cm-a-croquer\/\"]}]},{\"@type\":\"ImageObject\",\"inLanguage\":\"pt-PT\",\"@id\":\"https:\/\/www.csj-emballages.com\/pt-pt\/produit\/50-caixas-de-cartao-coloridas-para-pastelaria-23-x-5-cm-a-croquer\/#primaryimage\",\"url\":\"https:\/\/www.csj-emballages.com\/wp-content\/uploads\/2024\/03\/Capture_d_ecran_2024-04-03_a_11.01.45-removebg-preview-e1712134959899.png\",\"contentUrl\":\"https:\/\/www.csj-emballages.com\/wp-content\/uploads\/2024\/03\/Capture_d_ecran_2024-04-03_a_11.01.45-removebg-preview-e1712134959899.png\",\"width\":300,\"height\":300,\"caption\":\"Boites p\u00e2tissi\u00e8res color\u00e9es A Croquer\"},{\"@type\":\"BreadcrumbList\",\"@id\":\"https:\/\/www.csj-emballages.com\/pt-pt\/produit\/50-caixas-de-cartao-coloridas-para-pastelaria-23-x-5-cm-a-croquer\/#breadcrumb\",\"itemListElement\":[{\"@type\":\"ListItem\",\"position\":1,\"name\":\"Acolhimento\",\"item\":\"https:\/\/www.csj-emballages.com\/pt-pt\/universo-das-embalagens-alimentares\/\"},{\"@type\":\"ListItem\",\"position\":2,\"name\":\"Shop\",\"item\":\"https:\/\/www.csj-emballages.com\/shop\/\"},{\"@type\":\"ListItem\",\"position\":3,\"name\":\"50 caixas de cart\u00e3o coloridas para pastelaria 23 x 5 cm A Croquer\"}]},{\"@type\":\"WebSite\",\"@id\":\"https:\/\/www.csj-emballages.com\/pt-pt\/#website\",\"url\":\"https:\/\/www.csj-emballages.com\/pt-pt\/\",\"name\":\"CSJ Emballages\",\"description\":\"\",\"publisher\":{\"@id\":\"https:\/\/www.csj-emballages.com\/pt-pt\/#organization\"},\"potentialAction\":[{\"@type\":\"SearchAction\",\"target\":{\"@type\":\"EntryPoint\",\"urlTemplate\":\"https:\/\/www.csj-emballages.com\/pt-pt\/?s={search_term_string}\"},\"query-input\":{\"@type\":\"PropertyValueSpecification\",\"valueRequired\":true,\"valueName\":\"search_term_string\"}}],\"inLanguage\":\"pt-PT\"},{\"@type\":\"Organization\",\"@id\":\"https:\/\/www.csj-emballages.com\/pt-pt\/#Organization\/\",\"name\":\"CSJ Emballages\",\"url\":\"https:\/\/www.csj-emballages.com\/pt-pt\/\",\"logo\":{\"@type\":\"ImageObject\",\"inLanguage\":\"pt-PT\",\"@id\":\"https:\/\/www.csj-emballages.com\/pt-pt\/#\/schema\/logo\/image\/\",\"url\":\"https:\/\/www.csj-emballages.com\/wp-content\/uploads\/2023\/10\/logo_csj.webp\",\"contentUrl\":\"https:\/\/www.csj-emballages.com\/wp-content\/uploads\/2023\/10\/logo_csj.webp\",\"width\":250,\"height\":95,\"caption\":\"CSJ Emballages\"},\"image\":{\"@id\":\"https:\/\/www.csj-emballages.com\/pt-pt\/#\/schema\/logo\/image\/\"},\"sameAs\":[\"https:\/\/www.facebook.com\/csjemballages\"],\"address\":{\"@type\":\"PostalAddress\",\"streetAddress\":\"ZI La Lechere\",\"addressLocality\":\"Patornay\",\"postalCode\":\"39130\",\"addressCountry\":\"FR\"},\"contactPoint\":[{\"@type\":\"ContactPoint\",\"contactType\":\"Service client\",\"telephone\":\"0384254272\",\"email\":\"contact@csj-emballages.com\"}]}]}<\/script>\n<!-- \/ Yoast SEO Premium plugin. -->","yoast_head_json":{"title":"Caixas de pastelaria coloridas A Croquer 23 x 5 cm \/ CSJ Emballages","description":"Caixas de pastelaria coloridas \u00c0 Croquer em cart\u00e3o, 23 x 5 cm. Ideal para embalar e transportar as tuas belas cria\u00e7\u00f5es de pastelaria!","robots":{"index":"index","follow":"follow","max-snippet":"max-snippet:-1","max-image-preview":"max-image-preview:large","max-video-preview":"max-video-preview:-1"},"canonical":"https:\/\/www.csj-emballages.com\/pt-pt\/produit\/50-caixas-de-cartao-coloridas-para-pastelaria-23-x-5-cm-a-croquer\/","og_locale":"pt_PT","og_type":"article","og_title":"50 caixas de cart\u00e3o coloridas para pastelaria 23 x 5 cm A Croquer","og_description":"Caixas de pastelaria coloridas \u00c0 Croquer em cart\u00e3o, 23 x 5 cm. Ideal para embalar e transportar as tuas belas cria\u00e7\u00f5es de pastelaria!","og_url":"https:\/\/www.csj-emballages.com\/pt-pt\/produit\/50-caixas-de-cartao-coloridas-para-pastelaria-23-x-5-cm-a-croquer\/","og_site_name":"CSJ Emballages","article_publisher":"https:\/\/www.facebook.com\/csjemballages","article_modified_time":"2026-05-09T00:10:57+00:00","og_image":[{"width":300,"height":300,"url":"https:\/\/www.csj-emballages.com\/wp-content\/uploads\/2024\/03\/Capture_d_ecran_2024-04-03_a_11.01.45-removebg-preview-e1712134959899.png","type":"image\/png"}],"twitter_card":"summary_large_image","twitter_misc":{"Tempo estimado de leitura":"1 minuto"},"schema":{"@context":"https:\/\/schema.org","@graph":[{"@type":"WebPage","@id":"https:\/\/www.csj-emballages.com\/pt-pt\/produit\/50-caixas-de-cartao-coloridas-para-pastelaria-23-x-5-cm-a-croquer\/","url":"https:\/\/www.csj-emballages.com\/pt-pt\/produit\/50-caixas-de-cartao-coloridas-para-pastelaria-23-x-5-cm-a-croquer\/","name":"Caixas de pastelaria coloridas A Croquer 23 x 5 cm \/ CSJ Emballages","isPartOf":{"@id":"https:\/\/www.csj-emballages.com\/pt-pt\/#website"},"primaryImageOfPage":{"@id":"https:\/\/www.csj-emballages.com\/pt-pt\/produit\/50-caixas-de-cartao-coloridas-para-pastelaria-23-x-5-cm-a-croquer\/#primaryimage"},"image":{"@id":"https:\/\/www.csj-emballages.com\/pt-pt\/produit\/50-caixas-de-cartao-coloridas-para-pastelaria-23-x-5-cm-a-croquer\/#primaryimage"},"thumbnailUrl":"https:\/\/www.csj-emballages.com\/wp-content\/uploads\/2024\/03\/Capture_d_ecran_2024-04-03_a_11.01.45-removebg-preview-e1712134959899.png","datePublished":"2024-03-20T11:07:41+00:00","dateModified":"2026-05-09T00:10:57+00:00","description":"Caixas de pastelaria coloridas \u00c0 Croquer em cart\u00e3o, 23 x 5 cm. Ideal para embalar e transportar as tuas belas cria\u00e7\u00f5es de pastelaria!","breadcrumb":{"@id":"https:\/\/www.csj-emballages.com\/pt-pt\/produit\/50-caixas-de-cartao-coloridas-para-pastelaria-23-x-5-cm-a-croquer\/#breadcrumb"},"inLanguage":"pt-PT","potentialAction":[{"@type":"ReadAction","target":["https:\/\/www.csj-emballages.com\/pt-pt\/produit\/50-caixas-de-cartao-coloridas-para-pastelaria-23-x-5-cm-a-croquer\/"]}]},{"@type":"ImageObject","inLanguage":"pt-PT","@id":"https:\/\/www.csj-emballages.com\/pt-pt\/produit\/50-caixas-de-cartao-coloridas-para-pastelaria-23-x-5-cm-a-croquer\/#primaryimage","url":"https:\/\/www.csj-emballages.com\/wp-content\/uploads\/2024\/03\/Capture_d_ecran_2024-04-03_a_11.01.45-removebg-preview-e1712134959899.png","contentUrl":"https:\/\/www.csj-emballages.com\/wp-content\/uploads\/2024\/03\/Capture_d_ecran_2024-04-03_a_11.01.45-removebg-preview-e1712134959899.png","width":300,"height":300,"caption":"Boites p\u00e2tissi\u00e8res color\u00e9es A Croquer"},{"@type":"BreadcrumbList","@id":"https:\/\/www.csj-emballages.com\/pt-pt\/produit\/50-caixas-de-cartao-coloridas-para-pastelaria-23-x-5-cm-a-croquer\/#breadcrumb","itemListElement":[{"@type":"ListItem","position":1,"name":"Acolhimento","item":"https:\/\/www.csj-emballages.com\/pt-pt\/universo-das-embalagens-alimentares\/"},{"@type":"ListItem","position":2,"name":"Shop","item":"https:\/\/www.csj-emballages.com\/shop\/"},{"@type":"ListItem","position":3,"name":"50 caixas de cart\u00e3o coloridas para pastelaria 23 x 5 cm A Croquer"}]},{"@type":"WebSite","@id":"https:\/\/www.csj-emballages.com\/pt-pt\/#website","url":"https:\/\/www.csj-emballages.com\/pt-pt\/","name":"CSJ Emballages","description":"","publisher":{"@id":"https:\/\/www.csj-emballages.com\/pt-pt\/#organization"},"potentialAction":[{"@type":"SearchAction","target":{"@type":"EntryPoint","urlTemplate":"https:\/\/www.csj-emballages.com\/pt-pt\/?s={search_term_string}"},"query-input":{"@type":"PropertyValueSpecification","valueRequired":true,"valueName":"search_term_string"}}],"inLanguage":"pt-PT"},{"@type":"Organization","@id":"https:\/\/www.csj-emballages.com\/pt-pt\/#Organization\/","name":"CSJ Emballages","url":"https:\/\/www.csj-emballages.com\/pt-pt\/","logo":{"@type":"ImageObject","inLanguage":"pt-PT","@id":"https:\/\/www.csj-emballages.com\/pt-pt\/#\/schema\/logo\/image\/","url":"https:\/\/www.csj-emballages.com\/wp-content\/uploads\/2023\/10\/logo_csj.webp","contentUrl":"https:\/\/www.csj-emballages.com\/wp-content\/uploads\/2023\/10\/logo_csj.webp","width":250,"height":95,"caption":"CSJ Emballages"},"image":{"@id":"https:\/\/www.csj-emballages.com\/pt-pt\/#\/schema\/logo\/image\/"},"sameAs":["https:\/\/www.facebook.com\/csjemballages"],"address":{"@type":"PostalAddress","streetAddress":"ZI La Lechere","addressLocality":"Patornay","postalCode":"39130","addressCountry":"FR"},"contactPoint":[{"@type":"ContactPoint","contactType":"Service client","telephone":"0384254272","email":"contact@csj-emballages.com"}]}]}},"df_price":10.12,"df_sale_price":10.12,"df_regular_price":16.85,"df_image_link":"https:\/\/www.csj-emballages.com\/wp-content\/uploads\/2024\/03\/Capture_d_ecran_2024-04-03_a_11.01.45-removebg-preview-300x300.png","tiered_pricing_type":"fixed","tiered_pricing_fixed_rules":[],"tiered_pricing_percentage_rules":[],"tiered_pricing_minimum":1,"tiered_pricing_roles_data":[],"_links":{"self":[{"href":"https:\/\/www.csj-emballages.com\/pt-pt\/wp-json\/wp\/v2\/product\/17055","targetHints":{"allow":["GET"]}}],"collection":[{"href":"https:\/\/www.csj-emballages.com\/pt-pt\/wp-json\/wp\/v2\/product"}],"about":[{"href":"https:\/\/www.csj-emballages.com\/pt-pt\/wp-json\/wp\/v2\/types\/product"}],"wp:featuredmedia":[{"embeddable":true,"href":"https:\/\/www.csj-emballages.com\/pt-pt\/wp-json\/wp\/v2\/media\/14508"}],"wp:attachment":[{"href":"https:\/\/www.csj-emballages.com\/pt-pt\/wp-json\/wp\/v2\/media?parent=17055"}],"wp:term":[{"taxonomy":"product_brand","embeddable":true,"href":"https:\/\/www.csj-emballages.com\/pt-pt\/wp-json\/wp\/v2\/product_brand?post=17055"},{"taxonomy":"product_cat","embeddable":true,"href":"https:\/\/www.csj-emballages.com\/pt-pt\/wp-json\/wp\/v2\/product_cat?post=17055"},{"taxonomy":"product_tag","embeddable":true,"href":"https:\/\/www.csj-emballages.com\/pt-pt\/wp-json\/wp\/v2\/product_tag?post=17055"}],"curies":[{"name":"wp","href":"https:\/\/api.w.org\/{rel}","templated":true}]}}